{"id":44836,"date":"2025-12-22T15:31:58","date_gmt":"2025-12-22T14:31:58","guid":{"rendered":"https:\/\/naturalpoland.com\/produkty\/Ei-luokiteltu\/pinaatinlehtiuute\/"},"modified":"2026-01-13T11:43:24","modified_gmt":"2026-01-13T10:43:24","slug":"pinaatinlehtiuute","status":"publish","type":"product","link":"https:\/\/naturalpoland.com\/fi\/tuotteet\/kasviuutteet\/pinaatinlehtiuute\/","title":{"rendered":"Pinaatinlehtiuute"},"content":{"rendered":"<p>Pinaatti kuuluu lehtivihanneksiin, jolla on hyvin dokumentoitu fytokemiallinen profiili, jota on laajalti kuvattu ravitsemus-, kosmetiikka- ja farmakognosialiteratuurissa. Lehtiuutteita k\u00e4ytet\u00e4\u00e4n ainesosina kasvipohjaisissa tuotteissa. <\/p>\n<h2>Pinaattiuutteen ominaisuudet<\/h2>\n<p><strong>Pinaatinlehdet<\/strong> ovat luonnollinen l\u00e4hde yhdisteille, kuten <strong>polyfenolit<\/strong>, <strong>flavonoidit<\/strong>, <strong>karotenoidit<\/strong> (mm. luteiini ja \u03b2-karoteeni), <strong>klorofyllit<\/strong> sek\u00e4 <strong>vitamiinit<\/strong> ja <strong>mineraalit<\/strong>, jotka ovat tyypillisi\u00e4 kasvien vihreille osille. Formulointik\u00e4yt\u00e4nn\u00f6ss\u00e4 pinaatinlehtiuutetta k\u00e4ytet\u00e4\u00e4n ainesosana, joka tukee reseptin antioksidanttiprofiilia ja ymp\u00e4rist\u00f6tekij\u00f6ilt\u00e4 suojaavia koostumuksia. <\/p>\n<p>Raaka-aine sopii \u201dbotanical\u201d, \u201dplant-based\u201d ja \u201dgreen\u201d -tyyppisten tuotteiden konseptiin, joissa kasviper\u00e4isyydell\u00e4 ja l\u00e4pin\u00e4kyv\u00e4ll\u00e4 raaka-ainekoostumuksella on merkitt\u00e4v\u00e4 rooli.<\/p>\n<h2>Pinaatinlehtiuutteen k\u00e4ytt\u00f6kohteet<\/h2>\n<p>Pinaatinlehtiuutetta k\u00e4ytet\u00e4\u00e4n ainesosana:<\/p>\n<ul>\n<li>kasvojen ja vartalon hoitokosmetiikassa,<\/li>\n<li>suojaavissa ja ik\u00e4\u00e4ntymist\u00e4 ehk\u00e4iseviss\u00e4 koostumuksissa,<\/li>\n<li>kasviuutteisiin perustuvissa tuotteissa,<\/li>\n<li>ravintolisiss\u00e4 ja jauheseoksissa.<\/li>\n<\/ul>\n<p>K\u00e4ytt\u00f6alue ja annostustaso riippuvat reseptist\u00e4 ja lopputuotteen funktiosta.<\/p>\n","protected":false},"excerpt":{"rendered":"<p><strong>Pinaatinlehtiuute<\/strong> on kasviper\u00e4inen raaka-aine, joka saadaan <em data-start=\"782\" data-end=\"801\">Spinacia oleracea<\/em> L. -kasvin lehdist\u00e4 vesiekstraktiomenetelm\u00e4ll\u00e4.<\/p>\n","protected":false},"featured_media":44838,"template":"","meta":[],"product_brand":[],"product_cat":[528],"product_tag":[],"class_list":{"0":"post-44836","1":"product","2":"type-product","3":"status-publish","4":"has-post-thumbnail","6":"product_cat-kasviuutteet","7":"pa_czesc-rosliny-lehdet","9":"first","10":"instock","11":"shipping-taxable","12":"product-type-simple"},"yoast_head":"<!-- This site is optimized with the Yoast SEO plugin v27.4 - https:\/\/yoast.com\/product\/yoast-seo-wordpress\/ -->\n<title>Pinaatinlehtiuute - Tukkudistribuutio<\/title>\n<meta name=\"description\" content=\"Pinaatinlehtiuute (INCI: Spinacia Oleracea Leaf Extract). Kasviraaka-aine kosmetiikkaan ja funktionaalisiin tuotteisiin. B2B-tukkukauppa.\" \/>\n<meta name=\"robots\" content=\"index, follow, max-snippet:-1, max-image-preview:large, max-video-preview:-1\" \/>\n<link rel=\"canonical\" href=\"https:\/\/naturalpoland.com\/fi\/tuotteet\/kasviuutteet\/pinaatinlehtiuute\/\" \/>\n<meta property=\"og:locale\" content=\"fi_FI\" \/>\n<meta property=\"og:type\" content=\"article\" \/>\n<meta property=\"og:title\" content=\"Pinaatinlehtiuute - Tukkudistribuutio\" \/>\n<meta property=\"og:description\" content=\"Pinaatinlehtiuute (INCI: Spinacia Oleracea Leaf Extract). Kasviraaka-aine kosmetiikkaan ja funktionaalisiin tuotteisiin. B2B-tukkukauppa.\" \/>\n<meta property=\"og:url\" content=\"https:\/\/naturalpoland.com\/fi\/tuotteet\/kasviuutteet\/pinaatinlehtiuute\/\" \/>\n<meta property=\"og:site_name\" content=\"NATURAL POLAND - RAAKA-AINEIDEN TUKKUJAKELIJA\" \/>\n<meta property=\"article:publisher\" content=\"https:\/\/www.facebook.com\/naturalpoland.b2b\" \/>\n<meta property=\"article:modified_time\" content=\"2026-01-13T10:43:24+00:00\" \/>\n<meta property=\"og:image\" content=\"https:\/\/naturalpoland.com\/wp-content\/uploads\/ekstrakt-z-lisci-szpinaku.webp\" \/>\n\t<meta property=\"og:image:width\" content=\"1024\" \/>\n\t<meta property=\"og:image:height\" content=\"1024\" \/>\n\t<meta property=\"og:image:type\" content=\"image\/webp\" \/>\n<script type=\"application\/ld+json\" class=\"yoast-schema-graph\">{\"@context\":\"https:\\\/\\\/schema.org\",\"@graph\":[{\"@type\":\"WebPage\",\"@id\":\"https:\\\/\\\/naturalpoland.com\\\/fi\\\/tuotteet\\\/kasviuutteet\\\/pinaatinlehtiuute\\\/\",\"url\":\"https:\\\/\\\/naturalpoland.com\\\/fi\\\/tuotteet\\\/kasviuutteet\\\/pinaatinlehtiuute\\\/\",\"name\":\"Pinaatinlehtiuute - Tukkudistribuutio\",\"isPartOf\":{\"@id\":\"https:\\\/\\\/naturalpoland.com\\\/fi\\\/#website\"},\"primaryImageOfPage\":{\"@id\":\"https:\\\/\\\/naturalpoland.com\\\/fi\\\/tuotteet\\\/kasviuutteet\\\/pinaatinlehtiuute\\\/#primaryimage\"},\"image\":{\"@id\":\"https:\\\/\\\/naturalpoland.com\\\/fi\\\/tuotteet\\\/kasviuutteet\\\/pinaatinlehtiuute\\\/#primaryimage\"},\"thumbnailUrl\":\"https:\\\/\\\/naturalpoland.com\\\/wp-content\\\/uploads\\\/ekstrakt-z-lisci-szpinaku.webp\",\"datePublished\":\"2025-12-22T14:31:58+00:00\",\"dateModified\":\"2026-01-13T10:43:24+00:00\",\"description\":\"Pinaatinlehtiuute (INCI: Spinacia Oleracea Leaf Extract). Kasviraaka-aine kosmetiikkaan ja funktionaalisiin tuotteisiin. B2B-tukkukauppa.\",\"breadcrumb\":{\"@id\":\"https:\\\/\\\/naturalpoland.com\\\/fi\\\/tuotteet\\\/kasviuutteet\\\/pinaatinlehtiuute\\\/#breadcrumb\"},\"inLanguage\":\"fi\",\"potentialAction\":[{\"@type\":\"ReadAction\",\"target\":[\"https:\\\/\\\/naturalpoland.com\\\/fi\\\/tuotteet\\\/kasviuutteet\\\/pinaatinlehtiuute\\\/\"]}]},{\"@type\":\"ImageObject\",\"inLanguage\":\"fi\",\"@id\":\"https:\\\/\\\/naturalpoland.com\\\/fi\\\/tuotteet\\\/kasviuutteet\\\/pinaatinlehtiuute\\\/#primaryimage\",\"url\":\"https:\\\/\\\/naturalpoland.com\\\/wp-content\\\/uploads\\\/ekstrakt-z-lisci-szpinaku.webp\",\"contentUrl\":\"https:\\\/\\\/naturalpoland.com\\\/wp-content\\\/uploads\\\/ekstrakt-z-lisci-szpinaku.webp\",\"width\":1024,\"height\":1024,\"caption\":\"pinaatinlehtiuute\"},{\"@type\":\"BreadcrumbList\",\"@id\":\"https:\\\/\\\/naturalpoland.com\\\/fi\\\/tuotteet\\\/kasviuutteet\\\/pinaatinlehtiuute\\\/#breadcrumb\",\"itemListElement\":[{\"@type\":\"ListItem\",\"position\":1,\"name\":\"Etusivu\",\"item\":\"https:\\\/\\\/naturalpoland.com\\\/fi\\\/\"},{\"@type\":\"ListItem\",\"position\":2,\"name\":\"Tuotteet\",\"item\":\"https:\\\/\\\/naturalpoland.com\\\/fi\\\/tuotteet\\\/\"},{\"@type\":\"ListItem\",\"position\":3,\"name\":\"Pinaatinlehtiuute\"}]},{\"@type\":\"WebSite\",\"@id\":\"https:\\\/\\\/naturalpoland.com\\\/fi\\\/#website\",\"url\":\"https:\\\/\\\/naturalpoland.com\\\/fi\\\/\",\"name\":\"NATURAL POLAND - RAAKA-AINEIDEN TUKKUJAKELIJA\",\"description\":\"Surowce dla przemys\u0142u spo\u017cywczego, kosmetycznego i farmaceutycznego\",\"publisher\":{\"@id\":\"https:\\\/\\\/naturalpoland.com\\\/fi\\\/#organization\"},\"potentialAction\":[{\"@type\":\"SearchAction\",\"target\":{\"@type\":\"EntryPoint\",\"urlTemplate\":\"https:\\\/\\\/naturalpoland.com\\\/fi\\\/?s={search_term_string}\"},\"query-input\":{\"@type\":\"PropertyValueSpecification\",\"valueRequired\":true,\"valueName\":\"search_term_string\"}}],\"inLanguage\":\"fi\"},{\"@type\":\"Organization\",\"@id\":\"https:\\\/\\\/naturalpoland.com\\\/fi\\\/#organization\",\"name\":\"Natural Poland\",\"url\":\"https:\\\/\\\/naturalpoland.com\\\/fi\\\/\",\"logo\":{\"@type\":\"ImageObject\",\"inLanguage\":\"fi\",\"@id\":\"https:\\\/\\\/naturalpoland.com\\\/fi\\\/#\\\/schema\\\/logo\\\/image\\\/\",\"url\":\"https:\\\/\\\/naturalpoland.com\\\/wp-content\\\/uploads\\\/2021\\\/05\\\/natural-poland-icon.png\",\"contentUrl\":\"https:\\\/\\\/naturalpoland.com\\\/wp-content\\\/uploads\\\/2021\\\/05\\\/natural-poland-icon.png\",\"width\":512,\"height\":512,\"caption\":\"Natural Poland\"},\"image\":{\"@id\":\"https:\\\/\\\/naturalpoland.com\\\/fi\\\/#\\\/schema\\\/logo\\\/image\\\/\"},\"sameAs\":[\"https:\\\/\\\/www.facebook.com\\\/naturalpoland.b2b\",\"https:\\\/\\\/pl.linkedin.com\\\/company\\\/natural-poland\",\"https:\\\/\\\/www.youtube.com\\\/channel\\\/UCgeGGkvOMahZo-xu_MSEWxg\"]}]}<\/script>\n<!-- \/ Yoast SEO plugin. -->","yoast_head_json":{"title":"Pinaatinlehtiuute - Tukkudistribuutio","description":"Pinaatinlehtiuute (INCI: Spinacia Oleracea Leaf Extract). Kasviraaka-aine kosmetiikkaan ja funktionaalisiin tuotteisiin. B2B-tukkukauppa.","robots":{"index":"index","follow":"follow","max-snippet":"max-snippet:-1","max-image-preview":"max-image-preview:large","max-video-preview":"max-video-preview:-1"},"canonical":"https:\/\/naturalpoland.com\/fi\/tuotteet\/kasviuutteet\/pinaatinlehtiuute\/","og_locale":"fi_FI","og_type":"article","og_title":"Pinaatinlehtiuute - Tukkudistribuutio","og_description":"Pinaatinlehtiuute (INCI: Spinacia Oleracea Leaf Extract). Kasviraaka-aine kosmetiikkaan ja funktionaalisiin tuotteisiin. B2B-tukkukauppa.","og_url":"https:\/\/naturalpoland.com\/fi\/tuotteet\/kasviuutteet\/pinaatinlehtiuute\/","og_site_name":"NATURAL POLAND - RAAKA-AINEIDEN TUKKUJAKELIJA","article_publisher":"https:\/\/www.facebook.com\/naturalpoland.b2b","article_modified_time":"2026-01-13T10:43:24+00:00","og_image":[{"width":1024,"height":1024,"url":"https:\/\/naturalpoland.com\/wp-content\/uploads\/ekstrakt-z-lisci-szpinaku.webp","type":"image\/webp"}],"schema":{"@context":"https:\/\/schema.org","@graph":[{"@type":"WebPage","@id":"https:\/\/naturalpoland.com\/fi\/tuotteet\/kasviuutteet\/pinaatinlehtiuute\/","url":"https:\/\/naturalpoland.com\/fi\/tuotteet\/kasviuutteet\/pinaatinlehtiuute\/","name":"Pinaatinlehtiuute - Tukkudistribuutio","isPartOf":{"@id":"https:\/\/naturalpoland.com\/fi\/#website"},"primaryImageOfPage":{"@id":"https:\/\/naturalpoland.com\/fi\/tuotteet\/kasviuutteet\/pinaatinlehtiuute\/#primaryimage"},"image":{"@id":"https:\/\/naturalpoland.com\/fi\/tuotteet\/kasviuutteet\/pinaatinlehtiuute\/#primaryimage"},"thumbnailUrl":"https:\/\/naturalpoland.com\/wp-content\/uploads\/ekstrakt-z-lisci-szpinaku.webp","datePublished":"2025-12-22T14:31:58+00:00","dateModified":"2026-01-13T10:43:24+00:00","description":"Pinaatinlehtiuute (INCI: Spinacia Oleracea Leaf Extract). Kasviraaka-aine kosmetiikkaan ja funktionaalisiin tuotteisiin. B2B-tukkukauppa.","breadcrumb":{"@id":"https:\/\/naturalpoland.com\/fi\/tuotteet\/kasviuutteet\/pinaatinlehtiuute\/#breadcrumb"},"inLanguage":"fi","potentialAction":[{"@type":"ReadAction","target":["https:\/\/naturalpoland.com\/fi\/tuotteet\/kasviuutteet\/pinaatinlehtiuute\/"]}]},{"@type":"ImageObject","inLanguage":"fi","@id":"https:\/\/naturalpoland.com\/fi\/tuotteet\/kasviuutteet\/pinaatinlehtiuute\/#primaryimage","url":"https:\/\/naturalpoland.com\/wp-content\/uploads\/ekstrakt-z-lisci-szpinaku.webp","contentUrl":"https:\/\/naturalpoland.com\/wp-content\/uploads\/ekstrakt-z-lisci-szpinaku.webp","width":1024,"height":1024,"caption":"pinaatinlehtiuute"},{"@type":"BreadcrumbList","@id":"https:\/\/naturalpoland.com\/fi\/tuotteet\/kasviuutteet\/pinaatinlehtiuute\/#breadcrumb","itemListElement":[{"@type":"ListItem","position":1,"name":"Etusivu","item":"https:\/\/naturalpoland.com\/fi\/"},{"@type":"ListItem","position":2,"name":"Tuotteet","item":"https:\/\/naturalpoland.com\/fi\/tuotteet\/"},{"@type":"ListItem","position":3,"name":"Pinaatinlehtiuute"}]},{"@type":"WebSite","@id":"https:\/\/naturalpoland.com\/fi\/#website","url":"https:\/\/naturalpoland.com\/fi\/","name":"NATURAL POLAND - RAAKA-AINEIDEN TUKKUJAKELIJA","description":"Surowce dla przemys\u0142u spo\u017cywczego, kosmetycznego i farmaceutycznego","publisher":{"@id":"https:\/\/naturalpoland.com\/fi\/#organization"},"potentialAction":[{"@type":"SearchAction","target":{"@type":"EntryPoint","urlTemplate":"https:\/\/naturalpoland.com\/fi\/?s={search_term_string}"},"query-input":{"@type":"PropertyValueSpecification","valueRequired":true,"valueName":"search_term_string"}}],"inLanguage":"fi"},{"@type":"Organization","@id":"https:\/\/naturalpoland.com\/fi\/#organization","name":"Natural Poland","url":"https:\/\/naturalpoland.com\/fi\/","logo":{"@type":"ImageObject","inLanguage":"fi","@id":"https:\/\/naturalpoland.com\/fi\/#\/schema\/logo\/image\/","url":"https:\/\/naturalpoland.com\/wp-content\/uploads\/2021\/05\/natural-poland-icon.png","contentUrl":"https:\/\/naturalpoland.com\/wp-content\/uploads\/2021\/05\/natural-poland-icon.png","width":512,"height":512,"caption":"Natural Poland"},"image":{"@id":"https:\/\/naturalpoland.com\/fi\/#\/schema\/logo\/image\/"},"sameAs":["https:\/\/www.facebook.com\/naturalpoland.b2b","https:\/\/pl.linkedin.com\/company\/natural-poland","https:\/\/www.youtube.com\/channel\/UCgeGGkvOMahZo-xu_MSEWxg"]}]}},"_links":{"self":[{"href":"https:\/\/naturalpoland.com\/fi\/wp-json\/wp\/v2\/product\/44836","targetHints":{"allow":["GET"]}}],"collection":[{"href":"https:\/\/naturalpoland.com\/fi\/wp-json\/wp\/v2\/product"}],"about":[{"href":"https:\/\/naturalpoland.com\/fi\/wp-json\/wp\/v2\/types\/product"}],"wp:featuredmedia":[{"embeddable":true,"href":"https:\/\/naturalpoland.com\/fi\/wp-json\/wp\/v2\/media\/44838"}],"wp:attachment":[{"href":"https:\/\/naturalpoland.com\/fi\/wp-json\/wp\/v2\/media?parent=44836"}],"wp:term":[{"taxonomy":"product_brand","embeddable":true,"href":"https:\/\/naturalpoland.com\/fi\/wp-json\/wp\/v2\/product_brand?post=44836"},{"taxonomy":"product_cat","embeddable":true,"href":"https:\/\/naturalpoland.com\/fi\/wp-json\/wp\/v2\/product_cat?post=44836"},{"taxonomy":"product_tag","embeddable":true,"href":"https:\/\/naturalpoland.com\/fi\/wp-json\/wp\/v2\/product_tag?post=44836"}],"curies":[{"name":"wp","href":"https:\/\/api.w.org\/{rel}","templated":true}]}}