{"id":45186,"date":"2026-01-16T15:51:28","date_gmt":"2026-01-16T14:51:28","guid":{"rendered":"https:\/\/naturalpoland.com\/produkty\/Ei-luokiteltu\/lemon-myrtle-uute\/"},"modified":"2026-01-19T14:05:47","modified_gmt":"2026-01-19T13:05:47","slug":"lemon-myrtle-uute","status":"publish","type":"product","link":"https:\/\/naturalpoland.com\/fi\/tuotteet\/kasviuutteet\/lemon-myrtle-uute\/","title":{"rendered":"Lemon Myrtle -uute"},"content":{"rendered":"<h2>Lemon Myrtle -uutteen vaikutukset ja k\u00e4ytt\u00f6tarkoitukset:<\/h2>\n<p>Lemon Myrtle -uute (<em>Backhousia citriodora<\/em>) on per\u00e4isin Australiasta kotoisin olevan kasvin lehdist\u00e4, ja se on laajalti tunnettu ja tutkittu rikkaan fytokemiallisen profiilinsa vuoksi, mukaan lukien sitrusaldehydit, kuten sitraali, ja muut bioaktiiviset yhdisteet. Niiden ansiosta uutteella on seuraavia vaikutuksia: <\/p>\n<ul>\n<li>antioksidanttinen \u2013 tutkimukset osoittavat, ett\u00e4 Lemon Myrtle -lehdist\u00e4 saadut uutteet voivat neutraloida vapaita radikaaleja, mik\u00e4 mahdollisesti edist\u00e4\u00e4 solujen suojaamista oksidatiiviselta stressilt\u00e4;<\/li>\n<li>anti-inflammatorinen \u2013 Lemon Myrtle -lehdist\u00e4 saadut uutteet voivat vaikuttaa tulehdusv\u00e4litt\u00e4jien ilmentymiseen (esim. NO:n tai proinflammatoristen sytokiinien tuotannon v\u00e4hent\u00e4miseen) tietyiss\u00e4 in vitro -kokeellisissa olosuhteissa;<\/li>\n<li>antibakteerinen \u2013 uutteen antibakteerinen ja antifungaalinen vaikutus johtuu p\u00e4\u00e4asiassa sitraaliyhdisteen ja muiden aromaattisten komponenttien l\u00e4sn\u00e4olosta.<\/li>\n<\/ul>\n<p>Jauhemuoto ja standardoitu uuttoaste edist\u00e4v\u00e4t raaka-aineen k\u00e4ytt\u00f6\u00e4 formulaatioprosesseissa, jotka vaativat tarkkaa annostelua ja laatuparametrien toistettavuutta. Uutteen lopullinen k\u00e4ytt\u00f6tarkoitus, k\u00e4ytt\u00f6tapa ja annostelutaso on aina mukautettava kyseisen k\u00e4ytt\u00f6alueen teknisten ja s\u00e4\u00e4nn\u00f6llisten vaatimusten mukaisesti. <\/p>\n<p>&nbsp;<\/p>\n<p>&nbsp;<\/p>\n","protected":false},"excerpt":{"rendered":"<p><strong>Lemon Myrtle -uute<\/strong> on kasviper\u00e4inen raaka-aine, joka saadaan <em>Backhousia citriodora<\/em> -kasvin lehdist\u00e4. Se uutetaan vesimenetelm\u00e4ll\u00e4 ja kuivataan sen j\u00e4lkeen, mik\u00e4 mahdollistaa vakaan jauhemuodon saamisen.<\/p>\n","protected":false},"featured_media":45188,"template":"","meta":{"_acf_changed":false},"product_brand":[],"product_cat":[528],"product_tag":[],"class_list":{"0":"post-45186","1":"product","2":"type-product","3":"status-publish","4":"has-post-thumbnail","6":"product_cat-kasviuutteet","7":"pa_czesc-rosliny-lehdet","9":"first","10":"instock","11":"shipping-taxable","12":"product-type-simple"},"acf":[],"yoast_head":"<!-- This site is optimized with the Yoast SEO plugin v27.4 - https:\/\/yoast.com\/product\/yoast-seo-wordpress\/ -->\n<title>Lemon Myrtle -uute - Tukkudistribuutio<\/title>\n<meta name=\"description\" content=\"Lemon Myrtle -uute \u2013 kasviper\u00e4inen uute Backhousia citriodora -kasvin lehdist\u00e4 jauheena. Standardisoitu kasviraaka-aine jatkok\u00e4ytt\u00f6\u00f6n.\" \/>\n<meta name=\"robots\" content=\"index, follow, max-snippet:-1, max-image-preview:large, max-video-preview:-1\" \/>\n<link rel=\"canonical\" href=\"https:\/\/naturalpoland.com\/fi\/tuotteet\/kasviuutteet\/lemon-myrtle-uute\/\" \/>\n<meta property=\"og:locale\" content=\"fi_FI\" \/>\n<meta property=\"og:type\" content=\"article\" \/>\n<meta property=\"og:title\" content=\"Lemon Myrtle -uute - Tukkudistribuutio\" \/>\n<meta property=\"og:description\" content=\"Lemon Myrtle -uute \u2013 kasviper\u00e4inen uute Backhousia citriodora -kasvin lehdist\u00e4 jauheena. Standardisoitu kasviraaka-aine jatkok\u00e4ytt\u00f6\u00f6n.\" \/>\n<meta property=\"og:url\" content=\"https:\/\/naturalpoland.com\/fi\/tuotteet\/kasviuutteet\/lemon-myrtle-uute\/\" \/>\n<meta property=\"og:site_name\" content=\"NATURAL POLAND - RAAKA-AINEIDEN TUKKUJAKELIJA\" \/>\n<meta property=\"article:publisher\" content=\"https:\/\/www.facebook.com\/naturalpoland.b2b\" \/>\n<meta property=\"article:modified_time\" content=\"2026-01-19T13:05:47+00:00\" \/>\n<meta property=\"og:image\" content=\"https:\/\/naturalpoland.com\/wp-content\/uploads\/ekstrakt-z-lemon-myrtle.webp\" \/>\n\t<meta property=\"og:image:width\" content=\"1024\" \/>\n\t<meta property=\"og:image:height\" content=\"1024\" \/>\n\t<meta property=\"og:image:type\" content=\"image\/webp\" \/>\n<script type=\"application\/ld+json\" class=\"yoast-schema-graph\">{\"@context\":\"https:\\\/\\\/schema.org\",\"@graph\":[{\"@type\":\"WebPage\",\"@id\":\"https:\\\/\\\/naturalpoland.com\\\/fi\\\/tuotteet\\\/kasviuutteet\\\/lemon-myrtle-uute\\\/\",\"url\":\"https:\\\/\\\/naturalpoland.com\\\/fi\\\/tuotteet\\\/kasviuutteet\\\/lemon-myrtle-uute\\\/\",\"name\":\"Lemon Myrtle -uute - Tukkudistribuutio\",\"isPartOf\":{\"@id\":\"https:\\\/\\\/naturalpoland.com\\\/fi\\\/#website\"},\"primaryImageOfPage\":{\"@id\":\"https:\\\/\\\/naturalpoland.com\\\/fi\\\/tuotteet\\\/kasviuutteet\\\/lemon-myrtle-uute\\\/#primaryimage\"},\"image\":{\"@id\":\"https:\\\/\\\/naturalpoland.com\\\/fi\\\/tuotteet\\\/kasviuutteet\\\/lemon-myrtle-uute\\\/#primaryimage\"},\"thumbnailUrl\":\"https:\\\/\\\/naturalpoland.com\\\/wp-content\\\/uploads\\\/ekstrakt-z-lemon-myrtle.webp\",\"datePublished\":\"2026-01-16T14:51:28+00:00\",\"dateModified\":\"2026-01-19T13:05:47+00:00\",\"description\":\"Lemon Myrtle -uute \u2013 kasviper\u00e4inen uute Backhousia citriodora -kasvin lehdist\u00e4 jauheena. Standardisoitu kasviraaka-aine jatkok\u00e4ytt\u00f6\u00f6n.\",\"breadcrumb\":{\"@id\":\"https:\\\/\\\/naturalpoland.com\\\/fi\\\/tuotteet\\\/kasviuutteet\\\/lemon-myrtle-uute\\\/#breadcrumb\"},\"inLanguage\":\"fi\",\"potentialAction\":[{\"@type\":\"ReadAction\",\"target\":[\"https:\\\/\\\/naturalpoland.com\\\/fi\\\/tuotteet\\\/kasviuutteet\\\/lemon-myrtle-uute\\\/\"]}]},{\"@type\":\"ImageObject\",\"inLanguage\":\"fi\",\"@id\":\"https:\\\/\\\/naturalpoland.com\\\/fi\\\/tuotteet\\\/kasviuutteet\\\/lemon-myrtle-uute\\\/#primaryimage\",\"url\":\"https:\\\/\\\/naturalpoland.com\\\/wp-content\\\/uploads\\\/ekstrakt-z-lemon-myrtle.webp\",\"contentUrl\":\"https:\\\/\\\/naturalpoland.com\\\/wp-content\\\/uploads\\\/ekstrakt-z-lemon-myrtle.webp\",\"width\":1024,\"height\":1024,\"caption\":\"Lemon Myrtle -uute\"},{\"@type\":\"BreadcrumbList\",\"@id\":\"https:\\\/\\\/naturalpoland.com\\\/fi\\\/tuotteet\\\/kasviuutteet\\\/lemon-myrtle-uute\\\/#breadcrumb\",\"itemListElement\":[{\"@type\":\"ListItem\",\"position\":1,\"name\":\"Etusivu\",\"item\":\"https:\\\/\\\/naturalpoland.com\\\/fi\\\/\"},{\"@type\":\"ListItem\",\"position\":2,\"name\":\"Tuotteet\",\"item\":\"https:\\\/\\\/naturalpoland.com\\\/fi\\\/tuotteet\\\/\"},{\"@type\":\"ListItem\",\"position\":3,\"name\":\"Lemon Myrtle -uute\"}]},{\"@type\":\"WebSite\",\"@id\":\"https:\\\/\\\/naturalpoland.com\\\/fi\\\/#website\",\"url\":\"https:\\\/\\\/naturalpoland.com\\\/fi\\\/\",\"name\":\"NATURAL POLAND - RAAKA-AINEIDEN TUKKUJAKELIJA\",\"description\":\"Surowce dla przemys\u0142u spo\u017cywczego, kosmetycznego i farmaceutycznego\",\"publisher\":{\"@id\":\"https:\\\/\\\/naturalpoland.com\\\/fi\\\/#organization\"},\"potentialAction\":[{\"@type\":\"SearchAction\",\"target\":{\"@type\":\"EntryPoint\",\"urlTemplate\":\"https:\\\/\\\/naturalpoland.com\\\/fi\\\/?s={search_term_string}\"},\"query-input\":{\"@type\":\"PropertyValueSpecification\",\"valueRequired\":true,\"valueName\":\"search_term_string\"}}],\"inLanguage\":\"fi\"},{\"@type\":\"Organization\",\"@id\":\"https:\\\/\\\/naturalpoland.com\\\/fi\\\/#organization\",\"name\":\"Natural Poland\",\"url\":\"https:\\\/\\\/naturalpoland.com\\\/fi\\\/\",\"logo\":{\"@type\":\"ImageObject\",\"inLanguage\":\"fi\",\"@id\":\"https:\\\/\\\/naturalpoland.com\\\/fi\\\/#\\\/schema\\\/logo\\\/image\\\/\",\"url\":\"https:\\\/\\\/naturalpoland.com\\\/wp-content\\\/uploads\\\/2021\\\/05\\\/natural-poland-icon.png\",\"contentUrl\":\"https:\\\/\\\/naturalpoland.com\\\/wp-content\\\/uploads\\\/2021\\\/05\\\/natural-poland-icon.png\",\"width\":512,\"height\":512,\"caption\":\"Natural Poland\"},\"image\":{\"@id\":\"https:\\\/\\\/naturalpoland.com\\\/fi\\\/#\\\/schema\\\/logo\\\/image\\\/\"},\"sameAs\":[\"https:\\\/\\\/www.facebook.com\\\/naturalpoland.b2b\",\"https:\\\/\\\/pl.linkedin.com\\\/company\\\/natural-poland\",\"https:\\\/\\\/www.youtube.com\\\/channel\\\/UCgeGGkvOMahZo-xu_MSEWxg\"]}]}<\/script>\n<!-- \/ Yoast SEO plugin. -->","yoast_head_json":{"title":"Lemon Myrtle -uute - Tukkudistribuutio","description":"Lemon Myrtle -uute \u2013 kasviper\u00e4inen uute Backhousia citriodora -kasvin lehdist\u00e4 jauheena. Standardisoitu kasviraaka-aine jatkok\u00e4ytt\u00f6\u00f6n.","robots":{"index":"index","follow":"follow","max-snippet":"max-snippet:-1","max-image-preview":"max-image-preview:large","max-video-preview":"max-video-preview:-1"},"canonical":"https:\/\/naturalpoland.com\/fi\/tuotteet\/kasviuutteet\/lemon-myrtle-uute\/","og_locale":"fi_FI","og_type":"article","og_title":"Lemon Myrtle -uute - Tukkudistribuutio","og_description":"Lemon Myrtle -uute \u2013 kasviper\u00e4inen uute Backhousia citriodora -kasvin lehdist\u00e4 jauheena. Standardisoitu kasviraaka-aine jatkok\u00e4ytt\u00f6\u00f6n.","og_url":"https:\/\/naturalpoland.com\/fi\/tuotteet\/kasviuutteet\/lemon-myrtle-uute\/","og_site_name":"NATURAL POLAND - RAAKA-AINEIDEN TUKKUJAKELIJA","article_publisher":"https:\/\/www.facebook.com\/naturalpoland.b2b","article_modified_time":"2026-01-19T13:05:47+00:00","og_image":[{"width":1024,"height":1024,"url":"https:\/\/naturalpoland.com\/wp-content\/uploads\/ekstrakt-z-lemon-myrtle.webp","type":"image\/webp"}],"schema":{"@context":"https:\/\/schema.org","@graph":[{"@type":"WebPage","@id":"https:\/\/naturalpoland.com\/fi\/tuotteet\/kasviuutteet\/lemon-myrtle-uute\/","url":"https:\/\/naturalpoland.com\/fi\/tuotteet\/kasviuutteet\/lemon-myrtle-uute\/","name":"Lemon Myrtle -uute - Tukkudistribuutio","isPartOf":{"@id":"https:\/\/naturalpoland.com\/fi\/#website"},"primaryImageOfPage":{"@id":"https:\/\/naturalpoland.com\/fi\/tuotteet\/kasviuutteet\/lemon-myrtle-uute\/#primaryimage"},"image":{"@id":"https:\/\/naturalpoland.com\/fi\/tuotteet\/kasviuutteet\/lemon-myrtle-uute\/#primaryimage"},"thumbnailUrl":"https:\/\/naturalpoland.com\/wp-content\/uploads\/ekstrakt-z-lemon-myrtle.webp","datePublished":"2026-01-16T14:51:28+00:00","dateModified":"2026-01-19T13:05:47+00:00","description":"Lemon Myrtle -uute \u2013 kasviper\u00e4inen uute Backhousia citriodora -kasvin lehdist\u00e4 jauheena. Standardisoitu kasviraaka-aine jatkok\u00e4ytt\u00f6\u00f6n.","breadcrumb":{"@id":"https:\/\/naturalpoland.com\/fi\/tuotteet\/kasviuutteet\/lemon-myrtle-uute\/#breadcrumb"},"inLanguage":"fi","potentialAction":[{"@type":"ReadAction","target":["https:\/\/naturalpoland.com\/fi\/tuotteet\/kasviuutteet\/lemon-myrtle-uute\/"]}]},{"@type":"ImageObject","inLanguage":"fi","@id":"https:\/\/naturalpoland.com\/fi\/tuotteet\/kasviuutteet\/lemon-myrtle-uute\/#primaryimage","url":"https:\/\/naturalpoland.com\/wp-content\/uploads\/ekstrakt-z-lemon-myrtle.webp","contentUrl":"https:\/\/naturalpoland.com\/wp-content\/uploads\/ekstrakt-z-lemon-myrtle.webp","width":1024,"height":1024,"caption":"Lemon Myrtle -uute"},{"@type":"BreadcrumbList","@id":"https:\/\/naturalpoland.com\/fi\/tuotteet\/kasviuutteet\/lemon-myrtle-uute\/#breadcrumb","itemListElement":[{"@type":"ListItem","position":1,"name":"Etusivu","item":"https:\/\/naturalpoland.com\/fi\/"},{"@type":"ListItem","position":2,"name":"Tuotteet","item":"https:\/\/naturalpoland.com\/fi\/tuotteet\/"},{"@type":"ListItem","position":3,"name":"Lemon Myrtle -uute"}]},{"@type":"WebSite","@id":"https:\/\/naturalpoland.com\/fi\/#website","url":"https:\/\/naturalpoland.com\/fi\/","name":"NATURAL POLAND - RAAKA-AINEIDEN TUKKUJAKELIJA","description":"Surowce dla przemys\u0142u spo\u017cywczego, kosmetycznego i farmaceutycznego","publisher":{"@id":"https:\/\/naturalpoland.com\/fi\/#organization"},"potentialAction":[{"@type":"SearchAction","target":{"@type":"EntryPoint","urlTemplate":"https:\/\/naturalpoland.com\/fi\/?s={search_term_string}"},"query-input":{"@type":"PropertyValueSpecification","valueRequired":true,"valueName":"search_term_string"}}],"inLanguage":"fi"},{"@type":"Organization","@id":"https:\/\/naturalpoland.com\/fi\/#organization","name":"Natural Poland","url":"https:\/\/naturalpoland.com\/fi\/","logo":{"@type":"ImageObject","inLanguage":"fi","@id":"https:\/\/naturalpoland.com\/fi\/#\/schema\/logo\/image\/","url":"https:\/\/naturalpoland.com\/wp-content\/uploads\/2021\/05\/natural-poland-icon.png","contentUrl":"https:\/\/naturalpoland.com\/wp-content\/uploads\/2021\/05\/natural-poland-icon.png","width":512,"height":512,"caption":"Natural Poland"},"image":{"@id":"https:\/\/naturalpoland.com\/fi\/#\/schema\/logo\/image\/"},"sameAs":["https:\/\/www.facebook.com\/naturalpoland.b2b","https:\/\/pl.linkedin.com\/company\/natural-poland","https:\/\/www.youtube.com\/channel\/UCgeGGkvOMahZo-xu_MSEWxg"]}]}},"_links":{"self":[{"href":"https:\/\/naturalpoland.com\/fi\/wp-json\/wp\/v2\/product\/45186","targetHints":{"allow":["GET"]}}],"collection":[{"href":"https:\/\/naturalpoland.com\/fi\/wp-json\/wp\/v2\/product"}],"about":[{"href":"https:\/\/naturalpoland.com\/fi\/wp-json\/wp\/v2\/types\/product"}],"wp:featuredmedia":[{"embeddable":true,"href":"https:\/\/naturalpoland.com\/fi\/wp-json\/wp\/v2\/media\/45188"}],"wp:attachment":[{"href":"https:\/\/naturalpoland.com\/fi\/wp-json\/wp\/v2\/media?parent=45186"}],"wp:term":[{"taxonomy":"product_brand","embeddable":true,"href":"https:\/\/naturalpoland.com\/fi\/wp-json\/wp\/v2\/product_brand?post=45186"},{"taxonomy":"product_cat","embeddable":true,"href":"https:\/\/naturalpoland.com\/fi\/wp-json\/wp\/v2\/product_cat?post=45186"},{"taxonomy":"product_tag","embeddable":true,"href":"https:\/\/naturalpoland.com\/fi\/wp-json\/wp\/v2\/product_tag?post=45186"}],"curies":[{"name":"wp","href":"https:\/\/api.w.org\/{rel}","templated":true}]}}