{"id":45875,"date":"2026-02-05T13:56:04","date_gmt":"2026-02-05T12:56:04","guid":{"rendered":"https:\/\/naturalpoland.com\/produkty\/Ei-luokiteltu\/palmarosaoljy\/"},"modified":"2026-02-13T13:53:09","modified_gmt":"2026-02-13T12:53:09","slug":"palmarosaoljy","status":"publish","type":"product","link":"https:\/\/naturalpoland.com\/fi\/tuotteet\/kosmetiikkateollisuuden-tuotteet\/eteeriset-oljyt\/palmarosaoljy\/","title":{"rendered":"Palmarosa\u00f6ljy"},"content":{"rendered":"<h2>Palmarosa\u00f6ljyn ominaisuudet ja sen teht\u00e4v\u00e4 koostumuksissa:<\/h2>\n<p>Palmarosa\u00f6ljy on ennen kaikkea luonnollinen tuoksuainesosa, joka antaa koostumuksille pehme\u00e4n, kukkais-ruusuisen vivahteen kevyell\u00e4, raikkaalla pohjalla. T\u00e4m\u00e4n ansiosta sit\u00e4 k\u00e4ytet\u00e4\u00e4n sek\u00e4 ihonhoitokosmetiikassa ett\u00e4 hajustetuissa tuotteissa. <\/p>\n<p>Koostumuksen n\u00e4k\u00f6kulmasta t\u00e4m\u00e4 \u00f6ljy osoittaa:<\/p>\n<ul>\n<li>hyv\u00e4\u00e4 yhteensopivuutta muiden eteeristen \u00f6ljyjen kanssa,<\/li>\n<li>korkean tuoksuaineiden pitoisuuden,<\/li>\n<li>stabiilisuuden tyypillisiss\u00e4 s\u00e4ilytysolosuhteissa.<\/li>\n<\/ul>\n<p>Geraniolin ja muiden monoterpeenien l\u00e4sn\u00e4olo tekee palmarosa\u00f6ljyst\u00e4 usein k\u00e4ytetyn tuotteissa, joissa luonnollinen tuoksukoostumus on t\u00e4rke\u00e4, sek\u00e4 aromaterapiasta inspiroituneissa koostumuksissa.<\/p>\n<h2>K\u00e4ytt\u00f6kohteet:<\/h2>\n<p>Palmarosa\u00f6ljy on tarkoitettu teolliseen k\u00e4ytt\u00f6\u00f6n kosmeettisena ja tuoksuaineena, erityisesti:<\/p>\n<ul>\n<li>voiteissa ja balsameissa ihonhoitoon,<\/li>\n<li>vartalokosmetiikassa ja spa-tuotteissa,<\/li>\n<li>saippuoissa ja pesuaineissa,<\/li>\n<li>hieronta\u00f6ljyiss\u00e4 ja aromaattisissa koostumuksissa,<\/li>\n<li>hajuvesiss\u00e4 ja tuoksukoostumuksissa,<\/li>\n<li>tuoksukynttil\u00f6iss\u00e4 ja kodin tuoksutuotteissa.<\/li>\n<\/ul>\n<p>Raaka-aineen k\u00e4ytt\u00f6 edellytt\u00e4\u00e4 voimassa olevien s\u00e4\u00e4nn\u00f6sten sek\u00e4 IFRA- ja CLP-suositusten noudattamista, ottaen huomioon pitoisuusrajat lopputuotteissa.<\/p>\n","protected":false},"excerpt":{"rendered":"<p><strong>Palmarosa\u00f6ljy\u00e4<\/strong> saadaan <em>Cymbopogon martini<\/em> -hein\u00e4st\u00e4, joka kuuluu hein\u00e4kasvien heimoon. Se on <span style=\"font-size: 14.4px;\"> tuoksuaineiden seos, jossa hallitsevana ainesosana on <strong>geranioli<\/strong> (50\u2013100 %), jota t\u00e4ydent\u00e4v\u00e4t muun muassa <strong>geranyyliasetaatti<\/strong>, <strong>linalooli<\/strong>, <strong>sitraali<\/strong> ja <strong>limoneeni.<\/strong> <\/span><\/p>\n","protected":false},"featured_media":45876,"template":"","meta":[],"product_brand":[],"product_cat":[6264],"product_tag":[],"class_list":{"0":"post-45875","1":"product","2":"type-product","3":"status-publish","4":"has-post-thumbnail","6":"product_cat-eteeriset-oljyt","8":"first","9":"instock","10":"shipping-taxable","11":"product-type-simple"},"yoast_head":"<!-- This site is optimized with the Yoast SEO plugin v27.3 - https:\/\/yoast.com\/product\/yoast-seo-wordpress\/ -->\n<title>Palmarosa\u00f6ljy - Tukkudistribuutio<\/title>\n<meta name=\"description\" content=\"Palmarosa\u00f6ljy (Cymbopogon martini -\u00f6ljy) \u2013 luonnollinen tuoksuainesosa kosmetiikkaan ja parfyymeihin. B2B-raaka-aine, jossa on kukkainen tuoksu.\" \/>\n<meta name=\"robots\" content=\"index, follow, max-snippet:-1, max-image-preview:large, max-video-preview:-1\" \/>\n<link rel=\"canonical\" href=\"https:\/\/naturalpoland.com\/fi\/tuotteet\/kosmetiikkateollisuuden-tuotteet\/eteeriset-oljyt\/palmarosaoljy\/\" \/>\n<meta property=\"og:locale\" content=\"fi_FI\" \/>\n<meta property=\"og:type\" content=\"article\" \/>\n<meta property=\"og:title\" content=\"Palmarosa\u00f6ljy - Tukkudistribuutio\" \/>\n<meta property=\"og:description\" content=\"Palmarosa\u00f6ljy (Cymbopogon martini -\u00f6ljy) \u2013 luonnollinen tuoksuainesosa kosmetiikkaan ja parfyymeihin. B2B-raaka-aine, jossa on kukkainen tuoksu.\" \/>\n<meta property=\"og:url\" content=\"https:\/\/naturalpoland.com\/fi\/tuotteet\/kosmetiikkateollisuuden-tuotteet\/eteeriset-oljyt\/palmarosaoljy\/\" \/>\n<meta property=\"og:site_name\" content=\"NATURAL POLAND - RAAKA-AINEIDEN TUKKUJAKELIJA\" \/>\n<meta property=\"article:publisher\" content=\"https:\/\/www.facebook.com\/naturalpoland.b2b\" \/>\n<meta property=\"article:modified_time\" content=\"2026-02-13T12:53:09+00:00\" \/>\n<meta property=\"og:image\" content=\"https:\/\/naturalpoland.com\/wp-content\/uploads\/palmarosa-oil.webp\" \/>\n\t<meta property=\"og:image:width\" content=\"1024\" \/>\n\t<meta property=\"og:image:height\" content=\"1024\" \/>\n\t<meta property=\"og:image:type\" content=\"image\/webp\" \/>\n<script type=\"application\/ld+json\" class=\"yoast-schema-graph\">{\"@context\":\"https:\\\/\\\/schema.org\",\"@graph\":[{\"@type\":\"WebPage\",\"@id\":\"https:\\\/\\\/naturalpoland.com\\\/fi\\\/tuotteet\\\/kosmetiikkateollisuuden-tuotteet\\\/eteeriset-oljyt\\\/palmarosaoljy\\\/\",\"url\":\"https:\\\/\\\/naturalpoland.com\\\/fi\\\/tuotteet\\\/kosmetiikkateollisuuden-tuotteet\\\/eteeriset-oljyt\\\/palmarosaoljy\\\/\",\"name\":\"Palmarosa\u00f6ljy - Tukkudistribuutio\",\"isPartOf\":{\"@id\":\"https:\\\/\\\/naturalpoland.com\\\/fi\\\/#website\"},\"primaryImageOfPage\":{\"@id\":\"https:\\\/\\\/naturalpoland.com\\\/fi\\\/tuotteet\\\/kosmetiikkateollisuuden-tuotteet\\\/eteeriset-oljyt\\\/palmarosaoljy\\\/#primaryimage\"},\"image\":{\"@id\":\"https:\\\/\\\/naturalpoland.com\\\/fi\\\/tuotteet\\\/kosmetiikkateollisuuden-tuotteet\\\/eteeriset-oljyt\\\/palmarosaoljy\\\/#primaryimage\"},\"thumbnailUrl\":\"https:\\\/\\\/naturalpoland.com\\\/wp-content\\\/uploads\\\/palmarosa-oil.webp\",\"datePublished\":\"2026-02-05T12:56:04+00:00\",\"dateModified\":\"2026-02-13T12:53:09+00:00\",\"description\":\"Palmarosa\u00f6ljy (Cymbopogon martini -\u00f6ljy) \u2013 luonnollinen tuoksuainesosa kosmetiikkaan ja parfyymeihin. B2B-raaka-aine, jossa on kukkainen tuoksu.\",\"breadcrumb\":{\"@id\":\"https:\\\/\\\/naturalpoland.com\\\/fi\\\/tuotteet\\\/kosmetiikkateollisuuden-tuotteet\\\/eteeriset-oljyt\\\/palmarosaoljy\\\/#breadcrumb\"},\"inLanguage\":\"fi\",\"potentialAction\":[{\"@type\":\"ReadAction\",\"target\":[\"https:\\\/\\\/naturalpoland.com\\\/fi\\\/tuotteet\\\/kosmetiikkateollisuuden-tuotteet\\\/eteeriset-oljyt\\\/palmarosaoljy\\\/\"]}]},{\"@type\":\"ImageObject\",\"inLanguage\":\"fi\",\"@id\":\"https:\\\/\\\/naturalpoland.com\\\/fi\\\/tuotteet\\\/kosmetiikkateollisuuden-tuotteet\\\/eteeriset-oljyt\\\/palmarosaoljy\\\/#primaryimage\",\"url\":\"https:\\\/\\\/naturalpoland.com\\\/wp-content\\\/uploads\\\/palmarosa-oil.webp\",\"contentUrl\":\"https:\\\/\\\/naturalpoland.com\\\/wp-content\\\/uploads\\\/palmarosa-oil.webp\",\"width\":1024,\"height\":1024,\"caption\":\"palmarosa\u00f6ljy\"},{\"@type\":\"BreadcrumbList\",\"@id\":\"https:\\\/\\\/naturalpoland.com\\\/fi\\\/tuotteet\\\/kosmetiikkateollisuuden-tuotteet\\\/eteeriset-oljyt\\\/palmarosaoljy\\\/#breadcrumb\",\"itemListElement\":[{\"@type\":\"ListItem\",\"position\":1,\"name\":\"Etusivu\",\"item\":\"https:\\\/\\\/naturalpoland.com\\\/fi\\\/\"},{\"@type\":\"ListItem\",\"position\":2,\"name\":\"Tuotteet\",\"item\":\"https:\\\/\\\/naturalpoland.com\\\/fi\\\/tuotteet\\\/\"},{\"@type\":\"ListItem\",\"position\":3,\"name\":\"Palmarosa\u00f6ljy\"}]},{\"@type\":\"WebSite\",\"@id\":\"https:\\\/\\\/naturalpoland.com\\\/fi\\\/#website\",\"url\":\"https:\\\/\\\/naturalpoland.com\\\/fi\\\/\",\"name\":\"NATURAL POLAND - RAAKA-AINEIDEN TUKKUJAKELIJA\",\"description\":\"Surowce dla przemys\u0142u spo\u017cywczego, kosmetycznego i farmaceutycznego\",\"publisher\":{\"@id\":\"https:\\\/\\\/naturalpoland.com\\\/fi\\\/#organization\"},\"potentialAction\":[{\"@type\":\"SearchAction\",\"target\":{\"@type\":\"EntryPoint\",\"urlTemplate\":\"https:\\\/\\\/naturalpoland.com\\\/fi\\\/?s={search_term_string}\"},\"query-input\":{\"@type\":\"PropertyValueSpecification\",\"valueRequired\":true,\"valueName\":\"search_term_string\"}}],\"inLanguage\":\"fi\"},{\"@type\":\"Organization\",\"@id\":\"https:\\\/\\\/naturalpoland.com\\\/fi\\\/#organization\",\"name\":\"Natural Poland\",\"url\":\"https:\\\/\\\/naturalpoland.com\\\/fi\\\/\",\"logo\":{\"@type\":\"ImageObject\",\"inLanguage\":\"fi\",\"@id\":\"https:\\\/\\\/naturalpoland.com\\\/fi\\\/#\\\/schema\\\/logo\\\/image\\\/\",\"url\":\"https:\\\/\\\/naturalpoland.com\\\/wp-content\\\/uploads\\\/2021\\\/05\\\/natural-poland-icon.png\",\"contentUrl\":\"https:\\\/\\\/naturalpoland.com\\\/wp-content\\\/uploads\\\/2021\\\/05\\\/natural-poland-icon.png\",\"width\":512,\"height\":512,\"caption\":\"Natural Poland\"},\"image\":{\"@id\":\"https:\\\/\\\/naturalpoland.com\\\/fi\\\/#\\\/schema\\\/logo\\\/image\\\/\"},\"sameAs\":[\"https:\\\/\\\/www.facebook.com\\\/naturalpoland.b2b\",\"https:\\\/\\\/pl.linkedin.com\\\/company\\\/natural-poland\",\"https:\\\/\\\/www.youtube.com\\\/channel\\\/UCgeGGkvOMahZo-xu_MSEWxg\"]}]}<\/script>\n<!-- \/ Yoast SEO plugin. -->","yoast_head_json":{"title":"Palmarosa\u00f6ljy - Tukkudistribuutio","description":"Palmarosa\u00f6ljy (Cymbopogon martini -\u00f6ljy) \u2013 luonnollinen tuoksuainesosa kosmetiikkaan ja parfyymeihin. B2B-raaka-aine, jossa on kukkainen tuoksu.","robots":{"index":"index","follow":"follow","max-snippet":"max-snippet:-1","max-image-preview":"max-image-preview:large","max-video-preview":"max-video-preview:-1"},"canonical":"https:\/\/naturalpoland.com\/fi\/tuotteet\/kosmetiikkateollisuuden-tuotteet\/eteeriset-oljyt\/palmarosaoljy\/","og_locale":"fi_FI","og_type":"article","og_title":"Palmarosa\u00f6ljy - Tukkudistribuutio","og_description":"Palmarosa\u00f6ljy (Cymbopogon martini -\u00f6ljy) \u2013 luonnollinen tuoksuainesosa kosmetiikkaan ja parfyymeihin. B2B-raaka-aine, jossa on kukkainen tuoksu.","og_url":"https:\/\/naturalpoland.com\/fi\/tuotteet\/kosmetiikkateollisuuden-tuotteet\/eteeriset-oljyt\/palmarosaoljy\/","og_site_name":"NATURAL POLAND - RAAKA-AINEIDEN TUKKUJAKELIJA","article_publisher":"https:\/\/www.facebook.com\/naturalpoland.b2b","article_modified_time":"2026-02-13T12:53:09+00:00","og_image":[{"width":1024,"height":1024,"url":"https:\/\/naturalpoland.com\/wp-content\/uploads\/palmarosa-oil.webp","type":"image\/webp"}],"schema":{"@context":"https:\/\/schema.org","@graph":[{"@type":"WebPage","@id":"https:\/\/naturalpoland.com\/fi\/tuotteet\/kosmetiikkateollisuuden-tuotteet\/eteeriset-oljyt\/palmarosaoljy\/","url":"https:\/\/naturalpoland.com\/fi\/tuotteet\/kosmetiikkateollisuuden-tuotteet\/eteeriset-oljyt\/palmarosaoljy\/","name":"Palmarosa\u00f6ljy - Tukkudistribuutio","isPartOf":{"@id":"https:\/\/naturalpoland.com\/fi\/#website"},"primaryImageOfPage":{"@id":"https:\/\/naturalpoland.com\/fi\/tuotteet\/kosmetiikkateollisuuden-tuotteet\/eteeriset-oljyt\/palmarosaoljy\/#primaryimage"},"image":{"@id":"https:\/\/naturalpoland.com\/fi\/tuotteet\/kosmetiikkateollisuuden-tuotteet\/eteeriset-oljyt\/palmarosaoljy\/#primaryimage"},"thumbnailUrl":"https:\/\/naturalpoland.com\/wp-content\/uploads\/palmarosa-oil.webp","datePublished":"2026-02-05T12:56:04+00:00","dateModified":"2026-02-13T12:53:09+00:00","description":"Palmarosa\u00f6ljy (Cymbopogon martini -\u00f6ljy) \u2013 luonnollinen tuoksuainesosa kosmetiikkaan ja parfyymeihin. B2B-raaka-aine, jossa on kukkainen tuoksu.","breadcrumb":{"@id":"https:\/\/naturalpoland.com\/fi\/tuotteet\/kosmetiikkateollisuuden-tuotteet\/eteeriset-oljyt\/palmarosaoljy\/#breadcrumb"},"inLanguage":"fi","potentialAction":[{"@type":"ReadAction","target":["https:\/\/naturalpoland.com\/fi\/tuotteet\/kosmetiikkateollisuuden-tuotteet\/eteeriset-oljyt\/palmarosaoljy\/"]}]},{"@type":"ImageObject","inLanguage":"fi","@id":"https:\/\/naturalpoland.com\/fi\/tuotteet\/kosmetiikkateollisuuden-tuotteet\/eteeriset-oljyt\/palmarosaoljy\/#primaryimage","url":"https:\/\/naturalpoland.com\/wp-content\/uploads\/palmarosa-oil.webp","contentUrl":"https:\/\/naturalpoland.com\/wp-content\/uploads\/palmarosa-oil.webp","width":1024,"height":1024,"caption":"palmarosa\u00f6ljy"},{"@type":"BreadcrumbList","@id":"https:\/\/naturalpoland.com\/fi\/tuotteet\/kosmetiikkateollisuuden-tuotteet\/eteeriset-oljyt\/palmarosaoljy\/#breadcrumb","itemListElement":[{"@type":"ListItem","position":1,"name":"Etusivu","item":"https:\/\/naturalpoland.com\/fi\/"},{"@type":"ListItem","position":2,"name":"Tuotteet","item":"https:\/\/naturalpoland.com\/fi\/tuotteet\/"},{"@type":"ListItem","position":3,"name":"Palmarosa\u00f6ljy"}]},{"@type":"WebSite","@id":"https:\/\/naturalpoland.com\/fi\/#website","url":"https:\/\/naturalpoland.com\/fi\/","name":"NATURAL POLAND - RAAKA-AINEIDEN TUKKUJAKELIJA","description":"Surowce dla przemys\u0142u spo\u017cywczego, kosmetycznego i farmaceutycznego","publisher":{"@id":"https:\/\/naturalpoland.com\/fi\/#organization"},"potentialAction":[{"@type":"SearchAction","target":{"@type":"EntryPoint","urlTemplate":"https:\/\/naturalpoland.com\/fi\/?s={search_term_string}"},"query-input":{"@type":"PropertyValueSpecification","valueRequired":true,"valueName":"search_term_string"}}],"inLanguage":"fi"},{"@type":"Organization","@id":"https:\/\/naturalpoland.com\/fi\/#organization","name":"Natural Poland","url":"https:\/\/naturalpoland.com\/fi\/","logo":{"@type":"ImageObject","inLanguage":"fi","@id":"https:\/\/naturalpoland.com\/fi\/#\/schema\/logo\/image\/","url":"https:\/\/naturalpoland.com\/wp-content\/uploads\/2021\/05\/natural-poland-icon.png","contentUrl":"https:\/\/naturalpoland.com\/wp-content\/uploads\/2021\/05\/natural-poland-icon.png","width":512,"height":512,"caption":"Natural Poland"},"image":{"@id":"https:\/\/naturalpoland.com\/fi\/#\/schema\/logo\/image\/"},"sameAs":["https:\/\/www.facebook.com\/naturalpoland.b2b","https:\/\/pl.linkedin.com\/company\/natural-poland","https:\/\/www.youtube.com\/channel\/UCgeGGkvOMahZo-xu_MSEWxg"]}]}},"_links":{"self":[{"href":"https:\/\/naturalpoland.com\/fi\/wp-json\/wp\/v2\/product\/45875","targetHints":{"allow":["GET"]}}],"collection":[{"href":"https:\/\/naturalpoland.com\/fi\/wp-json\/wp\/v2\/product"}],"about":[{"href":"https:\/\/naturalpoland.com\/fi\/wp-json\/wp\/v2\/types\/product"}],"wp:featuredmedia":[{"embeddable":true,"href":"https:\/\/naturalpoland.com\/fi\/wp-json\/wp\/v2\/media\/45876"}],"wp:attachment":[{"href":"https:\/\/naturalpoland.com\/fi\/wp-json\/wp\/v2\/media?parent=45875"}],"wp:term":[{"taxonomy":"product_brand","embeddable":true,"href":"https:\/\/naturalpoland.com\/fi\/wp-json\/wp\/v2\/product_brand?post=45875"},{"taxonomy":"product_cat","embeddable":true,"href":"https:\/\/naturalpoland.com\/fi\/wp-json\/wp\/v2\/product_cat?post=45875"},{"taxonomy":"product_tag","embeddable":true,"href":"https:\/\/naturalpoland.com\/fi\/wp-json\/wp\/v2\/product_tag?post=45875"}],"curies":[{"name":"wp","href":"https:\/\/api.w.org\/{rel}","templated":true}]}}