{"id":45995,"date":"2026-02-17T15:17:18","date_gmt":"2026-02-17T14:17:18","guid":{"rendered":"https:\/\/naturalpoland.com\/produkty\/Ei-luokiteltu\/colostrum-bovinum-naudankolostrum\/"},"modified":"2026-02-19T12:29:14","modified_gmt":"2026-02-19T11:29:14","slug":"colostrum-bovinum-naudankolostrum","status":"publish","type":"product","link":"https:\/\/naturalpoland.com\/fi\/tuotteet\/laaketeollisuuden-tuotteet\/ravintolisien-ainesosat\/colostrum-bovinum-naudankolostrum\/","title":{"rendered":"Colostrum Bovinum (naudankolostrum)"},"content":{"rendered":"<p>Colostrum bovinum hankitaan yksinomaan puolalaisilta tiloilta, jotka ovat jatkuvan el\u00e4inl\u00e4\u00e4kinn\u00e4llisen valvonnan alaisia. Raaka-aine ker\u00e4t\u00e4\u00e4n ensimm\u00e4isten tuntien aikana poikimisen j\u00e4lkeen, EU:n voimassa olevien s\u00e4\u00e4nn\u00f6sten ja el\u00e4inten hyvinvointiperiaatteiden mukaisesti. Jokainen er\u00e4 k\u00e4y l\u00e4pi yksityiskohtaisen laadunvalvonnan ja mikrobiologiset testit.  <\/p>\n<h2>Colostrumin ominaisuudet:<\/h2>\n<p>Colostrum Bovinum on luonnollinen, biologisesti aktiivinen raaka-aine, jossa on korkea immunoglobuliinipitoisuus, mukaan lukien yli 30 %:iin standardisoidut IgG:t. Sille on ominaista korkea proteiinipitoisuus ja samanaikaisesti alhainen rasvapitoisuus. Se on korkean funktionaalisen arvon omaava ainesosa bioaktiivisten proteiinien, peptidien, <a href=\"https:\/\/naturalpoland.com\/fi\/tuotteet\/laaketeollisuuden-tuotteet\/ravintolisien-ainesosat\/laktoferriini\/\">laktoferriinin<\/a> ja luonnollisten kasvutekij\u00f6iden ansiosta.  <\/p>\n<p>Raaka-aine liukenee veteen, sill\u00e4 on hyv\u00e4 stabiilisuus tavanomaisissa s\u00e4ilytysolosuhteissa ja se t\u00e4ytt\u00e4\u00e4 elintarvikelaatuisten raaka-aineiden laatuvaatimukset. Ei sis\u00e4ll\u00e4 GMO:ta. Sit\u00e4 voidaan k\u00e4ytt\u00e4\u00e4 kasvisruokavalioissa, mutta maitoper\u00e4isyytens\u00e4 vuoksi se ei sovellu vegaaneille.  <\/p>\n<p>Tuotanto tapahtuu laitoksessa, jolla on BRCGS Global Standard for Food Safety (AA-taso) ja IFS Broker (Higher Level) -sertifikaatit sek\u00e4 k\u00e4yt\u00f6ss\u00e4 HACCP-j\u00e4rjestelm\u00e4. Laitoksella on my\u00f6s ISO 14001:2015 -sertifikaatti ja Halal-sertifikaatti. <\/p>\n<h2>Colostrumin k\u00e4ytt\u00f6:<\/h2>\n<p>Colostrum Bovinumia k\u00e4ytet\u00e4\u00e4n ravintolisiss\u00e4 ja funktionaalisissa elintarvikkeissa. T\u00e4m\u00e4 raaka-aine tukee <strong>elimist\u00f6n luonnollisia puolustusmekanismeja<\/strong> ja <strong>ruoansulatuskanavan moitteetonta toimintaa<\/strong>. Korkean bioaktiivisten proteiinifraktioiden pitoisuuden ansiosta sit\u00e4 k\u00e4ytet\u00e4\u00e4n mielell\u00e4\u00e4n fyysisesti aktiivisille henkil\u00f6ille tarkoitetuissa tuotteissa sek\u00e4 palauttavissa koostumuksissa.  <\/p>\n<p>Kosmetiikkateollisuudessa Colostrumia k\u00e4ytet\u00e4\u00e4n valmisteissa, jotka tukevat ihon uudistumista, parantavat sen elastisuutta ja rakentavat hydrolipidikerrosta uudelleen. Se soveltuu herk\u00e4n, kuivan ja ik\u00e4\u00e4ntyv\u00e4n ihon hoitoon tarkoitettuihin dermokosmetiikkatuotteisiin sek\u00e4 rauhoittaviin ja uudistumisprosesseja tukeviin koostumuksiin. <\/p>\n","protected":false},"excerpt":{"rendered":"<p><strong>Colostrum Bovinum<\/strong> on korkealaatuinen <strong>naudankolostrumjauhe<\/strong>, joka on tarkoitettu k\u00e4ytett\u00e4v\u00e4ksi ravintolis\u00e4-, elintarvike-, kosmetiikka- ja el\u00e4inravintoteollisuudessa. Tuote on standardisoitu sis\u00e4lt\u00e4m\u00e4\u00e4n yli 30 % immunoglobuliineja (IgG), korkean proteiinipitoisuuden (n. 60 %) ja alhaisen rasvapitoisuuden ohella. <\/p>\n","protected":false},"featured_media":45996,"template":"","meta":[],"product_brand":[],"product_cat":[535],"product_tag":[],"class_list":{"0":"post-45995","1":"product","2":"type-product","3":"status-publish","4":"has-post-thumbnail","6":"product_cat-ravintolisien-ainesosat","8":"first","9":"instock","10":"shipping-taxable","11":"product-type-simple"},"yoast_head":"<!-- This site is optimized with the Yoast SEO plugin v27.3 - https:\/\/yoast.com\/product\/yoast-seo-wordpress\/ -->\n<title>Colostrum Bovinum (naudankolostrum) - Tukkudistribuutio<\/title>\n<meta name=\"description\" content=\"Colostrum Bovinum \u2013 korkealaatuinen naudankolostrumjauhe, standardisoitu yli 30 % IgG-pitoisuuteen. Elintarvikelaatuinen raaka-aine ravintolisiin, elintarvikkeisiin ja kosmetiikkaan.\" \/>\n<meta name=\"robots\" content=\"index, follow, max-snippet:-1, max-image-preview:large, max-video-preview:-1\" \/>\n<link rel=\"canonical\" href=\"https:\/\/naturalpoland.com\/fi\/tuotteet\/laaketeollisuuden-tuotteet\/ravintolisien-ainesosat\/colostrum-bovinum-naudankolostrum\/\" \/>\n<meta property=\"og:locale\" content=\"fi_FI\" \/>\n<meta property=\"og:type\" content=\"article\" \/>\n<meta property=\"og:title\" content=\"Colostrum Bovinum (naudankolostrum) - Tukkudistribuutio\" \/>\n<meta property=\"og:description\" content=\"Colostrum Bovinum \u2013 korkealaatuinen naudankolostrumjauhe, standardisoitu yli 30 % IgG-pitoisuuteen. Elintarvikelaatuinen raaka-aine ravintolisiin, elintarvikkeisiin ja kosmetiikkaan.\" \/>\n<meta property=\"og:url\" content=\"https:\/\/naturalpoland.com\/fi\/tuotteet\/laaketeollisuuden-tuotteet\/ravintolisien-ainesosat\/colostrum-bovinum-naudankolostrum\/\" \/>\n<meta property=\"og:site_name\" content=\"NATURAL POLAND - RAAKA-AINEIDEN TUKKUJAKELIJA\" \/>\n<meta property=\"article:publisher\" content=\"https:\/\/www.facebook.com\/naturalpoland.b2b\" \/>\n<meta property=\"article:modified_time\" content=\"2026-02-19T11:29:14+00:00\" \/>\n<meta property=\"og:image\" content=\"https:\/\/naturalpoland.com\/wp-content\/uploads\/kolostrum-2.webp\" \/>\n\t<meta property=\"og:image:width\" content=\"1024\" \/>\n\t<meta property=\"og:image:height\" content=\"1024\" \/>\n\t<meta property=\"og:image:type\" content=\"image\/webp\" \/>\n<script type=\"application\/ld+json\" class=\"yoast-schema-graph\">{\"@context\":\"https:\\\/\\\/schema.org\",\"@graph\":[{\"@type\":\"WebPage\",\"@id\":\"https:\\\/\\\/naturalpoland.com\\\/fi\\\/tuotteet\\\/laaketeollisuuden-tuotteet\\\/ravintolisien-ainesosat\\\/colostrum-bovinum-naudankolostrum\\\/\",\"url\":\"https:\\\/\\\/naturalpoland.com\\\/fi\\\/tuotteet\\\/laaketeollisuuden-tuotteet\\\/ravintolisien-ainesosat\\\/colostrum-bovinum-naudankolostrum\\\/\",\"name\":\"Colostrum Bovinum (naudankolostrum) - Tukkudistribuutio\",\"isPartOf\":{\"@id\":\"https:\\\/\\\/naturalpoland.com\\\/fi\\\/#website\"},\"primaryImageOfPage\":{\"@id\":\"https:\\\/\\\/naturalpoland.com\\\/fi\\\/tuotteet\\\/laaketeollisuuden-tuotteet\\\/ravintolisien-ainesosat\\\/colostrum-bovinum-naudankolostrum\\\/#primaryimage\"},\"image\":{\"@id\":\"https:\\\/\\\/naturalpoland.com\\\/fi\\\/tuotteet\\\/laaketeollisuuden-tuotteet\\\/ravintolisien-ainesosat\\\/colostrum-bovinum-naudankolostrum\\\/#primaryimage\"},\"thumbnailUrl\":\"https:\\\/\\\/naturalpoland.com\\\/wp-content\\\/uploads\\\/kolostrum-2.webp\",\"datePublished\":\"2026-02-17T14:17:18+00:00\",\"dateModified\":\"2026-02-19T11:29:14+00:00\",\"description\":\"Colostrum Bovinum \u2013 korkealaatuinen naudankolostrumjauhe, standardisoitu yli 30 % IgG-pitoisuuteen. Elintarvikelaatuinen raaka-aine ravintolisiin, elintarvikkeisiin ja kosmetiikkaan.\",\"breadcrumb\":{\"@id\":\"https:\\\/\\\/naturalpoland.com\\\/fi\\\/tuotteet\\\/laaketeollisuuden-tuotteet\\\/ravintolisien-ainesosat\\\/colostrum-bovinum-naudankolostrum\\\/#breadcrumb\"},\"inLanguage\":\"fi\",\"potentialAction\":[{\"@type\":\"ReadAction\",\"target\":[\"https:\\\/\\\/naturalpoland.com\\\/fi\\\/tuotteet\\\/laaketeollisuuden-tuotteet\\\/ravintolisien-ainesosat\\\/colostrum-bovinum-naudankolostrum\\\/\"]}]},{\"@type\":\"ImageObject\",\"inLanguage\":\"fi\",\"@id\":\"https:\\\/\\\/naturalpoland.com\\\/fi\\\/tuotteet\\\/laaketeollisuuden-tuotteet\\\/ravintolisien-ainesosat\\\/colostrum-bovinum-naudankolostrum\\\/#primaryimage\",\"url\":\"https:\\\/\\\/naturalpoland.com\\\/wp-content\\\/uploads\\\/kolostrum-2.webp\",\"contentUrl\":\"https:\\\/\\\/naturalpoland.com\\\/wp-content\\\/uploads\\\/kolostrum-2.webp\",\"width\":1024,\"height\":1024,\"caption\":\"Colostrum Bovinum\"},{\"@type\":\"BreadcrumbList\",\"@id\":\"https:\\\/\\\/naturalpoland.com\\\/fi\\\/tuotteet\\\/laaketeollisuuden-tuotteet\\\/ravintolisien-ainesosat\\\/colostrum-bovinum-naudankolostrum\\\/#breadcrumb\",\"itemListElement\":[{\"@type\":\"ListItem\",\"position\":1,\"name\":\"Etusivu\",\"item\":\"https:\\\/\\\/naturalpoland.com\\\/fi\\\/\"},{\"@type\":\"ListItem\",\"position\":2,\"name\":\"Tuotteet\",\"item\":\"https:\\\/\\\/naturalpoland.com\\\/fi\\\/tuotteet\\\/\"},{\"@type\":\"ListItem\",\"position\":3,\"name\":\"Colostrum Bovinum (naudankolostrum)\"}]},{\"@type\":\"WebSite\",\"@id\":\"https:\\\/\\\/naturalpoland.com\\\/fi\\\/#website\",\"url\":\"https:\\\/\\\/naturalpoland.com\\\/fi\\\/\",\"name\":\"NATURAL POLAND - RAAKA-AINEIDEN TUKKUJAKELIJA\",\"description\":\"Surowce dla przemys\u0142u spo\u017cywczego, kosmetycznego i farmaceutycznego\",\"publisher\":{\"@id\":\"https:\\\/\\\/naturalpoland.com\\\/fi\\\/#organization\"},\"potentialAction\":[{\"@type\":\"SearchAction\",\"target\":{\"@type\":\"EntryPoint\",\"urlTemplate\":\"https:\\\/\\\/naturalpoland.com\\\/fi\\\/?s={search_term_string}\"},\"query-input\":{\"@type\":\"PropertyValueSpecification\",\"valueRequired\":true,\"valueName\":\"search_term_string\"}}],\"inLanguage\":\"fi\"},{\"@type\":\"Organization\",\"@id\":\"https:\\\/\\\/naturalpoland.com\\\/fi\\\/#organization\",\"name\":\"Natural Poland\",\"url\":\"https:\\\/\\\/naturalpoland.com\\\/fi\\\/\",\"logo\":{\"@type\":\"ImageObject\",\"inLanguage\":\"fi\",\"@id\":\"https:\\\/\\\/naturalpoland.com\\\/fi\\\/#\\\/schema\\\/logo\\\/image\\\/\",\"url\":\"https:\\\/\\\/naturalpoland.com\\\/wp-content\\\/uploads\\\/2021\\\/05\\\/natural-poland-icon.png\",\"contentUrl\":\"https:\\\/\\\/naturalpoland.com\\\/wp-content\\\/uploads\\\/2021\\\/05\\\/natural-poland-icon.png\",\"width\":512,\"height\":512,\"caption\":\"Natural Poland\"},\"image\":{\"@id\":\"https:\\\/\\\/naturalpoland.com\\\/fi\\\/#\\\/schema\\\/logo\\\/image\\\/\"},\"sameAs\":[\"https:\\\/\\\/www.facebook.com\\\/naturalpoland.b2b\",\"https:\\\/\\\/pl.linkedin.com\\\/company\\\/natural-poland\",\"https:\\\/\\\/www.youtube.com\\\/channel\\\/UCgeGGkvOMahZo-xu_MSEWxg\"]}]}<\/script>\n<!-- \/ Yoast SEO plugin. -->","yoast_head_json":{"title":"Colostrum Bovinum (naudankolostrum) - Tukkudistribuutio","description":"Colostrum Bovinum \u2013 korkealaatuinen naudankolostrumjauhe, standardisoitu yli 30 % IgG-pitoisuuteen. Elintarvikelaatuinen raaka-aine ravintolisiin, elintarvikkeisiin ja kosmetiikkaan.","robots":{"index":"index","follow":"follow","max-snippet":"max-snippet:-1","max-image-preview":"max-image-preview:large","max-video-preview":"max-video-preview:-1"},"canonical":"https:\/\/naturalpoland.com\/fi\/tuotteet\/laaketeollisuuden-tuotteet\/ravintolisien-ainesosat\/colostrum-bovinum-naudankolostrum\/","og_locale":"fi_FI","og_type":"article","og_title":"Colostrum Bovinum (naudankolostrum) - Tukkudistribuutio","og_description":"Colostrum Bovinum \u2013 korkealaatuinen naudankolostrumjauhe, standardisoitu yli 30 % IgG-pitoisuuteen. Elintarvikelaatuinen raaka-aine ravintolisiin, elintarvikkeisiin ja kosmetiikkaan.","og_url":"https:\/\/naturalpoland.com\/fi\/tuotteet\/laaketeollisuuden-tuotteet\/ravintolisien-ainesosat\/colostrum-bovinum-naudankolostrum\/","og_site_name":"NATURAL POLAND - RAAKA-AINEIDEN TUKKUJAKELIJA","article_publisher":"https:\/\/www.facebook.com\/naturalpoland.b2b","article_modified_time":"2026-02-19T11:29:14+00:00","og_image":[{"width":1024,"height":1024,"url":"https:\/\/naturalpoland.com\/wp-content\/uploads\/kolostrum-2.webp","type":"image\/webp"}],"schema":{"@context":"https:\/\/schema.org","@graph":[{"@type":"WebPage","@id":"https:\/\/naturalpoland.com\/fi\/tuotteet\/laaketeollisuuden-tuotteet\/ravintolisien-ainesosat\/colostrum-bovinum-naudankolostrum\/","url":"https:\/\/naturalpoland.com\/fi\/tuotteet\/laaketeollisuuden-tuotteet\/ravintolisien-ainesosat\/colostrum-bovinum-naudankolostrum\/","name":"Colostrum Bovinum (naudankolostrum) - Tukkudistribuutio","isPartOf":{"@id":"https:\/\/naturalpoland.com\/fi\/#website"},"primaryImageOfPage":{"@id":"https:\/\/naturalpoland.com\/fi\/tuotteet\/laaketeollisuuden-tuotteet\/ravintolisien-ainesosat\/colostrum-bovinum-naudankolostrum\/#primaryimage"},"image":{"@id":"https:\/\/naturalpoland.com\/fi\/tuotteet\/laaketeollisuuden-tuotteet\/ravintolisien-ainesosat\/colostrum-bovinum-naudankolostrum\/#primaryimage"},"thumbnailUrl":"https:\/\/naturalpoland.com\/wp-content\/uploads\/kolostrum-2.webp","datePublished":"2026-02-17T14:17:18+00:00","dateModified":"2026-02-19T11:29:14+00:00","description":"Colostrum Bovinum \u2013 korkealaatuinen naudankolostrumjauhe, standardisoitu yli 30 % IgG-pitoisuuteen. Elintarvikelaatuinen raaka-aine ravintolisiin, elintarvikkeisiin ja kosmetiikkaan.","breadcrumb":{"@id":"https:\/\/naturalpoland.com\/fi\/tuotteet\/laaketeollisuuden-tuotteet\/ravintolisien-ainesosat\/colostrum-bovinum-naudankolostrum\/#breadcrumb"},"inLanguage":"fi","potentialAction":[{"@type":"ReadAction","target":["https:\/\/naturalpoland.com\/fi\/tuotteet\/laaketeollisuuden-tuotteet\/ravintolisien-ainesosat\/colostrum-bovinum-naudankolostrum\/"]}]},{"@type":"ImageObject","inLanguage":"fi","@id":"https:\/\/naturalpoland.com\/fi\/tuotteet\/laaketeollisuuden-tuotteet\/ravintolisien-ainesosat\/colostrum-bovinum-naudankolostrum\/#primaryimage","url":"https:\/\/naturalpoland.com\/wp-content\/uploads\/kolostrum-2.webp","contentUrl":"https:\/\/naturalpoland.com\/wp-content\/uploads\/kolostrum-2.webp","width":1024,"height":1024,"caption":"Colostrum Bovinum"},{"@type":"BreadcrumbList","@id":"https:\/\/naturalpoland.com\/fi\/tuotteet\/laaketeollisuuden-tuotteet\/ravintolisien-ainesosat\/colostrum-bovinum-naudankolostrum\/#breadcrumb","itemListElement":[{"@type":"ListItem","position":1,"name":"Etusivu","item":"https:\/\/naturalpoland.com\/fi\/"},{"@type":"ListItem","position":2,"name":"Tuotteet","item":"https:\/\/naturalpoland.com\/fi\/tuotteet\/"},{"@type":"ListItem","position":3,"name":"Colostrum Bovinum (naudankolostrum)"}]},{"@type":"WebSite","@id":"https:\/\/naturalpoland.com\/fi\/#website","url":"https:\/\/naturalpoland.com\/fi\/","name":"NATURAL POLAND - RAAKA-AINEIDEN TUKKUJAKELIJA","description":"Surowce dla przemys\u0142u spo\u017cywczego, kosmetycznego i farmaceutycznego","publisher":{"@id":"https:\/\/naturalpoland.com\/fi\/#organization"},"potentialAction":[{"@type":"SearchAction","target":{"@type":"EntryPoint","urlTemplate":"https:\/\/naturalpoland.com\/fi\/?s={search_term_string}"},"query-input":{"@type":"PropertyValueSpecification","valueRequired":true,"valueName":"search_term_string"}}],"inLanguage":"fi"},{"@type":"Organization","@id":"https:\/\/naturalpoland.com\/fi\/#organization","name":"Natural Poland","url":"https:\/\/naturalpoland.com\/fi\/","logo":{"@type":"ImageObject","inLanguage":"fi","@id":"https:\/\/naturalpoland.com\/fi\/#\/schema\/logo\/image\/","url":"https:\/\/naturalpoland.com\/wp-content\/uploads\/2021\/05\/natural-poland-icon.png","contentUrl":"https:\/\/naturalpoland.com\/wp-content\/uploads\/2021\/05\/natural-poland-icon.png","width":512,"height":512,"caption":"Natural Poland"},"image":{"@id":"https:\/\/naturalpoland.com\/fi\/#\/schema\/logo\/image\/"},"sameAs":["https:\/\/www.facebook.com\/naturalpoland.b2b","https:\/\/pl.linkedin.com\/company\/natural-poland","https:\/\/www.youtube.com\/channel\/UCgeGGkvOMahZo-xu_MSEWxg"]}]}},"_links":{"self":[{"href":"https:\/\/naturalpoland.com\/fi\/wp-json\/wp\/v2\/product\/45995","targetHints":{"allow":["GET"]}}],"collection":[{"href":"https:\/\/naturalpoland.com\/fi\/wp-json\/wp\/v2\/product"}],"about":[{"href":"https:\/\/naturalpoland.com\/fi\/wp-json\/wp\/v2\/types\/product"}],"wp:featuredmedia":[{"embeddable":true,"href":"https:\/\/naturalpoland.com\/fi\/wp-json\/wp\/v2\/media\/45996"}],"wp:attachment":[{"href":"https:\/\/naturalpoland.com\/fi\/wp-json\/wp\/v2\/media?parent=45995"}],"wp:term":[{"taxonomy":"product_brand","embeddable":true,"href":"https:\/\/naturalpoland.com\/fi\/wp-json\/wp\/v2\/product_brand?post=45995"},{"taxonomy":"product_cat","embeddable":true,"href":"https:\/\/naturalpoland.com\/fi\/wp-json\/wp\/v2\/product_cat?post=45995"},{"taxonomy":"product_tag","embeddable":true,"href":"https:\/\/naturalpoland.com\/fi\/wp-json\/wp\/v2\/product_tag?post=45995"}],"curies":[{"name":"wp","href":"https:\/\/api.w.org\/{rel}","templated":true}]}}