{"id":46557,"date":"2026-03-05T14:14:22","date_gmt":"2026-03-05T13:14:22","guid":{"rendered":"https:\/\/naturalpoland.com\/produkty\/Ei-luokiteltu\/kardemumman-uute\/"},"modified":"2026-03-10T13:49:58","modified_gmt":"2026-03-10T12:49:58","slug":"kardemumman-uute","status":"publish","type":"product","link":"https:\/\/naturalpoland.com\/fi\/tuotteet\/kasviuutteet\/kardemumman-uute\/","title":{"rendered":"Kardemumman uute"},"content":{"rendered":"<h2>Kardemumman uutteen ominaisuudet ja vaikutus:<\/h2>\n<p>Kardemumma on kasvi, joka on rikas luonnollisia eteerisi\u00e4 \u00f6ljyj\u00e4, fenoliyhdisteit\u00e4 sek\u00e4 muita bioaktiivisia ainesosia, jotka vastaavat sen voimakkaasta aromista ja toiminnallisista ominaisuuksista. N\u00e4m\u00e4 yhdisteet osoittavat antioksidanttivaikutusta, auttaen suojaamaan kehon soluja vapaiden radikaalien ja oksidatiivisen stressin vaikutuksilta. <\/p>\n<p>Kardemumman uute vaikuttaa my\u00f6nteisesti ruoansulatusprosesseihin <strong>parantamalla ruoansulatuskanavan toimintaa<\/strong>, ruoansulatusnesteiden parempaa erityst\u00e4 sek\u00e4 parantamalla ruoansulatusta raskaiden aterioiden j\u00e4lkeen.<\/p>\n<p>Kosmetiikassa kardemumman uutetta k\u00e4ytet\u00e4\u00e4n <strong>virkist\u00e4vien ja tonifioivien<\/strong> valmisteiden ainesosana. Kasvissa olevat aromaattiset yhdisteet voivat edist\u00e4\u00e4 ihon kunnon parantumista, ja antioksidanttiominaisuudet auttavat suojaamaan sit\u00e4 ymp\u00e4rist\u00f6tekij\u00f6ilt\u00e4. Uutteessa oleva glyseroli tukee lis\u00e4ksi ihon riitt\u00e4v\u00e4n kosteustason yll\u00e4pit\u00e4mist\u00e4.  <\/p>\n<p>Kardemumman uutetta voidaan hy\u00f6dynt\u00e4\u00e4 my\u00f6s aromaattisissa tuotteissa ja tuoksuvalmistuksissa, joissa sen luonnollinen mausteinen aromi antaa kompositioille tunnusomaisen, l\u00e4mpim\u00e4n tuoksuprofiilin.<\/p>\n<h2>Kardemumman uutteen k\u00e4ytt\u00f6:<\/h2>\n<p>Kardemumman uutetta k\u00e4ytet\u00e4\u00e4n monilla teollisuudenaloilla, muun muassa:<\/p>\n<ul>\n<li>ruoansulatusta tukevissa ravintolisissa,<\/li>\n<li>elintarvikkeissa ja toiminnallisissa juomissa,<\/li>\n<li>hoitavissa ja tonifioivissa kosmetiikkatuotteissa,<\/li>\n<li>aromaterapiavalmisteissa,<\/li>\n<li>luonnontuotteissa ja kasviper\u00e4isiss\u00e4 kosmeettisissa valmistuksissa.<\/li>\n<\/ul>\n<p>Aines liukenee hyvin veteen ja osittain alkoholiin, mutta on liukenematon mineraali\u00f6ljyihin. Tuote t\u00e4ytt\u00e4\u00e4 mikrobiologiset vaatimukset sek\u00e4 raskasmetallien ja torjunta-aineiden pitoisuuksia koskevat normit, ei sis\u00e4ll\u00e4 GMO:ta eik\u00e4 ole altistettu s\u00e4teilytykselle. <\/p>\n","protected":false},"excerpt":{"rendered":"<p><strong>Kardemumman uute<\/strong> saadaan <em>Elettaria cardamomum<\/em> -kasvin siemenist\u00e4 ja se on glyseroli-vesiuutteen muodossa, joka saadaan uuttamalla kuivattua kasviainesta veden ja glyserolin seoksella suhteessa 1:1.<\/p>\n","protected":false},"featured_media":46558,"template":"","meta":{"_acf_changed":false},"product_brand":[],"product_cat":[528],"product_tag":[],"class_list":{"0":"post-46557","1":"product","2":"type-product","3":"status-publish","4":"has-post-thumbnail","6":"product_cat-kasviuutteet","7":"pa_czesc-rosliny-siemenet","9":"first","10":"instock","11":"shipping-taxable","12":"product-type-simple"},"acf":[],"yoast_head":"<!-- This site is optimized with the Yoast SEO plugin v27.5 - https:\/\/yoast.com\/product\/yoast-seo-wordpress\/ -->\n<title>Kardemumman uute - Tukkudistribuutio<\/title>\n<meta name=\"description\" content=\"Kardemumman uute (Elettaria cardamomum) on luonnollinen kasviaines, jolla on aromaattisia ja ruoansulatusta tukevia ominaisuuksia.\" \/>\n<meta name=\"robots\" content=\"index, follow, max-snippet:-1, max-image-preview:large, max-video-preview:-1\" \/>\n<link rel=\"canonical\" href=\"https:\/\/naturalpoland.com\/fi\/tuotteet\/kasviuutteet\/kardemumman-uute\/\" \/>\n<meta property=\"og:locale\" content=\"fi_FI\" \/>\n<meta property=\"og:type\" content=\"article\" \/>\n<meta property=\"og:title\" content=\"Kardemumman uute - Tukkudistribuutio\" \/>\n<meta property=\"og:description\" content=\"Kardemumman uute (Elettaria cardamomum) on luonnollinen kasviaines, jolla on aromaattisia ja ruoansulatusta tukevia ominaisuuksia.\" \/>\n<meta property=\"og:url\" content=\"https:\/\/naturalpoland.com\/fi\/tuotteet\/kasviuutteet\/kardemumman-uute\/\" \/>\n<meta property=\"og:site_name\" content=\"NATURAL POLAND - RAAKA-AINEIDEN TUKKUJAKELIJA\" \/>\n<meta property=\"article:publisher\" content=\"https:\/\/www.facebook.com\/naturalpoland.b2b\" \/>\n<meta property=\"article:modified_time\" content=\"2026-03-10T12:49:58+00:00\" \/>\n<meta property=\"og:image\" content=\"https:\/\/naturalpoland.com\/wp-content\/uploads\/ekstrakt-z-kardamonu.webp\" \/>\n\t<meta property=\"og:image:width\" content=\"1024\" \/>\n\t<meta property=\"og:image:height\" content=\"1024\" \/>\n\t<meta property=\"og:image:type\" content=\"image\/webp\" \/>\n<script type=\"application\/ld+json\" class=\"yoast-schema-graph\">{\"@context\":\"https:\\\/\\\/schema.org\",\"@graph\":[{\"@type\":\"WebPage\",\"@id\":\"https:\\\/\\\/naturalpoland.com\\\/fi\\\/tuotteet\\\/kasviuutteet\\\/kardemumman-uute\\\/\",\"url\":\"https:\\\/\\\/naturalpoland.com\\\/fi\\\/tuotteet\\\/kasviuutteet\\\/kardemumman-uute\\\/\",\"name\":\"Kardemumman uute - Tukkudistribuutio\",\"isPartOf\":{\"@id\":\"https:\\\/\\\/naturalpoland.com\\\/fi\\\/#website\"},\"primaryImageOfPage\":{\"@id\":\"https:\\\/\\\/naturalpoland.com\\\/fi\\\/tuotteet\\\/kasviuutteet\\\/kardemumman-uute\\\/#primaryimage\"},\"image\":{\"@id\":\"https:\\\/\\\/naturalpoland.com\\\/fi\\\/tuotteet\\\/kasviuutteet\\\/kardemumman-uute\\\/#primaryimage\"},\"thumbnailUrl\":\"https:\\\/\\\/naturalpoland.com\\\/wp-content\\\/uploads\\\/ekstrakt-z-kardamonu.webp\",\"datePublished\":\"2026-03-05T13:14:22+00:00\",\"dateModified\":\"2026-03-10T12:49:58+00:00\",\"description\":\"Kardemumman uute (Elettaria cardamomum) on luonnollinen kasviaines, jolla on aromaattisia ja ruoansulatusta tukevia ominaisuuksia.\",\"breadcrumb\":{\"@id\":\"https:\\\/\\\/naturalpoland.com\\\/fi\\\/tuotteet\\\/kasviuutteet\\\/kardemumman-uute\\\/#breadcrumb\"},\"inLanguage\":\"fi\",\"potentialAction\":[{\"@type\":\"ReadAction\",\"target\":[\"https:\\\/\\\/naturalpoland.com\\\/fi\\\/tuotteet\\\/kasviuutteet\\\/kardemumman-uute\\\/\"]}]},{\"@type\":\"ImageObject\",\"inLanguage\":\"fi\",\"@id\":\"https:\\\/\\\/naturalpoland.com\\\/fi\\\/tuotteet\\\/kasviuutteet\\\/kardemumman-uute\\\/#primaryimage\",\"url\":\"https:\\\/\\\/naturalpoland.com\\\/wp-content\\\/uploads\\\/ekstrakt-z-kardamonu.webp\",\"contentUrl\":\"https:\\\/\\\/naturalpoland.com\\\/wp-content\\\/uploads\\\/ekstrakt-z-kardamonu.webp\",\"width\":1024,\"height\":1024,\"caption\":\"kanelin glyseroli-vesiuute\"},{\"@type\":\"BreadcrumbList\",\"@id\":\"https:\\\/\\\/naturalpoland.com\\\/fi\\\/tuotteet\\\/kasviuutteet\\\/kardemumman-uute\\\/#breadcrumb\",\"itemListElement\":[{\"@type\":\"ListItem\",\"position\":1,\"name\":\"Etusivu\",\"item\":\"https:\\\/\\\/naturalpoland.com\\\/fi\\\/\"},{\"@type\":\"ListItem\",\"position\":2,\"name\":\"Tuotteet\",\"item\":\"https:\\\/\\\/naturalpoland.com\\\/fi\\\/tuotteet\\\/\"},{\"@type\":\"ListItem\",\"position\":3,\"name\":\"Kardemumman uute\"}]},{\"@type\":\"WebSite\",\"@id\":\"https:\\\/\\\/naturalpoland.com\\\/fi\\\/#website\",\"url\":\"https:\\\/\\\/naturalpoland.com\\\/fi\\\/\",\"name\":\"NATURAL POLAND - RAAKA-AINEIDEN TUKKUJAKELIJA\",\"description\":\"Surowce dla przemys\u0142u spo\u017cywczego, kosmetycznego i farmaceutycznego\",\"publisher\":{\"@id\":\"https:\\\/\\\/naturalpoland.com\\\/fi\\\/#organization\"},\"potentialAction\":[{\"@type\":\"SearchAction\",\"target\":{\"@type\":\"EntryPoint\",\"urlTemplate\":\"https:\\\/\\\/naturalpoland.com\\\/fi\\\/?s={search_term_string}\"},\"query-input\":{\"@type\":\"PropertyValueSpecification\",\"valueRequired\":true,\"valueName\":\"search_term_string\"}}],\"inLanguage\":\"fi\"},{\"@type\":\"Organization\",\"@id\":\"https:\\\/\\\/naturalpoland.com\\\/fi\\\/#organization\",\"name\":\"Natural Poland\",\"url\":\"https:\\\/\\\/naturalpoland.com\\\/fi\\\/\",\"logo\":{\"@type\":\"ImageObject\",\"inLanguage\":\"fi\",\"@id\":\"https:\\\/\\\/naturalpoland.com\\\/fi\\\/#\\\/schema\\\/logo\\\/image\\\/\",\"url\":\"https:\\\/\\\/naturalpoland.com\\\/wp-content\\\/uploads\\\/2021\\\/05\\\/natural-poland-icon.png\",\"contentUrl\":\"https:\\\/\\\/naturalpoland.com\\\/wp-content\\\/uploads\\\/2021\\\/05\\\/natural-poland-icon.png\",\"width\":512,\"height\":512,\"caption\":\"Natural Poland\"},\"image\":{\"@id\":\"https:\\\/\\\/naturalpoland.com\\\/fi\\\/#\\\/schema\\\/logo\\\/image\\\/\"},\"sameAs\":[\"https:\\\/\\\/www.facebook.com\\\/naturalpoland.b2b\",\"https:\\\/\\\/pl.linkedin.com\\\/company\\\/natural-poland\",\"https:\\\/\\\/www.youtube.com\\\/channel\\\/UCgeGGkvOMahZo-xu_MSEWxg\"]}]}<\/script>\n<!-- \/ Yoast SEO plugin. -->","yoast_head_json":{"title":"Kardemumman uute - Tukkudistribuutio","description":"Kardemumman uute (Elettaria cardamomum) on luonnollinen kasviaines, jolla on aromaattisia ja ruoansulatusta tukevia ominaisuuksia.","robots":{"index":"index","follow":"follow","max-snippet":"max-snippet:-1","max-image-preview":"max-image-preview:large","max-video-preview":"max-video-preview:-1"},"canonical":"https:\/\/naturalpoland.com\/fi\/tuotteet\/kasviuutteet\/kardemumman-uute\/","og_locale":"fi_FI","og_type":"article","og_title":"Kardemumman uute - Tukkudistribuutio","og_description":"Kardemumman uute (Elettaria cardamomum) on luonnollinen kasviaines, jolla on aromaattisia ja ruoansulatusta tukevia ominaisuuksia.","og_url":"https:\/\/naturalpoland.com\/fi\/tuotteet\/kasviuutteet\/kardemumman-uute\/","og_site_name":"NATURAL POLAND - RAAKA-AINEIDEN TUKKUJAKELIJA","article_publisher":"https:\/\/www.facebook.com\/naturalpoland.b2b","article_modified_time":"2026-03-10T12:49:58+00:00","og_image":[{"width":1024,"height":1024,"url":"https:\/\/naturalpoland.com\/wp-content\/uploads\/ekstrakt-z-kardamonu.webp","type":"image\/webp"}],"schema":{"@context":"https:\/\/schema.org","@graph":[{"@type":"WebPage","@id":"https:\/\/naturalpoland.com\/fi\/tuotteet\/kasviuutteet\/kardemumman-uute\/","url":"https:\/\/naturalpoland.com\/fi\/tuotteet\/kasviuutteet\/kardemumman-uute\/","name":"Kardemumman uute - Tukkudistribuutio","isPartOf":{"@id":"https:\/\/naturalpoland.com\/fi\/#website"},"primaryImageOfPage":{"@id":"https:\/\/naturalpoland.com\/fi\/tuotteet\/kasviuutteet\/kardemumman-uute\/#primaryimage"},"image":{"@id":"https:\/\/naturalpoland.com\/fi\/tuotteet\/kasviuutteet\/kardemumman-uute\/#primaryimage"},"thumbnailUrl":"https:\/\/naturalpoland.com\/wp-content\/uploads\/ekstrakt-z-kardamonu.webp","datePublished":"2026-03-05T13:14:22+00:00","dateModified":"2026-03-10T12:49:58+00:00","description":"Kardemumman uute (Elettaria cardamomum) on luonnollinen kasviaines, jolla on aromaattisia ja ruoansulatusta tukevia ominaisuuksia.","breadcrumb":{"@id":"https:\/\/naturalpoland.com\/fi\/tuotteet\/kasviuutteet\/kardemumman-uute\/#breadcrumb"},"inLanguage":"fi","potentialAction":[{"@type":"ReadAction","target":["https:\/\/naturalpoland.com\/fi\/tuotteet\/kasviuutteet\/kardemumman-uute\/"]}]},{"@type":"ImageObject","inLanguage":"fi","@id":"https:\/\/naturalpoland.com\/fi\/tuotteet\/kasviuutteet\/kardemumman-uute\/#primaryimage","url":"https:\/\/naturalpoland.com\/wp-content\/uploads\/ekstrakt-z-kardamonu.webp","contentUrl":"https:\/\/naturalpoland.com\/wp-content\/uploads\/ekstrakt-z-kardamonu.webp","width":1024,"height":1024,"caption":"kanelin glyseroli-vesiuute"},{"@type":"BreadcrumbList","@id":"https:\/\/naturalpoland.com\/fi\/tuotteet\/kasviuutteet\/kardemumman-uute\/#breadcrumb","itemListElement":[{"@type":"ListItem","position":1,"name":"Etusivu","item":"https:\/\/naturalpoland.com\/fi\/"},{"@type":"ListItem","position":2,"name":"Tuotteet","item":"https:\/\/naturalpoland.com\/fi\/tuotteet\/"},{"@type":"ListItem","position":3,"name":"Kardemumman uute"}]},{"@type":"WebSite","@id":"https:\/\/naturalpoland.com\/fi\/#website","url":"https:\/\/naturalpoland.com\/fi\/","name":"NATURAL POLAND - RAAKA-AINEIDEN TUKKUJAKELIJA","description":"Surowce dla przemys\u0142u spo\u017cywczego, kosmetycznego i farmaceutycznego","publisher":{"@id":"https:\/\/naturalpoland.com\/fi\/#organization"},"potentialAction":[{"@type":"SearchAction","target":{"@type":"EntryPoint","urlTemplate":"https:\/\/naturalpoland.com\/fi\/?s={search_term_string}"},"query-input":{"@type":"PropertyValueSpecification","valueRequired":true,"valueName":"search_term_string"}}],"inLanguage":"fi"},{"@type":"Organization","@id":"https:\/\/naturalpoland.com\/fi\/#organization","name":"Natural Poland","url":"https:\/\/naturalpoland.com\/fi\/","logo":{"@type":"ImageObject","inLanguage":"fi","@id":"https:\/\/naturalpoland.com\/fi\/#\/schema\/logo\/image\/","url":"https:\/\/naturalpoland.com\/wp-content\/uploads\/2021\/05\/natural-poland-icon.png","contentUrl":"https:\/\/naturalpoland.com\/wp-content\/uploads\/2021\/05\/natural-poland-icon.png","width":512,"height":512,"caption":"Natural Poland"},"image":{"@id":"https:\/\/naturalpoland.com\/fi\/#\/schema\/logo\/image\/"},"sameAs":["https:\/\/www.facebook.com\/naturalpoland.b2b","https:\/\/pl.linkedin.com\/company\/natural-poland","https:\/\/www.youtube.com\/channel\/UCgeGGkvOMahZo-xu_MSEWxg"]}]}},"_links":{"self":[{"href":"https:\/\/naturalpoland.com\/fi\/wp-json\/wp\/v2\/product\/46557","targetHints":{"allow":["GET"]}}],"collection":[{"href":"https:\/\/naturalpoland.com\/fi\/wp-json\/wp\/v2\/product"}],"about":[{"href":"https:\/\/naturalpoland.com\/fi\/wp-json\/wp\/v2\/types\/product"}],"wp:featuredmedia":[{"embeddable":true,"href":"https:\/\/naturalpoland.com\/fi\/wp-json\/wp\/v2\/media\/46558"}],"wp:attachment":[{"href":"https:\/\/naturalpoland.com\/fi\/wp-json\/wp\/v2\/media?parent=46557"}],"wp:term":[{"taxonomy":"product_brand","embeddable":true,"href":"https:\/\/naturalpoland.com\/fi\/wp-json\/wp\/v2\/product_brand?post=46557"},{"taxonomy":"product_cat","embeddable":true,"href":"https:\/\/naturalpoland.com\/fi\/wp-json\/wp\/v2\/product_cat?post=46557"},{"taxonomy":"product_tag","embeddable":true,"href":"https:\/\/naturalpoland.com\/fi\/wp-json\/wp\/v2\/product_tag?post=46557"}],"curies":[{"name":"wp","href":"https:\/\/api.w.org\/{rel}","templated":true}]}}