{"id":46595,"date":"2026-03-05T15:00:34","date_gmt":"2026-03-05T14:00:34","guid":{"rendered":"https:\/\/naturalpoland.com\/produkty\/Ei-luokiteltu\/timjamilehtiuute\/"},"modified":"2026-03-10T13:58:19","modified_gmt":"2026-03-10T12:58:19","slug":"timjamilehtiuute","status":"publish","type":"product","link":"https:\/\/naturalpoland.com\/fi\/tuotteet\/kasviuutteet\/timjamilehtiuute\/","title":{"rendered":"Timjamilehtiuute"},"content":{"rendered":"<h2>Timjaniuutteen ominaisuudet ja vaikutus:<\/h2>\n<p><strong>Timjamilehdet<\/strong> sis\u00e4lt\u00e4v\u00e4t runsaasti bioaktiivisia yhdisteit\u00e4, kuten eteerisi\u00e4 \u00f6ljyj\u00e4, flavonoideja ja fenoliyhdisteit\u00e4. N\u00e4ill\u00e4 aineilla on antioksidanttisia ominaisuuksia ja ne auttavat suojaamaan soluja vapaiden radikaalien vaikutuksilta. <\/p>\n<p>Timjamilehtiuutetta k\u00e4ytet\u00e4\u00e4n kosmetiikassa, joka on tarkoitettu <strong>ongelmallisen ja rasvottuneen ihon hoitoon<\/strong>. Timjamissa olevilla yhdisteill\u00e4 on antibakteerisia ja puhdistavia ominaisuuksia, mink\u00e4 vuoksi ne voivat parantaa ep\u00e4puhtauksiin taipuvaisen ihon kuntoa. Timjaniuutetta sis\u00e4lt\u00e4v\u00e4t valmisteet voivat auttaa talin erityksen s\u00e4\u00e4telyss\u00e4 sek\u00e4 tukea ihon mikrobiologisen tasapainon yll\u00e4pit\u00e4mist\u00e4.  <\/p>\n<p>Kosmeettisissa formulaatioissa timjaniuutteella on my\u00f6s <strong>virkist\u00e4v\u00e4 ja raikastava vaikutus<\/strong>. Se voi tukea ihon luonnollista suojaavaa estett\u00e4, parantaa sen ulkon\u00e4k\u00f6\u00e4 sek\u00e4 antaa kosmetiikalle ominaisen yrttim\u00e4isen tuoksuprofiilin. Glyseriinit\u00e4ydennys tukee ihon riitt\u00e4v\u00e4n kosteustason yll\u00e4pit\u00e4mist\u00e4.  <\/p>\n<p>Ominaisuuksiensa ansiosta timjaniuutetta k\u00e4ytet\u00e4\u00e4n my\u00f6s <strong>p\u00e4\u00e4n ihon ja hiusten hoitovalmisteissa<\/strong>. Se voi tukea p\u00e4\u00e4n ihon puhdistamista ja parantaa sen k\u00e4ytt\u00f6mukavuutta. <\/p>\n<h2>Timjaniuutteen k\u00e4ytt\u00f6:<\/h2>\n<p>Vesi-glyseriinitimjamilehtiuutetta k\u00e4ytet\u00e4\u00e4n:<\/p>\n<ul>\n<li>rasvottuneen ja ongelmallisen ihon hoitokosmetiikassa,<\/li>\n<li>kasvojen kasvovesissa ja hydrolaateissa,<\/li>\n<li>puhdistavissa voiteissa ja seerumissa,<\/li>\n<li>p\u00e4\u00e4n ihon hoitokosmetiikassa,<\/li>\n<li>luonnollisessa kasvikosmetiikassa.<\/li>\n<\/ul>\n","protected":false},"excerpt":{"rendered":"<p><strong>Vesi-glyseriinitimjamilehtiuute<\/strong> saadaan <em>Thymus vulgaris<\/em> -kasvista, joka tunnetaan luonnollisten aromaattisten ja biologisesti aktiivisten yhdisteiden runsaudesta.<\/p>\n","protected":false},"featured_media":46596,"template":"","meta":{"_acf_changed":false},"product_brand":[],"product_cat":[528],"product_tag":[],"class_list":{"0":"post-46595","1":"product","2":"type-product","3":"status-publish","4":"has-post-thumbnail","6":"product_cat-kasviuutteet","8":"first","9":"instock","10":"shipping-taxable","11":"product-type-simple"},"acf":[],"yoast_head":"<!-- This site is optimized with the Yoast SEO plugin v27.5 - https:\/\/yoast.com\/product\/yoast-seo-wordpress\/ -->\n<title>Timjamilehtiuute - Tukkudistribuutio<\/title>\n<meta name=\"description\" content=\"Vesi-glyseriinitimjamilehtiuute on luonnollinen kosmeettinen raaka-aine, jolla on puhdistavia, antioksidanttisia ja tasapainottavia ominaisuuksia.\" \/>\n<meta name=\"robots\" content=\"index, follow, max-snippet:-1, max-image-preview:large, max-video-preview:-1\" \/>\n<link rel=\"canonical\" href=\"https:\/\/naturalpoland.com\/fi\/tuotteet\/kasviuutteet\/timjamilehtiuute\/\" \/>\n<meta property=\"og:locale\" content=\"fi_FI\" \/>\n<meta property=\"og:type\" content=\"article\" \/>\n<meta property=\"og:title\" content=\"Timjamilehtiuute - Tukkudistribuutio\" \/>\n<meta property=\"og:description\" content=\"Vesi-glyseriinitimjamilehtiuute on luonnollinen kosmeettinen raaka-aine, jolla on puhdistavia, antioksidanttisia ja tasapainottavia ominaisuuksia.\" \/>\n<meta property=\"og:url\" content=\"https:\/\/naturalpoland.com\/fi\/tuotteet\/kasviuutteet\/timjamilehtiuute\/\" \/>\n<meta property=\"og:site_name\" content=\"NATURAL POLAND - RAAKA-AINEIDEN TUKKUJAKELIJA\" \/>\n<meta property=\"article:publisher\" content=\"https:\/\/www.facebook.com\/naturalpoland.b2b\" \/>\n<meta property=\"article:modified_time\" content=\"2026-03-10T12:58:19+00:00\" \/>\n<meta property=\"og:image\" content=\"https:\/\/naturalpoland.com\/wp-content\/uploads\/ekstrakt-z-tymianku.webp\" \/>\n\t<meta property=\"og:image:width\" content=\"350\" \/>\n\t<meta property=\"og:image:height\" content=\"350\" \/>\n\t<meta property=\"og:image:type\" content=\"image\/webp\" \/>\n<script type=\"application\/ld+json\" class=\"yoast-schema-graph\">{\"@context\":\"https:\\\/\\\/schema.org\",\"@graph\":[{\"@type\":\"WebPage\",\"@id\":\"https:\\\/\\\/naturalpoland.com\\\/fi\\\/tuotteet\\\/kasviuutteet\\\/timjamilehtiuute\\\/\",\"url\":\"https:\\\/\\\/naturalpoland.com\\\/fi\\\/tuotteet\\\/kasviuutteet\\\/timjamilehtiuute\\\/\",\"name\":\"Timjamilehtiuute - Tukkudistribuutio\",\"isPartOf\":{\"@id\":\"https:\\\/\\\/naturalpoland.com\\\/fi\\\/#website\"},\"primaryImageOfPage\":{\"@id\":\"https:\\\/\\\/naturalpoland.com\\\/fi\\\/tuotteet\\\/kasviuutteet\\\/timjamilehtiuute\\\/#primaryimage\"},\"image\":{\"@id\":\"https:\\\/\\\/naturalpoland.com\\\/fi\\\/tuotteet\\\/kasviuutteet\\\/timjamilehtiuute\\\/#primaryimage\"},\"thumbnailUrl\":\"https:\\\/\\\/naturalpoland.com\\\/wp-content\\\/uploads\\\/ekstrakt-z-tymianku.webp\",\"datePublished\":\"2026-03-05T14:00:34+00:00\",\"dateModified\":\"2026-03-10T12:58:19+00:00\",\"description\":\"Vesi-glyseriinitimjamilehtiuute on luonnollinen kosmeettinen raaka-aine, jolla on puhdistavia, antioksidanttisia ja tasapainottavia ominaisuuksia.\",\"breadcrumb\":{\"@id\":\"https:\\\/\\\/naturalpoland.com\\\/fi\\\/tuotteet\\\/kasviuutteet\\\/timjamilehtiuute\\\/#breadcrumb\"},\"inLanguage\":\"fi\",\"potentialAction\":[{\"@type\":\"ReadAction\",\"target\":[\"https:\\\/\\\/naturalpoland.com\\\/fi\\\/tuotteet\\\/kasviuutteet\\\/timjamilehtiuute\\\/\"]}]},{\"@type\":\"ImageObject\",\"inLanguage\":\"fi\",\"@id\":\"https:\\\/\\\/naturalpoland.com\\\/fi\\\/tuotteet\\\/kasviuutteet\\\/timjamilehtiuute\\\/#primaryimage\",\"url\":\"https:\\\/\\\/naturalpoland.com\\\/wp-content\\\/uploads\\\/ekstrakt-z-tymianku.webp\",\"contentUrl\":\"https:\\\/\\\/naturalpoland.com\\\/wp-content\\\/uploads\\\/ekstrakt-z-tymianku.webp\",\"width\":350,\"height\":350,\"caption\":\"Vesi-glyseriinitimjamilehtiuute\"},{\"@type\":\"BreadcrumbList\",\"@id\":\"https:\\\/\\\/naturalpoland.com\\\/fi\\\/tuotteet\\\/kasviuutteet\\\/timjamilehtiuute\\\/#breadcrumb\",\"itemListElement\":[{\"@type\":\"ListItem\",\"position\":1,\"name\":\"Etusivu\",\"item\":\"https:\\\/\\\/naturalpoland.com\\\/fi\\\/\"},{\"@type\":\"ListItem\",\"position\":2,\"name\":\"Tuotteet\",\"item\":\"https:\\\/\\\/naturalpoland.com\\\/fi\\\/tuotteet\\\/\"},{\"@type\":\"ListItem\",\"position\":3,\"name\":\"Timjamilehtiuute\"}]},{\"@type\":\"WebSite\",\"@id\":\"https:\\\/\\\/naturalpoland.com\\\/fi\\\/#website\",\"url\":\"https:\\\/\\\/naturalpoland.com\\\/fi\\\/\",\"name\":\"NATURAL POLAND - RAAKA-AINEIDEN TUKKUJAKELIJA\",\"description\":\"Surowce dla przemys\u0142u spo\u017cywczego, kosmetycznego i farmaceutycznego\",\"publisher\":{\"@id\":\"https:\\\/\\\/naturalpoland.com\\\/fi\\\/#organization\"},\"potentialAction\":[{\"@type\":\"SearchAction\",\"target\":{\"@type\":\"EntryPoint\",\"urlTemplate\":\"https:\\\/\\\/naturalpoland.com\\\/fi\\\/?s={search_term_string}\"},\"query-input\":{\"@type\":\"PropertyValueSpecification\",\"valueRequired\":true,\"valueName\":\"search_term_string\"}}],\"inLanguage\":\"fi\"},{\"@type\":\"Organization\",\"@id\":\"https:\\\/\\\/naturalpoland.com\\\/fi\\\/#organization\",\"name\":\"Natural Poland\",\"url\":\"https:\\\/\\\/naturalpoland.com\\\/fi\\\/\",\"logo\":{\"@type\":\"ImageObject\",\"inLanguage\":\"fi\",\"@id\":\"https:\\\/\\\/naturalpoland.com\\\/fi\\\/#\\\/schema\\\/logo\\\/image\\\/\",\"url\":\"https:\\\/\\\/naturalpoland.com\\\/wp-content\\\/uploads\\\/2021\\\/05\\\/natural-poland-icon.png\",\"contentUrl\":\"https:\\\/\\\/naturalpoland.com\\\/wp-content\\\/uploads\\\/2021\\\/05\\\/natural-poland-icon.png\",\"width\":512,\"height\":512,\"caption\":\"Natural Poland\"},\"image\":{\"@id\":\"https:\\\/\\\/naturalpoland.com\\\/fi\\\/#\\\/schema\\\/logo\\\/image\\\/\"},\"sameAs\":[\"https:\\\/\\\/www.facebook.com\\\/naturalpoland.b2b\",\"https:\\\/\\\/pl.linkedin.com\\\/company\\\/natural-poland\",\"https:\\\/\\\/www.youtube.com\\\/channel\\\/UCgeGGkvOMahZo-xu_MSEWxg\"]}]}<\/script>\n<!-- \/ Yoast SEO plugin. -->","yoast_head_json":{"title":"Timjamilehtiuute - Tukkudistribuutio","description":"Vesi-glyseriinitimjamilehtiuute on luonnollinen kosmeettinen raaka-aine, jolla on puhdistavia, antioksidanttisia ja tasapainottavia ominaisuuksia.","robots":{"index":"index","follow":"follow","max-snippet":"max-snippet:-1","max-image-preview":"max-image-preview:large","max-video-preview":"max-video-preview:-1"},"canonical":"https:\/\/naturalpoland.com\/fi\/tuotteet\/kasviuutteet\/timjamilehtiuute\/","og_locale":"fi_FI","og_type":"article","og_title":"Timjamilehtiuute - Tukkudistribuutio","og_description":"Vesi-glyseriinitimjamilehtiuute on luonnollinen kosmeettinen raaka-aine, jolla on puhdistavia, antioksidanttisia ja tasapainottavia ominaisuuksia.","og_url":"https:\/\/naturalpoland.com\/fi\/tuotteet\/kasviuutteet\/timjamilehtiuute\/","og_site_name":"NATURAL POLAND - RAAKA-AINEIDEN TUKKUJAKELIJA","article_publisher":"https:\/\/www.facebook.com\/naturalpoland.b2b","article_modified_time":"2026-03-10T12:58:19+00:00","og_image":[{"width":350,"height":350,"url":"https:\/\/naturalpoland.com\/wp-content\/uploads\/ekstrakt-z-tymianku.webp","type":"image\/webp"}],"schema":{"@context":"https:\/\/schema.org","@graph":[{"@type":"WebPage","@id":"https:\/\/naturalpoland.com\/fi\/tuotteet\/kasviuutteet\/timjamilehtiuute\/","url":"https:\/\/naturalpoland.com\/fi\/tuotteet\/kasviuutteet\/timjamilehtiuute\/","name":"Timjamilehtiuute - Tukkudistribuutio","isPartOf":{"@id":"https:\/\/naturalpoland.com\/fi\/#website"},"primaryImageOfPage":{"@id":"https:\/\/naturalpoland.com\/fi\/tuotteet\/kasviuutteet\/timjamilehtiuute\/#primaryimage"},"image":{"@id":"https:\/\/naturalpoland.com\/fi\/tuotteet\/kasviuutteet\/timjamilehtiuute\/#primaryimage"},"thumbnailUrl":"https:\/\/naturalpoland.com\/wp-content\/uploads\/ekstrakt-z-tymianku.webp","datePublished":"2026-03-05T14:00:34+00:00","dateModified":"2026-03-10T12:58:19+00:00","description":"Vesi-glyseriinitimjamilehtiuute on luonnollinen kosmeettinen raaka-aine, jolla on puhdistavia, antioksidanttisia ja tasapainottavia ominaisuuksia.","breadcrumb":{"@id":"https:\/\/naturalpoland.com\/fi\/tuotteet\/kasviuutteet\/timjamilehtiuute\/#breadcrumb"},"inLanguage":"fi","potentialAction":[{"@type":"ReadAction","target":["https:\/\/naturalpoland.com\/fi\/tuotteet\/kasviuutteet\/timjamilehtiuute\/"]}]},{"@type":"ImageObject","inLanguage":"fi","@id":"https:\/\/naturalpoland.com\/fi\/tuotteet\/kasviuutteet\/timjamilehtiuute\/#primaryimage","url":"https:\/\/naturalpoland.com\/wp-content\/uploads\/ekstrakt-z-tymianku.webp","contentUrl":"https:\/\/naturalpoland.com\/wp-content\/uploads\/ekstrakt-z-tymianku.webp","width":350,"height":350,"caption":"Vesi-glyseriinitimjamilehtiuute"},{"@type":"BreadcrumbList","@id":"https:\/\/naturalpoland.com\/fi\/tuotteet\/kasviuutteet\/timjamilehtiuute\/#breadcrumb","itemListElement":[{"@type":"ListItem","position":1,"name":"Etusivu","item":"https:\/\/naturalpoland.com\/fi\/"},{"@type":"ListItem","position":2,"name":"Tuotteet","item":"https:\/\/naturalpoland.com\/fi\/tuotteet\/"},{"@type":"ListItem","position":3,"name":"Timjamilehtiuute"}]},{"@type":"WebSite","@id":"https:\/\/naturalpoland.com\/fi\/#website","url":"https:\/\/naturalpoland.com\/fi\/","name":"NATURAL POLAND - RAAKA-AINEIDEN TUKKUJAKELIJA","description":"Surowce dla przemys\u0142u spo\u017cywczego, kosmetycznego i farmaceutycznego","publisher":{"@id":"https:\/\/naturalpoland.com\/fi\/#organization"},"potentialAction":[{"@type":"SearchAction","target":{"@type":"EntryPoint","urlTemplate":"https:\/\/naturalpoland.com\/fi\/?s={search_term_string}"},"query-input":{"@type":"PropertyValueSpecification","valueRequired":true,"valueName":"search_term_string"}}],"inLanguage":"fi"},{"@type":"Organization","@id":"https:\/\/naturalpoland.com\/fi\/#organization","name":"Natural Poland","url":"https:\/\/naturalpoland.com\/fi\/","logo":{"@type":"ImageObject","inLanguage":"fi","@id":"https:\/\/naturalpoland.com\/fi\/#\/schema\/logo\/image\/","url":"https:\/\/naturalpoland.com\/wp-content\/uploads\/2021\/05\/natural-poland-icon.png","contentUrl":"https:\/\/naturalpoland.com\/wp-content\/uploads\/2021\/05\/natural-poland-icon.png","width":512,"height":512,"caption":"Natural Poland"},"image":{"@id":"https:\/\/naturalpoland.com\/fi\/#\/schema\/logo\/image\/"},"sameAs":["https:\/\/www.facebook.com\/naturalpoland.b2b","https:\/\/pl.linkedin.com\/company\/natural-poland","https:\/\/www.youtube.com\/channel\/UCgeGGkvOMahZo-xu_MSEWxg"]}]}},"_links":{"self":[{"href":"https:\/\/naturalpoland.com\/fi\/wp-json\/wp\/v2\/product\/46595","targetHints":{"allow":["GET"]}}],"collection":[{"href":"https:\/\/naturalpoland.com\/fi\/wp-json\/wp\/v2\/product"}],"about":[{"href":"https:\/\/naturalpoland.com\/fi\/wp-json\/wp\/v2\/types\/product"}],"wp:featuredmedia":[{"embeddable":true,"href":"https:\/\/naturalpoland.com\/fi\/wp-json\/wp\/v2\/media\/46596"}],"wp:attachment":[{"href":"https:\/\/naturalpoland.com\/fi\/wp-json\/wp\/v2\/media?parent=46595"}],"wp:term":[{"taxonomy":"product_brand","embeddable":true,"href":"https:\/\/naturalpoland.com\/fi\/wp-json\/wp\/v2\/product_brand?post=46595"},{"taxonomy":"product_cat","embeddable":true,"href":"https:\/\/naturalpoland.com\/fi\/wp-json\/wp\/v2\/product_cat?post=46595"},{"taxonomy":"product_tag","embeddable":true,"href":"https:\/\/naturalpoland.com\/fi\/wp-json\/wp\/v2\/product_tag?post=46595"}],"curies":[{"name":"wp","href":"https:\/\/api.w.org\/{rel}","templated":true}]}}