{"id":46711,"date":"2026-03-10T16:03:18","date_gmt":"2026-03-10T15:03:18","guid":{"rendered":"https:\/\/naturalpoland.com\/produkty\/Ei-luokiteltu\/pistaasiuute\/"},"modified":"2026-03-12T15:02:07","modified_gmt":"2026-03-12T14:02:07","slug":"pistaasiuute","status":"publish","type":"product","link":"https:\/\/naturalpoland.com\/fi\/tuotteet\/kasviuutteet\/pistaasiuute\/","title":{"rendered":"Pistaasiuute"},"content":{"rendered":"<h2>Pistaasiuutteen ominaisuudet ja vaikutukset<\/h2>\n<p>Pistaasit ovat monien bioaktiivisten ainesosien, kuten antioksidanttien, fenolisten yhdisteiden ja luonnollisten fytoravinteiden, rikas l\u00e4hde. T\u00e4m\u00e4n ansiosta pistaasiuutteella on antioksidanttisia ominaisuuksia, jotka auttavat neutraloimaan vapaita radikaaleja ja suojaamaan soluja oksidatiiviselta stressilt\u00e4. <\/p>\n<p>T\u00e4m\u00e4n raaka-aineen t\u00e4rkein erottava tekij\u00e4 on kasvimelatoniinin l\u00e4sn\u00e4olo, joka osallistuu unen ja valveillaolon syklin s\u00e4\u00e4telyyn. T\u00e4st\u00e4 syyst\u00e4 pistaasiuutetta k\u00e4ytet\u00e4\u00e4n ravintolisiss\u00e4, jotka on tarkoitettu vuorokausirytmist\u00e4\u00e4n huolehtiville henkil\u00f6ille, sek\u00e4 osana terveellist\u00e4 unta tukevia valmisteita. <\/p>\n<p>Melatoniini voi my\u00f6s vaikuttaa kehon unen aikana tapahtuviin uusiutumisprosesseihin, mink\u00e4 vuoksi luonnollisia melatoniinin l\u00e4hteit\u00e4 sis\u00e4lt\u00e4vi\u00e4 ainesosia k\u00e4ytet\u00e4\u00e4n usein valmisteissa, joiden tavoitteena on parantaa y\u00f6unen laatua.<\/p>\n<p>Lis\u00e4ksi pistaasiuute sis\u00e4lt\u00e4\u00e4 pistaasip\u00e4hkin\u00f6ille tyypillisi\u00e4 luonnollisia ravintoaineita, jotka voivat tukea kehon asianmukaista toimintaa ja aineenvaihduntaprosesseja.<\/p>\n<h2>Pistaasiuutteen k\u00e4ytt\u00f6<\/h2>\n<p>Pistaasiuutetta k\u00e4ytet\u00e4\u00e4n ensisijaisesti:<\/p>\n<ul>\n<li>terveellist\u00e4 unta tukevissa ravintolisiss\u00e4,<\/li>\n<li>vuorokausirytmin s\u00e4\u00e4tely\u00e4 tukevissa valmisteissa,<\/li>\n<li>antioksidanttisissa nutraceutical-tuotteissa,<\/li>\n<li>funktionaalisissa sekoituksissa, kuten \u201e<em>sleep support<\/em>\u201d -tuotteissa,<\/li>\n<li>jauhemuotoisissa valmisteissa ja ravintolis\u00e4kapseleissa.<\/li>\n<\/ul>\n","protected":false},"excerpt":{"rendered":"<p><strong>Pistaasiuute<\/strong> saadaan <em>Pistacia vera L.<\/em> -puun siemenist\u00e4, kasvista, joka tunnetaan ennen kaikkea arvokkaiden ravintoaineiden l\u00e4hteen\u00e4. Uute sis\u00e4lt\u00e4\u00e4 standardoidun m\u00e4\u00e4r\u00e4n <strong>kasvimelatoniinia, jota esiintyy luonnostaan pistaaseissa<\/strong> ja joka on biologisesti aktiivinen yhdiste, jolla on t\u00e4rke\u00e4 rooli kehon vuorokausirytmin s\u00e4\u00e4telyss\u00e4. <\/p>\n","protected":false},"featured_media":46712,"template":"","meta":{"_acf_changed":false},"product_brand":[],"product_cat":[528],"product_tag":[],"class_list":{"0":"post-46711","1":"product","2":"type-product","3":"status-publish","4":"has-post-thumbnail","6":"product_cat-kasviuutteet","7":"pa_czesc-rosliny-ydin","9":"first","10":"instock","11":"shipping-taxable","12":"product-type-simple"},"acf":[],"yoast_head":"<!-- This site is optimized with the Yoast SEO plugin v27.5 - https:\/\/yoast.com\/product\/yoast-seo-wordpress\/ -->\n<title>Pistaasiuute - Tukkudistribuutio<\/title>\n<meta name=\"description\" content=\"Pistaasiuute, standardisoitu kasvimelatoniinin suhteen \u2013 raaka-aine terveellist\u00e4 unta ja vuorokausirytmi\u00e4 tukeviin ravintolisiin.\" \/>\n<meta name=\"robots\" content=\"index, follow, max-snippet:-1, max-image-preview:large, max-video-preview:-1\" \/>\n<link rel=\"canonical\" href=\"https:\/\/naturalpoland.com\/fi\/tuotteet\/kasviuutteet\/pistaasiuute\/\" \/>\n<meta property=\"og:locale\" content=\"fi_FI\" \/>\n<meta property=\"og:type\" content=\"article\" \/>\n<meta property=\"og:title\" content=\"Pistaasiuute - Tukkudistribuutio\" \/>\n<meta property=\"og:description\" content=\"Pistaasiuute, standardisoitu kasvimelatoniinin suhteen \u2013 raaka-aine terveellist\u00e4 unta ja vuorokausirytmi\u00e4 tukeviin ravintolisiin.\" \/>\n<meta property=\"og:url\" content=\"https:\/\/naturalpoland.com\/fi\/tuotteet\/kasviuutteet\/pistaasiuute\/\" \/>\n<meta property=\"og:site_name\" content=\"NATURAL POLAND - RAAKA-AINEIDEN TUKKUJAKELIJA\" \/>\n<meta property=\"article:publisher\" content=\"https:\/\/www.facebook.com\/naturalpoland.b2b\" \/>\n<meta property=\"article:modified_time\" content=\"2026-03-12T14:02:07+00:00\" \/>\n<meta property=\"og:image\" content=\"https:\/\/naturalpoland.com\/wp-content\/uploads\/ekstrakt-z-pistacji.png\" \/>\n\t<meta property=\"og:image:width\" content=\"1024\" \/>\n\t<meta property=\"og:image:height\" content=\"1024\" \/>\n\t<meta property=\"og:image:type\" content=\"image\/png\" \/>\n<script type=\"application\/ld+json\" class=\"yoast-schema-graph\">{\"@context\":\"https:\\\/\\\/schema.org\",\"@graph\":[{\"@type\":\"WebPage\",\"@id\":\"https:\\\/\\\/naturalpoland.com\\\/fi\\\/tuotteet\\\/kasviuutteet\\\/pistaasiuute\\\/\",\"url\":\"https:\\\/\\\/naturalpoland.com\\\/fi\\\/tuotteet\\\/kasviuutteet\\\/pistaasiuute\\\/\",\"name\":\"Pistaasiuute - Tukkudistribuutio\",\"isPartOf\":{\"@id\":\"https:\\\/\\\/naturalpoland.com\\\/fi\\\/#website\"},\"primaryImageOfPage\":{\"@id\":\"https:\\\/\\\/naturalpoland.com\\\/fi\\\/tuotteet\\\/kasviuutteet\\\/pistaasiuute\\\/#primaryimage\"},\"image\":{\"@id\":\"https:\\\/\\\/naturalpoland.com\\\/fi\\\/tuotteet\\\/kasviuutteet\\\/pistaasiuute\\\/#primaryimage\"},\"thumbnailUrl\":\"https:\\\/\\\/naturalpoland.com\\\/wp-content\\\/uploads\\\/ekstrakt-z-pistacji.png\",\"datePublished\":\"2026-03-10T15:03:18+00:00\",\"dateModified\":\"2026-03-12T14:02:07+00:00\",\"description\":\"Pistaasiuute, standardisoitu kasvimelatoniinin suhteen \u2013 raaka-aine terveellist\u00e4 unta ja vuorokausirytmi\u00e4 tukeviin ravintolisiin.\",\"breadcrumb\":{\"@id\":\"https:\\\/\\\/naturalpoland.com\\\/fi\\\/tuotteet\\\/kasviuutteet\\\/pistaasiuute\\\/#breadcrumb\"},\"inLanguage\":\"fi\",\"potentialAction\":[{\"@type\":\"ReadAction\",\"target\":[\"https:\\\/\\\/naturalpoland.com\\\/fi\\\/tuotteet\\\/kasviuutteet\\\/pistaasiuute\\\/\"]}]},{\"@type\":\"ImageObject\",\"inLanguage\":\"fi\",\"@id\":\"https:\\\/\\\/naturalpoland.com\\\/fi\\\/tuotteet\\\/kasviuutteet\\\/pistaasiuute\\\/#primaryimage\",\"url\":\"https:\\\/\\\/naturalpoland.com\\\/wp-content\\\/uploads\\\/ekstrakt-z-pistacji.png\",\"contentUrl\":\"https:\\\/\\\/naturalpoland.com\\\/wp-content\\\/uploads\\\/ekstrakt-z-pistacji.png\",\"width\":1024,\"height\":1024,\"caption\":\"pistaasiuute\"},{\"@type\":\"BreadcrumbList\",\"@id\":\"https:\\\/\\\/naturalpoland.com\\\/fi\\\/tuotteet\\\/kasviuutteet\\\/pistaasiuute\\\/#breadcrumb\",\"itemListElement\":[{\"@type\":\"ListItem\",\"position\":1,\"name\":\"Etusivu\",\"item\":\"https:\\\/\\\/naturalpoland.com\\\/fi\\\/\"},{\"@type\":\"ListItem\",\"position\":2,\"name\":\"Tuotteet\",\"item\":\"https:\\\/\\\/naturalpoland.com\\\/fi\\\/tuotteet\\\/\"},{\"@type\":\"ListItem\",\"position\":3,\"name\":\"Pistaasiuute\"}]},{\"@type\":\"WebSite\",\"@id\":\"https:\\\/\\\/naturalpoland.com\\\/fi\\\/#website\",\"url\":\"https:\\\/\\\/naturalpoland.com\\\/fi\\\/\",\"name\":\"NATURAL POLAND - RAAKA-AINEIDEN TUKKUJAKELIJA\",\"description\":\"Surowce dla przemys\u0142u spo\u017cywczego, kosmetycznego i farmaceutycznego\",\"publisher\":{\"@id\":\"https:\\\/\\\/naturalpoland.com\\\/fi\\\/#organization\"},\"potentialAction\":[{\"@type\":\"SearchAction\",\"target\":{\"@type\":\"EntryPoint\",\"urlTemplate\":\"https:\\\/\\\/naturalpoland.com\\\/fi\\\/?s={search_term_string}\"},\"query-input\":{\"@type\":\"PropertyValueSpecification\",\"valueRequired\":true,\"valueName\":\"search_term_string\"}}],\"inLanguage\":\"fi\"},{\"@type\":\"Organization\",\"@id\":\"https:\\\/\\\/naturalpoland.com\\\/fi\\\/#organization\",\"name\":\"Natural Poland\",\"url\":\"https:\\\/\\\/naturalpoland.com\\\/fi\\\/\",\"logo\":{\"@type\":\"ImageObject\",\"inLanguage\":\"fi\",\"@id\":\"https:\\\/\\\/naturalpoland.com\\\/fi\\\/#\\\/schema\\\/logo\\\/image\\\/\",\"url\":\"https:\\\/\\\/naturalpoland.com\\\/wp-content\\\/uploads\\\/2021\\\/05\\\/natural-poland-icon.png\",\"contentUrl\":\"https:\\\/\\\/naturalpoland.com\\\/wp-content\\\/uploads\\\/2021\\\/05\\\/natural-poland-icon.png\",\"width\":512,\"height\":512,\"caption\":\"Natural Poland\"},\"image\":{\"@id\":\"https:\\\/\\\/naturalpoland.com\\\/fi\\\/#\\\/schema\\\/logo\\\/image\\\/\"},\"sameAs\":[\"https:\\\/\\\/www.facebook.com\\\/naturalpoland.b2b\",\"https:\\\/\\\/pl.linkedin.com\\\/company\\\/natural-poland\",\"https:\\\/\\\/www.youtube.com\\\/channel\\\/UCgeGGkvOMahZo-xu_MSEWxg\"]}]}<\/script>\n<!-- \/ Yoast SEO plugin. -->","yoast_head_json":{"title":"Pistaasiuute - Tukkudistribuutio","description":"Pistaasiuute, standardisoitu kasvimelatoniinin suhteen \u2013 raaka-aine terveellist\u00e4 unta ja vuorokausirytmi\u00e4 tukeviin ravintolisiin.","robots":{"index":"index","follow":"follow","max-snippet":"max-snippet:-1","max-image-preview":"max-image-preview:large","max-video-preview":"max-video-preview:-1"},"canonical":"https:\/\/naturalpoland.com\/fi\/tuotteet\/kasviuutteet\/pistaasiuute\/","og_locale":"fi_FI","og_type":"article","og_title":"Pistaasiuute - Tukkudistribuutio","og_description":"Pistaasiuute, standardisoitu kasvimelatoniinin suhteen \u2013 raaka-aine terveellist\u00e4 unta ja vuorokausirytmi\u00e4 tukeviin ravintolisiin.","og_url":"https:\/\/naturalpoland.com\/fi\/tuotteet\/kasviuutteet\/pistaasiuute\/","og_site_name":"NATURAL POLAND - RAAKA-AINEIDEN TUKKUJAKELIJA","article_publisher":"https:\/\/www.facebook.com\/naturalpoland.b2b","article_modified_time":"2026-03-12T14:02:07+00:00","og_image":[{"width":1024,"height":1024,"url":"https:\/\/naturalpoland.com\/wp-content\/uploads\/ekstrakt-z-pistacji.png","type":"image\/png"}],"schema":{"@context":"https:\/\/schema.org","@graph":[{"@type":"WebPage","@id":"https:\/\/naturalpoland.com\/fi\/tuotteet\/kasviuutteet\/pistaasiuute\/","url":"https:\/\/naturalpoland.com\/fi\/tuotteet\/kasviuutteet\/pistaasiuute\/","name":"Pistaasiuute - Tukkudistribuutio","isPartOf":{"@id":"https:\/\/naturalpoland.com\/fi\/#website"},"primaryImageOfPage":{"@id":"https:\/\/naturalpoland.com\/fi\/tuotteet\/kasviuutteet\/pistaasiuute\/#primaryimage"},"image":{"@id":"https:\/\/naturalpoland.com\/fi\/tuotteet\/kasviuutteet\/pistaasiuute\/#primaryimage"},"thumbnailUrl":"https:\/\/naturalpoland.com\/wp-content\/uploads\/ekstrakt-z-pistacji.png","datePublished":"2026-03-10T15:03:18+00:00","dateModified":"2026-03-12T14:02:07+00:00","description":"Pistaasiuute, standardisoitu kasvimelatoniinin suhteen \u2013 raaka-aine terveellist\u00e4 unta ja vuorokausirytmi\u00e4 tukeviin ravintolisiin.","breadcrumb":{"@id":"https:\/\/naturalpoland.com\/fi\/tuotteet\/kasviuutteet\/pistaasiuute\/#breadcrumb"},"inLanguage":"fi","potentialAction":[{"@type":"ReadAction","target":["https:\/\/naturalpoland.com\/fi\/tuotteet\/kasviuutteet\/pistaasiuute\/"]}]},{"@type":"ImageObject","inLanguage":"fi","@id":"https:\/\/naturalpoland.com\/fi\/tuotteet\/kasviuutteet\/pistaasiuute\/#primaryimage","url":"https:\/\/naturalpoland.com\/wp-content\/uploads\/ekstrakt-z-pistacji.png","contentUrl":"https:\/\/naturalpoland.com\/wp-content\/uploads\/ekstrakt-z-pistacji.png","width":1024,"height":1024,"caption":"pistaasiuute"},{"@type":"BreadcrumbList","@id":"https:\/\/naturalpoland.com\/fi\/tuotteet\/kasviuutteet\/pistaasiuute\/#breadcrumb","itemListElement":[{"@type":"ListItem","position":1,"name":"Etusivu","item":"https:\/\/naturalpoland.com\/fi\/"},{"@type":"ListItem","position":2,"name":"Tuotteet","item":"https:\/\/naturalpoland.com\/fi\/tuotteet\/"},{"@type":"ListItem","position":3,"name":"Pistaasiuute"}]},{"@type":"WebSite","@id":"https:\/\/naturalpoland.com\/fi\/#website","url":"https:\/\/naturalpoland.com\/fi\/","name":"NATURAL POLAND - RAAKA-AINEIDEN TUKKUJAKELIJA","description":"Surowce dla przemys\u0142u spo\u017cywczego, kosmetycznego i farmaceutycznego","publisher":{"@id":"https:\/\/naturalpoland.com\/fi\/#organization"},"potentialAction":[{"@type":"SearchAction","target":{"@type":"EntryPoint","urlTemplate":"https:\/\/naturalpoland.com\/fi\/?s={search_term_string}"},"query-input":{"@type":"PropertyValueSpecification","valueRequired":true,"valueName":"search_term_string"}}],"inLanguage":"fi"},{"@type":"Organization","@id":"https:\/\/naturalpoland.com\/fi\/#organization","name":"Natural Poland","url":"https:\/\/naturalpoland.com\/fi\/","logo":{"@type":"ImageObject","inLanguage":"fi","@id":"https:\/\/naturalpoland.com\/fi\/#\/schema\/logo\/image\/","url":"https:\/\/naturalpoland.com\/wp-content\/uploads\/2021\/05\/natural-poland-icon.png","contentUrl":"https:\/\/naturalpoland.com\/wp-content\/uploads\/2021\/05\/natural-poland-icon.png","width":512,"height":512,"caption":"Natural Poland"},"image":{"@id":"https:\/\/naturalpoland.com\/fi\/#\/schema\/logo\/image\/"},"sameAs":["https:\/\/www.facebook.com\/naturalpoland.b2b","https:\/\/pl.linkedin.com\/company\/natural-poland","https:\/\/www.youtube.com\/channel\/UCgeGGkvOMahZo-xu_MSEWxg"]}]}},"_links":{"self":[{"href":"https:\/\/naturalpoland.com\/fi\/wp-json\/wp\/v2\/product\/46711","targetHints":{"allow":["GET"]}}],"collection":[{"href":"https:\/\/naturalpoland.com\/fi\/wp-json\/wp\/v2\/product"}],"about":[{"href":"https:\/\/naturalpoland.com\/fi\/wp-json\/wp\/v2\/types\/product"}],"wp:featuredmedia":[{"embeddable":true,"href":"https:\/\/naturalpoland.com\/fi\/wp-json\/wp\/v2\/media\/46712"}],"wp:attachment":[{"href":"https:\/\/naturalpoland.com\/fi\/wp-json\/wp\/v2\/media?parent=46711"}],"wp:term":[{"taxonomy":"product_brand","embeddable":true,"href":"https:\/\/naturalpoland.com\/fi\/wp-json\/wp\/v2\/product_brand?post=46711"},{"taxonomy":"product_cat","embeddable":true,"href":"https:\/\/naturalpoland.com\/fi\/wp-json\/wp\/v2\/product_cat?post=46711"},{"taxonomy":"product_tag","embeddable":true,"href":"https:\/\/naturalpoland.com\/fi\/wp-json\/wp\/v2\/product_tag?post=46711"}],"curies":[{"name":"wp","href":"https:\/\/api.w.org\/{rel}","templated":true}]}}