{"id":46738,"date":"2026-03-12T14:12:30","date_gmt":"2026-03-12T13:12:30","guid":{"rendered":"https:\/\/naturalpoland.com\/produkty\/Ei-luokiteltu\/matcha\/"},"modified":"2026-03-12T15:26:51","modified_gmt":"2026-03-12T14:26:51","slug":"matcha","status":"publish","type":"product","link":"https:\/\/naturalpoland.com\/fi\/tuotteet\/elintarviketeollisuuden-tuotteet\/raaka-aineet-tuotantoon\/matcha\/","title":{"rendered":"Matcha"},"content":{"rendered":"<h2>Miten matcha valmistetaan?<\/h2>\n<p>Matcha valmistetaan erityisolosuhteissa viljellyist\u00e4 teelehdist\u00e4. Pensaat varjostetaan osittain ennen sadonkorjuuta klorofyllin ja tiettyjen bioaktiivisten yhdisteiden pitoisuuden lis\u00e4\u00e4miseksi. Sadonkorjuun j\u00e4lkeen lehdet h\u00f6yrytet\u00e4\u00e4n, kuivataan ja jauhetaan hienoksi jauheeksi perinteisiss\u00e4 kivimyllyiss\u00e4 tai teollisissa korkean tarkkuuden myllyiss\u00e4.  <\/p>\n<h2>Matchan lajit:<\/h2>\n<p>Valikoimassa on saatavilla kolme matchan laatua:<\/p>\n<ul>\n<li><a href=\"https:\/\/naturalpoland.com\/fi\/tuotteet\/elintarviketeollisuuden-tuotteet\/raaka-aineet-tuotantoon\/matcha\/#matcha-japonska\"><strong>Japanilainen matcha<\/strong><\/a><\/li>\n<li><a href=\"https:\/\/naturalpoland.com\/fi\/tuotteet\/elintarviketeollisuuden-tuotteet\/raaka-aineet-tuotantoon\/matcha\/#matcha-chinska\"><strong>Kiinalainen matcha<\/strong><\/a><\/li>\n<li><a href=\"https:\/\/naturalpoland.com\/fi\/tuotteet\/elintarviketeollisuuden-tuotteet\/raaka-aineet-tuotantoon\/matcha\/#matcha-japonska-ceremonialna\"><strong>Japanilainen seremoniallinen matcha<\/strong><\/a><\/li>\n<\/ul>\n<p>Ne eroavat toisistaan lehtien laadun, makuprofiilin ja teknologisen k\u00e4ytt\u00f6tarkoituksen osalta.<\/p>\n<h2>Matchan ominaisuudet:<\/h2>\n<p>Matchaa arvostetaan ennen kaikkea sen korkean luonnollisten bioaktiivisten yhdisteiden pitoisuuden vuoksi. Vihre\u00e4n teen lehdet sis\u00e4lt\u00e4v\u00e4t <strong>katekiineja<\/strong>, <strong>polyfenoleja<\/strong>, <strong>klorofylli\u00e4<\/strong> sek\u00e4 <strong>aminohappoja<\/strong>, jotka antavat tuotteelle ominaiset funktionaaliset ominaisuudet. <\/p>\n<p>Matchassa on muun muassa <a href=\"https:\/\/naturalpoland.com\/fi\/tuotteet\/laaketeollisuuden-tuotteet\/aminohapot\/l-teaniini\/\"><strong>L-teaniinia<\/strong><\/a>, aminohappoa, jota esiintyy luonnostaan teelehdiss\u00e4 ja joka vastaa ominaisesta umami-mausta sek\u00e4 vaikuttaa virkist\u00e4v\u00e4n vaikutuksen kokemiseen. Yhdess\u00e4 luonnollisen kofeiinin kanssa se voi edist\u00e4\u00e4 keskittymiskyvyn parantumista ja tasaisen energiatason yll\u00e4pit\u00e4mist\u00e4. <\/p>\n<p>Matcha on my\u00f6s <strong>C-vitamiinin<\/strong> l\u00e4hde, jonka pitoisuus joissakin eriss\u00e4 voi olla noin 150\u2013200 mg\/100 g tuotetta. Lis\u00e4ksi se sis\u00e4lt\u00e4\u00e4 <strong>klorofylli\u00e4<\/strong> sek\u00e4 lukuisia vihre\u00e4n teen lehdiss\u00e4 esiintyvi\u00e4 antioksidantteja. <\/p>\n<p>T\u00e4m\u00e4n ansiosta matchaa k\u00e4ytet\u00e4\u00e4n usein funktionaalisissa tuotteissa ja ravintolisissa sek\u00e4 juomissa ja elintarvikkeissa, joilla on kohonnut ravitsemuksellinen arvo.<\/p>\n<h2>Valikoimassa saatavilla olevat matchan lajit:<\/h2>\n<h3 id=\"matcha-japonska\">Japanilainen matcha<\/h3>\n<p>Japanissa tuotettua matchaa pidet\u00e4\u00e4n yhten\u00e4 laadukkaimmista jauheen muodossa olevista vihre\u00e4n teen laaduista. Teelehti\u00e4 viljell\u00e4\u00e4n varjostetuilla plantaaseilla, mink\u00e4 j\u00e4lkeen ne h\u00f6yrytet\u00e4\u00e4n ja jauhetaan hienoksi jauheeksi. <\/p>\n<p>Sille on ominaista voimakkaan vihre\u00e4 v\u00e4ri, selke\u00e4 aromi ja tasapainoinen maku. Japanilaista matchaa k\u00e4ytet\u00e4\u00e4n usein sek\u00e4 juomissa ett\u00e4 elintarviketeollisuudessa. <\/p>\n<h3 id=\"matcha-chinska\">Kiinalainen matcha<\/h3>\n<p>Kiinassa tuotettua matchaa k\u00e4ytet\u00e4\u00e4n yleens\u00e4 teollisissa ja gastronomisissa tuotteissa. Sen maku on voimakkaampi ja hieman kitker\u00e4, mink\u00e4 ansiosta se soveltuu hyvin j\u00e4lkiruokiin, leivonnaisiin tai maitojuomiin. <\/p>\n<p>Voimakkaan maun ansiosta kiinalainen matcha yhdistyy hyvin muihin ainesosiin ja s\u00e4ilytt\u00e4\u00e4 selke\u00e4n teeprofiiliin jopa monimutkaisissa resepteiss\u00e4.<\/p>\n<h3 id=\"matcha-japonska-ceremonialna\">Japanilainen seremoniallinen matcha<\/h3>\n<p>Seremoniallinen matcha on korkealaatuisin matchan laatu, joka on tarkoitettu p\u00e4\u00e4asiassa perinteiseen teejuoman valmistukseen. Se valmistetaan ensimm\u00e4isten satojen nuorimmista lehdist\u00e4. <\/p>\n<p>Sille on ominaista:<\/p>\n<ul>\n<li>eritt\u00e4in voimakas vihre\u00e4 v\u00e4ri,<\/li>\n<li>pehme\u00e4, kermainen maku,<\/li>\n<li>minimaalinen kitker\u00e4 maku,<\/li>\n<li>selke\u00e4t umami-vivahteeet.<\/li>\n<\/ul>\n<p>Seremoniallista matchaa k\u00e4ytet\u00e4\u00e4n p\u00e4\u00e4asiassa perinteisess\u00e4 teeseremoniassa sek\u00e4 korkealaatuisissa teejuomissa.<\/p>\n<h2>Matchan k\u00e4ytt\u00f6:<\/h2>\n<p>Matcha on laajasti k\u00e4yt\u00f6ss\u00e4 monilla elintarvike- ja ravintolis\u00e4teollisuuden aloilla. Voimakkaan v\u00e4rins\u00e4 ja ominaisen makunsa ansiosta sit\u00e4 k\u00e4ytet\u00e4\u00e4n mielell\u00e4\u00e4n seuraavien tuotteiden ainesosana: <\/p>\n<ul>\n<li>funktionaaliset juomat ja teet,<\/li>\n<li>matcha latte ja maitojuomat,<\/li>\n<li>j\u00e4lkiruoat ja makeiset,<\/li>\n<li>j\u00e4\u00e4tel\u00f6t ja sorbetit,<\/li>\n<li>patukat ja proteiinituotteet,<\/li>\n<li>ravintolis\u00e4t,<\/li>\n<li>superfood-seokset.<\/li>\n<\/ul>\n<p>Kulinaarinen matcha soveltuu erityisen hyvin teolliseen k\u00e4ytt\u00f6\u00f6n, koska sen voimakas maku s\u00e4ilyy jopa resepteiss\u00e4, jotka sis\u00e4lt\u00e4v\u00e4t sokeria, maitoa tai jauhoja.<\/p>\n<h2>Usein kysytyt kysymykset:<\/h2>\n<h3>Sis\u00e4lt\u00e4\u00e4k\u00f6 matcha kofeiinia?<\/h3>\n<p>Kyll\u00e4, matcha sis\u00e4lt\u00e4\u00e4 luonnostaan kofeiinia, koska se valmistetaan vihre\u00e4n teen lehdist\u00e4. Laadusta ja tuotantotavasta riippuen sen pitoisuus voi olla noin 2,8\u20133,2 % kuiva-aineessa. <\/p>\n<p>K\u00e4yt\u00e4nn\u00f6ss\u00e4 t\u00e4m\u00e4 tarkoittaa, ett\u00e4 matchasta valmistetuilla juomilla voi olla virkist\u00e4v\u00e4 vaikutus. L-teaniinin l\u00e4sn\u00e4olon ansiosta kofeiinin vaikutus on kuitenkin asteittaisempi ja sit\u00e4 kuvataan usein pehme\u00e4mm\u00e4ksi kuin kahvin tapauksessa. <\/p>\n<p>T\u00e4st\u00e4 syyst\u00e4 matchaa k\u00e4ytet\u00e4\u00e4n mielell\u00e4\u00e4n:<\/p>\n<ul>\n<li>funktionaalisissa juomissa,<\/li>\n<li>energiatuotteissa,<\/li>\n<li>keskittymiskyky\u00e4 tukevissa ravintolisissa.<\/li>\n<\/ul>\n<h3>Milt\u00e4 matcha maistuu?<\/h3>\n<p>Matchan maku on ominainen ja eroaa selv\u00e4sti klassisesta vihre\u00e4st\u00e4 teest\u00e4. Tuotteen laadusta riippuen se voi olla: <\/p>\n<ul>\n<li>pehme\u00e4 ja hieman makea,<\/li>\n<li>kasvimaistuinen ja raikas,<\/li>\n<li>hieman kitker\u00e4 tai karvaan makuinen.<\/li>\n<\/ul>\n<p>Korkealaatuisempi matcha, erityisesti <strong>seremoniallinen<\/strong>, on tasapainoisemman makuprofiilin omaava, jossa on umami-vivahde ja pehme\u00e4 kitker\u00e4 maku. Puolestaan <strong>kulinaarisella matchalla<\/strong> tai <strong>teollisella matchalla<\/strong> on yleens\u00e4 voimakkaampi kitker\u00e4 ja karvaan maku, mink\u00e4 ansiosta se yhdistyy hyvin sokerin, maidon tai muiden ainesosien kanssa elintarvikkeissa. <\/p>\n<h3>Virkist\u00e4\u00e4k\u00f6 matcha?<\/h3>\n<p>Matcha on luonnollinen kofeiinin l\u00e4hde, joten se voi vaikuttaa energia- ja keskittymistasoon. Aminohappojen, mukaan lukien L-teaniinin, l\u00e4sn\u00e4olon ansiosta virkist\u00e4v\u00e4 vaikutus on usein tasaisempi kuin pelk\u00e4st\u00e4\u00e4n kofeiinia sis\u00e4lt\u00e4vien juomien tapauksessa. Juuri t\u00e4st\u00e4 syyst\u00e4 matchaa k\u00e4ytet\u00e4\u00e4n usein energiajuomien, funktionaalisten juomien sek\u00e4 keskittymiskyky\u00e4 ja henkist\u00e4 aktiivisuutta tukevien tuotteiden ainesosana.  <\/p>\n<h3>Onko matcha terveellist\u00e4?<\/h3>\n<p>Matchaa pidet\u00e4\u00e4n korkean ravitsemuksellisen arvon omaavana tuotteena, koska se sis\u00e4lt\u00e4\u00e4 lukuisia vihre\u00e4n teen lehdiss\u00e4 esiintyvi\u00e4 luonnollisia yhdisteit\u00e4. Niiden joukossa on polyfenoleja sek\u00e4 antioksidantteja, jotka voivat edist\u00e4\u00e4 solujen suojaamista oksidatiiviselta stressilt\u00e4. Lis\u00e4ksi matcha sis\u00e4lt\u00e4\u00e4 kuitua, proteiinia sek\u00e4 kivenn\u00e4isaineita. Analysoidussa eritelm\u00e4ss\u00e4 proteiinin pitoisuus voi olla noin 29,9 g\/100 g tuotetta ja kuidun noin 36,4 g\/100 g.   <\/p>\n","protected":false},"excerpt":{"rendered":"<p><strong>Matcha<\/strong> on korkealaatuista <strong>jauhettua vihre\u00e4\u00e4 teet\u00e4<\/strong>, joka saadaan <em>Camellia sinensis<\/em> -kasvin lehdist\u00e4. Toisin kuin klassisen lehtiteeen tapauksessa, matchan kohdalla kulutetaan koko teelehti eritt\u00e4in hienon jauheen muodossa. T\u00e4m\u00e4n ansiosta tuote s\u00e4ilytt\u00e4\u00e4 teelehdiss\u00e4 esiintyvien luonnollisten aktiivisten ainesosien t\u00e4yden kirjon.  <\/p>\n","protected":false},"featured_media":46739,"template":"","meta":{"_acf_changed":false},"product_brand":[],"product_cat":[547],"product_tag":[],"class_list":{"0":"post-46738","1":"product","2":"type-product","3":"status-publish","4":"has-post-thumbnail","6":"product_cat-raaka-aineet-tuotantoon","7":"pa_czesc-rosliny-lehdet","8":"pa_metoda-pozyskiwania-varjossa-viljelty-hoyrytetty-kivimyllyissa-jauhettu","10":"first","11":"instock","12":"shipping-taxable","13":"product-type-simple"},"acf":[],"yoast_head":"<!-- This site is optimized with the Yoast SEO plugin v27.4 - https:\/\/yoast.com\/product\/yoast-seo-wordpress\/ -->\n<title>Matcha - Tukkudistribuutio<\/title>\n<meta name=\"description\" content=\"Matcha \u2013 jauhettua vihre\u00e4\u00e4 teet\u00e4 saatavilla japanilaisena, kiinalaisena ja seremoniallisena laatuna. Luonnollinen kofeiinin ja antioksidanttien l\u00e4hde.\" \/>\n<meta name=\"robots\" content=\"index, follow, max-snippet:-1, max-image-preview:large, max-video-preview:-1\" \/>\n<link rel=\"canonical\" href=\"https:\/\/naturalpoland.com\/fi\/tuotteet\/elintarviketeollisuuden-tuotteet\/raaka-aineet-tuotantoon\/matcha\/\" \/>\n<meta property=\"og:locale\" content=\"fi_FI\" \/>\n<meta property=\"og:type\" content=\"article\" \/>\n<meta property=\"og:title\" content=\"Matcha - Tukkudistribuutio\" \/>\n<meta property=\"og:description\" content=\"Matcha \u2013 jauhettua vihre\u00e4\u00e4 teet\u00e4 saatavilla japanilaisena, kiinalaisena ja seremoniallisena laatuna. Luonnollinen kofeiinin ja antioksidanttien l\u00e4hde.\" \/>\n<meta property=\"og:url\" content=\"https:\/\/naturalpoland.com\/fi\/tuotteet\/elintarviketeollisuuden-tuotteet\/raaka-aineet-tuotantoon\/matcha\/\" \/>\n<meta property=\"og:site_name\" content=\"NATURAL POLAND - RAAKA-AINEIDEN TUKKUJAKELIJA\" \/>\n<meta property=\"article:publisher\" content=\"https:\/\/www.facebook.com\/naturalpoland.b2b\" \/>\n<meta property=\"article:modified_time\" content=\"2026-03-12T14:26:51+00:00\" \/>\n<meta property=\"og:image\" content=\"https:\/\/naturalpoland.com\/wp-content\/uploads\/matcha.png\" \/>\n\t<meta property=\"og:image:width\" content=\"1024\" \/>\n\t<meta property=\"og:image:height\" content=\"1024\" \/>\n\t<meta property=\"og:image:type\" content=\"image\/png\" \/>\n<script type=\"application\/ld+json\" class=\"yoast-schema-graph\">{\"@context\":\"https:\\\/\\\/schema.org\",\"@graph\":[{\"@type\":\"WebPage\",\"@id\":\"https:\\\/\\\/naturalpoland.com\\\/fi\\\/tuotteet\\\/elintarviketeollisuuden-tuotteet\\\/raaka-aineet-tuotantoon\\\/matcha\\\/\",\"url\":\"https:\\\/\\\/naturalpoland.com\\\/fi\\\/tuotteet\\\/elintarviketeollisuuden-tuotteet\\\/raaka-aineet-tuotantoon\\\/matcha\\\/\",\"name\":\"Matcha - Tukkudistribuutio\",\"isPartOf\":{\"@id\":\"https:\\\/\\\/naturalpoland.com\\\/fi\\\/#website\"},\"primaryImageOfPage\":{\"@id\":\"https:\\\/\\\/naturalpoland.com\\\/fi\\\/tuotteet\\\/elintarviketeollisuuden-tuotteet\\\/raaka-aineet-tuotantoon\\\/matcha\\\/#primaryimage\"},\"image\":{\"@id\":\"https:\\\/\\\/naturalpoland.com\\\/fi\\\/tuotteet\\\/elintarviketeollisuuden-tuotteet\\\/raaka-aineet-tuotantoon\\\/matcha\\\/#primaryimage\"},\"thumbnailUrl\":\"https:\\\/\\\/naturalpoland.com\\\/wp-content\\\/uploads\\\/matcha.png\",\"datePublished\":\"2026-03-12T13:12:30+00:00\",\"dateModified\":\"2026-03-12T14:26:51+00:00\",\"description\":\"Matcha \u2013 jauhettua vihre\u00e4\u00e4 teet\u00e4 saatavilla japanilaisena, kiinalaisena ja seremoniallisena laatuna. Luonnollinen kofeiinin ja antioksidanttien l\u00e4hde.\",\"breadcrumb\":{\"@id\":\"https:\\\/\\\/naturalpoland.com\\\/fi\\\/tuotteet\\\/elintarviketeollisuuden-tuotteet\\\/raaka-aineet-tuotantoon\\\/matcha\\\/#breadcrumb\"},\"inLanguage\":\"fi\",\"potentialAction\":[{\"@type\":\"ReadAction\",\"target\":[\"https:\\\/\\\/naturalpoland.com\\\/fi\\\/tuotteet\\\/elintarviketeollisuuden-tuotteet\\\/raaka-aineet-tuotantoon\\\/matcha\\\/\"]}]},{\"@type\":\"ImageObject\",\"inLanguage\":\"fi\",\"@id\":\"https:\\\/\\\/naturalpoland.com\\\/fi\\\/tuotteet\\\/elintarviketeollisuuden-tuotteet\\\/raaka-aineet-tuotantoon\\\/matcha\\\/#primaryimage\",\"url\":\"https:\\\/\\\/naturalpoland.com\\\/wp-content\\\/uploads\\\/matcha.png\",\"contentUrl\":\"https:\\\/\\\/naturalpoland.com\\\/wp-content\\\/uploads\\\/matcha.png\",\"width\":1024,\"height\":1024,\"caption\":\"matcha\"},{\"@type\":\"BreadcrumbList\",\"@id\":\"https:\\\/\\\/naturalpoland.com\\\/fi\\\/tuotteet\\\/elintarviketeollisuuden-tuotteet\\\/raaka-aineet-tuotantoon\\\/matcha\\\/#breadcrumb\",\"itemListElement\":[{\"@type\":\"ListItem\",\"position\":1,\"name\":\"Etusivu\",\"item\":\"https:\\\/\\\/naturalpoland.com\\\/fi\\\/\"},{\"@type\":\"ListItem\",\"position\":2,\"name\":\"Tuotteet\",\"item\":\"https:\\\/\\\/naturalpoland.com\\\/fi\\\/tuotteet\\\/\"},{\"@type\":\"ListItem\",\"position\":3,\"name\":\"Matcha\"}]},{\"@type\":\"WebSite\",\"@id\":\"https:\\\/\\\/naturalpoland.com\\\/fi\\\/#website\",\"url\":\"https:\\\/\\\/naturalpoland.com\\\/fi\\\/\",\"name\":\"NATURAL POLAND - RAAKA-AINEIDEN TUKKUJAKELIJA\",\"description\":\"Surowce dla przemys\u0142u spo\u017cywczego, kosmetycznego i farmaceutycznego\",\"publisher\":{\"@id\":\"https:\\\/\\\/naturalpoland.com\\\/fi\\\/#organization\"},\"potentialAction\":[{\"@type\":\"SearchAction\",\"target\":{\"@type\":\"EntryPoint\",\"urlTemplate\":\"https:\\\/\\\/naturalpoland.com\\\/fi\\\/?s={search_term_string}\"},\"query-input\":{\"@type\":\"PropertyValueSpecification\",\"valueRequired\":true,\"valueName\":\"search_term_string\"}}],\"inLanguage\":\"fi\"},{\"@type\":\"Organization\",\"@id\":\"https:\\\/\\\/naturalpoland.com\\\/fi\\\/#organization\",\"name\":\"Natural Poland\",\"url\":\"https:\\\/\\\/naturalpoland.com\\\/fi\\\/\",\"logo\":{\"@type\":\"ImageObject\",\"inLanguage\":\"fi\",\"@id\":\"https:\\\/\\\/naturalpoland.com\\\/fi\\\/#\\\/schema\\\/logo\\\/image\\\/\",\"url\":\"https:\\\/\\\/naturalpoland.com\\\/wp-content\\\/uploads\\\/2021\\\/05\\\/natural-poland-icon.png\",\"contentUrl\":\"https:\\\/\\\/naturalpoland.com\\\/wp-content\\\/uploads\\\/2021\\\/05\\\/natural-poland-icon.png\",\"width\":512,\"height\":512,\"caption\":\"Natural Poland\"},\"image\":{\"@id\":\"https:\\\/\\\/naturalpoland.com\\\/fi\\\/#\\\/schema\\\/logo\\\/image\\\/\"},\"sameAs\":[\"https:\\\/\\\/www.facebook.com\\\/naturalpoland.b2b\",\"https:\\\/\\\/pl.linkedin.com\\\/company\\\/natural-poland\",\"https:\\\/\\\/www.youtube.com\\\/channel\\\/UCgeGGkvOMahZo-xu_MSEWxg\"]}]}<\/script>\n<!-- \/ Yoast SEO plugin. -->","yoast_head_json":{"title":"Matcha - Tukkudistribuutio","description":"Matcha \u2013 jauhettua vihre\u00e4\u00e4 teet\u00e4 saatavilla japanilaisena, kiinalaisena ja seremoniallisena laatuna. Luonnollinen kofeiinin ja antioksidanttien l\u00e4hde.","robots":{"index":"index","follow":"follow","max-snippet":"max-snippet:-1","max-image-preview":"max-image-preview:large","max-video-preview":"max-video-preview:-1"},"canonical":"https:\/\/naturalpoland.com\/fi\/tuotteet\/elintarviketeollisuuden-tuotteet\/raaka-aineet-tuotantoon\/matcha\/","og_locale":"fi_FI","og_type":"article","og_title":"Matcha - Tukkudistribuutio","og_description":"Matcha \u2013 jauhettua vihre\u00e4\u00e4 teet\u00e4 saatavilla japanilaisena, kiinalaisena ja seremoniallisena laatuna. Luonnollinen kofeiinin ja antioksidanttien l\u00e4hde.","og_url":"https:\/\/naturalpoland.com\/fi\/tuotteet\/elintarviketeollisuuden-tuotteet\/raaka-aineet-tuotantoon\/matcha\/","og_site_name":"NATURAL POLAND - RAAKA-AINEIDEN TUKKUJAKELIJA","article_publisher":"https:\/\/www.facebook.com\/naturalpoland.b2b","article_modified_time":"2026-03-12T14:26:51+00:00","og_image":[{"width":1024,"height":1024,"url":"https:\/\/naturalpoland.com\/wp-content\/uploads\/matcha.png","type":"image\/png"}],"schema":{"@context":"https:\/\/schema.org","@graph":[{"@type":"WebPage","@id":"https:\/\/naturalpoland.com\/fi\/tuotteet\/elintarviketeollisuuden-tuotteet\/raaka-aineet-tuotantoon\/matcha\/","url":"https:\/\/naturalpoland.com\/fi\/tuotteet\/elintarviketeollisuuden-tuotteet\/raaka-aineet-tuotantoon\/matcha\/","name":"Matcha - Tukkudistribuutio","isPartOf":{"@id":"https:\/\/naturalpoland.com\/fi\/#website"},"primaryImageOfPage":{"@id":"https:\/\/naturalpoland.com\/fi\/tuotteet\/elintarviketeollisuuden-tuotteet\/raaka-aineet-tuotantoon\/matcha\/#primaryimage"},"image":{"@id":"https:\/\/naturalpoland.com\/fi\/tuotteet\/elintarviketeollisuuden-tuotteet\/raaka-aineet-tuotantoon\/matcha\/#primaryimage"},"thumbnailUrl":"https:\/\/naturalpoland.com\/wp-content\/uploads\/matcha.png","datePublished":"2026-03-12T13:12:30+00:00","dateModified":"2026-03-12T14:26:51+00:00","description":"Matcha \u2013 jauhettua vihre\u00e4\u00e4 teet\u00e4 saatavilla japanilaisena, kiinalaisena ja seremoniallisena laatuna. Luonnollinen kofeiinin ja antioksidanttien l\u00e4hde.","breadcrumb":{"@id":"https:\/\/naturalpoland.com\/fi\/tuotteet\/elintarviketeollisuuden-tuotteet\/raaka-aineet-tuotantoon\/matcha\/#breadcrumb"},"inLanguage":"fi","potentialAction":[{"@type":"ReadAction","target":["https:\/\/naturalpoland.com\/fi\/tuotteet\/elintarviketeollisuuden-tuotteet\/raaka-aineet-tuotantoon\/matcha\/"]}]},{"@type":"ImageObject","inLanguage":"fi","@id":"https:\/\/naturalpoland.com\/fi\/tuotteet\/elintarviketeollisuuden-tuotteet\/raaka-aineet-tuotantoon\/matcha\/#primaryimage","url":"https:\/\/naturalpoland.com\/wp-content\/uploads\/matcha.png","contentUrl":"https:\/\/naturalpoland.com\/wp-content\/uploads\/matcha.png","width":1024,"height":1024,"caption":"matcha"},{"@type":"BreadcrumbList","@id":"https:\/\/naturalpoland.com\/fi\/tuotteet\/elintarviketeollisuuden-tuotteet\/raaka-aineet-tuotantoon\/matcha\/#breadcrumb","itemListElement":[{"@type":"ListItem","position":1,"name":"Etusivu","item":"https:\/\/naturalpoland.com\/fi\/"},{"@type":"ListItem","position":2,"name":"Tuotteet","item":"https:\/\/naturalpoland.com\/fi\/tuotteet\/"},{"@type":"ListItem","position":3,"name":"Matcha"}]},{"@type":"WebSite","@id":"https:\/\/naturalpoland.com\/fi\/#website","url":"https:\/\/naturalpoland.com\/fi\/","name":"NATURAL POLAND - RAAKA-AINEIDEN TUKKUJAKELIJA","description":"Surowce dla przemys\u0142u spo\u017cywczego, kosmetycznego i farmaceutycznego","publisher":{"@id":"https:\/\/naturalpoland.com\/fi\/#organization"},"potentialAction":[{"@type":"SearchAction","target":{"@type":"EntryPoint","urlTemplate":"https:\/\/naturalpoland.com\/fi\/?s={search_term_string}"},"query-input":{"@type":"PropertyValueSpecification","valueRequired":true,"valueName":"search_term_string"}}],"inLanguage":"fi"},{"@type":"Organization","@id":"https:\/\/naturalpoland.com\/fi\/#organization","name":"Natural Poland","url":"https:\/\/naturalpoland.com\/fi\/","logo":{"@type":"ImageObject","inLanguage":"fi","@id":"https:\/\/naturalpoland.com\/fi\/#\/schema\/logo\/image\/","url":"https:\/\/naturalpoland.com\/wp-content\/uploads\/2021\/05\/natural-poland-icon.png","contentUrl":"https:\/\/naturalpoland.com\/wp-content\/uploads\/2021\/05\/natural-poland-icon.png","width":512,"height":512,"caption":"Natural Poland"},"image":{"@id":"https:\/\/naturalpoland.com\/fi\/#\/schema\/logo\/image\/"},"sameAs":["https:\/\/www.facebook.com\/naturalpoland.b2b","https:\/\/pl.linkedin.com\/company\/natural-poland","https:\/\/www.youtube.com\/channel\/UCgeGGkvOMahZo-xu_MSEWxg"]}]}},"_links":{"self":[{"href":"https:\/\/naturalpoland.com\/fi\/wp-json\/wp\/v2\/product\/46738","targetHints":{"allow":["GET"]}}],"collection":[{"href":"https:\/\/naturalpoland.com\/fi\/wp-json\/wp\/v2\/product"}],"about":[{"href":"https:\/\/naturalpoland.com\/fi\/wp-json\/wp\/v2\/types\/product"}],"wp:featuredmedia":[{"embeddable":true,"href":"https:\/\/naturalpoland.com\/fi\/wp-json\/wp\/v2\/media\/46739"}],"wp:attachment":[{"href":"https:\/\/naturalpoland.com\/fi\/wp-json\/wp\/v2\/media?parent=46738"}],"wp:term":[{"taxonomy":"product_brand","embeddable":true,"href":"https:\/\/naturalpoland.com\/fi\/wp-json\/wp\/v2\/product_brand?post=46738"},{"taxonomy":"product_cat","embeddable":true,"href":"https:\/\/naturalpoland.com\/fi\/wp-json\/wp\/v2\/product_cat?post=46738"},{"taxonomy":"product_tag","embeddable":true,"href":"https:\/\/naturalpoland.com\/fi\/wp-json\/wp\/v2\/product_tag?post=46738"}],"curies":[{"name":"wp","href":"https:\/\/api.w.org\/{rel}","templated":true}]}}