{"id":46916,"date":"2026-03-19T12:26:03","date_gmt":"2026-03-19T11:26:03","guid":{"rendered":"https:\/\/naturalpoland.com\/produkty\/Ei-luokiteltu\/hydrolysoitu-kalkkunaproteiini\/"},"modified":"2026-03-20T10:39:52","modified_gmt":"2026-03-20T09:39:52","slug":"hydrolysoitu-kalkkunaproteiini","status":"publish","type":"product","link":"https:\/\/naturalpoland.com\/fi\/tuotteet\/elintarviketeollisuuden-tuotteet\/hydrolysoitu-kalkkunaproteiini\/","title":{"rendered":"Hydrolysoitu kalkkunaproteiini"},"content":{"rendered":"<h2>Ominaisuudet:<\/h2>\n<p>Hydrolysoitu kalkkunaproteiini sis\u00e4lt\u00e4\u00e4 sekoituksen peptidej\u00e4, polypeptidej\u00e4 ja aminohappoja, jotka ovat syntyneet kontrolloidun entsymaattisen hydrolyysin tuloksena. Tuotteelle on ominaista eritt\u00e4in hyv\u00e4 liukoisuus ja korkea imeytyvyys. <\/p>\n<h2>Hydrolysoidun kalkkunaproteiinin k\u00e4ytt\u00f6:<\/h2>\n<p>Erityinen makuprofiili, jota kuvataan kevyen liemim\u00e4iseksi, tekee t\u00e4st\u00e4 hydrolysaatista samanaikaisesti ravitsemuksellisen ja sensorisen toiminnon, erityisesti tuotteissa kuten keitoissa, kastikkeissa tai elintarvikekonsentraateissa. Ravintolis\u00e4k\u00e4yt\u00f6ss\u00e4 sit\u00e4 hy\u00f6dynnet\u00e4\u00e4n korkean biologisen arvon proteiinin l\u00e4hteen\u00e4, kun taas elintarviketeollisuudessa sit\u00e4 voidaan k\u00e4ytt\u00e4\u00e4 proteiinia rikastuttavana ja aminohappoprofiilia parantavana ainesosana. Toiminnallisuutensa ansiosta sit\u00e4 k\u00e4ytet\u00e4\u00e4n my\u00f6s urheilijoiden tuotteissa ja erityisruokavalioissa.  <\/p>\n<p>Tuotetta k\u00e4ytet\u00e4\u00e4n:<\/p>\n<ul>\n<li>ravintolisiss\u00e4 (korkean proteiinipitoisuuden tuotteet),<\/li>\n<li>funktionaalisissa elintarvikkeissa,<\/li>\n<li>urheilutuotteissa,<\/li>\n<li>keitoissa, kastikkeissa ja makukonsentraateissa,<\/li>\n<li>rehutuotteissa.<\/li>\n<\/ul>\n","protected":false},"excerpt":{"rendered":"<p><strong>Hydrolysoitu kalkkunaproteiini<\/strong> syntyy lihasproteiinien kontrolloidun hydrolyysin tuloksena. Tuote sis\u00e4lt\u00e4\u00e4 sekoituksen peptidej\u00e4, polypeptidej\u00e4 ja vapaita aminohappoja, ja se on jauheena, jolla on tyypillinen, hieman liemim\u00e4inen maku. Proteiinipitoisuus on \u226585 %, ja tuotteella on korkea vesiliukoisuus.  <\/p>\n","protected":false},"featured_media":46918,"template":"","meta":{"_acf_changed":false},"product_brand":[],"product_cat":[545],"product_tag":[],"class_list":{"0":"post-46916","1":"product","2":"type-product","3":"status-publish","4":"has-post-thumbnail","6":"product_cat-elintarviketeollisuuden-tuotteet","7":"pa_certyfikaty-brcgs-food","8":"pa_certyfikaty-halal-fi","9":"pa_certyfikaty-ifs-food","10":"pa_certyfikaty-ifs-logistics","12":"first","13":"instock","14":"shipping-taxable","15":"product-type-simple"},"acf":[],"yoast_head":"<!-- This site is optimized with the Yoast SEO plugin v27.5 - https:\/\/yoast.com\/product\/yoast-seo-wordpress\/ -->\n<title>Hydrolysoitu kalkkunaproteiini - Tukkudistribuutio<\/title>\n<meta name=\"description\" content=\"Hydrolysoitu kalkkunaproteiini (\u226585 % proteiinia) \u2013 raaka-aine lis\u00e4ravinteisiin, funktionaalisiin elintarvikkeisiin ja korkean proteiinipitoisuuden tuotteisiin, hyvin liukeneva.\" \/>\n<meta name=\"robots\" content=\"index, follow, max-snippet:-1, max-image-preview:large, max-video-preview:-1\" \/>\n<link rel=\"canonical\" href=\"https:\/\/naturalpoland.com\/fi\/tuotteet\/elintarviketeollisuuden-tuotteet\/hydrolysoitu-kalkkunaproteiini\/\" \/>\n<meta property=\"og:locale\" content=\"fi_FI\" \/>\n<meta property=\"og:type\" content=\"article\" \/>\n<meta property=\"og:title\" content=\"Hydrolysoitu kalkkunaproteiini - Tukkudistribuutio\" \/>\n<meta property=\"og:description\" content=\"Hydrolysoitu kalkkunaproteiini (\u226585 % proteiinia) \u2013 raaka-aine lis\u00e4ravinteisiin, funktionaalisiin elintarvikkeisiin ja korkean proteiinipitoisuuden tuotteisiin, hyvin liukeneva.\" \/>\n<meta property=\"og:url\" content=\"https:\/\/naturalpoland.com\/fi\/tuotteet\/elintarviketeollisuuden-tuotteet\/hydrolysoitu-kalkkunaproteiini\/\" \/>\n<meta property=\"og:site_name\" content=\"NATURAL POLAND - RAAKA-AINEIDEN TUKKUJAKELIJA\" \/>\n<meta property=\"article:publisher\" content=\"https:\/\/www.facebook.com\/naturalpoland.b2b\" \/>\n<meta property=\"article:modified_time\" content=\"2026-03-20T09:39:52+00:00\" \/>\n<meta property=\"og:image\" content=\"https:\/\/naturalpoland.com\/wp-content\/uploads\/hydrolizowane-bialko-z-indyka.webp\" \/>\n\t<meta property=\"og:image:width\" content=\"1024\" \/>\n\t<meta property=\"og:image:height\" content=\"1024\" \/>\n\t<meta property=\"og:image:type\" content=\"image\/webp\" \/>\n<script type=\"application\/ld+json\" class=\"yoast-schema-graph\">{\"@context\":\"https:\\\/\\\/schema.org\",\"@graph\":[{\"@type\":\"WebPage\",\"@id\":\"https:\\\/\\\/naturalpoland.com\\\/fi\\\/tuotteet\\\/elintarviketeollisuuden-tuotteet\\\/hydrolysoitu-kalkkunaproteiini\\\/\",\"url\":\"https:\\\/\\\/naturalpoland.com\\\/fi\\\/tuotteet\\\/elintarviketeollisuuden-tuotteet\\\/hydrolysoitu-kalkkunaproteiini\\\/\",\"name\":\"Hydrolysoitu kalkkunaproteiini - Tukkudistribuutio\",\"isPartOf\":{\"@id\":\"https:\\\/\\\/naturalpoland.com\\\/fi\\\/#website\"},\"primaryImageOfPage\":{\"@id\":\"https:\\\/\\\/naturalpoland.com\\\/fi\\\/tuotteet\\\/elintarviketeollisuuden-tuotteet\\\/hydrolysoitu-kalkkunaproteiini\\\/#primaryimage\"},\"image\":{\"@id\":\"https:\\\/\\\/naturalpoland.com\\\/fi\\\/tuotteet\\\/elintarviketeollisuuden-tuotteet\\\/hydrolysoitu-kalkkunaproteiini\\\/#primaryimage\"},\"thumbnailUrl\":\"https:\\\/\\\/naturalpoland.com\\\/wp-content\\\/uploads\\\/hydrolizowane-bialko-z-indyka.webp\",\"datePublished\":\"2026-03-19T11:26:03+00:00\",\"dateModified\":\"2026-03-20T09:39:52+00:00\",\"description\":\"Hydrolysoitu kalkkunaproteiini (\u226585 % proteiinia) \u2013 raaka-aine lis\u00e4ravinteisiin, funktionaalisiin elintarvikkeisiin ja korkean proteiinipitoisuuden tuotteisiin, hyvin liukeneva.\",\"breadcrumb\":{\"@id\":\"https:\\\/\\\/naturalpoland.com\\\/fi\\\/tuotteet\\\/elintarviketeollisuuden-tuotteet\\\/hydrolysoitu-kalkkunaproteiini\\\/#breadcrumb\"},\"inLanguage\":\"fi\",\"potentialAction\":[{\"@type\":\"ReadAction\",\"target\":[\"https:\\\/\\\/naturalpoland.com\\\/fi\\\/tuotteet\\\/elintarviketeollisuuden-tuotteet\\\/hydrolysoitu-kalkkunaproteiini\\\/\"]}]},{\"@type\":\"ImageObject\",\"inLanguage\":\"fi\",\"@id\":\"https:\\\/\\\/naturalpoland.com\\\/fi\\\/tuotteet\\\/elintarviketeollisuuden-tuotteet\\\/hydrolysoitu-kalkkunaproteiini\\\/#primaryimage\",\"url\":\"https:\\\/\\\/naturalpoland.com\\\/wp-content\\\/uploads\\\/hydrolizowane-bialko-z-indyka.webp\",\"contentUrl\":\"https:\\\/\\\/naturalpoland.com\\\/wp-content\\\/uploads\\\/hydrolizowane-bialko-z-indyka.webp\",\"width\":1024,\"height\":1024,\"caption\":\"hydrolysoitu kalkkunaproteiini\"},{\"@type\":\"BreadcrumbList\",\"@id\":\"https:\\\/\\\/naturalpoland.com\\\/fi\\\/tuotteet\\\/elintarviketeollisuuden-tuotteet\\\/hydrolysoitu-kalkkunaproteiini\\\/#breadcrumb\",\"itemListElement\":[{\"@type\":\"ListItem\",\"position\":1,\"name\":\"Etusivu\",\"item\":\"https:\\\/\\\/naturalpoland.com\\\/fi\\\/\"},{\"@type\":\"ListItem\",\"position\":2,\"name\":\"Tuotteet\",\"item\":\"https:\\\/\\\/naturalpoland.com\\\/fi\\\/tuotteet\\\/\"},{\"@type\":\"ListItem\",\"position\":3,\"name\":\"Hydrolysoitu kalkkunaproteiini\"}]},{\"@type\":\"WebSite\",\"@id\":\"https:\\\/\\\/naturalpoland.com\\\/fi\\\/#website\",\"url\":\"https:\\\/\\\/naturalpoland.com\\\/fi\\\/\",\"name\":\"NATURAL POLAND - RAAKA-AINEIDEN TUKKUJAKELIJA\",\"description\":\"Surowce dla przemys\u0142u spo\u017cywczego, kosmetycznego i farmaceutycznego\",\"publisher\":{\"@id\":\"https:\\\/\\\/naturalpoland.com\\\/fi\\\/#organization\"},\"potentialAction\":[{\"@type\":\"SearchAction\",\"target\":{\"@type\":\"EntryPoint\",\"urlTemplate\":\"https:\\\/\\\/naturalpoland.com\\\/fi\\\/?s={search_term_string}\"},\"query-input\":{\"@type\":\"PropertyValueSpecification\",\"valueRequired\":true,\"valueName\":\"search_term_string\"}}],\"inLanguage\":\"fi\"},{\"@type\":\"Organization\",\"@id\":\"https:\\\/\\\/naturalpoland.com\\\/fi\\\/#organization\",\"name\":\"Natural Poland\",\"url\":\"https:\\\/\\\/naturalpoland.com\\\/fi\\\/\",\"logo\":{\"@type\":\"ImageObject\",\"inLanguage\":\"fi\",\"@id\":\"https:\\\/\\\/naturalpoland.com\\\/fi\\\/#\\\/schema\\\/logo\\\/image\\\/\",\"url\":\"https:\\\/\\\/naturalpoland.com\\\/wp-content\\\/uploads\\\/2021\\\/05\\\/natural-poland-icon.png\",\"contentUrl\":\"https:\\\/\\\/naturalpoland.com\\\/wp-content\\\/uploads\\\/2021\\\/05\\\/natural-poland-icon.png\",\"width\":512,\"height\":512,\"caption\":\"Natural Poland\"},\"image\":{\"@id\":\"https:\\\/\\\/naturalpoland.com\\\/fi\\\/#\\\/schema\\\/logo\\\/image\\\/\"},\"sameAs\":[\"https:\\\/\\\/www.facebook.com\\\/naturalpoland.b2b\",\"https:\\\/\\\/pl.linkedin.com\\\/company\\\/natural-poland\",\"https:\\\/\\\/www.youtube.com\\\/channel\\\/UCgeGGkvOMahZo-xu_MSEWxg\"]}]}<\/script>\n<!-- \/ Yoast SEO plugin. -->","yoast_head_json":{"title":"Hydrolysoitu kalkkunaproteiini - Tukkudistribuutio","description":"Hydrolysoitu kalkkunaproteiini (\u226585 % proteiinia) \u2013 raaka-aine lis\u00e4ravinteisiin, funktionaalisiin elintarvikkeisiin ja korkean proteiinipitoisuuden tuotteisiin, hyvin liukeneva.","robots":{"index":"index","follow":"follow","max-snippet":"max-snippet:-1","max-image-preview":"max-image-preview:large","max-video-preview":"max-video-preview:-1"},"canonical":"https:\/\/naturalpoland.com\/fi\/tuotteet\/elintarviketeollisuuden-tuotteet\/hydrolysoitu-kalkkunaproteiini\/","og_locale":"fi_FI","og_type":"article","og_title":"Hydrolysoitu kalkkunaproteiini - Tukkudistribuutio","og_description":"Hydrolysoitu kalkkunaproteiini (\u226585 % proteiinia) \u2013 raaka-aine lis\u00e4ravinteisiin, funktionaalisiin elintarvikkeisiin ja korkean proteiinipitoisuuden tuotteisiin, hyvin liukeneva.","og_url":"https:\/\/naturalpoland.com\/fi\/tuotteet\/elintarviketeollisuuden-tuotteet\/hydrolysoitu-kalkkunaproteiini\/","og_site_name":"NATURAL POLAND - RAAKA-AINEIDEN TUKKUJAKELIJA","article_publisher":"https:\/\/www.facebook.com\/naturalpoland.b2b","article_modified_time":"2026-03-20T09:39:52+00:00","og_image":[{"width":1024,"height":1024,"url":"https:\/\/naturalpoland.com\/wp-content\/uploads\/hydrolizowane-bialko-z-indyka.webp","type":"image\/webp"}],"schema":{"@context":"https:\/\/schema.org","@graph":[{"@type":"WebPage","@id":"https:\/\/naturalpoland.com\/fi\/tuotteet\/elintarviketeollisuuden-tuotteet\/hydrolysoitu-kalkkunaproteiini\/","url":"https:\/\/naturalpoland.com\/fi\/tuotteet\/elintarviketeollisuuden-tuotteet\/hydrolysoitu-kalkkunaproteiini\/","name":"Hydrolysoitu kalkkunaproteiini - Tukkudistribuutio","isPartOf":{"@id":"https:\/\/naturalpoland.com\/fi\/#website"},"primaryImageOfPage":{"@id":"https:\/\/naturalpoland.com\/fi\/tuotteet\/elintarviketeollisuuden-tuotteet\/hydrolysoitu-kalkkunaproteiini\/#primaryimage"},"image":{"@id":"https:\/\/naturalpoland.com\/fi\/tuotteet\/elintarviketeollisuuden-tuotteet\/hydrolysoitu-kalkkunaproteiini\/#primaryimage"},"thumbnailUrl":"https:\/\/naturalpoland.com\/wp-content\/uploads\/hydrolizowane-bialko-z-indyka.webp","datePublished":"2026-03-19T11:26:03+00:00","dateModified":"2026-03-20T09:39:52+00:00","description":"Hydrolysoitu kalkkunaproteiini (\u226585 % proteiinia) \u2013 raaka-aine lis\u00e4ravinteisiin, funktionaalisiin elintarvikkeisiin ja korkean proteiinipitoisuuden tuotteisiin, hyvin liukeneva.","breadcrumb":{"@id":"https:\/\/naturalpoland.com\/fi\/tuotteet\/elintarviketeollisuuden-tuotteet\/hydrolysoitu-kalkkunaproteiini\/#breadcrumb"},"inLanguage":"fi","potentialAction":[{"@type":"ReadAction","target":["https:\/\/naturalpoland.com\/fi\/tuotteet\/elintarviketeollisuuden-tuotteet\/hydrolysoitu-kalkkunaproteiini\/"]}]},{"@type":"ImageObject","inLanguage":"fi","@id":"https:\/\/naturalpoland.com\/fi\/tuotteet\/elintarviketeollisuuden-tuotteet\/hydrolysoitu-kalkkunaproteiini\/#primaryimage","url":"https:\/\/naturalpoland.com\/wp-content\/uploads\/hydrolizowane-bialko-z-indyka.webp","contentUrl":"https:\/\/naturalpoland.com\/wp-content\/uploads\/hydrolizowane-bialko-z-indyka.webp","width":1024,"height":1024,"caption":"hydrolysoitu kalkkunaproteiini"},{"@type":"BreadcrumbList","@id":"https:\/\/naturalpoland.com\/fi\/tuotteet\/elintarviketeollisuuden-tuotteet\/hydrolysoitu-kalkkunaproteiini\/#breadcrumb","itemListElement":[{"@type":"ListItem","position":1,"name":"Etusivu","item":"https:\/\/naturalpoland.com\/fi\/"},{"@type":"ListItem","position":2,"name":"Tuotteet","item":"https:\/\/naturalpoland.com\/fi\/tuotteet\/"},{"@type":"ListItem","position":3,"name":"Hydrolysoitu kalkkunaproteiini"}]},{"@type":"WebSite","@id":"https:\/\/naturalpoland.com\/fi\/#website","url":"https:\/\/naturalpoland.com\/fi\/","name":"NATURAL POLAND - RAAKA-AINEIDEN TUKKUJAKELIJA","description":"Surowce dla przemys\u0142u spo\u017cywczego, kosmetycznego i farmaceutycznego","publisher":{"@id":"https:\/\/naturalpoland.com\/fi\/#organization"},"potentialAction":[{"@type":"SearchAction","target":{"@type":"EntryPoint","urlTemplate":"https:\/\/naturalpoland.com\/fi\/?s={search_term_string}"},"query-input":{"@type":"PropertyValueSpecification","valueRequired":true,"valueName":"search_term_string"}}],"inLanguage":"fi"},{"@type":"Organization","@id":"https:\/\/naturalpoland.com\/fi\/#organization","name":"Natural Poland","url":"https:\/\/naturalpoland.com\/fi\/","logo":{"@type":"ImageObject","inLanguage":"fi","@id":"https:\/\/naturalpoland.com\/fi\/#\/schema\/logo\/image\/","url":"https:\/\/naturalpoland.com\/wp-content\/uploads\/2021\/05\/natural-poland-icon.png","contentUrl":"https:\/\/naturalpoland.com\/wp-content\/uploads\/2021\/05\/natural-poland-icon.png","width":512,"height":512,"caption":"Natural Poland"},"image":{"@id":"https:\/\/naturalpoland.com\/fi\/#\/schema\/logo\/image\/"},"sameAs":["https:\/\/www.facebook.com\/naturalpoland.b2b","https:\/\/pl.linkedin.com\/company\/natural-poland","https:\/\/www.youtube.com\/channel\/UCgeGGkvOMahZo-xu_MSEWxg"]}]}},"_links":{"self":[{"href":"https:\/\/naturalpoland.com\/fi\/wp-json\/wp\/v2\/product\/46916","targetHints":{"allow":["GET"]}}],"collection":[{"href":"https:\/\/naturalpoland.com\/fi\/wp-json\/wp\/v2\/product"}],"about":[{"href":"https:\/\/naturalpoland.com\/fi\/wp-json\/wp\/v2\/types\/product"}],"wp:featuredmedia":[{"embeddable":true,"href":"https:\/\/naturalpoland.com\/fi\/wp-json\/wp\/v2\/media\/46918"}],"wp:attachment":[{"href":"https:\/\/naturalpoland.com\/fi\/wp-json\/wp\/v2\/media?parent=46916"}],"wp:term":[{"taxonomy":"product_brand","embeddable":true,"href":"https:\/\/naturalpoland.com\/fi\/wp-json\/wp\/v2\/product_brand?post=46916"},{"taxonomy":"product_cat","embeddable":true,"href":"https:\/\/naturalpoland.com\/fi\/wp-json\/wp\/v2\/product_cat?post=46916"},{"taxonomy":"product_tag","embeddable":true,"href":"https:\/\/naturalpoland.com\/fi\/wp-json\/wp\/v2\/product_tag?post=46916"}],"curies":[{"name":"wp","href":"https:\/\/api.w.org\/{rel}","templated":true}]}}