{"id":46954,"date":"2026-03-19T12:13:47","date_gmt":"2026-03-19T11:13:47","guid":{"rendered":"https:\/\/naturalpoland.com\/produkty\/Ei-luokiteltu\/kreatiinihydrolysaatti\/"},"modified":"2026-03-20T13:23:44","modified_gmt":"2026-03-20T12:23:44","slug":"kreatiinihydrolysaatti","status":"publish","type":"product","link":"https:\/\/naturalpoland.com\/fi\/tuotteet\/kosmetiikkateollisuuden-tuotteet\/kosmetiikan-raaka-aineet\/kreatiinihydrolysaatti\/","title":{"rendered":"Kreatiinihydrolysaatti"},"content":{"rendered":"<h2>Kreatiinihydrolysaatin ominaisuudet<\/h2>\n<p>Keratiinihydrolysaatti on proteiini, jolla on korkea affiniteetti keratiinirakenteiden, kuten hiusten, ihon ja kynsien, kanssa. Hydrolysointiprosessin ansiosta saadaan eri molekyylipainon omaavia peptidej\u00e4, jotka voivat tunkeutua hiusrakenteeseen tai muodostaa sen pinnalle suojaavan kalvon, mik\u00e4 parantaa hiusten kuntoa ja mekaanista kest\u00e4vyytt\u00e4. <\/p>\n<h2>Kreatiinihydrolysaatin k\u00e4ytt\u00f6<\/h2>\n<p>Kosmetiikassa keratiinihydrolysaattia k\u00e4ytet\u00e4\u00e4n ensisijaisesti hiustenhoitotuotteissa, joissa se parantaa hiusten joustavuutta, silottaa niit\u00e4 ja lis\u00e4\u00e4 niiden vastustuskyky\u00e4 ulkoisille tekij\u00f6ille. Ihonhoitovalmisteissa se voi vaikuttaa ihon kuntoon muodostamalla suojaavan kerroksen ja parantamalla formulaation k\u00e4ytt\u00f6ominaisuuksia. Korkean liukoisuuden ja stabiilisuuden ansiosta sit\u00e4 k\u00e4ytet\u00e4\u00e4n my\u00f6s kehittyneemmiss\u00e4 formulaatioj\u00e4rjestelmiss\u00e4, mukaan lukien hoito- ja teknologiset valmisteet.  <\/p>\n<p>Keratiinihydrolysaattia k\u00e4ytet\u00e4\u00e4n:<\/p>\n<ul>\n<li>hiuskosmetiikassa (shampoissa, naamioissa, hoitoaineissa),<\/li>\n<li>kynsi\u00e4 hoitavissa valmisteissa,<\/li>\n<li>uudistavissa ja vahvistavissa kosmetiikkatuotteissa,<\/li>\n<li>ihonhoitovalmisteissa,<\/li>\n<li>pesuaineissa ja tekstiilien hoitoaineissa.<\/li>\n<\/ul>\n","protected":false},"excerpt":{"rendered":"<p><strong>Kalkkunan keratiinihydrolysaatti<\/strong> esiintyy kermaisen-meripihkanv\u00e4risen\u00e4 jauheena ja liukenee hyvin veteen. Proteiinipitoisuus on \u226569 % ja pH 6,5\u20137,5. Hydrolyysiasteen mukaan saatavilla on eri molekyylipainon omaavia fraktioita (alle &lt;1 kDa:sta useisiin kDa:iin).  <\/p>\n","protected":false},"featured_media":46955,"template":"","meta":{"_acf_changed":false},"product_brand":[],"product_cat":[544],"product_tag":[],"class_list":{"0":"post-46954","1":"product","2":"type-product","3":"status-publish","4":"has-post-thumbnail","6":"product_cat-kosmetiikan-raaka-aineet","7":"pa_certyfikaty-brcgs-food","8":"pa_certyfikaty-halal-fi","9":"pa_certyfikaty-ifs-food","10":"pa_certyfikaty-ifs-logistics","12":"first","13":"instock","14":"shipping-taxable","15":"product-type-simple"},"acf":[],"yoast_head":"<!-- This site is optimized with the Yoast SEO plugin v27.5 - https:\/\/yoast.com\/product\/yoast-seo-wordpress\/ -->\n<title>Kreatiinihydrolysaatti - Tukkudistribuutio<\/title>\n<meta name=\"description\" content=\"Keratiinihydrolysaatti on proteiini, jolla on hiuksia hoitava ja vahvistava vaikutus. Kosmeettinen raaka-aine, jolla on korkea liukoisuus ja proteiinipitoisuus \u226569 %.\" \/>\n<meta name=\"robots\" content=\"index, follow, max-snippet:-1, max-image-preview:large, max-video-preview:-1\" \/>\n<link rel=\"canonical\" href=\"https:\/\/naturalpoland.com\/fi\/tuotteet\/kosmetiikkateollisuuden-tuotteet\/kosmetiikan-raaka-aineet\/kreatiinihydrolysaatti\/\" \/>\n<meta property=\"og:locale\" content=\"fi_FI\" \/>\n<meta property=\"og:type\" content=\"article\" \/>\n<meta property=\"og:title\" content=\"Kreatiinihydrolysaatti - Tukkudistribuutio\" \/>\n<meta property=\"og:description\" content=\"Keratiinihydrolysaatti on proteiini, jolla on hiuksia hoitava ja vahvistava vaikutus. Kosmeettinen raaka-aine, jolla on korkea liukoisuus ja proteiinipitoisuus \u226569 %.\" \/>\n<meta property=\"og:url\" content=\"https:\/\/naturalpoland.com\/fi\/tuotteet\/kosmetiikkateollisuuden-tuotteet\/kosmetiikan-raaka-aineet\/kreatiinihydrolysaatti\/\" \/>\n<meta property=\"og:site_name\" content=\"NATURAL POLAND - RAAKA-AINEIDEN TUKKUJAKELIJA\" \/>\n<meta property=\"article:publisher\" content=\"https:\/\/www.facebook.com\/naturalpoland.b2b\" \/>\n<meta property=\"article:modified_time\" content=\"2026-03-20T12:23:44+00:00\" \/>\n<meta property=\"og:image\" content=\"https:\/\/naturalpoland.com\/wp-content\/uploads\/hydrolizat-kreatyny.webp\" \/>\n\t<meta property=\"og:image:width\" content=\"1024\" \/>\n\t<meta property=\"og:image:height\" content=\"1024\" \/>\n\t<meta property=\"og:image:type\" content=\"image\/webp\" \/>\n<script type=\"application\/ld+json\" class=\"yoast-schema-graph\">{\"@context\":\"https:\\\/\\\/schema.org\",\"@graph\":[{\"@type\":\"WebPage\",\"@id\":\"https:\\\/\\\/naturalpoland.com\\\/fi\\\/tuotteet\\\/kosmetiikkateollisuuden-tuotteet\\\/kosmetiikan-raaka-aineet\\\/kreatiinihydrolysaatti\\\/\",\"url\":\"https:\\\/\\\/naturalpoland.com\\\/fi\\\/tuotteet\\\/kosmetiikkateollisuuden-tuotteet\\\/kosmetiikan-raaka-aineet\\\/kreatiinihydrolysaatti\\\/\",\"name\":\"Kreatiinihydrolysaatti - Tukkudistribuutio\",\"isPartOf\":{\"@id\":\"https:\\\/\\\/naturalpoland.com\\\/fi\\\/#website\"},\"primaryImageOfPage\":{\"@id\":\"https:\\\/\\\/naturalpoland.com\\\/fi\\\/tuotteet\\\/kosmetiikkateollisuuden-tuotteet\\\/kosmetiikan-raaka-aineet\\\/kreatiinihydrolysaatti\\\/#primaryimage\"},\"image\":{\"@id\":\"https:\\\/\\\/naturalpoland.com\\\/fi\\\/tuotteet\\\/kosmetiikkateollisuuden-tuotteet\\\/kosmetiikan-raaka-aineet\\\/kreatiinihydrolysaatti\\\/#primaryimage\"},\"thumbnailUrl\":\"https:\\\/\\\/naturalpoland.com\\\/wp-content\\\/uploads\\\/hydrolizat-kreatyny.webp\",\"datePublished\":\"2026-03-19T11:13:47+00:00\",\"dateModified\":\"2026-03-20T12:23:44+00:00\",\"description\":\"Keratiinihydrolysaatti on proteiini, jolla on hiuksia hoitava ja vahvistava vaikutus. Kosmeettinen raaka-aine, jolla on korkea liukoisuus ja proteiinipitoisuus \u226569 %.\",\"breadcrumb\":{\"@id\":\"https:\\\/\\\/naturalpoland.com\\\/fi\\\/tuotteet\\\/kosmetiikkateollisuuden-tuotteet\\\/kosmetiikan-raaka-aineet\\\/kreatiinihydrolysaatti\\\/#breadcrumb\"},\"inLanguage\":\"fi\",\"potentialAction\":[{\"@type\":\"ReadAction\",\"target\":[\"https:\\\/\\\/naturalpoland.com\\\/fi\\\/tuotteet\\\/kosmetiikkateollisuuden-tuotteet\\\/kosmetiikan-raaka-aineet\\\/kreatiinihydrolysaatti\\\/\"]}]},{\"@type\":\"ImageObject\",\"inLanguage\":\"fi\",\"@id\":\"https:\\\/\\\/naturalpoland.com\\\/fi\\\/tuotteet\\\/kosmetiikkateollisuuden-tuotteet\\\/kosmetiikan-raaka-aineet\\\/kreatiinihydrolysaatti\\\/#primaryimage\",\"url\":\"https:\\\/\\\/naturalpoland.com\\\/wp-content\\\/uploads\\\/hydrolizat-kreatyny.webp\",\"contentUrl\":\"https:\\\/\\\/naturalpoland.com\\\/wp-content\\\/uploads\\\/hydrolizat-kreatyny.webp\",\"width\":1024,\"height\":1024,\"caption\":\"kreatiinihydrolysaatti\"},{\"@type\":\"BreadcrumbList\",\"@id\":\"https:\\\/\\\/naturalpoland.com\\\/fi\\\/tuotteet\\\/kosmetiikkateollisuuden-tuotteet\\\/kosmetiikan-raaka-aineet\\\/kreatiinihydrolysaatti\\\/#breadcrumb\",\"itemListElement\":[{\"@type\":\"ListItem\",\"position\":1,\"name\":\"Etusivu\",\"item\":\"https:\\\/\\\/naturalpoland.com\\\/fi\\\/\"},{\"@type\":\"ListItem\",\"position\":2,\"name\":\"Tuotteet\",\"item\":\"https:\\\/\\\/naturalpoland.com\\\/fi\\\/tuotteet\\\/\"},{\"@type\":\"ListItem\",\"position\":3,\"name\":\"Kreatiinihydrolysaatti\"}]},{\"@type\":\"WebSite\",\"@id\":\"https:\\\/\\\/naturalpoland.com\\\/fi\\\/#website\",\"url\":\"https:\\\/\\\/naturalpoland.com\\\/fi\\\/\",\"name\":\"NATURAL POLAND - RAAKA-AINEIDEN TUKKUJAKELIJA\",\"description\":\"Surowce dla przemys\u0142u spo\u017cywczego, kosmetycznego i farmaceutycznego\",\"publisher\":{\"@id\":\"https:\\\/\\\/naturalpoland.com\\\/fi\\\/#organization\"},\"potentialAction\":[{\"@type\":\"SearchAction\",\"target\":{\"@type\":\"EntryPoint\",\"urlTemplate\":\"https:\\\/\\\/naturalpoland.com\\\/fi\\\/?s={search_term_string}\"},\"query-input\":{\"@type\":\"PropertyValueSpecification\",\"valueRequired\":true,\"valueName\":\"search_term_string\"}}],\"inLanguage\":\"fi\"},{\"@type\":\"Organization\",\"@id\":\"https:\\\/\\\/naturalpoland.com\\\/fi\\\/#organization\",\"name\":\"Natural Poland\",\"url\":\"https:\\\/\\\/naturalpoland.com\\\/fi\\\/\",\"logo\":{\"@type\":\"ImageObject\",\"inLanguage\":\"fi\",\"@id\":\"https:\\\/\\\/naturalpoland.com\\\/fi\\\/#\\\/schema\\\/logo\\\/image\\\/\",\"url\":\"https:\\\/\\\/naturalpoland.com\\\/wp-content\\\/uploads\\\/2021\\\/05\\\/natural-poland-icon.png\",\"contentUrl\":\"https:\\\/\\\/naturalpoland.com\\\/wp-content\\\/uploads\\\/2021\\\/05\\\/natural-poland-icon.png\",\"width\":512,\"height\":512,\"caption\":\"Natural Poland\"},\"image\":{\"@id\":\"https:\\\/\\\/naturalpoland.com\\\/fi\\\/#\\\/schema\\\/logo\\\/image\\\/\"},\"sameAs\":[\"https:\\\/\\\/www.facebook.com\\\/naturalpoland.b2b\",\"https:\\\/\\\/pl.linkedin.com\\\/company\\\/natural-poland\",\"https:\\\/\\\/www.youtube.com\\\/channel\\\/UCgeGGkvOMahZo-xu_MSEWxg\"]}]}<\/script>\n<!-- \/ Yoast SEO plugin. -->","yoast_head_json":{"title":"Kreatiinihydrolysaatti - Tukkudistribuutio","description":"Keratiinihydrolysaatti on proteiini, jolla on hiuksia hoitava ja vahvistava vaikutus. Kosmeettinen raaka-aine, jolla on korkea liukoisuus ja proteiinipitoisuus \u226569 %.","robots":{"index":"index","follow":"follow","max-snippet":"max-snippet:-1","max-image-preview":"max-image-preview:large","max-video-preview":"max-video-preview:-1"},"canonical":"https:\/\/naturalpoland.com\/fi\/tuotteet\/kosmetiikkateollisuuden-tuotteet\/kosmetiikan-raaka-aineet\/kreatiinihydrolysaatti\/","og_locale":"fi_FI","og_type":"article","og_title":"Kreatiinihydrolysaatti - Tukkudistribuutio","og_description":"Keratiinihydrolysaatti on proteiini, jolla on hiuksia hoitava ja vahvistava vaikutus. Kosmeettinen raaka-aine, jolla on korkea liukoisuus ja proteiinipitoisuus \u226569 %.","og_url":"https:\/\/naturalpoland.com\/fi\/tuotteet\/kosmetiikkateollisuuden-tuotteet\/kosmetiikan-raaka-aineet\/kreatiinihydrolysaatti\/","og_site_name":"NATURAL POLAND - RAAKA-AINEIDEN TUKKUJAKELIJA","article_publisher":"https:\/\/www.facebook.com\/naturalpoland.b2b","article_modified_time":"2026-03-20T12:23:44+00:00","og_image":[{"width":1024,"height":1024,"url":"https:\/\/naturalpoland.com\/wp-content\/uploads\/hydrolizat-kreatyny.webp","type":"image\/webp"}],"schema":{"@context":"https:\/\/schema.org","@graph":[{"@type":"WebPage","@id":"https:\/\/naturalpoland.com\/fi\/tuotteet\/kosmetiikkateollisuuden-tuotteet\/kosmetiikan-raaka-aineet\/kreatiinihydrolysaatti\/","url":"https:\/\/naturalpoland.com\/fi\/tuotteet\/kosmetiikkateollisuuden-tuotteet\/kosmetiikan-raaka-aineet\/kreatiinihydrolysaatti\/","name":"Kreatiinihydrolysaatti - Tukkudistribuutio","isPartOf":{"@id":"https:\/\/naturalpoland.com\/fi\/#website"},"primaryImageOfPage":{"@id":"https:\/\/naturalpoland.com\/fi\/tuotteet\/kosmetiikkateollisuuden-tuotteet\/kosmetiikan-raaka-aineet\/kreatiinihydrolysaatti\/#primaryimage"},"image":{"@id":"https:\/\/naturalpoland.com\/fi\/tuotteet\/kosmetiikkateollisuuden-tuotteet\/kosmetiikan-raaka-aineet\/kreatiinihydrolysaatti\/#primaryimage"},"thumbnailUrl":"https:\/\/naturalpoland.com\/wp-content\/uploads\/hydrolizat-kreatyny.webp","datePublished":"2026-03-19T11:13:47+00:00","dateModified":"2026-03-20T12:23:44+00:00","description":"Keratiinihydrolysaatti on proteiini, jolla on hiuksia hoitava ja vahvistava vaikutus. Kosmeettinen raaka-aine, jolla on korkea liukoisuus ja proteiinipitoisuus \u226569 %.","breadcrumb":{"@id":"https:\/\/naturalpoland.com\/fi\/tuotteet\/kosmetiikkateollisuuden-tuotteet\/kosmetiikan-raaka-aineet\/kreatiinihydrolysaatti\/#breadcrumb"},"inLanguage":"fi","potentialAction":[{"@type":"ReadAction","target":["https:\/\/naturalpoland.com\/fi\/tuotteet\/kosmetiikkateollisuuden-tuotteet\/kosmetiikan-raaka-aineet\/kreatiinihydrolysaatti\/"]}]},{"@type":"ImageObject","inLanguage":"fi","@id":"https:\/\/naturalpoland.com\/fi\/tuotteet\/kosmetiikkateollisuuden-tuotteet\/kosmetiikan-raaka-aineet\/kreatiinihydrolysaatti\/#primaryimage","url":"https:\/\/naturalpoland.com\/wp-content\/uploads\/hydrolizat-kreatyny.webp","contentUrl":"https:\/\/naturalpoland.com\/wp-content\/uploads\/hydrolizat-kreatyny.webp","width":1024,"height":1024,"caption":"kreatiinihydrolysaatti"},{"@type":"BreadcrumbList","@id":"https:\/\/naturalpoland.com\/fi\/tuotteet\/kosmetiikkateollisuuden-tuotteet\/kosmetiikan-raaka-aineet\/kreatiinihydrolysaatti\/#breadcrumb","itemListElement":[{"@type":"ListItem","position":1,"name":"Etusivu","item":"https:\/\/naturalpoland.com\/fi\/"},{"@type":"ListItem","position":2,"name":"Tuotteet","item":"https:\/\/naturalpoland.com\/fi\/tuotteet\/"},{"@type":"ListItem","position":3,"name":"Kreatiinihydrolysaatti"}]},{"@type":"WebSite","@id":"https:\/\/naturalpoland.com\/fi\/#website","url":"https:\/\/naturalpoland.com\/fi\/","name":"NATURAL POLAND - RAAKA-AINEIDEN TUKKUJAKELIJA","description":"Surowce dla przemys\u0142u spo\u017cywczego, kosmetycznego i farmaceutycznego","publisher":{"@id":"https:\/\/naturalpoland.com\/fi\/#organization"},"potentialAction":[{"@type":"SearchAction","target":{"@type":"EntryPoint","urlTemplate":"https:\/\/naturalpoland.com\/fi\/?s={search_term_string}"},"query-input":{"@type":"PropertyValueSpecification","valueRequired":true,"valueName":"search_term_string"}}],"inLanguage":"fi"},{"@type":"Organization","@id":"https:\/\/naturalpoland.com\/fi\/#organization","name":"Natural Poland","url":"https:\/\/naturalpoland.com\/fi\/","logo":{"@type":"ImageObject","inLanguage":"fi","@id":"https:\/\/naturalpoland.com\/fi\/#\/schema\/logo\/image\/","url":"https:\/\/naturalpoland.com\/wp-content\/uploads\/2021\/05\/natural-poland-icon.png","contentUrl":"https:\/\/naturalpoland.com\/wp-content\/uploads\/2021\/05\/natural-poland-icon.png","width":512,"height":512,"caption":"Natural Poland"},"image":{"@id":"https:\/\/naturalpoland.com\/fi\/#\/schema\/logo\/image\/"},"sameAs":["https:\/\/www.facebook.com\/naturalpoland.b2b","https:\/\/pl.linkedin.com\/company\/natural-poland","https:\/\/www.youtube.com\/channel\/UCgeGGkvOMahZo-xu_MSEWxg"]}]}},"_links":{"self":[{"href":"https:\/\/naturalpoland.com\/fi\/wp-json\/wp\/v2\/product\/46954","targetHints":{"allow":["GET"]}}],"collection":[{"href":"https:\/\/naturalpoland.com\/fi\/wp-json\/wp\/v2\/product"}],"about":[{"href":"https:\/\/naturalpoland.com\/fi\/wp-json\/wp\/v2\/types\/product"}],"wp:featuredmedia":[{"embeddable":true,"href":"https:\/\/naturalpoland.com\/fi\/wp-json\/wp\/v2\/media\/46955"}],"wp:attachment":[{"href":"https:\/\/naturalpoland.com\/fi\/wp-json\/wp\/v2\/media?parent=46954"}],"wp:term":[{"taxonomy":"product_brand","embeddable":true,"href":"https:\/\/naturalpoland.com\/fi\/wp-json\/wp\/v2\/product_brand?post=46954"},{"taxonomy":"product_cat","embeddable":true,"href":"https:\/\/naturalpoland.com\/fi\/wp-json\/wp\/v2\/product_cat?post=46954"},{"taxonomy":"product_tag","embeddable":true,"href":"https:\/\/naturalpoland.com\/fi\/wp-json\/wp\/v2\/product_tag?post=46954"}],"curies":[{"name":"wp","href":"https:\/\/api.w.org\/{rel}","templated":true}]}}