{"id":46988,"date":"2026-03-20T13:30:32","date_gmt":"2026-03-20T12:30:32","guid":{"rendered":"https:\/\/naturalpoland.com\/produkty\/Ei-luokiteltu\/mct-oljy-kookoksesta\/"},"modified":"2026-03-20T13:30:49","modified_gmt":"2026-03-20T12:30:49","slug":"mct-oljy-kookoksesta","status":"publish","type":"product","link":"https:\/\/naturalpoland.com\/fi\/tuotteet\/ruokaoljyt-ja-kosmeettiset-oljyt\/mct-oljy-kookoksesta\/","title":{"rendered":"MCT-\u00f6ljy (kookoksesta)"},"content":{"rendered":"<h2>MCT-\u00f6ljyn ominaisuudet<\/h2>\n<p>MCT-\u00f6ljy on kirkasta, v\u00e4rit\u00f6nt\u00e4 nestett\u00e4, jolla on matala viskositeetti ja joka on hajutonta ja mautonta. Se on tarkoitettu k\u00e4ytett\u00e4v\u00e4ksi elintarvike-, ravintolis\u00e4- ja kosmetiikkaformulaatioissa. Se on teknologisesti ennustettava raaka-aine korkean puhtautensa ja hapettumisstabiliteetin ansiosta (matala peroksidiluku &lt;0,1 meq O\u2082\/kg).  <\/p>\n<h2>MCT-\u00f6ljyn ominaisuudet ja vaikutus<\/h2>\n<p>MCT-\u00f6ljy erottuu erityisell\u00e4 metabolisella profiilillaan, joka johtuu keskipitkien rasvahappojen l\u00e4sn\u00e4olosta. Toisin kuin pitk\u00e4ketjuiset rasvat, MCT:t imeytyv\u00e4t ja metaboloituvat nopeasti, mink\u00e4 vuoksi ne muodostavat <strong>helposti saatavilla olevan energial\u00e4hteen<\/strong>. <\/p>\n<p>Kapryylihappopitoisuus noin 63 %:n ja kapriinihappopitoisuus noin 35 %:n tasolla vaikuttavat tuotteen toiminnallisuuteen nutraseuttisissa sovelluksissa. N\u00e4it\u00e4 rasvoja k\u00e4ytet\u00e4\u00e4n usein funktionaalisissa ruokavalioissa, mukaan lukien <strong>ketogeenisessa ruokavaliossa<\/strong>, jossa ne toimivat nopeasti saatavilla olevana energiasubstraattina. <\/p>\n<p>MCT-\u00f6ljy\u00e4 arvostetaan my\u00f6s sen stabiliteetin vuoksi \u2013 matala vapaan rasvahappojen taso (happoluku noin 0,01 mg KOH\/g) sek\u00e4 eritt\u00e4in alhainen vesipitoisuus (noin 0,02 %) vaikuttavat sen s\u00e4ilyvyyteen ja hapettumiskest\u00e4vyyteen.<\/p>\n<p>Kosmetiikassa MCT-\u00f6ljy toimii <strong>kevyen\u00e4 pehmentimen\u00e4<\/strong> sek\u00e4 aktiivisten aineiden kantaja-aineena. Matalan viskositeetin ansiosta se levi\u00e4\u00e4 hyvin, imeytyy nopeasti eik\u00e4 j\u00e4t\u00e4 rasvaista kerrosta iholle. Sit\u00e4 k\u00e4ytet\u00e4\u00e4n usein vaihtoehtona raskaammille kasvi\u00f6ljyille.  <\/p>\n<h2>Kookoksesta saadun MCT-\u00f6ljyn k\u00e4ytt\u00f6<\/h2>\n<p>Elintarviketeollisuus ja ravintolis\u00e4t<\/p>\n<ul>\n<li>energiaravintolis\u00e4t ja ketogeeniset tuotteet,<\/li>\n<li>funktionaaliset juomat ja &#8221;bulletproof coffee&#8221;,<\/li>\n<li>elintarvikelis\u00e4t ja nutraseuttika,<\/li>\n<li>tuotteet urheilijoille ja aktiivisille henkil\u00f6ille.<\/li>\n<\/ul>\n<p>Kosmetiikka<\/p>\n<ul>\n<li>kevyet vartalo- ja kasvo\u00f6ljyt,<\/li>\n<li>kosteuttavat ja pehmitt\u00e4v\u00e4t valmisteet,<\/li>\n<li>aktiivisten aineiden kantaja-aine seerumeissa ja voiteissa,<\/li>\n<li>hieronta\u00f6ljyt ja hiustenhoitotuotteet.<\/li>\n<\/ul>\n<p>Teknologiset sovellukset<\/p>\n<ul>\n<li>aromien ja aktiivisten ainesosien kantaja-aine,<\/li>\n<li>ainesosa formulaatioissa, jotka vaativat stabiileja lipidej\u00e4,<\/li>\n<li>pohja tuotteille, joilla on pidennetty s\u00e4ilyvyys.<\/li>\n<\/ul>\n<h2>Rasvahappokoostumus (GC FAME)<\/h2>\n<div class=\"row row-divided\"  id=\"row-1206388793\">\n\n\t<div id=\"col-1044294008\" class=\"col medium-1\/2 large-6\"  >\n\t\t\t\t<div class=\"col-inner\"  >\n\t\t\t\n\t\t\t\n<h3>Parametri<\/h3>\n<div class=\"is-divider divider clearfix\" ><\/div>\n<p>Kaproniinihappo (C6:0)<\/p>\n<p>Kapryylihappo (C8:0)<\/p>\n<p>Kapriinihappo (C10:0)<\/p>\n<p>Lauriinihappo (C12:0)<\/p>\n<p>Myristiinihappo (C14:0)<\/p>\n\t\t<\/div>\n\t\t\t\t\t<\/div>\n\n\t\n\n\t<div id=\"col-1710205347\" class=\"col medium-1\/2 large-6\"  >\n\t\t\t\t<div class=\"col-inner\"  >\n\t\t\t\n\t\t\t\n<h3>Tulos<\/h3>\n<div class=\"is-divider divider clearfix\" ><\/div>\n<p>0,3%<\/p>\n<p>63,4%<\/p>\n<p>35,8%<\/p>\n<p>0,5%<\/p>\n<p>0,0%<\/p>\n\t\t<\/div>\n\t\t\t\t\t<\/div>\n\n\t\n<\/div>\n","protected":false},"excerpt":{"rendered":"<p><strong>MCT-\u00f6ljy (Medium Chain Triglycerides)<\/strong> on erikois\u00f6ljy, joka saadaan kookos\u00f6ljyst\u00e4 fraktiointiprosessissa, jossa erotetaan keskipitk\u00e4t rasvahapot. Toisin kuin tavallinen kookos\u00f6ljy, t\u00e4m\u00e4 tuote <strong>sis\u00e4lt\u00e4\u00e4 p\u00e4\u00e4asiassa kapryylihappotriglyseridit<\/strong> (C8) ja <strong>kapriinihappotriglyseridit<\/strong> (C10), jotka muodostavat sen keskeisen funktionaalisen ainesosan. <\/p>\n","protected":false},"featured_media":46989,"template":"","meta":{"_acf_changed":false},"product_brand":[],"product_cat":[531],"product_tag":[],"class_list":{"0":"post-46988","1":"product","2":"type-product","3":"status-publish","4":"has-post-thumbnail","6":"product_cat-ruokaoljyt-ja-kosmeettiset-oljyt","7":"pa_czesc-rosliny-kookospahkinan-malto-siemenen-endospermi-kopra","9":"first","10":"instock","11":"shipping-taxable","12":"product-type-simple"},"acf":[],"yoast_head":"<!-- This site is optimized with the Yoast SEO plugin v27.6 - https:\/\/yoast.com\/product\/yoast-seo-wordpress\/ -->\n<title>MCT-\u00f6ljy (kookoksesta) - Tukkudistribuutio<\/title>\n<meta name=\"description\" content=\"Kookoksesta saatu MCT-\u00f6ljy on helposti sulavaa rasvaa, jossa on korkea C8- ja C10-pitoisuus. Raaka-aine ravintolisiin, kosmetiikkaan ja funktionaalisiin tuotteisiin.\" \/>\n<meta name=\"robots\" content=\"index, follow, max-snippet:-1, max-image-preview:large, max-video-preview:-1\" \/>\n<link rel=\"canonical\" href=\"https:\/\/naturalpoland.com\/fi\/tuotteet\/ruokaoljyt-ja-kosmeettiset-oljyt\/mct-oljy-kookoksesta\/\" \/>\n<meta property=\"og:locale\" content=\"fi_FI\" \/>\n<meta property=\"og:type\" content=\"article\" \/>\n<meta property=\"og:title\" content=\"MCT-\u00f6ljy (kookoksesta) - Tukkudistribuutio\" \/>\n<meta property=\"og:description\" content=\"Kookoksesta saatu MCT-\u00f6ljy on helposti sulavaa rasvaa, jossa on korkea C8- ja C10-pitoisuus. Raaka-aine ravintolisiin, kosmetiikkaan ja funktionaalisiin tuotteisiin.\" \/>\n<meta property=\"og:url\" content=\"https:\/\/naturalpoland.com\/fi\/tuotteet\/ruokaoljyt-ja-kosmeettiset-oljyt\/mct-oljy-kookoksesta\/\" \/>\n<meta property=\"og:site_name\" content=\"NATURAL POLAND - RAAKA-AINEIDEN TUKKUJAKELIJA\" \/>\n<meta property=\"article:publisher\" content=\"https:\/\/www.facebook.com\/naturalpoland.b2b\" \/>\n<meta property=\"article:modified_time\" content=\"2026-03-20T12:30:49+00:00\" \/>\n<meta property=\"og:image\" content=\"https:\/\/naturalpoland.com\/wp-content\/uploads\/olej-mct-z-kokosa.png\" \/>\n\t<meta property=\"og:image:width\" content=\"1024\" \/>\n\t<meta property=\"og:image:height\" content=\"1024\" \/>\n\t<meta property=\"og:image:type\" content=\"image\/png\" \/>\n<script type=\"application\/ld+json\" class=\"yoast-schema-graph\">{\"@context\":\"https:\\\/\\\/schema.org\",\"@graph\":[{\"@type\":\"WebPage\",\"@id\":\"https:\\\/\\\/naturalpoland.com\\\/fi\\\/tuotteet\\\/ruokaoljyt-ja-kosmeettiset-oljyt\\\/mct-oljy-kookoksesta\\\/\",\"url\":\"https:\\\/\\\/naturalpoland.com\\\/fi\\\/tuotteet\\\/ruokaoljyt-ja-kosmeettiset-oljyt\\\/mct-oljy-kookoksesta\\\/\",\"name\":\"MCT-\u00f6ljy (kookoksesta) - Tukkudistribuutio\",\"isPartOf\":{\"@id\":\"https:\\\/\\\/naturalpoland.com\\\/fi\\\/#website\"},\"primaryImageOfPage\":{\"@id\":\"https:\\\/\\\/naturalpoland.com\\\/fi\\\/tuotteet\\\/ruokaoljyt-ja-kosmeettiset-oljyt\\\/mct-oljy-kookoksesta\\\/#primaryimage\"},\"image\":{\"@id\":\"https:\\\/\\\/naturalpoland.com\\\/fi\\\/tuotteet\\\/ruokaoljyt-ja-kosmeettiset-oljyt\\\/mct-oljy-kookoksesta\\\/#primaryimage\"},\"thumbnailUrl\":\"https:\\\/\\\/naturalpoland.com\\\/wp-content\\\/uploads\\\/olej-mct-z-kokosa.png\",\"datePublished\":\"2026-03-20T12:30:32+00:00\",\"dateModified\":\"2026-03-20T12:30:49+00:00\",\"description\":\"Kookoksesta saatu MCT-\u00f6ljy on helposti sulavaa rasvaa, jossa on korkea C8- ja C10-pitoisuus. Raaka-aine ravintolisiin, kosmetiikkaan ja funktionaalisiin tuotteisiin.\",\"breadcrumb\":{\"@id\":\"https:\\\/\\\/naturalpoland.com\\\/fi\\\/tuotteet\\\/ruokaoljyt-ja-kosmeettiset-oljyt\\\/mct-oljy-kookoksesta\\\/#breadcrumb\"},\"inLanguage\":\"fi\",\"potentialAction\":[{\"@type\":\"ReadAction\",\"target\":[\"https:\\\/\\\/naturalpoland.com\\\/fi\\\/tuotteet\\\/ruokaoljyt-ja-kosmeettiset-oljyt\\\/mct-oljy-kookoksesta\\\/\"]}]},{\"@type\":\"ImageObject\",\"inLanguage\":\"fi\",\"@id\":\"https:\\\/\\\/naturalpoland.com\\\/fi\\\/tuotteet\\\/ruokaoljyt-ja-kosmeettiset-oljyt\\\/mct-oljy-kookoksesta\\\/#primaryimage\",\"url\":\"https:\\\/\\\/naturalpoland.com\\\/wp-content\\\/uploads\\\/olej-mct-z-kokosa.png\",\"contentUrl\":\"https:\\\/\\\/naturalpoland.com\\\/wp-content\\\/uploads\\\/olej-mct-z-kokosa.png\",\"width\":1024,\"height\":1024,\"caption\":\"MCT-\u00f6ljy kookoksesta\"},{\"@type\":\"BreadcrumbList\",\"@id\":\"https:\\\/\\\/naturalpoland.com\\\/fi\\\/tuotteet\\\/ruokaoljyt-ja-kosmeettiset-oljyt\\\/mct-oljy-kookoksesta\\\/#breadcrumb\",\"itemListElement\":[{\"@type\":\"ListItem\",\"position\":1,\"name\":\"Etusivu\",\"item\":\"https:\\\/\\\/naturalpoland.com\\\/fi\\\/\"},{\"@type\":\"ListItem\",\"position\":2,\"name\":\"Tuotteet\",\"item\":\"https:\\\/\\\/naturalpoland.com\\\/fi\\\/tuotteet\\\/\"},{\"@type\":\"ListItem\",\"position\":3,\"name\":\"MCT-\u00f6ljy (kookoksesta)\"}]},{\"@type\":\"WebSite\",\"@id\":\"https:\\\/\\\/naturalpoland.com\\\/fi\\\/#website\",\"url\":\"https:\\\/\\\/naturalpoland.com\\\/fi\\\/\",\"name\":\"NATURAL POLAND - RAAKA-AINEIDEN TUKKUJAKELIJA\",\"description\":\"Surowce dla przemys\u0142u spo\u017cywczego, kosmetycznego i farmaceutycznego\",\"publisher\":{\"@id\":\"https:\\\/\\\/naturalpoland.com\\\/fi\\\/#organization\"},\"potentialAction\":[{\"@type\":\"SearchAction\",\"target\":{\"@type\":\"EntryPoint\",\"urlTemplate\":\"https:\\\/\\\/naturalpoland.com\\\/fi\\\/?s={search_term_string}\"},\"query-input\":{\"@type\":\"PropertyValueSpecification\",\"valueRequired\":true,\"valueName\":\"search_term_string\"}}],\"inLanguage\":\"fi\"},{\"@type\":\"Organization\",\"@id\":\"https:\\\/\\\/naturalpoland.com\\\/fi\\\/#organization\",\"name\":\"Natural Poland\",\"url\":\"https:\\\/\\\/naturalpoland.com\\\/fi\\\/\",\"logo\":{\"@type\":\"ImageObject\",\"inLanguage\":\"fi\",\"@id\":\"https:\\\/\\\/naturalpoland.com\\\/fi\\\/#\\\/schema\\\/logo\\\/image\\\/\",\"url\":\"https:\\\/\\\/naturalpoland.com\\\/wp-content\\\/uploads\\\/2021\\\/05\\\/natural-poland-icon.png\",\"contentUrl\":\"https:\\\/\\\/naturalpoland.com\\\/wp-content\\\/uploads\\\/2021\\\/05\\\/natural-poland-icon.png\",\"width\":512,\"height\":512,\"caption\":\"Natural Poland\"},\"image\":{\"@id\":\"https:\\\/\\\/naturalpoland.com\\\/fi\\\/#\\\/schema\\\/logo\\\/image\\\/\"},\"sameAs\":[\"https:\\\/\\\/www.facebook.com\\\/naturalpoland.b2b\",\"https:\\\/\\\/pl.linkedin.com\\\/company\\\/natural-poland\",\"https:\\\/\\\/www.youtube.com\\\/channel\\\/UCgeGGkvOMahZo-xu_MSEWxg\"]}]}<\/script>\n<!-- \/ Yoast SEO plugin. -->","yoast_head_json":{"title":"MCT-\u00f6ljy (kookoksesta) - Tukkudistribuutio","description":"Kookoksesta saatu MCT-\u00f6ljy on helposti sulavaa rasvaa, jossa on korkea C8- ja C10-pitoisuus. Raaka-aine ravintolisiin, kosmetiikkaan ja funktionaalisiin tuotteisiin.","robots":{"index":"index","follow":"follow","max-snippet":"max-snippet:-1","max-image-preview":"max-image-preview:large","max-video-preview":"max-video-preview:-1"},"canonical":"https:\/\/naturalpoland.com\/fi\/tuotteet\/ruokaoljyt-ja-kosmeettiset-oljyt\/mct-oljy-kookoksesta\/","og_locale":"fi_FI","og_type":"article","og_title":"MCT-\u00f6ljy (kookoksesta) - Tukkudistribuutio","og_description":"Kookoksesta saatu MCT-\u00f6ljy on helposti sulavaa rasvaa, jossa on korkea C8- ja C10-pitoisuus. Raaka-aine ravintolisiin, kosmetiikkaan ja funktionaalisiin tuotteisiin.","og_url":"https:\/\/naturalpoland.com\/fi\/tuotteet\/ruokaoljyt-ja-kosmeettiset-oljyt\/mct-oljy-kookoksesta\/","og_site_name":"NATURAL POLAND - RAAKA-AINEIDEN TUKKUJAKELIJA","article_publisher":"https:\/\/www.facebook.com\/naturalpoland.b2b","article_modified_time":"2026-03-20T12:30:49+00:00","og_image":[{"width":1024,"height":1024,"url":"https:\/\/naturalpoland.com\/wp-content\/uploads\/olej-mct-z-kokosa.png","type":"image\/png"}],"schema":{"@context":"https:\/\/schema.org","@graph":[{"@type":"WebPage","@id":"https:\/\/naturalpoland.com\/fi\/tuotteet\/ruokaoljyt-ja-kosmeettiset-oljyt\/mct-oljy-kookoksesta\/","url":"https:\/\/naturalpoland.com\/fi\/tuotteet\/ruokaoljyt-ja-kosmeettiset-oljyt\/mct-oljy-kookoksesta\/","name":"MCT-\u00f6ljy (kookoksesta) - Tukkudistribuutio","isPartOf":{"@id":"https:\/\/naturalpoland.com\/fi\/#website"},"primaryImageOfPage":{"@id":"https:\/\/naturalpoland.com\/fi\/tuotteet\/ruokaoljyt-ja-kosmeettiset-oljyt\/mct-oljy-kookoksesta\/#primaryimage"},"image":{"@id":"https:\/\/naturalpoland.com\/fi\/tuotteet\/ruokaoljyt-ja-kosmeettiset-oljyt\/mct-oljy-kookoksesta\/#primaryimage"},"thumbnailUrl":"https:\/\/naturalpoland.com\/wp-content\/uploads\/olej-mct-z-kokosa.png","datePublished":"2026-03-20T12:30:32+00:00","dateModified":"2026-03-20T12:30:49+00:00","description":"Kookoksesta saatu MCT-\u00f6ljy on helposti sulavaa rasvaa, jossa on korkea C8- ja C10-pitoisuus. Raaka-aine ravintolisiin, kosmetiikkaan ja funktionaalisiin tuotteisiin.","breadcrumb":{"@id":"https:\/\/naturalpoland.com\/fi\/tuotteet\/ruokaoljyt-ja-kosmeettiset-oljyt\/mct-oljy-kookoksesta\/#breadcrumb"},"inLanguage":"fi","potentialAction":[{"@type":"ReadAction","target":["https:\/\/naturalpoland.com\/fi\/tuotteet\/ruokaoljyt-ja-kosmeettiset-oljyt\/mct-oljy-kookoksesta\/"]}]},{"@type":"ImageObject","inLanguage":"fi","@id":"https:\/\/naturalpoland.com\/fi\/tuotteet\/ruokaoljyt-ja-kosmeettiset-oljyt\/mct-oljy-kookoksesta\/#primaryimage","url":"https:\/\/naturalpoland.com\/wp-content\/uploads\/olej-mct-z-kokosa.png","contentUrl":"https:\/\/naturalpoland.com\/wp-content\/uploads\/olej-mct-z-kokosa.png","width":1024,"height":1024,"caption":"MCT-\u00f6ljy kookoksesta"},{"@type":"BreadcrumbList","@id":"https:\/\/naturalpoland.com\/fi\/tuotteet\/ruokaoljyt-ja-kosmeettiset-oljyt\/mct-oljy-kookoksesta\/#breadcrumb","itemListElement":[{"@type":"ListItem","position":1,"name":"Etusivu","item":"https:\/\/naturalpoland.com\/fi\/"},{"@type":"ListItem","position":2,"name":"Tuotteet","item":"https:\/\/naturalpoland.com\/fi\/tuotteet\/"},{"@type":"ListItem","position":3,"name":"MCT-\u00f6ljy (kookoksesta)"}]},{"@type":"WebSite","@id":"https:\/\/naturalpoland.com\/fi\/#website","url":"https:\/\/naturalpoland.com\/fi\/","name":"NATURAL POLAND - RAAKA-AINEIDEN TUKKUJAKELIJA","description":"Surowce dla przemys\u0142u spo\u017cywczego, kosmetycznego i farmaceutycznego","publisher":{"@id":"https:\/\/naturalpoland.com\/fi\/#organization"},"potentialAction":[{"@type":"SearchAction","target":{"@type":"EntryPoint","urlTemplate":"https:\/\/naturalpoland.com\/fi\/?s={search_term_string}"},"query-input":{"@type":"PropertyValueSpecification","valueRequired":true,"valueName":"search_term_string"}}],"inLanguage":"fi"},{"@type":"Organization","@id":"https:\/\/naturalpoland.com\/fi\/#organization","name":"Natural Poland","url":"https:\/\/naturalpoland.com\/fi\/","logo":{"@type":"ImageObject","inLanguage":"fi","@id":"https:\/\/naturalpoland.com\/fi\/#\/schema\/logo\/image\/","url":"https:\/\/naturalpoland.com\/wp-content\/uploads\/2021\/05\/natural-poland-icon.png","contentUrl":"https:\/\/naturalpoland.com\/wp-content\/uploads\/2021\/05\/natural-poland-icon.png","width":512,"height":512,"caption":"Natural Poland"},"image":{"@id":"https:\/\/naturalpoland.com\/fi\/#\/schema\/logo\/image\/"},"sameAs":["https:\/\/www.facebook.com\/naturalpoland.b2b","https:\/\/pl.linkedin.com\/company\/natural-poland","https:\/\/www.youtube.com\/channel\/UCgeGGkvOMahZo-xu_MSEWxg"]}]}},"_links":{"self":[{"href":"https:\/\/naturalpoland.com\/fi\/wp-json\/wp\/v2\/product\/46988","targetHints":{"allow":["GET"]}}],"collection":[{"href":"https:\/\/naturalpoland.com\/fi\/wp-json\/wp\/v2\/product"}],"about":[{"href":"https:\/\/naturalpoland.com\/fi\/wp-json\/wp\/v2\/types\/product"}],"wp:featuredmedia":[{"embeddable":true,"href":"https:\/\/naturalpoland.com\/fi\/wp-json\/wp\/v2\/media\/46989"}],"wp:attachment":[{"href":"https:\/\/naturalpoland.com\/fi\/wp-json\/wp\/v2\/media?parent=46988"}],"wp:term":[{"taxonomy":"product_brand","embeddable":true,"href":"https:\/\/naturalpoland.com\/fi\/wp-json\/wp\/v2\/product_brand?post=46988"},{"taxonomy":"product_cat","embeddable":true,"href":"https:\/\/naturalpoland.com\/fi\/wp-json\/wp\/v2\/product_cat?post=46988"},{"taxonomy":"product_tag","embeddable":true,"href":"https:\/\/naturalpoland.com\/fi\/wp-json\/wp\/v2\/product_tag?post=46988"}],"curies":[{"name":"wp","href":"https:\/\/api.w.org\/{rel}","templated":true}]}}