{"id":47034,"date":"2026-03-20T15:12:25","date_gmt":"2026-03-20T14:12:25","guid":{"rendered":"https:\/\/naturalpoland.com\/produkty\/Ei-luokiteltu\/natriumbenturaatti\/"},"modified":"2026-03-20T15:30:15","modified_gmt":"2026-03-20T14:30:15","slug":"natriumbenturaatti","status":"publish","type":"product","link":"https:\/\/naturalpoland.com\/fi\/tuotteet\/laaketeollisuuden-tuotteet\/ravintolisien-ainesosat\/natriumbenturaatti\/","title":{"rendered":"Natriumbenturaatti"},"content":{"rendered":"<p>Natriumbenturaattia esiintyy luonnostaan paksusuolessa suoliston mikrobiomin ravintokuidun fermentaation tuotteena. Toiminnallisena raaka-aineena sit\u00e4 k\u00e4ytet\u00e4\u00e4n ravintolisiss\u00e4 ja ruoansulatusj\u00e4rjestelm\u00e4n tukemiseen tarkoitetuissa tuotteissa. <\/p>\n<p>Tarjoamamme tuote on natriumbenturaatti <strong>kapseloidussa muodossa<\/strong>, mik\u00e4 tarkoittaa, ett\u00e4 aktiivinen aine on suojattu rasvakerroksella. T\u00e4m\u00e4 mahdollistaa kontrolloidun vapautumisen ruoansulatuskanavan my\u00f6hemmiss\u00e4 osissa ja raaka-aineen ominaisen hajun v\u00e4hent\u00e4misen. <\/p>\n<h2>Natriumbenturaatin ominaisuudet ja vaikutus:<\/h2>\n<p>Natriumbenturaattia k\u00e4ytet\u00e4\u00e4n ruoansulatuskanavan toimintaan keskittyviss\u00e4 formulaatioissa. Lyhytketjuisena rasvahappona se on luonnollinen energianl\u00e4hde suoliston epiteelisoluille, mik\u00e4 edist\u00e4\u00e4 suolistoesteen oikean rakenteen ja toiminnan yll\u00e4pit\u00e4mist\u00e4. <\/p>\n<p>T\u00e4m\u00e4 yhdiste osallistuu suoliston ymp\u00e4rist\u00f6n s\u00e4\u00e4telyyn vaikuttamalla mikroflooraan ja pH:hon ruoansulatuskanavassa. Se voi edist\u00e4\u00e4 suoliston mikrobiologisen tasapainon yll\u00e4pit\u00e4mist\u00e4 ja suotuisten bakteerien kasvua. Sill\u00e4 on my\u00f6s t\u00e4rke\u00e4 rooli suoliston epiteelin uusiutumiseen ja suolistoesteen eheyden yll\u00e4pit\u00e4miseen liittyviss\u00e4 prosesseissa.  <\/p>\n<p>Kapseloidun muodon k\u00e4ytt\u00f6 lis\u00e4\u00e4 teknologista tehokkuutta \u2013 ainesosa ei hajoa nopeasti ruoansulatuskanavan yl\u00e4osassa, joten se voi vaikuttaa ohut- ja paksusuolessa. Lis\u00e4ksi kapselointi v\u00e4hent\u00e4\u00e4 vapaalle voihapolle ominaista voimakasta hajua. <\/p>\n<h2>Natriumbenturaatin k\u00e4ytt\u00f6kohteet:<\/h2>\n<ul>\n<li><em>gut health<\/em> -tyyppiset ravintolis\u00e4t,<\/li>\n<li>suoliston toimintaa tukevat valmisteet,<\/li>\n<li>funktionaaliset elintarvikkeet,<\/li>\n<li>tuotteet henkil\u00f6ille, jotka huolehtivat suoliston mikrobiomista,<\/li>\n<li>el\u00e4inl\u00e4\u00e4kint\u00e4- ja rehuk\u00e4ytt\u00f6.<\/li>\n<\/ul>\n<p>Toiminnallisuutensa vuoksi t\u00e4t\u00e4 raaka-ainetta k\u00e4ytet\u00e4\u00e4n usein tuotteissa, jotka yhdist\u00e4v\u00e4t prebioottisia ja probioottisia ainesosia.<\/p>\n","protected":false},"excerpt":{"rendered":"<p>Natriumbenturaatti on voihapon natriumsuola, joka kuuluu lyhytketjuisten rasvahappojen (SCFA) ryhm\u00e4\u00e4n.<\/p>\n","protected":false},"featured_media":47065,"template":"","meta":{"_acf_changed":false},"product_brand":[],"product_cat":[535],"product_tag":[],"class_list":{"0":"post-47034","1":"product","2":"type-product","3":"status-publish","4":"has-post-thumbnail","6":"product_cat-ravintolisien-ainesosat","8":"first","9":"instock","10":"shipping-taxable","11":"product-type-simple"},"acf":[],"yoast_head":"<!-- This site is optimized with the Yoast SEO plugin v27.5 - https:\/\/yoast.com\/product\/yoast-seo-wordpress\/ -->\n<title>Natriumbenturaatti - Tukkudistribuutio<\/title>\n<meta name=\"description\" content=\"Natriumbenturaatti (kapseloitu) on raaka-aine suolistoa ja mikrobiomiaa tukeviin ravintolisiin. Vakaa muoto kontrolloidulla vapautumisella ja korkealla laadulla.\" \/>\n<meta name=\"robots\" content=\"index, follow, max-snippet:-1, max-image-preview:large, max-video-preview:-1\" \/>\n<link rel=\"canonical\" href=\"https:\/\/naturalpoland.com\/fi\/tuotteet\/laaketeollisuuden-tuotteet\/ravintolisien-ainesosat\/natriumbenturaatti\/\" \/>\n<meta property=\"og:locale\" content=\"fi_FI\" \/>\n<meta property=\"og:type\" content=\"article\" \/>\n<meta property=\"og:title\" content=\"Natriumbenturaatti - Tukkudistribuutio\" \/>\n<meta property=\"og:description\" content=\"Natriumbenturaatti (kapseloitu) on raaka-aine suolistoa ja mikrobiomiaa tukeviin ravintolisiin. Vakaa muoto kontrolloidulla vapautumisella ja korkealla laadulla.\" \/>\n<meta property=\"og:url\" content=\"https:\/\/naturalpoland.com\/fi\/tuotteet\/laaketeollisuuden-tuotteet\/ravintolisien-ainesosat\/natriumbenturaatti\/\" \/>\n<meta property=\"og:site_name\" content=\"NATURAL POLAND - RAAKA-AINEIDEN TUKKUJAKELIJA\" \/>\n<meta property=\"article:publisher\" content=\"https:\/\/www.facebook.com\/naturalpoland.b2b\" \/>\n<meta property=\"article:modified_time\" content=\"2026-03-20T14:30:15+00:00\" \/>\n<meta property=\"og:image\" content=\"https:\/\/naturalpoland.com\/wp-content\/uploads\/maslan-sodu-otoczkowany.webp\" \/>\n\t<meta property=\"og:image:width\" content=\"1024\" \/>\n\t<meta property=\"og:image:height\" content=\"1024\" \/>\n\t<meta property=\"og:image:type\" content=\"image\/webp\" \/>\n<script type=\"application\/ld+json\" class=\"yoast-schema-graph\">{\"@context\":\"https:\\\/\\\/schema.org\",\"@graph\":[{\"@type\":\"WebPage\",\"@id\":\"https:\\\/\\\/naturalpoland.com\\\/fi\\\/tuotteet\\\/laaketeollisuuden-tuotteet\\\/ravintolisien-ainesosat\\\/natriumbenturaatti\\\/\",\"url\":\"https:\\\/\\\/naturalpoland.com\\\/fi\\\/tuotteet\\\/laaketeollisuuden-tuotteet\\\/ravintolisien-ainesosat\\\/natriumbenturaatti\\\/\",\"name\":\"Natriumbenturaatti - Tukkudistribuutio\",\"isPartOf\":{\"@id\":\"https:\\\/\\\/naturalpoland.com\\\/fi\\\/#website\"},\"primaryImageOfPage\":{\"@id\":\"https:\\\/\\\/naturalpoland.com\\\/fi\\\/tuotteet\\\/laaketeollisuuden-tuotteet\\\/ravintolisien-ainesosat\\\/natriumbenturaatti\\\/#primaryimage\"},\"image\":{\"@id\":\"https:\\\/\\\/naturalpoland.com\\\/fi\\\/tuotteet\\\/laaketeollisuuden-tuotteet\\\/ravintolisien-ainesosat\\\/natriumbenturaatti\\\/#primaryimage\"},\"thumbnailUrl\":\"https:\\\/\\\/naturalpoland.com\\\/wp-content\\\/uploads\\\/maslan-sodu-kapsulkowany.jpg\",\"datePublished\":\"2026-03-20T14:12:25+00:00\",\"dateModified\":\"2026-03-20T14:30:15+00:00\",\"description\":\"Natriumbenturaatti (kapseloitu) on raaka-aine suolistoa ja mikrobiomiaa tukeviin ravintolisiin. Vakaa muoto kontrolloidulla vapautumisella ja korkealla laadulla.\",\"breadcrumb\":{\"@id\":\"https:\\\/\\\/naturalpoland.com\\\/fi\\\/tuotteet\\\/laaketeollisuuden-tuotteet\\\/ravintolisien-ainesosat\\\/natriumbenturaatti\\\/#breadcrumb\"},\"inLanguage\":\"fi\",\"potentialAction\":[{\"@type\":\"ReadAction\",\"target\":[\"https:\\\/\\\/naturalpoland.com\\\/fi\\\/tuotteet\\\/laaketeollisuuden-tuotteet\\\/ravintolisien-ainesosat\\\/natriumbenturaatti\\\/\"]}]},{\"@type\":\"ImageObject\",\"inLanguage\":\"fi\",\"@id\":\"https:\\\/\\\/naturalpoland.com\\\/fi\\\/tuotteet\\\/laaketeollisuuden-tuotteet\\\/ravintolisien-ainesosat\\\/natriumbenturaatti\\\/#primaryimage\",\"url\":\"https:\\\/\\\/naturalpoland.com\\\/wp-content\\\/uploads\\\/maslan-sodu-kapsulkowany.jpg\",\"contentUrl\":\"https:\\\/\\\/naturalpoland.com\\\/wp-content\\\/uploads\\\/maslan-sodu-kapsulkowany.jpg\",\"width\":1024,\"height\":1024,\"caption\":\"ma\u015blan sodu kapsu\u0142kowany\"},{\"@type\":\"BreadcrumbList\",\"@id\":\"https:\\\/\\\/naturalpoland.com\\\/fi\\\/tuotteet\\\/laaketeollisuuden-tuotteet\\\/ravintolisien-ainesosat\\\/natriumbenturaatti\\\/#breadcrumb\",\"itemListElement\":[{\"@type\":\"ListItem\",\"position\":1,\"name\":\"Etusivu\",\"item\":\"https:\\\/\\\/naturalpoland.com\\\/fi\\\/\"},{\"@type\":\"ListItem\",\"position\":2,\"name\":\"Tuotteet\",\"item\":\"https:\\\/\\\/naturalpoland.com\\\/fi\\\/tuotteet\\\/\"},{\"@type\":\"ListItem\",\"position\":3,\"name\":\"Natriumbenturaatti\"}]},{\"@type\":\"WebSite\",\"@id\":\"https:\\\/\\\/naturalpoland.com\\\/fi\\\/#website\",\"url\":\"https:\\\/\\\/naturalpoland.com\\\/fi\\\/\",\"name\":\"NATURAL POLAND - RAAKA-AINEIDEN TUKKUJAKELIJA\",\"description\":\"Surowce dla przemys\u0142u spo\u017cywczego, kosmetycznego i farmaceutycznego\",\"publisher\":{\"@id\":\"https:\\\/\\\/naturalpoland.com\\\/fi\\\/#organization\"},\"potentialAction\":[{\"@type\":\"SearchAction\",\"target\":{\"@type\":\"EntryPoint\",\"urlTemplate\":\"https:\\\/\\\/naturalpoland.com\\\/fi\\\/?s={search_term_string}\"},\"query-input\":{\"@type\":\"PropertyValueSpecification\",\"valueRequired\":true,\"valueName\":\"search_term_string\"}}],\"inLanguage\":\"fi\"},{\"@type\":\"Organization\",\"@id\":\"https:\\\/\\\/naturalpoland.com\\\/fi\\\/#organization\",\"name\":\"Natural Poland\",\"url\":\"https:\\\/\\\/naturalpoland.com\\\/fi\\\/\",\"logo\":{\"@type\":\"ImageObject\",\"inLanguage\":\"fi\",\"@id\":\"https:\\\/\\\/naturalpoland.com\\\/fi\\\/#\\\/schema\\\/logo\\\/image\\\/\",\"url\":\"https:\\\/\\\/naturalpoland.com\\\/wp-content\\\/uploads\\\/2021\\\/05\\\/natural-poland-icon.png\",\"contentUrl\":\"https:\\\/\\\/naturalpoland.com\\\/wp-content\\\/uploads\\\/2021\\\/05\\\/natural-poland-icon.png\",\"width\":512,\"height\":512,\"caption\":\"Natural Poland\"},\"image\":{\"@id\":\"https:\\\/\\\/naturalpoland.com\\\/fi\\\/#\\\/schema\\\/logo\\\/image\\\/\"},\"sameAs\":[\"https:\\\/\\\/www.facebook.com\\\/naturalpoland.b2b\",\"https:\\\/\\\/pl.linkedin.com\\\/company\\\/natural-poland\",\"https:\\\/\\\/www.youtube.com\\\/channel\\\/UCgeGGkvOMahZo-xu_MSEWxg\"]}]}<\/script>\n<!-- \/ Yoast SEO plugin. -->","yoast_head_json":{"title":"Natriumbenturaatti - Tukkudistribuutio","description":"Natriumbenturaatti (kapseloitu) on raaka-aine suolistoa ja mikrobiomiaa tukeviin ravintolisiin. Vakaa muoto kontrolloidulla vapautumisella ja korkealla laadulla.","robots":{"index":"index","follow":"follow","max-snippet":"max-snippet:-1","max-image-preview":"max-image-preview:large","max-video-preview":"max-video-preview:-1"},"canonical":"https:\/\/naturalpoland.com\/fi\/tuotteet\/laaketeollisuuden-tuotteet\/ravintolisien-ainesosat\/natriumbenturaatti\/","og_locale":"fi_FI","og_type":"article","og_title":"Natriumbenturaatti - Tukkudistribuutio","og_description":"Natriumbenturaatti (kapseloitu) on raaka-aine suolistoa ja mikrobiomiaa tukeviin ravintolisiin. Vakaa muoto kontrolloidulla vapautumisella ja korkealla laadulla.","og_url":"https:\/\/naturalpoland.com\/fi\/tuotteet\/laaketeollisuuden-tuotteet\/ravintolisien-ainesosat\/natriumbenturaatti\/","og_site_name":"NATURAL POLAND - RAAKA-AINEIDEN TUKKUJAKELIJA","article_publisher":"https:\/\/www.facebook.com\/naturalpoland.b2b","article_modified_time":"2026-03-20T14:30:15+00:00","og_image":[{"width":1024,"height":1024,"url":"https:\/\/naturalpoland.com\/wp-content\/uploads\/maslan-sodu-otoczkowany.webp","type":"image\/webp"}],"schema":{"@context":"https:\/\/schema.org","@graph":[{"@type":"WebPage","@id":"https:\/\/naturalpoland.com\/fi\/tuotteet\/laaketeollisuuden-tuotteet\/ravintolisien-ainesosat\/natriumbenturaatti\/","url":"https:\/\/naturalpoland.com\/fi\/tuotteet\/laaketeollisuuden-tuotteet\/ravintolisien-ainesosat\/natriumbenturaatti\/","name":"Natriumbenturaatti - Tukkudistribuutio","isPartOf":{"@id":"https:\/\/naturalpoland.com\/fi\/#website"},"primaryImageOfPage":{"@id":"https:\/\/naturalpoland.com\/fi\/tuotteet\/laaketeollisuuden-tuotteet\/ravintolisien-ainesosat\/natriumbenturaatti\/#primaryimage"},"image":{"@id":"https:\/\/naturalpoland.com\/fi\/tuotteet\/laaketeollisuuden-tuotteet\/ravintolisien-ainesosat\/natriumbenturaatti\/#primaryimage"},"thumbnailUrl":"https:\/\/naturalpoland.com\/wp-content\/uploads\/maslan-sodu-kapsulkowany.jpg","datePublished":"2026-03-20T14:12:25+00:00","dateModified":"2026-03-20T14:30:15+00:00","description":"Natriumbenturaatti (kapseloitu) on raaka-aine suolistoa ja mikrobiomiaa tukeviin ravintolisiin. Vakaa muoto kontrolloidulla vapautumisella ja korkealla laadulla.","breadcrumb":{"@id":"https:\/\/naturalpoland.com\/fi\/tuotteet\/laaketeollisuuden-tuotteet\/ravintolisien-ainesosat\/natriumbenturaatti\/#breadcrumb"},"inLanguage":"fi","potentialAction":[{"@type":"ReadAction","target":["https:\/\/naturalpoland.com\/fi\/tuotteet\/laaketeollisuuden-tuotteet\/ravintolisien-ainesosat\/natriumbenturaatti\/"]}]},{"@type":"ImageObject","inLanguage":"fi","@id":"https:\/\/naturalpoland.com\/fi\/tuotteet\/laaketeollisuuden-tuotteet\/ravintolisien-ainesosat\/natriumbenturaatti\/#primaryimage","url":"https:\/\/naturalpoland.com\/wp-content\/uploads\/maslan-sodu-kapsulkowany.jpg","contentUrl":"https:\/\/naturalpoland.com\/wp-content\/uploads\/maslan-sodu-kapsulkowany.jpg","width":1024,"height":1024,"caption":"ma\u015blan sodu kapsu\u0142kowany"},{"@type":"BreadcrumbList","@id":"https:\/\/naturalpoland.com\/fi\/tuotteet\/laaketeollisuuden-tuotteet\/ravintolisien-ainesosat\/natriumbenturaatti\/#breadcrumb","itemListElement":[{"@type":"ListItem","position":1,"name":"Etusivu","item":"https:\/\/naturalpoland.com\/fi\/"},{"@type":"ListItem","position":2,"name":"Tuotteet","item":"https:\/\/naturalpoland.com\/fi\/tuotteet\/"},{"@type":"ListItem","position":3,"name":"Natriumbenturaatti"}]},{"@type":"WebSite","@id":"https:\/\/naturalpoland.com\/fi\/#website","url":"https:\/\/naturalpoland.com\/fi\/","name":"NATURAL POLAND - RAAKA-AINEIDEN TUKKUJAKELIJA","description":"Surowce dla przemys\u0142u spo\u017cywczego, kosmetycznego i farmaceutycznego","publisher":{"@id":"https:\/\/naturalpoland.com\/fi\/#organization"},"potentialAction":[{"@type":"SearchAction","target":{"@type":"EntryPoint","urlTemplate":"https:\/\/naturalpoland.com\/fi\/?s={search_term_string}"},"query-input":{"@type":"PropertyValueSpecification","valueRequired":true,"valueName":"search_term_string"}}],"inLanguage":"fi"},{"@type":"Organization","@id":"https:\/\/naturalpoland.com\/fi\/#organization","name":"Natural Poland","url":"https:\/\/naturalpoland.com\/fi\/","logo":{"@type":"ImageObject","inLanguage":"fi","@id":"https:\/\/naturalpoland.com\/fi\/#\/schema\/logo\/image\/","url":"https:\/\/naturalpoland.com\/wp-content\/uploads\/2021\/05\/natural-poland-icon.png","contentUrl":"https:\/\/naturalpoland.com\/wp-content\/uploads\/2021\/05\/natural-poland-icon.png","width":512,"height":512,"caption":"Natural Poland"},"image":{"@id":"https:\/\/naturalpoland.com\/fi\/#\/schema\/logo\/image\/"},"sameAs":["https:\/\/www.facebook.com\/naturalpoland.b2b","https:\/\/pl.linkedin.com\/company\/natural-poland","https:\/\/www.youtube.com\/channel\/UCgeGGkvOMahZo-xu_MSEWxg"]}]}},"_links":{"self":[{"href":"https:\/\/naturalpoland.com\/fi\/wp-json\/wp\/v2\/product\/47034","targetHints":{"allow":["GET"]}}],"collection":[{"href":"https:\/\/naturalpoland.com\/fi\/wp-json\/wp\/v2\/product"}],"about":[{"href":"https:\/\/naturalpoland.com\/fi\/wp-json\/wp\/v2\/types\/product"}],"wp:featuredmedia":[{"embeddable":true,"href":"https:\/\/naturalpoland.com\/fi\/wp-json\/wp\/v2\/media\/47065"}],"wp:attachment":[{"href":"https:\/\/naturalpoland.com\/fi\/wp-json\/wp\/v2\/media?parent=47034"}],"wp:term":[{"taxonomy":"product_brand","embeddable":true,"href":"https:\/\/naturalpoland.com\/fi\/wp-json\/wp\/v2\/product_brand?post=47034"},{"taxonomy":"product_cat","embeddable":true,"href":"https:\/\/naturalpoland.com\/fi\/wp-json\/wp\/v2\/product_cat?post=47034"},{"taxonomy":"product_tag","embeddable":true,"href":"https:\/\/naturalpoland.com\/fi\/wp-json\/wp\/v2\/product_tag?post=47034"}],"curies":[{"name":"wp","href":"https:\/\/api.w.org\/{rel}","templated":true}]}}