{"id":48014,"date":"2026-04-24T13:47:17","date_gmt":"2026-04-24T11:47:17","guid":{"rendered":"https:\/\/naturalpoland.com\/produkty\/Ei-luokiteltu\/pellavansiemenpuriste\/"},"modified":"2026-04-28T12:12:04","modified_gmt":"2026-04-28T10:12:04","slug":"pellavansiemenpuriste","status":"publish","type":"product","link":"https:\/\/naturalpoland.com\/fi\/tuotteet\/raaka-aineet-elainten-rehuille\/rehuraaka-aineet-nautakarjalle\/pellavansiemenpuriste\/","title":{"rendered":"Pellavansiemenpuriste"},"content":{"rendered":"<p>Pellavansiemenpuriste saadaan kultaisista tai ruskeista pellavansiemenist\u00e4, jotka ovat per\u00e4isin p\u00e4\u00e4asiassa It\u00e4-Euroopan ja Keski-Aasian alueilta. Osittaisen rasvapitoisuuden ja luonnollisten bioaktiivisten yhdisteiden ansiosta se on arvokas rehukomponentti tuotantoel\u00e4inten tasapainoisessa ruokavaliossa. <\/p>\n<h2>Ominaisuudet ja koostumus:<\/h2>\n<p>Raaka-aineen proteiinipitoisuus on v\u00e4hint\u00e4\u00e4n 30 %. J\u00e4\u00e4nn\u00f6srasva sis\u00e4lt\u00e4\u00e4 tyydyttym\u00e4tt\u00f6mi\u00e4 rasvahappoja, mukaan lukien alfa-linoleenihappoa (omega-3), joka voi parantaa rehun ravintoarvoa. Kuiva-aineen rasvapitoisuus on \u2264 8 %, raakakuitu \u2264 11 % ja kosteus \u2264 10 %.  <\/p>\n<p>Tuote t\u00e4ytt\u00e4\u00e4 EU-s\u00e4\u00e4nn\u00f6sten mukaiset torjunta-ainej\u00e4\u00e4mien vaatimukset, ja raskasmetallien sek\u00e4 mykotoksiinien pitoisuudet pysyv\u00e4t m\u00e4\u00e4riteltyjen turvallisuusnormien rajoissa.<\/p>\n<h2>K\u00e4ytt\u00f6kohteet:<\/h2>\n<p>Pellavansiemenpuristetta k\u00e4ytet\u00e4\u00e4n:<\/p>\n<ul>\n<li>nautakarjan, sikojen ja siipikarjan rehujen komponenttina,<\/li>\n<li>lis\u00e4aineena lis\u00e4\u00e4m\u00e4\u00e4n rehuseosten proteiinipitoisuutta,<\/li>\n<li>raaka-aineena parantamaan rehun rasvahappoprofiilia.<\/li>\n<\/ul>\n","protected":false},"excerpt":{"rendered":"<p><strong>Pellavansiemenpuriste<\/strong> on pellavansiementen (<em>Linum usitatissimum<\/em>) \u00f6ljynpuristusprosessissa syntyv\u00e4 sivutuote. Se on arvokas rehuraaka-aine, jolla on korkea proteiinipitoisuus ja edullinen ravintoaineprofiili. <\/p>\n","protected":false},"featured_media":48015,"template":"","meta":{"_acf_changed":false},"product_brand":[],"product_cat":[7753],"product_tag":[],"class_list":{"0":"post-48014","1":"product","2":"type-product","3":"status-publish","4":"has-post-thumbnail","6":"product_cat-rehuraaka-aineet-nautakarjalle","7":"pa_przeznaczenie-surowca-rehuraaka-aine","9":"first","10":"instock","11":"shipping-taxable","12":"product-type-simple"},"acf":[],"yoast_head":"<!-- This site is optimized with the Yoast SEO plugin v27.5 - https:\/\/yoast.com\/product\/yoast-seo-wordpress\/ -->\n<title>Pellavansiemenpuriste - Tukkudistribuutio<\/title>\n<meta name=\"description\" content=\"Pellavansiemenpuriste on proteiinipitoinen rehun raaka-aine pellavansiemenist\u00e4. Luonnollinen proteiinin ja omega-3-rasvahappojen l\u00e4hde el\u00e4inten rehuseoksiin.\" \/>\n<meta name=\"robots\" content=\"index, follow, max-snippet:-1, max-image-preview:large, max-video-preview:-1\" \/>\n<link rel=\"canonical\" href=\"https:\/\/naturalpoland.com\/fi\/tuotteet\/raaka-aineet-elainten-rehuille\/rehuraaka-aineet-nautakarjalle\/pellavansiemenpuriste\/\" \/>\n<meta property=\"og:locale\" content=\"fi_FI\" \/>\n<meta property=\"og:type\" content=\"article\" \/>\n<meta property=\"og:title\" content=\"Pellavansiemenpuriste - Tukkudistribuutio\" \/>\n<meta property=\"og:description\" content=\"Pellavansiemenpuriste on proteiinipitoinen rehun raaka-aine pellavansiemenist\u00e4. Luonnollinen proteiinin ja omega-3-rasvahappojen l\u00e4hde el\u00e4inten rehuseoksiin.\" \/>\n<meta property=\"og:url\" content=\"https:\/\/naturalpoland.com\/fi\/tuotteet\/raaka-aineet-elainten-rehuille\/rehuraaka-aineet-nautakarjalle\/pellavansiemenpuriste\/\" \/>\n<meta property=\"og:site_name\" content=\"NATURAL POLAND - RAAKA-AINEIDEN TUKKUJAKELIJA\" \/>\n<meta property=\"article:publisher\" content=\"https:\/\/www.facebook.com\/naturalpoland.b2b\" \/>\n<meta property=\"article:modified_time\" content=\"2026-04-28T10:12:04+00:00\" \/>\n<meta property=\"og:image\" content=\"https:\/\/naturalpoland.com\/wp-content\/uploads\/makuch-lniany.png\" \/>\n\t<meta property=\"og:image:width\" content=\"1024\" \/>\n\t<meta property=\"og:image:height\" content=\"1024\" \/>\n\t<meta property=\"og:image:type\" content=\"image\/png\" \/>\n<script type=\"application\/ld+json\" class=\"yoast-schema-graph\">{\"@context\":\"https:\\\/\\\/schema.org\",\"@graph\":[{\"@type\":\"WebPage\",\"@id\":\"https:\\\/\\\/naturalpoland.com\\\/fi\\\/tuotteet\\\/raaka-aineet-elainten-rehuille\\\/rehuraaka-aineet-nautakarjalle\\\/pellavansiemenpuriste\\\/\",\"url\":\"https:\\\/\\\/naturalpoland.com\\\/fi\\\/tuotteet\\\/raaka-aineet-elainten-rehuille\\\/rehuraaka-aineet-nautakarjalle\\\/pellavansiemenpuriste\\\/\",\"name\":\"Pellavansiemenpuriste - Tukkudistribuutio\",\"isPartOf\":{\"@id\":\"https:\\\/\\\/naturalpoland.com\\\/fi\\\/#website\"},\"primaryImageOfPage\":{\"@id\":\"https:\\\/\\\/naturalpoland.com\\\/fi\\\/tuotteet\\\/raaka-aineet-elainten-rehuille\\\/rehuraaka-aineet-nautakarjalle\\\/pellavansiemenpuriste\\\/#primaryimage\"},\"image\":{\"@id\":\"https:\\\/\\\/naturalpoland.com\\\/fi\\\/tuotteet\\\/raaka-aineet-elainten-rehuille\\\/rehuraaka-aineet-nautakarjalle\\\/pellavansiemenpuriste\\\/#primaryimage\"},\"thumbnailUrl\":\"https:\\\/\\\/naturalpoland.com\\\/wp-content\\\/uploads\\\/makuch-lniany.png\",\"datePublished\":\"2026-04-24T11:47:17+00:00\",\"dateModified\":\"2026-04-28T10:12:04+00:00\",\"description\":\"Pellavansiemenpuriste on proteiinipitoinen rehun raaka-aine pellavansiemenist\u00e4. Luonnollinen proteiinin ja omega-3-rasvahappojen l\u00e4hde el\u00e4inten rehuseoksiin.\",\"breadcrumb\":{\"@id\":\"https:\\\/\\\/naturalpoland.com\\\/fi\\\/tuotteet\\\/raaka-aineet-elainten-rehuille\\\/rehuraaka-aineet-nautakarjalle\\\/pellavansiemenpuriste\\\/#breadcrumb\"},\"inLanguage\":\"fi\",\"potentialAction\":[{\"@type\":\"ReadAction\",\"target\":[\"https:\\\/\\\/naturalpoland.com\\\/fi\\\/tuotteet\\\/raaka-aineet-elainten-rehuille\\\/rehuraaka-aineet-nautakarjalle\\\/pellavansiemenpuriste\\\/\"]}]},{\"@type\":\"ImageObject\",\"inLanguage\":\"fi\",\"@id\":\"https:\\\/\\\/naturalpoland.com\\\/fi\\\/tuotteet\\\/raaka-aineet-elainten-rehuille\\\/rehuraaka-aineet-nautakarjalle\\\/pellavansiemenpuriste\\\/#primaryimage\",\"url\":\"https:\\\/\\\/naturalpoland.com\\\/wp-content\\\/uploads\\\/makuch-lniany.png\",\"contentUrl\":\"https:\\\/\\\/naturalpoland.com\\\/wp-content\\\/uploads\\\/makuch-lniany.png\",\"width\":1024,\"height\":1024,\"caption\":\"pellavansiemenpuriste\"},{\"@type\":\"BreadcrumbList\",\"@id\":\"https:\\\/\\\/naturalpoland.com\\\/fi\\\/tuotteet\\\/raaka-aineet-elainten-rehuille\\\/rehuraaka-aineet-nautakarjalle\\\/pellavansiemenpuriste\\\/#breadcrumb\",\"itemListElement\":[{\"@type\":\"ListItem\",\"position\":1,\"name\":\"Etusivu\",\"item\":\"https:\\\/\\\/naturalpoland.com\\\/fi\\\/\"},{\"@type\":\"ListItem\",\"position\":2,\"name\":\"Tuotteet\",\"item\":\"https:\\\/\\\/naturalpoland.com\\\/fi\\\/tuotteet\\\/\"},{\"@type\":\"ListItem\",\"position\":3,\"name\":\"Pellavansiemenpuriste\"}]},{\"@type\":\"WebSite\",\"@id\":\"https:\\\/\\\/naturalpoland.com\\\/fi\\\/#website\",\"url\":\"https:\\\/\\\/naturalpoland.com\\\/fi\\\/\",\"name\":\"NATURAL POLAND - RAAKA-AINEIDEN TUKKUJAKELIJA\",\"description\":\"Surowce dla przemys\u0142u spo\u017cywczego, kosmetycznego i farmaceutycznego\",\"publisher\":{\"@id\":\"https:\\\/\\\/naturalpoland.com\\\/fi\\\/#organization\"},\"potentialAction\":[{\"@type\":\"SearchAction\",\"target\":{\"@type\":\"EntryPoint\",\"urlTemplate\":\"https:\\\/\\\/naturalpoland.com\\\/fi\\\/?s={search_term_string}\"},\"query-input\":{\"@type\":\"PropertyValueSpecification\",\"valueRequired\":true,\"valueName\":\"search_term_string\"}}],\"inLanguage\":\"fi\"},{\"@type\":\"Organization\",\"@id\":\"https:\\\/\\\/naturalpoland.com\\\/fi\\\/#organization\",\"name\":\"Natural Poland\",\"url\":\"https:\\\/\\\/naturalpoland.com\\\/fi\\\/\",\"logo\":{\"@type\":\"ImageObject\",\"inLanguage\":\"fi\",\"@id\":\"https:\\\/\\\/naturalpoland.com\\\/fi\\\/#\\\/schema\\\/logo\\\/image\\\/\",\"url\":\"https:\\\/\\\/naturalpoland.com\\\/wp-content\\\/uploads\\\/2021\\\/05\\\/natural-poland-icon.png\",\"contentUrl\":\"https:\\\/\\\/naturalpoland.com\\\/wp-content\\\/uploads\\\/2021\\\/05\\\/natural-poland-icon.png\",\"width\":512,\"height\":512,\"caption\":\"Natural Poland\"},\"image\":{\"@id\":\"https:\\\/\\\/naturalpoland.com\\\/fi\\\/#\\\/schema\\\/logo\\\/image\\\/\"},\"sameAs\":[\"https:\\\/\\\/www.facebook.com\\\/naturalpoland.b2b\",\"https:\\\/\\\/pl.linkedin.com\\\/company\\\/natural-poland\",\"https:\\\/\\\/www.youtube.com\\\/channel\\\/UCgeGGkvOMahZo-xu_MSEWxg\"]}]}<\/script>\n<!-- \/ Yoast SEO plugin. -->","yoast_head_json":{"title":"Pellavansiemenpuriste - Tukkudistribuutio","description":"Pellavansiemenpuriste on proteiinipitoinen rehun raaka-aine pellavansiemenist\u00e4. Luonnollinen proteiinin ja omega-3-rasvahappojen l\u00e4hde el\u00e4inten rehuseoksiin.","robots":{"index":"index","follow":"follow","max-snippet":"max-snippet:-1","max-image-preview":"max-image-preview:large","max-video-preview":"max-video-preview:-1"},"canonical":"https:\/\/naturalpoland.com\/fi\/tuotteet\/raaka-aineet-elainten-rehuille\/rehuraaka-aineet-nautakarjalle\/pellavansiemenpuriste\/","og_locale":"fi_FI","og_type":"article","og_title":"Pellavansiemenpuriste - Tukkudistribuutio","og_description":"Pellavansiemenpuriste on proteiinipitoinen rehun raaka-aine pellavansiemenist\u00e4. Luonnollinen proteiinin ja omega-3-rasvahappojen l\u00e4hde el\u00e4inten rehuseoksiin.","og_url":"https:\/\/naturalpoland.com\/fi\/tuotteet\/raaka-aineet-elainten-rehuille\/rehuraaka-aineet-nautakarjalle\/pellavansiemenpuriste\/","og_site_name":"NATURAL POLAND - RAAKA-AINEIDEN TUKKUJAKELIJA","article_publisher":"https:\/\/www.facebook.com\/naturalpoland.b2b","article_modified_time":"2026-04-28T10:12:04+00:00","og_image":[{"width":1024,"height":1024,"url":"https:\/\/naturalpoland.com\/wp-content\/uploads\/makuch-lniany.png","type":"image\/png"}],"schema":{"@context":"https:\/\/schema.org","@graph":[{"@type":"WebPage","@id":"https:\/\/naturalpoland.com\/fi\/tuotteet\/raaka-aineet-elainten-rehuille\/rehuraaka-aineet-nautakarjalle\/pellavansiemenpuriste\/","url":"https:\/\/naturalpoland.com\/fi\/tuotteet\/raaka-aineet-elainten-rehuille\/rehuraaka-aineet-nautakarjalle\/pellavansiemenpuriste\/","name":"Pellavansiemenpuriste - Tukkudistribuutio","isPartOf":{"@id":"https:\/\/naturalpoland.com\/fi\/#website"},"primaryImageOfPage":{"@id":"https:\/\/naturalpoland.com\/fi\/tuotteet\/raaka-aineet-elainten-rehuille\/rehuraaka-aineet-nautakarjalle\/pellavansiemenpuriste\/#primaryimage"},"image":{"@id":"https:\/\/naturalpoland.com\/fi\/tuotteet\/raaka-aineet-elainten-rehuille\/rehuraaka-aineet-nautakarjalle\/pellavansiemenpuriste\/#primaryimage"},"thumbnailUrl":"https:\/\/naturalpoland.com\/wp-content\/uploads\/makuch-lniany.png","datePublished":"2026-04-24T11:47:17+00:00","dateModified":"2026-04-28T10:12:04+00:00","description":"Pellavansiemenpuriste on proteiinipitoinen rehun raaka-aine pellavansiemenist\u00e4. Luonnollinen proteiinin ja omega-3-rasvahappojen l\u00e4hde el\u00e4inten rehuseoksiin.","breadcrumb":{"@id":"https:\/\/naturalpoland.com\/fi\/tuotteet\/raaka-aineet-elainten-rehuille\/rehuraaka-aineet-nautakarjalle\/pellavansiemenpuriste\/#breadcrumb"},"inLanguage":"fi","potentialAction":[{"@type":"ReadAction","target":["https:\/\/naturalpoland.com\/fi\/tuotteet\/raaka-aineet-elainten-rehuille\/rehuraaka-aineet-nautakarjalle\/pellavansiemenpuriste\/"]}]},{"@type":"ImageObject","inLanguage":"fi","@id":"https:\/\/naturalpoland.com\/fi\/tuotteet\/raaka-aineet-elainten-rehuille\/rehuraaka-aineet-nautakarjalle\/pellavansiemenpuriste\/#primaryimage","url":"https:\/\/naturalpoland.com\/wp-content\/uploads\/makuch-lniany.png","contentUrl":"https:\/\/naturalpoland.com\/wp-content\/uploads\/makuch-lniany.png","width":1024,"height":1024,"caption":"pellavansiemenpuriste"},{"@type":"BreadcrumbList","@id":"https:\/\/naturalpoland.com\/fi\/tuotteet\/raaka-aineet-elainten-rehuille\/rehuraaka-aineet-nautakarjalle\/pellavansiemenpuriste\/#breadcrumb","itemListElement":[{"@type":"ListItem","position":1,"name":"Etusivu","item":"https:\/\/naturalpoland.com\/fi\/"},{"@type":"ListItem","position":2,"name":"Tuotteet","item":"https:\/\/naturalpoland.com\/fi\/tuotteet\/"},{"@type":"ListItem","position":3,"name":"Pellavansiemenpuriste"}]},{"@type":"WebSite","@id":"https:\/\/naturalpoland.com\/fi\/#website","url":"https:\/\/naturalpoland.com\/fi\/","name":"NATURAL POLAND - RAAKA-AINEIDEN TUKKUJAKELIJA","description":"Surowce dla przemys\u0142u spo\u017cywczego, kosmetycznego i farmaceutycznego","publisher":{"@id":"https:\/\/naturalpoland.com\/fi\/#organization"},"potentialAction":[{"@type":"SearchAction","target":{"@type":"EntryPoint","urlTemplate":"https:\/\/naturalpoland.com\/fi\/?s={search_term_string}"},"query-input":{"@type":"PropertyValueSpecification","valueRequired":true,"valueName":"search_term_string"}}],"inLanguage":"fi"},{"@type":"Organization","@id":"https:\/\/naturalpoland.com\/fi\/#organization","name":"Natural Poland","url":"https:\/\/naturalpoland.com\/fi\/","logo":{"@type":"ImageObject","inLanguage":"fi","@id":"https:\/\/naturalpoland.com\/fi\/#\/schema\/logo\/image\/","url":"https:\/\/naturalpoland.com\/wp-content\/uploads\/2021\/05\/natural-poland-icon.png","contentUrl":"https:\/\/naturalpoland.com\/wp-content\/uploads\/2021\/05\/natural-poland-icon.png","width":512,"height":512,"caption":"Natural Poland"},"image":{"@id":"https:\/\/naturalpoland.com\/fi\/#\/schema\/logo\/image\/"},"sameAs":["https:\/\/www.facebook.com\/naturalpoland.b2b","https:\/\/pl.linkedin.com\/company\/natural-poland","https:\/\/www.youtube.com\/channel\/UCgeGGkvOMahZo-xu_MSEWxg"]}]}},"_links":{"self":[{"href":"https:\/\/naturalpoland.com\/fi\/wp-json\/wp\/v2\/product\/48014","targetHints":{"allow":["GET"]}}],"collection":[{"href":"https:\/\/naturalpoland.com\/fi\/wp-json\/wp\/v2\/product"}],"about":[{"href":"https:\/\/naturalpoland.com\/fi\/wp-json\/wp\/v2\/types\/product"}],"wp:featuredmedia":[{"embeddable":true,"href":"https:\/\/naturalpoland.com\/fi\/wp-json\/wp\/v2\/media\/48015"}],"wp:attachment":[{"href":"https:\/\/naturalpoland.com\/fi\/wp-json\/wp\/v2\/media?parent=48014"}],"wp:term":[{"taxonomy":"product_brand","embeddable":true,"href":"https:\/\/naturalpoland.com\/fi\/wp-json\/wp\/v2\/product_brand?post=48014"},{"taxonomy":"product_cat","embeddable":true,"href":"https:\/\/naturalpoland.com\/fi\/wp-json\/wp\/v2\/product_cat?post=48014"},{"taxonomy":"product_tag","embeddable":true,"href":"https:\/\/naturalpoland.com\/fi\/wp-json\/wp\/v2\/product_tag?post=48014"}],"curies":[{"name":"wp","href":"https:\/\/api.w.org\/{rel}","templated":true}]}}