{"id":48046,"date":"2026-04-03T14:03:58","date_gmt":"2026-04-03T12:03:58","guid":{"rendered":"https:\/\/naturalpoland.com\/produkty\/Ei-luokiteltu\/sinkkihyaluronaatti\/"},"modified":"2026-04-28T12:36:44","modified_gmt":"2026-04-28T10:36:44","slug":"sinkkihyaluronaatti","status":"publish","type":"product","link":"https:\/\/naturalpoland.com\/fi\/tuotteet\/kosmetiikkateollisuuden-tuotteet\/kosmetiikan-raaka-aineet\/sinkkihyaluronaatti\/","title":{"rendered":"Sinkkihyaluronaatti"},"content":{"rendered":"<p>Sinkkihyaluronaatti esiintyy korkean puhtauden (n. 98,43 %) valkoisena jauheena, joka on tarkoitettu kosmeettisiin ja dermatologisiin sovelluksiin. Sille on ominaista korkea glukuronihappopitoisuus (n. 47,45 %), joka on olennainen osa hyaluronihapporakennetta. Molekyylipaino noin 1,15 \u00d7 10\u2076 Da osoittaa raaka-aineen suurimolekyylisen muodon, joka vastaa pinta- ja suojaominaisuuksista.  <\/p>\n<h2>Sinkkihyaluronaatin ominaisuudet ja vaikutus:<\/h2>\n<p>Raaka-aine osoittaa synergist\u00e4 vaikutusta, joka johtuu kahden keskeisen komponentin \u2013 <strong>hyaluronihappo<\/strong> ja <strong>sinkki<\/strong> \u2013 l\u00e4sn\u00e4olosta. Toisaalta se vastaa <strong>ihon intensiivisest\u00e4 kosteuttamisesta<\/strong> veden sitomiskyvyn ja ihon pinnalle muodostuvan suojakerroksen kautta. Toisaalta sinkkionit vaikuttavat ihossa tapahtuvien prosessien s\u00e4\u00e4telyyn, mukaan lukien <strong>talirauhasten liiallisen aktiivisuuden v\u00e4hent\u00e4minen<\/strong> ja <strong>ongelmallisen ihon kunnon parantaminen<\/strong>.  <\/p>\n<p>Sinkkihyaluronaatti muodostaa ihon pinnalle hienon kalvon, joka rajoittaa veden haihtumista (TEWL) ja parantaa orvaskeden joustavuutta ja sileytt\u00e4. Sinkin l\u00e4sn\u00e4olo tekee t\u00e4st\u00e4 ainesosasta erityisen arvostetun rasvoittuvalle, sekaiholle ja ep\u00e4puhtauksiin taipuvaiselle iholle tarkoitetuissa valmisteissa. <\/p>\n<p>Raaka-aine osoittaa my\u00f6s ihon uudistumista tukevia ominaisuuksia ja sen yleisen kunnon parantamista. Sit\u00e4 voidaan k\u00e4ytt\u00e4\u00e4 formulaatioissa, jotka on suunnattu <strong>herk\u00e4n ihon hoitoon<\/strong> ja joka vaatii tasapainoa kosteuttamisen ja tasapainottavan vaikutuksen v\u00e4lill\u00e4. <\/p>\n<h2>Sinkkihyaluronaatin k\u00e4ytt\u00f6:<\/h2>\n<p>Sinkkihyaluronaattia k\u00e4ytet\u00e4\u00e4n laajassa valikoimassa kosmeettisia tuotteita:<\/p>\n<ul>\n<li>kosteuttavat voiteet ja seerumit,<\/li>\n<li>rasvaiselle ja akneiholle tarkoitetut tuotteet,<\/li>\n<li>talintuotantoa s\u00e4\u00e4telev\u00e4t valmisteet,<\/li>\n<li>dermokosmetiikka ja uudistumista edist\u00e4v\u00e4t tuotteet,<\/li>\n<li>kasvovedet, emulsiot ja hoitogeelit.<\/li>\n<\/ul>\n<p>Ansiosta <strong>hyv\u00e4n liukoisuuden<\/strong> ja stabiilisuuden sit\u00e4 voidaan k\u00e4ytt\u00e4\u00e4 vesi- ja emulsiopohjaisissa formulaatioissa.<\/p>\n","protected":false},"excerpt":{"rendered":"<p><strong>Sinkkihyaluronaatti<\/strong> on edistynyt kosmeettinen raaka-aine, joka on hyaluronihappo-sinkkiioni-yhdiste. Se yhdist\u00e4\u00e4 hyaluronaatille ominaiset kosteuttavat ja kalvoa muodostavat ominaisuudet sinkin tasapainottavaan ja suojaavaan vaikutukseen. <\/p>\n","protected":false},"featured_media":48047,"template":"","meta":{"_acf_changed":false},"product_brand":[],"product_cat":[544],"product_tag":[],"class_list":{"0":"post-48046","1":"product","2":"type-product","3":"status-publish","4":"has-post-thumbnail","6":"product_cat-kosmetiikan-raaka-aineet","8":"first","9":"instock","10":"shipping-taxable","11":"product-type-simple"},"acf":[],"yoast_head":"<!-- This site is optimized with the Yoast SEO plugin v27.5 - https:\/\/yoast.com\/product\/yoast-seo-wordpress\/ -->\n<title>Sinkkihyaluronaatti - Tukkudistribuutio<\/title>\n<meta name=\"description\" content=\"Sinkkihyaluronaatti on hyaluronihappo-sinkki-yhdiste, jolla on kosteuttava ja tasapainottava vaikutus. Kosmeettinen raaka-aine rasvoittuvan ja ongelmallisen ihon hoitoon.\" \/>\n<meta name=\"robots\" content=\"index, follow, max-snippet:-1, max-image-preview:large, max-video-preview:-1\" \/>\n<link rel=\"canonical\" href=\"https:\/\/naturalpoland.com\/fi\/tuotteet\/kosmetiikkateollisuuden-tuotteet\/kosmetiikan-raaka-aineet\/sinkkihyaluronaatti\/\" \/>\n<meta property=\"og:locale\" content=\"fi_FI\" \/>\n<meta property=\"og:type\" content=\"article\" \/>\n<meta property=\"og:title\" content=\"Sinkkihyaluronaatti - Tukkudistribuutio\" \/>\n<meta property=\"og:description\" content=\"Sinkkihyaluronaatti on hyaluronihappo-sinkki-yhdiste, jolla on kosteuttava ja tasapainottava vaikutus. Kosmeettinen raaka-aine rasvoittuvan ja ongelmallisen ihon hoitoon.\" \/>\n<meta property=\"og:url\" content=\"https:\/\/naturalpoland.com\/fi\/tuotteet\/kosmetiikkateollisuuden-tuotteet\/kosmetiikan-raaka-aineet\/sinkkihyaluronaatti\/\" \/>\n<meta property=\"og:site_name\" content=\"NATURAL POLAND - RAAKA-AINEIDEN TUKKUJAKELIJA\" \/>\n<meta property=\"article:publisher\" content=\"https:\/\/www.facebook.com\/naturalpoland.b2b\" \/>\n<meta property=\"article:modified_time\" content=\"2026-04-28T10:36:44+00:00\" \/>\n<meta property=\"og:image\" content=\"https:\/\/naturalpoland.com\/wp-content\/uploads\/hialuronian-cynku.png\" \/>\n\t<meta property=\"og:image:width\" content=\"1024\" \/>\n\t<meta property=\"og:image:height\" content=\"1024\" \/>\n\t<meta property=\"og:image:type\" content=\"image\/png\" \/>\n<script type=\"application\/ld+json\" class=\"yoast-schema-graph\">{\"@context\":\"https:\\\/\\\/schema.org\",\"@graph\":[{\"@type\":\"WebPage\",\"@id\":\"https:\\\/\\\/naturalpoland.com\\\/fi\\\/tuotteet\\\/kosmetiikkateollisuuden-tuotteet\\\/kosmetiikan-raaka-aineet\\\/sinkkihyaluronaatti\\\/\",\"url\":\"https:\\\/\\\/naturalpoland.com\\\/fi\\\/tuotteet\\\/kosmetiikkateollisuuden-tuotteet\\\/kosmetiikan-raaka-aineet\\\/sinkkihyaluronaatti\\\/\",\"name\":\"Sinkkihyaluronaatti - Tukkudistribuutio\",\"isPartOf\":{\"@id\":\"https:\\\/\\\/naturalpoland.com\\\/fi\\\/#website\"},\"primaryImageOfPage\":{\"@id\":\"https:\\\/\\\/naturalpoland.com\\\/fi\\\/tuotteet\\\/kosmetiikkateollisuuden-tuotteet\\\/kosmetiikan-raaka-aineet\\\/sinkkihyaluronaatti\\\/#primaryimage\"},\"image\":{\"@id\":\"https:\\\/\\\/naturalpoland.com\\\/fi\\\/tuotteet\\\/kosmetiikkateollisuuden-tuotteet\\\/kosmetiikan-raaka-aineet\\\/sinkkihyaluronaatti\\\/#primaryimage\"},\"thumbnailUrl\":\"https:\\\/\\\/naturalpoland.com\\\/wp-content\\\/uploads\\\/hialuronian-cynku.png\",\"datePublished\":\"2026-04-03T12:03:58+00:00\",\"dateModified\":\"2026-04-28T10:36:44+00:00\",\"description\":\"Sinkkihyaluronaatti on hyaluronihappo-sinkki-yhdiste, jolla on kosteuttava ja tasapainottava vaikutus. Kosmeettinen raaka-aine rasvoittuvan ja ongelmallisen ihon hoitoon.\",\"breadcrumb\":{\"@id\":\"https:\\\/\\\/naturalpoland.com\\\/fi\\\/tuotteet\\\/kosmetiikkateollisuuden-tuotteet\\\/kosmetiikan-raaka-aineet\\\/sinkkihyaluronaatti\\\/#breadcrumb\"},\"inLanguage\":\"fi\",\"potentialAction\":[{\"@type\":\"ReadAction\",\"target\":[\"https:\\\/\\\/naturalpoland.com\\\/fi\\\/tuotteet\\\/kosmetiikkateollisuuden-tuotteet\\\/kosmetiikan-raaka-aineet\\\/sinkkihyaluronaatti\\\/\"]}]},{\"@type\":\"ImageObject\",\"inLanguage\":\"fi\",\"@id\":\"https:\\\/\\\/naturalpoland.com\\\/fi\\\/tuotteet\\\/kosmetiikkateollisuuden-tuotteet\\\/kosmetiikan-raaka-aineet\\\/sinkkihyaluronaatti\\\/#primaryimage\",\"url\":\"https:\\\/\\\/naturalpoland.com\\\/wp-content\\\/uploads\\\/hialuronian-cynku.png\",\"contentUrl\":\"https:\\\/\\\/naturalpoland.com\\\/wp-content\\\/uploads\\\/hialuronian-cynku.png\",\"width\":1024,\"height\":1024,\"caption\":\"sinkkihyaluronaatti\"},{\"@type\":\"BreadcrumbList\",\"@id\":\"https:\\\/\\\/naturalpoland.com\\\/fi\\\/tuotteet\\\/kosmetiikkateollisuuden-tuotteet\\\/kosmetiikan-raaka-aineet\\\/sinkkihyaluronaatti\\\/#breadcrumb\",\"itemListElement\":[{\"@type\":\"ListItem\",\"position\":1,\"name\":\"Etusivu\",\"item\":\"https:\\\/\\\/naturalpoland.com\\\/fi\\\/\"},{\"@type\":\"ListItem\",\"position\":2,\"name\":\"Tuotteet\",\"item\":\"https:\\\/\\\/naturalpoland.com\\\/fi\\\/tuotteet\\\/\"},{\"@type\":\"ListItem\",\"position\":3,\"name\":\"Sinkkihyaluronaatti\"}]},{\"@type\":\"WebSite\",\"@id\":\"https:\\\/\\\/naturalpoland.com\\\/fi\\\/#website\",\"url\":\"https:\\\/\\\/naturalpoland.com\\\/fi\\\/\",\"name\":\"NATURAL POLAND - RAAKA-AINEIDEN TUKKUJAKELIJA\",\"description\":\"Surowce dla przemys\u0142u spo\u017cywczego, kosmetycznego i farmaceutycznego\",\"publisher\":{\"@id\":\"https:\\\/\\\/naturalpoland.com\\\/fi\\\/#organization\"},\"potentialAction\":[{\"@type\":\"SearchAction\",\"target\":{\"@type\":\"EntryPoint\",\"urlTemplate\":\"https:\\\/\\\/naturalpoland.com\\\/fi\\\/?s={search_term_string}\"},\"query-input\":{\"@type\":\"PropertyValueSpecification\",\"valueRequired\":true,\"valueName\":\"search_term_string\"}}],\"inLanguage\":\"fi\"},{\"@type\":\"Organization\",\"@id\":\"https:\\\/\\\/naturalpoland.com\\\/fi\\\/#organization\",\"name\":\"Natural Poland\",\"url\":\"https:\\\/\\\/naturalpoland.com\\\/fi\\\/\",\"logo\":{\"@type\":\"ImageObject\",\"inLanguage\":\"fi\",\"@id\":\"https:\\\/\\\/naturalpoland.com\\\/fi\\\/#\\\/schema\\\/logo\\\/image\\\/\",\"url\":\"https:\\\/\\\/naturalpoland.com\\\/wp-content\\\/uploads\\\/2021\\\/05\\\/natural-poland-icon.png\",\"contentUrl\":\"https:\\\/\\\/naturalpoland.com\\\/wp-content\\\/uploads\\\/2021\\\/05\\\/natural-poland-icon.png\",\"width\":512,\"height\":512,\"caption\":\"Natural Poland\"},\"image\":{\"@id\":\"https:\\\/\\\/naturalpoland.com\\\/fi\\\/#\\\/schema\\\/logo\\\/image\\\/\"},\"sameAs\":[\"https:\\\/\\\/www.facebook.com\\\/naturalpoland.b2b\",\"https:\\\/\\\/pl.linkedin.com\\\/company\\\/natural-poland\",\"https:\\\/\\\/www.youtube.com\\\/channel\\\/UCgeGGkvOMahZo-xu_MSEWxg\"]}]}<\/script>\n<!-- \/ Yoast SEO plugin. -->","yoast_head_json":{"title":"Sinkkihyaluronaatti - Tukkudistribuutio","description":"Sinkkihyaluronaatti on hyaluronihappo-sinkki-yhdiste, jolla on kosteuttava ja tasapainottava vaikutus. Kosmeettinen raaka-aine rasvoittuvan ja ongelmallisen ihon hoitoon.","robots":{"index":"index","follow":"follow","max-snippet":"max-snippet:-1","max-image-preview":"max-image-preview:large","max-video-preview":"max-video-preview:-1"},"canonical":"https:\/\/naturalpoland.com\/fi\/tuotteet\/kosmetiikkateollisuuden-tuotteet\/kosmetiikan-raaka-aineet\/sinkkihyaluronaatti\/","og_locale":"fi_FI","og_type":"article","og_title":"Sinkkihyaluronaatti - Tukkudistribuutio","og_description":"Sinkkihyaluronaatti on hyaluronihappo-sinkki-yhdiste, jolla on kosteuttava ja tasapainottava vaikutus. Kosmeettinen raaka-aine rasvoittuvan ja ongelmallisen ihon hoitoon.","og_url":"https:\/\/naturalpoland.com\/fi\/tuotteet\/kosmetiikkateollisuuden-tuotteet\/kosmetiikan-raaka-aineet\/sinkkihyaluronaatti\/","og_site_name":"NATURAL POLAND - RAAKA-AINEIDEN TUKKUJAKELIJA","article_publisher":"https:\/\/www.facebook.com\/naturalpoland.b2b","article_modified_time":"2026-04-28T10:36:44+00:00","og_image":[{"width":1024,"height":1024,"url":"https:\/\/naturalpoland.com\/wp-content\/uploads\/hialuronian-cynku.png","type":"image\/png"}],"schema":{"@context":"https:\/\/schema.org","@graph":[{"@type":"WebPage","@id":"https:\/\/naturalpoland.com\/fi\/tuotteet\/kosmetiikkateollisuuden-tuotteet\/kosmetiikan-raaka-aineet\/sinkkihyaluronaatti\/","url":"https:\/\/naturalpoland.com\/fi\/tuotteet\/kosmetiikkateollisuuden-tuotteet\/kosmetiikan-raaka-aineet\/sinkkihyaluronaatti\/","name":"Sinkkihyaluronaatti - Tukkudistribuutio","isPartOf":{"@id":"https:\/\/naturalpoland.com\/fi\/#website"},"primaryImageOfPage":{"@id":"https:\/\/naturalpoland.com\/fi\/tuotteet\/kosmetiikkateollisuuden-tuotteet\/kosmetiikan-raaka-aineet\/sinkkihyaluronaatti\/#primaryimage"},"image":{"@id":"https:\/\/naturalpoland.com\/fi\/tuotteet\/kosmetiikkateollisuuden-tuotteet\/kosmetiikan-raaka-aineet\/sinkkihyaluronaatti\/#primaryimage"},"thumbnailUrl":"https:\/\/naturalpoland.com\/wp-content\/uploads\/hialuronian-cynku.png","datePublished":"2026-04-03T12:03:58+00:00","dateModified":"2026-04-28T10:36:44+00:00","description":"Sinkkihyaluronaatti on hyaluronihappo-sinkki-yhdiste, jolla on kosteuttava ja tasapainottava vaikutus. Kosmeettinen raaka-aine rasvoittuvan ja ongelmallisen ihon hoitoon.","breadcrumb":{"@id":"https:\/\/naturalpoland.com\/fi\/tuotteet\/kosmetiikkateollisuuden-tuotteet\/kosmetiikan-raaka-aineet\/sinkkihyaluronaatti\/#breadcrumb"},"inLanguage":"fi","potentialAction":[{"@type":"ReadAction","target":["https:\/\/naturalpoland.com\/fi\/tuotteet\/kosmetiikkateollisuuden-tuotteet\/kosmetiikan-raaka-aineet\/sinkkihyaluronaatti\/"]}]},{"@type":"ImageObject","inLanguage":"fi","@id":"https:\/\/naturalpoland.com\/fi\/tuotteet\/kosmetiikkateollisuuden-tuotteet\/kosmetiikan-raaka-aineet\/sinkkihyaluronaatti\/#primaryimage","url":"https:\/\/naturalpoland.com\/wp-content\/uploads\/hialuronian-cynku.png","contentUrl":"https:\/\/naturalpoland.com\/wp-content\/uploads\/hialuronian-cynku.png","width":1024,"height":1024,"caption":"sinkkihyaluronaatti"},{"@type":"BreadcrumbList","@id":"https:\/\/naturalpoland.com\/fi\/tuotteet\/kosmetiikkateollisuuden-tuotteet\/kosmetiikan-raaka-aineet\/sinkkihyaluronaatti\/#breadcrumb","itemListElement":[{"@type":"ListItem","position":1,"name":"Etusivu","item":"https:\/\/naturalpoland.com\/fi\/"},{"@type":"ListItem","position":2,"name":"Tuotteet","item":"https:\/\/naturalpoland.com\/fi\/tuotteet\/"},{"@type":"ListItem","position":3,"name":"Sinkkihyaluronaatti"}]},{"@type":"WebSite","@id":"https:\/\/naturalpoland.com\/fi\/#website","url":"https:\/\/naturalpoland.com\/fi\/","name":"NATURAL POLAND - RAAKA-AINEIDEN TUKKUJAKELIJA","description":"Surowce dla przemys\u0142u spo\u017cywczego, kosmetycznego i farmaceutycznego","publisher":{"@id":"https:\/\/naturalpoland.com\/fi\/#organization"},"potentialAction":[{"@type":"SearchAction","target":{"@type":"EntryPoint","urlTemplate":"https:\/\/naturalpoland.com\/fi\/?s={search_term_string}"},"query-input":{"@type":"PropertyValueSpecification","valueRequired":true,"valueName":"search_term_string"}}],"inLanguage":"fi"},{"@type":"Organization","@id":"https:\/\/naturalpoland.com\/fi\/#organization","name":"Natural Poland","url":"https:\/\/naturalpoland.com\/fi\/","logo":{"@type":"ImageObject","inLanguage":"fi","@id":"https:\/\/naturalpoland.com\/fi\/#\/schema\/logo\/image\/","url":"https:\/\/naturalpoland.com\/wp-content\/uploads\/2021\/05\/natural-poland-icon.png","contentUrl":"https:\/\/naturalpoland.com\/wp-content\/uploads\/2021\/05\/natural-poland-icon.png","width":512,"height":512,"caption":"Natural Poland"},"image":{"@id":"https:\/\/naturalpoland.com\/fi\/#\/schema\/logo\/image\/"},"sameAs":["https:\/\/www.facebook.com\/naturalpoland.b2b","https:\/\/pl.linkedin.com\/company\/natural-poland","https:\/\/www.youtube.com\/channel\/UCgeGGkvOMahZo-xu_MSEWxg"]}]}},"_links":{"self":[{"href":"https:\/\/naturalpoland.com\/fi\/wp-json\/wp\/v2\/product\/48046","targetHints":{"allow":["GET"]}}],"collection":[{"href":"https:\/\/naturalpoland.com\/fi\/wp-json\/wp\/v2\/product"}],"about":[{"href":"https:\/\/naturalpoland.com\/fi\/wp-json\/wp\/v2\/types\/product"}],"wp:featuredmedia":[{"embeddable":true,"href":"https:\/\/naturalpoland.com\/fi\/wp-json\/wp\/v2\/media\/48047"}],"wp:attachment":[{"href":"https:\/\/naturalpoland.com\/fi\/wp-json\/wp\/v2\/media?parent=48046"}],"wp:term":[{"taxonomy":"product_brand","embeddable":true,"href":"https:\/\/naturalpoland.com\/fi\/wp-json\/wp\/v2\/product_brand?post=48046"},{"taxonomy":"product_cat","embeddable":true,"href":"https:\/\/naturalpoland.com\/fi\/wp-json\/wp\/v2\/product_cat?post=48046"},{"taxonomy":"product_tag","embeddable":true,"href":"https:\/\/naturalpoland.com\/fi\/wp-json\/wp\/v2\/product_tag?post=48046"}],"curies":[{"name":"wp","href":"https:\/\/api.w.org\/{rel}","templated":true}]}}