{"id":48080,"date":"2026-04-03T13:44:25","date_gmt":"2026-04-03T11:44:25","guid":{"rendered":"https:\/\/naturalpoland.com\/produkty\/Ei-luokiteltu\/jauhettu-vihrea-kahvi\/"},"modified":"2026-04-28T13:00:35","modified_gmt":"2026-04-28T11:00:35","slug":"jauhettu-vihrea-kahvi","status":"publish","type":"product","link":"https:\/\/naturalpoland.com\/fi\/tuotteet\/kasvituotteet\/jauhettu-vihrea-kahvi\/","title":{"rendered":"Jauhettu vihre\u00e4 kahvi"},"content":{"rendered":"<h2>Jauhetun vihre\u00e4n kahvin ominaisuudet ja vaikutus:<\/h2>\n<p>Jauhettu vihre\u00e4 kahvi on hienon jauheen muodossa, harmaan-vihre\u00e4\u00e4 v\u00e4rilt\u00e4\u00e4n ja sill\u00e4 on ominainen tuoksu. Raaka-aine tuotetaan Puolassa Brasiliasta per\u00e4isin olevista pavuista. <\/p>\n<p>Raaka-aine sis\u00e4lt\u00e4\u00e4 luonnollisia bioaktiivisia yhdisteit\u00e4, erityisesti <strong>klorogeenihappoja<\/strong> ja <strong>kofeiinia<\/strong>, joita hy\u00f6dynnet\u00e4\u00e4n energiametaboliaan suunnatuissa tuotteissa.<\/p>\n<p><strong>Klorogeenihappo<\/strong> kuuluu polyfenolien ryhm\u00e4\u00e4n ja sill\u00e4 on antioksidatiivisia ominaisuuksia. Ravintolisissa se tukee glukoosi- ja lipidimetaboliaa. <\/p>\n<p>Kosmetiikassa jauhetulla vihre\u00e4ll\u00e4 kahvilla on kiinteytt\u00e4v\u00e4 ja tasoittava vaikutus. Kofeiinin ansiosta t\u00e4t\u00e4 raaka-ainetta k\u00e4ytet\u00e4\u00e4n valmisteissa, jotka on tarkoitettu ihon kireytt\u00e4 vaativan ihon hoitoon sek\u00e4 selluliittia ehk\u00e4iseviss\u00e4 tuotteissa. Lis\u00e4ksi antioksidatiiviset ominaisuudet tukevat ihon suojaamista ymp\u00e4rist\u00f6tekij\u00f6ilt\u00e4.  <\/p>\n<p>Raaka-aine voi toimia my\u00f6s kuorivana ainesosana mekaanisissa kuorinnoissa, tukien kuolleen ihon poistamista ja ihon ulkon\u00e4\u00f6n parantamista.<\/p>\n<h2>Jauhetun vihre\u00e4n kahvin k\u00e4ytt\u00f6:<\/h2>\n<p>Jauhettua vihre\u00e4\u00e4 kahvia k\u00e4ytet\u00e4\u00e4n:<\/p>\n<ul>\n<li>ravintolisissa (metaboliaa tukevat tuotteet),<\/li>\n<li>toiminnallisessa elintarvikkeissa ja juomissa,<\/li>\n<li>selluliittia ehk\u00e4iseviss\u00e4 ja kiinteytt\u00e4viss\u00e4 kosmetiikkatuotteissa,<\/li>\n<li>kuorinnoissa ja kuorivissa tuotteissa,<\/li>\n<li>luonnollisissa ja kasviper\u00e4isiss\u00e4 kosmetiikkatuotteissa.<\/li>\n<\/ul>\n<p>Jauhemuotonsa ansiosta se voidaan helposti lis\u00e4t\u00e4 kuiviin ja puolikiinteisiin formulaatioihin.<\/p>\n","protected":false},"excerpt":{"rendered":"<p><strong>Jauhettu vihre\u00e4 kahvi<\/strong> saadaan paahtelemattomista <em>Coffea arabica<\/em> -kahvipavuista. Toisin kuin paahdettu kahvi, se s\u00e4ilytt\u00e4\u00e4 raaka-aineessa olevien aktiivisten ainesosien luonnollisen profiilin. Raaka-aine on tarkoitettu k\u00e4ytett\u00e4v\u00e4ksi ravintolisissa ja kosmetiikassa.  <\/p>\n","protected":false},"featured_media":48081,"template":"","meta":{"_acf_changed":false},"product_brand":[],"product_cat":[548],"product_tag":[],"class_list":{"0":"post-48080","1":"product","2":"type-product","3":"status-publish","4":"has-post-thumbnail","6":"product_cat-kasvituotteet","8":"first","9":"instock","10":"shipping-taxable","11":"product-type-simple"},"acf":[],"yoast_head":"<!-- This site is optimized with the Yoast SEO plugin v27.5 - https:\/\/yoast.com\/product\/yoast-seo-wordpress\/ -->\n<title>Jauhettu vihre\u00e4 kahvi - Tukkudistribuutio<\/title>\n<meta name=\"description\" content=\"Jauhettu vihre\u00e4 kahvi (Coffea arabica), runsaasti kofeiinia ja polyfenoleja; k\u00e4ytet\u00e4\u00e4n ravintolisissa, selluliittia ehk\u00e4iseviss\u00e4 kosmetiikkatuotteissa ja toiminnallisissa tuotteissa\" \/>\n<meta name=\"robots\" content=\"index, follow, max-snippet:-1, max-image-preview:large, max-video-preview:-1\" \/>\n<link rel=\"canonical\" href=\"https:\/\/naturalpoland.com\/fi\/tuotteet\/kasvituotteet\/jauhettu-vihrea-kahvi\/\" \/>\n<meta property=\"og:locale\" content=\"fi_FI\" \/>\n<meta property=\"og:type\" content=\"article\" \/>\n<meta property=\"og:title\" content=\"Jauhettu vihre\u00e4 kahvi - Tukkudistribuutio\" \/>\n<meta property=\"og:description\" content=\"Jauhettu vihre\u00e4 kahvi (Coffea arabica), runsaasti kofeiinia ja polyfenoleja; k\u00e4ytet\u00e4\u00e4n ravintolisissa, selluliittia ehk\u00e4iseviss\u00e4 kosmetiikkatuotteissa ja toiminnallisissa tuotteissa\" \/>\n<meta property=\"og:url\" content=\"https:\/\/naturalpoland.com\/fi\/tuotteet\/kasvituotteet\/jauhettu-vihrea-kahvi\/\" \/>\n<meta property=\"og:site_name\" content=\"NATURAL POLAND - RAAKA-AINEIDEN TUKKUJAKELIJA\" \/>\n<meta property=\"article:publisher\" content=\"https:\/\/www.facebook.com\/naturalpoland.b2b\" \/>\n<meta property=\"article:modified_time\" content=\"2026-04-28T11:00:35+00:00\" \/>\n<meta property=\"og:image\" content=\"https:\/\/naturalpoland.com\/wp-content\/uploads\/mielona-kawa-zielona.png\" \/>\n\t<meta property=\"og:image:width\" content=\"1024\" \/>\n\t<meta property=\"og:image:height\" content=\"1024\" \/>\n\t<meta property=\"og:image:type\" content=\"image\/png\" \/>\n<script type=\"application\/ld+json\" class=\"yoast-schema-graph\">{\"@context\":\"https:\\\/\\\/schema.org\",\"@graph\":[{\"@type\":\"WebPage\",\"@id\":\"https:\\\/\\\/naturalpoland.com\\\/fi\\\/tuotteet\\\/kasvituotteet\\\/jauhettu-vihrea-kahvi\\\/\",\"url\":\"https:\\\/\\\/naturalpoland.com\\\/fi\\\/tuotteet\\\/kasvituotteet\\\/jauhettu-vihrea-kahvi\\\/\",\"name\":\"Jauhettu vihre\u00e4 kahvi - Tukkudistribuutio\",\"isPartOf\":{\"@id\":\"https:\\\/\\\/naturalpoland.com\\\/fi\\\/#website\"},\"primaryImageOfPage\":{\"@id\":\"https:\\\/\\\/naturalpoland.com\\\/fi\\\/tuotteet\\\/kasvituotteet\\\/jauhettu-vihrea-kahvi\\\/#primaryimage\"},\"image\":{\"@id\":\"https:\\\/\\\/naturalpoland.com\\\/fi\\\/tuotteet\\\/kasvituotteet\\\/jauhettu-vihrea-kahvi\\\/#primaryimage\"},\"thumbnailUrl\":\"https:\\\/\\\/naturalpoland.com\\\/wp-content\\\/uploads\\\/mielona-kawa-zielona.png\",\"datePublished\":\"2026-04-03T11:44:25+00:00\",\"dateModified\":\"2026-04-28T11:00:35+00:00\",\"description\":\"Jauhettu vihre\u00e4 kahvi (Coffea arabica), runsaasti kofeiinia ja polyfenoleja; k\u00e4ytet\u00e4\u00e4n ravintolisissa, selluliittia ehk\u00e4iseviss\u00e4 kosmetiikkatuotteissa ja toiminnallisissa tuotteissa\",\"breadcrumb\":{\"@id\":\"https:\\\/\\\/naturalpoland.com\\\/fi\\\/tuotteet\\\/kasvituotteet\\\/jauhettu-vihrea-kahvi\\\/#breadcrumb\"},\"inLanguage\":\"fi\",\"potentialAction\":[{\"@type\":\"ReadAction\",\"target\":[\"https:\\\/\\\/naturalpoland.com\\\/fi\\\/tuotteet\\\/kasvituotteet\\\/jauhettu-vihrea-kahvi\\\/\"]}]},{\"@type\":\"ImageObject\",\"inLanguage\":\"fi\",\"@id\":\"https:\\\/\\\/naturalpoland.com\\\/fi\\\/tuotteet\\\/kasvituotteet\\\/jauhettu-vihrea-kahvi\\\/#primaryimage\",\"url\":\"https:\\\/\\\/naturalpoland.com\\\/wp-content\\\/uploads\\\/mielona-kawa-zielona.png\",\"contentUrl\":\"https:\\\/\\\/naturalpoland.com\\\/wp-content\\\/uploads\\\/mielona-kawa-zielona.png\",\"width\":1024,\"height\":1024,\"caption\":\"jauhettu vihre\u00e4 kahvi\"},{\"@type\":\"BreadcrumbList\",\"@id\":\"https:\\\/\\\/naturalpoland.com\\\/fi\\\/tuotteet\\\/kasvituotteet\\\/jauhettu-vihrea-kahvi\\\/#breadcrumb\",\"itemListElement\":[{\"@type\":\"ListItem\",\"position\":1,\"name\":\"Etusivu\",\"item\":\"https:\\\/\\\/naturalpoland.com\\\/fi\\\/\"},{\"@type\":\"ListItem\",\"position\":2,\"name\":\"Tuotteet\",\"item\":\"https:\\\/\\\/naturalpoland.com\\\/fi\\\/tuotteet\\\/\"},{\"@type\":\"ListItem\",\"position\":3,\"name\":\"Jauhettu vihre\u00e4 kahvi\"}]},{\"@type\":\"WebSite\",\"@id\":\"https:\\\/\\\/naturalpoland.com\\\/fi\\\/#website\",\"url\":\"https:\\\/\\\/naturalpoland.com\\\/fi\\\/\",\"name\":\"NATURAL POLAND - RAAKA-AINEIDEN TUKKUJAKELIJA\",\"description\":\"Surowce dla przemys\u0142u spo\u017cywczego, kosmetycznego i farmaceutycznego\",\"publisher\":{\"@id\":\"https:\\\/\\\/naturalpoland.com\\\/fi\\\/#organization\"},\"potentialAction\":[{\"@type\":\"SearchAction\",\"target\":{\"@type\":\"EntryPoint\",\"urlTemplate\":\"https:\\\/\\\/naturalpoland.com\\\/fi\\\/?s={search_term_string}\"},\"query-input\":{\"@type\":\"PropertyValueSpecification\",\"valueRequired\":true,\"valueName\":\"search_term_string\"}}],\"inLanguage\":\"fi\"},{\"@type\":\"Organization\",\"@id\":\"https:\\\/\\\/naturalpoland.com\\\/fi\\\/#organization\",\"name\":\"Natural Poland\",\"url\":\"https:\\\/\\\/naturalpoland.com\\\/fi\\\/\",\"logo\":{\"@type\":\"ImageObject\",\"inLanguage\":\"fi\",\"@id\":\"https:\\\/\\\/naturalpoland.com\\\/fi\\\/#\\\/schema\\\/logo\\\/image\\\/\",\"url\":\"https:\\\/\\\/naturalpoland.com\\\/wp-content\\\/uploads\\\/2021\\\/05\\\/natural-poland-icon.png\",\"contentUrl\":\"https:\\\/\\\/naturalpoland.com\\\/wp-content\\\/uploads\\\/2021\\\/05\\\/natural-poland-icon.png\",\"width\":512,\"height\":512,\"caption\":\"Natural Poland\"},\"image\":{\"@id\":\"https:\\\/\\\/naturalpoland.com\\\/fi\\\/#\\\/schema\\\/logo\\\/image\\\/\"},\"sameAs\":[\"https:\\\/\\\/www.facebook.com\\\/naturalpoland.b2b\",\"https:\\\/\\\/pl.linkedin.com\\\/company\\\/natural-poland\",\"https:\\\/\\\/www.youtube.com\\\/channel\\\/UCgeGGkvOMahZo-xu_MSEWxg\"]}]}<\/script>\n<!-- \/ Yoast SEO plugin. -->","yoast_head_json":{"title":"Jauhettu vihre\u00e4 kahvi - Tukkudistribuutio","description":"Jauhettu vihre\u00e4 kahvi (Coffea arabica), runsaasti kofeiinia ja polyfenoleja; k\u00e4ytet\u00e4\u00e4n ravintolisissa, selluliittia ehk\u00e4iseviss\u00e4 kosmetiikkatuotteissa ja toiminnallisissa tuotteissa","robots":{"index":"index","follow":"follow","max-snippet":"max-snippet:-1","max-image-preview":"max-image-preview:large","max-video-preview":"max-video-preview:-1"},"canonical":"https:\/\/naturalpoland.com\/fi\/tuotteet\/kasvituotteet\/jauhettu-vihrea-kahvi\/","og_locale":"fi_FI","og_type":"article","og_title":"Jauhettu vihre\u00e4 kahvi - Tukkudistribuutio","og_description":"Jauhettu vihre\u00e4 kahvi (Coffea arabica), runsaasti kofeiinia ja polyfenoleja; k\u00e4ytet\u00e4\u00e4n ravintolisissa, selluliittia ehk\u00e4iseviss\u00e4 kosmetiikkatuotteissa ja toiminnallisissa tuotteissa","og_url":"https:\/\/naturalpoland.com\/fi\/tuotteet\/kasvituotteet\/jauhettu-vihrea-kahvi\/","og_site_name":"NATURAL POLAND - RAAKA-AINEIDEN TUKKUJAKELIJA","article_publisher":"https:\/\/www.facebook.com\/naturalpoland.b2b","article_modified_time":"2026-04-28T11:00:35+00:00","og_image":[{"width":1024,"height":1024,"url":"https:\/\/naturalpoland.com\/wp-content\/uploads\/mielona-kawa-zielona.png","type":"image\/png"}],"schema":{"@context":"https:\/\/schema.org","@graph":[{"@type":"WebPage","@id":"https:\/\/naturalpoland.com\/fi\/tuotteet\/kasvituotteet\/jauhettu-vihrea-kahvi\/","url":"https:\/\/naturalpoland.com\/fi\/tuotteet\/kasvituotteet\/jauhettu-vihrea-kahvi\/","name":"Jauhettu vihre\u00e4 kahvi - Tukkudistribuutio","isPartOf":{"@id":"https:\/\/naturalpoland.com\/fi\/#website"},"primaryImageOfPage":{"@id":"https:\/\/naturalpoland.com\/fi\/tuotteet\/kasvituotteet\/jauhettu-vihrea-kahvi\/#primaryimage"},"image":{"@id":"https:\/\/naturalpoland.com\/fi\/tuotteet\/kasvituotteet\/jauhettu-vihrea-kahvi\/#primaryimage"},"thumbnailUrl":"https:\/\/naturalpoland.com\/wp-content\/uploads\/mielona-kawa-zielona.png","datePublished":"2026-04-03T11:44:25+00:00","dateModified":"2026-04-28T11:00:35+00:00","description":"Jauhettu vihre\u00e4 kahvi (Coffea arabica), runsaasti kofeiinia ja polyfenoleja; k\u00e4ytet\u00e4\u00e4n ravintolisissa, selluliittia ehk\u00e4iseviss\u00e4 kosmetiikkatuotteissa ja toiminnallisissa tuotteissa","breadcrumb":{"@id":"https:\/\/naturalpoland.com\/fi\/tuotteet\/kasvituotteet\/jauhettu-vihrea-kahvi\/#breadcrumb"},"inLanguage":"fi","potentialAction":[{"@type":"ReadAction","target":["https:\/\/naturalpoland.com\/fi\/tuotteet\/kasvituotteet\/jauhettu-vihrea-kahvi\/"]}]},{"@type":"ImageObject","inLanguage":"fi","@id":"https:\/\/naturalpoland.com\/fi\/tuotteet\/kasvituotteet\/jauhettu-vihrea-kahvi\/#primaryimage","url":"https:\/\/naturalpoland.com\/wp-content\/uploads\/mielona-kawa-zielona.png","contentUrl":"https:\/\/naturalpoland.com\/wp-content\/uploads\/mielona-kawa-zielona.png","width":1024,"height":1024,"caption":"jauhettu vihre\u00e4 kahvi"},{"@type":"BreadcrumbList","@id":"https:\/\/naturalpoland.com\/fi\/tuotteet\/kasvituotteet\/jauhettu-vihrea-kahvi\/#breadcrumb","itemListElement":[{"@type":"ListItem","position":1,"name":"Etusivu","item":"https:\/\/naturalpoland.com\/fi\/"},{"@type":"ListItem","position":2,"name":"Tuotteet","item":"https:\/\/naturalpoland.com\/fi\/tuotteet\/"},{"@type":"ListItem","position":3,"name":"Jauhettu vihre\u00e4 kahvi"}]},{"@type":"WebSite","@id":"https:\/\/naturalpoland.com\/fi\/#website","url":"https:\/\/naturalpoland.com\/fi\/","name":"NATURAL POLAND - RAAKA-AINEIDEN TUKKUJAKELIJA","description":"Surowce dla przemys\u0142u spo\u017cywczego, kosmetycznego i farmaceutycznego","publisher":{"@id":"https:\/\/naturalpoland.com\/fi\/#organization"},"potentialAction":[{"@type":"SearchAction","target":{"@type":"EntryPoint","urlTemplate":"https:\/\/naturalpoland.com\/fi\/?s={search_term_string}"},"query-input":{"@type":"PropertyValueSpecification","valueRequired":true,"valueName":"search_term_string"}}],"inLanguage":"fi"},{"@type":"Organization","@id":"https:\/\/naturalpoland.com\/fi\/#organization","name":"Natural Poland","url":"https:\/\/naturalpoland.com\/fi\/","logo":{"@type":"ImageObject","inLanguage":"fi","@id":"https:\/\/naturalpoland.com\/fi\/#\/schema\/logo\/image\/","url":"https:\/\/naturalpoland.com\/wp-content\/uploads\/2021\/05\/natural-poland-icon.png","contentUrl":"https:\/\/naturalpoland.com\/wp-content\/uploads\/2021\/05\/natural-poland-icon.png","width":512,"height":512,"caption":"Natural Poland"},"image":{"@id":"https:\/\/naturalpoland.com\/fi\/#\/schema\/logo\/image\/"},"sameAs":["https:\/\/www.facebook.com\/naturalpoland.b2b","https:\/\/pl.linkedin.com\/company\/natural-poland","https:\/\/www.youtube.com\/channel\/UCgeGGkvOMahZo-xu_MSEWxg"]}]}},"_links":{"self":[{"href":"https:\/\/naturalpoland.com\/fi\/wp-json\/wp\/v2\/product\/48080","targetHints":{"allow":["GET"]}}],"collection":[{"href":"https:\/\/naturalpoland.com\/fi\/wp-json\/wp\/v2\/product"}],"about":[{"href":"https:\/\/naturalpoland.com\/fi\/wp-json\/wp\/v2\/types\/product"}],"wp:featuredmedia":[{"embeddable":true,"href":"https:\/\/naturalpoland.com\/fi\/wp-json\/wp\/v2\/media\/48081"}],"wp:attachment":[{"href":"https:\/\/naturalpoland.com\/fi\/wp-json\/wp\/v2\/media?parent=48080"}],"wp:term":[{"taxonomy":"product_brand","embeddable":true,"href":"https:\/\/naturalpoland.com\/fi\/wp-json\/wp\/v2\/product_brand?post=48080"},{"taxonomy":"product_cat","embeddable":true,"href":"https:\/\/naturalpoland.com\/fi\/wp-json\/wp\/v2\/product_cat?post=48080"},{"taxonomy":"product_tag","embeddable":true,"href":"https:\/\/naturalpoland.com\/fi\/wp-json\/wp\/v2\/product_tag?post=48080"}],"curies":[{"name":"wp","href":"https:\/\/api.w.org\/{rel}","templated":true}]}}