{"id":4981,"date":"2021-05-11T13:47:46","date_gmt":"2021-05-11T11:47:46","guid":{"rendered":"https:\/\/naturalpoland.pl\/produkty\/Ei-luokiteltu\/melatoniini\/"},"modified":"2025-07-31T12:13:25","modified_gmt":"2025-07-31T10:13:25","slug":"melatoniini","status":"publish","type":"product","link":"https:\/\/naturalpoland.com\/fi\/tuotteet\/laaketeollisuuden-tuotteet\/ravintolisien-ainesosat\/melatoniini\/","title":{"rendered":"Melatoniini"},"content":{"rendered":"<h2>Miten melatoniini toimii?<\/h2>\n<p>Melatoniini vaikuttaa ensisijaisesti synkronoimalla kehon biologisen kellon vuorokausirytmin kanssa. Melatoniinin m\u00e4\u00e4r\u00e4 veress\u00e4 nousee h\u00e4m\u00e4r\u00e4n tultua, viestien elimist\u00f6lle nukkumaanmenon ajankohdan, ja laskee aamulla valmistaen kehoa p\u00e4iv\u00e4aktiivisuuteen. T\u00e4m\u00e4 hormoni ei ainoastaan paranna unen laatua, vaan my\u00f6s v\u00e4hent\u00e4\u00e4 y\u00f6llisi\u00e4 her\u00e4\u00e4misi\u00e4. Sit\u00e4 k\u00e4ytet\u00e4\u00e4n unettomuuden hoitoon sek\u00e4 unirytmin s\u00e4\u00e4telyyn erityisesti vuoroty\u00f6l\u00e4isill\u00e4 ja aikavy\u00f6hykkeit\u00e4 ylitt\u00e4vill\u00e4 matkustajilla.   <\/p>\n<p>Melatoniini tukee vuorokausirytmin s\u00e4\u00e4telyn lis\u00e4ksi my\u00f6s hermoston toimintaa ja sit\u00e4 k\u00e4ytet\u00e4\u00e4n hoitona aikavy\u00f6hykkeiden vaihteluun liittyviss\u00e4 unih\u00e4iri\u00f6iss\u00e4 (jet lag) sek\u00e4 sokeiden henkil\u00f6iden unirytmih\u00e4iri\u00f6iss\u00e4. Vahvojen antioksidanttisten ominaisuuksiensa ansiosta melatoniini suojaa soluja oksidatiiviselta stressilt\u00e4. Tuotteella on suotuisa vaikutus aivojen ja ihon terveyteen sek\u00e4 se voi v\u00e4hent\u00e4\u00e4 hermoston rappeumasairauksien ja ennenaikaisen vanhenemisen riski\u00e4. Melatoniinilla on my\u00f6s rauhoittava vaikutus ruoansulatusj\u00e4rjestelm\u00e4\u00e4n ja se voi lievitt\u00e4\u00e4 mahahapon takaisinvirtauksesta johtuvia oireita.   <\/p>\n<h2>Miss\u00e4 melatoniinia esiintyy?<\/h2>\n<p>Melatoniinia syntetisoidaan luonnollisesti k\u00e4pyrauhasessa (pineal gland) aivoissa, mutta sit\u00e4 on havaittu my\u00f6s muissa kudoksissa, kuten ruoansulatuskanavassa, silm\u00e4n verkkokalvossa ja jopa ihossa. Melatoniinia esiintyy my\u00f6s kasveissa \u2013 esimerkiksi joidenkin lajien juurissa, kukissa ja siemeniss\u00e4 \u2013 miss\u00e4 se toimii <a href=\"https:\/\/naturalpoland.com\/artykuly\/produkty-naturalne\/moc-antyoksydantow-jak-wlaczyc-je-do-oferty-produktowej\/\">antioksidanttina<\/a> ymp\u00e4rist\u00f6stressin vastauksena. <\/p>\n<h2>Melatoniinin k\u00e4ytt\u00f6<\/h2>\n<p>Melatoniinia k\u00e4ytet\u00e4\u00e4n yleisesti <strong>ravintolisiss\u00e4<\/strong> ja <strong>l\u00e4\u00e4kevalmisteissa<\/strong>, joiden tarkoituksena on parantaa unen laatua. Se voi my\u00f6s olla ainesosana lis\u00e4ravinteissa, jotka tukevat hermoston ja ruoansulatuskanavan terveytt\u00e4, sek\u00e4 valmisteissa, jotka parantavat yleist\u00e4 terveytt\u00e4 sen antioksidanttisten ominaisuuksien ansiosta.<\/p>\n<p>Antioksidanttisten ominaisuuksiensa vuoksi melatoniinia k\u00e4ytet\u00e4\u00e4n <strong>kosmeettisissa ihonhoitotuotteissa<\/strong> suojaamaan hapettumisstressilt\u00e4.<\/p>\n<h3>Varastointi<\/h3>\n<p>Melatoniini on s\u00e4ilytett\u00e4v\u00e4 hyvin suljetuissa astioissa, kosteudelta ja suoralta auringonvalolta suojattuna. Tuote s\u00e4ilytt\u00e4\u00e4 laatunsa 2 vuotta, jos sit\u00e4 s\u00e4ilytet\u00e4\u00e4n oikein.<\/p>\n","protected":false},"excerpt":{"rendered":"<p><strong>Melatoniini<\/strong>, jota usein kutsutaan \u201cunihormoniksi\u201d, on keskeinen vuorokausirytmin s\u00e4\u00e4telij\u00e4, joka vaikuttaa kehon uni-valverytmiin. Tarjoamamme melatoniini on eritt\u00e4in puhdasta ja farmaseuttista laatua (98,5\u2013101,5 % HPLC-analyysin mukaan) ja se on saatavilla valkoisena tai hieman kellert\u00e4v\u00e4n\u00e4 kiteisen\u00e4 jauheena. Tuote t\u00e4ytt\u00e4\u00e4 tiukat USP43-standardit. <\/p>\n","protected":false},"featured_media":44019,"template":"","meta":{"_acf_changed":false},"product_brand":[],"product_cat":[535],"product_tag":[],"class_list":{"0":"post-4981","1":"product","2":"type-product","3":"status-publish","4":"has-post-thumbnail","6":"product_cat-ravintolisien-ainesosat","7":"pa_grupa-substancji-antioksidantit","8":"pa_technologia-biosneds-teknologia","10":"first","11":"instock","12":"shipping-taxable","13":"product-type-simple"},"acf":[],"yoast_head":"<!-- This site is optimized with the Yoast SEO plugin v27.4 - https:\/\/yoast.com\/product\/yoast-seo-wordpress\/ -->\n<title>Melatoniini - NATURAL POLAND - RAAKA-AINEIDEN TUKKUJAKELIJA<\/title>\n<meta name=\"description\" content=\"Melatoniini on t\u00e4rke\u00e4 laaja-alainen ainesosa, joka tukee unen, hermoston ja ruoansulatuskanavan terveytt\u00e4.\" \/>\n<meta name=\"robots\" content=\"index, follow, max-snippet:-1, max-image-preview:large, max-video-preview:-1\" \/>\n<link rel=\"canonical\" href=\"https:\/\/naturalpoland.com\/fi\/tuotteet\/laaketeollisuuden-tuotteet\/ravintolisien-ainesosat\/melatoniini\/\" \/>\n<meta property=\"og:locale\" content=\"fi_FI\" \/>\n<meta property=\"og:type\" content=\"article\" \/>\n<meta property=\"og:title\" content=\"Melatoniini - NATURAL POLAND - RAAKA-AINEIDEN TUKKUJAKELIJA\" \/>\n<meta property=\"og:description\" content=\"Melatoniini on t\u00e4rke\u00e4 laaja-alainen ainesosa, joka tukee unen, hermoston ja ruoansulatuskanavan terveytt\u00e4.\" \/>\n<meta property=\"og:url\" content=\"https:\/\/naturalpoland.com\/fi\/tuotteet\/laaketeollisuuden-tuotteet\/ravintolisien-ainesosat\/melatoniini\/\" \/>\n<meta property=\"og:site_name\" content=\"NATURAL POLAND - RAAKA-AINEIDEN TUKKUJAKELIJA\" \/>\n<meta property=\"article:publisher\" content=\"https:\/\/www.facebook.com\/naturalpoland.b2b\" \/>\n<meta property=\"article:modified_time\" content=\"2025-07-31T10:13:25+00:00\" \/>\n<meta property=\"og:image\" content=\"https:\/\/naturalpoland.com\/wp-content\/uploads\/2021\/05\/melatonin.jpg\" \/>\n\t<meta property=\"og:image:width\" content=\"255\" \/>\n\t<meta property=\"og:image:height\" content=\"198\" \/>\n\t<meta property=\"og:image:type\" content=\"image\/jpeg\" \/>\n<script type=\"application\/ld+json\" class=\"yoast-schema-graph\">{\"@context\":\"https:\\\/\\\/schema.org\",\"@graph\":[{\"@type\":\"WebPage\",\"@id\":\"https:\\\/\\\/naturalpoland.com\\\/fi\\\/tuotteet\\\/laaketeollisuuden-tuotteet\\\/ravintolisien-ainesosat\\\/melatoniini\\\/\",\"url\":\"https:\\\/\\\/naturalpoland.com\\\/fi\\\/tuotteet\\\/laaketeollisuuden-tuotteet\\\/ravintolisien-ainesosat\\\/melatoniini\\\/\",\"name\":\"Melatoniini - NATURAL POLAND - RAAKA-AINEIDEN TUKKUJAKELIJA\",\"isPartOf\":{\"@id\":\"https:\\\/\\\/naturalpoland.com\\\/fi\\\/#website\"},\"primaryImageOfPage\":{\"@id\":\"https:\\\/\\\/naturalpoland.com\\\/fi\\\/tuotteet\\\/laaketeollisuuden-tuotteet\\\/ravintolisien-ainesosat\\\/melatoniini\\\/#primaryimage\"},\"image\":{\"@id\":\"https:\\\/\\\/naturalpoland.com\\\/fi\\\/tuotteet\\\/laaketeollisuuden-tuotteet\\\/ravintolisien-ainesosat\\\/melatoniini\\\/#primaryimage\"},\"thumbnailUrl\":\"https:\\\/\\\/naturalpoland.com\\\/wp-content\\\/uploads\\\/melatonina.webp\",\"datePublished\":\"2021-05-11T11:47:46+00:00\",\"dateModified\":\"2025-07-31T10:13:25+00:00\",\"description\":\"Melatoniini on t\u00e4rke\u00e4 laaja-alainen ainesosa, joka tukee unen, hermoston ja ruoansulatuskanavan terveytt\u00e4.\",\"breadcrumb\":{\"@id\":\"https:\\\/\\\/naturalpoland.com\\\/fi\\\/tuotteet\\\/laaketeollisuuden-tuotteet\\\/ravintolisien-ainesosat\\\/melatoniini\\\/#breadcrumb\"},\"inLanguage\":\"fi\",\"potentialAction\":[{\"@type\":\"ReadAction\",\"target\":[\"https:\\\/\\\/naturalpoland.com\\\/fi\\\/tuotteet\\\/laaketeollisuuden-tuotteet\\\/ravintolisien-ainesosat\\\/melatoniini\\\/\"]}]},{\"@type\":\"ImageObject\",\"inLanguage\":\"fi\",\"@id\":\"https:\\\/\\\/naturalpoland.com\\\/fi\\\/tuotteet\\\/laaketeollisuuden-tuotteet\\\/ravintolisien-ainesosat\\\/melatoniini\\\/#primaryimage\",\"url\":\"https:\\\/\\\/naturalpoland.com\\\/wp-content\\\/uploads\\\/melatonina.webp\",\"contentUrl\":\"https:\\\/\\\/naturalpoland.com\\\/wp-content\\\/uploads\\\/melatonina.webp\",\"width\":1024,\"height\":1024},{\"@type\":\"BreadcrumbList\",\"@id\":\"https:\\\/\\\/naturalpoland.com\\\/fi\\\/tuotteet\\\/laaketeollisuuden-tuotteet\\\/ravintolisien-ainesosat\\\/melatoniini\\\/#breadcrumb\",\"itemListElement\":[{\"@type\":\"ListItem\",\"position\":1,\"name\":\"Etusivu\",\"item\":\"https:\\\/\\\/naturalpoland.com\\\/fi\\\/\"},{\"@type\":\"ListItem\",\"position\":2,\"name\":\"Tuotteet\",\"item\":\"https:\\\/\\\/naturalpoland.com\\\/fi\\\/tuotteet\\\/\"},{\"@type\":\"ListItem\",\"position\":3,\"name\":\"Melatoniini\"}]},{\"@type\":\"WebSite\",\"@id\":\"https:\\\/\\\/naturalpoland.com\\\/fi\\\/#website\",\"url\":\"https:\\\/\\\/naturalpoland.com\\\/fi\\\/\",\"name\":\"NATURAL POLAND - RAAKA-AINEIDEN TUKKUJAKELIJA\",\"description\":\"Surowce dla przemys\u0142u spo\u017cywczego, kosmetycznego i farmaceutycznego\",\"publisher\":{\"@id\":\"https:\\\/\\\/naturalpoland.com\\\/fi\\\/#organization\"},\"potentialAction\":[{\"@type\":\"SearchAction\",\"target\":{\"@type\":\"EntryPoint\",\"urlTemplate\":\"https:\\\/\\\/naturalpoland.com\\\/fi\\\/?s={search_term_string}\"},\"query-input\":{\"@type\":\"PropertyValueSpecification\",\"valueRequired\":true,\"valueName\":\"search_term_string\"}}],\"inLanguage\":\"fi\"},{\"@type\":\"Organization\",\"@id\":\"https:\\\/\\\/naturalpoland.com\\\/fi\\\/#organization\",\"name\":\"Natural Poland\",\"url\":\"https:\\\/\\\/naturalpoland.com\\\/fi\\\/\",\"logo\":{\"@type\":\"ImageObject\",\"inLanguage\":\"fi\",\"@id\":\"https:\\\/\\\/naturalpoland.com\\\/fi\\\/#\\\/schema\\\/logo\\\/image\\\/\",\"url\":\"https:\\\/\\\/naturalpoland.com\\\/wp-content\\\/uploads\\\/2021\\\/05\\\/natural-poland-icon.png\",\"contentUrl\":\"https:\\\/\\\/naturalpoland.com\\\/wp-content\\\/uploads\\\/2021\\\/05\\\/natural-poland-icon.png\",\"width\":512,\"height\":512,\"caption\":\"Natural Poland\"},\"image\":{\"@id\":\"https:\\\/\\\/naturalpoland.com\\\/fi\\\/#\\\/schema\\\/logo\\\/image\\\/\"},\"sameAs\":[\"https:\\\/\\\/www.facebook.com\\\/naturalpoland.b2b\",\"https:\\\/\\\/pl.linkedin.com\\\/company\\\/natural-poland\",\"https:\\\/\\\/www.youtube.com\\\/channel\\\/UCgeGGkvOMahZo-xu_MSEWxg\"]}]}<\/script>\n<!-- \/ Yoast SEO plugin. -->","yoast_head_json":{"title":"Melatoniini - NATURAL POLAND - RAAKA-AINEIDEN TUKKUJAKELIJA","description":"Melatoniini on t\u00e4rke\u00e4 laaja-alainen ainesosa, joka tukee unen, hermoston ja ruoansulatuskanavan terveytt\u00e4.","robots":{"index":"index","follow":"follow","max-snippet":"max-snippet:-1","max-image-preview":"max-image-preview:large","max-video-preview":"max-video-preview:-1"},"canonical":"https:\/\/naturalpoland.com\/fi\/tuotteet\/laaketeollisuuden-tuotteet\/ravintolisien-ainesosat\/melatoniini\/","og_locale":"fi_FI","og_type":"article","og_title":"Melatoniini - NATURAL POLAND - RAAKA-AINEIDEN TUKKUJAKELIJA","og_description":"Melatoniini on t\u00e4rke\u00e4 laaja-alainen ainesosa, joka tukee unen, hermoston ja ruoansulatuskanavan terveytt\u00e4.","og_url":"https:\/\/naturalpoland.com\/fi\/tuotteet\/laaketeollisuuden-tuotteet\/ravintolisien-ainesosat\/melatoniini\/","og_site_name":"NATURAL POLAND - RAAKA-AINEIDEN TUKKUJAKELIJA","article_publisher":"https:\/\/www.facebook.com\/naturalpoland.b2b","article_modified_time":"2025-07-31T10:13:25+00:00","og_image":[{"width":255,"height":198,"url":"https:\/\/naturalpoland.com\/wp-content\/uploads\/2021\/05\/melatonin.jpg","type":"image\/jpeg"}],"schema":{"@context":"https:\/\/schema.org","@graph":[{"@type":"WebPage","@id":"https:\/\/naturalpoland.com\/fi\/tuotteet\/laaketeollisuuden-tuotteet\/ravintolisien-ainesosat\/melatoniini\/","url":"https:\/\/naturalpoland.com\/fi\/tuotteet\/laaketeollisuuden-tuotteet\/ravintolisien-ainesosat\/melatoniini\/","name":"Melatoniini - NATURAL POLAND - RAAKA-AINEIDEN TUKKUJAKELIJA","isPartOf":{"@id":"https:\/\/naturalpoland.com\/fi\/#website"},"primaryImageOfPage":{"@id":"https:\/\/naturalpoland.com\/fi\/tuotteet\/laaketeollisuuden-tuotteet\/ravintolisien-ainesosat\/melatoniini\/#primaryimage"},"image":{"@id":"https:\/\/naturalpoland.com\/fi\/tuotteet\/laaketeollisuuden-tuotteet\/ravintolisien-ainesosat\/melatoniini\/#primaryimage"},"thumbnailUrl":"https:\/\/naturalpoland.com\/wp-content\/uploads\/melatonina.webp","datePublished":"2021-05-11T11:47:46+00:00","dateModified":"2025-07-31T10:13:25+00:00","description":"Melatoniini on t\u00e4rke\u00e4 laaja-alainen ainesosa, joka tukee unen, hermoston ja ruoansulatuskanavan terveytt\u00e4.","breadcrumb":{"@id":"https:\/\/naturalpoland.com\/fi\/tuotteet\/laaketeollisuuden-tuotteet\/ravintolisien-ainesosat\/melatoniini\/#breadcrumb"},"inLanguage":"fi","potentialAction":[{"@type":"ReadAction","target":["https:\/\/naturalpoland.com\/fi\/tuotteet\/laaketeollisuuden-tuotteet\/ravintolisien-ainesosat\/melatoniini\/"]}]},{"@type":"ImageObject","inLanguage":"fi","@id":"https:\/\/naturalpoland.com\/fi\/tuotteet\/laaketeollisuuden-tuotteet\/ravintolisien-ainesosat\/melatoniini\/#primaryimage","url":"https:\/\/naturalpoland.com\/wp-content\/uploads\/melatonina.webp","contentUrl":"https:\/\/naturalpoland.com\/wp-content\/uploads\/melatonina.webp","width":1024,"height":1024},{"@type":"BreadcrumbList","@id":"https:\/\/naturalpoland.com\/fi\/tuotteet\/laaketeollisuuden-tuotteet\/ravintolisien-ainesosat\/melatoniini\/#breadcrumb","itemListElement":[{"@type":"ListItem","position":1,"name":"Etusivu","item":"https:\/\/naturalpoland.com\/fi\/"},{"@type":"ListItem","position":2,"name":"Tuotteet","item":"https:\/\/naturalpoland.com\/fi\/tuotteet\/"},{"@type":"ListItem","position":3,"name":"Melatoniini"}]},{"@type":"WebSite","@id":"https:\/\/naturalpoland.com\/fi\/#website","url":"https:\/\/naturalpoland.com\/fi\/","name":"NATURAL POLAND - RAAKA-AINEIDEN TUKKUJAKELIJA","description":"Surowce dla przemys\u0142u spo\u017cywczego, kosmetycznego i farmaceutycznego","publisher":{"@id":"https:\/\/naturalpoland.com\/fi\/#organization"},"potentialAction":[{"@type":"SearchAction","target":{"@type":"EntryPoint","urlTemplate":"https:\/\/naturalpoland.com\/fi\/?s={search_term_string}"},"query-input":{"@type":"PropertyValueSpecification","valueRequired":true,"valueName":"search_term_string"}}],"inLanguage":"fi"},{"@type":"Organization","@id":"https:\/\/naturalpoland.com\/fi\/#organization","name":"Natural Poland","url":"https:\/\/naturalpoland.com\/fi\/","logo":{"@type":"ImageObject","inLanguage":"fi","@id":"https:\/\/naturalpoland.com\/fi\/#\/schema\/logo\/image\/","url":"https:\/\/naturalpoland.com\/wp-content\/uploads\/2021\/05\/natural-poland-icon.png","contentUrl":"https:\/\/naturalpoland.com\/wp-content\/uploads\/2021\/05\/natural-poland-icon.png","width":512,"height":512,"caption":"Natural Poland"},"image":{"@id":"https:\/\/naturalpoland.com\/fi\/#\/schema\/logo\/image\/"},"sameAs":["https:\/\/www.facebook.com\/naturalpoland.b2b","https:\/\/pl.linkedin.com\/company\/natural-poland","https:\/\/www.youtube.com\/channel\/UCgeGGkvOMahZo-xu_MSEWxg"]}]}},"_links":{"self":[{"href":"https:\/\/naturalpoland.com\/fi\/wp-json\/wp\/v2\/product\/4981","targetHints":{"allow":["GET"]}}],"collection":[{"href":"https:\/\/naturalpoland.com\/fi\/wp-json\/wp\/v2\/product"}],"about":[{"href":"https:\/\/naturalpoland.com\/fi\/wp-json\/wp\/v2\/types\/product"}],"wp:featuredmedia":[{"embeddable":true,"href":"https:\/\/naturalpoland.com\/fi\/wp-json\/wp\/v2\/media\/44019"}],"wp:attachment":[{"href":"https:\/\/naturalpoland.com\/fi\/wp-json\/wp\/v2\/media?parent=4981"}],"wp:term":[{"taxonomy":"product_brand","embeddable":true,"href":"https:\/\/naturalpoland.com\/fi\/wp-json\/wp\/v2\/product_brand?post=4981"},{"taxonomy":"product_cat","embeddable":true,"href":"https:\/\/naturalpoland.com\/fi\/wp-json\/wp\/v2\/product_cat?post=4981"},{"taxonomy":"product_tag","embeddable":true,"href":"https:\/\/naturalpoland.com\/fi\/wp-json\/wp\/v2\/product_tag?post=4981"}],"curies":[{"name":"wp","href":"https:\/\/api.w.org\/{rel}","templated":true}]}}