{"id":4983,"date":"2021-05-10T15:56:16","date_gmt":"2021-07-12T11:27:37","guid":{"rendered":"https:\/\/naturalpoland.pl\/produkty\/Ei-luokiteltu\/b12-vitamiini\/"},"modified":"2024-06-13T13:18:42","modified_gmt":"2024-06-13T11:18:42","slug":"b12-vitamiini","status":"publish","type":"product","link":"https:\/\/naturalpoland.com\/fi\/tuotteet\/laaketeollisuuden-tuotteet\/vitamiinit\/b12-vitamiini\/","title":{"rendered":"B12-vitamiini"},"content":{"rendered":"<h2>B12-vitamiinin muodot<\/h2>\n<p>B12-vitamiinia on eri muodoissa, ja jokaisella on hieman erilaiset ominaisuudet ja k\u00e4ytt\u00f6tarkoitukset elimist\u00f6ss\u00e4. B12-vitamiinin t\u00e4rkeimm\u00e4t muodot ovat:<\/p>\n<ol>\n<li><a href=\"https:\/\/naturalpoland.com\/fi\/tuotteet\/laaketeollisuuden-tuotteet\/vitamiinit\/syanokobalamiini-usp\/\"><br \/>\n  <strong>Syanokobalamiini<\/strong><br \/>\n<\/a> &#8211; B12-vitamiinin synteettinen muoto, jota k\u00e4ytet\u00e4\u00e4n usein ravintolisiss\u00e4 ja t\u00e4ydennetyiss\u00e4 elintarvikkeissa.<\/li>\n<li><strong>Hydroksikobalamiini<\/strong> &#8211; B12-vitamiinin luonnossa esiintyv\u00e4 muoto, jota k\u00e4ytet\u00e4\u00e4n usein injektioina.<\/li>\n<li><a href=\"https:\/\/naturalpoland.com\/fi\/tuotteet\/laaketeollisuuden-tuotteet\/vitamiinit\/metyylikobalamiini-koentsyymi-b12\/\"><br \/>\n  <strong>Metyylikobalamiini<\/strong><br \/>\n<\/a> &#8211; B12-vitamiinin aktiivinen muoto, joka imeytyy helposti elimist\u00f6\u00f6n ja osallistuu erilaisiin biokemiallisiin prosesseihin, kuten DNA-synteesiin ja metylaatioon.<\/li>\n<li><strong>Adenosyylikobalamiini<\/strong> &#8211; toinen aktiivinen B12-vitamiinin muoto, joka on v\u00e4ltt\u00e4m\u00e4t\u00f6n mitokondrioiden toiminnalle ja solujen energiantuotannolle.<\/li>\n<\/ol>\n<h3><\/h3>\n<h2>B12-vitamiinin perustoiminnot<\/h2>\n<p>B12-vitamiini on v\u00e4ltt\u00e4m\u00e4t\u00f6n punasolujen tuotannossa, mik\u00e4 vaikuttaa suoraan anemian ehk\u00e4isyyn. Sen l\u00e4sn\u00e4olo elimist\u00f6ss\u00e4 tukee my\u00f6s hermoston toimintaa, ja sen puutteet voivat johtaa erilaisiin terveysongelmiin, kuten neurologisiin h\u00e4iri\u00f6ihin.<\/p>\n<h2>K\u00e4ytt\u00f6 lis\u00e4ravinteena<\/h2>\n<p>L\u00e4\u00e4ke- ja ravintolis\u00e4teollisuudessa B12-vitamiinia arvostetaan sen v\u00e4symyst\u00e4 ja v\u00e4symyst\u00e4 v\u00e4hent\u00e4vien ominaisuuksien vuoksi, mik\u00e4 tekee siit\u00e4 ihanteellisen ainesosan tuotteissa, jotka on tarkoitettu aktiivisen el\u00e4m\u00e4ntavan omaaville ihmisille. Se auttaa my\u00f6s yll\u00e4pit\u00e4m\u00e4\u00e4n optimaalista henkist\u00e4 kuntoa tukemalla kognitiivisia toimintoja, kuten keskittymist\u00e4 ja muistia.<\/p>\n<p><strong>Edut urheilijoille ja aktiivisille ihmisille<\/strong><\/p>\n<p>B12-vitamiinia suositellaan erityisesti urheilijoille ja fyysisesti aktiivisille henkil\u00f6ille, koska sill\u00e4 on t\u00e4rke\u00e4 rooli energia-aineenvaihdunnassa. Se edist\u00e4\u00e4 energian tehokkaampaa k\u00e4ytt\u00f6\u00e4 kehossa, mik\u00e4 on ratkaisevan t\u00e4rke\u00e4\u00e4 intensiivisen harjoittelun aikana ja harjoittelun j\u00e4lkeisen palautumisjakson aikana.<\/p>\n<p><strong>Immuunij\u00e4rjestelm\u00e4n tukeminen<\/strong><\/p>\n<p>Lis\u00e4ksi B12-vitamiinilla on t\u00e4rke\u00e4 rooli immuunij\u00e4rjestelm\u00e4n toiminnassa. Se auttaa pit\u00e4m\u00e4\u00e4n sen kunnolla toiminnassa, mik\u00e4 on erityisen t\u00e4rke\u00e4\u00e4 n\u00e4in\u00e4 aikoina, jolloin terveydest\u00e4 ja vastustuskyvyst\u00e4 on tullut ensisijainen tavoite.<\/p>\n<p><strong>Ratkaisut kasvisruokavalioon ja vegaaniruokavalioon<\/strong><\/p>\n<p>B12-vitamiini on my\u00f6s keskeinen ainesosa kasvis- ja vegaaniruokavaliossa, jossa vitamiinin luonnolliset l\u00e4hteet ovat rajalliset. B12-vitamiinilis\u00e4 on siksi usein tarpeen B12-vitamiinin puutteen ja siihen liittyvien terveysongelmien ehk\u00e4isemiseksi.<\/p>\n","protected":false},"excerpt":{"rendered":"<p>Olemme johtava maahantuoja raaka-aineille ravintolisien, vitamiinien, kosmetiikan sek\u00e4 elintarviketeollisuuden alan tuotteiden valmistamiseen. Yksi tuotteistamme on B12-vitamiini, jota k\u00e4ytet\u00e4\u00e4n p\u00e4\u00e4asiassa l\u00e4\u00e4keteollisuudessa. <\/p>\n","protected":false},"featured_media":4984,"template":"","meta":{"_acf_changed":false},"product_brand":[],"product_cat":[537],"product_tag":[],"class_list":{"0":"post-4983","1":"product","2":"type-product","3":"status-publish","4":"has-post-thumbnail","6":"product_cat-vitamiinit","8":"first","9":"instock","10":"shipping-taxable","11":"product-type-simple"},"acf":[],"yoast_head":"<!-- This site is optimized with the Yoast SEO plugin v27.5 - https:\/\/yoast.com\/product\/yoast-seo-wordpress\/ -->\n<title>B12-vitamiini - NATURAL POLAND - RAAKA-AINEIDEN TUKKUJAKELIJA<\/title>\n<meta name=\"robots\" content=\"index, follow, max-snippet:-1, max-image-preview:large, max-video-preview:-1\" \/>\n<link rel=\"canonical\" href=\"https:\/\/naturalpoland.com\/fi\/tuotteet\/laaketeollisuuden-tuotteet\/vitamiinit\/b12-vitamiini\/\" \/>\n<meta property=\"og:locale\" content=\"fi_FI\" \/>\n<meta property=\"og:type\" content=\"article\" \/>\n<meta property=\"og:title\" content=\"B12-vitamiini - NATURAL POLAND - RAAKA-AINEIDEN TUKKUJAKELIJA\" \/>\n<meta property=\"og:description\" content=\"Olemme johtava maahantuoja raaka-aineille ravintolisien, vitamiinien, kosmetiikan sek\u00e4 elintarviketeollisuuden alan tuotteiden valmistamiseen. Yksi tuotteistamme on B12-vitamiini, jota k\u00e4ytet\u00e4\u00e4n p\u00e4\u00e4asiassa l\u00e4\u00e4keteollisuudessa.\" \/>\n<meta property=\"og:url\" content=\"https:\/\/naturalpoland.com\/fi\/tuotteet\/laaketeollisuuden-tuotteet\/vitamiinit\/b12-vitamiini\/\" \/>\n<meta property=\"og:site_name\" content=\"NATURAL POLAND - RAAKA-AINEIDEN TUKKUJAKELIJA\" \/>\n<meta property=\"article:publisher\" content=\"https:\/\/www.facebook.com\/naturalpoland.b2b\" \/>\n<meta property=\"article:modified_time\" content=\"2024-06-13T11:18:42+00:00\" \/>\n<meta property=\"og:image\" content=\"https:\/\/naturalpoland.com\/wp-content\/uploads\/2021\/05\/witamina-b12-hurt.jpg\" \/>\n\t<meta property=\"og:image:width\" content=\"455\" \/>\n\t<meta property=\"og:image:height\" content=\"427\" \/>\n\t<meta property=\"og:image:type\" content=\"image\/jpeg\" \/>\n<script type=\"application\/ld+json\" class=\"yoast-schema-graph\">{\"@context\":\"https:\\\/\\\/schema.org\",\"@graph\":[{\"@type\":\"WebPage\",\"@id\":\"https:\\\/\\\/naturalpoland.com\\\/fi\\\/tuotteet\\\/laaketeollisuuden-tuotteet\\\/vitamiinit\\\/b12-vitamiini\\\/\",\"url\":\"https:\\\/\\\/naturalpoland.com\\\/fi\\\/tuotteet\\\/laaketeollisuuden-tuotteet\\\/vitamiinit\\\/b12-vitamiini\\\/\",\"name\":\"B12-vitamiini - NATURAL POLAND - RAAKA-AINEIDEN TUKKUJAKELIJA\",\"isPartOf\":{\"@id\":\"https:\\\/\\\/naturalpoland.com\\\/fi\\\/#website\"},\"primaryImageOfPage\":{\"@id\":\"https:\\\/\\\/naturalpoland.com\\\/fi\\\/tuotteet\\\/laaketeollisuuden-tuotteet\\\/vitamiinit\\\/b12-vitamiini\\\/#primaryimage\"},\"image\":{\"@id\":\"https:\\\/\\\/naturalpoland.com\\\/fi\\\/tuotteet\\\/laaketeollisuuden-tuotteet\\\/vitamiinit\\\/b12-vitamiini\\\/#primaryimage\"},\"thumbnailUrl\":\"https:\\\/\\\/naturalpoland.com\\\/wp-content\\\/uploads\\\/2021\\\/05\\\/witamina-b12-hurt.jpg\",\"datePublished\":\"2021-07-12T11:27:37+00:00\",\"dateModified\":\"2024-06-13T11:18:42+00:00\",\"breadcrumb\":{\"@id\":\"https:\\\/\\\/naturalpoland.com\\\/fi\\\/tuotteet\\\/laaketeollisuuden-tuotteet\\\/vitamiinit\\\/b12-vitamiini\\\/#breadcrumb\"},\"inLanguage\":\"fi\",\"potentialAction\":[{\"@type\":\"ReadAction\",\"target\":[\"https:\\\/\\\/naturalpoland.com\\\/fi\\\/tuotteet\\\/laaketeollisuuden-tuotteet\\\/vitamiinit\\\/b12-vitamiini\\\/\"]}]},{\"@type\":\"ImageObject\",\"inLanguage\":\"fi\",\"@id\":\"https:\\\/\\\/naturalpoland.com\\\/fi\\\/tuotteet\\\/laaketeollisuuden-tuotteet\\\/vitamiinit\\\/b12-vitamiini\\\/#primaryimage\",\"url\":\"https:\\\/\\\/naturalpoland.com\\\/wp-content\\\/uploads\\\/2021\\\/05\\\/witamina-b12-hurt.jpg\",\"contentUrl\":\"https:\\\/\\\/naturalpoland.com\\\/wp-content\\\/uploads\\\/2021\\\/05\\\/witamina-b12-hurt.jpg\",\"width\":455,\"height\":427},{\"@type\":\"BreadcrumbList\",\"@id\":\"https:\\\/\\\/naturalpoland.com\\\/fi\\\/tuotteet\\\/laaketeollisuuden-tuotteet\\\/vitamiinit\\\/b12-vitamiini\\\/#breadcrumb\",\"itemListElement\":[{\"@type\":\"ListItem\",\"position\":1,\"name\":\"Etusivu\",\"item\":\"https:\\\/\\\/naturalpoland.com\\\/fi\\\/\"},{\"@type\":\"ListItem\",\"position\":2,\"name\":\"Tuotteet\",\"item\":\"https:\\\/\\\/naturalpoland.com\\\/fi\\\/tuotteet\\\/\"},{\"@type\":\"ListItem\",\"position\":3,\"name\":\"B12-vitamiini\"}]},{\"@type\":\"WebSite\",\"@id\":\"https:\\\/\\\/naturalpoland.com\\\/fi\\\/#website\",\"url\":\"https:\\\/\\\/naturalpoland.com\\\/fi\\\/\",\"name\":\"NATURAL POLAND - RAAKA-AINEIDEN TUKKUJAKELIJA\",\"description\":\"Surowce dla przemys\u0142u spo\u017cywczego, kosmetycznego i farmaceutycznego\",\"publisher\":{\"@id\":\"https:\\\/\\\/naturalpoland.com\\\/fi\\\/#organization\"},\"potentialAction\":[{\"@type\":\"SearchAction\",\"target\":{\"@type\":\"EntryPoint\",\"urlTemplate\":\"https:\\\/\\\/naturalpoland.com\\\/fi\\\/?s={search_term_string}\"},\"query-input\":{\"@type\":\"PropertyValueSpecification\",\"valueRequired\":true,\"valueName\":\"search_term_string\"}}],\"inLanguage\":\"fi\"},{\"@type\":\"Organization\",\"@id\":\"https:\\\/\\\/naturalpoland.com\\\/fi\\\/#organization\",\"name\":\"Natural Poland\",\"url\":\"https:\\\/\\\/naturalpoland.com\\\/fi\\\/\",\"logo\":{\"@type\":\"ImageObject\",\"inLanguage\":\"fi\",\"@id\":\"https:\\\/\\\/naturalpoland.com\\\/fi\\\/#\\\/schema\\\/logo\\\/image\\\/\",\"url\":\"https:\\\/\\\/naturalpoland.com\\\/wp-content\\\/uploads\\\/2021\\\/05\\\/natural-poland-icon.png\",\"contentUrl\":\"https:\\\/\\\/naturalpoland.com\\\/wp-content\\\/uploads\\\/2021\\\/05\\\/natural-poland-icon.png\",\"width\":512,\"height\":512,\"caption\":\"Natural Poland\"},\"image\":{\"@id\":\"https:\\\/\\\/naturalpoland.com\\\/fi\\\/#\\\/schema\\\/logo\\\/image\\\/\"},\"sameAs\":[\"https:\\\/\\\/www.facebook.com\\\/naturalpoland.b2b\",\"https:\\\/\\\/pl.linkedin.com\\\/company\\\/natural-poland\",\"https:\\\/\\\/www.youtube.com\\\/channel\\\/UCgeGGkvOMahZo-xu_MSEWxg\"]}]}<\/script>\n<!-- \/ Yoast SEO plugin. -->","yoast_head_json":{"title":"B12-vitamiini - NATURAL POLAND - RAAKA-AINEIDEN TUKKUJAKELIJA","robots":{"index":"index","follow":"follow","max-snippet":"max-snippet:-1","max-image-preview":"max-image-preview:large","max-video-preview":"max-video-preview:-1"},"canonical":"https:\/\/naturalpoland.com\/fi\/tuotteet\/laaketeollisuuden-tuotteet\/vitamiinit\/b12-vitamiini\/","og_locale":"fi_FI","og_type":"article","og_title":"B12-vitamiini - NATURAL POLAND - RAAKA-AINEIDEN TUKKUJAKELIJA","og_description":"Olemme johtava maahantuoja raaka-aineille ravintolisien, vitamiinien, kosmetiikan sek\u00e4 elintarviketeollisuuden alan tuotteiden valmistamiseen. Yksi tuotteistamme on B12-vitamiini, jota k\u00e4ytet\u00e4\u00e4n p\u00e4\u00e4asiassa l\u00e4\u00e4keteollisuudessa.","og_url":"https:\/\/naturalpoland.com\/fi\/tuotteet\/laaketeollisuuden-tuotteet\/vitamiinit\/b12-vitamiini\/","og_site_name":"NATURAL POLAND - RAAKA-AINEIDEN TUKKUJAKELIJA","article_publisher":"https:\/\/www.facebook.com\/naturalpoland.b2b","article_modified_time":"2024-06-13T11:18:42+00:00","og_image":[{"width":455,"height":427,"url":"https:\/\/naturalpoland.com\/wp-content\/uploads\/2021\/05\/witamina-b12-hurt.jpg","type":"image\/jpeg"}],"schema":{"@context":"https:\/\/schema.org","@graph":[{"@type":"WebPage","@id":"https:\/\/naturalpoland.com\/fi\/tuotteet\/laaketeollisuuden-tuotteet\/vitamiinit\/b12-vitamiini\/","url":"https:\/\/naturalpoland.com\/fi\/tuotteet\/laaketeollisuuden-tuotteet\/vitamiinit\/b12-vitamiini\/","name":"B12-vitamiini - NATURAL POLAND - RAAKA-AINEIDEN TUKKUJAKELIJA","isPartOf":{"@id":"https:\/\/naturalpoland.com\/fi\/#website"},"primaryImageOfPage":{"@id":"https:\/\/naturalpoland.com\/fi\/tuotteet\/laaketeollisuuden-tuotteet\/vitamiinit\/b12-vitamiini\/#primaryimage"},"image":{"@id":"https:\/\/naturalpoland.com\/fi\/tuotteet\/laaketeollisuuden-tuotteet\/vitamiinit\/b12-vitamiini\/#primaryimage"},"thumbnailUrl":"https:\/\/naturalpoland.com\/wp-content\/uploads\/2021\/05\/witamina-b12-hurt.jpg","datePublished":"2021-07-12T11:27:37+00:00","dateModified":"2024-06-13T11:18:42+00:00","breadcrumb":{"@id":"https:\/\/naturalpoland.com\/fi\/tuotteet\/laaketeollisuuden-tuotteet\/vitamiinit\/b12-vitamiini\/#breadcrumb"},"inLanguage":"fi","potentialAction":[{"@type":"ReadAction","target":["https:\/\/naturalpoland.com\/fi\/tuotteet\/laaketeollisuuden-tuotteet\/vitamiinit\/b12-vitamiini\/"]}]},{"@type":"ImageObject","inLanguage":"fi","@id":"https:\/\/naturalpoland.com\/fi\/tuotteet\/laaketeollisuuden-tuotteet\/vitamiinit\/b12-vitamiini\/#primaryimage","url":"https:\/\/naturalpoland.com\/wp-content\/uploads\/2021\/05\/witamina-b12-hurt.jpg","contentUrl":"https:\/\/naturalpoland.com\/wp-content\/uploads\/2021\/05\/witamina-b12-hurt.jpg","width":455,"height":427},{"@type":"BreadcrumbList","@id":"https:\/\/naturalpoland.com\/fi\/tuotteet\/laaketeollisuuden-tuotteet\/vitamiinit\/b12-vitamiini\/#breadcrumb","itemListElement":[{"@type":"ListItem","position":1,"name":"Etusivu","item":"https:\/\/naturalpoland.com\/fi\/"},{"@type":"ListItem","position":2,"name":"Tuotteet","item":"https:\/\/naturalpoland.com\/fi\/tuotteet\/"},{"@type":"ListItem","position":3,"name":"B12-vitamiini"}]},{"@type":"WebSite","@id":"https:\/\/naturalpoland.com\/fi\/#website","url":"https:\/\/naturalpoland.com\/fi\/","name":"NATURAL POLAND - RAAKA-AINEIDEN TUKKUJAKELIJA","description":"Surowce dla przemys\u0142u spo\u017cywczego, kosmetycznego i farmaceutycznego","publisher":{"@id":"https:\/\/naturalpoland.com\/fi\/#organization"},"potentialAction":[{"@type":"SearchAction","target":{"@type":"EntryPoint","urlTemplate":"https:\/\/naturalpoland.com\/fi\/?s={search_term_string}"},"query-input":{"@type":"PropertyValueSpecification","valueRequired":true,"valueName":"search_term_string"}}],"inLanguage":"fi"},{"@type":"Organization","@id":"https:\/\/naturalpoland.com\/fi\/#organization","name":"Natural Poland","url":"https:\/\/naturalpoland.com\/fi\/","logo":{"@type":"ImageObject","inLanguage":"fi","@id":"https:\/\/naturalpoland.com\/fi\/#\/schema\/logo\/image\/","url":"https:\/\/naturalpoland.com\/wp-content\/uploads\/2021\/05\/natural-poland-icon.png","contentUrl":"https:\/\/naturalpoland.com\/wp-content\/uploads\/2021\/05\/natural-poland-icon.png","width":512,"height":512,"caption":"Natural Poland"},"image":{"@id":"https:\/\/naturalpoland.com\/fi\/#\/schema\/logo\/image\/"},"sameAs":["https:\/\/www.facebook.com\/naturalpoland.b2b","https:\/\/pl.linkedin.com\/company\/natural-poland","https:\/\/www.youtube.com\/channel\/UCgeGGkvOMahZo-xu_MSEWxg"]}]}},"_links":{"self":[{"href":"https:\/\/naturalpoland.com\/fi\/wp-json\/wp\/v2\/product\/4983","targetHints":{"allow":["GET"]}}],"collection":[{"href":"https:\/\/naturalpoland.com\/fi\/wp-json\/wp\/v2\/product"}],"about":[{"href":"https:\/\/naturalpoland.com\/fi\/wp-json\/wp\/v2\/types\/product"}],"wp:featuredmedia":[{"embeddable":true,"href":"https:\/\/naturalpoland.com\/fi\/wp-json\/wp\/v2\/media\/4984"}],"wp:attachment":[{"href":"https:\/\/naturalpoland.com\/fi\/wp-json\/wp\/v2\/media?parent=4983"}],"wp:term":[{"taxonomy":"product_brand","embeddable":true,"href":"https:\/\/naturalpoland.com\/fi\/wp-json\/wp\/v2\/product_brand?post=4983"},{"taxonomy":"product_cat","embeddable":true,"href":"https:\/\/naturalpoland.com\/fi\/wp-json\/wp\/v2\/product_cat?post=4983"},{"taxonomy":"product_tag","embeddable":true,"href":"https:\/\/naturalpoland.com\/fi\/wp-json\/wp\/v2\/product_tag?post=4983"}],"curies":[{"name":"wp","href":"https:\/\/api.w.org\/{rel}","templated":true}]}}