{"id":4986,"date":"2021-05-11T13:36:36","date_gmt":"2021-07-12T11:33:09","guid":{"rendered":"https:\/\/naturalpoland.pl\/produkty\/Ei-luokiteltu\/biotiini\/"},"modified":"2024-08-08T14:55:49","modified_gmt":"2024-08-08T12:55:49","slug":"biotiini","status":"publish","type":"product","link":"https:\/\/naturalpoland.com\/fi\/tuotteet\/laaketeollisuuden-tuotteet\/vitamiinit\/biotiini\/","title":{"rendered":"Biotiini"},"content":{"rendered":"<h2>Biotiini kosmetiikassa &#8211; iholle, hiuksille, kynsille<\/h2>\n<p>  Kosmetiikkateollisuudessa biotiinia arvostetaan l\u00e4hinn\u00e4 sen <strong>hiusten ja kynsien terveyteen<\/strong> kohdistuvien vaikutusten vuoksi.<br \/>\nSe vaikuttaa suotuisasti hiusten kuntoon, ehk\u00e4isee hiustenl\u00e4ht\u00f6\u00e4 ja edist\u00e4\u00e4 hiusten kasvua.<br \/>\nSill\u00e4 on my\u00f6s kynsi\u00e4 vahvistava vaikutus, joka est\u00e4\u00e4 niiden haurastumista ja halkeilua.<br \/>\nN\u00e4iden ominaisuuksien ansiosta biotiini on yleinen ainesosa <strong>shampoissa<\/strong>, <strong>hiustenhoitoaineissa<\/strong> ja <strong>ravintolisiss\u00e4<\/strong>, jotka on tarkoitettu ihon, hiusten ja kynsien kunnon parantamiseen.     <\/p>\n<h2>Biotiini l\u00e4\u00e4ketieteess\u00e4<\/h2>\n<p>  Vaikka biotiini yhdistet\u00e4\u00e4n yleisesti hiusten ja kynsien lis\u00e4ravinteeksi, sill\u00e4 on my\u00f6s t\u00e4rke\u00e4 rooli monissa aineenvaihduntaprosesseissa.<br \/>\nKarboksylaasien koentsyymin\u00e4 se osallistuu solujen signaalinsiirtoon ja geeniekspressioon. <strong>Biotiini on hy\u00f6dyllist\u00e4 hermostolle, ja <\/strong>sit\u00e4 suositellaan liiallisen stressin ja hermostuneisuuden kanssa kamppaileville. <strong>Toinen biotiinin arvokas ominaisuus on sen rooli glukoosiaineenvaihdunnassa<\/strong>.<br \/>\nSe s\u00e4\u00e4telee glukoosin muuntumista maksaan varastoituneeksi glykogeeniksi.<br \/>\nKun diabetesta sairastavat ihmiset t\u00e4ydent\u00e4v\u00e4t sit\u00e4, biotiini voi auttaa yll\u00e4pit\u00e4m\u00e4\u00e4n normaalia verensokeria.<br \/>\nSe on my\u00f6s ratkaisevan t\u00e4rke\u00e4\u00e4 kilpirauhasen asianmukaisen toiminnan kannalta ja sill\u00e4 on t\u00e4rke\u00e4 merkitys <strong>veren hyytymisprosessissa<\/strong>, kun se muodostaa yhdess\u00e4 protrombiinia.      &nbsp;<\/p>\n<p><img decoding=\"async\" class=\"aligncenter size-full wp-image-17141\" src=\"https:\/\/naturalpoland.com\/wp-content\/uploads\/Biotyna-wlasciwosci-i-efekty-stosowania.jpg\" alt=\"Biotiini kapselit\" width=\"1000\" height=\"522\" srcset=\"https:\/\/naturalpoland.com\/wp-content\/uploads\/Biotyna-wlasciwosci-i-efekty-stosowania.jpg 1000w, https:\/\/naturalpoland.com\/wp-content\/uploads\/Biotyna-wlasciwosci-i-efekty-stosowania-510x266.jpg 510w, https:\/\/naturalpoland.com\/wp-content\/uploads\/Biotyna-wlasciwosci-i-efekty-stosowania-300x157.jpg 300w, https:\/\/naturalpoland.com\/wp-content\/uploads\/Biotyna-wlasciwosci-i-efekty-stosowania-768x401.jpg 768w\" sizes=\"(max-width: 1000px) 100vw, 1000px\" \/><\/p>\n<p>&nbsp;<\/p>\n<h2 class=\"wp-block-heading\">Kuinka paljon biotiinia p\u00e4iv\u00e4ss\u00e4?<\/h2>\n<p>  Kuten muutkin vitamiinit, biotiini tulee elimist\u00f6\u00f6n p\u00e4\u00e4asiassa ravinnon kautta.<br \/>\n<strong>Aikuisten p\u00e4ivitt\u00e4inen B7-vitamiinin tarve on noin 30 \u03bcg<\/strong>, ja se voidaan yleens\u00e4 kattaa terveellisell\u00e4 ja tasapainoisella ruokavaliolla.<br \/>\nToisin kuin <strong><a href=\"https:\/\/naturalpoland.com\/produkty\/produkty-dla-przemyslu-farmaceutycznego-i-medycznego\/witaminy\/witamina-b12\/\">B12-vitamiini<\/a><\/strong>biotiini ei my\u00f6sk\u00e4\u00e4n vaadi lis\u00e4ravintoa vegaani- ja kasvisruokavaliossa.    <\/p>\n<h2 class=\"wp-block-heading\">Mit\u00e4 biotiini sis\u00e4lt\u00e4\u00e4?<\/h2>\n<p>  Biotiinia ei l\u00f6ydy ainoastaan<br \/>\n<strong>zoonoottisissa elintarvikkeissa<\/strong> (esim. munankeltuaiset, sis\u00e4elimet, kala, maito ja rasvaton juusto), vaan my\u00f6s kasviper\u00e4isiss\u00e4<strong>elintarvikkeissa<\/strong>.<br \/>\n<strong>kasvituotteissa<\/strong>: hedelmiss\u00e4 (esim. banaanit, vesimeloni, viiniryp\u00e4leet, persikat), <strong>vihanneksissa <\/strong>(esim. tomaatit, porkkanat) sek\u00e4 <strong>palkokasveissa<\/strong>, <strong>sieniss\u00e4 <\/strong>ja <strong>p\u00e4hkin\u00f6iss\u00e4<\/strong>.    <\/p>\n<h2 class=\"wp-block-heading\">Biotiinin puutos &#8211; oireet<\/h2>\n<p>  Vaikka B7-vitamiinia on eritt\u00e4in helppo toimittaa elimist\u00f6\u00f6n, joillakin ihmisill\u00e4 voi olla ongelmia t\u00e4m\u00e4n ravintoaineen imeytymisess\u00e4.<br \/>\nBiotiinin puutetta voi esiinty\u00e4 raskaana olevilla naisilla, nikotiini- tai alkoholiriippuvaisilla, tiettyj\u00e4 l\u00e4\u00e4kkeit\u00e4 k\u00e4ytt\u00e4vill\u00e4 tai raakaa munankeltuaista nauttivilla henkil\u00f6ill\u00e4.<br \/>\nJ\u00e4lkimm\u00e4iset, toisin kuin l\u00e4mp\u00f6k\u00e4sitellyt keltuaiset, sis\u00e4lt\u00e4v\u00e4t avidiinia, joka sitoo biotiinia ja est\u00e4\u00e4 sen imeytymisen elimist\u00f6\u00f6n.<br \/>\n <strong>Biotiinin puutteen<\/strong> tyypillisimpi\u00e4 <strong>sivuvaikutuksia<\/strong> ovat ihon harmaantuminen, ihon kuoriutuminen ja hiustenl\u00e4ht\u00f6. <strong>Biotiinin puute<\/strong> ei vaikuta ainoastaan ulkon\u00e4k\u00f6\u00f6mme, vaan se voi aiheuttaa my\u00f6s hermostollisia sivuvaikutuksia.<br \/>\nN\u00e4it\u00e4 ovat muun muassa letargia, apatia, kouristukset, masennus, ahdistuneisuus ja krooninen v\u00e4symys.<br \/>\nJos ep\u00e4ill\u00e4\u00e4n mahdollista puutosta <a href=\"https:\/\/naturalpoland.pl\/kategoria\/produkty-dla-przemyslu-farmaceutycznego-i-medycznego\/witaminy\/\"><strong>vitamiini<\/strong><\/a> B7-vitamiinin puutosta ep\u00e4ill\u00e4\u00e4n, esimerkiksi raskaana olevien naisten hermostuneessa j\u00e4nnittyneisyydess\u00e4, my\u00f6s sen t\u00e4ydent\u00e4misest\u00e4 on hy\u00f6ty\u00e4 n\u00e4iden oireiden torjunnassa.       <\/p>\n<h2 class=\"wp-block-heading\">Biotiini &#8211; haittavaikutukset<\/h2>\n<p>  Biotiini aiheuttaa harvoin haittavaikutuksia.<br \/>\nSe on vesiliukoinen vitamiini, joten ylim\u00e4\u00e4r\u00e4inen m\u00e4\u00e4r\u00e4 poistuu helposti virtsaan.<br \/>\nSuurten annosten pitk\u00e4aikaisessa k\u00e4yt\u00f6ss\u00e4 voi kuitenkin esiinty\u00e4 lievi\u00e4 ruoansulatuskanavan vaivoja &#8211; vatsakipuja, pahoinvointia, ripulia tai mielialan vaihtelua.<br \/>\nOn kuitenkin t\u00e4rke\u00e4\u00e4 huomata, ett\u00e4 biotiini voi vaikuttaa joidenkin laboratoriokokeiden tuloksiin.<br \/>\nB7-vitamiinia k\u00e4ytt\u00e4vien henkil\u00f6iden on lopetettava lis\u00e4ravinteen k\u00e4ytt\u00f6 ennen kilpirauhas-, gonadotropiini- ja D-vitamiinikokeita &#8211; muutoin saadut tulokset voivat olla yli- tai aliarvioituja todellisiin arvoihin n\u00e4hden.<br \/>\nMarkkinoilla on saatavilla lukuisia biotiinia sis\u00e4lt\u00e4vi\u00e4 valmisteita sek\u00e4 ravintolisien ett\u00e4 kosmetiikan muodossa.<br \/>\nEnnen biotiinilis\u00e4yksen aloittamista on kuitenkin suositeltavaa neuvotella l\u00e4\u00e4k\u00e4rin tai apteekkihenkil\u00f6kunnan kanssa.<br \/>\nT\u00e4llainen neuvonta auttaa varmistamaan, ett\u00e4 lis\u00e4ravinteen ottaminen on turvallista ja tehokasta, ja se auttaa my\u00f6s r\u00e4\u00e4t\u00e4l\u00f6im\u00e4\u00e4n sopivan annoksen k\u00e4ytt\u00e4j\u00e4n yksil\u00f6llisiin tarpeisiin. &nbsp;<\/p>\n<hr>\n<p><strong>Bibliografia:<\/strong> Bistas KG, Tadi P. (2020) Biotiini.<br \/>\nStatPearls Publishing, Treasure Island (FL) https:\/\/europepmc.org\/article\/nbk\/nbk554493 Patel DP, Swink SM, Castelo-Soccio L. (2017) A Review of the Use of Biotin for Hair Loss.<br \/>\nSkin Appendage Disord.<br \/>\n3: 166-169.<br \/>\n3.<br \/>\nhttps:\/\/zywienie.medonet.pl\/skladniki-odzywcze\/witaminy-i-mineraly\/biotyna-wlasciwosci-objawy-niedoboru-zrodla-witaminy-b7\/              <\/p>\n<hr>\n<h5 class=\"author-name uppercase pt-half\"><strong>DR N. FARM.<br \/>\nKATARZYNA KIMEL <\/strong><\/h5>\n<p class=\"author-desc small\">Farmaseuttisten tieteiden tohtori, jonka tieteelliset kiinnostuksen kohteet keskittyv\u00e4t kasvil\u00e4\u00e4kkeiden ja luonnosta per\u00e4isin olevien biologisesti aktiivisten aineiden tutkimiseen.<br \/>\nH\u00e4n rakastaa matkustamista ja vapaa-ajan viett\u00e4mist\u00e4 luonnossa. <\/p>\n","protected":false},"excerpt":{"rendered":"<p><strong>Biotiini<\/strong>, joka tunnetaan my\u00f6s nimell\u00e4 <strong>B7-vitamiini<\/strong> tai <strong>H-vitamiini.<\/strong> T\u00e4m\u00e4 kemiallinen yhdiste on saanut tunnustusta lukuisista terveys- ja kauneusvaikutuksistaan.<br \/>\nSe on monien ravintolisien ja kosmetiikan ainesosa. <\/p>\n","protected":false},"featured_media":31195,"template":"","meta":{"_acf_changed":false},"product_brand":[],"product_cat":[537],"product_tag":[],"class_list":{"0":"post-4986","1":"product","2":"type-product","3":"status-publish","4":"has-post-thumbnail","6":"product_cat-vitamiinit","8":"first","9":"instock","10":"shipping-taxable","11":"product-type-simple"},"acf":[],"yoast_head":"<!-- This site is optimized with the Yoast SEO plugin v27.4 - https:\/\/yoast.com\/product\/yoast-seo-wordpress\/ -->\n<title>Biotiini - NATURAL POLAND - RAAKA-AINEIDEN TUKKUJAKELIJA<\/title>\n<meta name=\"description\" content=\"Biotiini, joka tunnetaan my\u00f6s nimell\u00e4 B7-vitamiini tai H-vitamiini, on kemiallinen yhdiste, jota arvostetaan sek\u00e4 l\u00e4\u00e4ketieteess\u00e4 ett\u00e4 kosmetiikassa.\" \/>\n<meta name=\"robots\" content=\"index, follow, max-snippet:-1, max-image-preview:large, max-video-preview:-1\" \/>\n<link rel=\"canonical\" href=\"https:\/\/naturalpoland.com\/fi\/tuotteet\/laaketeollisuuden-tuotteet\/vitamiinit\/biotiini\/\" \/>\n<meta property=\"og:locale\" content=\"fi_FI\" \/>\n<meta property=\"og:type\" content=\"article\" \/>\n<meta property=\"og:title\" content=\"Biotiini - NATURAL POLAND - RAAKA-AINEIDEN TUKKUJAKELIJA\" \/>\n<meta property=\"og:description\" content=\"Biotiini, joka tunnetaan my\u00f6s nimell\u00e4 B7-vitamiini tai H-vitamiini, on kemiallinen yhdiste, jota arvostetaan sek\u00e4 l\u00e4\u00e4ketieteess\u00e4 ett\u00e4 kosmetiikassa.\" \/>\n<meta property=\"og:url\" content=\"https:\/\/naturalpoland.com\/fi\/tuotteet\/laaketeollisuuden-tuotteet\/vitamiinit\/biotiini\/\" \/>\n<meta property=\"og:site_name\" content=\"NATURAL POLAND - RAAKA-AINEIDEN TUKKUJAKELIJA\" \/>\n<meta property=\"article:publisher\" content=\"https:\/\/www.facebook.com\/naturalpoland.b2b\" \/>\n<meta property=\"article:modified_time\" content=\"2024-08-08T12:55:49+00:00\" \/>\n<meta property=\"og:image\" content=\"https:\/\/naturalpoland.com\/wp-content\/uploads\/biotyna.webp\" \/>\n\t<meta property=\"og:image:width\" content=\"619\" \/>\n\t<meta property=\"og:image:height\" content=\"619\" \/>\n\t<meta property=\"og:image:type\" content=\"image\/webp\" \/>\n<script type=\"application\/ld+json\" class=\"yoast-schema-graph\">{\"@context\":\"https:\\\/\\\/schema.org\",\"@graph\":[{\"@type\":\"WebPage\",\"@id\":\"https:\\\/\\\/naturalpoland.com\\\/fi\\\/tuotteet\\\/laaketeollisuuden-tuotteet\\\/vitamiinit\\\/biotiini\\\/\",\"url\":\"https:\\\/\\\/naturalpoland.com\\\/fi\\\/tuotteet\\\/laaketeollisuuden-tuotteet\\\/vitamiinit\\\/biotiini\\\/\",\"name\":\"Biotiini - NATURAL POLAND - RAAKA-AINEIDEN TUKKUJAKELIJA\",\"isPartOf\":{\"@id\":\"https:\\\/\\\/naturalpoland.com\\\/fi\\\/#website\"},\"primaryImageOfPage\":{\"@id\":\"https:\\\/\\\/naturalpoland.com\\\/fi\\\/tuotteet\\\/laaketeollisuuden-tuotteet\\\/vitamiinit\\\/biotiini\\\/#primaryimage\"},\"image\":{\"@id\":\"https:\\\/\\\/naturalpoland.com\\\/fi\\\/tuotteet\\\/laaketeollisuuden-tuotteet\\\/vitamiinit\\\/biotiini\\\/#primaryimage\"},\"thumbnailUrl\":\"https:\\\/\\\/naturalpoland.com\\\/wp-content\\\/uploads\\\/biotyna.webp\",\"datePublished\":\"2021-07-12T11:33:09+00:00\",\"dateModified\":\"2024-08-08T12:55:49+00:00\",\"description\":\"Biotiini, joka tunnetaan my\u00f6s nimell\u00e4 B7-vitamiini tai H-vitamiini, on kemiallinen yhdiste, jota arvostetaan sek\u00e4 l\u00e4\u00e4ketieteess\u00e4 ett\u00e4 kosmetiikassa.\",\"breadcrumb\":{\"@id\":\"https:\\\/\\\/naturalpoland.com\\\/fi\\\/tuotteet\\\/laaketeollisuuden-tuotteet\\\/vitamiinit\\\/biotiini\\\/#breadcrumb\"},\"inLanguage\":\"fi\",\"potentialAction\":[{\"@type\":\"ReadAction\",\"target\":[\"https:\\\/\\\/naturalpoland.com\\\/fi\\\/tuotteet\\\/laaketeollisuuden-tuotteet\\\/vitamiinit\\\/biotiini\\\/\"]}]},{\"@type\":\"ImageObject\",\"inLanguage\":\"fi\",\"@id\":\"https:\\\/\\\/naturalpoland.com\\\/fi\\\/tuotteet\\\/laaketeollisuuden-tuotteet\\\/vitamiinit\\\/biotiini\\\/#primaryimage\",\"url\":\"https:\\\/\\\/naturalpoland.com\\\/wp-content\\\/uploads\\\/biotyna.webp\",\"contentUrl\":\"https:\\\/\\\/naturalpoland.com\\\/wp-content\\\/uploads\\\/biotyna.webp\",\"width\":619,\"height\":619,\"caption\":\"biotyna - proszek\"},{\"@type\":\"BreadcrumbList\",\"@id\":\"https:\\\/\\\/naturalpoland.com\\\/fi\\\/tuotteet\\\/laaketeollisuuden-tuotteet\\\/vitamiinit\\\/biotiini\\\/#breadcrumb\",\"itemListElement\":[{\"@type\":\"ListItem\",\"position\":1,\"name\":\"Etusivu\",\"item\":\"https:\\\/\\\/naturalpoland.com\\\/fi\\\/\"},{\"@type\":\"ListItem\",\"position\":2,\"name\":\"Tuotteet\",\"item\":\"https:\\\/\\\/naturalpoland.com\\\/fi\\\/tuotteet\\\/\"},{\"@type\":\"ListItem\",\"position\":3,\"name\":\"Biotiini\"}]},{\"@type\":\"WebSite\",\"@id\":\"https:\\\/\\\/naturalpoland.com\\\/fi\\\/#website\",\"url\":\"https:\\\/\\\/naturalpoland.com\\\/fi\\\/\",\"name\":\"NATURAL POLAND - RAAKA-AINEIDEN TUKKUJAKELIJA\",\"description\":\"Surowce dla przemys\u0142u spo\u017cywczego, kosmetycznego i farmaceutycznego\",\"publisher\":{\"@id\":\"https:\\\/\\\/naturalpoland.com\\\/fi\\\/#organization\"},\"potentialAction\":[{\"@type\":\"SearchAction\",\"target\":{\"@type\":\"EntryPoint\",\"urlTemplate\":\"https:\\\/\\\/naturalpoland.com\\\/fi\\\/?s={search_term_string}\"},\"query-input\":{\"@type\":\"PropertyValueSpecification\",\"valueRequired\":true,\"valueName\":\"search_term_string\"}}],\"inLanguage\":\"fi\"},{\"@type\":\"Organization\",\"@id\":\"https:\\\/\\\/naturalpoland.com\\\/fi\\\/#organization\",\"name\":\"Natural Poland\",\"url\":\"https:\\\/\\\/naturalpoland.com\\\/fi\\\/\",\"logo\":{\"@type\":\"ImageObject\",\"inLanguage\":\"fi\",\"@id\":\"https:\\\/\\\/naturalpoland.com\\\/fi\\\/#\\\/schema\\\/logo\\\/image\\\/\",\"url\":\"https:\\\/\\\/naturalpoland.com\\\/wp-content\\\/uploads\\\/2021\\\/05\\\/natural-poland-icon.png\",\"contentUrl\":\"https:\\\/\\\/naturalpoland.com\\\/wp-content\\\/uploads\\\/2021\\\/05\\\/natural-poland-icon.png\",\"width\":512,\"height\":512,\"caption\":\"Natural Poland\"},\"image\":{\"@id\":\"https:\\\/\\\/naturalpoland.com\\\/fi\\\/#\\\/schema\\\/logo\\\/image\\\/\"},\"sameAs\":[\"https:\\\/\\\/www.facebook.com\\\/naturalpoland.b2b\",\"https:\\\/\\\/pl.linkedin.com\\\/company\\\/natural-poland\",\"https:\\\/\\\/www.youtube.com\\\/channel\\\/UCgeGGkvOMahZo-xu_MSEWxg\"]}]}<\/script>\n<!-- \/ Yoast SEO plugin. -->","yoast_head_json":{"title":"Biotiini - NATURAL POLAND - RAAKA-AINEIDEN TUKKUJAKELIJA","description":"Biotiini, joka tunnetaan my\u00f6s nimell\u00e4 B7-vitamiini tai H-vitamiini, on kemiallinen yhdiste, jota arvostetaan sek\u00e4 l\u00e4\u00e4ketieteess\u00e4 ett\u00e4 kosmetiikassa.","robots":{"index":"index","follow":"follow","max-snippet":"max-snippet:-1","max-image-preview":"max-image-preview:large","max-video-preview":"max-video-preview:-1"},"canonical":"https:\/\/naturalpoland.com\/fi\/tuotteet\/laaketeollisuuden-tuotteet\/vitamiinit\/biotiini\/","og_locale":"fi_FI","og_type":"article","og_title":"Biotiini - NATURAL POLAND - RAAKA-AINEIDEN TUKKUJAKELIJA","og_description":"Biotiini, joka tunnetaan my\u00f6s nimell\u00e4 B7-vitamiini tai H-vitamiini, on kemiallinen yhdiste, jota arvostetaan sek\u00e4 l\u00e4\u00e4ketieteess\u00e4 ett\u00e4 kosmetiikassa.","og_url":"https:\/\/naturalpoland.com\/fi\/tuotteet\/laaketeollisuuden-tuotteet\/vitamiinit\/biotiini\/","og_site_name":"NATURAL POLAND - RAAKA-AINEIDEN TUKKUJAKELIJA","article_publisher":"https:\/\/www.facebook.com\/naturalpoland.b2b","article_modified_time":"2024-08-08T12:55:49+00:00","og_image":[{"width":619,"height":619,"url":"https:\/\/naturalpoland.com\/wp-content\/uploads\/biotyna.webp","type":"image\/webp"}],"schema":{"@context":"https:\/\/schema.org","@graph":[{"@type":"WebPage","@id":"https:\/\/naturalpoland.com\/fi\/tuotteet\/laaketeollisuuden-tuotteet\/vitamiinit\/biotiini\/","url":"https:\/\/naturalpoland.com\/fi\/tuotteet\/laaketeollisuuden-tuotteet\/vitamiinit\/biotiini\/","name":"Biotiini - NATURAL POLAND - RAAKA-AINEIDEN TUKKUJAKELIJA","isPartOf":{"@id":"https:\/\/naturalpoland.com\/fi\/#website"},"primaryImageOfPage":{"@id":"https:\/\/naturalpoland.com\/fi\/tuotteet\/laaketeollisuuden-tuotteet\/vitamiinit\/biotiini\/#primaryimage"},"image":{"@id":"https:\/\/naturalpoland.com\/fi\/tuotteet\/laaketeollisuuden-tuotteet\/vitamiinit\/biotiini\/#primaryimage"},"thumbnailUrl":"https:\/\/naturalpoland.com\/wp-content\/uploads\/biotyna.webp","datePublished":"2021-07-12T11:33:09+00:00","dateModified":"2024-08-08T12:55:49+00:00","description":"Biotiini, joka tunnetaan my\u00f6s nimell\u00e4 B7-vitamiini tai H-vitamiini, on kemiallinen yhdiste, jota arvostetaan sek\u00e4 l\u00e4\u00e4ketieteess\u00e4 ett\u00e4 kosmetiikassa.","breadcrumb":{"@id":"https:\/\/naturalpoland.com\/fi\/tuotteet\/laaketeollisuuden-tuotteet\/vitamiinit\/biotiini\/#breadcrumb"},"inLanguage":"fi","potentialAction":[{"@type":"ReadAction","target":["https:\/\/naturalpoland.com\/fi\/tuotteet\/laaketeollisuuden-tuotteet\/vitamiinit\/biotiini\/"]}]},{"@type":"ImageObject","inLanguage":"fi","@id":"https:\/\/naturalpoland.com\/fi\/tuotteet\/laaketeollisuuden-tuotteet\/vitamiinit\/biotiini\/#primaryimage","url":"https:\/\/naturalpoland.com\/wp-content\/uploads\/biotyna.webp","contentUrl":"https:\/\/naturalpoland.com\/wp-content\/uploads\/biotyna.webp","width":619,"height":619,"caption":"biotyna - proszek"},{"@type":"BreadcrumbList","@id":"https:\/\/naturalpoland.com\/fi\/tuotteet\/laaketeollisuuden-tuotteet\/vitamiinit\/biotiini\/#breadcrumb","itemListElement":[{"@type":"ListItem","position":1,"name":"Etusivu","item":"https:\/\/naturalpoland.com\/fi\/"},{"@type":"ListItem","position":2,"name":"Tuotteet","item":"https:\/\/naturalpoland.com\/fi\/tuotteet\/"},{"@type":"ListItem","position":3,"name":"Biotiini"}]},{"@type":"WebSite","@id":"https:\/\/naturalpoland.com\/fi\/#website","url":"https:\/\/naturalpoland.com\/fi\/","name":"NATURAL POLAND - RAAKA-AINEIDEN TUKKUJAKELIJA","description":"Surowce dla przemys\u0142u spo\u017cywczego, kosmetycznego i farmaceutycznego","publisher":{"@id":"https:\/\/naturalpoland.com\/fi\/#organization"},"potentialAction":[{"@type":"SearchAction","target":{"@type":"EntryPoint","urlTemplate":"https:\/\/naturalpoland.com\/fi\/?s={search_term_string}"},"query-input":{"@type":"PropertyValueSpecification","valueRequired":true,"valueName":"search_term_string"}}],"inLanguage":"fi"},{"@type":"Organization","@id":"https:\/\/naturalpoland.com\/fi\/#organization","name":"Natural Poland","url":"https:\/\/naturalpoland.com\/fi\/","logo":{"@type":"ImageObject","inLanguage":"fi","@id":"https:\/\/naturalpoland.com\/fi\/#\/schema\/logo\/image\/","url":"https:\/\/naturalpoland.com\/wp-content\/uploads\/2021\/05\/natural-poland-icon.png","contentUrl":"https:\/\/naturalpoland.com\/wp-content\/uploads\/2021\/05\/natural-poland-icon.png","width":512,"height":512,"caption":"Natural Poland"},"image":{"@id":"https:\/\/naturalpoland.com\/fi\/#\/schema\/logo\/image\/"},"sameAs":["https:\/\/www.facebook.com\/naturalpoland.b2b","https:\/\/pl.linkedin.com\/company\/natural-poland","https:\/\/www.youtube.com\/channel\/UCgeGGkvOMahZo-xu_MSEWxg"]}]}},"_links":{"self":[{"href":"https:\/\/naturalpoland.com\/fi\/wp-json\/wp\/v2\/product\/4986","targetHints":{"allow":["GET"]}}],"collection":[{"href":"https:\/\/naturalpoland.com\/fi\/wp-json\/wp\/v2\/product"}],"about":[{"href":"https:\/\/naturalpoland.com\/fi\/wp-json\/wp\/v2\/types\/product"}],"wp:featuredmedia":[{"embeddable":true,"href":"https:\/\/naturalpoland.com\/fi\/wp-json\/wp\/v2\/media\/31195"}],"wp:attachment":[{"href":"https:\/\/naturalpoland.com\/fi\/wp-json\/wp\/v2\/media?parent=4986"}],"wp:term":[{"taxonomy":"product_brand","embeddable":true,"href":"https:\/\/naturalpoland.com\/fi\/wp-json\/wp\/v2\/product_brand?post=4986"},{"taxonomy":"product_cat","embeddable":true,"href":"https:\/\/naturalpoland.com\/fi\/wp-json\/wp\/v2\/product_cat?post=4986"},{"taxonomy":"product_tag","embeddable":true,"href":"https:\/\/naturalpoland.com\/fi\/wp-json\/wp\/v2\/product_tag?post=4986"}],"curies":[{"name":"wp","href":"https:\/\/api.w.org\/{rel}","templated":true}]}}