{"id":6949,"date":"2021-05-11T13:54:09","date_gmt":"2021-05-11T11:54:09","guid":{"rendered":"https:\/\/naturalpoland.pl\/produkty\/Ei-luokiteltu\/mansikan-siementen-kuorinta\/"},"modified":"2026-02-05T12:05:06","modified_gmt":"2026-02-05T11:05:06","slug":"mansikan-siementen-kuorinta","status":"publish","type":"product","link":"https:\/\/naturalpoland.com\/fi\/tuotteet\/kosmetiikkateollisuuden-tuotteet\/kuorinta-aineet\/mansikan-siementen-kuorinta\/","title":{"rendered":"Mansikan siementen kuorinta"},"content":{"rendered":"<h2>Mansikkakuorinnan ominaisuudet<\/h2>\n<p>Mansikansiemenkuorinta poistaa hell\u00e4varaisesti kuolleet ihosolut, parantaa ihon rakennetta ja tekee siit\u00e4 sile\u00e4n. Se stimuloi mikroverenkiertoa ja lis\u00e4\u00e4 hapen saantia iholle, jolloin iho n\u00e4ytt\u00e4\u00e4 hehkuvalta. <\/p>\n<p>Mansikansiemenet sis\u00e4lt\u00e4v\u00e4t luonnollisia antioksidantteja, jotka taistelevat vapaita radikaaleja vastaan.<\/p>\n<h2>Mansikansiemenkuorinnan k\u00e4ytt\u00f6<\/h2>\n<p>Kuorintaa voidaan k\u00e4ytt\u00e4\u00e4 erilaisissa kosmeettisissa tuotteissa, kuten vartalokuorinnoissa, kasvonaamioissa, shampoissa ja jalkojenhoitotuotteissa. Se sekoittuu erinomaisesti \u00f6ljyjen, voiteiden ja saippuoiden kanssa. <\/p>\n<p>Se voi olla my\u00f6s suihkugeelin, nestesaippuan tai kuorivan glyseriinisaippuan ainesosa.<\/p>\n<p>Kuorinta sopii sek\u00e4 kasvojen ett\u00e4 koko vartalon kuorintaan. Sit\u00e4 voidaan k\u00e4ytt\u00e4\u00e4 my\u00f6s p\u00e4\u00e4nahan hierontaan, mik\u00e4 parantaa verenkiertoa ja stimuloi hiusten kasvua. <\/p>\n<h2>K\u00e4yt\u00f6n edut:<\/h2>\n<p>Poistamalla kuolleen ihokerroksen kuorinta stimuloi ihon verenkiertoa ja edist\u00e4\u00e4 sen uusiutumista. T\u00e4m\u00e4n seurauksena iho on joustava, kiinte\u00e4 ja hyvin hapetettu. T\u00e4m\u00e4 hoito on eritt\u00e4in rentouttava ja mahdollistaa sile\u00e4n ihon saamisen suhteellisen lyhyess\u00e4 ajassa.<\/p>\n<p>Tuote tukee zero-waste-l\u00e4hestymistapaa ja v\u00e4hent\u00e4\u00e4 synteettisten ainesosien k\u00e4ytt\u00f6\u00e4, mik\u00e4 on ymp\u00e4rist\u00f6lle hy\u00f6dyllist\u00e4.<\/p>\n<p>Mansikansiemenkuorinta on mikrobiologisesti turvallinen tuote, joka t\u00e4ytt\u00e4\u00e4 EY-asetusten vaatimukset raskasmetallien ja ep\u00e4puhtauksien osalta.<\/p>\n","protected":false},"excerpt":{"rendered":"<p><strong>Mansikansiemenkuorinta<\/strong> (<em>Fragaria Ananassa<\/em>) on luonnollinen ja ekologinen kuorintatuote, joka valmistetaan mansikansiementen, jotka ovat sivutuote n\u00e4iden hedelmien \u00f6ljyntuotannossa. Se on erinomainen, kest\u00e4v\u00e4 vaihtoehto synteettisille kuorinnoille, jotka sis\u00e4lt\u00e4v\u00e4t haitallisia mikromuoveja. <\/p>\n","protected":false},"featured_media":35844,"template":"","meta":[],"product_brand":[],"product_cat":[543],"product_tag":[],"class_list":{"0":"post-6949","1":"product","2":"type-product","3":"status-publish","4":"has-post-thumbnail","6":"product_cat-kuorinta-aineet","8":"first","9":"instock","10":"shipping-taxable","11":"product-type-simple"},"yoast_head":"<!-- This site is optimized with the Yoast SEO plugin v27.4 - https:\/\/yoast.com\/product\/yoast-seo-wordpress\/ -->\n<title>Mansikan siementen kuorinta - NATURAL POLAND - RAAKA-AINEIDEN TUKKUJAKELIJA<\/title>\n<meta name=\"description\" content=\"Mansikansiemenkuorinta (Fragaria Ananassa) on luonnollinen ja ekologinen kuorintatuote, joka valmistetaan mansikansiementen.\" \/>\n<meta name=\"robots\" content=\"index, follow, max-snippet:-1, max-image-preview:large, max-video-preview:-1\" \/>\n<link rel=\"canonical\" href=\"https:\/\/naturalpoland.com\/fi\/tuotteet\/kosmetiikkateollisuuden-tuotteet\/kuorinta-aineet\/mansikan-siementen-kuorinta\/\" \/>\n<meta property=\"og:locale\" content=\"fi_FI\" \/>\n<meta property=\"og:type\" content=\"article\" \/>\n<meta property=\"og:title\" content=\"Mansikan siementen kuorinta - NATURAL POLAND - RAAKA-AINEIDEN TUKKUJAKELIJA\" \/>\n<meta property=\"og:description\" content=\"Mansikansiemenkuorinta (Fragaria Ananassa) on luonnollinen ja ekologinen kuorintatuote, joka valmistetaan mansikansiementen.\" \/>\n<meta property=\"og:url\" content=\"https:\/\/naturalpoland.com\/fi\/tuotteet\/kosmetiikkateollisuuden-tuotteet\/kuorinta-aineet\/mansikan-siementen-kuorinta\/\" \/>\n<meta property=\"og:site_name\" content=\"NATURAL POLAND - RAAKA-AINEIDEN TUKKUJAKELIJA\" \/>\n<meta property=\"article:publisher\" content=\"https:\/\/www.facebook.com\/naturalpoland.b2b\" \/>\n<meta property=\"article:modified_time\" content=\"2026-02-05T11:05:06+00:00\" \/>\n<meta property=\"og:image\" content=\"https:\/\/naturalpoland.com\/wp-content\/uploads\/peeling-truskawkowy.webp\" \/>\n\t<meta property=\"og:image:width\" content=\"619\" \/>\n\t<meta property=\"og:image:height\" content=\"619\" \/>\n\t<meta property=\"og:image:type\" content=\"image\/webp\" \/>\n<script type=\"application\/ld+json\" class=\"yoast-schema-graph\">{\"@context\":\"https:\\\/\\\/schema.org\",\"@graph\":[{\"@type\":\"WebPage\",\"@id\":\"https:\\\/\\\/naturalpoland.com\\\/fi\\\/tuotteet\\\/kosmetiikkateollisuuden-tuotteet\\\/kuorinta-aineet\\\/mansikan-siementen-kuorinta\\\/\",\"url\":\"https:\\\/\\\/naturalpoland.com\\\/fi\\\/tuotteet\\\/kosmetiikkateollisuuden-tuotteet\\\/kuorinta-aineet\\\/mansikan-siementen-kuorinta\\\/\",\"name\":\"Mansikan siementen kuorinta - NATURAL POLAND - RAAKA-AINEIDEN TUKKUJAKELIJA\",\"isPartOf\":{\"@id\":\"https:\\\/\\\/naturalpoland.com\\\/fi\\\/#website\"},\"primaryImageOfPage\":{\"@id\":\"https:\\\/\\\/naturalpoland.com\\\/fi\\\/tuotteet\\\/kosmetiikkateollisuuden-tuotteet\\\/kuorinta-aineet\\\/mansikan-siementen-kuorinta\\\/#primaryimage\"},\"image\":{\"@id\":\"https:\\\/\\\/naturalpoland.com\\\/fi\\\/tuotteet\\\/kosmetiikkateollisuuden-tuotteet\\\/kuorinta-aineet\\\/mansikan-siementen-kuorinta\\\/#primaryimage\"},\"thumbnailUrl\":\"https:\\\/\\\/naturalpoland.com\\\/wp-content\\\/uploads\\\/peeling-truskawkowy.webp\",\"datePublished\":\"2021-05-11T11:54:09+00:00\",\"dateModified\":\"2026-02-05T11:05:06+00:00\",\"description\":\"Mansikansiemenkuorinta (Fragaria Ananassa) on luonnollinen ja ekologinen kuorintatuote, joka valmistetaan mansikansiementen.\",\"breadcrumb\":{\"@id\":\"https:\\\/\\\/naturalpoland.com\\\/fi\\\/tuotteet\\\/kosmetiikkateollisuuden-tuotteet\\\/kuorinta-aineet\\\/mansikan-siementen-kuorinta\\\/#breadcrumb\"},\"inLanguage\":\"fi\",\"potentialAction\":[{\"@type\":\"ReadAction\",\"target\":[\"https:\\\/\\\/naturalpoland.com\\\/fi\\\/tuotteet\\\/kosmetiikkateollisuuden-tuotteet\\\/kuorinta-aineet\\\/mansikan-siementen-kuorinta\\\/\"]}]},{\"@type\":\"ImageObject\",\"inLanguage\":\"fi\",\"@id\":\"https:\\\/\\\/naturalpoland.com\\\/fi\\\/tuotteet\\\/kosmetiikkateollisuuden-tuotteet\\\/kuorinta-aineet\\\/mansikan-siementen-kuorinta\\\/#primaryimage\",\"url\":\"https:\\\/\\\/naturalpoland.com\\\/wp-content\\\/uploads\\\/peeling-truskawkowy.webp\",\"contentUrl\":\"https:\\\/\\\/naturalpoland.com\\\/wp-content\\\/uploads\\\/peeling-truskawkowy.webp\",\"width\":619,\"height\":619,\"caption\":\"mansikansiemenkuorinta\"},{\"@type\":\"BreadcrumbList\",\"@id\":\"https:\\\/\\\/naturalpoland.com\\\/fi\\\/tuotteet\\\/kosmetiikkateollisuuden-tuotteet\\\/kuorinta-aineet\\\/mansikan-siementen-kuorinta\\\/#breadcrumb\",\"itemListElement\":[{\"@type\":\"ListItem\",\"position\":1,\"name\":\"Etusivu\",\"item\":\"https:\\\/\\\/naturalpoland.com\\\/fi\\\/\"},{\"@type\":\"ListItem\",\"position\":2,\"name\":\"Tuotteet\",\"item\":\"https:\\\/\\\/naturalpoland.com\\\/fi\\\/tuotteet\\\/\"},{\"@type\":\"ListItem\",\"position\":3,\"name\":\"Mansikan siementen kuorinta\"}]},{\"@type\":\"WebSite\",\"@id\":\"https:\\\/\\\/naturalpoland.com\\\/fi\\\/#website\",\"url\":\"https:\\\/\\\/naturalpoland.com\\\/fi\\\/\",\"name\":\"NATURAL POLAND - RAAKA-AINEIDEN TUKKUJAKELIJA\",\"description\":\"Surowce dla przemys\u0142u spo\u017cywczego, kosmetycznego i farmaceutycznego\",\"publisher\":{\"@id\":\"https:\\\/\\\/naturalpoland.com\\\/fi\\\/#organization\"},\"potentialAction\":[{\"@type\":\"SearchAction\",\"target\":{\"@type\":\"EntryPoint\",\"urlTemplate\":\"https:\\\/\\\/naturalpoland.com\\\/fi\\\/?s={search_term_string}\"},\"query-input\":{\"@type\":\"PropertyValueSpecification\",\"valueRequired\":true,\"valueName\":\"search_term_string\"}}],\"inLanguage\":\"fi\"},{\"@type\":\"Organization\",\"@id\":\"https:\\\/\\\/naturalpoland.com\\\/fi\\\/#organization\",\"name\":\"Natural Poland\",\"url\":\"https:\\\/\\\/naturalpoland.com\\\/fi\\\/\",\"logo\":{\"@type\":\"ImageObject\",\"inLanguage\":\"fi\",\"@id\":\"https:\\\/\\\/naturalpoland.com\\\/fi\\\/#\\\/schema\\\/logo\\\/image\\\/\",\"url\":\"https:\\\/\\\/naturalpoland.com\\\/wp-content\\\/uploads\\\/2021\\\/05\\\/natural-poland-icon.png\",\"contentUrl\":\"https:\\\/\\\/naturalpoland.com\\\/wp-content\\\/uploads\\\/2021\\\/05\\\/natural-poland-icon.png\",\"width\":512,\"height\":512,\"caption\":\"Natural Poland\"},\"image\":{\"@id\":\"https:\\\/\\\/naturalpoland.com\\\/fi\\\/#\\\/schema\\\/logo\\\/image\\\/\"},\"sameAs\":[\"https:\\\/\\\/www.facebook.com\\\/naturalpoland.b2b\",\"https:\\\/\\\/pl.linkedin.com\\\/company\\\/natural-poland\",\"https:\\\/\\\/www.youtube.com\\\/channel\\\/UCgeGGkvOMahZo-xu_MSEWxg\"]}]}<\/script>\n<!-- \/ Yoast SEO plugin. -->","yoast_head_json":{"title":"Mansikan siementen kuorinta - NATURAL POLAND - RAAKA-AINEIDEN TUKKUJAKELIJA","description":"Mansikansiemenkuorinta (Fragaria Ananassa) on luonnollinen ja ekologinen kuorintatuote, joka valmistetaan mansikansiementen.","robots":{"index":"index","follow":"follow","max-snippet":"max-snippet:-1","max-image-preview":"max-image-preview:large","max-video-preview":"max-video-preview:-1"},"canonical":"https:\/\/naturalpoland.com\/fi\/tuotteet\/kosmetiikkateollisuuden-tuotteet\/kuorinta-aineet\/mansikan-siementen-kuorinta\/","og_locale":"fi_FI","og_type":"article","og_title":"Mansikan siementen kuorinta - NATURAL POLAND - RAAKA-AINEIDEN TUKKUJAKELIJA","og_description":"Mansikansiemenkuorinta (Fragaria Ananassa) on luonnollinen ja ekologinen kuorintatuote, joka valmistetaan mansikansiementen.","og_url":"https:\/\/naturalpoland.com\/fi\/tuotteet\/kosmetiikkateollisuuden-tuotteet\/kuorinta-aineet\/mansikan-siementen-kuorinta\/","og_site_name":"NATURAL POLAND - RAAKA-AINEIDEN TUKKUJAKELIJA","article_publisher":"https:\/\/www.facebook.com\/naturalpoland.b2b","article_modified_time":"2026-02-05T11:05:06+00:00","og_image":[{"width":619,"height":619,"url":"https:\/\/naturalpoland.com\/wp-content\/uploads\/peeling-truskawkowy.webp","type":"image\/webp"}],"schema":{"@context":"https:\/\/schema.org","@graph":[{"@type":"WebPage","@id":"https:\/\/naturalpoland.com\/fi\/tuotteet\/kosmetiikkateollisuuden-tuotteet\/kuorinta-aineet\/mansikan-siementen-kuorinta\/","url":"https:\/\/naturalpoland.com\/fi\/tuotteet\/kosmetiikkateollisuuden-tuotteet\/kuorinta-aineet\/mansikan-siementen-kuorinta\/","name":"Mansikan siementen kuorinta - NATURAL POLAND - RAAKA-AINEIDEN TUKKUJAKELIJA","isPartOf":{"@id":"https:\/\/naturalpoland.com\/fi\/#website"},"primaryImageOfPage":{"@id":"https:\/\/naturalpoland.com\/fi\/tuotteet\/kosmetiikkateollisuuden-tuotteet\/kuorinta-aineet\/mansikan-siementen-kuorinta\/#primaryimage"},"image":{"@id":"https:\/\/naturalpoland.com\/fi\/tuotteet\/kosmetiikkateollisuuden-tuotteet\/kuorinta-aineet\/mansikan-siementen-kuorinta\/#primaryimage"},"thumbnailUrl":"https:\/\/naturalpoland.com\/wp-content\/uploads\/peeling-truskawkowy.webp","datePublished":"2021-05-11T11:54:09+00:00","dateModified":"2026-02-05T11:05:06+00:00","description":"Mansikansiemenkuorinta (Fragaria Ananassa) on luonnollinen ja ekologinen kuorintatuote, joka valmistetaan mansikansiementen.","breadcrumb":{"@id":"https:\/\/naturalpoland.com\/fi\/tuotteet\/kosmetiikkateollisuuden-tuotteet\/kuorinta-aineet\/mansikan-siementen-kuorinta\/#breadcrumb"},"inLanguage":"fi","potentialAction":[{"@type":"ReadAction","target":["https:\/\/naturalpoland.com\/fi\/tuotteet\/kosmetiikkateollisuuden-tuotteet\/kuorinta-aineet\/mansikan-siementen-kuorinta\/"]}]},{"@type":"ImageObject","inLanguage":"fi","@id":"https:\/\/naturalpoland.com\/fi\/tuotteet\/kosmetiikkateollisuuden-tuotteet\/kuorinta-aineet\/mansikan-siementen-kuorinta\/#primaryimage","url":"https:\/\/naturalpoland.com\/wp-content\/uploads\/peeling-truskawkowy.webp","contentUrl":"https:\/\/naturalpoland.com\/wp-content\/uploads\/peeling-truskawkowy.webp","width":619,"height":619,"caption":"mansikansiemenkuorinta"},{"@type":"BreadcrumbList","@id":"https:\/\/naturalpoland.com\/fi\/tuotteet\/kosmetiikkateollisuuden-tuotteet\/kuorinta-aineet\/mansikan-siementen-kuorinta\/#breadcrumb","itemListElement":[{"@type":"ListItem","position":1,"name":"Etusivu","item":"https:\/\/naturalpoland.com\/fi\/"},{"@type":"ListItem","position":2,"name":"Tuotteet","item":"https:\/\/naturalpoland.com\/fi\/tuotteet\/"},{"@type":"ListItem","position":3,"name":"Mansikan siementen kuorinta"}]},{"@type":"WebSite","@id":"https:\/\/naturalpoland.com\/fi\/#website","url":"https:\/\/naturalpoland.com\/fi\/","name":"NATURAL POLAND - RAAKA-AINEIDEN TUKKUJAKELIJA","description":"Surowce dla przemys\u0142u spo\u017cywczego, kosmetycznego i farmaceutycznego","publisher":{"@id":"https:\/\/naturalpoland.com\/fi\/#organization"},"potentialAction":[{"@type":"SearchAction","target":{"@type":"EntryPoint","urlTemplate":"https:\/\/naturalpoland.com\/fi\/?s={search_term_string}"},"query-input":{"@type":"PropertyValueSpecification","valueRequired":true,"valueName":"search_term_string"}}],"inLanguage":"fi"},{"@type":"Organization","@id":"https:\/\/naturalpoland.com\/fi\/#organization","name":"Natural Poland","url":"https:\/\/naturalpoland.com\/fi\/","logo":{"@type":"ImageObject","inLanguage":"fi","@id":"https:\/\/naturalpoland.com\/fi\/#\/schema\/logo\/image\/","url":"https:\/\/naturalpoland.com\/wp-content\/uploads\/2021\/05\/natural-poland-icon.png","contentUrl":"https:\/\/naturalpoland.com\/wp-content\/uploads\/2021\/05\/natural-poland-icon.png","width":512,"height":512,"caption":"Natural Poland"},"image":{"@id":"https:\/\/naturalpoland.com\/fi\/#\/schema\/logo\/image\/"},"sameAs":["https:\/\/www.facebook.com\/naturalpoland.b2b","https:\/\/pl.linkedin.com\/company\/natural-poland","https:\/\/www.youtube.com\/channel\/UCgeGGkvOMahZo-xu_MSEWxg"]}]}},"_links":{"self":[{"href":"https:\/\/naturalpoland.com\/fi\/wp-json\/wp\/v2\/product\/6949","targetHints":{"allow":["GET"]}}],"collection":[{"href":"https:\/\/naturalpoland.com\/fi\/wp-json\/wp\/v2\/product"}],"about":[{"href":"https:\/\/naturalpoland.com\/fi\/wp-json\/wp\/v2\/types\/product"}],"wp:featuredmedia":[{"embeddable":true,"href":"https:\/\/naturalpoland.com\/fi\/wp-json\/wp\/v2\/media\/35844"}],"wp:attachment":[{"href":"https:\/\/naturalpoland.com\/fi\/wp-json\/wp\/v2\/media?parent=6949"}],"wp:term":[{"taxonomy":"product_brand","embeddable":true,"href":"https:\/\/naturalpoland.com\/fi\/wp-json\/wp\/v2\/product_brand?post=6949"},{"taxonomy":"product_cat","embeddable":true,"href":"https:\/\/naturalpoland.com\/fi\/wp-json\/wp\/v2\/product_cat?post=6949"},{"taxonomy":"product_tag","embeddable":true,"href":"https:\/\/naturalpoland.com\/fi\/wp-json\/wp\/v2\/product_tag?post=6949"}],"curies":[{"name":"wp","href":"https:\/\/api.w.org\/{rel}","templated":true}]}}