{"id":6954,"date":"2021-05-11T13:47:46","date_gmt":"2021-09-07T10:22:07","guid":{"rendered":"https:\/\/naturalpoland.pl\/produkty\/Ei-luokiteltu\/metyylikobalamiini-koentsyymi-b12\/"},"modified":"2024-11-13T14:26:54","modified_gmt":"2024-11-13T13:26:54","slug":"metyylikobalamiini-koentsyymi-b12","status":"publish","type":"product","link":"https:\/\/naturalpoland.com\/fi\/tuotteet\/laaketeollisuuden-tuotteet\/vitamiinit\/metyylikobalamiini-koentsyymi-b12\/","title":{"rendered":"Metyylikobalamiini (koentsyymi B12)"},"content":{"rendered":"<h2>Metyylikobalamiinin t\u00e4rkeimm\u00e4t ominaisuudet ja teht\u00e4v\u00e4t:<\/h2>\n<p>B12-vitamiini metyylikobalamiinin muodossa tukee hematopoieettisia toimintoja, vastaa <strong>erytrosyyttien<\/strong> (punasolujen) <strong>tuotannosta<\/strong> ja tukee DNA- ja RNA-synteesiprosesseja. N\u00e4in se ehk\u00e4isee megaloblastista anemiaa ja auttaa v\u00e4ltt\u00e4m\u00e4\u00e4n oireita, kuten heikkoutta, v\u00e4symyst\u00e4, keskittymisvaikeuksia ja kalpeaa ihoa. B12-vitamiini vaikuttaa my\u00f6s valkosolujen toimintaan, <strong>tukee immuniteettia<\/strong> ja elimist\u00f6n kyky\u00e4 torjua infektioita. B12-vitamiini on my\u00f6s v\u00e4ltt\u00e4m\u00e4t\u00f6n hermosoluja suojaavan <strong>myeliinin synteesille<\/strong>, mik\u00e4 parantaa hermojen johtumista. Se vaikuttaa my\u00f6nteisesti kognitiivisiin toimintoihin, parantaa muistia ja keskittymiskyky\u00e4 sek\u00e4 v\u00e4hent\u00e4\u00e4 hermoston rappeutumissairauksien ja masennuksen riski\u00e4. B12-vitamiini auttaa <strong>v\u00e4hent\u00e4m\u00e4\u00e4n v\u00e4symyst\u00e4<\/strong> ja parantaa energia-aineenvaihduntaa. Lis\u00e4ksi metyylikobalamiini auttaa <strong>alentamaan homokysteiinitasoja<\/strong>, aminohappoa, joka liittyy syd\u00e4n- ja verisuonitautien riskiin. S\u00e4\u00e4t\u00e4m\u00e4ll\u00e4 homokysteiinitasoja se v\u00e4hent\u00e4\u00e4 ateroskleroosin, syd\u00e4nkohtausten ja aivohalvausten riski\u00e4. <strong>B12-vitamiinin luonnolliset l\u00e4hteet<\/strong> ovat p\u00e4\u00e4asiassa el\u00e4inper\u00e4isi\u00e4 tuotteita, kuten lihaa, kalaa, kananmunia ja maitotuotteita, joten lis\u00e4ravinteiden k\u00e4ytt\u00f6 on t\u00e4rke\u00e4\u00e4 kasvisruokavaliota noudattaville. Metyylikobalamiinia sis\u00e4lt\u00e4vi\u00e4 lis\u00e4ravinteita suositellaan my\u00f6s i\u00e4kk\u00e4ille ihmisille, koska heid\u00e4n kykyns\u00e4 ime\u00e4 t\u00e4t\u00e4 vitamiinia heikkenee i\u00e4n my\u00f6t\u00e4. <strong>Suositeltu annostus ja turvallisuus<\/strong> &#8211; Metyylikobalamiinilis\u00e4 kannattaa r\u00e4\u00e4t\u00e4l\u00f6id\u00e4 yksil\u00f6llisesti, yleens\u00e4 500-1000 \u00b5g:n p\u00e4iv\u00e4annoksina l\u00e4\u00e4k\u00e4rin tai ravitsemusterapeutin valvonnassa. B12-vitamiini on turvallinen eik\u00e4 se kerry elimist\u00f6\u00f6n, sill\u00e4 ylim\u00e4\u00e4r\u00e4 erittyy virtsaan.  <\/p>\n","protected":false},"excerpt":{"rendered":"<p><strong>Metyylikobalamiini<\/strong> (koentsyymi B12) on biologisesti aktiivinen <strong>B12-vitamiinin <\/strong>muoto, jolla on korkea biologinen hy\u00f6tyosuus. Se on suosittu ravintolisien ainesosa erityisesti vegaaneille ja kasvissy\u00f6jille, vanhuksille ja imeytymish\u00e4iri\u00f6ist\u00e4 k\u00e4rsiville henkil\u00f6ille, joilla on riski t\u00e4m\u00e4n vitamiinin puutteesta. <\/p>\n<p>&nbsp;<\/p>\n","protected":false},"featured_media":37748,"template":"","meta":{"_acf_changed":false},"product_brand":[],"product_cat":[537],"product_tag":[],"class_list":{"0":"post-6954","1":"product","2":"type-product","3":"status-publish","4":"has-post-thumbnail","6":"product_cat-vitamiinit","8":"first","9":"instock","10":"shipping-taxable","11":"product-type-simple"},"acf":[],"yoast_head":"<!-- This site is optimized with the Yoast SEO plugin v27.4 - https:\/\/yoast.com\/product\/yoast-seo-wordpress\/ -->\n<title>Metyylikobalamiini (koentsyymi B12) - Raaka-aineiden tukkukauppias NATURAL POLAND - RAAKA-AINEIDEN TUKKUJAKELIJA<\/title>\n<meta name=\"description\" content=\"Metyylikobalamiini on t\u00e4rke\u00e4 B12-vitamiinin puutteen ehk\u00e4isyss\u00e4 ja hoidossa, ja se tukee hermoston, immuunij\u00e4rjestelm\u00e4n ja verenkiertoelimist\u00f6n terveytt\u00e4.\" \/>\n<meta name=\"robots\" content=\"index, follow, max-snippet:-1, max-image-preview:large, max-video-preview:-1\" \/>\n<link rel=\"canonical\" href=\"https:\/\/naturalpoland.com\/fi\/tuotteet\/laaketeollisuuden-tuotteet\/vitamiinit\/metyylikobalamiini-koentsyymi-b12\/\" \/>\n<meta property=\"og:locale\" content=\"fi_FI\" \/>\n<meta property=\"og:type\" content=\"article\" \/>\n<meta property=\"og:title\" content=\"Metyylikobalamiini (koentsyymi B12) - Raaka-aineiden tukkukauppias NATURAL POLAND - RAAKA-AINEIDEN TUKKUJAKELIJA\" \/>\n<meta property=\"og:description\" content=\"Metyylikobalamiini on t\u00e4rke\u00e4 B12-vitamiinin puutteen ehk\u00e4isyss\u00e4 ja hoidossa, ja se tukee hermoston, immuunij\u00e4rjestelm\u00e4n ja verenkiertoelimist\u00f6n terveytt\u00e4.\" \/>\n<meta property=\"og:url\" content=\"https:\/\/naturalpoland.com\/fi\/tuotteet\/laaketeollisuuden-tuotteet\/vitamiinit\/metyylikobalamiini-koentsyymi-b12\/\" \/>\n<meta property=\"og:site_name\" content=\"NATURAL POLAND - RAAKA-AINEIDEN TUKKUJAKELIJA\" \/>\n<meta property=\"article:publisher\" content=\"https:\/\/www.facebook.com\/naturalpoland.b2b\" \/>\n<meta property=\"article:modified_time\" content=\"2024-11-13T13:26:54+00:00\" \/>\n<meta property=\"og:image\" content=\"https:\/\/naturalpoland.com\/wp-content\/uploads\/metylokobalamina.webp\" \/>\n\t<meta property=\"og:image:width\" content=\"700\" \/>\n\t<meta property=\"og:image:height\" content=\"700\" \/>\n\t<meta property=\"og:image:type\" content=\"image\/webp\" \/>\n<script type=\"application\/ld+json\" class=\"yoast-schema-graph\">{\"@context\":\"https:\\\/\\\/schema.org\",\"@graph\":[{\"@type\":\"WebPage\",\"@id\":\"https:\\\/\\\/naturalpoland.com\\\/fi\\\/tuotteet\\\/laaketeollisuuden-tuotteet\\\/vitamiinit\\\/metyylikobalamiini-koentsyymi-b12\\\/\",\"url\":\"https:\\\/\\\/naturalpoland.com\\\/fi\\\/tuotteet\\\/laaketeollisuuden-tuotteet\\\/vitamiinit\\\/metyylikobalamiini-koentsyymi-b12\\\/\",\"name\":\"Metyylikobalamiini (koentsyymi B12) - Raaka-aineiden tukkukauppias NATURAL POLAND - RAAKA-AINEIDEN TUKKUJAKELIJA\",\"isPartOf\":{\"@id\":\"https:\\\/\\\/naturalpoland.com\\\/fi\\\/#website\"},\"primaryImageOfPage\":{\"@id\":\"https:\\\/\\\/naturalpoland.com\\\/fi\\\/tuotteet\\\/laaketeollisuuden-tuotteet\\\/vitamiinit\\\/metyylikobalamiini-koentsyymi-b12\\\/#primaryimage\"},\"image\":{\"@id\":\"https:\\\/\\\/naturalpoland.com\\\/fi\\\/tuotteet\\\/laaketeollisuuden-tuotteet\\\/vitamiinit\\\/metyylikobalamiini-koentsyymi-b12\\\/#primaryimage\"},\"thumbnailUrl\":\"https:\\\/\\\/naturalpoland.com\\\/wp-content\\\/uploads\\\/metylokobalamina.webp\",\"datePublished\":\"2021-09-07T10:22:07+00:00\",\"dateModified\":\"2024-11-13T13:26:54+00:00\",\"description\":\"Metyylikobalamiini on t\u00e4rke\u00e4 B12-vitamiinin puutteen ehk\u00e4isyss\u00e4 ja hoidossa, ja se tukee hermoston, immuunij\u00e4rjestelm\u00e4n ja verenkiertoelimist\u00f6n terveytt\u00e4.\",\"breadcrumb\":{\"@id\":\"https:\\\/\\\/naturalpoland.com\\\/fi\\\/tuotteet\\\/laaketeollisuuden-tuotteet\\\/vitamiinit\\\/metyylikobalamiini-koentsyymi-b12\\\/#breadcrumb\"},\"inLanguage\":\"fi\",\"potentialAction\":[{\"@type\":\"ReadAction\",\"target\":[\"https:\\\/\\\/naturalpoland.com\\\/fi\\\/tuotteet\\\/laaketeollisuuden-tuotteet\\\/vitamiinit\\\/metyylikobalamiini-koentsyymi-b12\\\/\"]}]},{\"@type\":\"ImageObject\",\"inLanguage\":\"fi\",\"@id\":\"https:\\\/\\\/naturalpoland.com\\\/fi\\\/tuotteet\\\/laaketeollisuuden-tuotteet\\\/vitamiinit\\\/metyylikobalamiini-koentsyymi-b12\\\/#primaryimage\",\"url\":\"https:\\\/\\\/naturalpoland.com\\\/wp-content\\\/uploads\\\/metylokobalamina.webp\",\"contentUrl\":\"https:\\\/\\\/naturalpoland.com\\\/wp-content\\\/uploads\\\/metylokobalamina.webp\",\"width\":700,\"height\":700,\"caption\":\"Metylokobalamina, witamina B12\"},{\"@type\":\"BreadcrumbList\",\"@id\":\"https:\\\/\\\/naturalpoland.com\\\/fi\\\/tuotteet\\\/laaketeollisuuden-tuotteet\\\/vitamiinit\\\/metyylikobalamiini-koentsyymi-b12\\\/#breadcrumb\",\"itemListElement\":[{\"@type\":\"ListItem\",\"position\":1,\"name\":\"Etusivu\",\"item\":\"https:\\\/\\\/naturalpoland.com\\\/fi\\\/\"},{\"@type\":\"ListItem\",\"position\":2,\"name\":\"Tuotteet\",\"item\":\"https:\\\/\\\/naturalpoland.com\\\/fi\\\/tuotteet\\\/\"},{\"@type\":\"ListItem\",\"position\":3,\"name\":\"Metyylikobalamiini (koentsyymi B12)\"}]},{\"@type\":\"WebSite\",\"@id\":\"https:\\\/\\\/naturalpoland.com\\\/fi\\\/#website\",\"url\":\"https:\\\/\\\/naturalpoland.com\\\/fi\\\/\",\"name\":\"NATURAL POLAND - RAAKA-AINEIDEN TUKKUJAKELIJA\",\"description\":\"Surowce dla przemys\u0142u spo\u017cywczego, kosmetycznego i farmaceutycznego\",\"publisher\":{\"@id\":\"https:\\\/\\\/naturalpoland.com\\\/fi\\\/#organization\"},\"potentialAction\":[{\"@type\":\"SearchAction\",\"target\":{\"@type\":\"EntryPoint\",\"urlTemplate\":\"https:\\\/\\\/naturalpoland.com\\\/fi\\\/?s={search_term_string}\"},\"query-input\":{\"@type\":\"PropertyValueSpecification\",\"valueRequired\":true,\"valueName\":\"search_term_string\"}}],\"inLanguage\":\"fi\"},{\"@type\":\"Organization\",\"@id\":\"https:\\\/\\\/naturalpoland.com\\\/fi\\\/#organization\",\"name\":\"Natural Poland\",\"url\":\"https:\\\/\\\/naturalpoland.com\\\/fi\\\/\",\"logo\":{\"@type\":\"ImageObject\",\"inLanguage\":\"fi\",\"@id\":\"https:\\\/\\\/naturalpoland.com\\\/fi\\\/#\\\/schema\\\/logo\\\/image\\\/\",\"url\":\"https:\\\/\\\/naturalpoland.com\\\/wp-content\\\/uploads\\\/2021\\\/05\\\/natural-poland-icon.png\",\"contentUrl\":\"https:\\\/\\\/naturalpoland.com\\\/wp-content\\\/uploads\\\/2021\\\/05\\\/natural-poland-icon.png\",\"width\":512,\"height\":512,\"caption\":\"Natural Poland\"},\"image\":{\"@id\":\"https:\\\/\\\/naturalpoland.com\\\/fi\\\/#\\\/schema\\\/logo\\\/image\\\/\"},\"sameAs\":[\"https:\\\/\\\/www.facebook.com\\\/naturalpoland.b2b\",\"https:\\\/\\\/pl.linkedin.com\\\/company\\\/natural-poland\",\"https:\\\/\\\/www.youtube.com\\\/channel\\\/UCgeGGkvOMahZo-xu_MSEWxg\"]}]}<\/script>\n<!-- \/ Yoast SEO plugin. -->","yoast_head_json":{"title":"Metyylikobalamiini (koentsyymi B12) - Raaka-aineiden tukkukauppias NATURAL POLAND - RAAKA-AINEIDEN TUKKUJAKELIJA","description":"Metyylikobalamiini on t\u00e4rke\u00e4 B12-vitamiinin puutteen ehk\u00e4isyss\u00e4 ja hoidossa, ja se tukee hermoston, immuunij\u00e4rjestelm\u00e4n ja verenkiertoelimist\u00f6n terveytt\u00e4.","robots":{"index":"index","follow":"follow","max-snippet":"max-snippet:-1","max-image-preview":"max-image-preview:large","max-video-preview":"max-video-preview:-1"},"canonical":"https:\/\/naturalpoland.com\/fi\/tuotteet\/laaketeollisuuden-tuotteet\/vitamiinit\/metyylikobalamiini-koentsyymi-b12\/","og_locale":"fi_FI","og_type":"article","og_title":"Metyylikobalamiini (koentsyymi B12) - Raaka-aineiden tukkukauppias NATURAL POLAND - RAAKA-AINEIDEN TUKKUJAKELIJA","og_description":"Metyylikobalamiini on t\u00e4rke\u00e4 B12-vitamiinin puutteen ehk\u00e4isyss\u00e4 ja hoidossa, ja se tukee hermoston, immuunij\u00e4rjestelm\u00e4n ja verenkiertoelimist\u00f6n terveytt\u00e4.","og_url":"https:\/\/naturalpoland.com\/fi\/tuotteet\/laaketeollisuuden-tuotteet\/vitamiinit\/metyylikobalamiini-koentsyymi-b12\/","og_site_name":"NATURAL POLAND - RAAKA-AINEIDEN TUKKUJAKELIJA","article_publisher":"https:\/\/www.facebook.com\/naturalpoland.b2b","article_modified_time":"2024-11-13T13:26:54+00:00","og_image":[{"width":700,"height":700,"url":"https:\/\/naturalpoland.com\/wp-content\/uploads\/metylokobalamina.webp","type":"image\/webp"}],"schema":{"@context":"https:\/\/schema.org","@graph":[{"@type":"WebPage","@id":"https:\/\/naturalpoland.com\/fi\/tuotteet\/laaketeollisuuden-tuotteet\/vitamiinit\/metyylikobalamiini-koentsyymi-b12\/","url":"https:\/\/naturalpoland.com\/fi\/tuotteet\/laaketeollisuuden-tuotteet\/vitamiinit\/metyylikobalamiini-koentsyymi-b12\/","name":"Metyylikobalamiini (koentsyymi B12) - Raaka-aineiden tukkukauppias NATURAL POLAND - RAAKA-AINEIDEN TUKKUJAKELIJA","isPartOf":{"@id":"https:\/\/naturalpoland.com\/fi\/#website"},"primaryImageOfPage":{"@id":"https:\/\/naturalpoland.com\/fi\/tuotteet\/laaketeollisuuden-tuotteet\/vitamiinit\/metyylikobalamiini-koentsyymi-b12\/#primaryimage"},"image":{"@id":"https:\/\/naturalpoland.com\/fi\/tuotteet\/laaketeollisuuden-tuotteet\/vitamiinit\/metyylikobalamiini-koentsyymi-b12\/#primaryimage"},"thumbnailUrl":"https:\/\/naturalpoland.com\/wp-content\/uploads\/metylokobalamina.webp","datePublished":"2021-09-07T10:22:07+00:00","dateModified":"2024-11-13T13:26:54+00:00","description":"Metyylikobalamiini on t\u00e4rke\u00e4 B12-vitamiinin puutteen ehk\u00e4isyss\u00e4 ja hoidossa, ja se tukee hermoston, immuunij\u00e4rjestelm\u00e4n ja verenkiertoelimist\u00f6n terveytt\u00e4.","breadcrumb":{"@id":"https:\/\/naturalpoland.com\/fi\/tuotteet\/laaketeollisuuden-tuotteet\/vitamiinit\/metyylikobalamiini-koentsyymi-b12\/#breadcrumb"},"inLanguage":"fi","potentialAction":[{"@type":"ReadAction","target":["https:\/\/naturalpoland.com\/fi\/tuotteet\/laaketeollisuuden-tuotteet\/vitamiinit\/metyylikobalamiini-koentsyymi-b12\/"]}]},{"@type":"ImageObject","inLanguage":"fi","@id":"https:\/\/naturalpoland.com\/fi\/tuotteet\/laaketeollisuuden-tuotteet\/vitamiinit\/metyylikobalamiini-koentsyymi-b12\/#primaryimage","url":"https:\/\/naturalpoland.com\/wp-content\/uploads\/metylokobalamina.webp","contentUrl":"https:\/\/naturalpoland.com\/wp-content\/uploads\/metylokobalamina.webp","width":700,"height":700,"caption":"Metylokobalamina, witamina B12"},{"@type":"BreadcrumbList","@id":"https:\/\/naturalpoland.com\/fi\/tuotteet\/laaketeollisuuden-tuotteet\/vitamiinit\/metyylikobalamiini-koentsyymi-b12\/#breadcrumb","itemListElement":[{"@type":"ListItem","position":1,"name":"Etusivu","item":"https:\/\/naturalpoland.com\/fi\/"},{"@type":"ListItem","position":2,"name":"Tuotteet","item":"https:\/\/naturalpoland.com\/fi\/tuotteet\/"},{"@type":"ListItem","position":3,"name":"Metyylikobalamiini (koentsyymi B12)"}]},{"@type":"WebSite","@id":"https:\/\/naturalpoland.com\/fi\/#website","url":"https:\/\/naturalpoland.com\/fi\/","name":"NATURAL POLAND - RAAKA-AINEIDEN TUKKUJAKELIJA","description":"Surowce dla przemys\u0142u spo\u017cywczego, kosmetycznego i farmaceutycznego","publisher":{"@id":"https:\/\/naturalpoland.com\/fi\/#organization"},"potentialAction":[{"@type":"SearchAction","target":{"@type":"EntryPoint","urlTemplate":"https:\/\/naturalpoland.com\/fi\/?s={search_term_string}"},"query-input":{"@type":"PropertyValueSpecification","valueRequired":true,"valueName":"search_term_string"}}],"inLanguage":"fi"},{"@type":"Organization","@id":"https:\/\/naturalpoland.com\/fi\/#organization","name":"Natural Poland","url":"https:\/\/naturalpoland.com\/fi\/","logo":{"@type":"ImageObject","inLanguage":"fi","@id":"https:\/\/naturalpoland.com\/fi\/#\/schema\/logo\/image\/","url":"https:\/\/naturalpoland.com\/wp-content\/uploads\/2021\/05\/natural-poland-icon.png","contentUrl":"https:\/\/naturalpoland.com\/wp-content\/uploads\/2021\/05\/natural-poland-icon.png","width":512,"height":512,"caption":"Natural Poland"},"image":{"@id":"https:\/\/naturalpoland.com\/fi\/#\/schema\/logo\/image\/"},"sameAs":["https:\/\/www.facebook.com\/naturalpoland.b2b","https:\/\/pl.linkedin.com\/company\/natural-poland","https:\/\/www.youtube.com\/channel\/UCgeGGkvOMahZo-xu_MSEWxg"]}]}},"_links":{"self":[{"href":"https:\/\/naturalpoland.com\/fi\/wp-json\/wp\/v2\/product\/6954","targetHints":{"allow":["GET"]}}],"collection":[{"href":"https:\/\/naturalpoland.com\/fi\/wp-json\/wp\/v2\/product"}],"about":[{"href":"https:\/\/naturalpoland.com\/fi\/wp-json\/wp\/v2\/types\/product"}],"wp:featuredmedia":[{"embeddable":true,"href":"https:\/\/naturalpoland.com\/fi\/wp-json\/wp\/v2\/media\/37748"}],"wp:attachment":[{"href":"https:\/\/naturalpoland.com\/fi\/wp-json\/wp\/v2\/media?parent=6954"}],"wp:term":[{"taxonomy":"product_brand","embeddable":true,"href":"https:\/\/naturalpoland.com\/fi\/wp-json\/wp\/v2\/product_brand?post=6954"},{"taxonomy":"product_cat","embeddable":true,"href":"https:\/\/naturalpoland.com\/fi\/wp-json\/wp\/v2\/product_cat?post=6954"},{"taxonomy":"product_tag","embeddable":true,"href":"https:\/\/naturalpoland.com\/fi\/wp-json\/wp\/v2\/product_tag?post=6954"}],"curies":[{"name":"wp","href":"https:\/\/api.w.org\/{rel}","templated":true}]}}