{"id":6999,"date":"2021-05-11T13:47:23","date_gmt":"2021-05-11T11:47:23","guid":{"rendered":"https:\/\/naturalpoland.pl\/produkty\/Ei-luokiteltu\/avokado-voita\/"},"modified":"2025-07-21T13:54:16","modified_gmt":"2025-07-21T11:54:16","slug":"voita-avokadon-kanssa","status":"publish","type":"product","link":"https:\/\/naturalpoland.com\/fi\/tuotteet\/kosmetiikkateollisuuden-tuotteet\/kosmeettiset-voiteet\/voita-avokadon-kanssa\/","title":{"rendered":"Avokado voita"},"content":{"rendered":"<h2>Ominaisuudet<\/h2>\n<p>Avokadovoilla on kermainen koostumus ja mieto, makea tuoksu. Tuotetta k\u00e4ytet\u00e4\u00e4n laajalti <a href=\"https:\/\/naturalpoland.com\/fi\/ryhm\u00e4\/kosmetiikkateollisuuden-tuotteet\/\">kosmetiikkateollisuudessa<\/a>. <\/p>\n<p>Runsas omega-9-rasvahappojen, erityisesti oleiinihapon, pitoisuus tekee avokadovoista ihanteellisen ainesosan ihonhoitoon. Se ei ainoastaan kosteuta tehokkaasti, vaan tarjoaa my\u00f6s luonnollisen suojan kosteuden menetykselt\u00e4, mik\u00e4 on olennaista terveen ja nuorekkaan ihon yll\u00e4pit\u00e4misess\u00e4. Voin kermainen koostumus tekee siit\u00e4 helposti liukenevan, ja sit\u00e4 voidaan k\u00e4ytt\u00e4\u00e4 sellaisenaan tai ainesosana voiteissa, balsamissa, salvoissa ja luonnonmukaisissa saippuoissa.  <\/p>\n<p>Avokadovoi, joka sis\u00e4lt\u00e4\u00e4 A-, D- ja E-vitamiineja sek\u00e4 mineraaleja, on t\u00e4rke\u00e4ss\u00e4 roolissa ihon ravitsemisessa ja uudistumisessa. N\u00e4m\u00e4 <a href=\"https:\/\/naturalpoland.com\/fi\/ryhm\u00e4\/laaketeollisuuden-tuotteet\/vitamiinit\/\">vitamiinit<\/a>, jotka ovat voimakkaita antioksidantteja, auttavat torjumaan vapaita radikaaleja, mik\u00e4 hidastaa ihon ik\u00e4\u00e4ntymisprosessia. N\u00e4m\u00e4 ominaisuudet yhdistettyn\u00e4 korkeaan ihoon imeytymiskykyyn tekev\u00e4t avokadovoista erinomaisen valinnan kuivalle, kyps\u00e4lle tai \u00e4rtyneelle iholle. <\/p>\n<h2>Avokadovoin k\u00e4ytt\u00f6kohteet<\/h2>\n<p>Avokadovoita voidaan k\u00e4ytt\u00e4\u00e4 raskaana olevan vatsan hoitoon, vauvojen ihonhoitoon sek\u00e4 intensiivisesti kosteuttavana vartalovoiteena. Sen uudistavien ominaisuuksien ansiosta sit\u00e4 suositellaan my\u00f6s k\u00e4ytett\u00e4v\u00e4ksi halkeileville huulille, kuiville kyyn\u00e4rp\u00e4ille, polville ja jaloille. Rasvaavien ominaisuuksiensa ansiosta t\u00e4m\u00e4 voi on my\u00f6s ihanteellinen ainesosa hierontatuotteissa, edist\u00e4en rentoutumista ja ihon uudistumista.  <\/p>\n<p>Avokadovoin k\u00e4ytt\u00f6 luonnonkosmetiikassa on yht\u00e4 monipuolista. Sit\u00e4 voidaan k\u00e4ytt\u00e4\u00e4 saippuoiden valmistuksessa, hiusnaamioiden ainesosana, vartalovoiteissa tai kuorinnoissa. Avokadovoin lis\u00e4\u00e4minen kosmetiikkaan ei ainoastaan lis\u00e4\u00e4 niiden kosteuttavia ominaisuuksia, vaan my\u00f6s nostaa niiden ravintoarvoa, mik\u00e4 on erityisen t\u00e4rke\u00e4\u00e4 intensiiviseen uudistumiseen tarkoitetuissa tuotteissa.  <\/p>\n<p>Avokadovoi ei ole ainoastaan tehokasta, vaan my\u00f6s turvallista k\u00e4ytt\u00e4\u00e4. Se ei ole komedogeeninen, mik\u00e4 tarkoittaa, ett\u00e4 se ei tuki ihohuokosia, v\u00e4hent\u00e4en akneen liittyvien muutosten riski\u00e4. Sen hell\u00e4varainen koostumus sopii jopa kaikkein herkimm\u00e4lle iholle, mik\u00e4 tekee siit\u00e4 erinomaisen valinnan laajalle k\u00e4ytt\u00e4j\u00e4kunnalle.  <\/p>\n","protected":false},"excerpt":{"rendered":"<p>Avokadovoi, joka saadaan <em>Persea gratissima<\/em> (avokado) -hedelmist\u00e4 ja jota on rikastettu kasvi\u00f6ljyjen hydrogenointiprosessilla, tunnetaan sen poikkeuksellisista ravitsevista ja uudistavista ominaisuuksista.<\/p>\n","protected":false},"featured_media":15294,"template":"","meta":{"_acf_changed":false},"product_brand":[],"product_cat":[541],"product_tag":[],"class_list":{"0":"post-6999","1":"product","2":"type-product","3":"status-publish","4":"has-post-thumbnail","6":"product_cat-kosmeettiset-voiteet","8":"first","9":"instock","10":"shipping-taxable","11":"product-type-simple"},"acf":[],"yoast_head":"<!-- This site is optimized with the Yoast SEO plugin v27.6 - https:\/\/yoast.com\/product\/yoast-seo-wordpress\/ -->\n<title>Avokado voita - NATURAL POLAND - RAAKA-AINEIDEN TUKKUJAKELIJA<\/title>\n<meta name=\"description\" content=\"Avokadovoi on ravintoainerikas tuote, joka tarjoaa syv\u00e4\u00e4 kosteuttamista, intensiivist\u00e4 uudistumista ja suojaa iholle ja hiuksille.\" \/>\n<meta name=\"robots\" content=\"index, follow, max-snippet:-1, max-image-preview:large, max-video-preview:-1\" \/>\n<link rel=\"canonical\" href=\"https:\/\/naturalpoland.com\/fi\/tuotteet\/kosmetiikkateollisuuden-tuotteet\/kosmeettiset-voiteet\/voita-avokadon-kanssa\/\" \/>\n<meta property=\"og:locale\" content=\"fi_FI\" \/>\n<meta property=\"og:type\" content=\"article\" \/>\n<meta property=\"og:title\" content=\"Avokado voita - NATURAL POLAND - RAAKA-AINEIDEN TUKKUJAKELIJA\" \/>\n<meta property=\"og:description\" content=\"Avokadovoi on ravintoainerikas tuote, joka tarjoaa syv\u00e4\u00e4 kosteuttamista, intensiivist\u00e4 uudistumista ja suojaa iholle ja hiuksille.\" \/>\n<meta property=\"og:url\" content=\"https:\/\/naturalpoland.com\/fi\/tuotteet\/kosmetiikkateollisuuden-tuotteet\/kosmeettiset-voiteet\/voita-avokadon-kanssa\/\" \/>\n<meta property=\"og:site_name\" content=\"NATURAL POLAND - RAAKA-AINEIDEN TUKKUJAKELIJA\" \/>\n<meta property=\"article:publisher\" content=\"https:\/\/www.facebook.com\/naturalpoland.b2b\" \/>\n<meta property=\"article:modified_time\" content=\"2025-07-21T11:54:16+00:00\" \/>\n<meta property=\"og:image\" content=\"https:\/\/naturalpoland.com\/wp-content\/uploads\/maslo-z-awokado.jpg\" \/>\n\t<meta property=\"og:image:width\" content=\"650\" \/>\n\t<meta property=\"og:image:height\" content=\"650\" \/>\n\t<meta property=\"og:image:type\" content=\"image\/jpeg\" \/>\n<script type=\"application\/ld+json\" class=\"yoast-schema-graph\">{\"@context\":\"https:\\\/\\\/schema.org\",\"@graph\":[{\"@type\":\"WebPage\",\"@id\":\"https:\\\/\\\/naturalpoland.com\\\/fi\\\/tuotteet\\\/kosmetiikkateollisuuden-tuotteet\\\/kosmeettiset-voiteet\\\/voita-avokadon-kanssa\\\/\",\"url\":\"https:\\\/\\\/naturalpoland.com\\\/fi\\\/tuotteet\\\/kosmetiikkateollisuuden-tuotteet\\\/kosmeettiset-voiteet\\\/voita-avokadon-kanssa\\\/\",\"name\":\"Avokado voita - NATURAL POLAND - RAAKA-AINEIDEN TUKKUJAKELIJA\",\"isPartOf\":{\"@id\":\"https:\\\/\\\/naturalpoland.com\\\/fi\\\/#website\"},\"primaryImageOfPage\":{\"@id\":\"https:\\\/\\\/naturalpoland.com\\\/fi\\\/tuotteet\\\/kosmetiikkateollisuuden-tuotteet\\\/kosmeettiset-voiteet\\\/voita-avokadon-kanssa\\\/#primaryimage\"},\"image\":{\"@id\":\"https:\\\/\\\/naturalpoland.com\\\/fi\\\/tuotteet\\\/kosmetiikkateollisuuden-tuotteet\\\/kosmeettiset-voiteet\\\/voita-avokadon-kanssa\\\/#primaryimage\"},\"thumbnailUrl\":\"https:\\\/\\\/naturalpoland.com\\\/wp-content\\\/uploads\\\/maslo-z-awokado.jpg\",\"datePublished\":\"2021-05-11T11:47:23+00:00\",\"dateModified\":\"2025-07-21T11:54:16+00:00\",\"description\":\"Avokadovoi on ravintoainerikas tuote, joka tarjoaa syv\u00e4\u00e4 kosteuttamista, intensiivist\u00e4 uudistumista ja suojaa iholle ja hiuksille.\",\"breadcrumb\":{\"@id\":\"https:\\\/\\\/naturalpoland.com\\\/fi\\\/tuotteet\\\/kosmetiikkateollisuuden-tuotteet\\\/kosmeettiset-voiteet\\\/voita-avokadon-kanssa\\\/#breadcrumb\"},\"inLanguage\":\"fi\",\"potentialAction\":[{\"@type\":\"ReadAction\",\"target\":[\"https:\\\/\\\/naturalpoland.com\\\/fi\\\/tuotteet\\\/kosmetiikkateollisuuden-tuotteet\\\/kosmeettiset-voiteet\\\/voita-avokadon-kanssa\\\/\"]}]},{\"@type\":\"ImageObject\",\"inLanguage\":\"fi\",\"@id\":\"https:\\\/\\\/naturalpoland.com\\\/fi\\\/tuotteet\\\/kosmetiikkateollisuuden-tuotteet\\\/kosmeettiset-voiteet\\\/voita-avokadon-kanssa\\\/#primaryimage\",\"url\":\"https:\\\/\\\/naturalpoland.com\\\/wp-content\\\/uploads\\\/maslo-z-awokado.jpg\",\"contentUrl\":\"https:\\\/\\\/naturalpoland.com\\\/wp-content\\\/uploads\\\/maslo-z-awokado.jpg\",\"width\":650,\"height\":650,\"caption\":\"mas\u0142o z awokado\"},{\"@type\":\"BreadcrumbList\",\"@id\":\"https:\\\/\\\/naturalpoland.com\\\/fi\\\/tuotteet\\\/kosmetiikkateollisuuden-tuotteet\\\/kosmeettiset-voiteet\\\/voita-avokadon-kanssa\\\/#breadcrumb\",\"itemListElement\":[{\"@type\":\"ListItem\",\"position\":1,\"name\":\"Etusivu\",\"item\":\"https:\\\/\\\/naturalpoland.com\\\/fi\\\/\"},{\"@type\":\"ListItem\",\"position\":2,\"name\":\"Tuotteet\",\"item\":\"https:\\\/\\\/naturalpoland.com\\\/fi\\\/tuotteet\\\/\"},{\"@type\":\"ListItem\",\"position\":3,\"name\":\"Avokado voita\"}]},{\"@type\":\"WebSite\",\"@id\":\"https:\\\/\\\/naturalpoland.com\\\/fi\\\/#website\",\"url\":\"https:\\\/\\\/naturalpoland.com\\\/fi\\\/\",\"name\":\"NATURAL POLAND - RAAKA-AINEIDEN TUKKUJAKELIJA\",\"description\":\"Surowce dla przemys\u0142u spo\u017cywczego, kosmetycznego i farmaceutycznego\",\"publisher\":{\"@id\":\"https:\\\/\\\/naturalpoland.com\\\/fi\\\/#organization\"},\"potentialAction\":[{\"@type\":\"SearchAction\",\"target\":{\"@type\":\"EntryPoint\",\"urlTemplate\":\"https:\\\/\\\/naturalpoland.com\\\/fi\\\/?s={search_term_string}\"},\"query-input\":{\"@type\":\"PropertyValueSpecification\",\"valueRequired\":true,\"valueName\":\"search_term_string\"}}],\"inLanguage\":\"fi\"},{\"@type\":\"Organization\",\"@id\":\"https:\\\/\\\/naturalpoland.com\\\/fi\\\/#organization\",\"name\":\"Natural Poland\",\"url\":\"https:\\\/\\\/naturalpoland.com\\\/fi\\\/\",\"logo\":{\"@type\":\"ImageObject\",\"inLanguage\":\"fi\",\"@id\":\"https:\\\/\\\/naturalpoland.com\\\/fi\\\/#\\\/schema\\\/logo\\\/image\\\/\",\"url\":\"https:\\\/\\\/naturalpoland.com\\\/wp-content\\\/uploads\\\/2021\\\/05\\\/natural-poland-icon.png\",\"contentUrl\":\"https:\\\/\\\/naturalpoland.com\\\/wp-content\\\/uploads\\\/2021\\\/05\\\/natural-poland-icon.png\",\"width\":512,\"height\":512,\"caption\":\"Natural Poland\"},\"image\":{\"@id\":\"https:\\\/\\\/naturalpoland.com\\\/fi\\\/#\\\/schema\\\/logo\\\/image\\\/\"},\"sameAs\":[\"https:\\\/\\\/www.facebook.com\\\/naturalpoland.b2b\",\"https:\\\/\\\/pl.linkedin.com\\\/company\\\/natural-poland\",\"https:\\\/\\\/www.youtube.com\\\/channel\\\/UCgeGGkvOMahZo-xu_MSEWxg\"]}]}<\/script>\n<!-- \/ Yoast SEO plugin. -->","yoast_head_json":{"title":"Avokado voita - NATURAL POLAND - RAAKA-AINEIDEN TUKKUJAKELIJA","description":"Avokadovoi on ravintoainerikas tuote, joka tarjoaa syv\u00e4\u00e4 kosteuttamista, intensiivist\u00e4 uudistumista ja suojaa iholle ja hiuksille.","robots":{"index":"index","follow":"follow","max-snippet":"max-snippet:-1","max-image-preview":"max-image-preview:large","max-video-preview":"max-video-preview:-1"},"canonical":"https:\/\/naturalpoland.com\/fi\/tuotteet\/kosmetiikkateollisuuden-tuotteet\/kosmeettiset-voiteet\/voita-avokadon-kanssa\/","og_locale":"fi_FI","og_type":"article","og_title":"Avokado voita - NATURAL POLAND - RAAKA-AINEIDEN TUKKUJAKELIJA","og_description":"Avokadovoi on ravintoainerikas tuote, joka tarjoaa syv\u00e4\u00e4 kosteuttamista, intensiivist\u00e4 uudistumista ja suojaa iholle ja hiuksille.","og_url":"https:\/\/naturalpoland.com\/fi\/tuotteet\/kosmetiikkateollisuuden-tuotteet\/kosmeettiset-voiteet\/voita-avokadon-kanssa\/","og_site_name":"NATURAL POLAND - RAAKA-AINEIDEN TUKKUJAKELIJA","article_publisher":"https:\/\/www.facebook.com\/naturalpoland.b2b","article_modified_time":"2025-07-21T11:54:16+00:00","og_image":[{"width":650,"height":650,"url":"https:\/\/naturalpoland.com\/wp-content\/uploads\/maslo-z-awokado.jpg","type":"image\/jpeg"}],"schema":{"@context":"https:\/\/schema.org","@graph":[{"@type":"WebPage","@id":"https:\/\/naturalpoland.com\/fi\/tuotteet\/kosmetiikkateollisuuden-tuotteet\/kosmeettiset-voiteet\/voita-avokadon-kanssa\/","url":"https:\/\/naturalpoland.com\/fi\/tuotteet\/kosmetiikkateollisuuden-tuotteet\/kosmeettiset-voiteet\/voita-avokadon-kanssa\/","name":"Avokado voita - NATURAL POLAND - RAAKA-AINEIDEN TUKKUJAKELIJA","isPartOf":{"@id":"https:\/\/naturalpoland.com\/fi\/#website"},"primaryImageOfPage":{"@id":"https:\/\/naturalpoland.com\/fi\/tuotteet\/kosmetiikkateollisuuden-tuotteet\/kosmeettiset-voiteet\/voita-avokadon-kanssa\/#primaryimage"},"image":{"@id":"https:\/\/naturalpoland.com\/fi\/tuotteet\/kosmetiikkateollisuuden-tuotteet\/kosmeettiset-voiteet\/voita-avokadon-kanssa\/#primaryimage"},"thumbnailUrl":"https:\/\/naturalpoland.com\/wp-content\/uploads\/maslo-z-awokado.jpg","datePublished":"2021-05-11T11:47:23+00:00","dateModified":"2025-07-21T11:54:16+00:00","description":"Avokadovoi on ravintoainerikas tuote, joka tarjoaa syv\u00e4\u00e4 kosteuttamista, intensiivist\u00e4 uudistumista ja suojaa iholle ja hiuksille.","breadcrumb":{"@id":"https:\/\/naturalpoland.com\/fi\/tuotteet\/kosmetiikkateollisuuden-tuotteet\/kosmeettiset-voiteet\/voita-avokadon-kanssa\/#breadcrumb"},"inLanguage":"fi","potentialAction":[{"@type":"ReadAction","target":["https:\/\/naturalpoland.com\/fi\/tuotteet\/kosmetiikkateollisuuden-tuotteet\/kosmeettiset-voiteet\/voita-avokadon-kanssa\/"]}]},{"@type":"ImageObject","inLanguage":"fi","@id":"https:\/\/naturalpoland.com\/fi\/tuotteet\/kosmetiikkateollisuuden-tuotteet\/kosmeettiset-voiteet\/voita-avokadon-kanssa\/#primaryimage","url":"https:\/\/naturalpoland.com\/wp-content\/uploads\/maslo-z-awokado.jpg","contentUrl":"https:\/\/naturalpoland.com\/wp-content\/uploads\/maslo-z-awokado.jpg","width":650,"height":650,"caption":"mas\u0142o z awokado"},{"@type":"BreadcrumbList","@id":"https:\/\/naturalpoland.com\/fi\/tuotteet\/kosmetiikkateollisuuden-tuotteet\/kosmeettiset-voiteet\/voita-avokadon-kanssa\/#breadcrumb","itemListElement":[{"@type":"ListItem","position":1,"name":"Etusivu","item":"https:\/\/naturalpoland.com\/fi\/"},{"@type":"ListItem","position":2,"name":"Tuotteet","item":"https:\/\/naturalpoland.com\/fi\/tuotteet\/"},{"@type":"ListItem","position":3,"name":"Avokado voita"}]},{"@type":"WebSite","@id":"https:\/\/naturalpoland.com\/fi\/#website","url":"https:\/\/naturalpoland.com\/fi\/","name":"NATURAL POLAND - RAAKA-AINEIDEN TUKKUJAKELIJA","description":"Surowce dla przemys\u0142u spo\u017cywczego, kosmetycznego i farmaceutycznego","publisher":{"@id":"https:\/\/naturalpoland.com\/fi\/#organization"},"potentialAction":[{"@type":"SearchAction","target":{"@type":"EntryPoint","urlTemplate":"https:\/\/naturalpoland.com\/fi\/?s={search_term_string}"},"query-input":{"@type":"PropertyValueSpecification","valueRequired":true,"valueName":"search_term_string"}}],"inLanguage":"fi"},{"@type":"Organization","@id":"https:\/\/naturalpoland.com\/fi\/#organization","name":"Natural Poland","url":"https:\/\/naturalpoland.com\/fi\/","logo":{"@type":"ImageObject","inLanguage":"fi","@id":"https:\/\/naturalpoland.com\/fi\/#\/schema\/logo\/image\/","url":"https:\/\/naturalpoland.com\/wp-content\/uploads\/2021\/05\/natural-poland-icon.png","contentUrl":"https:\/\/naturalpoland.com\/wp-content\/uploads\/2021\/05\/natural-poland-icon.png","width":512,"height":512,"caption":"Natural Poland"},"image":{"@id":"https:\/\/naturalpoland.com\/fi\/#\/schema\/logo\/image\/"},"sameAs":["https:\/\/www.facebook.com\/naturalpoland.b2b","https:\/\/pl.linkedin.com\/company\/natural-poland","https:\/\/www.youtube.com\/channel\/UCgeGGkvOMahZo-xu_MSEWxg"]}]}},"_links":{"self":[{"href":"https:\/\/naturalpoland.com\/fi\/wp-json\/wp\/v2\/product\/6999","targetHints":{"allow":["GET"]}}],"collection":[{"href":"https:\/\/naturalpoland.com\/fi\/wp-json\/wp\/v2\/product"}],"about":[{"href":"https:\/\/naturalpoland.com\/fi\/wp-json\/wp\/v2\/types\/product"}],"wp:featuredmedia":[{"embeddable":true,"href":"https:\/\/naturalpoland.com\/fi\/wp-json\/wp\/v2\/media\/15294"}],"wp:attachment":[{"href":"https:\/\/naturalpoland.com\/fi\/wp-json\/wp\/v2\/media?parent=6999"}],"wp:term":[{"taxonomy":"product_brand","embeddable":true,"href":"https:\/\/naturalpoland.com\/fi\/wp-json\/wp\/v2\/product_brand?post=6999"},{"taxonomy":"product_cat","embeddable":true,"href":"https:\/\/naturalpoland.com\/fi\/wp-json\/wp\/v2\/product_cat?post=6999"},{"taxonomy":"product_tag","embeddable":true,"href":"https:\/\/naturalpoland.com\/fi\/wp-json\/wp\/v2\/product_tag?post=6999"}],"curies":[{"name":"wp","href":"https:\/\/api.w.org\/{rel}","templated":true}]}}