{"id":8412,"date":"2021-07-29T14:05:36","date_gmt":"2021-07-29T12:05:36","guid":{"rendered":"https:\/\/naturalpoland.pl\/produkty\/Ei-luokiteltu\/muskin-ruusun-siemenoljy\/"},"modified":"2025-11-27T15:03:37","modified_gmt":"2025-11-27T14:03:37","slug":"ruusun-siemenoljy","status":"publish","type":"product","link":"https:\/\/naturalpoland.com\/fi\/tuotteet\/kosmetiikkateollisuuden-tuotteet\/kosmeettiset-oljyt\/ruusun-siemenoljy\/","title":{"rendered":"Muskin ruusun siemen\u00f6ljy"},"content":{"rendered":"<h2>Tuotteen ominaisuudet:<\/h2>\n<p>Myskiruusunsiemen\u00f6ljy valmistetaan <strong>kylm\u00e4puristusmenetelm\u00e4ll\u00e4.<\/strong> Siin\u00e4 on luonnollinen rasvahappoprofiili, mukaan lukien korkea pitoisuus tyydyttym\u00e4tt\u00f6mi\u00e4 linoli- ja linoleenihappoja, jotka ovat erityisen t\u00e4rkeit\u00e4 ihon hydrolipidikerroksen toiminnalle. Raaka-aine on l\u00e4pin\u00e4kym\u00e4t\u00f6n, oranssinv\u00e4rinen neste, jolla on luonteenomainen tuoksu. Rafinoimattoman muotonsa ansiosta se on eritt\u00e4in bioaktiivinen ainesosa, jota k\u00e4ytet\u00e4\u00e4n mielell\u00e4\u00e4n premium-kasvo- ja vartalonhoitotuotteissa.  <\/p>\n<h2>Myskiruusunsiemen\u00f6ljyn ominaisuudet ja vaikutukset:<\/h2>\n<p>\u00d6ljyss\u00e4 on runsaasti iholle t\u00e4rkeit\u00e4 tyydyttym\u00e4tt\u00f6mi\u00e4 rasvahappoja:<\/p>\n<ul>\n<li><strong>Linolihappo (C18:2) \u2013 35 %<\/strong> &#8211; Tukee orvaskeden uusiutumisprosesseja, parantaa suojakerroksen toimintaa ja v\u00e4hent\u00e4\u00e4 transepidermist\u00e4 vedenhukkaa. Se on t\u00e4rke\u00e4 ainesosa kuivalle, herk\u00e4lle ja ongelmaiholle. <\/li>\n<li><strong>Linoleenihappo (C18:3) \u2013 23,6 %<\/strong> &#8211; Vaikuttaa solujen uusiutumisprosesseihin, tukee \u00e4rsytyksen lievitt\u00e4mist\u00e4 ja parantaa ihon kimmoisuutta.<\/li>\n<li><strong>\u00d6ljyhappo (C18:1) \u2013 24,6 %<\/strong> &#8211; Helpottaa aktiivisten ainesosien imeytymist\u00e4 ja parantaa orvaskeden pehmeytt\u00e4 ja sileytt\u00e4.<\/li>\n<li><strong>Tyydyttyneet rasvahapot \u2013 palmitiinihappo (6,2 %) ja steariinihappo (3 %)<\/strong> &#8211; Tukevat koostumuksen stabiiliutta ja ihon suojaavaa toimintaa.<\/li>\n<\/ul>\n<p>Myskiruusu\u00f6ljy vaikuttaa ihonhoidossa monipuolisesti. Korkean v\u00e4ltt\u00e4m\u00e4tt\u00f6mien rasvahappojen pitoisuutensa ansiosta se tukee solujen uusiutumisprosesseja, mik\u00e4 on erityisen t\u00e4rke\u00e4\u00e4 ik\u00e4\u00e4ntyv\u00e4n, kiinteytt\u00e4\u00e4n ja kimmoisuuttaan menett\u00e4v\u00e4n ihon tuotteissa. Uudistavissa koostumuksissa se <strong>auttaa tasoittamaan pieni\u00e4 ep\u00e4tasaisuuksia<\/strong> ja <strong>parantaa orvaskeden kimmoisuutta<\/strong>. <strong>Pehment\u00e4vien ominaisuuksiensa<\/strong> ansiosta se muodostaa ihon pinnalle hienovaraisen, l\u00e4hes huomaamattoman suojakalvon, joka v\u00e4hent\u00e4\u00e4 vedenhukkaa ja tukee lipidikerroksen asianmukaista toimintaa. Samanaikaisesti \u00f6ljy\u00e4 arvostetaan <strong>ihon s\u00e4vy\u00e4 tasoittavissa valmisteissa<\/strong>, sill\u00e4 s\u00e4\u00e4nn\u00f6llisesti k\u00e4ytettyn\u00e4 se voi edist\u00e4\u00e4 orvaskeden uusiutumista ja vaikuttaa tasaisempaan pigmentaatioon.    <\/p>\n<h2>Rosa Moschata -\u00f6ljyn k\u00e4ytt\u00f6<\/h2>\n<p>Hoitotuotteissa Rosa Moschata -\u00f6ljy\u00e4 lis\u00e4t\u00e4\u00e4n <strong>voiteisiin, emulsioihin ja \u00f6ljyseerumeihin<\/strong>, erityisesti niihin, joilla on ravitseva tai ik\u00e4\u00e4ntymist\u00e4 ehk\u00e4isev\u00e4 vaikutus. Kuivaa ja \u00e4rtynytt\u00e4 ihoa rauhoittavan vaikutuksensa ansiosta se voi olla t\u00e4rke\u00e4 ainesosa resepteiss\u00e4, jotka on suunnattu parantamaan orvaskeden mukavuutta altistumisen j\u00e4lkeen s\u00e4\u00e4olosuhteille. Vartalonhoidossa se toimii hyvin <g id=\"gid_1\">balsameissa, voiteissa<\/g> sek\u00e4 <g id=\"gid_2\">hieronta\u00f6ljyiss\u00e4<\/g>, antaen niille liukuvuutta ja tasoittavia ominaisuuksia. <strong>Hiuksille<\/strong> tarkoitetuissa kosmetiikkatuotteissa myskiruusunsiemen\u00f6ljy toimii pehment\u00e4v\u00e4n\u00e4 ja uudistavana raaka-aineena, erityisesti hiusten latvoissa ja hiusten rakennetta korjaavissa tuotteissa.   <\/p>\n","protected":false},"excerpt":{"rendered":"<p><strong>Myskiruusunsiemen\u00f6ljy<\/strong> (<em>Rosa Moschata<\/em>), elintarvike- ja kosmetiikkalaatua, on rikas A-, C-vitamiinin ja beetakaroteenin l\u00e4hde, sek\u00e4 v\u00e4ltt\u00e4m\u00e4tt\u00f6mien Omega 3-, 6- ja 9-rasvahappojen l\u00e4hde.<\/p>\n","protected":false},"featured_media":5472,"template":"","meta":[],"product_brand":[],"product_cat":[542,531],"product_tag":[],"class_list":{"0":"post-8412","1":"product","2":"type-product","3":"status-publish","4":"has-post-thumbnail","6":"product_cat-kosmeettiset-oljyt","7":"product_cat-ruokaoljyt-ja-kosmeettiset-oljyt","8":"pa_metoda-pozyskiwania-kylmapuristus","10":"first","11":"instock","12":"shipping-taxable","13":"product-type-simple"},"yoast_head":"<!-- This site is optimized with the Yoast SEO plugin v27.3 - https:\/\/yoast.com\/product\/yoast-seo-wordpress\/ -->\n<title>Muskin ruusun siemen\u00f6ljy - Tukkudistribuutio<\/title>\n<meta name=\"description\" content=\"Rafinoimaton myskiruusunsiemen\u00f6ljy (Rosa Moschata Seed Oil), jossa on korkea pitoisuus v\u00e4ltt\u00e4m\u00e4tt\u00f6mi\u00e4 rasvahappoja. Kosmeettinen raaka-aine uudistaviin tuotteisiin.\" \/>\n<meta name=\"robots\" content=\"index, follow, max-snippet:-1, max-image-preview:large, max-video-preview:-1\" \/>\n<link rel=\"canonical\" href=\"https:\/\/naturalpoland.com\/fi\/tuotteet\/kosmetiikkateollisuuden-tuotteet\/kosmeettiset-oljyt\/ruusun-siemenoljy\/\" \/>\n<meta property=\"og:locale\" content=\"fi_FI\" \/>\n<meta property=\"og:type\" content=\"article\" \/>\n<meta property=\"og:title\" content=\"Muskin ruusun siemen\u00f6ljy - Tukkudistribuutio\" \/>\n<meta property=\"og:description\" content=\"Rafinoimaton myskiruusunsiemen\u00f6ljy (Rosa Moschata Seed Oil), jossa on korkea pitoisuus v\u00e4ltt\u00e4m\u00e4tt\u00f6mi\u00e4 rasvahappoja. Kosmeettinen raaka-aine uudistaviin tuotteisiin.\" \/>\n<meta property=\"og:url\" content=\"https:\/\/naturalpoland.com\/fi\/tuotteet\/kosmetiikkateollisuuden-tuotteet\/kosmeettiset-oljyt\/ruusun-siemenoljy\/\" \/>\n<meta property=\"og:site_name\" content=\"NATURAL POLAND - RAAKA-AINEIDEN TUKKUJAKELIJA\" \/>\n<meta property=\"article:publisher\" content=\"https:\/\/www.facebook.com\/naturalpoland.b2b\" \/>\n<meta property=\"article:modified_time\" content=\"2025-11-27T14:03:37+00:00\" \/>\n<meta property=\"og:image\" content=\"https:\/\/naturalpoland.com\/wp-content\/uploads\/olej-z-nasion-rozy-pizmowej.jpg\" \/>\n\t<meta property=\"og:image:width\" content=\"650\" \/>\n\t<meta property=\"og:image:height\" content=\"650\" \/>\n\t<meta property=\"og:image:type\" content=\"image\/jpeg\" \/>\n<script type=\"application\/ld+json\" class=\"yoast-schema-graph\">{\"@context\":\"https:\\\/\\\/schema.org\",\"@graph\":[{\"@type\":\"WebPage\",\"@id\":\"https:\\\/\\\/naturalpoland.com\\\/fi\\\/tuotteet\\\/kosmetiikkateollisuuden-tuotteet\\\/kosmeettiset-oljyt\\\/ruusun-siemenoljy\\\/\",\"url\":\"https:\\\/\\\/naturalpoland.com\\\/fi\\\/tuotteet\\\/kosmetiikkateollisuuden-tuotteet\\\/kosmeettiset-oljyt\\\/ruusun-siemenoljy\\\/\",\"name\":\"Muskin ruusun siemen\u00f6ljy - Tukkudistribuutio\",\"isPartOf\":{\"@id\":\"https:\\\/\\\/naturalpoland.com\\\/fi\\\/#website\"},\"primaryImageOfPage\":{\"@id\":\"https:\\\/\\\/naturalpoland.com\\\/fi\\\/tuotteet\\\/kosmetiikkateollisuuden-tuotteet\\\/kosmeettiset-oljyt\\\/ruusun-siemenoljy\\\/#primaryimage\"},\"image\":{\"@id\":\"https:\\\/\\\/naturalpoland.com\\\/fi\\\/tuotteet\\\/kosmetiikkateollisuuden-tuotteet\\\/kosmeettiset-oljyt\\\/ruusun-siemenoljy\\\/#primaryimage\"},\"thumbnailUrl\":\"https:\\\/\\\/naturalpoland.com\\\/wp-content\\\/uploads\\\/olej-z-nasion-rozy-pizmowej.jpg\",\"datePublished\":\"2021-07-29T12:05:36+00:00\",\"dateModified\":\"2025-11-27T14:03:37+00:00\",\"description\":\"Rafinoimaton myskiruusunsiemen\u00f6ljy (Rosa Moschata Seed Oil), jossa on korkea pitoisuus v\u00e4ltt\u00e4m\u00e4tt\u00f6mi\u00e4 rasvahappoja. Kosmeettinen raaka-aine uudistaviin tuotteisiin.\",\"breadcrumb\":{\"@id\":\"https:\\\/\\\/naturalpoland.com\\\/fi\\\/tuotteet\\\/kosmetiikkateollisuuden-tuotteet\\\/kosmeettiset-oljyt\\\/ruusun-siemenoljy\\\/#breadcrumb\"},\"inLanguage\":\"fi\",\"potentialAction\":[{\"@type\":\"ReadAction\",\"target\":[\"https:\\\/\\\/naturalpoland.com\\\/fi\\\/tuotteet\\\/kosmetiikkateollisuuden-tuotteet\\\/kosmeettiset-oljyt\\\/ruusun-siemenoljy\\\/\"]}]},{\"@type\":\"ImageObject\",\"inLanguage\":\"fi\",\"@id\":\"https:\\\/\\\/naturalpoland.com\\\/fi\\\/tuotteet\\\/kosmetiikkateollisuuden-tuotteet\\\/kosmeettiset-oljyt\\\/ruusun-siemenoljy\\\/#primaryimage\",\"url\":\"https:\\\/\\\/naturalpoland.com\\\/wp-content\\\/uploads\\\/olej-z-nasion-rozy-pizmowej.jpg\",\"contentUrl\":\"https:\\\/\\\/naturalpoland.com\\\/wp-content\\\/uploads\\\/olej-z-nasion-rozy-pizmowej.jpg\",\"width\":650,\"height\":650,\"caption\":\"Rose-hips and rosehip seed oil on the white background.\"},{\"@type\":\"BreadcrumbList\",\"@id\":\"https:\\\/\\\/naturalpoland.com\\\/fi\\\/tuotteet\\\/kosmetiikkateollisuuden-tuotteet\\\/kosmeettiset-oljyt\\\/ruusun-siemenoljy\\\/#breadcrumb\",\"itemListElement\":[{\"@type\":\"ListItem\",\"position\":1,\"name\":\"Etusivu\",\"item\":\"https:\\\/\\\/naturalpoland.com\\\/fi\\\/\"},{\"@type\":\"ListItem\",\"position\":2,\"name\":\"Tuotteet\",\"item\":\"https:\\\/\\\/naturalpoland.com\\\/fi\\\/tuotteet\\\/\"},{\"@type\":\"ListItem\",\"position\":3,\"name\":\"Muskin ruusun siemen\u00f6ljy\"}]},{\"@type\":\"WebSite\",\"@id\":\"https:\\\/\\\/naturalpoland.com\\\/fi\\\/#website\",\"url\":\"https:\\\/\\\/naturalpoland.com\\\/fi\\\/\",\"name\":\"NATURAL POLAND - RAAKA-AINEIDEN TUKKUJAKELIJA\",\"description\":\"Surowce dla przemys\u0142u spo\u017cywczego, kosmetycznego i farmaceutycznego\",\"publisher\":{\"@id\":\"https:\\\/\\\/naturalpoland.com\\\/fi\\\/#organization\"},\"potentialAction\":[{\"@type\":\"SearchAction\",\"target\":{\"@type\":\"EntryPoint\",\"urlTemplate\":\"https:\\\/\\\/naturalpoland.com\\\/fi\\\/?s={search_term_string}\"},\"query-input\":{\"@type\":\"PropertyValueSpecification\",\"valueRequired\":true,\"valueName\":\"search_term_string\"}}],\"inLanguage\":\"fi\"},{\"@type\":\"Organization\",\"@id\":\"https:\\\/\\\/naturalpoland.com\\\/fi\\\/#organization\",\"name\":\"Natural Poland\",\"url\":\"https:\\\/\\\/naturalpoland.com\\\/fi\\\/\",\"logo\":{\"@type\":\"ImageObject\",\"inLanguage\":\"fi\",\"@id\":\"https:\\\/\\\/naturalpoland.com\\\/fi\\\/#\\\/schema\\\/logo\\\/image\\\/\",\"url\":\"https:\\\/\\\/naturalpoland.com\\\/wp-content\\\/uploads\\\/2021\\\/05\\\/natural-poland-icon.png\",\"contentUrl\":\"https:\\\/\\\/naturalpoland.com\\\/wp-content\\\/uploads\\\/2021\\\/05\\\/natural-poland-icon.png\",\"width\":512,\"height\":512,\"caption\":\"Natural Poland\"},\"image\":{\"@id\":\"https:\\\/\\\/naturalpoland.com\\\/fi\\\/#\\\/schema\\\/logo\\\/image\\\/\"},\"sameAs\":[\"https:\\\/\\\/www.facebook.com\\\/naturalpoland.b2b\",\"https:\\\/\\\/pl.linkedin.com\\\/company\\\/natural-poland\",\"https:\\\/\\\/www.youtube.com\\\/channel\\\/UCgeGGkvOMahZo-xu_MSEWxg\"]}]}<\/script>\n<!-- \/ Yoast SEO plugin. -->","yoast_head_json":{"title":"Muskin ruusun siemen\u00f6ljy - Tukkudistribuutio","description":"Rafinoimaton myskiruusunsiemen\u00f6ljy (Rosa Moschata Seed Oil), jossa on korkea pitoisuus v\u00e4ltt\u00e4m\u00e4tt\u00f6mi\u00e4 rasvahappoja. Kosmeettinen raaka-aine uudistaviin tuotteisiin.","robots":{"index":"index","follow":"follow","max-snippet":"max-snippet:-1","max-image-preview":"max-image-preview:large","max-video-preview":"max-video-preview:-1"},"canonical":"https:\/\/naturalpoland.com\/fi\/tuotteet\/kosmetiikkateollisuuden-tuotteet\/kosmeettiset-oljyt\/ruusun-siemenoljy\/","og_locale":"fi_FI","og_type":"article","og_title":"Muskin ruusun siemen\u00f6ljy - Tukkudistribuutio","og_description":"Rafinoimaton myskiruusunsiemen\u00f6ljy (Rosa Moschata Seed Oil), jossa on korkea pitoisuus v\u00e4ltt\u00e4m\u00e4tt\u00f6mi\u00e4 rasvahappoja. Kosmeettinen raaka-aine uudistaviin tuotteisiin.","og_url":"https:\/\/naturalpoland.com\/fi\/tuotteet\/kosmetiikkateollisuuden-tuotteet\/kosmeettiset-oljyt\/ruusun-siemenoljy\/","og_site_name":"NATURAL POLAND - RAAKA-AINEIDEN TUKKUJAKELIJA","article_publisher":"https:\/\/www.facebook.com\/naturalpoland.b2b","article_modified_time":"2025-11-27T14:03:37+00:00","og_image":[{"width":650,"height":650,"url":"https:\/\/naturalpoland.com\/wp-content\/uploads\/olej-z-nasion-rozy-pizmowej.jpg","type":"image\/jpeg"}],"schema":{"@context":"https:\/\/schema.org","@graph":[{"@type":"WebPage","@id":"https:\/\/naturalpoland.com\/fi\/tuotteet\/kosmetiikkateollisuuden-tuotteet\/kosmeettiset-oljyt\/ruusun-siemenoljy\/","url":"https:\/\/naturalpoland.com\/fi\/tuotteet\/kosmetiikkateollisuuden-tuotteet\/kosmeettiset-oljyt\/ruusun-siemenoljy\/","name":"Muskin ruusun siemen\u00f6ljy - Tukkudistribuutio","isPartOf":{"@id":"https:\/\/naturalpoland.com\/fi\/#website"},"primaryImageOfPage":{"@id":"https:\/\/naturalpoland.com\/fi\/tuotteet\/kosmetiikkateollisuuden-tuotteet\/kosmeettiset-oljyt\/ruusun-siemenoljy\/#primaryimage"},"image":{"@id":"https:\/\/naturalpoland.com\/fi\/tuotteet\/kosmetiikkateollisuuden-tuotteet\/kosmeettiset-oljyt\/ruusun-siemenoljy\/#primaryimage"},"thumbnailUrl":"https:\/\/naturalpoland.com\/wp-content\/uploads\/olej-z-nasion-rozy-pizmowej.jpg","datePublished":"2021-07-29T12:05:36+00:00","dateModified":"2025-11-27T14:03:37+00:00","description":"Rafinoimaton myskiruusunsiemen\u00f6ljy (Rosa Moschata Seed Oil), jossa on korkea pitoisuus v\u00e4ltt\u00e4m\u00e4tt\u00f6mi\u00e4 rasvahappoja. Kosmeettinen raaka-aine uudistaviin tuotteisiin.","breadcrumb":{"@id":"https:\/\/naturalpoland.com\/fi\/tuotteet\/kosmetiikkateollisuuden-tuotteet\/kosmeettiset-oljyt\/ruusun-siemenoljy\/#breadcrumb"},"inLanguage":"fi","potentialAction":[{"@type":"ReadAction","target":["https:\/\/naturalpoland.com\/fi\/tuotteet\/kosmetiikkateollisuuden-tuotteet\/kosmeettiset-oljyt\/ruusun-siemenoljy\/"]}]},{"@type":"ImageObject","inLanguage":"fi","@id":"https:\/\/naturalpoland.com\/fi\/tuotteet\/kosmetiikkateollisuuden-tuotteet\/kosmeettiset-oljyt\/ruusun-siemenoljy\/#primaryimage","url":"https:\/\/naturalpoland.com\/wp-content\/uploads\/olej-z-nasion-rozy-pizmowej.jpg","contentUrl":"https:\/\/naturalpoland.com\/wp-content\/uploads\/olej-z-nasion-rozy-pizmowej.jpg","width":650,"height":650,"caption":"Rose-hips and rosehip seed oil on the white background."},{"@type":"BreadcrumbList","@id":"https:\/\/naturalpoland.com\/fi\/tuotteet\/kosmetiikkateollisuuden-tuotteet\/kosmeettiset-oljyt\/ruusun-siemenoljy\/#breadcrumb","itemListElement":[{"@type":"ListItem","position":1,"name":"Etusivu","item":"https:\/\/naturalpoland.com\/fi\/"},{"@type":"ListItem","position":2,"name":"Tuotteet","item":"https:\/\/naturalpoland.com\/fi\/tuotteet\/"},{"@type":"ListItem","position":3,"name":"Muskin ruusun siemen\u00f6ljy"}]},{"@type":"WebSite","@id":"https:\/\/naturalpoland.com\/fi\/#website","url":"https:\/\/naturalpoland.com\/fi\/","name":"NATURAL POLAND - RAAKA-AINEIDEN TUKKUJAKELIJA","description":"Surowce dla przemys\u0142u spo\u017cywczego, kosmetycznego i farmaceutycznego","publisher":{"@id":"https:\/\/naturalpoland.com\/fi\/#organization"},"potentialAction":[{"@type":"SearchAction","target":{"@type":"EntryPoint","urlTemplate":"https:\/\/naturalpoland.com\/fi\/?s={search_term_string}"},"query-input":{"@type":"PropertyValueSpecification","valueRequired":true,"valueName":"search_term_string"}}],"inLanguage":"fi"},{"@type":"Organization","@id":"https:\/\/naturalpoland.com\/fi\/#organization","name":"Natural Poland","url":"https:\/\/naturalpoland.com\/fi\/","logo":{"@type":"ImageObject","inLanguage":"fi","@id":"https:\/\/naturalpoland.com\/fi\/#\/schema\/logo\/image\/","url":"https:\/\/naturalpoland.com\/wp-content\/uploads\/2021\/05\/natural-poland-icon.png","contentUrl":"https:\/\/naturalpoland.com\/wp-content\/uploads\/2021\/05\/natural-poland-icon.png","width":512,"height":512,"caption":"Natural Poland"},"image":{"@id":"https:\/\/naturalpoland.com\/fi\/#\/schema\/logo\/image\/"},"sameAs":["https:\/\/www.facebook.com\/naturalpoland.b2b","https:\/\/pl.linkedin.com\/company\/natural-poland","https:\/\/www.youtube.com\/channel\/UCgeGGkvOMahZo-xu_MSEWxg"]}]}},"_links":{"self":[{"href":"https:\/\/naturalpoland.com\/fi\/wp-json\/wp\/v2\/product\/8412","targetHints":{"allow":["GET"]}}],"collection":[{"href":"https:\/\/naturalpoland.com\/fi\/wp-json\/wp\/v2\/product"}],"about":[{"href":"https:\/\/naturalpoland.com\/fi\/wp-json\/wp\/v2\/types\/product"}],"wp:featuredmedia":[{"embeddable":true,"href":"https:\/\/naturalpoland.com\/fi\/wp-json\/wp\/v2\/media\/5472"}],"wp:attachment":[{"href":"https:\/\/naturalpoland.com\/fi\/wp-json\/wp\/v2\/media?parent=8412"}],"wp:term":[{"taxonomy":"product_brand","embeddable":true,"href":"https:\/\/naturalpoland.com\/fi\/wp-json\/wp\/v2\/product_brand?post=8412"},{"taxonomy":"product_cat","embeddable":true,"href":"https:\/\/naturalpoland.com\/fi\/wp-json\/wp\/v2\/product_cat?post=8412"},{"taxonomy":"product_tag","embeddable":true,"href":"https:\/\/naturalpoland.com\/fi\/wp-json\/wp\/v2\/product_tag?post=8412"}],"curies":[{"name":"wp","href":"https:\/\/api.w.org\/{rel}","templated":true}]}}