{"id":8527,"date":"2021-05-11T13:39:46","date_gmt":"2021-09-10T13:20:22","guid":{"rendered":"https:\/\/naturalpoland.pl\/produkty\/Ei-luokiteltu\/gynostemma-uute\/"},"modified":"2021-09-10T15:20:22","modified_gmt":"2021-09-10T13:20:22","slug":"ote-z-gynostemma-kiinalainen-nimi-jiao-gu-lan","status":"publish","type":"product","link":"https:\/\/naturalpoland.com\/fi\/tuotteet\/kasviuutteet\/ote-z-gynostemma-kiinalainen-nimi-jiao-gu-lan\/","title":{"rendered":"Gynostemma -uute"},"content":{"rendered":"<p><strong>Gynostemma -uute alentaa kolesterolia<\/strong><\/p>\n<p>Gynostenmaa koskevat tutkimukset ovat osoittaneet, ett\u00e4 sen s\u00e4\u00e4nn\u00f6llinen k\u00e4ytt\u00f6 alentaa kolesterolia ja triglyseridej\u00e4. Siksi on suositeltavaa parantaa verenkiertoelimist\u00f6n tilaa, v\u00e4hent\u00e4\u00e4 ateroskleroosin ja syd\u00e4men sairauksien riski\u00e4. Uute voi my\u00f6s tukea maksan asianmukaista toimintaa ja puhdistaa kehoa.<\/p>\n","protected":false},"excerpt":{"rendered":"<p><strong>Gynostemma -uute (kiinalainen nimi: Jiao Gu Lan)<\/strong> sit\u00e4 kutsutaan my\u00f6s el\u00e4m\u00e4n yrtiksi tai pitk\u00e4ik\u00e4isyyden yrtiksi. Kaukoid\u00e4n vaihtoehtoisessa l\u00e4\u00e4ketieteess\u00e4 sill\u00e4 on t\u00e4rke\u00e4 rooli monien sairauksien l\u00e4\u00e4kkeen\u00e4. Sit\u00e4 k\u00e4ytet\u00e4\u00e4n migreeniin, unih\u00e4iri\u00f6ihin, diabetekseen, masennukseen, astmaan ja maksasairauksiin. Monet kiinalaiset uskovat sen pident\u00e4v\u00e4n el\u00e4m\u00e4\u00e4.<\/p>\n","protected":false},"featured_media":34568,"template":"","meta":{"_acf_changed":false},"product_brand":[],"product_cat":[528],"product_tag":[],"class_list":{"0":"post-8527","1":"product","2":"type-product","3":"status-publish","4":"has-post-thumbnail","6":"product_cat-kasviuutteet","8":"first","9":"instock","10":"shipping-taxable","11":"product-type-simple"},"acf":[],"yoast_head":"<!-- This site is optimized with the Yoast SEO plugin v27.4 - https:\/\/yoast.com\/product\/yoast-seo-wordpress\/ -->\n<title>Gynostemma -uute - Tukkudistribuutio<\/title>\n<meta name=\"robots\" content=\"index, follow, max-snippet:-1, max-image-preview:large, max-video-preview:-1\" \/>\n<link rel=\"canonical\" href=\"https:\/\/naturalpoland.com\/fi\/tuotteet\/kasviuutteet\/ote-z-gynostemma-kiinalainen-nimi-jiao-gu-lan\/\" \/>\n<meta property=\"og:locale\" content=\"fi_FI\" \/>\n<meta property=\"og:type\" content=\"article\" \/>\n<meta property=\"og:title\" content=\"Gynostemma -uute - Tukkudistribuutio\" \/>\n<meta property=\"og:description\" content=\"Gynostemma -uute (kiinalainen nimi: Jiao Gu Lan) sit\u00e4 kutsutaan my\u00f6s el\u00e4m\u00e4n yrtiksi tai pitk\u00e4ik\u00e4isyyden yrtiksi. Kaukoid\u00e4n vaihtoehtoisessa l\u00e4\u00e4ketieteess\u00e4 sill\u00e4 on t\u00e4rke\u00e4 rooli monien sairauksien l\u00e4\u00e4kkeen\u00e4. Sit\u00e4 k\u00e4ytet\u00e4\u00e4n migreeniin, unih\u00e4iri\u00f6ihin, diabetekseen, masennukseen, astmaan ja maksasairauksiin. Monet kiinalaiset uskovat sen pident\u00e4v\u00e4n el\u00e4m\u00e4\u00e4.\" \/>\n<meta property=\"og:url\" content=\"https:\/\/naturalpoland.com\/fi\/tuotteet\/kasviuutteet\/ote-z-gynostemma-kiinalainen-nimi-jiao-gu-lan\/\" \/>\n<meta property=\"og:site_name\" content=\"NATURAL POLAND - RAAKA-AINEIDEN TUKKUJAKELIJA\" \/>\n<meta property=\"article:publisher\" content=\"https:\/\/www.facebook.com\/naturalpoland.b2b\" \/>\n<meta property=\"og:image\" content=\"https:\/\/naturalpoland.com\/wp-content\/uploads\/ekstrakt-z-gynostemma-pentaphyllum.webp\" \/>\n\t<meta property=\"og:image:width\" content=\"612\" \/>\n\t<meta property=\"og:image:height\" content=\"612\" \/>\n\t<meta property=\"og:image:type\" content=\"image\/webp\" \/>\n<script type=\"application\/ld+json\" class=\"yoast-schema-graph\">{\"@context\":\"https:\\\/\\\/schema.org\",\"@graph\":[{\"@type\":\"WebPage\",\"@id\":\"https:\\\/\\\/naturalpoland.com\\\/fi\\\/tuotteet\\\/kasviuutteet\\\/ote-z-gynostemma-kiinalainen-nimi-jiao-gu-lan\\\/\",\"url\":\"https:\\\/\\\/naturalpoland.com\\\/fi\\\/tuotteet\\\/kasviuutteet\\\/ote-z-gynostemma-kiinalainen-nimi-jiao-gu-lan\\\/\",\"name\":\"Gynostemma -uute - Tukkudistribuutio\",\"isPartOf\":{\"@id\":\"https:\\\/\\\/naturalpoland.com\\\/fi\\\/#website\"},\"primaryImageOfPage\":{\"@id\":\"https:\\\/\\\/naturalpoland.com\\\/fi\\\/tuotteet\\\/kasviuutteet\\\/ote-z-gynostemma-kiinalainen-nimi-jiao-gu-lan\\\/#primaryimage\"},\"image\":{\"@id\":\"https:\\\/\\\/naturalpoland.com\\\/fi\\\/tuotteet\\\/kasviuutteet\\\/ote-z-gynostemma-kiinalainen-nimi-jiao-gu-lan\\\/#primaryimage\"},\"thumbnailUrl\":\"https:\\\/\\\/naturalpoland.com\\\/wp-content\\\/uploads\\\/ekstrakt-z-gynostemma-pentaphyllum.webp\",\"datePublished\":\"2021-09-10T13:20:22+00:00\",\"breadcrumb\":{\"@id\":\"https:\\\/\\\/naturalpoland.com\\\/fi\\\/tuotteet\\\/kasviuutteet\\\/ote-z-gynostemma-kiinalainen-nimi-jiao-gu-lan\\\/#breadcrumb\"},\"inLanguage\":\"fi\",\"potentialAction\":[{\"@type\":\"ReadAction\",\"target\":[\"https:\\\/\\\/naturalpoland.com\\\/fi\\\/tuotteet\\\/kasviuutteet\\\/ote-z-gynostemma-kiinalainen-nimi-jiao-gu-lan\\\/\"]}]},{\"@type\":\"ImageObject\",\"inLanguage\":\"fi\",\"@id\":\"https:\\\/\\\/naturalpoland.com\\\/fi\\\/tuotteet\\\/kasviuutteet\\\/ote-z-gynostemma-kiinalainen-nimi-jiao-gu-lan\\\/#primaryimage\",\"url\":\"https:\\\/\\\/naturalpoland.com\\\/wp-content\\\/uploads\\\/ekstrakt-z-gynostemma-pentaphyllum.webp\",\"contentUrl\":\"https:\\\/\\\/naturalpoland.com\\\/wp-content\\\/uploads\\\/ekstrakt-z-gynostemma-pentaphyllum.webp\",\"width\":612,\"height\":612,\"caption\":\"Ekstrakt z Gynostemma Pentaphyllum\"},{\"@type\":\"BreadcrumbList\",\"@id\":\"https:\\\/\\\/naturalpoland.com\\\/fi\\\/tuotteet\\\/kasviuutteet\\\/ote-z-gynostemma-kiinalainen-nimi-jiao-gu-lan\\\/#breadcrumb\",\"itemListElement\":[{\"@type\":\"ListItem\",\"position\":1,\"name\":\"Etusivu\",\"item\":\"https:\\\/\\\/naturalpoland.com\\\/fi\\\/\"},{\"@type\":\"ListItem\",\"position\":2,\"name\":\"Tuotteet\",\"item\":\"https:\\\/\\\/naturalpoland.com\\\/fi\\\/tuotteet\\\/\"},{\"@type\":\"ListItem\",\"position\":3,\"name\":\"Gynostemma -uute\"}]},{\"@type\":\"WebSite\",\"@id\":\"https:\\\/\\\/naturalpoland.com\\\/fi\\\/#website\",\"url\":\"https:\\\/\\\/naturalpoland.com\\\/fi\\\/\",\"name\":\"NATURAL POLAND - RAAKA-AINEIDEN TUKKUJAKELIJA\",\"description\":\"Surowce dla przemys\u0142u spo\u017cywczego, kosmetycznego i farmaceutycznego\",\"publisher\":{\"@id\":\"https:\\\/\\\/naturalpoland.com\\\/fi\\\/#organization\"},\"potentialAction\":[{\"@type\":\"SearchAction\",\"target\":{\"@type\":\"EntryPoint\",\"urlTemplate\":\"https:\\\/\\\/naturalpoland.com\\\/fi\\\/?s={search_term_string}\"},\"query-input\":{\"@type\":\"PropertyValueSpecification\",\"valueRequired\":true,\"valueName\":\"search_term_string\"}}],\"inLanguage\":\"fi\"},{\"@type\":\"Organization\",\"@id\":\"https:\\\/\\\/naturalpoland.com\\\/fi\\\/#organization\",\"name\":\"Natural Poland\",\"url\":\"https:\\\/\\\/naturalpoland.com\\\/fi\\\/\",\"logo\":{\"@type\":\"ImageObject\",\"inLanguage\":\"fi\",\"@id\":\"https:\\\/\\\/naturalpoland.com\\\/fi\\\/#\\\/schema\\\/logo\\\/image\\\/\",\"url\":\"https:\\\/\\\/naturalpoland.com\\\/wp-content\\\/uploads\\\/2021\\\/05\\\/natural-poland-icon.png\",\"contentUrl\":\"https:\\\/\\\/naturalpoland.com\\\/wp-content\\\/uploads\\\/2021\\\/05\\\/natural-poland-icon.png\",\"width\":512,\"height\":512,\"caption\":\"Natural Poland\"},\"image\":{\"@id\":\"https:\\\/\\\/naturalpoland.com\\\/fi\\\/#\\\/schema\\\/logo\\\/image\\\/\"},\"sameAs\":[\"https:\\\/\\\/www.facebook.com\\\/naturalpoland.b2b\",\"https:\\\/\\\/pl.linkedin.com\\\/company\\\/natural-poland\",\"https:\\\/\\\/www.youtube.com\\\/channel\\\/UCgeGGkvOMahZo-xu_MSEWxg\"]}]}<\/script>\n<!-- \/ Yoast SEO plugin. -->","yoast_head_json":{"title":"Gynostemma -uute - Tukkudistribuutio","robots":{"index":"index","follow":"follow","max-snippet":"max-snippet:-1","max-image-preview":"max-image-preview:large","max-video-preview":"max-video-preview:-1"},"canonical":"https:\/\/naturalpoland.com\/fi\/tuotteet\/kasviuutteet\/ote-z-gynostemma-kiinalainen-nimi-jiao-gu-lan\/","og_locale":"fi_FI","og_type":"article","og_title":"Gynostemma -uute - Tukkudistribuutio","og_description":"Gynostemma -uute (kiinalainen nimi: Jiao Gu Lan) sit\u00e4 kutsutaan my\u00f6s el\u00e4m\u00e4n yrtiksi tai pitk\u00e4ik\u00e4isyyden yrtiksi. Kaukoid\u00e4n vaihtoehtoisessa l\u00e4\u00e4ketieteess\u00e4 sill\u00e4 on t\u00e4rke\u00e4 rooli monien sairauksien l\u00e4\u00e4kkeen\u00e4. Sit\u00e4 k\u00e4ytet\u00e4\u00e4n migreeniin, unih\u00e4iri\u00f6ihin, diabetekseen, masennukseen, astmaan ja maksasairauksiin. Monet kiinalaiset uskovat sen pident\u00e4v\u00e4n el\u00e4m\u00e4\u00e4.","og_url":"https:\/\/naturalpoland.com\/fi\/tuotteet\/kasviuutteet\/ote-z-gynostemma-kiinalainen-nimi-jiao-gu-lan\/","og_site_name":"NATURAL POLAND - RAAKA-AINEIDEN TUKKUJAKELIJA","article_publisher":"https:\/\/www.facebook.com\/naturalpoland.b2b","og_image":[{"width":612,"height":612,"url":"https:\/\/naturalpoland.com\/wp-content\/uploads\/ekstrakt-z-gynostemma-pentaphyllum.webp","type":"image\/webp"}],"schema":{"@context":"https:\/\/schema.org","@graph":[{"@type":"WebPage","@id":"https:\/\/naturalpoland.com\/fi\/tuotteet\/kasviuutteet\/ote-z-gynostemma-kiinalainen-nimi-jiao-gu-lan\/","url":"https:\/\/naturalpoland.com\/fi\/tuotteet\/kasviuutteet\/ote-z-gynostemma-kiinalainen-nimi-jiao-gu-lan\/","name":"Gynostemma -uute - Tukkudistribuutio","isPartOf":{"@id":"https:\/\/naturalpoland.com\/fi\/#website"},"primaryImageOfPage":{"@id":"https:\/\/naturalpoland.com\/fi\/tuotteet\/kasviuutteet\/ote-z-gynostemma-kiinalainen-nimi-jiao-gu-lan\/#primaryimage"},"image":{"@id":"https:\/\/naturalpoland.com\/fi\/tuotteet\/kasviuutteet\/ote-z-gynostemma-kiinalainen-nimi-jiao-gu-lan\/#primaryimage"},"thumbnailUrl":"https:\/\/naturalpoland.com\/wp-content\/uploads\/ekstrakt-z-gynostemma-pentaphyllum.webp","datePublished":"2021-09-10T13:20:22+00:00","breadcrumb":{"@id":"https:\/\/naturalpoland.com\/fi\/tuotteet\/kasviuutteet\/ote-z-gynostemma-kiinalainen-nimi-jiao-gu-lan\/#breadcrumb"},"inLanguage":"fi","potentialAction":[{"@type":"ReadAction","target":["https:\/\/naturalpoland.com\/fi\/tuotteet\/kasviuutteet\/ote-z-gynostemma-kiinalainen-nimi-jiao-gu-lan\/"]}]},{"@type":"ImageObject","inLanguage":"fi","@id":"https:\/\/naturalpoland.com\/fi\/tuotteet\/kasviuutteet\/ote-z-gynostemma-kiinalainen-nimi-jiao-gu-lan\/#primaryimage","url":"https:\/\/naturalpoland.com\/wp-content\/uploads\/ekstrakt-z-gynostemma-pentaphyllum.webp","contentUrl":"https:\/\/naturalpoland.com\/wp-content\/uploads\/ekstrakt-z-gynostemma-pentaphyllum.webp","width":612,"height":612,"caption":"Ekstrakt z Gynostemma Pentaphyllum"},{"@type":"BreadcrumbList","@id":"https:\/\/naturalpoland.com\/fi\/tuotteet\/kasviuutteet\/ote-z-gynostemma-kiinalainen-nimi-jiao-gu-lan\/#breadcrumb","itemListElement":[{"@type":"ListItem","position":1,"name":"Etusivu","item":"https:\/\/naturalpoland.com\/fi\/"},{"@type":"ListItem","position":2,"name":"Tuotteet","item":"https:\/\/naturalpoland.com\/fi\/tuotteet\/"},{"@type":"ListItem","position":3,"name":"Gynostemma -uute"}]},{"@type":"WebSite","@id":"https:\/\/naturalpoland.com\/fi\/#website","url":"https:\/\/naturalpoland.com\/fi\/","name":"NATURAL POLAND - RAAKA-AINEIDEN TUKKUJAKELIJA","description":"Surowce dla przemys\u0142u spo\u017cywczego, kosmetycznego i farmaceutycznego","publisher":{"@id":"https:\/\/naturalpoland.com\/fi\/#organization"},"potentialAction":[{"@type":"SearchAction","target":{"@type":"EntryPoint","urlTemplate":"https:\/\/naturalpoland.com\/fi\/?s={search_term_string}"},"query-input":{"@type":"PropertyValueSpecification","valueRequired":true,"valueName":"search_term_string"}}],"inLanguage":"fi"},{"@type":"Organization","@id":"https:\/\/naturalpoland.com\/fi\/#organization","name":"Natural Poland","url":"https:\/\/naturalpoland.com\/fi\/","logo":{"@type":"ImageObject","inLanguage":"fi","@id":"https:\/\/naturalpoland.com\/fi\/#\/schema\/logo\/image\/","url":"https:\/\/naturalpoland.com\/wp-content\/uploads\/2021\/05\/natural-poland-icon.png","contentUrl":"https:\/\/naturalpoland.com\/wp-content\/uploads\/2021\/05\/natural-poland-icon.png","width":512,"height":512,"caption":"Natural Poland"},"image":{"@id":"https:\/\/naturalpoland.com\/fi\/#\/schema\/logo\/image\/"},"sameAs":["https:\/\/www.facebook.com\/naturalpoland.b2b","https:\/\/pl.linkedin.com\/company\/natural-poland","https:\/\/www.youtube.com\/channel\/UCgeGGkvOMahZo-xu_MSEWxg"]}]}},"_links":{"self":[{"href":"https:\/\/naturalpoland.com\/fi\/wp-json\/wp\/v2\/product\/8527","targetHints":{"allow":["GET"]}}],"collection":[{"href":"https:\/\/naturalpoland.com\/fi\/wp-json\/wp\/v2\/product"}],"about":[{"href":"https:\/\/naturalpoland.com\/fi\/wp-json\/wp\/v2\/types\/product"}],"wp:featuredmedia":[{"embeddable":true,"href":"https:\/\/naturalpoland.com\/fi\/wp-json\/wp\/v2\/media\/34568"}],"wp:attachment":[{"href":"https:\/\/naturalpoland.com\/fi\/wp-json\/wp\/v2\/media?parent=8527"}],"wp:term":[{"taxonomy":"product_brand","embeddable":true,"href":"https:\/\/naturalpoland.com\/fi\/wp-json\/wp\/v2\/product_brand?post=8527"},{"taxonomy":"product_cat","embeddable":true,"href":"https:\/\/naturalpoland.com\/fi\/wp-json\/wp\/v2\/product_cat?post=8527"},{"taxonomy":"product_tag","embeddable":true,"href":"https:\/\/naturalpoland.com\/fi\/wp-json\/wp\/v2\/product_tag?post=8527"}],"curies":[{"name":"wp","href":"https:\/\/api.w.org\/{rel}","templated":true}]}}