{"id":8541,"date":"2021-05-11T13:40:10","date_gmt":"2021-09-10T13:20:36","guid":{"rendered":"https:\/\/naturalpoland.pl\/produkty\/Ei-luokiteltu\/sarsaparilla-juuriuute\/"},"modified":"2021-09-10T15:20:43","modified_gmt":"2021-09-10T13:20:43","slug":"sarsaparilla-juuriuute","status":"publish","type":"product","link":"https:\/\/naturalpoland.com\/fi\/tuotteet\/laaketeollisuuden-tuotteet\/ravintolisien-ainesosat\/sarsaparilla-juuriuute\/","title":{"rendered":"Sarsaparilla -juuriuute"},"content":{"rendered":"<p>T\u00e4ll\u00e4 uutteella on monia eri k\u00e4ytt\u00f6tarkoituksia. Se voi my\u00f6s tukea kehon vastustuskyky\u00e4 ja puhdistaa sen toksiineista. Sill\u00e4 on diureettinen vaikutus.<\/p>\n<p>Viime vuosina kehonrakentajat ovat usein valinneet sarsaparillajuuren uutteen. He tavoittelevat sit\u00e4 nopeuttaakseen lihasmassan rakentamista, koska se nopeuttaa proteiinisynteesi\u00e4. Joskus sarsaparillan juuria kutsutaan uudeksi ginsengiksi.<\/p>\n","protected":false},"excerpt":{"rendered":"<p>Sarsaparilla -juuriuutetta k\u00e4ytet\u00e4\u00e4n parantamaan ihon tilaa. Se tunnetaan kuitenkin parhaiten siit\u00e4, ett\u00e4 kasvi, josta se on saatu &#8211;<strong> Meksikon sarsaparilla<\/strong> pidet\u00e4\u00e4n afrodisiakkina.<\/p>\n","protected":false},"featured_media":8187,"template":"","meta":{"_acf_changed":false},"product_brand":[],"product_cat":[528,535],"product_tag":[],"class_list":{"0":"post-8541","1":"product","2":"type-product","3":"status-publish","4":"has-post-thumbnail","6":"product_cat-kasviuutteet","7":"product_cat-ravintolisien-ainesosat","9":"first","10":"instock","11":"shipping-taxable","12":"product-type-simple"},"acf":[],"yoast_head":"<!-- This site is optimized with the Yoast SEO plugin v27.5 - https:\/\/yoast.com\/product\/yoast-seo-wordpress\/ -->\n<title>Sarsaparilla -juuriuute - Tukkudistribuutio<\/title>\n<meta name=\"robots\" content=\"index, follow, max-snippet:-1, max-image-preview:large, max-video-preview:-1\" \/>\n<link rel=\"canonical\" href=\"https:\/\/naturalpoland.com\/fi\/tuotteet\/laaketeollisuuden-tuotteet\/ravintolisien-ainesosat\/sarsaparilla-juuriuute\/\" \/>\n<meta property=\"og:locale\" content=\"fi_FI\" \/>\n<meta property=\"og:type\" content=\"article\" \/>\n<meta property=\"og:title\" content=\"Sarsaparilla -juuriuute - Tukkudistribuutio\" \/>\n<meta property=\"og:description\" content=\"Sarsaparilla -juuriuutetta k\u00e4ytet\u00e4\u00e4n parantamaan ihon tilaa. Se tunnetaan kuitenkin parhaiten siit\u00e4, ett\u00e4 kasvi, josta se on saatu - Meksikon sarsaparilla pidet\u00e4\u00e4n afrodisiakkina.\" \/>\n<meta property=\"og:url\" content=\"https:\/\/naturalpoland.com\/fi\/tuotteet\/laaketeollisuuden-tuotteet\/ravintolisien-ainesosat\/sarsaparilla-juuriuute\/\" \/>\n<meta property=\"og:site_name\" content=\"NATURAL POLAND - RAAKA-AINEIDEN TUKKUJAKELIJA\" \/>\n<meta property=\"article:publisher\" content=\"https:\/\/www.facebook.com\/naturalpoland.b2b\" \/>\n<meta property=\"article:modified_time\" content=\"2021-09-10T13:20:43+00:00\" \/>\n<meta property=\"og:image\" content=\"https:\/\/naturalpoland.com\/wp-content\/uploads\/2021\/05\/sarsaparilla-root-extract.jpg\" \/>\n\t<meta property=\"og:image:width\" content=\"532\" \/>\n\t<meta property=\"og:image:height\" content=\"800\" \/>\n\t<meta property=\"og:image:type\" content=\"image\/jpeg\" \/>\n<script type=\"application\/ld+json\" class=\"yoast-schema-graph\">{\"@context\":\"https:\\\/\\\/schema.org\",\"@graph\":[{\"@type\":\"WebPage\",\"@id\":\"https:\\\/\\\/naturalpoland.com\\\/fi\\\/tuotteet\\\/laaketeollisuuden-tuotteet\\\/ravintolisien-ainesosat\\\/sarsaparilla-juuriuute\\\/\",\"url\":\"https:\\\/\\\/naturalpoland.com\\\/fi\\\/tuotteet\\\/laaketeollisuuden-tuotteet\\\/ravintolisien-ainesosat\\\/sarsaparilla-juuriuute\\\/\",\"name\":\"Sarsaparilla -juuriuute - Tukkudistribuutio\",\"isPartOf\":{\"@id\":\"https:\\\/\\\/naturalpoland.com\\\/fi\\\/#website\"},\"primaryImageOfPage\":{\"@id\":\"https:\\\/\\\/naturalpoland.com\\\/fi\\\/tuotteet\\\/laaketeollisuuden-tuotteet\\\/ravintolisien-ainesosat\\\/sarsaparilla-juuriuute\\\/#primaryimage\"},\"image\":{\"@id\":\"https:\\\/\\\/naturalpoland.com\\\/fi\\\/tuotteet\\\/laaketeollisuuden-tuotteet\\\/ravintolisien-ainesosat\\\/sarsaparilla-juuriuute\\\/#primaryimage\"},\"thumbnailUrl\":\"https:\\\/\\\/naturalpoland.com\\\/wp-content\\\/uploads\\\/2021\\\/05\\\/sarsaparilla-root-extract.jpg\",\"datePublished\":\"2021-09-10T13:20:36+00:00\",\"dateModified\":\"2021-09-10T13:20:43+00:00\",\"breadcrumb\":{\"@id\":\"https:\\\/\\\/naturalpoland.com\\\/fi\\\/tuotteet\\\/laaketeollisuuden-tuotteet\\\/ravintolisien-ainesosat\\\/sarsaparilla-juuriuute\\\/#breadcrumb\"},\"inLanguage\":\"fi\",\"potentialAction\":[{\"@type\":\"ReadAction\",\"target\":[\"https:\\\/\\\/naturalpoland.com\\\/fi\\\/tuotteet\\\/laaketeollisuuden-tuotteet\\\/ravintolisien-ainesosat\\\/sarsaparilla-juuriuute\\\/\"]}]},{\"@type\":\"ImageObject\",\"inLanguage\":\"fi\",\"@id\":\"https:\\\/\\\/naturalpoland.com\\\/fi\\\/tuotteet\\\/laaketeollisuuden-tuotteet\\\/ravintolisien-ainesosat\\\/sarsaparilla-juuriuute\\\/#primaryimage\",\"url\":\"https:\\\/\\\/naturalpoland.com\\\/wp-content\\\/uploads\\\/2021\\\/05\\\/sarsaparilla-root-extract.jpg\",\"contentUrl\":\"https:\\\/\\\/naturalpoland.com\\\/wp-content\\\/uploads\\\/2021\\\/05\\\/sarsaparilla-root-extract.jpg\",\"width\":532,\"height\":800},{\"@type\":\"BreadcrumbList\",\"@id\":\"https:\\\/\\\/naturalpoland.com\\\/fi\\\/tuotteet\\\/laaketeollisuuden-tuotteet\\\/ravintolisien-ainesosat\\\/sarsaparilla-juuriuute\\\/#breadcrumb\",\"itemListElement\":[{\"@type\":\"ListItem\",\"position\":1,\"name\":\"Etusivu\",\"item\":\"https:\\\/\\\/naturalpoland.com\\\/fi\\\/\"},{\"@type\":\"ListItem\",\"position\":2,\"name\":\"Tuotteet\",\"item\":\"https:\\\/\\\/naturalpoland.com\\\/fi\\\/tuotteet\\\/\"},{\"@type\":\"ListItem\",\"position\":3,\"name\":\"Sarsaparilla -juuriuute\"}]},{\"@type\":\"WebSite\",\"@id\":\"https:\\\/\\\/naturalpoland.com\\\/fi\\\/#website\",\"url\":\"https:\\\/\\\/naturalpoland.com\\\/fi\\\/\",\"name\":\"NATURAL POLAND - RAAKA-AINEIDEN TUKKUJAKELIJA\",\"description\":\"Surowce dla przemys\u0142u spo\u017cywczego, kosmetycznego i farmaceutycznego\",\"publisher\":{\"@id\":\"https:\\\/\\\/naturalpoland.com\\\/fi\\\/#organization\"},\"potentialAction\":[{\"@type\":\"SearchAction\",\"target\":{\"@type\":\"EntryPoint\",\"urlTemplate\":\"https:\\\/\\\/naturalpoland.com\\\/fi\\\/?s={search_term_string}\"},\"query-input\":{\"@type\":\"PropertyValueSpecification\",\"valueRequired\":true,\"valueName\":\"search_term_string\"}}],\"inLanguage\":\"fi\"},{\"@type\":\"Organization\",\"@id\":\"https:\\\/\\\/naturalpoland.com\\\/fi\\\/#organization\",\"name\":\"Natural Poland\",\"url\":\"https:\\\/\\\/naturalpoland.com\\\/fi\\\/\",\"logo\":{\"@type\":\"ImageObject\",\"inLanguage\":\"fi\",\"@id\":\"https:\\\/\\\/naturalpoland.com\\\/fi\\\/#\\\/schema\\\/logo\\\/image\\\/\",\"url\":\"https:\\\/\\\/naturalpoland.com\\\/wp-content\\\/uploads\\\/2021\\\/05\\\/natural-poland-icon.png\",\"contentUrl\":\"https:\\\/\\\/naturalpoland.com\\\/wp-content\\\/uploads\\\/2021\\\/05\\\/natural-poland-icon.png\",\"width\":512,\"height\":512,\"caption\":\"Natural Poland\"},\"image\":{\"@id\":\"https:\\\/\\\/naturalpoland.com\\\/fi\\\/#\\\/schema\\\/logo\\\/image\\\/\"},\"sameAs\":[\"https:\\\/\\\/www.facebook.com\\\/naturalpoland.b2b\",\"https:\\\/\\\/pl.linkedin.com\\\/company\\\/natural-poland\",\"https:\\\/\\\/www.youtube.com\\\/channel\\\/UCgeGGkvOMahZo-xu_MSEWxg\"]}]}<\/script>\n<!-- \/ Yoast SEO plugin. -->","yoast_head_json":{"title":"Sarsaparilla -juuriuute - Tukkudistribuutio","robots":{"index":"index","follow":"follow","max-snippet":"max-snippet:-1","max-image-preview":"max-image-preview:large","max-video-preview":"max-video-preview:-1"},"canonical":"https:\/\/naturalpoland.com\/fi\/tuotteet\/laaketeollisuuden-tuotteet\/ravintolisien-ainesosat\/sarsaparilla-juuriuute\/","og_locale":"fi_FI","og_type":"article","og_title":"Sarsaparilla -juuriuute - Tukkudistribuutio","og_description":"Sarsaparilla -juuriuutetta k\u00e4ytet\u00e4\u00e4n parantamaan ihon tilaa. Se tunnetaan kuitenkin parhaiten siit\u00e4, ett\u00e4 kasvi, josta se on saatu - Meksikon sarsaparilla pidet\u00e4\u00e4n afrodisiakkina.","og_url":"https:\/\/naturalpoland.com\/fi\/tuotteet\/laaketeollisuuden-tuotteet\/ravintolisien-ainesosat\/sarsaparilla-juuriuute\/","og_site_name":"NATURAL POLAND - RAAKA-AINEIDEN TUKKUJAKELIJA","article_publisher":"https:\/\/www.facebook.com\/naturalpoland.b2b","article_modified_time":"2021-09-10T13:20:43+00:00","og_image":[{"width":532,"height":800,"url":"https:\/\/naturalpoland.com\/wp-content\/uploads\/2021\/05\/sarsaparilla-root-extract.jpg","type":"image\/jpeg"}],"schema":{"@context":"https:\/\/schema.org","@graph":[{"@type":"WebPage","@id":"https:\/\/naturalpoland.com\/fi\/tuotteet\/laaketeollisuuden-tuotteet\/ravintolisien-ainesosat\/sarsaparilla-juuriuute\/","url":"https:\/\/naturalpoland.com\/fi\/tuotteet\/laaketeollisuuden-tuotteet\/ravintolisien-ainesosat\/sarsaparilla-juuriuute\/","name":"Sarsaparilla -juuriuute - Tukkudistribuutio","isPartOf":{"@id":"https:\/\/naturalpoland.com\/fi\/#website"},"primaryImageOfPage":{"@id":"https:\/\/naturalpoland.com\/fi\/tuotteet\/laaketeollisuuden-tuotteet\/ravintolisien-ainesosat\/sarsaparilla-juuriuute\/#primaryimage"},"image":{"@id":"https:\/\/naturalpoland.com\/fi\/tuotteet\/laaketeollisuuden-tuotteet\/ravintolisien-ainesosat\/sarsaparilla-juuriuute\/#primaryimage"},"thumbnailUrl":"https:\/\/naturalpoland.com\/wp-content\/uploads\/2021\/05\/sarsaparilla-root-extract.jpg","datePublished":"2021-09-10T13:20:36+00:00","dateModified":"2021-09-10T13:20:43+00:00","breadcrumb":{"@id":"https:\/\/naturalpoland.com\/fi\/tuotteet\/laaketeollisuuden-tuotteet\/ravintolisien-ainesosat\/sarsaparilla-juuriuute\/#breadcrumb"},"inLanguage":"fi","potentialAction":[{"@type":"ReadAction","target":["https:\/\/naturalpoland.com\/fi\/tuotteet\/laaketeollisuuden-tuotteet\/ravintolisien-ainesosat\/sarsaparilla-juuriuute\/"]}]},{"@type":"ImageObject","inLanguage":"fi","@id":"https:\/\/naturalpoland.com\/fi\/tuotteet\/laaketeollisuuden-tuotteet\/ravintolisien-ainesosat\/sarsaparilla-juuriuute\/#primaryimage","url":"https:\/\/naturalpoland.com\/wp-content\/uploads\/2021\/05\/sarsaparilla-root-extract.jpg","contentUrl":"https:\/\/naturalpoland.com\/wp-content\/uploads\/2021\/05\/sarsaparilla-root-extract.jpg","width":532,"height":800},{"@type":"BreadcrumbList","@id":"https:\/\/naturalpoland.com\/fi\/tuotteet\/laaketeollisuuden-tuotteet\/ravintolisien-ainesosat\/sarsaparilla-juuriuute\/#breadcrumb","itemListElement":[{"@type":"ListItem","position":1,"name":"Etusivu","item":"https:\/\/naturalpoland.com\/fi\/"},{"@type":"ListItem","position":2,"name":"Tuotteet","item":"https:\/\/naturalpoland.com\/fi\/tuotteet\/"},{"@type":"ListItem","position":3,"name":"Sarsaparilla -juuriuute"}]},{"@type":"WebSite","@id":"https:\/\/naturalpoland.com\/fi\/#website","url":"https:\/\/naturalpoland.com\/fi\/","name":"NATURAL POLAND - RAAKA-AINEIDEN TUKKUJAKELIJA","description":"Surowce dla przemys\u0142u spo\u017cywczego, kosmetycznego i farmaceutycznego","publisher":{"@id":"https:\/\/naturalpoland.com\/fi\/#organization"},"potentialAction":[{"@type":"SearchAction","target":{"@type":"EntryPoint","urlTemplate":"https:\/\/naturalpoland.com\/fi\/?s={search_term_string}"},"query-input":{"@type":"PropertyValueSpecification","valueRequired":true,"valueName":"search_term_string"}}],"inLanguage":"fi"},{"@type":"Organization","@id":"https:\/\/naturalpoland.com\/fi\/#organization","name":"Natural Poland","url":"https:\/\/naturalpoland.com\/fi\/","logo":{"@type":"ImageObject","inLanguage":"fi","@id":"https:\/\/naturalpoland.com\/fi\/#\/schema\/logo\/image\/","url":"https:\/\/naturalpoland.com\/wp-content\/uploads\/2021\/05\/natural-poland-icon.png","contentUrl":"https:\/\/naturalpoland.com\/wp-content\/uploads\/2021\/05\/natural-poland-icon.png","width":512,"height":512,"caption":"Natural Poland"},"image":{"@id":"https:\/\/naturalpoland.com\/fi\/#\/schema\/logo\/image\/"},"sameAs":["https:\/\/www.facebook.com\/naturalpoland.b2b","https:\/\/pl.linkedin.com\/company\/natural-poland","https:\/\/www.youtube.com\/channel\/UCgeGGkvOMahZo-xu_MSEWxg"]}]}},"_links":{"self":[{"href":"https:\/\/naturalpoland.com\/fi\/wp-json\/wp\/v2\/product\/8541","targetHints":{"allow":["GET"]}}],"collection":[{"href":"https:\/\/naturalpoland.com\/fi\/wp-json\/wp\/v2\/product"}],"about":[{"href":"https:\/\/naturalpoland.com\/fi\/wp-json\/wp\/v2\/types\/product"}],"wp:featuredmedia":[{"embeddable":true,"href":"https:\/\/naturalpoland.com\/fi\/wp-json\/wp\/v2\/media\/8187"}],"wp:attachment":[{"href":"https:\/\/naturalpoland.com\/fi\/wp-json\/wp\/v2\/media?parent=8541"}],"wp:term":[{"taxonomy":"product_brand","embeddable":true,"href":"https:\/\/naturalpoland.com\/fi\/wp-json\/wp\/v2\/product_brand?post=8541"},{"taxonomy":"product_cat","embeddable":true,"href":"https:\/\/naturalpoland.com\/fi\/wp-json\/wp\/v2\/product_cat?post=8541"},{"taxonomy":"product_tag","embeddable":true,"href":"https:\/\/naturalpoland.com\/fi\/wp-json\/wp\/v2\/product_tag?post=8541"}],"curies":[{"name":"wp","href":"https:\/\/api.w.org\/{rel}","templated":true}]}}