{"id":8564,"date":"2021-05-11T13:40:34","date_gmt":"2021-09-10T13:21:12","guid":{"rendered":"https:\/\/naturalpoland.pl\/produkty\/Ei-luokiteltu\/cassia-fistula-siemenuute\/"},"modified":"2021-09-10T15:21:12","modified_gmt":"2021-09-10T13:21:12","slug":"cassia-fistula-siemen-uute","status":"publish","type":"product","link":"https:\/\/naturalpoland.com\/fi\/tuotteet\/kasviuutteet\/cassia-fistula-siemen-uute\/","title":{"rendered":"Cassia fistula siemenuute"},"content":{"rendered":"<p>Cassia fistula siemenuutetta voidaan k\u00e4ytt\u00e4\u00e4 my\u00f6s voiteiden ja voiteiden ainesosana. Se on arvokas lis\u00e4, jolla on hyv\u00e4 vaikutus ihoon. Se kosteuttaa, s\u00e4vytt\u00e4\u00e4 ja ravitsee sit\u00e4 syv\u00e4sti. Hiuksiin levitett\u00e4ess\u00e4 se voi sakeuttaa sit\u00e4, mutta se voi my\u00f6s vaikuttaa niiden v\u00e4riin ja vaalentaa hiukan.<\/p>\n","protected":false},"excerpt":{"rendered":"<p>Cassia fistula siemenuute saadaan putkimaisen palkokasvien siemenist\u00e4, intialaisesta kasvista, jota on k\u00e4ytetty l\u00e4\u00e4ketieteess\u00e4 vuosisatojen ajan. Sit\u00e4 k\u00e4ytet\u00e4\u00e4n vahvistamaan verisuonia ja parantamaan niiden toimintaa. T\u00e4m\u00e4n uutteen ansiosta voit torjua suonikohjujen ja h\u00e4m\u00e4h\u00e4kkisuonien muodostumista. Sit\u00e4 voidaan k\u00e4ytt\u00e4\u00e4 my\u00f6s ruoansulatuksen ja ruoansulatusj\u00e4rjestelm\u00e4n toiminnan parantamiseen.<\/p>\n","protected":false},"featured_media":8246,"template":"","meta":{"_acf_changed":false},"product_brand":[],"product_cat":[528],"product_tag":[],"class_list":{"0":"post-8564","1":"product","2":"type-product","3":"status-publish","4":"has-post-thumbnail","6":"product_cat-kasviuutteet","8":"first","9":"instock","10":"shipping-taxable","11":"product-type-simple"},"acf":[],"yoast_head":"<!-- This site is optimized with the Yoast SEO plugin v27.4 - https:\/\/yoast.com\/product\/yoast-seo-wordpress\/ -->\n<title>Cassia fistula siemenuute - Tukkudistribuutio<\/title>\n<meta name=\"robots\" content=\"index, follow, max-snippet:-1, max-image-preview:large, max-video-preview:-1\" \/>\n<link rel=\"canonical\" href=\"https:\/\/naturalpoland.com\/fi\/tuotteet\/kasviuutteet\/cassia-fistula-siemen-uute\/\" \/>\n<meta property=\"og:locale\" content=\"fi_FI\" \/>\n<meta property=\"og:type\" content=\"article\" \/>\n<meta property=\"og:title\" content=\"Cassia fistula siemenuute - Tukkudistribuutio\" \/>\n<meta property=\"og:description\" content=\"Cassia fistula siemenuute saadaan putkimaisen palkokasvien siemenist\u00e4, intialaisesta kasvista, jota on k\u00e4ytetty l\u00e4\u00e4ketieteess\u00e4 vuosisatojen ajan. Sit\u00e4 k\u00e4ytet\u00e4\u00e4n vahvistamaan verisuonia ja parantamaan niiden toimintaa. T\u00e4m\u00e4n uutteen ansiosta voit torjua suonikohjujen ja h\u00e4m\u00e4h\u00e4kkisuonien muodostumista. Sit\u00e4 voidaan k\u00e4ytt\u00e4\u00e4 my\u00f6s ruoansulatuksen ja ruoansulatusj\u00e4rjestelm\u00e4n toiminnan parantamiseen.\" \/>\n<meta property=\"og:url\" content=\"https:\/\/naturalpoland.com\/fi\/tuotteet\/kasviuutteet\/cassia-fistula-siemen-uute\/\" \/>\n<meta property=\"og:site_name\" content=\"NATURAL POLAND - RAAKA-AINEIDEN TUKKUJAKELIJA\" \/>\n<meta property=\"article:publisher\" content=\"https:\/\/www.facebook.com\/naturalpoland.b2b\" \/>\n<meta property=\"og:image\" content=\"https:\/\/naturalpoland.com\/wp-content\/uploads\/2021\/05\/cassia-fistula-seed-extract.jpg\" \/>\n\t<meta property=\"og:image:width\" content=\"280\" \/>\n\t<meta property=\"og:image:height\" content=\"280\" \/>\n\t<meta property=\"og:image:type\" content=\"image\/jpeg\" \/>\n<script type=\"application\/ld+json\" class=\"yoast-schema-graph\">{\"@context\":\"https:\\\/\\\/schema.org\",\"@graph\":[{\"@type\":\"WebPage\",\"@id\":\"https:\\\/\\\/naturalpoland.com\\\/fi\\\/tuotteet\\\/kasviuutteet\\\/cassia-fistula-siemen-uute\\\/\",\"url\":\"https:\\\/\\\/naturalpoland.com\\\/fi\\\/tuotteet\\\/kasviuutteet\\\/cassia-fistula-siemen-uute\\\/\",\"name\":\"Cassia fistula siemenuute - Tukkudistribuutio\",\"isPartOf\":{\"@id\":\"https:\\\/\\\/naturalpoland.com\\\/fi\\\/#website\"},\"primaryImageOfPage\":{\"@id\":\"https:\\\/\\\/naturalpoland.com\\\/fi\\\/tuotteet\\\/kasviuutteet\\\/cassia-fistula-siemen-uute\\\/#primaryimage\"},\"image\":{\"@id\":\"https:\\\/\\\/naturalpoland.com\\\/fi\\\/tuotteet\\\/kasviuutteet\\\/cassia-fistula-siemen-uute\\\/#primaryimage\"},\"thumbnailUrl\":\"https:\\\/\\\/naturalpoland.com\\\/wp-content\\\/uploads\\\/2021\\\/05\\\/cassia-fistula-seed-extract.jpg\",\"datePublished\":\"2021-09-10T13:21:12+00:00\",\"breadcrumb\":{\"@id\":\"https:\\\/\\\/naturalpoland.com\\\/fi\\\/tuotteet\\\/kasviuutteet\\\/cassia-fistula-siemen-uute\\\/#breadcrumb\"},\"inLanguage\":\"fi\",\"potentialAction\":[{\"@type\":\"ReadAction\",\"target\":[\"https:\\\/\\\/naturalpoland.com\\\/fi\\\/tuotteet\\\/kasviuutteet\\\/cassia-fistula-siemen-uute\\\/\"]}]},{\"@type\":\"ImageObject\",\"inLanguage\":\"fi\",\"@id\":\"https:\\\/\\\/naturalpoland.com\\\/fi\\\/tuotteet\\\/kasviuutteet\\\/cassia-fistula-siemen-uute\\\/#primaryimage\",\"url\":\"https:\\\/\\\/naturalpoland.com\\\/wp-content\\\/uploads\\\/2021\\\/05\\\/cassia-fistula-seed-extract.jpg\",\"contentUrl\":\"https:\\\/\\\/naturalpoland.com\\\/wp-content\\\/uploads\\\/2021\\\/05\\\/cassia-fistula-seed-extract.jpg\",\"width\":280,\"height\":280},{\"@type\":\"BreadcrumbList\",\"@id\":\"https:\\\/\\\/naturalpoland.com\\\/fi\\\/tuotteet\\\/kasviuutteet\\\/cassia-fistula-siemen-uute\\\/#breadcrumb\",\"itemListElement\":[{\"@type\":\"ListItem\",\"position\":1,\"name\":\"Etusivu\",\"item\":\"https:\\\/\\\/naturalpoland.com\\\/fi\\\/\"},{\"@type\":\"ListItem\",\"position\":2,\"name\":\"Tuotteet\",\"item\":\"https:\\\/\\\/naturalpoland.com\\\/fi\\\/tuotteet\\\/\"},{\"@type\":\"ListItem\",\"position\":3,\"name\":\"Cassia fistula siemenuute\"}]},{\"@type\":\"WebSite\",\"@id\":\"https:\\\/\\\/naturalpoland.com\\\/fi\\\/#website\",\"url\":\"https:\\\/\\\/naturalpoland.com\\\/fi\\\/\",\"name\":\"NATURAL POLAND - RAAKA-AINEIDEN TUKKUJAKELIJA\",\"description\":\"Surowce dla przemys\u0142u spo\u017cywczego, kosmetycznego i farmaceutycznego\",\"publisher\":{\"@id\":\"https:\\\/\\\/naturalpoland.com\\\/fi\\\/#organization\"},\"potentialAction\":[{\"@type\":\"SearchAction\",\"target\":{\"@type\":\"EntryPoint\",\"urlTemplate\":\"https:\\\/\\\/naturalpoland.com\\\/fi\\\/?s={search_term_string}\"},\"query-input\":{\"@type\":\"PropertyValueSpecification\",\"valueRequired\":true,\"valueName\":\"search_term_string\"}}],\"inLanguage\":\"fi\"},{\"@type\":\"Organization\",\"@id\":\"https:\\\/\\\/naturalpoland.com\\\/fi\\\/#organization\",\"name\":\"Natural Poland\",\"url\":\"https:\\\/\\\/naturalpoland.com\\\/fi\\\/\",\"logo\":{\"@type\":\"ImageObject\",\"inLanguage\":\"fi\",\"@id\":\"https:\\\/\\\/naturalpoland.com\\\/fi\\\/#\\\/schema\\\/logo\\\/image\\\/\",\"url\":\"https:\\\/\\\/naturalpoland.com\\\/wp-content\\\/uploads\\\/2021\\\/05\\\/natural-poland-icon.png\",\"contentUrl\":\"https:\\\/\\\/naturalpoland.com\\\/wp-content\\\/uploads\\\/2021\\\/05\\\/natural-poland-icon.png\",\"width\":512,\"height\":512,\"caption\":\"Natural Poland\"},\"image\":{\"@id\":\"https:\\\/\\\/naturalpoland.com\\\/fi\\\/#\\\/schema\\\/logo\\\/image\\\/\"},\"sameAs\":[\"https:\\\/\\\/www.facebook.com\\\/naturalpoland.b2b\",\"https:\\\/\\\/pl.linkedin.com\\\/company\\\/natural-poland\",\"https:\\\/\\\/www.youtube.com\\\/channel\\\/UCgeGGkvOMahZo-xu_MSEWxg\"]}]}<\/script>\n<!-- \/ Yoast SEO plugin. -->","yoast_head_json":{"title":"Cassia fistula siemenuute - Tukkudistribuutio","robots":{"index":"index","follow":"follow","max-snippet":"max-snippet:-1","max-image-preview":"max-image-preview:large","max-video-preview":"max-video-preview:-1"},"canonical":"https:\/\/naturalpoland.com\/fi\/tuotteet\/kasviuutteet\/cassia-fistula-siemen-uute\/","og_locale":"fi_FI","og_type":"article","og_title":"Cassia fistula siemenuute - Tukkudistribuutio","og_description":"Cassia fistula siemenuute saadaan putkimaisen palkokasvien siemenist\u00e4, intialaisesta kasvista, jota on k\u00e4ytetty l\u00e4\u00e4ketieteess\u00e4 vuosisatojen ajan. Sit\u00e4 k\u00e4ytet\u00e4\u00e4n vahvistamaan verisuonia ja parantamaan niiden toimintaa. T\u00e4m\u00e4n uutteen ansiosta voit torjua suonikohjujen ja h\u00e4m\u00e4h\u00e4kkisuonien muodostumista. Sit\u00e4 voidaan k\u00e4ytt\u00e4\u00e4 my\u00f6s ruoansulatuksen ja ruoansulatusj\u00e4rjestelm\u00e4n toiminnan parantamiseen.","og_url":"https:\/\/naturalpoland.com\/fi\/tuotteet\/kasviuutteet\/cassia-fistula-siemen-uute\/","og_site_name":"NATURAL POLAND - RAAKA-AINEIDEN TUKKUJAKELIJA","article_publisher":"https:\/\/www.facebook.com\/naturalpoland.b2b","og_image":[{"width":280,"height":280,"url":"https:\/\/naturalpoland.com\/wp-content\/uploads\/2021\/05\/cassia-fistula-seed-extract.jpg","type":"image\/jpeg"}],"schema":{"@context":"https:\/\/schema.org","@graph":[{"@type":"WebPage","@id":"https:\/\/naturalpoland.com\/fi\/tuotteet\/kasviuutteet\/cassia-fistula-siemen-uute\/","url":"https:\/\/naturalpoland.com\/fi\/tuotteet\/kasviuutteet\/cassia-fistula-siemen-uute\/","name":"Cassia fistula siemenuute - Tukkudistribuutio","isPartOf":{"@id":"https:\/\/naturalpoland.com\/fi\/#website"},"primaryImageOfPage":{"@id":"https:\/\/naturalpoland.com\/fi\/tuotteet\/kasviuutteet\/cassia-fistula-siemen-uute\/#primaryimage"},"image":{"@id":"https:\/\/naturalpoland.com\/fi\/tuotteet\/kasviuutteet\/cassia-fistula-siemen-uute\/#primaryimage"},"thumbnailUrl":"https:\/\/naturalpoland.com\/wp-content\/uploads\/2021\/05\/cassia-fistula-seed-extract.jpg","datePublished":"2021-09-10T13:21:12+00:00","breadcrumb":{"@id":"https:\/\/naturalpoland.com\/fi\/tuotteet\/kasviuutteet\/cassia-fistula-siemen-uute\/#breadcrumb"},"inLanguage":"fi","potentialAction":[{"@type":"ReadAction","target":["https:\/\/naturalpoland.com\/fi\/tuotteet\/kasviuutteet\/cassia-fistula-siemen-uute\/"]}]},{"@type":"ImageObject","inLanguage":"fi","@id":"https:\/\/naturalpoland.com\/fi\/tuotteet\/kasviuutteet\/cassia-fistula-siemen-uute\/#primaryimage","url":"https:\/\/naturalpoland.com\/wp-content\/uploads\/2021\/05\/cassia-fistula-seed-extract.jpg","contentUrl":"https:\/\/naturalpoland.com\/wp-content\/uploads\/2021\/05\/cassia-fistula-seed-extract.jpg","width":280,"height":280},{"@type":"BreadcrumbList","@id":"https:\/\/naturalpoland.com\/fi\/tuotteet\/kasviuutteet\/cassia-fistula-siemen-uute\/#breadcrumb","itemListElement":[{"@type":"ListItem","position":1,"name":"Etusivu","item":"https:\/\/naturalpoland.com\/fi\/"},{"@type":"ListItem","position":2,"name":"Tuotteet","item":"https:\/\/naturalpoland.com\/fi\/tuotteet\/"},{"@type":"ListItem","position":3,"name":"Cassia fistula siemenuute"}]},{"@type":"WebSite","@id":"https:\/\/naturalpoland.com\/fi\/#website","url":"https:\/\/naturalpoland.com\/fi\/","name":"NATURAL POLAND - RAAKA-AINEIDEN TUKKUJAKELIJA","description":"Surowce dla przemys\u0142u spo\u017cywczego, kosmetycznego i farmaceutycznego","publisher":{"@id":"https:\/\/naturalpoland.com\/fi\/#organization"},"potentialAction":[{"@type":"SearchAction","target":{"@type":"EntryPoint","urlTemplate":"https:\/\/naturalpoland.com\/fi\/?s={search_term_string}"},"query-input":{"@type":"PropertyValueSpecification","valueRequired":true,"valueName":"search_term_string"}}],"inLanguage":"fi"},{"@type":"Organization","@id":"https:\/\/naturalpoland.com\/fi\/#organization","name":"Natural Poland","url":"https:\/\/naturalpoland.com\/fi\/","logo":{"@type":"ImageObject","inLanguage":"fi","@id":"https:\/\/naturalpoland.com\/fi\/#\/schema\/logo\/image\/","url":"https:\/\/naturalpoland.com\/wp-content\/uploads\/2021\/05\/natural-poland-icon.png","contentUrl":"https:\/\/naturalpoland.com\/wp-content\/uploads\/2021\/05\/natural-poland-icon.png","width":512,"height":512,"caption":"Natural Poland"},"image":{"@id":"https:\/\/naturalpoland.com\/fi\/#\/schema\/logo\/image\/"},"sameAs":["https:\/\/www.facebook.com\/naturalpoland.b2b","https:\/\/pl.linkedin.com\/company\/natural-poland","https:\/\/www.youtube.com\/channel\/UCgeGGkvOMahZo-xu_MSEWxg"]}]}},"_links":{"self":[{"href":"https:\/\/naturalpoland.com\/fi\/wp-json\/wp\/v2\/product\/8564","targetHints":{"allow":["GET"]}}],"collection":[{"href":"https:\/\/naturalpoland.com\/fi\/wp-json\/wp\/v2\/product"}],"about":[{"href":"https:\/\/naturalpoland.com\/fi\/wp-json\/wp\/v2\/types\/product"}],"wp:featuredmedia":[{"embeddable":true,"href":"https:\/\/naturalpoland.com\/fi\/wp-json\/wp\/v2\/media\/8246"}],"wp:attachment":[{"href":"https:\/\/naturalpoland.com\/fi\/wp-json\/wp\/v2\/media?parent=8564"}],"wp:term":[{"taxonomy":"product_brand","embeddable":true,"href":"https:\/\/naturalpoland.com\/fi\/wp-json\/wp\/v2\/product_brand?post=8564"},{"taxonomy":"product_cat","embeddable":true,"href":"https:\/\/naturalpoland.com\/fi\/wp-json\/wp\/v2\/product_cat?post=8564"},{"taxonomy":"product_tag","embeddable":true,"href":"https:\/\/naturalpoland.com\/fi\/wp-json\/wp\/v2\/product_tag?post=8564"}],"curies":[{"name":"wp","href":"https:\/\/api.w.org\/{rel}","templated":true}]}}