{"id":8579,"date":"2021-05-11T13:40:34","date_gmt":"2021-09-10T13:21:32","guid":{"rendered":"https:\/\/naturalpoland.pl\/produkty\/Ei-luokiteltu\/holly-uute\/"},"modified":"2024-09-17T12:32:34","modified_gmt":"2024-09-17T10:32:34","slug":"holly-paraguay-uute","status":"publish","type":"product","link":"https:\/\/naturalpoland.com\/fi\/tuotteet\/kasviuutteet\/holly-paraguay-uute\/","title":{"rendered":"Holly -uute"},"content":{"rendered":"<h2>Uutteen ominaisuudet:<\/h2>\n<p>  Paraguayn holly-kasvin lehdist\u00e4 saatu uute osoittaa vahvoja antioksidanttisia ominaisuuksia, jotka suojaavat DNA:ta, proteiineja ja lipidej\u00e4 vapaiden radikaalien aiheuttamilta vaurioilta.<br \/>\nSen s\u00e4\u00e4nn\u00f6llinen k\u00e4ytt\u00f6 tukee koko kehon toimintaa, lis\u00e4\u00e4 stressinsietokyky\u00e4, parantaa keskittymiskyky\u00e4 ja fyysist\u00e4 suorituskyky\u00e4 sek\u00e4 tukee laihdutusprosesseja lievitt\u00e4m\u00e4ll\u00e4 n\u00e4l\u00e4n tunnetta.<br \/>\nYerba Mate on my\u00f6s runsas vitamiinien (A, B1, B2, C, E) ja kivenn\u00e4isaineiden (magnesium, kalsium, kalium, kalium, rauta) l\u00e4hde, joka parantaa aineenvaihduntaa, verenkiertoa ja tukee immuunij\u00e4rjestelm\u00e4\u00e4.    <\/p>\n<h2>Toiminta:<\/h2>\n<p>  Uutteen vaikuttava aine on <a href=\"https:\/\/naturalpoland.com\/produkty\/produkty-dla-przemyslu-kosmetycznego\/surowce-kosmetyczne\/kofeina\/\"><strong>kofeiini<\/strong><\/a>joka stimuloi keskushermostoa, lis\u00e4\u00e4 energiatasoa ja parantaa keskittymiskyky\u00e4.<br \/>\nUutetta on valmistettu vesiuutolla.<br \/>\nApuaineena k\u00e4ytet\u00e4\u00e4n kantaja-aineena maltodekstriini\u00e4.  <\/p>\n","protected":false},"excerpt":{"rendered":"<p><strong>Yerba Mate -uute <\/strong>valmistetaan Kiinasta kotoisin olevan<em>paraguaylaisen<\/em> pyhimyksen<em>(Ilex paraguariensis A.St.-Hil.<\/em>) lehdist\u00e4.<br \/>\nTuote on hienojakoista ruskeaa jauhetta, jolla on ominainen maku ja aromi. <\/p>\n","protected":false},"featured_media":35644,"template":"","meta":[],"product_brand":[],"product_cat":[528],"product_tag":[],"class_list":{"0":"post-8579","1":"product","2":"type-product","3":"status-publish","4":"has-post-thumbnail","6":"product_cat-kasviuutteet","7":"pa_czesc-rosliny-lehdet","8":"pa_skladnik-aktywny-kofeiini","10":"first","11":"instock","12":"shipping-taxable","13":"product-type-simple"},"yoast_head":"<!-- This site is optimized with the Yoast SEO plugin v27.4 - https:\/\/yoast.com\/product\/yoast-seo-wordpress\/ -->\n<title>Holly -uute - NATURAL POLAND - RAAKA-AINEIDEN TUKKUJAKELIJA<\/title>\n<meta name=\"description\" content=\"Staghorn-uute on tuote niille, jotka etsiv\u00e4t luonnollisia tapoja lis\u00e4t\u00e4 energiaa ja tukea kehoaan.\" \/>\n<meta name=\"robots\" content=\"index, follow, max-snippet:-1, max-image-preview:large, max-video-preview:-1\" \/>\n<link rel=\"canonical\" href=\"https:\/\/naturalpoland.com\/fi\/tuotteet\/kasviuutteet\/holly-paraguay-uute\/\" \/>\n<meta property=\"og:locale\" content=\"fi_FI\" \/>\n<meta property=\"og:type\" content=\"article\" \/>\n<meta property=\"og:title\" content=\"Holly -uute - NATURAL POLAND - RAAKA-AINEIDEN TUKKUJAKELIJA\" \/>\n<meta property=\"og:description\" content=\"Staghorn-uute on tuote niille, jotka etsiv\u00e4t luonnollisia tapoja lis\u00e4t\u00e4 energiaa ja tukea kehoaan.\" \/>\n<meta property=\"og:url\" content=\"https:\/\/naturalpoland.com\/fi\/tuotteet\/kasviuutteet\/holly-paraguay-uute\/\" \/>\n<meta property=\"og:site_name\" content=\"NATURAL POLAND - RAAKA-AINEIDEN TUKKUJAKELIJA\" \/>\n<meta property=\"article:publisher\" content=\"https:\/\/www.facebook.com\/naturalpoland.b2b\" \/>\n<meta property=\"article:modified_time\" content=\"2024-09-17T10:32:34+00:00\" \/>\n<meta property=\"og:image\" content=\"https:\/\/naturalpoland.com\/wp-content\/uploads\/ekstrakt-yerba-mate.webp\" \/>\n\t<meta property=\"og:image:width\" content=\"619\" \/>\n\t<meta property=\"og:image:height\" content=\"619\" \/>\n\t<meta property=\"og:image:type\" content=\"image\/webp\" \/>\n<script type=\"application\/ld+json\" class=\"yoast-schema-graph\">{\"@context\":\"https:\\\/\\\/schema.org\",\"@graph\":[{\"@type\":\"WebPage\",\"@id\":\"https:\\\/\\\/naturalpoland.com\\\/fi\\\/tuotteet\\\/kasviuutteet\\\/holly-paraguay-uute\\\/\",\"url\":\"https:\\\/\\\/naturalpoland.com\\\/fi\\\/tuotteet\\\/kasviuutteet\\\/holly-paraguay-uute\\\/\",\"name\":\"Holly -uute - NATURAL POLAND - RAAKA-AINEIDEN TUKKUJAKELIJA\",\"isPartOf\":{\"@id\":\"https:\\\/\\\/naturalpoland.com\\\/fi\\\/#website\"},\"primaryImageOfPage\":{\"@id\":\"https:\\\/\\\/naturalpoland.com\\\/fi\\\/tuotteet\\\/kasviuutteet\\\/holly-paraguay-uute\\\/#primaryimage\"},\"image\":{\"@id\":\"https:\\\/\\\/naturalpoland.com\\\/fi\\\/tuotteet\\\/kasviuutteet\\\/holly-paraguay-uute\\\/#primaryimage\"},\"thumbnailUrl\":\"https:\\\/\\\/naturalpoland.com\\\/wp-content\\\/uploads\\\/ekstrakt-yerba-mate.webp\",\"datePublished\":\"2021-09-10T13:21:32+00:00\",\"dateModified\":\"2024-09-17T10:32:34+00:00\",\"description\":\"Staghorn-uute on tuote niille, jotka etsiv\u00e4t luonnollisia tapoja lis\u00e4t\u00e4 energiaa ja tukea kehoaan.\",\"breadcrumb\":{\"@id\":\"https:\\\/\\\/naturalpoland.com\\\/fi\\\/tuotteet\\\/kasviuutteet\\\/holly-paraguay-uute\\\/#breadcrumb\"},\"inLanguage\":\"fi\",\"potentialAction\":[{\"@type\":\"ReadAction\",\"target\":[\"https:\\\/\\\/naturalpoland.com\\\/fi\\\/tuotteet\\\/kasviuutteet\\\/holly-paraguay-uute\\\/\"]}]},{\"@type\":\"ImageObject\",\"inLanguage\":\"fi\",\"@id\":\"https:\\\/\\\/naturalpoland.com\\\/fi\\\/tuotteet\\\/kasviuutteet\\\/holly-paraguay-uute\\\/#primaryimage\",\"url\":\"https:\\\/\\\/naturalpoland.com\\\/wp-content\\\/uploads\\\/ekstrakt-yerba-mate.webp\",\"contentUrl\":\"https:\\\/\\\/naturalpoland.com\\\/wp-content\\\/uploads\\\/ekstrakt-yerba-mate.webp\",\"width\":619,\"height\":619,\"caption\":\"Ekstrakt proszkowy z li\u015bci ostrokrzewu paragwajskiego\"},{\"@type\":\"BreadcrumbList\",\"@id\":\"https:\\\/\\\/naturalpoland.com\\\/fi\\\/tuotteet\\\/kasviuutteet\\\/holly-paraguay-uute\\\/#breadcrumb\",\"itemListElement\":[{\"@type\":\"ListItem\",\"position\":1,\"name\":\"Etusivu\",\"item\":\"https:\\\/\\\/naturalpoland.com\\\/fi\\\/\"},{\"@type\":\"ListItem\",\"position\":2,\"name\":\"Tuotteet\",\"item\":\"https:\\\/\\\/naturalpoland.com\\\/fi\\\/tuotteet\\\/\"},{\"@type\":\"ListItem\",\"position\":3,\"name\":\"Holly -uute\"}]},{\"@type\":\"WebSite\",\"@id\":\"https:\\\/\\\/naturalpoland.com\\\/fi\\\/#website\",\"url\":\"https:\\\/\\\/naturalpoland.com\\\/fi\\\/\",\"name\":\"NATURAL POLAND - RAAKA-AINEIDEN TUKKUJAKELIJA\",\"description\":\"Surowce dla przemys\u0142u spo\u017cywczego, kosmetycznego i farmaceutycznego\",\"publisher\":{\"@id\":\"https:\\\/\\\/naturalpoland.com\\\/fi\\\/#organization\"},\"potentialAction\":[{\"@type\":\"SearchAction\",\"target\":{\"@type\":\"EntryPoint\",\"urlTemplate\":\"https:\\\/\\\/naturalpoland.com\\\/fi\\\/?s={search_term_string}\"},\"query-input\":{\"@type\":\"PropertyValueSpecification\",\"valueRequired\":true,\"valueName\":\"search_term_string\"}}],\"inLanguage\":\"fi\"},{\"@type\":\"Organization\",\"@id\":\"https:\\\/\\\/naturalpoland.com\\\/fi\\\/#organization\",\"name\":\"Natural Poland\",\"url\":\"https:\\\/\\\/naturalpoland.com\\\/fi\\\/\",\"logo\":{\"@type\":\"ImageObject\",\"inLanguage\":\"fi\",\"@id\":\"https:\\\/\\\/naturalpoland.com\\\/fi\\\/#\\\/schema\\\/logo\\\/image\\\/\",\"url\":\"https:\\\/\\\/naturalpoland.com\\\/wp-content\\\/uploads\\\/2021\\\/05\\\/natural-poland-icon.png\",\"contentUrl\":\"https:\\\/\\\/naturalpoland.com\\\/wp-content\\\/uploads\\\/2021\\\/05\\\/natural-poland-icon.png\",\"width\":512,\"height\":512,\"caption\":\"Natural Poland\"},\"image\":{\"@id\":\"https:\\\/\\\/naturalpoland.com\\\/fi\\\/#\\\/schema\\\/logo\\\/image\\\/\"},\"sameAs\":[\"https:\\\/\\\/www.facebook.com\\\/naturalpoland.b2b\",\"https:\\\/\\\/pl.linkedin.com\\\/company\\\/natural-poland\",\"https:\\\/\\\/www.youtube.com\\\/channel\\\/UCgeGGkvOMahZo-xu_MSEWxg\"]}]}<\/script>\n<!-- \/ Yoast SEO plugin. -->","yoast_head_json":{"title":"Holly -uute - NATURAL POLAND - RAAKA-AINEIDEN TUKKUJAKELIJA","description":"Staghorn-uute on tuote niille, jotka etsiv\u00e4t luonnollisia tapoja lis\u00e4t\u00e4 energiaa ja tukea kehoaan.","robots":{"index":"index","follow":"follow","max-snippet":"max-snippet:-1","max-image-preview":"max-image-preview:large","max-video-preview":"max-video-preview:-1"},"canonical":"https:\/\/naturalpoland.com\/fi\/tuotteet\/kasviuutteet\/holly-paraguay-uute\/","og_locale":"fi_FI","og_type":"article","og_title":"Holly -uute - NATURAL POLAND - RAAKA-AINEIDEN TUKKUJAKELIJA","og_description":"Staghorn-uute on tuote niille, jotka etsiv\u00e4t luonnollisia tapoja lis\u00e4t\u00e4 energiaa ja tukea kehoaan.","og_url":"https:\/\/naturalpoland.com\/fi\/tuotteet\/kasviuutteet\/holly-paraguay-uute\/","og_site_name":"NATURAL POLAND - RAAKA-AINEIDEN TUKKUJAKELIJA","article_publisher":"https:\/\/www.facebook.com\/naturalpoland.b2b","article_modified_time":"2024-09-17T10:32:34+00:00","og_image":[{"width":619,"height":619,"url":"https:\/\/naturalpoland.com\/wp-content\/uploads\/ekstrakt-yerba-mate.webp","type":"image\/webp"}],"schema":{"@context":"https:\/\/schema.org","@graph":[{"@type":"WebPage","@id":"https:\/\/naturalpoland.com\/fi\/tuotteet\/kasviuutteet\/holly-paraguay-uute\/","url":"https:\/\/naturalpoland.com\/fi\/tuotteet\/kasviuutteet\/holly-paraguay-uute\/","name":"Holly -uute - NATURAL POLAND - RAAKA-AINEIDEN TUKKUJAKELIJA","isPartOf":{"@id":"https:\/\/naturalpoland.com\/fi\/#website"},"primaryImageOfPage":{"@id":"https:\/\/naturalpoland.com\/fi\/tuotteet\/kasviuutteet\/holly-paraguay-uute\/#primaryimage"},"image":{"@id":"https:\/\/naturalpoland.com\/fi\/tuotteet\/kasviuutteet\/holly-paraguay-uute\/#primaryimage"},"thumbnailUrl":"https:\/\/naturalpoland.com\/wp-content\/uploads\/ekstrakt-yerba-mate.webp","datePublished":"2021-09-10T13:21:32+00:00","dateModified":"2024-09-17T10:32:34+00:00","description":"Staghorn-uute on tuote niille, jotka etsiv\u00e4t luonnollisia tapoja lis\u00e4t\u00e4 energiaa ja tukea kehoaan.","breadcrumb":{"@id":"https:\/\/naturalpoland.com\/fi\/tuotteet\/kasviuutteet\/holly-paraguay-uute\/#breadcrumb"},"inLanguage":"fi","potentialAction":[{"@type":"ReadAction","target":["https:\/\/naturalpoland.com\/fi\/tuotteet\/kasviuutteet\/holly-paraguay-uute\/"]}]},{"@type":"ImageObject","inLanguage":"fi","@id":"https:\/\/naturalpoland.com\/fi\/tuotteet\/kasviuutteet\/holly-paraguay-uute\/#primaryimage","url":"https:\/\/naturalpoland.com\/wp-content\/uploads\/ekstrakt-yerba-mate.webp","contentUrl":"https:\/\/naturalpoland.com\/wp-content\/uploads\/ekstrakt-yerba-mate.webp","width":619,"height":619,"caption":"Ekstrakt proszkowy z li\u015bci ostrokrzewu paragwajskiego"},{"@type":"BreadcrumbList","@id":"https:\/\/naturalpoland.com\/fi\/tuotteet\/kasviuutteet\/holly-paraguay-uute\/#breadcrumb","itemListElement":[{"@type":"ListItem","position":1,"name":"Etusivu","item":"https:\/\/naturalpoland.com\/fi\/"},{"@type":"ListItem","position":2,"name":"Tuotteet","item":"https:\/\/naturalpoland.com\/fi\/tuotteet\/"},{"@type":"ListItem","position":3,"name":"Holly -uute"}]},{"@type":"WebSite","@id":"https:\/\/naturalpoland.com\/fi\/#website","url":"https:\/\/naturalpoland.com\/fi\/","name":"NATURAL POLAND - RAAKA-AINEIDEN TUKKUJAKELIJA","description":"Surowce dla przemys\u0142u spo\u017cywczego, kosmetycznego i farmaceutycznego","publisher":{"@id":"https:\/\/naturalpoland.com\/fi\/#organization"},"potentialAction":[{"@type":"SearchAction","target":{"@type":"EntryPoint","urlTemplate":"https:\/\/naturalpoland.com\/fi\/?s={search_term_string}"},"query-input":{"@type":"PropertyValueSpecification","valueRequired":true,"valueName":"search_term_string"}}],"inLanguage":"fi"},{"@type":"Organization","@id":"https:\/\/naturalpoland.com\/fi\/#organization","name":"Natural Poland","url":"https:\/\/naturalpoland.com\/fi\/","logo":{"@type":"ImageObject","inLanguage":"fi","@id":"https:\/\/naturalpoland.com\/fi\/#\/schema\/logo\/image\/","url":"https:\/\/naturalpoland.com\/wp-content\/uploads\/2021\/05\/natural-poland-icon.png","contentUrl":"https:\/\/naturalpoland.com\/wp-content\/uploads\/2021\/05\/natural-poland-icon.png","width":512,"height":512,"caption":"Natural Poland"},"image":{"@id":"https:\/\/naturalpoland.com\/fi\/#\/schema\/logo\/image\/"},"sameAs":["https:\/\/www.facebook.com\/naturalpoland.b2b","https:\/\/pl.linkedin.com\/company\/natural-poland","https:\/\/www.youtube.com\/channel\/UCgeGGkvOMahZo-xu_MSEWxg"]}]}},"_links":{"self":[{"href":"https:\/\/naturalpoland.com\/fi\/wp-json\/wp\/v2\/product\/8579","targetHints":{"allow":["GET"]}}],"collection":[{"href":"https:\/\/naturalpoland.com\/fi\/wp-json\/wp\/v2\/product"}],"about":[{"href":"https:\/\/naturalpoland.com\/fi\/wp-json\/wp\/v2\/types\/product"}],"wp:featuredmedia":[{"embeddable":true,"href":"https:\/\/naturalpoland.com\/fi\/wp-json\/wp\/v2\/media\/35644"}],"wp:attachment":[{"href":"https:\/\/naturalpoland.com\/fi\/wp-json\/wp\/v2\/media?parent=8579"}],"wp:term":[{"taxonomy":"product_brand","embeddable":true,"href":"https:\/\/naturalpoland.com\/fi\/wp-json\/wp\/v2\/product_brand?post=8579"},{"taxonomy":"product_cat","embeddable":true,"href":"https:\/\/naturalpoland.com\/fi\/wp-json\/wp\/v2\/product_cat?post=8579"},{"taxonomy":"product_tag","embeddable":true,"href":"https:\/\/naturalpoland.com\/fi\/wp-json\/wp\/v2\/product_tag?post=8579"}],"curies":[{"name":"wp","href":"https:\/\/api.w.org\/{rel}","templated":true}]}}