{"id":8751,"date":"2021-05-11T13:41:46","date_gmt":"2021-05-11T11:41:46","guid":{"rendered":"https:\/\/naturalpoland.pl\/produkty\/Ei-luokiteltu\/vihrean-teen-uutetta\/"},"modified":"2025-09-09T12:15:32","modified_gmt":"2025-09-09T10:15:32","slug":"vihrean-teen-uutetta","status":"publish","type":"product","link":"https:\/\/naturalpoland.com\/fi\/tuotteet\/elintarviketeollisuuden-tuotteet\/raaka-aineet-tuotantoon\/vihrean-teen-uutetta\/","title":{"rendered":"Vihre\u00e4n teen uutetta"},"content":{"rendered":"<h2>Vihre\u00e4n teen uutteen k\u00e4ytt\u00f6 ja ominaisuudet<\/h2>\n<p>Vihre\u00e4 tee on laajalti arvostettu sen terveytt\u00e4 edist\u00e4vien ominaisuuksien vuoksi, mink\u00e4 takia monet ihmiset juovat sit\u00e4. Vihre\u00e4n teen uutteella on samanlainen maine \u2013 se tukee rasva-aineenvaihduntaa, auttaa elimist\u00f6\u00e4 taistelemaan haitallisia vapaita radikaaleja vastaan, suojaa ihoa UV-s\u00e4teilylt\u00e4 ja auttaa yll\u00e4pit\u00e4m\u00e4\u00e4n veren kolesterolitasoa normaalina. Vihre\u00e4n teen uutetta suositellaan erityisesti ihmisille, jotka ovat laihdutusprosessissa. Vihre\u00e4 tee sis\u00e4lt\u00e4\u00e4 my\u00f6s jonkin verran kofeiinia, mik\u00e4 antaa elimist\u00f6lle pirist\u00e4v\u00e4n vaikutuksen. Se ei ainoastaan anna energiaa, vaan my\u00f6s kiihdytt\u00e4\u00e4 aineenvaihduntaa.<\/p>\n<p>Vihre\u00e4 tee, joka saadaan kiinalaisen teepensaan (<em>Camellia sinensis<\/em>) fermentoimattomista lehdist\u00e4, katsotaan yhdeksi maailman terveellisimmist\u00e4 juomista. Siit\u00e4 saatu uute ei ainoastaan omaa arvokkaita l\u00e4\u00e4kinn\u00e4llisi\u00e4 ominaisuuksia, vaan sill\u00e4 on my\u00f6s laaja k\u00e4ytt\u00f6 kosmetiikkateollisuudessa.<\/p>\n<h2>Polyfenoliset yhdisteet vihre\u00e4ss\u00e4 teess\u00e4<\/h2>\n<p><strong>Vihre\u00e4n teen ominaisuudet johtuvat ennen kaikkea sen korkeasta polyfenolipitoisuudesta<\/strong>. Flavonoidipitoisuus voi olla jopa 30\u201336 % lehtien kuivapainosta. T\u00e4rkeint\u00e4 roolia n\u00e4yttelev\u00e4t katekiiniyhdisteet (flavanolit), jotka muodostavat noin 80 % flavonoidiryhm\u00e4st\u00e4: epigallokatekiinigallaatti, epigallokatekiini, epikatekiinigallaatti ja epikatekiini.<\/p>\n<p>N\u00e4ill\u00e4 yhdisteill\u00e4 on eritt\u00e4in <strong>vahva antioksidanttinen vaikutus<\/strong>, joka perustuu niiden kykyyn poistaa ja v\u00e4hent\u00e4\u00e4 vapaiden radikaalien muodostumista, sek\u00e4 kosmetiikassa arvostettu <strong>turvotusta v\u00e4hent\u00e4v\u00e4 vaikutus<\/strong>.<\/p>\n<p>Lis\u00e4ksi pienemmiss\u00e4 pitoisuuksissa on my\u00f6s muita <strong>flavonoideja<\/strong> \u2014 <strong>kaempferolia, rutiiinia, kversetiini\u00e4, myrisetiini\u00e4 ja niiden glykosideja<\/strong> \u2014 joilla on muun muassa <strong>antioksidanttisia ominaisuuksia ja verihiutaleiden aggregaatiota est\u00e4vi\u00e4 vaikutuksia<\/strong>.<\/p>\n<h2>Vihre\u00e4n teen l\u00e4\u00e4kinn\u00e4lliset ominaisuudet<\/h2>\n<p>Kemiallisen koostumuksensa vuoksi vihre\u00e4n teen uutetta k\u00e4ytet\u00e4\u00e4n laajalti elintarvike- ja l\u00e4\u00e4keteollisuudessa. Vihre\u00e4n teen juominen tai uutteen ottaminen ravintolis\u00e4n\u00e4 (kapselit, tabletit) suositellaan erityisesti ihmisille, jotka haluavat <strong>laihtua<\/strong> ja huolehtia <strong>syd\u00e4n- ja verisuonitautien ehk\u00e4isyst\u00e4<\/strong>. Vihre\u00e4n teen uute on <strong>ateroskleroosia est\u00e4v\u00e4<\/strong>, suojaa verisuonia, <strong>alentaa kolesteroli- ja triglyseriditasoja<\/strong>, est\u00e4\u00e4 rasvasolujen kasvua ja v\u00e4hent\u00e4\u00e4 rasvojen imeytymist\u00e4. N\u00e4iden ominaisuuksien ansiosta vihre\u00e4n teen uutteen s\u00e4\u00e4nn\u00f6llinen k\u00e4ytt\u00f6 edist\u00e4\u00e4 painonhallintaa, est\u00e4\u00e4 rasvakudoksen kertymist\u00e4 ja v\u00e4hent\u00e4\u00e4 syd\u00e4n- ja verisuonitautien riski\u00e4.<\/p>\n<p>Muihin uutteen hy\u00f6dyllisiin ominaisuuksiin kuuluu sen <strong>neuroprotektiivinen vaikutus<\/strong>. Sen antioksidanttiset, verisuonia laajentavat ja detoksifioivat ominaisuudet (kyky kelatoida metalli-ioneja) tekev\u00e4t siit\u00e4 mahdollisen terapeuttisen aineen Alzheimerin taudissa, Parkinsonin taudissa ja etenev\u00e4ss\u00e4 skleroosissa. Tutkimustulokset viittaavat my\u00f6s uutteen mahdolliseen <strong>sy\u00f6p\u00e4\u00e4 ehk\u00e4isev\u00e4\u00e4n vaikutukseen<\/strong>, mit\u00e4 tukevat tilastot, jotka osoittavat yhteyden korkean vihre\u00e4n teen kulutuksen ja alhaisen sy\u00f6p\u00e4esiintyvyyden v\u00e4lill\u00e4 Aasian maissa.<\/p>\n<h2>Vihre\u00e4n teen uutteen kosmeettiset ominaisuudet<\/h2>\n<p>Vihre\u00e4n teen uutetta ei tarvitse k\u00e4ytt\u00e4\u00e4 vain sis\u00e4isesti. Sill\u00e4 on my\u00f6s my\u00f6nteisi\u00e4 vaikutuksia ihoon ja sen liitteisiin, mik\u00e4 tekee siit\u00e4 arvostetun ainesosan l\u00e4\u00e4ke- ja kosmetiikkateollisuudessa.<\/p>\n<p>Vihre\u00e4n teen uutteen sis\u00e4lt\u00e4mill\u00e4 yhdisteill\u00e4 on useita ominaisuuksia, kuten:<\/p>\n<ul>\n<li><strong>tulehdusta est\u00e4v\u00e4 vaikutus<\/strong>,<\/li>\n<li><strong>antibakteerinen<\/strong>,<\/li>\n<li><strong>antioksidanttinen<\/strong>,<\/li>\n<li><strong>parantaa ihon mikroverenkiertoa<\/strong>,<\/li>\n<li><strong>v\u00e4hent\u00e4\u00e4 talirauhasten aktiivisuutta<\/strong>.<\/li>\n<\/ul>\n<p>Sit\u00e4 l\u00f6ytyy muun muassa kasvovesist\u00e4, kosteuttavista voiteista, hiustenhoitotuotteista, suihkugeeleist\u00e4 ja kosteusvoiteista.<\/p>\n<p>Kosmetiikassa vihre\u00e4n teen uute osoittaa hyvin laajan vaikutuskirjon. Sen vahvat kosteuttavat ja antioksidanttiset ominaisuudet tekev\u00e4t siit\u00e4 <strong>sopivan ainesosan <em>anti-aging<\/em>-valmisteisiin<\/strong> kyps\u00e4lle iholle, ja samalla sen talia s\u00e4\u00e4televien ja antibakteeristen ominaisuuksien ansiosta sit\u00e4 <strong>arvostetaan kosmetiikassa nuorelle, akne-iholle<\/strong>.<\/p>\n<p>N\u00e4m\u00e4 ominaisuudet liittyv\u00e4t my\u00f6s vihre\u00e4n teen uutteen k\u00e4ytt\u00f6\u00f6n <strong>hiusten ja p\u00e4\u00e4nahan hoidossa<\/strong> \u2014 se toimii <strong>hilsett\u00e4 vastaan<\/strong> ja <strong>v\u00e4hent\u00e4\u00e4 rasvoittumista<\/strong>.<\/p>\n<p>Iholle sit\u00e4 voidaan k\u00e4ytt\u00e4\u00e4 my\u00f6s terapeuttisemmin \u2014 se <strong>lievitt\u00e4\u00e4 \u00e4rsytyst\u00e4<\/strong>, <strong>v\u00e4hent\u00e4\u00e4 turvotusta<\/strong> ja punoitusta, <strong>edist\u00e4\u00e4 haavojen paranemista<\/strong> ja <strong>toimii tulehdusta est\u00e4v\u00e4sti<\/strong>. T\u00e4t\u00e4 viimeist\u00e4 ominaisuutta hy\u00f6dynnet\u00e4\u00e4n my\u00f6s intiimihygieniatuotteissa ja silm\u00e4nymp\u00e4rysalueen hoitovalmisteissa.<\/p>\n<p>Vihre\u00e4n teen uutetta sis\u00e4lt\u00e4vi\u00e4 tuotteita arvostavat my\u00f6s terveellisen rusketuksen yst\u00e4v\u00e4t \u2014 auringonoton aikana se <strong>suojaa haitalliselta UV-s\u00e4teilylt\u00e4<\/strong>, ja stimuloimalla melaniinin synteesi\u00e4 se toimii my\u00f6s luonnollisena ainesosana itseruskettavissa tuotteissa.<\/p>\n<p><strong>Bibliografia:<\/strong><\/p>\n<ol>\n<li style=\"list-style-type: none;\">Arct J, Tomaszewska K, Pytkowska K (2016). Zielona Herbata. <em>Pol J Cosmetol<\/em>, 19(2): 110-115<\/li>\n<li>Ca\u0142ka J, Zasadowski A, Juranek J. (2008). Niekt\u00f3re aspekty leczniczego dzia\u0142ania zielonej herbaty. <em>Bromat. Chem. Toksykol<\/em>, 41: 5-14.<\/li>\n<li>Matysek-Nawrocka M, Cyrankiewicz P. (2016). Substancje biologicznie aktywne pozyskiwane z herbaty, kawy i kakao oraz ich zastosowanie w kosmetykach. <em>Post Fitoter<\/em>, 17(2): 139-144.<\/li>\n<\/ol>\n<h4><strong>ARTIKKELIN TEKIJ\u00c4:<\/strong><\/h4>\n<p><strong>DR. KATARZYNA KIMEL<\/strong><br \/>\nFarmaseuttisten tieteiden tohtori, jonka tieteelliset kiinnostuksen kohteet keskittyv\u00e4t kasviper\u00e4isten l\u00e4\u00e4kkeiden ja luonnosta per\u00e4isin olevien biologisesti aktiivisten aineiden tutkimukseen. Matkailun ja luonnossa vietetyn vapaa-ajan harrastaja.<\/p>\n","protected":false},"excerpt":{"rendered":"<p>Vihre\u00e4n teen uutetta (Camellia Sinensis Leaf Extract), jossa on 85-95% uutetta kuiva -aineesta. Tuote on tarkoitettu k\u00e4ytett\u00e4v\u00e4ksi l\u00e4\u00e4ke-, kosmetiikka-, elintarvike- ja laboratorioteollisuudessa. T\u00e4m\u00e4 kasviuute on saatavana jauheena.<\/p>\n","protected":false},"featured_media":35928,"template":"","meta":{"_acf_changed":false},"product_brand":[],"product_cat":[528,547],"product_tag":[],"class_list":{"0":"post-8751","1":"product","2":"type-product","3":"status-publish","4":"has-post-thumbnail","6":"product_cat-kasviuutteet","7":"product_cat-raaka-aineet-tuotantoon","8":"pa_czesc-rosliny-lehdet","9":"pa_grupa-substancji-antioksidantit","11":"first","12":"instock","13":"shipping-taxable","14":"product-type-simple"},"acf":[],"yoast_head":"<!-- This site is optimized with the Yoast SEO plugin v27.6 - https:\/\/yoast.com\/product\/yoast-seo-wordpress\/ -->\n<title>Vihre\u00e4n teen uutetta - Tukkudistribuutio<\/title>\n<meta name=\"robots\" content=\"index, follow, max-snippet:-1, max-image-preview:large, max-video-preview:-1\" \/>\n<link rel=\"canonical\" href=\"https:\/\/naturalpoland.com\/fi\/tuotteet\/elintarviketeollisuuden-tuotteet\/raaka-aineet-tuotantoon\/vihrean-teen-uutetta\/\" \/>\n<meta property=\"og:locale\" content=\"fi_FI\" \/>\n<meta property=\"og:type\" content=\"article\" \/>\n<meta property=\"og:title\" content=\"Vihre\u00e4n teen uutetta - Tukkudistribuutio\" \/>\n<meta property=\"og:description\" content=\"Vihre\u00e4n teen uutetta (Camellia Sinensis Leaf Extract), jossa on 85-95% uutetta kuiva -aineesta. Tuote on tarkoitettu k\u00e4ytett\u00e4v\u00e4ksi l\u00e4\u00e4ke-, kosmetiikka-, elintarvike- ja laboratorioteollisuudessa. T\u00e4m\u00e4 kasviuute on saatavana jauheena.\" \/>\n<meta property=\"og:url\" content=\"https:\/\/naturalpoland.com\/fi\/tuotteet\/elintarviketeollisuuden-tuotteet\/raaka-aineet-tuotantoon\/vihrean-teen-uutetta\/\" \/>\n<meta property=\"og:site_name\" content=\"NATURAL POLAND - RAAKA-AINEIDEN TUKKUJAKELIJA\" \/>\n<meta property=\"article:publisher\" content=\"https:\/\/www.facebook.com\/naturalpoland.b2b\" \/>\n<meta property=\"article:modified_time\" content=\"2025-09-09T10:15:32+00:00\" \/>\n<meta property=\"og:image\" content=\"https:\/\/naturalpoland.com\/wp-content\/uploads\/ekstrakt-z-zielonej-herbaty.webp\" \/>\n\t<meta property=\"og:image:width\" content=\"350\" \/>\n\t<meta property=\"og:image:height\" content=\"350\" \/>\n\t<meta property=\"og:image:type\" content=\"image\/webp\" \/>\n<script type=\"application\/ld+json\" class=\"yoast-schema-graph\">{\"@context\":\"https:\\\/\\\/schema.org\",\"@graph\":[{\"@type\":\"WebPage\",\"@id\":\"https:\\\/\\\/naturalpoland.com\\\/fi\\\/tuotteet\\\/elintarviketeollisuuden-tuotteet\\\/raaka-aineet-tuotantoon\\\/vihrean-teen-uutetta\\\/\",\"url\":\"https:\\\/\\\/naturalpoland.com\\\/fi\\\/tuotteet\\\/elintarviketeollisuuden-tuotteet\\\/raaka-aineet-tuotantoon\\\/vihrean-teen-uutetta\\\/\",\"name\":\"Vihre\u00e4n teen uutetta - Tukkudistribuutio\",\"isPartOf\":{\"@id\":\"https:\\\/\\\/naturalpoland.com\\\/fi\\\/#website\"},\"primaryImageOfPage\":{\"@id\":\"https:\\\/\\\/naturalpoland.com\\\/fi\\\/tuotteet\\\/elintarviketeollisuuden-tuotteet\\\/raaka-aineet-tuotantoon\\\/vihrean-teen-uutetta\\\/#primaryimage\"},\"image\":{\"@id\":\"https:\\\/\\\/naturalpoland.com\\\/fi\\\/tuotteet\\\/elintarviketeollisuuden-tuotteet\\\/raaka-aineet-tuotantoon\\\/vihrean-teen-uutetta\\\/#primaryimage\"},\"thumbnailUrl\":\"https:\\\/\\\/naturalpoland.com\\\/wp-content\\\/uploads\\\/ekstrakt-z-zielonej-herbaty.webp\",\"datePublished\":\"2021-05-11T11:41:46+00:00\",\"dateModified\":\"2025-09-09T10:15:32+00:00\",\"breadcrumb\":{\"@id\":\"https:\\\/\\\/naturalpoland.com\\\/fi\\\/tuotteet\\\/elintarviketeollisuuden-tuotteet\\\/raaka-aineet-tuotantoon\\\/vihrean-teen-uutetta\\\/#breadcrumb\"},\"inLanguage\":\"fi\",\"potentialAction\":[{\"@type\":\"ReadAction\",\"target\":[\"https:\\\/\\\/naturalpoland.com\\\/fi\\\/tuotteet\\\/elintarviketeollisuuden-tuotteet\\\/raaka-aineet-tuotantoon\\\/vihrean-teen-uutetta\\\/\"]}]},{\"@type\":\"ImageObject\",\"inLanguage\":\"fi\",\"@id\":\"https:\\\/\\\/naturalpoland.com\\\/fi\\\/tuotteet\\\/elintarviketeollisuuden-tuotteet\\\/raaka-aineet-tuotantoon\\\/vihrean-teen-uutetta\\\/#primaryimage\",\"url\":\"https:\\\/\\\/naturalpoland.com\\\/wp-content\\\/uploads\\\/ekstrakt-z-zielonej-herbaty.webp\",\"contentUrl\":\"https:\\\/\\\/naturalpoland.com\\\/wp-content\\\/uploads\\\/ekstrakt-z-zielonej-herbaty.webp\",\"width\":350,\"height\":350,\"caption\":\"ekstrakt z zielonej herbaty\"},{\"@type\":\"BreadcrumbList\",\"@id\":\"https:\\\/\\\/naturalpoland.com\\\/fi\\\/tuotteet\\\/elintarviketeollisuuden-tuotteet\\\/raaka-aineet-tuotantoon\\\/vihrean-teen-uutetta\\\/#breadcrumb\",\"itemListElement\":[{\"@type\":\"ListItem\",\"position\":1,\"name\":\"Etusivu\",\"item\":\"https:\\\/\\\/naturalpoland.com\\\/fi\\\/\"},{\"@type\":\"ListItem\",\"position\":2,\"name\":\"Tuotteet\",\"item\":\"https:\\\/\\\/naturalpoland.com\\\/fi\\\/tuotteet\\\/\"},{\"@type\":\"ListItem\",\"position\":3,\"name\":\"Vihre\u00e4n teen uutetta\"}]},{\"@type\":\"WebSite\",\"@id\":\"https:\\\/\\\/naturalpoland.com\\\/fi\\\/#website\",\"url\":\"https:\\\/\\\/naturalpoland.com\\\/fi\\\/\",\"name\":\"NATURAL POLAND - RAAKA-AINEIDEN TUKKUJAKELIJA\",\"description\":\"Surowce dla przemys\u0142u spo\u017cywczego, kosmetycznego i farmaceutycznego\",\"publisher\":{\"@id\":\"https:\\\/\\\/naturalpoland.com\\\/fi\\\/#organization\"},\"potentialAction\":[{\"@type\":\"SearchAction\",\"target\":{\"@type\":\"EntryPoint\",\"urlTemplate\":\"https:\\\/\\\/naturalpoland.com\\\/fi\\\/?s={search_term_string}\"},\"query-input\":{\"@type\":\"PropertyValueSpecification\",\"valueRequired\":true,\"valueName\":\"search_term_string\"}}],\"inLanguage\":\"fi\"},{\"@type\":\"Organization\",\"@id\":\"https:\\\/\\\/naturalpoland.com\\\/fi\\\/#organization\",\"name\":\"Natural Poland\",\"url\":\"https:\\\/\\\/naturalpoland.com\\\/fi\\\/\",\"logo\":{\"@type\":\"ImageObject\",\"inLanguage\":\"fi\",\"@id\":\"https:\\\/\\\/naturalpoland.com\\\/fi\\\/#\\\/schema\\\/logo\\\/image\\\/\",\"url\":\"https:\\\/\\\/naturalpoland.com\\\/wp-content\\\/uploads\\\/2021\\\/05\\\/natural-poland-icon.png\",\"contentUrl\":\"https:\\\/\\\/naturalpoland.com\\\/wp-content\\\/uploads\\\/2021\\\/05\\\/natural-poland-icon.png\",\"width\":512,\"height\":512,\"caption\":\"Natural Poland\"},\"image\":{\"@id\":\"https:\\\/\\\/naturalpoland.com\\\/fi\\\/#\\\/schema\\\/logo\\\/image\\\/\"},\"sameAs\":[\"https:\\\/\\\/www.facebook.com\\\/naturalpoland.b2b\",\"https:\\\/\\\/pl.linkedin.com\\\/company\\\/natural-poland\",\"https:\\\/\\\/www.youtube.com\\\/channel\\\/UCgeGGkvOMahZo-xu_MSEWxg\"]}]}<\/script>\n<!-- \/ Yoast SEO plugin. -->","yoast_head_json":{"title":"Vihre\u00e4n teen uutetta - Tukkudistribuutio","robots":{"index":"index","follow":"follow","max-snippet":"max-snippet:-1","max-image-preview":"max-image-preview:large","max-video-preview":"max-video-preview:-1"},"canonical":"https:\/\/naturalpoland.com\/fi\/tuotteet\/elintarviketeollisuuden-tuotteet\/raaka-aineet-tuotantoon\/vihrean-teen-uutetta\/","og_locale":"fi_FI","og_type":"article","og_title":"Vihre\u00e4n teen uutetta - Tukkudistribuutio","og_description":"Vihre\u00e4n teen uutetta (Camellia Sinensis Leaf Extract), jossa on 85-95% uutetta kuiva -aineesta. Tuote on tarkoitettu k\u00e4ytett\u00e4v\u00e4ksi l\u00e4\u00e4ke-, kosmetiikka-, elintarvike- ja laboratorioteollisuudessa. T\u00e4m\u00e4 kasviuute on saatavana jauheena.","og_url":"https:\/\/naturalpoland.com\/fi\/tuotteet\/elintarviketeollisuuden-tuotteet\/raaka-aineet-tuotantoon\/vihrean-teen-uutetta\/","og_site_name":"NATURAL POLAND - RAAKA-AINEIDEN TUKKUJAKELIJA","article_publisher":"https:\/\/www.facebook.com\/naturalpoland.b2b","article_modified_time":"2025-09-09T10:15:32+00:00","og_image":[{"width":350,"height":350,"url":"https:\/\/naturalpoland.com\/wp-content\/uploads\/ekstrakt-z-zielonej-herbaty.webp","type":"image\/webp"}],"schema":{"@context":"https:\/\/schema.org","@graph":[{"@type":"WebPage","@id":"https:\/\/naturalpoland.com\/fi\/tuotteet\/elintarviketeollisuuden-tuotteet\/raaka-aineet-tuotantoon\/vihrean-teen-uutetta\/","url":"https:\/\/naturalpoland.com\/fi\/tuotteet\/elintarviketeollisuuden-tuotteet\/raaka-aineet-tuotantoon\/vihrean-teen-uutetta\/","name":"Vihre\u00e4n teen uutetta - Tukkudistribuutio","isPartOf":{"@id":"https:\/\/naturalpoland.com\/fi\/#website"},"primaryImageOfPage":{"@id":"https:\/\/naturalpoland.com\/fi\/tuotteet\/elintarviketeollisuuden-tuotteet\/raaka-aineet-tuotantoon\/vihrean-teen-uutetta\/#primaryimage"},"image":{"@id":"https:\/\/naturalpoland.com\/fi\/tuotteet\/elintarviketeollisuuden-tuotteet\/raaka-aineet-tuotantoon\/vihrean-teen-uutetta\/#primaryimage"},"thumbnailUrl":"https:\/\/naturalpoland.com\/wp-content\/uploads\/ekstrakt-z-zielonej-herbaty.webp","datePublished":"2021-05-11T11:41:46+00:00","dateModified":"2025-09-09T10:15:32+00:00","breadcrumb":{"@id":"https:\/\/naturalpoland.com\/fi\/tuotteet\/elintarviketeollisuuden-tuotteet\/raaka-aineet-tuotantoon\/vihrean-teen-uutetta\/#breadcrumb"},"inLanguage":"fi","potentialAction":[{"@type":"ReadAction","target":["https:\/\/naturalpoland.com\/fi\/tuotteet\/elintarviketeollisuuden-tuotteet\/raaka-aineet-tuotantoon\/vihrean-teen-uutetta\/"]}]},{"@type":"ImageObject","inLanguage":"fi","@id":"https:\/\/naturalpoland.com\/fi\/tuotteet\/elintarviketeollisuuden-tuotteet\/raaka-aineet-tuotantoon\/vihrean-teen-uutetta\/#primaryimage","url":"https:\/\/naturalpoland.com\/wp-content\/uploads\/ekstrakt-z-zielonej-herbaty.webp","contentUrl":"https:\/\/naturalpoland.com\/wp-content\/uploads\/ekstrakt-z-zielonej-herbaty.webp","width":350,"height":350,"caption":"ekstrakt z zielonej herbaty"},{"@type":"BreadcrumbList","@id":"https:\/\/naturalpoland.com\/fi\/tuotteet\/elintarviketeollisuuden-tuotteet\/raaka-aineet-tuotantoon\/vihrean-teen-uutetta\/#breadcrumb","itemListElement":[{"@type":"ListItem","position":1,"name":"Etusivu","item":"https:\/\/naturalpoland.com\/fi\/"},{"@type":"ListItem","position":2,"name":"Tuotteet","item":"https:\/\/naturalpoland.com\/fi\/tuotteet\/"},{"@type":"ListItem","position":3,"name":"Vihre\u00e4n teen uutetta"}]},{"@type":"WebSite","@id":"https:\/\/naturalpoland.com\/fi\/#website","url":"https:\/\/naturalpoland.com\/fi\/","name":"NATURAL POLAND - RAAKA-AINEIDEN TUKKUJAKELIJA","description":"Surowce dla przemys\u0142u spo\u017cywczego, kosmetycznego i farmaceutycznego","publisher":{"@id":"https:\/\/naturalpoland.com\/fi\/#organization"},"potentialAction":[{"@type":"SearchAction","target":{"@type":"EntryPoint","urlTemplate":"https:\/\/naturalpoland.com\/fi\/?s={search_term_string}"},"query-input":{"@type":"PropertyValueSpecification","valueRequired":true,"valueName":"search_term_string"}}],"inLanguage":"fi"},{"@type":"Organization","@id":"https:\/\/naturalpoland.com\/fi\/#organization","name":"Natural Poland","url":"https:\/\/naturalpoland.com\/fi\/","logo":{"@type":"ImageObject","inLanguage":"fi","@id":"https:\/\/naturalpoland.com\/fi\/#\/schema\/logo\/image\/","url":"https:\/\/naturalpoland.com\/wp-content\/uploads\/2021\/05\/natural-poland-icon.png","contentUrl":"https:\/\/naturalpoland.com\/wp-content\/uploads\/2021\/05\/natural-poland-icon.png","width":512,"height":512,"caption":"Natural Poland"},"image":{"@id":"https:\/\/naturalpoland.com\/fi\/#\/schema\/logo\/image\/"},"sameAs":["https:\/\/www.facebook.com\/naturalpoland.b2b","https:\/\/pl.linkedin.com\/company\/natural-poland","https:\/\/www.youtube.com\/channel\/UCgeGGkvOMahZo-xu_MSEWxg"]}]}},"_links":{"self":[{"href":"https:\/\/naturalpoland.com\/fi\/wp-json\/wp\/v2\/product\/8751","targetHints":{"allow":["GET"]}}],"collection":[{"href":"https:\/\/naturalpoland.com\/fi\/wp-json\/wp\/v2\/product"}],"about":[{"href":"https:\/\/naturalpoland.com\/fi\/wp-json\/wp\/v2\/types\/product"}],"wp:featuredmedia":[{"embeddable":true,"href":"https:\/\/naturalpoland.com\/fi\/wp-json\/wp\/v2\/media\/35928"}],"wp:attachment":[{"href":"https:\/\/naturalpoland.com\/fi\/wp-json\/wp\/v2\/media?parent=8751"}],"wp:term":[{"taxonomy":"product_brand","embeddable":true,"href":"https:\/\/naturalpoland.com\/fi\/wp-json\/wp\/v2\/product_brand?post=8751"},{"taxonomy":"product_cat","embeddable":true,"href":"https:\/\/naturalpoland.com\/fi\/wp-json\/wp\/v2\/product_cat?post=8751"},{"taxonomy":"product_tag","embeddable":true,"href":"https:\/\/naturalpoland.com\/fi\/wp-json\/wp\/v2\/product_tag?post=8751"}],"curies":[{"name":"wp","href":"https:\/\/api.w.org\/{rel}","templated":true}]}}