{"id":8771,"date":"2021-05-11T13:41:47","date_gmt":"2021-09-10T13:24:21","guid":{"rendered":"https:\/\/naturalpoland.pl\/produkty\/Ei-luokiteltu\/karpalouute-5-pac\/"},"modified":"2024-08-20T11:08:03","modified_gmt":"2024-08-20T09:08:03","slug":"karpalouute-5-kpl","status":"publish","type":"product","link":"https:\/\/naturalpoland.com\/fi\/tuotteet\/kasviuutteet\/karpalouute-5-kpl\/","title":{"rendered":"Karpalouute 5% PAC"},"content":{"rendered":"<p>Tuote on violetinpunaista jauhetta, joka johtuu karpaloiden luonnollisesta v\u00e4rist\u00e4. Sille on ominaista erottuva maku ja tuoksu, mik\u00e4 on vahvistettu aistinvaraisissa testeiss\u00e4. Tiukan laadunvalvonnan ansiosta uutteessa ei ole muuntogeenisi\u00e4 organismeja, raskasmetalleja eik\u00e4 mikro-organismeja.<\/p>\n<p>Ote on vakaa ja pitk\u00e4ik\u00e4inen, ja se on pitk\u00e4vaikutteinen, kun se s\u00e4ilytet\u00e4\u00e4n asianmukaisesti kuivassa ja pime\u00e4ss\u00e4 paikassa.<\/p>\n<p>Karpalouute saadaan uuttamalla etanolia ja vett\u00e4 k\u00e4ytt\u00e4en. T\u00e4m\u00e4 prosessi takaa bioaktiivisten ainesosien, p\u00e4\u00e4asiassa <strong>proantosyanidiinien (PAC<\/strong> ), joiden pitoisuus on yli 5 %, tehokkaan uuttamisen.<\/p>\n<h2>Mit\u00e4 ovat proantosyanidiinit?<\/h2>\n<p>Proantosyanidiinit ovat yhdisteit\u00e4, joilla on todistetusti antioksidanttisia ja anti-inflammatorisia ominaisuuksia. Niill\u00e4 on keskeinen rooli <strong>virtsatieinfektioiden torjunnassa<\/strong> est\u00e4m\u00e4ll\u00e4 bakteerien kiinnittymist\u00e4 virtsateiden sein\u00e4miin. T\u00e4m\u00e4 tekee uutteesta korvaamattoman arvokkaan virtsan terveytt\u00e4 tukevien lis\u00e4ravinteiden valmistuksessa.<\/p>\n<h2>Karpalouutteen ominaisuudet<\/h2>\n<p>Virtsanerityst\u00e4 tukevien ominaisuuksiensa lis\u00e4ksi karpalouutetta arvostetaan my\u00f6s sen <strong>antimikrobisten<\/strong> ja antioksidanttisten ominaisuuksien sek\u00e4 sen kyvyn tukea <strong>syd\u00e4n- ja verisuoniterveytt\u00e4<\/strong>. Se sis\u00e4lt\u00e4\u00e4 proantosyanidiinien lis\u00e4ksi my\u00f6s A-, C- ja E-vitamiineja sek\u00e4 mikroravinteita, kuten seleeni\u00e4, kalsiumia ja kaliumia, jotka yhdess\u00e4 vahvistavat kehon vastustuskyky\u00e4 ja edist\u00e4v\u00e4t yleist\u00e4 terveytt\u00e4.<\/p>\n<h2>Karpalouute kosmetiikassa<\/h2>\n<p>Karpalouutetta k\u00e4ytet\u00e4\u00e4n laajalti my\u00f6s <a href=\"\/fi\/ryhm\u00e4\/kosmetiikkateollisuuden-tuotteet\/\">kosmetiikkateollisuudessa<\/a>, jossa sit\u00e4 k\u00e4ytet\u00e4\u00e4n sen <strong>kosteuttavien<\/strong>, uudistavien ja ihoa ravitsevien <strong>ominaisuuksien<\/strong> vuoksi. Runsaasti A- ja E-vitamiineja sis\u00e4lt\u00e4v\u00e4 \u00f6ljy on monien voiteiden, seerumien ja vartalonhoitotuotteiden ainesosa, joka auttaa parantamaan ihon kimmoisuutta, v\u00e4hent\u00e4m\u00e4\u00e4n ryppyj\u00e4 ja parantamaan ihon yleist\u00e4 ulkon\u00e4k\u00f6\u00e4.<\/p>\n","protected":false},"excerpt":{"rendered":"<p>Karpalouute 5% PAC valmistetaan <em>Vaccinium Macrocarpon L.<\/em> -lajin hedelmist\u00e4. Terveys- ja hoito-ominaisuuksiensa ansiosta sit\u00e4 k\u00e4ytet\u00e4\u00e4n monissa eri sovelluksissa ravintolisist\u00e4 l\u00e4\u00e4kkeisiin ja kosmetiikkaan.<\/p>\n","protected":false},"featured_media":31579,"template":"","meta":{"_acf_changed":false},"product_brand":[],"product_cat":[528],"product_tag":[],"class_list":{"0":"post-8771","1":"product","2":"type-product","3":"status-publish","4":"has-post-thumbnail","6":"product_cat-kasviuutteet","7":"pa_czesc-rosliny-hedelmat","8":"pa_skladnik-aktywny-proantosyanidiinit","10":"first","11":"instock","12":"shipping-taxable","13":"product-type-simple"},"acf":[],"yoast_head":"<!-- This site is optimized with the Yoast SEO plugin v27.6 - https:\/\/yoast.com\/product\/yoast-seo-wordpress\/ -->\n<title>Karpalouute 5% PAC - NATURAL POLAND - RAAKA-AINEIDEN TUKKUJAKELIJA<\/title>\n<meta name=\"description\" content=\"Karpalouutetta 5 % PAC k\u00e4ytet\u00e4\u00e4n monenlaisissa sovelluksissa ravintolisist\u00e4 l\u00e4\u00e4kkeisiin ja kosmetiikkaan.\" \/>\n<meta name=\"robots\" content=\"index, follow, max-snippet:-1, max-image-preview:large, max-video-preview:-1\" \/>\n<link rel=\"canonical\" href=\"https:\/\/naturalpoland.com\/fi\/tuotteet\/kasviuutteet\/karpalouute-5-kpl\/\" \/>\n<meta property=\"og:locale\" content=\"fi_FI\" \/>\n<meta property=\"og:type\" content=\"article\" \/>\n<meta property=\"og:title\" content=\"Karpalouute 5% PAC - NATURAL POLAND - RAAKA-AINEIDEN TUKKUJAKELIJA\" \/>\n<meta property=\"og:description\" content=\"Karpalouutetta 5 % PAC k\u00e4ytet\u00e4\u00e4n monenlaisissa sovelluksissa ravintolisist\u00e4 l\u00e4\u00e4kkeisiin ja kosmetiikkaan.\" \/>\n<meta property=\"og:url\" content=\"https:\/\/naturalpoland.com\/fi\/tuotteet\/kasviuutteet\/karpalouute-5-kpl\/\" \/>\n<meta property=\"og:site_name\" content=\"NATURAL POLAND - RAAKA-AINEIDEN TUKKUJAKELIJA\" \/>\n<meta property=\"article:publisher\" content=\"https:\/\/www.facebook.com\/naturalpoland.b2b\" \/>\n<meta property=\"article:modified_time\" content=\"2024-08-20T09:08:03+00:00\" \/>\n<meta property=\"og:image\" content=\"https:\/\/naturalpoland.com\/wp-content\/uploads\/ekstrakt-z-zurawiny.webp\" \/>\n\t<meta property=\"og:image:width\" content=\"426\" \/>\n\t<meta property=\"og:image:height\" content=\"426\" \/>\n\t<meta property=\"og:image:type\" content=\"image\/webp\" \/>\n<script type=\"application\/ld+json\" class=\"yoast-schema-graph\">{\"@context\":\"https:\\\/\\\/schema.org\",\"@graph\":[{\"@type\":\"WebPage\",\"@id\":\"https:\\\/\\\/naturalpoland.com\\\/fi\\\/tuotteet\\\/kasviuutteet\\\/karpalouute-5-kpl\\\/\",\"url\":\"https:\\\/\\\/naturalpoland.com\\\/fi\\\/tuotteet\\\/kasviuutteet\\\/karpalouute-5-kpl\\\/\",\"name\":\"Karpalouute 5% PAC - NATURAL POLAND - RAAKA-AINEIDEN TUKKUJAKELIJA\",\"isPartOf\":{\"@id\":\"https:\\\/\\\/naturalpoland.com\\\/fi\\\/#website\"},\"primaryImageOfPage\":{\"@id\":\"https:\\\/\\\/naturalpoland.com\\\/fi\\\/tuotteet\\\/kasviuutteet\\\/karpalouute-5-kpl\\\/#primaryimage\"},\"image\":{\"@id\":\"https:\\\/\\\/naturalpoland.com\\\/fi\\\/tuotteet\\\/kasviuutteet\\\/karpalouute-5-kpl\\\/#primaryimage\"},\"thumbnailUrl\":\"https:\\\/\\\/naturalpoland.com\\\/wp-content\\\/uploads\\\/ekstrakt-z-zurawiny.webp\",\"datePublished\":\"2021-09-10T13:24:21+00:00\",\"dateModified\":\"2024-08-20T09:08:03+00:00\",\"description\":\"Karpalouutetta 5 % PAC k\u00e4ytet\u00e4\u00e4n monenlaisissa sovelluksissa ravintolisist\u00e4 l\u00e4\u00e4kkeisiin ja kosmetiikkaan.\",\"breadcrumb\":{\"@id\":\"https:\\\/\\\/naturalpoland.com\\\/fi\\\/tuotteet\\\/kasviuutteet\\\/karpalouute-5-kpl\\\/#breadcrumb\"},\"inLanguage\":\"fi\",\"potentialAction\":[{\"@type\":\"ReadAction\",\"target\":[\"https:\\\/\\\/naturalpoland.com\\\/fi\\\/tuotteet\\\/kasviuutteet\\\/karpalouute-5-kpl\\\/\"]}]},{\"@type\":\"ImageObject\",\"inLanguage\":\"fi\",\"@id\":\"https:\\\/\\\/naturalpoland.com\\\/fi\\\/tuotteet\\\/kasviuutteet\\\/karpalouute-5-kpl\\\/#primaryimage\",\"url\":\"https:\\\/\\\/naturalpoland.com\\\/wp-content\\\/uploads\\\/ekstrakt-z-zurawiny.webp\",\"contentUrl\":\"https:\\\/\\\/naturalpoland.com\\\/wp-content\\\/uploads\\\/ekstrakt-z-zurawiny.webp\",\"width\":426,\"height\":426,\"caption\":\"proszkowy Ekstrakt z \u017curawiny 5% PAC\"},{\"@type\":\"BreadcrumbList\",\"@id\":\"https:\\\/\\\/naturalpoland.com\\\/fi\\\/tuotteet\\\/kasviuutteet\\\/karpalouute-5-kpl\\\/#breadcrumb\",\"itemListElement\":[{\"@type\":\"ListItem\",\"position\":1,\"name\":\"Etusivu\",\"item\":\"https:\\\/\\\/naturalpoland.com\\\/fi\\\/\"},{\"@type\":\"ListItem\",\"position\":2,\"name\":\"Tuotteet\",\"item\":\"https:\\\/\\\/naturalpoland.com\\\/fi\\\/tuotteet\\\/\"},{\"@type\":\"ListItem\",\"position\":3,\"name\":\"Karpalouute 5% PAC\"}]},{\"@type\":\"WebSite\",\"@id\":\"https:\\\/\\\/naturalpoland.com\\\/fi\\\/#website\",\"url\":\"https:\\\/\\\/naturalpoland.com\\\/fi\\\/\",\"name\":\"NATURAL POLAND - RAAKA-AINEIDEN TUKKUJAKELIJA\",\"description\":\"Surowce dla przemys\u0142u spo\u017cywczego, kosmetycznego i farmaceutycznego\",\"publisher\":{\"@id\":\"https:\\\/\\\/naturalpoland.com\\\/fi\\\/#organization\"},\"potentialAction\":[{\"@type\":\"SearchAction\",\"target\":{\"@type\":\"EntryPoint\",\"urlTemplate\":\"https:\\\/\\\/naturalpoland.com\\\/fi\\\/?s={search_term_string}\"},\"query-input\":{\"@type\":\"PropertyValueSpecification\",\"valueRequired\":true,\"valueName\":\"search_term_string\"}}],\"inLanguage\":\"fi\"},{\"@type\":\"Organization\",\"@id\":\"https:\\\/\\\/naturalpoland.com\\\/fi\\\/#organization\",\"name\":\"Natural Poland\",\"url\":\"https:\\\/\\\/naturalpoland.com\\\/fi\\\/\",\"logo\":{\"@type\":\"ImageObject\",\"inLanguage\":\"fi\",\"@id\":\"https:\\\/\\\/naturalpoland.com\\\/fi\\\/#\\\/schema\\\/logo\\\/image\\\/\",\"url\":\"https:\\\/\\\/naturalpoland.com\\\/wp-content\\\/uploads\\\/2021\\\/05\\\/natural-poland-icon.png\",\"contentUrl\":\"https:\\\/\\\/naturalpoland.com\\\/wp-content\\\/uploads\\\/2021\\\/05\\\/natural-poland-icon.png\",\"width\":512,\"height\":512,\"caption\":\"Natural Poland\"},\"image\":{\"@id\":\"https:\\\/\\\/naturalpoland.com\\\/fi\\\/#\\\/schema\\\/logo\\\/image\\\/\"},\"sameAs\":[\"https:\\\/\\\/www.facebook.com\\\/naturalpoland.b2b\",\"https:\\\/\\\/pl.linkedin.com\\\/company\\\/natural-poland\",\"https:\\\/\\\/www.youtube.com\\\/channel\\\/UCgeGGkvOMahZo-xu_MSEWxg\"]}]}<\/script>\n<!-- \/ Yoast SEO plugin. -->","yoast_head_json":{"title":"Karpalouute 5% PAC - NATURAL POLAND - RAAKA-AINEIDEN TUKKUJAKELIJA","description":"Karpalouutetta 5 % PAC k\u00e4ytet\u00e4\u00e4n monenlaisissa sovelluksissa ravintolisist\u00e4 l\u00e4\u00e4kkeisiin ja kosmetiikkaan.","robots":{"index":"index","follow":"follow","max-snippet":"max-snippet:-1","max-image-preview":"max-image-preview:large","max-video-preview":"max-video-preview:-1"},"canonical":"https:\/\/naturalpoland.com\/fi\/tuotteet\/kasviuutteet\/karpalouute-5-kpl\/","og_locale":"fi_FI","og_type":"article","og_title":"Karpalouute 5% PAC - NATURAL POLAND - RAAKA-AINEIDEN TUKKUJAKELIJA","og_description":"Karpalouutetta 5 % PAC k\u00e4ytet\u00e4\u00e4n monenlaisissa sovelluksissa ravintolisist\u00e4 l\u00e4\u00e4kkeisiin ja kosmetiikkaan.","og_url":"https:\/\/naturalpoland.com\/fi\/tuotteet\/kasviuutteet\/karpalouute-5-kpl\/","og_site_name":"NATURAL POLAND - RAAKA-AINEIDEN TUKKUJAKELIJA","article_publisher":"https:\/\/www.facebook.com\/naturalpoland.b2b","article_modified_time":"2024-08-20T09:08:03+00:00","og_image":[{"width":426,"height":426,"url":"https:\/\/naturalpoland.com\/wp-content\/uploads\/ekstrakt-z-zurawiny.webp","type":"image\/webp"}],"schema":{"@context":"https:\/\/schema.org","@graph":[{"@type":"WebPage","@id":"https:\/\/naturalpoland.com\/fi\/tuotteet\/kasviuutteet\/karpalouute-5-kpl\/","url":"https:\/\/naturalpoland.com\/fi\/tuotteet\/kasviuutteet\/karpalouute-5-kpl\/","name":"Karpalouute 5% PAC - NATURAL POLAND - RAAKA-AINEIDEN TUKKUJAKELIJA","isPartOf":{"@id":"https:\/\/naturalpoland.com\/fi\/#website"},"primaryImageOfPage":{"@id":"https:\/\/naturalpoland.com\/fi\/tuotteet\/kasviuutteet\/karpalouute-5-kpl\/#primaryimage"},"image":{"@id":"https:\/\/naturalpoland.com\/fi\/tuotteet\/kasviuutteet\/karpalouute-5-kpl\/#primaryimage"},"thumbnailUrl":"https:\/\/naturalpoland.com\/wp-content\/uploads\/ekstrakt-z-zurawiny.webp","datePublished":"2021-09-10T13:24:21+00:00","dateModified":"2024-08-20T09:08:03+00:00","description":"Karpalouutetta 5 % PAC k\u00e4ytet\u00e4\u00e4n monenlaisissa sovelluksissa ravintolisist\u00e4 l\u00e4\u00e4kkeisiin ja kosmetiikkaan.","breadcrumb":{"@id":"https:\/\/naturalpoland.com\/fi\/tuotteet\/kasviuutteet\/karpalouute-5-kpl\/#breadcrumb"},"inLanguage":"fi","potentialAction":[{"@type":"ReadAction","target":["https:\/\/naturalpoland.com\/fi\/tuotteet\/kasviuutteet\/karpalouute-5-kpl\/"]}]},{"@type":"ImageObject","inLanguage":"fi","@id":"https:\/\/naturalpoland.com\/fi\/tuotteet\/kasviuutteet\/karpalouute-5-kpl\/#primaryimage","url":"https:\/\/naturalpoland.com\/wp-content\/uploads\/ekstrakt-z-zurawiny.webp","contentUrl":"https:\/\/naturalpoland.com\/wp-content\/uploads\/ekstrakt-z-zurawiny.webp","width":426,"height":426,"caption":"proszkowy Ekstrakt z \u017curawiny 5% PAC"},{"@type":"BreadcrumbList","@id":"https:\/\/naturalpoland.com\/fi\/tuotteet\/kasviuutteet\/karpalouute-5-kpl\/#breadcrumb","itemListElement":[{"@type":"ListItem","position":1,"name":"Etusivu","item":"https:\/\/naturalpoland.com\/fi\/"},{"@type":"ListItem","position":2,"name":"Tuotteet","item":"https:\/\/naturalpoland.com\/fi\/tuotteet\/"},{"@type":"ListItem","position":3,"name":"Karpalouute 5% PAC"}]},{"@type":"WebSite","@id":"https:\/\/naturalpoland.com\/fi\/#website","url":"https:\/\/naturalpoland.com\/fi\/","name":"NATURAL POLAND - RAAKA-AINEIDEN TUKKUJAKELIJA","description":"Surowce dla przemys\u0142u spo\u017cywczego, kosmetycznego i farmaceutycznego","publisher":{"@id":"https:\/\/naturalpoland.com\/fi\/#organization"},"potentialAction":[{"@type":"SearchAction","target":{"@type":"EntryPoint","urlTemplate":"https:\/\/naturalpoland.com\/fi\/?s={search_term_string}"},"query-input":{"@type":"PropertyValueSpecification","valueRequired":true,"valueName":"search_term_string"}}],"inLanguage":"fi"},{"@type":"Organization","@id":"https:\/\/naturalpoland.com\/fi\/#organization","name":"Natural Poland","url":"https:\/\/naturalpoland.com\/fi\/","logo":{"@type":"ImageObject","inLanguage":"fi","@id":"https:\/\/naturalpoland.com\/fi\/#\/schema\/logo\/image\/","url":"https:\/\/naturalpoland.com\/wp-content\/uploads\/2021\/05\/natural-poland-icon.png","contentUrl":"https:\/\/naturalpoland.com\/wp-content\/uploads\/2021\/05\/natural-poland-icon.png","width":512,"height":512,"caption":"Natural Poland"},"image":{"@id":"https:\/\/naturalpoland.com\/fi\/#\/schema\/logo\/image\/"},"sameAs":["https:\/\/www.facebook.com\/naturalpoland.b2b","https:\/\/pl.linkedin.com\/company\/natural-poland","https:\/\/www.youtube.com\/channel\/UCgeGGkvOMahZo-xu_MSEWxg"]}]}},"_links":{"self":[{"href":"https:\/\/naturalpoland.com\/fi\/wp-json\/wp\/v2\/product\/8771","targetHints":{"allow":["GET"]}}],"collection":[{"href":"https:\/\/naturalpoland.com\/fi\/wp-json\/wp\/v2\/product"}],"about":[{"href":"https:\/\/naturalpoland.com\/fi\/wp-json\/wp\/v2\/types\/product"}],"wp:featuredmedia":[{"embeddable":true,"href":"https:\/\/naturalpoland.com\/fi\/wp-json\/wp\/v2\/media\/31579"}],"wp:attachment":[{"href":"https:\/\/naturalpoland.com\/fi\/wp-json\/wp\/v2\/media?parent=8771"}],"wp:term":[{"taxonomy":"product_brand","embeddable":true,"href":"https:\/\/naturalpoland.com\/fi\/wp-json\/wp\/v2\/product_brand?post=8771"},{"taxonomy":"product_cat","embeddable":true,"href":"https:\/\/naturalpoland.com\/fi\/wp-json\/wp\/v2\/product_cat?post=8771"},{"taxonomy":"product_tag","embeddable":true,"href":"https:\/\/naturalpoland.com\/fi\/wp-json\/wp\/v2\/product_tag?post=8771"}],"curies":[{"name":"wp","href":"https:\/\/api.w.org\/{rel}","templated":true}]}}