{"id":8858,"date":"2021-05-11T13:48:56","date_gmt":"2021-09-10T13:25:21","guid":{"rendered":"https:\/\/naturalpoland.pl\/produkty\/Ei-luokiteltu\/mantelioljy\/"},"modified":"2024-10-07T12:11:19","modified_gmt":"2024-10-07T10:11:19","slug":"mantelioljy","status":"publish","type":"product","link":"https:\/\/naturalpoland.com\/fi\/tuotteet\/elintarviketeollisuuden-tuotteet\/elintarvikeoljyt\/mantelioljy\/","title":{"rendered":"Manteli\u00f6ljy"},"content":{"rendered":"<p>Ruoassa k\u00e4ytetty manteli\u00f6ljy antaa astioille makean maun ja kultaisen v\u00e4rin. Siin\u00e4 on neutraali aromi, joten se sopii hyvin muiden ainesosien kanssa. Kosmeettisessa k\u00e4yt\u00f6ss\u00e4 manteli\u00f6ljy on erinomainen puhdistamaan ihoa toksiineista, avaamaan ihohuokosia ja s\u00e4ilytt\u00e4m\u00e4\u00e4n kosteutta, mik\u00e4 est\u00e4\u00e4 mikro-organismien p\u00e4\u00e4syn iholle.  <\/p>\n<h2>Makean manteli\u00f6ljyn ominaisuudet:<\/h2>\n<ol>\n<li>Makea manteli\u00f6ljy sis\u00e4lt\u00e4\u00e4 runsaasti \u00f6ljyhappoa ja linolihappoa, joilla on kosteuttavia ja suojaavia ominaisuuksia.<br \/>\nSe muodostaa iholle suojaavan suojakerroksen, joka est\u00e4\u00e4 kosteuden menetyksen ja suojaa haitallisilta ulkoisilta tekij\u00f6ilt\u00e4. <\/li>\n<li>Manteli\u00f6ljy edist\u00e4\u00e4 sen sis\u00e4lt\u00e4mien vitamiinien (A, E) ja mineraalien ansiosta ihon solujen uudistumista, parantaa kimmoisuutta ja kiinteytt\u00e4.<br \/>\nSe auttaa my\u00f6s lievitt\u00e4m\u00e4\u00e4n \u00e4rsytyst\u00e4 ja tulehduksia, joten se sopii erinomaisesti herk\u00e4lle ja kuivalle iholle. <\/li>\n<li>Manteli\u00f6ljy on rakenteeltaan kevytt\u00e4, imeytyy helposti eik\u00e4 j\u00e4t\u00e4 iholle rasvaista kalvoa.<br \/>\nSe on erinomainen kantaja\u00f6ljy, joka sopii erinomaisesti k\u00e4ytett\u00e4v\u00e4ksi aromaterapiassa ja eteeristen \u00f6ljyjen laimentamiseen. <\/li>\n<\/ol>\n<h2>Hakemus<\/h2>\n<ol>\n<li><strong>Ihonhoitokosmetiikka<\/strong>: voiteet, voiteet, hieronta\u00f6ljyt, kasvonaamiot.<\/li>\n<li><strong>Hiustenhoitotuotteet<\/strong>: shampoot, hoitoaineet, naamiot.<\/li>\n<li><strong>Farmaseuttiset valmisteet<\/strong>: l\u00e4\u00e4kevoiteiden ja -voiteiden perusaineosa.<\/li>\n<li><strong>Elintarviketeollisuus<\/strong>: lis\u00e4t\u00e4\u00e4n salaatteihin, kastikkeisiin ja muihin ruokiin.<\/li>\n<\/ol>\n<hr>\n<h2>Rasvahappopitoisuus<\/h2>\n<ul>\n<li><strong>Palmitiinihappo (C16):<\/strong> 4 &#8211; 9 % (tulos: 4,2 %)<\/li>\n<li><strong>Oleopalmitiinihappo (C16:1):<\/strong> max.<br \/>\n0,8 % (tulos: 0,15 %) <\/li>\n<li><strong>Steariinihappo (C18):<\/strong> max.<br \/>\n3 % (yhteensopiva) <\/li>\n<li><strong>\u00d6ljyhappo (C18:1):<\/strong> (tulos: 67,41 %)<\/li>\n<li><strong>Linolihappo (C18:2):<\/strong> (tulos: 24,2 %): 20 &#8211; 30 % (tulos: 24,2 %)<\/li>\n<li><strong>Linoleenihappo (C18:3):<\/strong> max.<br \/>\n0,4 % (tulos: 0,06 %) <\/li>\n<li><strong>Erukahappo (C22:1):<\/strong> &lt;0,1 % (vaatimustenmukainen)<\/li>\n<\/ul>\n<p>&nbsp;<\/p>\n","protected":false},"excerpt":{"rendered":"<p>Puhdistettu makean mantelin \u00f6ljy on korkealaatuinen kasvi\u00f6ljy, joka on uutettu mantelipuun<em>(Prunus amygdalus dulcis<\/em>) siemenist\u00e4.<br \/>\nSe sis\u00e4lt\u00e4\u00e4 E- ja A-vitamiinia sek\u00e4 v\u00e4ltt\u00e4m\u00e4tt\u00f6mi\u00e4 rasvahappoja, proteiineja, kaliumia ja sinkki\u00e4.<br \/>\nSit\u00e4 k\u00e4ytet\u00e4\u00e4n kosmetiikka-, l\u00e4\u00e4ke- ja elintarviketeollisuudessa.  <\/p>\n","protected":false},"featured_media":6751,"template":"","meta":{"_acf_changed":false},"product_brand":[],"product_cat":[542,531,546],"product_tag":[],"class_list":{"0":"post-8858","1":"product","2":"type-product","3":"status-publish","4":"has-post-thumbnail","6":"product_cat-kosmeettiset-oljyt","7":"product_cat-ruokaoljyt-ja-kosmeettiset-oljyt","8":"product_cat-elintarvikeoljyt","9":"pa_grupa-substancji-pehmentavat-aineet","11":"first","12":"instock","13":"shipping-taxable","14":"product-type-simple"},"acf":[],"yoast_head":"<!-- This site is optimized with the Yoast SEO plugin v27.5 - https:\/\/yoast.com\/product\/yoast-seo-wordpress\/ -->\n<title>Manteli\u00f6ljy - NATURAL POLAND - RAAKA-AINEIDEN TUKKUJAKELIJA<\/title>\n<meta name=\"description\" content=\"Puhdistettua makeaa manteli\u00f6ljy\u00e4 saadaan kosmetiikka- ja elintarviketeollisuudessa k\u00e4ytett\u00e4v\u00e4n mantelipuun siemenist\u00e4.\" \/>\n<meta name=\"robots\" content=\"index, follow, max-snippet:-1, max-image-preview:large, max-video-preview:-1\" \/>\n<link rel=\"canonical\" href=\"https:\/\/naturalpoland.com\/fi\/tuotteet\/elintarviketeollisuuden-tuotteet\/elintarvikeoljyt\/mantelioljy\/\" \/>\n<meta property=\"og:locale\" content=\"fi_FI\" \/>\n<meta property=\"og:type\" content=\"article\" \/>\n<meta property=\"og:title\" content=\"Manteli\u00f6ljy - NATURAL POLAND - RAAKA-AINEIDEN TUKKUJAKELIJA\" \/>\n<meta property=\"og:description\" content=\"Puhdistettua makeaa manteli\u00f6ljy\u00e4 saadaan kosmetiikka- ja elintarviketeollisuudessa k\u00e4ytett\u00e4v\u00e4n mantelipuun siemenist\u00e4.\" \/>\n<meta property=\"og:url\" content=\"https:\/\/naturalpoland.com\/fi\/tuotteet\/elintarviketeollisuuden-tuotteet\/elintarvikeoljyt\/mantelioljy\/\" \/>\n<meta property=\"og:site_name\" content=\"NATURAL POLAND - RAAKA-AINEIDEN TUKKUJAKELIJA\" \/>\n<meta property=\"article:publisher\" content=\"https:\/\/www.facebook.com\/naturalpoland.b2b\" \/>\n<meta property=\"article:modified_time\" content=\"2024-10-07T10:11:19+00:00\" \/>\n<meta property=\"og:image\" content=\"https:\/\/naturalpoland.com\/wp-content\/uploads\/olej-migdalowy-natural-poland.jpg\" \/>\n\t<meta property=\"og:image:width\" content=\"650\" \/>\n\t<meta property=\"og:image:height\" content=\"650\" \/>\n\t<meta property=\"og:image:type\" content=\"image\/jpeg\" \/>\n<script type=\"application\/ld+json\" class=\"yoast-schema-graph\">{\"@context\":\"https:\\\/\\\/schema.org\",\"@graph\":[{\"@type\":\"WebPage\",\"@id\":\"https:\\\/\\\/naturalpoland.com\\\/fi\\\/tuotteet\\\/elintarviketeollisuuden-tuotteet\\\/elintarvikeoljyt\\\/mantelioljy\\\/\",\"url\":\"https:\\\/\\\/naturalpoland.com\\\/fi\\\/tuotteet\\\/elintarviketeollisuuden-tuotteet\\\/elintarvikeoljyt\\\/mantelioljy\\\/\",\"name\":\"Manteli\u00f6ljy - NATURAL POLAND - RAAKA-AINEIDEN TUKKUJAKELIJA\",\"isPartOf\":{\"@id\":\"https:\\\/\\\/naturalpoland.com\\\/fi\\\/#website\"},\"primaryImageOfPage\":{\"@id\":\"https:\\\/\\\/naturalpoland.com\\\/fi\\\/tuotteet\\\/elintarviketeollisuuden-tuotteet\\\/elintarvikeoljyt\\\/mantelioljy\\\/#primaryimage\"},\"image\":{\"@id\":\"https:\\\/\\\/naturalpoland.com\\\/fi\\\/tuotteet\\\/elintarviketeollisuuden-tuotteet\\\/elintarvikeoljyt\\\/mantelioljy\\\/#primaryimage\"},\"thumbnailUrl\":\"https:\\\/\\\/naturalpoland.com\\\/wp-content\\\/uploads\\\/olej-migdalowy-natural-poland.jpg\",\"datePublished\":\"2021-09-10T13:25:21+00:00\",\"dateModified\":\"2024-10-07T10:11:19+00:00\",\"description\":\"Puhdistettua makeaa manteli\u00f6ljy\u00e4 saadaan kosmetiikka- ja elintarviketeollisuudessa k\u00e4ytett\u00e4v\u00e4n mantelipuun siemenist\u00e4.\",\"breadcrumb\":{\"@id\":\"https:\\\/\\\/naturalpoland.com\\\/fi\\\/tuotteet\\\/elintarviketeollisuuden-tuotteet\\\/elintarvikeoljyt\\\/mantelioljy\\\/#breadcrumb\"},\"inLanguage\":\"fi\",\"potentialAction\":[{\"@type\":\"ReadAction\",\"target\":[\"https:\\\/\\\/naturalpoland.com\\\/fi\\\/tuotteet\\\/elintarviketeollisuuden-tuotteet\\\/elintarvikeoljyt\\\/mantelioljy\\\/\"]}]},{\"@type\":\"ImageObject\",\"inLanguage\":\"fi\",\"@id\":\"https:\\\/\\\/naturalpoland.com\\\/fi\\\/tuotteet\\\/elintarviketeollisuuden-tuotteet\\\/elintarvikeoljyt\\\/mantelioljy\\\/#primaryimage\",\"url\":\"https:\\\/\\\/naturalpoland.com\\\/wp-content\\\/uploads\\\/olej-migdalowy-natural-poland.jpg\",\"contentUrl\":\"https:\\\/\\\/naturalpoland.com\\\/wp-content\\\/uploads\\\/olej-migdalowy-natural-poland.jpg\",\"width\":650,\"height\":650,\"caption\":\"manteli\u00f6ljy luonnollinen Puola\"},{\"@type\":\"BreadcrumbList\",\"@id\":\"https:\\\/\\\/naturalpoland.com\\\/fi\\\/tuotteet\\\/elintarviketeollisuuden-tuotteet\\\/elintarvikeoljyt\\\/mantelioljy\\\/#breadcrumb\",\"itemListElement\":[{\"@type\":\"ListItem\",\"position\":1,\"name\":\"Etusivu\",\"item\":\"https:\\\/\\\/naturalpoland.com\\\/fi\\\/\"},{\"@type\":\"ListItem\",\"position\":2,\"name\":\"Tuotteet\",\"item\":\"https:\\\/\\\/naturalpoland.com\\\/fi\\\/tuotteet\\\/\"},{\"@type\":\"ListItem\",\"position\":3,\"name\":\"Manteli\u00f6ljy\"}]},{\"@type\":\"WebSite\",\"@id\":\"https:\\\/\\\/naturalpoland.com\\\/fi\\\/#website\",\"url\":\"https:\\\/\\\/naturalpoland.com\\\/fi\\\/\",\"name\":\"NATURAL POLAND - RAAKA-AINEIDEN TUKKUJAKELIJA\",\"description\":\"Surowce dla przemys\u0142u spo\u017cywczego, kosmetycznego i farmaceutycznego\",\"publisher\":{\"@id\":\"https:\\\/\\\/naturalpoland.com\\\/fi\\\/#organization\"},\"potentialAction\":[{\"@type\":\"SearchAction\",\"target\":{\"@type\":\"EntryPoint\",\"urlTemplate\":\"https:\\\/\\\/naturalpoland.com\\\/fi\\\/?s={search_term_string}\"},\"query-input\":{\"@type\":\"PropertyValueSpecification\",\"valueRequired\":true,\"valueName\":\"search_term_string\"}}],\"inLanguage\":\"fi\"},{\"@type\":\"Organization\",\"@id\":\"https:\\\/\\\/naturalpoland.com\\\/fi\\\/#organization\",\"name\":\"Natural Poland\",\"url\":\"https:\\\/\\\/naturalpoland.com\\\/fi\\\/\",\"logo\":{\"@type\":\"ImageObject\",\"inLanguage\":\"fi\",\"@id\":\"https:\\\/\\\/naturalpoland.com\\\/fi\\\/#\\\/schema\\\/logo\\\/image\\\/\",\"url\":\"https:\\\/\\\/naturalpoland.com\\\/wp-content\\\/uploads\\\/2021\\\/05\\\/natural-poland-icon.png\",\"contentUrl\":\"https:\\\/\\\/naturalpoland.com\\\/wp-content\\\/uploads\\\/2021\\\/05\\\/natural-poland-icon.png\",\"width\":512,\"height\":512,\"caption\":\"Natural Poland\"},\"image\":{\"@id\":\"https:\\\/\\\/naturalpoland.com\\\/fi\\\/#\\\/schema\\\/logo\\\/image\\\/\"},\"sameAs\":[\"https:\\\/\\\/www.facebook.com\\\/naturalpoland.b2b\",\"https:\\\/\\\/pl.linkedin.com\\\/company\\\/natural-poland\",\"https:\\\/\\\/www.youtube.com\\\/channel\\\/UCgeGGkvOMahZo-xu_MSEWxg\"]}]}<\/script>\n<!-- \/ Yoast SEO plugin. -->","yoast_head_json":{"title":"Manteli\u00f6ljy - NATURAL POLAND - RAAKA-AINEIDEN TUKKUJAKELIJA","description":"Puhdistettua makeaa manteli\u00f6ljy\u00e4 saadaan kosmetiikka- ja elintarviketeollisuudessa k\u00e4ytett\u00e4v\u00e4n mantelipuun siemenist\u00e4.","robots":{"index":"index","follow":"follow","max-snippet":"max-snippet:-1","max-image-preview":"max-image-preview:large","max-video-preview":"max-video-preview:-1"},"canonical":"https:\/\/naturalpoland.com\/fi\/tuotteet\/elintarviketeollisuuden-tuotteet\/elintarvikeoljyt\/mantelioljy\/","og_locale":"fi_FI","og_type":"article","og_title":"Manteli\u00f6ljy - NATURAL POLAND - RAAKA-AINEIDEN TUKKUJAKELIJA","og_description":"Puhdistettua makeaa manteli\u00f6ljy\u00e4 saadaan kosmetiikka- ja elintarviketeollisuudessa k\u00e4ytett\u00e4v\u00e4n mantelipuun siemenist\u00e4.","og_url":"https:\/\/naturalpoland.com\/fi\/tuotteet\/elintarviketeollisuuden-tuotteet\/elintarvikeoljyt\/mantelioljy\/","og_site_name":"NATURAL POLAND - RAAKA-AINEIDEN TUKKUJAKELIJA","article_publisher":"https:\/\/www.facebook.com\/naturalpoland.b2b","article_modified_time":"2024-10-07T10:11:19+00:00","og_image":[{"width":650,"height":650,"url":"https:\/\/naturalpoland.com\/wp-content\/uploads\/olej-migdalowy-natural-poland.jpg","type":"image\/jpeg"}],"schema":{"@context":"https:\/\/schema.org","@graph":[{"@type":"WebPage","@id":"https:\/\/naturalpoland.com\/fi\/tuotteet\/elintarviketeollisuuden-tuotteet\/elintarvikeoljyt\/mantelioljy\/","url":"https:\/\/naturalpoland.com\/fi\/tuotteet\/elintarviketeollisuuden-tuotteet\/elintarvikeoljyt\/mantelioljy\/","name":"Manteli\u00f6ljy - NATURAL POLAND - RAAKA-AINEIDEN TUKKUJAKELIJA","isPartOf":{"@id":"https:\/\/naturalpoland.com\/fi\/#website"},"primaryImageOfPage":{"@id":"https:\/\/naturalpoland.com\/fi\/tuotteet\/elintarviketeollisuuden-tuotteet\/elintarvikeoljyt\/mantelioljy\/#primaryimage"},"image":{"@id":"https:\/\/naturalpoland.com\/fi\/tuotteet\/elintarviketeollisuuden-tuotteet\/elintarvikeoljyt\/mantelioljy\/#primaryimage"},"thumbnailUrl":"https:\/\/naturalpoland.com\/wp-content\/uploads\/olej-migdalowy-natural-poland.jpg","datePublished":"2021-09-10T13:25:21+00:00","dateModified":"2024-10-07T10:11:19+00:00","description":"Puhdistettua makeaa manteli\u00f6ljy\u00e4 saadaan kosmetiikka- ja elintarviketeollisuudessa k\u00e4ytett\u00e4v\u00e4n mantelipuun siemenist\u00e4.","breadcrumb":{"@id":"https:\/\/naturalpoland.com\/fi\/tuotteet\/elintarviketeollisuuden-tuotteet\/elintarvikeoljyt\/mantelioljy\/#breadcrumb"},"inLanguage":"fi","potentialAction":[{"@type":"ReadAction","target":["https:\/\/naturalpoland.com\/fi\/tuotteet\/elintarviketeollisuuden-tuotteet\/elintarvikeoljyt\/mantelioljy\/"]}]},{"@type":"ImageObject","inLanguage":"fi","@id":"https:\/\/naturalpoland.com\/fi\/tuotteet\/elintarviketeollisuuden-tuotteet\/elintarvikeoljyt\/mantelioljy\/#primaryimage","url":"https:\/\/naturalpoland.com\/wp-content\/uploads\/olej-migdalowy-natural-poland.jpg","contentUrl":"https:\/\/naturalpoland.com\/wp-content\/uploads\/olej-migdalowy-natural-poland.jpg","width":650,"height":650,"caption":"manteli\u00f6ljy luonnollinen Puola"},{"@type":"BreadcrumbList","@id":"https:\/\/naturalpoland.com\/fi\/tuotteet\/elintarviketeollisuuden-tuotteet\/elintarvikeoljyt\/mantelioljy\/#breadcrumb","itemListElement":[{"@type":"ListItem","position":1,"name":"Etusivu","item":"https:\/\/naturalpoland.com\/fi\/"},{"@type":"ListItem","position":2,"name":"Tuotteet","item":"https:\/\/naturalpoland.com\/fi\/tuotteet\/"},{"@type":"ListItem","position":3,"name":"Manteli\u00f6ljy"}]},{"@type":"WebSite","@id":"https:\/\/naturalpoland.com\/fi\/#website","url":"https:\/\/naturalpoland.com\/fi\/","name":"NATURAL POLAND - RAAKA-AINEIDEN TUKKUJAKELIJA","description":"Surowce dla przemys\u0142u spo\u017cywczego, kosmetycznego i farmaceutycznego","publisher":{"@id":"https:\/\/naturalpoland.com\/fi\/#organization"},"potentialAction":[{"@type":"SearchAction","target":{"@type":"EntryPoint","urlTemplate":"https:\/\/naturalpoland.com\/fi\/?s={search_term_string}"},"query-input":{"@type":"PropertyValueSpecification","valueRequired":true,"valueName":"search_term_string"}}],"inLanguage":"fi"},{"@type":"Organization","@id":"https:\/\/naturalpoland.com\/fi\/#organization","name":"Natural Poland","url":"https:\/\/naturalpoland.com\/fi\/","logo":{"@type":"ImageObject","inLanguage":"fi","@id":"https:\/\/naturalpoland.com\/fi\/#\/schema\/logo\/image\/","url":"https:\/\/naturalpoland.com\/wp-content\/uploads\/2021\/05\/natural-poland-icon.png","contentUrl":"https:\/\/naturalpoland.com\/wp-content\/uploads\/2021\/05\/natural-poland-icon.png","width":512,"height":512,"caption":"Natural Poland"},"image":{"@id":"https:\/\/naturalpoland.com\/fi\/#\/schema\/logo\/image\/"},"sameAs":["https:\/\/www.facebook.com\/naturalpoland.b2b","https:\/\/pl.linkedin.com\/company\/natural-poland","https:\/\/www.youtube.com\/channel\/UCgeGGkvOMahZo-xu_MSEWxg"]}]}},"_links":{"self":[{"href":"https:\/\/naturalpoland.com\/fi\/wp-json\/wp\/v2\/product\/8858","targetHints":{"allow":["GET"]}}],"collection":[{"href":"https:\/\/naturalpoland.com\/fi\/wp-json\/wp\/v2\/product"}],"about":[{"href":"https:\/\/naturalpoland.com\/fi\/wp-json\/wp\/v2\/types\/product"}],"wp:featuredmedia":[{"embeddable":true,"href":"https:\/\/naturalpoland.com\/fi\/wp-json\/wp\/v2\/media\/6751"}],"wp:attachment":[{"href":"https:\/\/naturalpoland.com\/fi\/wp-json\/wp\/v2\/media?parent=8858"}],"wp:term":[{"taxonomy":"product_brand","embeddable":true,"href":"https:\/\/naturalpoland.com\/fi\/wp-json\/wp\/v2\/product_brand?post=8858"},{"taxonomy":"product_cat","embeddable":true,"href":"https:\/\/naturalpoland.com\/fi\/wp-json\/wp\/v2\/product_cat?post=8858"},{"taxonomy":"product_tag","embeddable":true,"href":"https:\/\/naturalpoland.com\/fi\/wp-json\/wp\/v2\/product_tag?post=8858"}],"curies":[{"name":"wp","href":"https:\/\/api.w.org\/{rel}","templated":true}]}}