{"id":8902,"date":"2021-05-11T13:49:45","date_gmt":"2021-09-10T13:25:51","guid":{"rendered":"https:\/\/naturalpoland.pl\/produkty\/Ei-luokiteltu\/pellavaoljy-sativa\/"},"modified":"2021-09-10T15:25:51","modified_gmt":"2021-09-10T13:25:51","slug":"pellava-sativa-oljy","status":"publish","type":"product","link":"https:\/\/naturalpoland.com\/fi\/tuotteet\/elintarviketeollisuuden-tuotteet\/elintarvikeoljyt\/pellava-sativa-oljy\/","title":{"rendered":"Pellava\u00f6ljy (Sativa)"},"content":{"rendered":"<p>Pellava\u00f6ljy on suuren E -vitamiinipitoisuuden ansiosta voimakas antioksidantti. Se vahvistaa immuunij\u00e4rjestelm\u00e4\u00e4 ja v\u00e4hent\u00e4\u00e4 syd\u00e4nsairauksien riski\u00e4. Se suojaa kognitiivisiin sairauksiin, kuten Alzheimerin tautiin, sek\u00e4 silm\u00e4sairauksiin ja tulehduksen aiheuttamiin hermovaurioihin. Sen muita etuja ovat maksan tuki, kolesterolin alentaminen, verensokerin s\u00e4\u00e4tely ja lis\u00e4\u00e4ntynyt keskittyminen.<\/p>\n<p>Kosmetologiassa pellavansiemen\u00f6ljy\u00e4 voidaan k\u00e4ytt\u00e4\u00e4 hieronta\u00f6ljyn\u00e4 kosteuttamaan ihoa ja est\u00e4m\u00e4\u00e4n sen kuivumista. T\u00e4t\u00e4 \u00f6ljy\u00e4 voidaan k\u00e4ytt\u00e4\u00e4 my\u00f6s kuumien hiusten voiteluhoidoissa.<\/p>\n<p>Pellava\u00f6ljy on kirkas, l\u00e4pin\u00e4kyv\u00e4, \u00f6ljyinen neste, jonka pohjassa on pieni m\u00e4\u00e4r\u00e4 sakkaa. Sen v\u00e4ri vaihtelee kultaisesta punaruskeaan. \u00d6ljyn v\u00e4ri riippuu k\u00e4ytett\u00e4vist\u00e4 pellavalajikkeista kev\u00e4\u00e4ll\u00e4 tai talvella.<\/p>\n","protected":false},"excerpt":{"rendered":"<p>Ruoka- ja kosmetiikkalaatuinen pellava\u00f6ljy (Camelina Sativa) sis\u00e4lt\u00e4\u00e4 suuria m\u00e4\u00e4ri\u00e4 omega-3-rasvahappoja. Sit\u00e4 k\u00e4ytet\u00e4\u00e4n yleisesti ravintolis\u00e4n\u00e4 ja yleisk\u00e4ytt\u00f6isen\u00e4 \u00f6ljyn\u00e4. Pellava\u00f6ljyll\u00e4 on herkk\u00e4 p\u00e4hkin\u00e4inen maku.<\/p>\n<p>Tyydyttyneiden happojen pitoisuus on pieni ja on 10\u201311%, ja tyydyttym\u00e4tt\u00f6mien happojen pitoisuus on 90%, mukaan lukien: tyydyttym\u00e4tt\u00f6m\u00e4t (monoenihapot) noin 36%ja monityydyttym\u00e4tt\u00f6m\u00e4t (polyeenihapot) noin 55%.<\/p>\n","protected":false},"featured_media":36153,"template":"","meta":{"_acf_changed":false},"product_brand":[],"product_cat":[542,531,546],"product_tag":[],"class_list":{"0":"post-8902","1":"product","2":"type-product","3":"status-publish","4":"has-post-thumbnail","6":"product_cat-kosmeettiset-oljyt","7":"product_cat-ruokaoljyt-ja-kosmeettiset-oljyt","8":"product_cat-elintarvikeoljyt","10":"first","11":"instock","12":"shipping-taxable","13":"product-type-simple"},"acf":[],"yoast_head":"<!-- This site is optimized with the Yoast SEO plugin v27.4 - https:\/\/yoast.com\/product\/yoast-seo-wordpress\/ -->\n<title>Pellava\u00f6ljy (Sativa) - Tukkudistribuutio<\/title>\n<meta name=\"robots\" content=\"index, follow, max-snippet:-1, max-image-preview:large, max-video-preview:-1\" \/>\n<link rel=\"canonical\" href=\"https:\/\/naturalpoland.com\/fi\/tuotteet\/elintarviketeollisuuden-tuotteet\/elintarvikeoljyt\/pellava-sativa-oljy\/\" \/>\n<meta property=\"og:locale\" content=\"fi_FI\" \/>\n<meta property=\"og:type\" content=\"article\" \/>\n<meta property=\"og:title\" content=\"Pellava\u00f6ljy (Sativa) - Tukkudistribuutio\" \/>\n<meta property=\"og:description\" content=\"Ruoka- ja kosmetiikkalaatuinen pellava\u00f6ljy (Camelina Sativa) sis\u00e4lt\u00e4\u00e4 suuria m\u00e4\u00e4ri\u00e4 omega-3-rasvahappoja. Sit\u00e4 k\u00e4ytet\u00e4\u00e4n yleisesti ravintolis\u00e4n\u00e4 ja yleisk\u00e4ytt\u00f6isen\u00e4 \u00f6ljyn\u00e4. Pellava\u00f6ljyll\u00e4 on herkk\u00e4 p\u00e4hkin\u00e4inen maku. Tyydyttyneiden happojen pitoisuus on pieni ja on 10\u201311%, ja tyydyttym\u00e4tt\u00f6mien happojen pitoisuus on 90%, mukaan lukien: tyydyttym\u00e4tt\u00f6m\u00e4t (monoenihapot) noin 36%ja monityydyttym\u00e4tt\u00f6m\u00e4t (polyeenihapot) noin 55%.\" \/>\n<meta property=\"og:url\" content=\"https:\/\/naturalpoland.com\/fi\/tuotteet\/elintarviketeollisuuden-tuotteet\/elintarvikeoljyt\/pellava-sativa-oljy\/\" \/>\n<meta property=\"og:site_name\" content=\"NATURAL POLAND - RAAKA-AINEIDEN TUKKUJAKELIJA\" \/>\n<meta property=\"article:publisher\" content=\"https:\/\/www.facebook.com\/naturalpoland.b2b\" \/>\n<meta property=\"og:image\" content=\"https:\/\/naturalpoland.com\/wp-content\/uploads\/olej-z-lnianki.webp\" \/>\n\t<meta property=\"og:image:width\" content=\"619\" \/>\n\t<meta property=\"og:image:height\" content=\"619\" \/>\n\t<meta property=\"og:image:type\" content=\"image\/webp\" \/>\n<script type=\"application\/ld+json\" class=\"yoast-schema-graph\">{\"@context\":\"https:\\\/\\\/schema.org\",\"@graph\":[{\"@type\":\"WebPage\",\"@id\":\"https:\\\/\\\/naturalpoland.com\\\/fi\\\/tuotteet\\\/elintarviketeollisuuden-tuotteet\\\/elintarvikeoljyt\\\/pellava-sativa-oljy\\\/\",\"url\":\"https:\\\/\\\/naturalpoland.com\\\/fi\\\/tuotteet\\\/elintarviketeollisuuden-tuotteet\\\/elintarvikeoljyt\\\/pellava-sativa-oljy\\\/\",\"name\":\"Pellava\u00f6ljy (Sativa) - Tukkudistribuutio\",\"isPartOf\":{\"@id\":\"https:\\\/\\\/naturalpoland.com\\\/fi\\\/#website\"},\"primaryImageOfPage\":{\"@id\":\"https:\\\/\\\/naturalpoland.com\\\/fi\\\/tuotteet\\\/elintarviketeollisuuden-tuotteet\\\/elintarvikeoljyt\\\/pellava-sativa-oljy\\\/#primaryimage\"},\"image\":{\"@id\":\"https:\\\/\\\/naturalpoland.com\\\/fi\\\/tuotteet\\\/elintarviketeollisuuden-tuotteet\\\/elintarvikeoljyt\\\/pellava-sativa-oljy\\\/#primaryimage\"},\"thumbnailUrl\":\"https:\\\/\\\/naturalpoland.com\\\/wp-content\\\/uploads\\\/olej-z-lnianki.webp\",\"datePublished\":\"2021-09-10T13:25:51+00:00\",\"breadcrumb\":{\"@id\":\"https:\\\/\\\/naturalpoland.com\\\/fi\\\/tuotteet\\\/elintarviketeollisuuden-tuotteet\\\/elintarvikeoljyt\\\/pellava-sativa-oljy\\\/#breadcrumb\"},\"inLanguage\":\"fi\",\"potentialAction\":[{\"@type\":\"ReadAction\",\"target\":[\"https:\\\/\\\/naturalpoland.com\\\/fi\\\/tuotteet\\\/elintarviketeollisuuden-tuotteet\\\/elintarvikeoljyt\\\/pellava-sativa-oljy\\\/\"]}]},{\"@type\":\"ImageObject\",\"inLanguage\":\"fi\",\"@id\":\"https:\\\/\\\/naturalpoland.com\\\/fi\\\/tuotteet\\\/elintarviketeollisuuden-tuotteet\\\/elintarvikeoljyt\\\/pellava-sativa-oljy\\\/#primaryimage\",\"url\":\"https:\\\/\\\/naturalpoland.com\\\/wp-content\\\/uploads\\\/olej-z-lnianki.webp\",\"contentUrl\":\"https:\\\/\\\/naturalpoland.com\\\/wp-content\\\/uploads\\\/olej-z-lnianki.webp\",\"width\":619,\"height\":619,\"caption\":\"olej z lnianki\"},{\"@type\":\"BreadcrumbList\",\"@id\":\"https:\\\/\\\/naturalpoland.com\\\/fi\\\/tuotteet\\\/elintarviketeollisuuden-tuotteet\\\/elintarvikeoljyt\\\/pellava-sativa-oljy\\\/#breadcrumb\",\"itemListElement\":[{\"@type\":\"ListItem\",\"position\":1,\"name\":\"Etusivu\",\"item\":\"https:\\\/\\\/naturalpoland.com\\\/fi\\\/\"},{\"@type\":\"ListItem\",\"position\":2,\"name\":\"Tuotteet\",\"item\":\"https:\\\/\\\/naturalpoland.com\\\/fi\\\/tuotteet\\\/\"},{\"@type\":\"ListItem\",\"position\":3,\"name\":\"Pellava\u00f6ljy (Sativa)\"}]},{\"@type\":\"WebSite\",\"@id\":\"https:\\\/\\\/naturalpoland.com\\\/fi\\\/#website\",\"url\":\"https:\\\/\\\/naturalpoland.com\\\/fi\\\/\",\"name\":\"NATURAL POLAND - RAAKA-AINEIDEN TUKKUJAKELIJA\",\"description\":\"Surowce dla przemys\u0142u spo\u017cywczego, kosmetycznego i farmaceutycznego\",\"publisher\":{\"@id\":\"https:\\\/\\\/naturalpoland.com\\\/fi\\\/#organization\"},\"potentialAction\":[{\"@type\":\"SearchAction\",\"target\":{\"@type\":\"EntryPoint\",\"urlTemplate\":\"https:\\\/\\\/naturalpoland.com\\\/fi\\\/?s={search_term_string}\"},\"query-input\":{\"@type\":\"PropertyValueSpecification\",\"valueRequired\":true,\"valueName\":\"search_term_string\"}}],\"inLanguage\":\"fi\"},{\"@type\":\"Organization\",\"@id\":\"https:\\\/\\\/naturalpoland.com\\\/fi\\\/#organization\",\"name\":\"Natural Poland\",\"url\":\"https:\\\/\\\/naturalpoland.com\\\/fi\\\/\",\"logo\":{\"@type\":\"ImageObject\",\"inLanguage\":\"fi\",\"@id\":\"https:\\\/\\\/naturalpoland.com\\\/fi\\\/#\\\/schema\\\/logo\\\/image\\\/\",\"url\":\"https:\\\/\\\/naturalpoland.com\\\/wp-content\\\/uploads\\\/2021\\\/05\\\/natural-poland-icon.png\",\"contentUrl\":\"https:\\\/\\\/naturalpoland.com\\\/wp-content\\\/uploads\\\/2021\\\/05\\\/natural-poland-icon.png\",\"width\":512,\"height\":512,\"caption\":\"Natural Poland\"},\"image\":{\"@id\":\"https:\\\/\\\/naturalpoland.com\\\/fi\\\/#\\\/schema\\\/logo\\\/image\\\/\"},\"sameAs\":[\"https:\\\/\\\/www.facebook.com\\\/naturalpoland.b2b\",\"https:\\\/\\\/pl.linkedin.com\\\/company\\\/natural-poland\",\"https:\\\/\\\/www.youtube.com\\\/channel\\\/UCgeGGkvOMahZo-xu_MSEWxg\"]}]}<\/script>\n<!-- \/ Yoast SEO plugin. -->","yoast_head_json":{"title":"Pellava\u00f6ljy (Sativa) - Tukkudistribuutio","robots":{"index":"index","follow":"follow","max-snippet":"max-snippet:-1","max-image-preview":"max-image-preview:large","max-video-preview":"max-video-preview:-1"},"canonical":"https:\/\/naturalpoland.com\/fi\/tuotteet\/elintarviketeollisuuden-tuotteet\/elintarvikeoljyt\/pellava-sativa-oljy\/","og_locale":"fi_FI","og_type":"article","og_title":"Pellava\u00f6ljy (Sativa) - Tukkudistribuutio","og_description":"Ruoka- ja kosmetiikkalaatuinen pellava\u00f6ljy (Camelina Sativa) sis\u00e4lt\u00e4\u00e4 suuria m\u00e4\u00e4ri\u00e4 omega-3-rasvahappoja. Sit\u00e4 k\u00e4ytet\u00e4\u00e4n yleisesti ravintolis\u00e4n\u00e4 ja yleisk\u00e4ytt\u00f6isen\u00e4 \u00f6ljyn\u00e4. Pellava\u00f6ljyll\u00e4 on herkk\u00e4 p\u00e4hkin\u00e4inen maku. Tyydyttyneiden happojen pitoisuus on pieni ja on 10\u201311%, ja tyydyttym\u00e4tt\u00f6mien happojen pitoisuus on 90%, mukaan lukien: tyydyttym\u00e4tt\u00f6m\u00e4t (monoenihapot) noin 36%ja monityydyttym\u00e4tt\u00f6m\u00e4t (polyeenihapot) noin 55%.","og_url":"https:\/\/naturalpoland.com\/fi\/tuotteet\/elintarviketeollisuuden-tuotteet\/elintarvikeoljyt\/pellava-sativa-oljy\/","og_site_name":"NATURAL POLAND - RAAKA-AINEIDEN TUKKUJAKELIJA","article_publisher":"https:\/\/www.facebook.com\/naturalpoland.b2b","og_image":[{"width":619,"height":619,"url":"https:\/\/naturalpoland.com\/wp-content\/uploads\/olej-z-lnianki.webp","type":"image\/webp"}],"schema":{"@context":"https:\/\/schema.org","@graph":[{"@type":"WebPage","@id":"https:\/\/naturalpoland.com\/fi\/tuotteet\/elintarviketeollisuuden-tuotteet\/elintarvikeoljyt\/pellava-sativa-oljy\/","url":"https:\/\/naturalpoland.com\/fi\/tuotteet\/elintarviketeollisuuden-tuotteet\/elintarvikeoljyt\/pellava-sativa-oljy\/","name":"Pellava\u00f6ljy (Sativa) - Tukkudistribuutio","isPartOf":{"@id":"https:\/\/naturalpoland.com\/fi\/#website"},"primaryImageOfPage":{"@id":"https:\/\/naturalpoland.com\/fi\/tuotteet\/elintarviketeollisuuden-tuotteet\/elintarvikeoljyt\/pellava-sativa-oljy\/#primaryimage"},"image":{"@id":"https:\/\/naturalpoland.com\/fi\/tuotteet\/elintarviketeollisuuden-tuotteet\/elintarvikeoljyt\/pellava-sativa-oljy\/#primaryimage"},"thumbnailUrl":"https:\/\/naturalpoland.com\/wp-content\/uploads\/olej-z-lnianki.webp","datePublished":"2021-09-10T13:25:51+00:00","breadcrumb":{"@id":"https:\/\/naturalpoland.com\/fi\/tuotteet\/elintarviketeollisuuden-tuotteet\/elintarvikeoljyt\/pellava-sativa-oljy\/#breadcrumb"},"inLanguage":"fi","potentialAction":[{"@type":"ReadAction","target":["https:\/\/naturalpoland.com\/fi\/tuotteet\/elintarviketeollisuuden-tuotteet\/elintarvikeoljyt\/pellava-sativa-oljy\/"]}]},{"@type":"ImageObject","inLanguage":"fi","@id":"https:\/\/naturalpoland.com\/fi\/tuotteet\/elintarviketeollisuuden-tuotteet\/elintarvikeoljyt\/pellava-sativa-oljy\/#primaryimage","url":"https:\/\/naturalpoland.com\/wp-content\/uploads\/olej-z-lnianki.webp","contentUrl":"https:\/\/naturalpoland.com\/wp-content\/uploads\/olej-z-lnianki.webp","width":619,"height":619,"caption":"olej z lnianki"},{"@type":"BreadcrumbList","@id":"https:\/\/naturalpoland.com\/fi\/tuotteet\/elintarviketeollisuuden-tuotteet\/elintarvikeoljyt\/pellava-sativa-oljy\/#breadcrumb","itemListElement":[{"@type":"ListItem","position":1,"name":"Etusivu","item":"https:\/\/naturalpoland.com\/fi\/"},{"@type":"ListItem","position":2,"name":"Tuotteet","item":"https:\/\/naturalpoland.com\/fi\/tuotteet\/"},{"@type":"ListItem","position":3,"name":"Pellava\u00f6ljy (Sativa)"}]},{"@type":"WebSite","@id":"https:\/\/naturalpoland.com\/fi\/#website","url":"https:\/\/naturalpoland.com\/fi\/","name":"NATURAL POLAND - RAAKA-AINEIDEN TUKKUJAKELIJA","description":"Surowce dla przemys\u0142u spo\u017cywczego, kosmetycznego i farmaceutycznego","publisher":{"@id":"https:\/\/naturalpoland.com\/fi\/#organization"},"potentialAction":[{"@type":"SearchAction","target":{"@type":"EntryPoint","urlTemplate":"https:\/\/naturalpoland.com\/fi\/?s={search_term_string}"},"query-input":{"@type":"PropertyValueSpecification","valueRequired":true,"valueName":"search_term_string"}}],"inLanguage":"fi"},{"@type":"Organization","@id":"https:\/\/naturalpoland.com\/fi\/#organization","name":"Natural Poland","url":"https:\/\/naturalpoland.com\/fi\/","logo":{"@type":"ImageObject","inLanguage":"fi","@id":"https:\/\/naturalpoland.com\/fi\/#\/schema\/logo\/image\/","url":"https:\/\/naturalpoland.com\/wp-content\/uploads\/2021\/05\/natural-poland-icon.png","contentUrl":"https:\/\/naturalpoland.com\/wp-content\/uploads\/2021\/05\/natural-poland-icon.png","width":512,"height":512,"caption":"Natural Poland"},"image":{"@id":"https:\/\/naturalpoland.com\/fi\/#\/schema\/logo\/image\/"},"sameAs":["https:\/\/www.facebook.com\/naturalpoland.b2b","https:\/\/pl.linkedin.com\/company\/natural-poland","https:\/\/www.youtube.com\/channel\/UCgeGGkvOMahZo-xu_MSEWxg"]}]}},"_links":{"self":[{"href":"https:\/\/naturalpoland.com\/fi\/wp-json\/wp\/v2\/product\/8902","targetHints":{"allow":["GET"]}}],"collection":[{"href":"https:\/\/naturalpoland.com\/fi\/wp-json\/wp\/v2\/product"}],"about":[{"href":"https:\/\/naturalpoland.com\/fi\/wp-json\/wp\/v2\/types\/product"}],"wp:featuredmedia":[{"embeddable":true,"href":"https:\/\/naturalpoland.com\/fi\/wp-json\/wp\/v2\/media\/36153"}],"wp:attachment":[{"href":"https:\/\/naturalpoland.com\/fi\/wp-json\/wp\/v2\/media?parent=8902"}],"wp:term":[{"taxonomy":"product_brand","embeddable":true,"href":"https:\/\/naturalpoland.com\/fi\/wp-json\/wp\/v2\/product_brand?post=8902"},{"taxonomy":"product_cat","embeddable":true,"href":"https:\/\/naturalpoland.com\/fi\/wp-json\/wp\/v2\/product_cat?post=8902"},{"taxonomy":"product_tag","embeddable":true,"href":"https:\/\/naturalpoland.com\/fi\/wp-json\/wp\/v2\/product_tag?post=8902"}],"curies":[{"name":"wp","href":"https:\/\/api.w.org\/{rel}","templated":true}]}}