{"id":8907,"date":"2021-05-11T13:49:46","date_gmt":"2021-09-10T13:25:55","guid":{"rendered":"https:\/\/naturalpoland.pl\/produkty\/Ei-luokiteltu\/acai-siemenoljy\/"},"modified":"2021-09-10T15:25:55","modified_gmt":"2021-09-10T13:25:55","slug":"acai-siemenoljy","status":"publish","type":"product","link":"https:\/\/naturalpoland.com\/fi\/tuotteet\/ruokaoljyt-ja-kosmeettiset-oljyt\/acai-siemenoljy\/","title":{"rendered":"Acai -siemen\u00f6ljy"},"content":{"rendered":"<p>Acai-\u00f6ljy on eritt\u00e4in toimiva \u00f6ljy, jolla on runsaasti ravitsevia, antioksidanttisia ja tulehdusta ehk\u00e4isevi\u00e4 ominaisuuksia. Acai -marjat luokitellaan terveys- ja luomuruoaksi.<\/p>\n<p>Acai -siemen\u00f6ljy on arvokas lis\u00e4 kermapohjiin ja kosmetiikkaan. Se sopii erinomaisesti ik\u00e4\u00e4ntyv\u00e4n ihon hoitoon, koska antioksidanttisten ominaisuuksiensa vuoksi se est\u00e4\u00e4 vapaiden radikaalien esiintymisen. T\u00e4m\u00e4 \u00f6ljy tasoittaa, elvytt\u00e4\u00e4 ja auttaa peitt\u00e4m\u00e4\u00e4n v\u00e4rimuutoksia.<\/p>\n<p>Acai -siemen\u00f6ljy sopii my\u00f6s hiusten hoitoon: kuivat, vaurioituneet, halkeilevat, v\u00e4rj\u00e4tyt ja valkaistut hiukset, jotka kosteuttavat syv\u00e4sti ja antavat niille kiiltoa. Sit\u00e4 voidaan levitt\u00e4\u00e4 siistin\u00e4 ja laimentamattomana hiusten latvoihin, mik\u00e4 voi auttaa v\u00e4hent\u00e4m\u00e4\u00e4n halkeilevien ja kuivien hiusten p\u00e4iden ulkon\u00e4k\u00f6\u00e4. \u00d6ljy\u00e4 voidaan k\u00e4ytt\u00e4\u00e4 my\u00f6s kynsien hoitoaineena.<\/p>\n","protected":false},"excerpt":{"rendered":"<p>Kylm\u00e4puristettu, puhdistamaton acai -siemen\u00f6ljy. \u00d6ljy, joka on saatu villist\u00e4 kasvavasta palmupuusta Brasilian Amazonissa. Hedelm\u00e4t tunnetaan acai-marjoina, joilla on ainutlaatuisia terveytt\u00e4 edist\u00e4vi\u00e4 ominaisuuksia.<\/p>\n","protected":false},"featured_media":8908,"template":"","meta":{"_acf_changed":false},"product_brand":[],"product_cat":[531],"product_tag":[],"class_list":{"0":"post-8907","1":"product","2":"type-product","3":"status-publish","4":"has-post-thumbnail","6":"product_cat-ruokaoljyt-ja-kosmeettiset-oljyt","8":"first","9":"instock","10":"shipping-taxable","11":"product-type-simple"},"acf":[],"yoast_head":"<!-- This site is optimized with the Yoast SEO plugin v27.5 - https:\/\/yoast.com\/product\/yoast-seo-wordpress\/ -->\n<title>Acai -siemen\u00f6ljy - Tukkudistribuutio<\/title>\n<meta name=\"robots\" content=\"index, follow, max-snippet:-1, max-image-preview:large, max-video-preview:-1\" \/>\n<link rel=\"canonical\" href=\"https:\/\/naturalpoland.com\/fi\/tuotteet\/ruokaoljyt-ja-kosmeettiset-oljyt\/acai-siemenoljy\/\" \/>\n<meta property=\"og:locale\" content=\"fi_FI\" \/>\n<meta property=\"og:type\" content=\"article\" \/>\n<meta property=\"og:title\" content=\"Acai -siemen\u00f6ljy - Tukkudistribuutio\" \/>\n<meta property=\"og:description\" content=\"Kylm\u00e4puristettu, puhdistamaton acai -siemen\u00f6ljy. \u00d6ljy, joka on saatu villist\u00e4 kasvavasta palmupuusta Brasilian Amazonissa. Hedelm\u00e4t tunnetaan acai-marjoina, joilla on ainutlaatuisia terveytt\u00e4 edist\u00e4vi\u00e4 ominaisuuksia.\" \/>\n<meta property=\"og:url\" content=\"https:\/\/naturalpoland.com\/fi\/tuotteet\/ruokaoljyt-ja-kosmeettiset-oljyt\/acai-siemenoljy\/\" \/>\n<meta property=\"og:site_name\" content=\"NATURAL POLAND - RAAKA-AINEIDEN TUKKUJAKELIJA\" \/>\n<meta property=\"article:publisher\" content=\"https:\/\/www.facebook.com\/naturalpoland.b2b\" \/>\n<meta property=\"og:image\" content=\"https:\/\/naturalpoland.com\/wp-content\/uploads\/2021\/05\/acai-seeds-oil.jpg\" \/>\n\t<meta property=\"og:image:width\" content=\"1694\" \/>\n\t<meta property=\"og:image:height\" content=\"1133\" \/>\n\t<meta property=\"og:image:type\" content=\"image\/jpeg\" \/>\n<script type=\"application\/ld+json\" class=\"yoast-schema-graph\">{\"@context\":\"https:\\\/\\\/schema.org\",\"@graph\":[{\"@type\":\"WebPage\",\"@id\":\"https:\\\/\\\/naturalpoland.com\\\/fi\\\/tuotteet\\\/ruokaoljyt-ja-kosmeettiset-oljyt\\\/acai-siemenoljy\\\/\",\"url\":\"https:\\\/\\\/naturalpoland.com\\\/fi\\\/tuotteet\\\/ruokaoljyt-ja-kosmeettiset-oljyt\\\/acai-siemenoljy\\\/\",\"name\":\"Acai -siemen\u00f6ljy - Tukkudistribuutio\",\"isPartOf\":{\"@id\":\"https:\\\/\\\/naturalpoland.com\\\/fi\\\/#website\"},\"primaryImageOfPage\":{\"@id\":\"https:\\\/\\\/naturalpoland.com\\\/fi\\\/tuotteet\\\/ruokaoljyt-ja-kosmeettiset-oljyt\\\/acai-siemenoljy\\\/#primaryimage\"},\"image\":{\"@id\":\"https:\\\/\\\/naturalpoland.com\\\/fi\\\/tuotteet\\\/ruokaoljyt-ja-kosmeettiset-oljyt\\\/acai-siemenoljy\\\/#primaryimage\"},\"thumbnailUrl\":\"https:\\\/\\\/naturalpoland.com\\\/wp-content\\\/uploads\\\/2021\\\/05\\\/acai-seeds-oil.jpg\",\"datePublished\":\"2021-09-10T13:25:55+00:00\",\"breadcrumb\":{\"@id\":\"https:\\\/\\\/naturalpoland.com\\\/fi\\\/tuotteet\\\/ruokaoljyt-ja-kosmeettiset-oljyt\\\/acai-siemenoljy\\\/#breadcrumb\"},\"inLanguage\":\"fi\",\"potentialAction\":[{\"@type\":\"ReadAction\",\"target\":[\"https:\\\/\\\/naturalpoland.com\\\/fi\\\/tuotteet\\\/ruokaoljyt-ja-kosmeettiset-oljyt\\\/acai-siemenoljy\\\/\"]}]},{\"@type\":\"ImageObject\",\"inLanguage\":\"fi\",\"@id\":\"https:\\\/\\\/naturalpoland.com\\\/fi\\\/tuotteet\\\/ruokaoljyt-ja-kosmeettiset-oljyt\\\/acai-siemenoljy\\\/#primaryimage\",\"url\":\"https:\\\/\\\/naturalpoland.com\\\/wp-content\\\/uploads\\\/2021\\\/05\\\/acai-seeds-oil.jpg\",\"contentUrl\":\"https:\\\/\\\/naturalpoland.com\\\/wp-content\\\/uploads\\\/2021\\\/05\\\/acai-seeds-oil.jpg\",\"width\":1694,\"height\":1133,\"caption\":\"Owoce acai\"},{\"@type\":\"BreadcrumbList\",\"@id\":\"https:\\\/\\\/naturalpoland.com\\\/fi\\\/tuotteet\\\/ruokaoljyt-ja-kosmeettiset-oljyt\\\/acai-siemenoljy\\\/#breadcrumb\",\"itemListElement\":[{\"@type\":\"ListItem\",\"position\":1,\"name\":\"Etusivu\",\"item\":\"https:\\\/\\\/naturalpoland.com\\\/fi\\\/\"},{\"@type\":\"ListItem\",\"position\":2,\"name\":\"Tuotteet\",\"item\":\"https:\\\/\\\/naturalpoland.com\\\/fi\\\/tuotteet\\\/\"},{\"@type\":\"ListItem\",\"position\":3,\"name\":\"Acai -siemen\u00f6ljy\"}]},{\"@type\":\"WebSite\",\"@id\":\"https:\\\/\\\/naturalpoland.com\\\/fi\\\/#website\",\"url\":\"https:\\\/\\\/naturalpoland.com\\\/fi\\\/\",\"name\":\"NATURAL POLAND - RAAKA-AINEIDEN TUKKUJAKELIJA\",\"description\":\"Surowce dla przemys\u0142u spo\u017cywczego, kosmetycznego i farmaceutycznego\",\"publisher\":{\"@id\":\"https:\\\/\\\/naturalpoland.com\\\/fi\\\/#organization\"},\"potentialAction\":[{\"@type\":\"SearchAction\",\"target\":{\"@type\":\"EntryPoint\",\"urlTemplate\":\"https:\\\/\\\/naturalpoland.com\\\/fi\\\/?s={search_term_string}\"},\"query-input\":{\"@type\":\"PropertyValueSpecification\",\"valueRequired\":true,\"valueName\":\"search_term_string\"}}],\"inLanguage\":\"fi\"},{\"@type\":\"Organization\",\"@id\":\"https:\\\/\\\/naturalpoland.com\\\/fi\\\/#organization\",\"name\":\"Natural Poland\",\"url\":\"https:\\\/\\\/naturalpoland.com\\\/fi\\\/\",\"logo\":{\"@type\":\"ImageObject\",\"inLanguage\":\"fi\",\"@id\":\"https:\\\/\\\/naturalpoland.com\\\/fi\\\/#\\\/schema\\\/logo\\\/image\\\/\",\"url\":\"https:\\\/\\\/naturalpoland.com\\\/wp-content\\\/uploads\\\/2021\\\/05\\\/natural-poland-icon.png\",\"contentUrl\":\"https:\\\/\\\/naturalpoland.com\\\/wp-content\\\/uploads\\\/2021\\\/05\\\/natural-poland-icon.png\",\"width\":512,\"height\":512,\"caption\":\"Natural Poland\"},\"image\":{\"@id\":\"https:\\\/\\\/naturalpoland.com\\\/fi\\\/#\\\/schema\\\/logo\\\/image\\\/\"},\"sameAs\":[\"https:\\\/\\\/www.facebook.com\\\/naturalpoland.b2b\",\"https:\\\/\\\/pl.linkedin.com\\\/company\\\/natural-poland\",\"https:\\\/\\\/www.youtube.com\\\/channel\\\/UCgeGGkvOMahZo-xu_MSEWxg\"]}]}<\/script>\n<!-- \/ Yoast SEO plugin. -->","yoast_head_json":{"title":"Acai -siemen\u00f6ljy - Tukkudistribuutio","robots":{"index":"index","follow":"follow","max-snippet":"max-snippet:-1","max-image-preview":"max-image-preview:large","max-video-preview":"max-video-preview:-1"},"canonical":"https:\/\/naturalpoland.com\/fi\/tuotteet\/ruokaoljyt-ja-kosmeettiset-oljyt\/acai-siemenoljy\/","og_locale":"fi_FI","og_type":"article","og_title":"Acai -siemen\u00f6ljy - Tukkudistribuutio","og_description":"Kylm\u00e4puristettu, puhdistamaton acai -siemen\u00f6ljy. \u00d6ljy, joka on saatu villist\u00e4 kasvavasta palmupuusta Brasilian Amazonissa. Hedelm\u00e4t tunnetaan acai-marjoina, joilla on ainutlaatuisia terveytt\u00e4 edist\u00e4vi\u00e4 ominaisuuksia.","og_url":"https:\/\/naturalpoland.com\/fi\/tuotteet\/ruokaoljyt-ja-kosmeettiset-oljyt\/acai-siemenoljy\/","og_site_name":"NATURAL POLAND - RAAKA-AINEIDEN TUKKUJAKELIJA","article_publisher":"https:\/\/www.facebook.com\/naturalpoland.b2b","og_image":[{"width":1694,"height":1133,"url":"https:\/\/naturalpoland.com\/wp-content\/uploads\/2021\/05\/acai-seeds-oil.jpg","type":"image\/jpeg"}],"schema":{"@context":"https:\/\/schema.org","@graph":[{"@type":"WebPage","@id":"https:\/\/naturalpoland.com\/fi\/tuotteet\/ruokaoljyt-ja-kosmeettiset-oljyt\/acai-siemenoljy\/","url":"https:\/\/naturalpoland.com\/fi\/tuotteet\/ruokaoljyt-ja-kosmeettiset-oljyt\/acai-siemenoljy\/","name":"Acai -siemen\u00f6ljy - Tukkudistribuutio","isPartOf":{"@id":"https:\/\/naturalpoland.com\/fi\/#website"},"primaryImageOfPage":{"@id":"https:\/\/naturalpoland.com\/fi\/tuotteet\/ruokaoljyt-ja-kosmeettiset-oljyt\/acai-siemenoljy\/#primaryimage"},"image":{"@id":"https:\/\/naturalpoland.com\/fi\/tuotteet\/ruokaoljyt-ja-kosmeettiset-oljyt\/acai-siemenoljy\/#primaryimage"},"thumbnailUrl":"https:\/\/naturalpoland.com\/wp-content\/uploads\/2021\/05\/acai-seeds-oil.jpg","datePublished":"2021-09-10T13:25:55+00:00","breadcrumb":{"@id":"https:\/\/naturalpoland.com\/fi\/tuotteet\/ruokaoljyt-ja-kosmeettiset-oljyt\/acai-siemenoljy\/#breadcrumb"},"inLanguage":"fi","potentialAction":[{"@type":"ReadAction","target":["https:\/\/naturalpoland.com\/fi\/tuotteet\/ruokaoljyt-ja-kosmeettiset-oljyt\/acai-siemenoljy\/"]}]},{"@type":"ImageObject","inLanguage":"fi","@id":"https:\/\/naturalpoland.com\/fi\/tuotteet\/ruokaoljyt-ja-kosmeettiset-oljyt\/acai-siemenoljy\/#primaryimage","url":"https:\/\/naturalpoland.com\/wp-content\/uploads\/2021\/05\/acai-seeds-oil.jpg","contentUrl":"https:\/\/naturalpoland.com\/wp-content\/uploads\/2021\/05\/acai-seeds-oil.jpg","width":1694,"height":1133,"caption":"Owoce acai"},{"@type":"BreadcrumbList","@id":"https:\/\/naturalpoland.com\/fi\/tuotteet\/ruokaoljyt-ja-kosmeettiset-oljyt\/acai-siemenoljy\/#breadcrumb","itemListElement":[{"@type":"ListItem","position":1,"name":"Etusivu","item":"https:\/\/naturalpoland.com\/fi\/"},{"@type":"ListItem","position":2,"name":"Tuotteet","item":"https:\/\/naturalpoland.com\/fi\/tuotteet\/"},{"@type":"ListItem","position":3,"name":"Acai -siemen\u00f6ljy"}]},{"@type":"WebSite","@id":"https:\/\/naturalpoland.com\/fi\/#website","url":"https:\/\/naturalpoland.com\/fi\/","name":"NATURAL POLAND - RAAKA-AINEIDEN TUKKUJAKELIJA","description":"Surowce dla przemys\u0142u spo\u017cywczego, kosmetycznego i farmaceutycznego","publisher":{"@id":"https:\/\/naturalpoland.com\/fi\/#organization"},"potentialAction":[{"@type":"SearchAction","target":{"@type":"EntryPoint","urlTemplate":"https:\/\/naturalpoland.com\/fi\/?s={search_term_string}"},"query-input":{"@type":"PropertyValueSpecification","valueRequired":true,"valueName":"search_term_string"}}],"inLanguage":"fi"},{"@type":"Organization","@id":"https:\/\/naturalpoland.com\/fi\/#organization","name":"Natural Poland","url":"https:\/\/naturalpoland.com\/fi\/","logo":{"@type":"ImageObject","inLanguage":"fi","@id":"https:\/\/naturalpoland.com\/fi\/#\/schema\/logo\/image\/","url":"https:\/\/naturalpoland.com\/wp-content\/uploads\/2021\/05\/natural-poland-icon.png","contentUrl":"https:\/\/naturalpoland.com\/wp-content\/uploads\/2021\/05\/natural-poland-icon.png","width":512,"height":512,"caption":"Natural Poland"},"image":{"@id":"https:\/\/naturalpoland.com\/fi\/#\/schema\/logo\/image\/"},"sameAs":["https:\/\/www.facebook.com\/naturalpoland.b2b","https:\/\/pl.linkedin.com\/company\/natural-poland","https:\/\/www.youtube.com\/channel\/UCgeGGkvOMahZo-xu_MSEWxg"]}]}},"_links":{"self":[{"href":"https:\/\/naturalpoland.com\/fi\/wp-json\/wp\/v2\/product\/8907","targetHints":{"allow":["GET"]}}],"collection":[{"href":"https:\/\/naturalpoland.com\/fi\/wp-json\/wp\/v2\/product"}],"about":[{"href":"https:\/\/naturalpoland.com\/fi\/wp-json\/wp\/v2\/types\/product"}],"wp:featuredmedia":[{"embeddable":true,"href":"https:\/\/naturalpoland.com\/fi\/wp-json\/wp\/v2\/media\/8908"}],"wp:attachment":[{"href":"https:\/\/naturalpoland.com\/fi\/wp-json\/wp\/v2\/media?parent=8907"}],"wp:term":[{"taxonomy":"product_brand","embeddable":true,"href":"https:\/\/naturalpoland.com\/fi\/wp-json\/wp\/v2\/product_brand?post=8907"},{"taxonomy":"product_cat","embeddable":true,"href":"https:\/\/naturalpoland.com\/fi\/wp-json\/wp\/v2\/product_cat?post=8907"},{"taxonomy":"product_tag","embeddable":true,"href":"https:\/\/naturalpoland.com\/fi\/wp-json\/wp\/v2\/product_tag?post=8907"}],"curies":[{"name":"wp","href":"https:\/\/api.w.org\/{rel}","templated":true}]}}