{"id":8941,"date":"2021-05-11T13:50:10","date_gmt":"2021-05-11T11:50:10","guid":{"rendered":"https:\/\/naturalpoland.pl\/produkty\/Ei-luokiteltu\/sinappioljy\/"},"modified":"2025-07-09T12:05:39","modified_gmt":"2025-07-09T10:05:39","slug":"sinapinsiemenoljy","status":"publish","type":"product","link":"https:\/\/naturalpoland.com\/fi\/tuotteet\/elintarviketeollisuuden-tuotteet\/elintarvikeoljyt\/sinapinsiemenoljy\/","title":{"rendered":"Sinappi\u00f6ljy"},"content":{"rendered":"<p>Sinapin siemen\u00f6ljy on arvokas tuote, jolla on laaja k\u00e4ytt\u00f6alue sek\u00e4 elintarvike- ett\u00e4 kosmetiikkateollisuudessa.<\/p>\n<h2>Ravinto-ominaisuudet<\/h2>\n<p>Sinappi\u00f6ljy erottuu muista kasvi\u00f6ljyist\u00e4 keltaisella tai meripihkanv\u00e4risell\u00e4 v\u00e4rill\u00e4\u00e4n ja selke\u00e4ll\u00e4, hieman mausteisella aromillaan. Se sis\u00e4lt\u00e4\u00e4 korkeita pitoisuuksia omega-3- ja omega-6-rasvahappoja, jotka ovat avainasemassa syd\u00e4men terveyden ja verenkierron moitteettoman toiminnan kannalta. S\u00e4\u00e4nn\u00f6llinen sinapin siemen\u00f6ljyn k\u00e4ytt\u00f6 voi auttaa alentamaan LDL-kolesterolin (\u201dpahan kolesterolin\u201d) tasoa ja edist\u00e4\u00e4 verenkiertoa, mik\u00e4 on t\u00e4rke\u00e4\u00e4 syd\u00e4n- ja verisuonitautien ehk\u00e4isyss\u00e4.  <\/p>\n<h2>K\u00e4ytt\u00f6 luonnonl\u00e4\u00e4ketieteess\u00e4<\/h2>\n<p>Perinteisesti sinappi\u00f6ljy\u00e4 on k\u00e4ytetty my\u00f6s apuna infektioiden, ysk\u00e4n ja flunssan hoidossa sen antibakteeristen ja tulehdusta ehk\u00e4isevien ominaisuuksien vuoksi. Sen ulkoinen k\u00e4ytt\u00f6 voi lievitt\u00e4\u00e4 hengitysteiden tulehdustiloja, vaikuttaen rauhoittavasti ja l\u00e4mmitt\u00e4v\u00e4sti. <\/p>\n<h2>Kosmeettinen k\u00e4ytt\u00f6<\/h2>\n<p>Kosmetiikkateollisuudessa sinapin siemen\u00f6ljy\u00e4 arvostetaan sen kosteuttavien ja uudistavien ominaisuuksien vuoksi. Se on runsaasti <a href=\"https:\/\/naturalpoland.com\/fi\/ryhm\u00e4\/laaketeollisuuden-tuotteet\/vitamiinit\/\">A- ja E-vitamiineja<\/a>, jotka ovat tunnettuja antioksidantteja. Se auttaa yll\u00e4pit\u00e4m\u00e4\u00e4n ihon kimmoisuutta, v\u00e4hent\u00e4m\u00e4\u00e4n pieni\u00e4 ryppyj\u00e4 ja parantamaan ihon yleist\u00e4 rakennetta. T\u00e4t\u00e4 \u00f6ljy\u00e4 k\u00e4ytet\u00e4\u00e4n my\u00f6s hiustenhoitoon, miss\u00e4 sen ravitseva ja vahvistava vaikutus tulee esiin.   <\/p>\n<p>Sinappi\u00f6ljy\u00e4 suositellaan my\u00f6s kuivalle, halkeilevalle kantap\u00e4\u00e4n iholle ja hauraille kynsille, mink\u00e4 ansiosta se voi olla tehokas ainesosa balsameissa, voiteissa ja muissa vartalonhoitotuotteissa. T\u00e4m\u00e4 \u00f6ljy voi my\u00f6s toimia suojaavana aineena UV-s\u00e4teilyn haitallisia vaikutuksia vastaan. <\/p>\n<hr>\n<h2>Rasvahappopitoisuus:<\/h2>\n<table>\n<thead>\n<tr>\n<th>Hapon nimi<\/th>\n<th>C-ketju<\/th>\n<th>Alue (%)<\/th>\n<th>Tulos<\/th>\n<\/tr>\n<\/thead>\n<tbody>\n<tr>\n<td>PALMITIINIHAPPO<\/td>\n<td>C16:0<\/td>\n<td>1.0-5.0<\/td>\n<td>2.7<\/td>\n<\/tr>\n<tr>\n<td>STEARIINIHAPPO<\/td>\n<td>C18:0<\/td>\n<td>0.5-3.0<\/td>\n<td>0.9<\/td>\n<\/tr>\n<tr>\n<td>\u00d6LJYHAPPO<\/td>\n<td>C18:1<\/td>\n<td>17.0-26.0<\/td>\n<td>21.9<\/td>\n<\/tr>\n<tr>\n<td>LINOLIHAPPO<\/td>\n<td>C18:2<\/td>\n<td>7.0-12.0<\/td>\n<td>19.8<\/td>\n<\/tr>\n<tr>\n<td>LINOLENIHAPPO<\/td>\n<td>C18:3<\/td>\n<td>5.0-16.0<\/td>\n<td>8.1<\/td>\n<\/tr>\n<tr>\n<td>IKOSENIHAPPO<\/td>\n<td>C20:1<\/td>\n<td>5.0-16.0<\/td>\n<td>13.2<\/td>\n<\/tr>\n<tr>\n<td>ERUKAHAPPO (22:1n9)<\/td>\n<td>C22:1n9<\/td>\n<td>34.0-49.0<\/td>\n<td>39.8<\/td>\n<\/tr>\n<\/tbody>\n<\/table>\n<p>&nbsp;<\/p>\n","protected":false},"excerpt":{"rendered":"<p><strong>Valkoisen sinapin siemen\u00f6ljy<\/strong> (sinappi\u00f6ljy) kylm\u00e4puristamalla saatu tunnetaan nimell\u00e4 <strong>Brassica Alba Seed Oil<\/strong> tai <strong>Sinapis Alba Seed Oil.<\/strong><\/p>\n","protected":false},"featured_media":37452,"template":"","meta":{"_acf_changed":false},"product_brand":[],"product_cat":[542,531,546],"product_tag":[],"class_list":{"0":"post-8941","1":"product","2":"type-product","3":"status-publish","4":"has-post-thumbnail","6":"product_cat-kosmeettiset-oljyt","7":"product_cat-ruokaoljyt-ja-kosmeettiset-oljyt","8":"product_cat-elintarvikeoljyt","9":"pa_metoda-pozyskiwania-kylmapuristus","11":"first","12":"instock","13":"shipping-taxable","14":"product-type-simple"},"acf":[],"yoast_head":"<!-- This site is optimized with the Yoast SEO plugin v27.4 - https:\/\/yoast.com\/product\/yoast-seo-wordpress\/ -->\n<title>Sinappi\u00f6ljy - NATURAL POLAND - RAAKA-AINEIDEN TUKKUJAKELIJA<\/title>\n<meta name=\"description\" content=\"Valkoisen sinapin siemen\u00f6ljylle on ominaista punaruskea tai meripihkanv\u00e4rinen v\u00e4ri ja selke\u00e4, hieman mausteinen aromi.\" \/>\n<meta name=\"robots\" content=\"index, follow, max-snippet:-1, max-image-preview:large, max-video-preview:-1\" \/>\n<link rel=\"canonical\" href=\"https:\/\/naturalpoland.com\/fi\/tuotteet\/elintarviketeollisuuden-tuotteet\/elintarvikeoljyt\/sinapinsiemenoljy\/\" \/>\n<meta property=\"og:locale\" content=\"fi_FI\" \/>\n<meta property=\"og:type\" content=\"article\" \/>\n<meta property=\"og:title\" content=\"Sinappi\u00f6ljy - NATURAL POLAND - RAAKA-AINEIDEN TUKKUJAKELIJA\" \/>\n<meta property=\"og:description\" content=\"Valkoisen sinapin siemen\u00f6ljylle on ominaista punaruskea tai meripihkanv\u00e4rinen v\u00e4ri ja selke\u00e4, hieman mausteinen aromi.\" \/>\n<meta property=\"og:url\" content=\"https:\/\/naturalpoland.com\/fi\/tuotteet\/elintarviketeollisuuden-tuotteet\/elintarvikeoljyt\/sinapinsiemenoljy\/\" \/>\n<meta property=\"og:site_name\" content=\"NATURAL POLAND - RAAKA-AINEIDEN TUKKUJAKELIJA\" \/>\n<meta property=\"article:publisher\" content=\"https:\/\/www.facebook.com\/naturalpoland.b2b\" \/>\n<meta property=\"article:modified_time\" content=\"2025-07-09T10:05:39+00:00\" \/>\n<meta property=\"og:image\" content=\"https:\/\/naturalpoland.com\/wp-content\/uploads\/olej-z-nasion-gorczycy-bialej.webp\" \/>\n\t<meta property=\"og:image:width\" content=\"614\" \/>\n\t<meta property=\"og:image:height\" content=\"614\" \/>\n\t<meta property=\"og:image:type\" content=\"image\/webp\" \/>\n<script type=\"application\/ld+json\" class=\"yoast-schema-graph\">{\"@context\":\"https:\\\/\\\/schema.org\",\"@graph\":[{\"@type\":\"WebPage\",\"@id\":\"https:\\\/\\\/naturalpoland.com\\\/fi\\\/tuotteet\\\/elintarviketeollisuuden-tuotteet\\\/elintarvikeoljyt\\\/sinapinsiemenoljy\\\/\",\"url\":\"https:\\\/\\\/naturalpoland.com\\\/fi\\\/tuotteet\\\/elintarviketeollisuuden-tuotteet\\\/elintarvikeoljyt\\\/sinapinsiemenoljy\\\/\",\"name\":\"Sinappi\u00f6ljy - NATURAL POLAND - RAAKA-AINEIDEN TUKKUJAKELIJA\",\"isPartOf\":{\"@id\":\"https:\\\/\\\/naturalpoland.com\\\/fi\\\/#website\"},\"primaryImageOfPage\":{\"@id\":\"https:\\\/\\\/naturalpoland.com\\\/fi\\\/tuotteet\\\/elintarviketeollisuuden-tuotteet\\\/elintarvikeoljyt\\\/sinapinsiemenoljy\\\/#primaryimage\"},\"image\":{\"@id\":\"https:\\\/\\\/naturalpoland.com\\\/fi\\\/tuotteet\\\/elintarviketeollisuuden-tuotteet\\\/elintarvikeoljyt\\\/sinapinsiemenoljy\\\/#primaryimage\"},\"thumbnailUrl\":\"https:\\\/\\\/naturalpoland.com\\\/wp-content\\\/uploads\\\/olej-z-nasion-gorczycy-bialej.webp\",\"datePublished\":\"2021-05-11T11:50:10+00:00\",\"dateModified\":\"2025-07-09T10:05:39+00:00\",\"description\":\"Valkoisen sinapin siemen\u00f6ljylle on ominaista punaruskea tai meripihkanv\u00e4rinen v\u00e4ri ja selke\u00e4, hieman mausteinen aromi.\",\"breadcrumb\":{\"@id\":\"https:\\\/\\\/naturalpoland.com\\\/fi\\\/tuotteet\\\/elintarviketeollisuuden-tuotteet\\\/elintarvikeoljyt\\\/sinapinsiemenoljy\\\/#breadcrumb\"},\"inLanguage\":\"fi\",\"potentialAction\":[{\"@type\":\"ReadAction\",\"target\":[\"https:\\\/\\\/naturalpoland.com\\\/fi\\\/tuotteet\\\/elintarviketeollisuuden-tuotteet\\\/elintarvikeoljyt\\\/sinapinsiemenoljy\\\/\"]}]},{\"@type\":\"ImageObject\",\"inLanguage\":\"fi\",\"@id\":\"https:\\\/\\\/naturalpoland.com\\\/fi\\\/tuotteet\\\/elintarviketeollisuuden-tuotteet\\\/elintarvikeoljyt\\\/sinapinsiemenoljy\\\/#primaryimage\",\"url\":\"https:\\\/\\\/naturalpoland.com\\\/wp-content\\\/uploads\\\/olej-z-nasion-gorczycy-bialej.webp\",\"contentUrl\":\"https:\\\/\\\/naturalpoland.com\\\/wp-content\\\/uploads\\\/olej-z-nasion-gorczycy-bialej.webp\",\"width\":614,\"height\":614,\"caption\":\"o\"},{\"@type\":\"BreadcrumbList\",\"@id\":\"https:\\\/\\\/naturalpoland.com\\\/fi\\\/tuotteet\\\/elintarviketeollisuuden-tuotteet\\\/elintarvikeoljyt\\\/sinapinsiemenoljy\\\/#breadcrumb\",\"itemListElement\":[{\"@type\":\"ListItem\",\"position\":1,\"name\":\"Etusivu\",\"item\":\"https:\\\/\\\/naturalpoland.com\\\/fi\\\/\"},{\"@type\":\"ListItem\",\"position\":2,\"name\":\"Tuotteet\",\"item\":\"https:\\\/\\\/naturalpoland.com\\\/fi\\\/tuotteet\\\/\"},{\"@type\":\"ListItem\",\"position\":3,\"name\":\"Sinappi\u00f6ljy\"}]},{\"@type\":\"WebSite\",\"@id\":\"https:\\\/\\\/naturalpoland.com\\\/fi\\\/#website\",\"url\":\"https:\\\/\\\/naturalpoland.com\\\/fi\\\/\",\"name\":\"NATURAL POLAND - RAAKA-AINEIDEN TUKKUJAKELIJA\",\"description\":\"Surowce dla przemys\u0142u spo\u017cywczego, kosmetycznego i farmaceutycznego\",\"publisher\":{\"@id\":\"https:\\\/\\\/naturalpoland.com\\\/fi\\\/#organization\"},\"potentialAction\":[{\"@type\":\"SearchAction\",\"target\":{\"@type\":\"EntryPoint\",\"urlTemplate\":\"https:\\\/\\\/naturalpoland.com\\\/fi\\\/?s={search_term_string}\"},\"query-input\":{\"@type\":\"PropertyValueSpecification\",\"valueRequired\":true,\"valueName\":\"search_term_string\"}}],\"inLanguage\":\"fi\"},{\"@type\":\"Organization\",\"@id\":\"https:\\\/\\\/naturalpoland.com\\\/fi\\\/#organization\",\"name\":\"Natural Poland\",\"url\":\"https:\\\/\\\/naturalpoland.com\\\/fi\\\/\",\"logo\":{\"@type\":\"ImageObject\",\"inLanguage\":\"fi\",\"@id\":\"https:\\\/\\\/naturalpoland.com\\\/fi\\\/#\\\/schema\\\/logo\\\/image\\\/\",\"url\":\"https:\\\/\\\/naturalpoland.com\\\/wp-content\\\/uploads\\\/2021\\\/05\\\/natural-poland-icon.png\",\"contentUrl\":\"https:\\\/\\\/naturalpoland.com\\\/wp-content\\\/uploads\\\/2021\\\/05\\\/natural-poland-icon.png\",\"width\":512,\"height\":512,\"caption\":\"Natural Poland\"},\"image\":{\"@id\":\"https:\\\/\\\/naturalpoland.com\\\/fi\\\/#\\\/schema\\\/logo\\\/image\\\/\"},\"sameAs\":[\"https:\\\/\\\/www.facebook.com\\\/naturalpoland.b2b\",\"https:\\\/\\\/pl.linkedin.com\\\/company\\\/natural-poland\",\"https:\\\/\\\/www.youtube.com\\\/channel\\\/UCgeGGkvOMahZo-xu_MSEWxg\"]}]}<\/script>\n<!-- \/ Yoast SEO plugin. -->","yoast_head_json":{"title":"Sinappi\u00f6ljy - NATURAL POLAND - RAAKA-AINEIDEN TUKKUJAKELIJA","description":"Valkoisen sinapin siemen\u00f6ljylle on ominaista punaruskea tai meripihkanv\u00e4rinen v\u00e4ri ja selke\u00e4, hieman mausteinen aromi.","robots":{"index":"index","follow":"follow","max-snippet":"max-snippet:-1","max-image-preview":"max-image-preview:large","max-video-preview":"max-video-preview:-1"},"canonical":"https:\/\/naturalpoland.com\/fi\/tuotteet\/elintarviketeollisuuden-tuotteet\/elintarvikeoljyt\/sinapinsiemenoljy\/","og_locale":"fi_FI","og_type":"article","og_title":"Sinappi\u00f6ljy - NATURAL POLAND - RAAKA-AINEIDEN TUKKUJAKELIJA","og_description":"Valkoisen sinapin siemen\u00f6ljylle on ominaista punaruskea tai meripihkanv\u00e4rinen v\u00e4ri ja selke\u00e4, hieman mausteinen aromi.","og_url":"https:\/\/naturalpoland.com\/fi\/tuotteet\/elintarviketeollisuuden-tuotteet\/elintarvikeoljyt\/sinapinsiemenoljy\/","og_site_name":"NATURAL POLAND - RAAKA-AINEIDEN TUKKUJAKELIJA","article_publisher":"https:\/\/www.facebook.com\/naturalpoland.b2b","article_modified_time":"2025-07-09T10:05:39+00:00","og_image":[{"width":614,"height":614,"url":"https:\/\/naturalpoland.com\/wp-content\/uploads\/olej-z-nasion-gorczycy-bialej.webp","type":"image\/webp"}],"schema":{"@context":"https:\/\/schema.org","@graph":[{"@type":"WebPage","@id":"https:\/\/naturalpoland.com\/fi\/tuotteet\/elintarviketeollisuuden-tuotteet\/elintarvikeoljyt\/sinapinsiemenoljy\/","url":"https:\/\/naturalpoland.com\/fi\/tuotteet\/elintarviketeollisuuden-tuotteet\/elintarvikeoljyt\/sinapinsiemenoljy\/","name":"Sinappi\u00f6ljy - NATURAL POLAND - RAAKA-AINEIDEN TUKKUJAKELIJA","isPartOf":{"@id":"https:\/\/naturalpoland.com\/fi\/#website"},"primaryImageOfPage":{"@id":"https:\/\/naturalpoland.com\/fi\/tuotteet\/elintarviketeollisuuden-tuotteet\/elintarvikeoljyt\/sinapinsiemenoljy\/#primaryimage"},"image":{"@id":"https:\/\/naturalpoland.com\/fi\/tuotteet\/elintarviketeollisuuden-tuotteet\/elintarvikeoljyt\/sinapinsiemenoljy\/#primaryimage"},"thumbnailUrl":"https:\/\/naturalpoland.com\/wp-content\/uploads\/olej-z-nasion-gorczycy-bialej.webp","datePublished":"2021-05-11T11:50:10+00:00","dateModified":"2025-07-09T10:05:39+00:00","description":"Valkoisen sinapin siemen\u00f6ljylle on ominaista punaruskea tai meripihkanv\u00e4rinen v\u00e4ri ja selke\u00e4, hieman mausteinen aromi.","breadcrumb":{"@id":"https:\/\/naturalpoland.com\/fi\/tuotteet\/elintarviketeollisuuden-tuotteet\/elintarvikeoljyt\/sinapinsiemenoljy\/#breadcrumb"},"inLanguage":"fi","potentialAction":[{"@type":"ReadAction","target":["https:\/\/naturalpoland.com\/fi\/tuotteet\/elintarviketeollisuuden-tuotteet\/elintarvikeoljyt\/sinapinsiemenoljy\/"]}]},{"@type":"ImageObject","inLanguage":"fi","@id":"https:\/\/naturalpoland.com\/fi\/tuotteet\/elintarviketeollisuuden-tuotteet\/elintarvikeoljyt\/sinapinsiemenoljy\/#primaryimage","url":"https:\/\/naturalpoland.com\/wp-content\/uploads\/olej-z-nasion-gorczycy-bialej.webp","contentUrl":"https:\/\/naturalpoland.com\/wp-content\/uploads\/olej-z-nasion-gorczycy-bialej.webp","width":614,"height":614,"caption":"o"},{"@type":"BreadcrumbList","@id":"https:\/\/naturalpoland.com\/fi\/tuotteet\/elintarviketeollisuuden-tuotteet\/elintarvikeoljyt\/sinapinsiemenoljy\/#breadcrumb","itemListElement":[{"@type":"ListItem","position":1,"name":"Etusivu","item":"https:\/\/naturalpoland.com\/fi\/"},{"@type":"ListItem","position":2,"name":"Tuotteet","item":"https:\/\/naturalpoland.com\/fi\/tuotteet\/"},{"@type":"ListItem","position":3,"name":"Sinappi\u00f6ljy"}]},{"@type":"WebSite","@id":"https:\/\/naturalpoland.com\/fi\/#website","url":"https:\/\/naturalpoland.com\/fi\/","name":"NATURAL POLAND - RAAKA-AINEIDEN TUKKUJAKELIJA","description":"Surowce dla przemys\u0142u spo\u017cywczego, kosmetycznego i farmaceutycznego","publisher":{"@id":"https:\/\/naturalpoland.com\/fi\/#organization"},"potentialAction":[{"@type":"SearchAction","target":{"@type":"EntryPoint","urlTemplate":"https:\/\/naturalpoland.com\/fi\/?s={search_term_string}"},"query-input":{"@type":"PropertyValueSpecification","valueRequired":true,"valueName":"search_term_string"}}],"inLanguage":"fi"},{"@type":"Organization","@id":"https:\/\/naturalpoland.com\/fi\/#organization","name":"Natural Poland","url":"https:\/\/naturalpoland.com\/fi\/","logo":{"@type":"ImageObject","inLanguage":"fi","@id":"https:\/\/naturalpoland.com\/fi\/#\/schema\/logo\/image\/","url":"https:\/\/naturalpoland.com\/wp-content\/uploads\/2021\/05\/natural-poland-icon.png","contentUrl":"https:\/\/naturalpoland.com\/wp-content\/uploads\/2021\/05\/natural-poland-icon.png","width":512,"height":512,"caption":"Natural Poland"},"image":{"@id":"https:\/\/naturalpoland.com\/fi\/#\/schema\/logo\/image\/"},"sameAs":["https:\/\/www.facebook.com\/naturalpoland.b2b","https:\/\/pl.linkedin.com\/company\/natural-poland","https:\/\/www.youtube.com\/channel\/UCgeGGkvOMahZo-xu_MSEWxg"]}]}},"_links":{"self":[{"href":"https:\/\/naturalpoland.com\/fi\/wp-json\/wp\/v2\/product\/8941","targetHints":{"allow":["GET"]}}],"collection":[{"href":"https:\/\/naturalpoland.com\/fi\/wp-json\/wp\/v2\/product"}],"about":[{"href":"https:\/\/naturalpoland.com\/fi\/wp-json\/wp\/v2\/types\/product"}],"wp:featuredmedia":[{"embeddable":true,"href":"https:\/\/naturalpoland.com\/fi\/wp-json\/wp\/v2\/media\/37452"}],"wp:attachment":[{"href":"https:\/\/naturalpoland.com\/fi\/wp-json\/wp\/v2\/media?parent=8941"}],"wp:term":[{"taxonomy":"product_brand","embeddable":true,"href":"https:\/\/naturalpoland.com\/fi\/wp-json\/wp\/v2\/product_brand?post=8941"},{"taxonomy":"product_cat","embeddable":true,"href":"https:\/\/naturalpoland.com\/fi\/wp-json\/wp\/v2\/product_cat?post=8941"},{"taxonomy":"product_tag","embeddable":true,"href":"https:\/\/naturalpoland.com\/fi\/wp-json\/wp\/v2\/product_tag?post=8941"}],"curies":[{"name":"wp","href":"https:\/\/api.w.org\/{rel}","templated":true}]}}