{"id":8992,"date":"2021-05-11T13:50:56","date_gmt":"2021-09-10T13:27:01","guid":{"rendered":"https:\/\/naturalpoland.pl\/produkty\/Ei-luokiteltu\/moringa-siemenoljy\/"},"modified":"2021-09-10T15:27:01","modified_gmt":"2021-09-10T13:27:01","slug":"moringa-siemenoljy","status":"publish","type":"product","link":"https:\/\/naturalpoland.com\/fi\/tuotteet\/ruokaoljyt-ja-kosmeettiset-oljyt\/moringa-siemenoljy\/","title":{"rendered":"Moringa -siemen\u00f6ljy"},"content":{"rendered":"<p>Moringa -siemen\u00f6ljyll\u00e4 on puhdistava ja syv\u00e4sti kosteuttava vaikutus. Valaisee ihon ja saa sen n\u00e4ytt\u00e4m\u00e4\u00e4n s\u00e4teilev\u00e4lt\u00e4. \u00d6ljy voi tasoittaa ihon s\u00e4vy\u00e4, se auttaa v\u00e4hent\u00e4m\u00e4\u00e4n arpien, pisamia, v\u00e4rimuutoksia ja venytysmerkkej\u00e4. Voit k\u00e4ytt\u00e4\u00e4 sit\u00e4 my\u00f6s jalkakylvyyn, joka pehment\u00e4\u00e4 ja kiinteytt\u00e4\u00e4 ihoa. Sit\u00e4 voidaan k\u00e4ytt\u00e4\u00e4 my\u00f6s hierontaan. Se kosteuttaa hiuksia eritt\u00e4in hyvin, joten se sopii kuiville ja eritt\u00e4in vaurioituneille hiuksille.<\/p>\n","protected":false},"excerpt":{"rendered":"<p>Moringa -siemen\u00f6ljy sis\u00e4lt\u00e4\u00e4 \u00f6ljyhappoa, omega -happoja &#8211; 3, 6, 9 sek\u00e4 vitamiineja E ja A. Moringa on Intiassa kasvava puu, ja Eurooppa ei ole viel\u00e4 kovin kuuluisa. Sit\u00e4 voidaan k\u00e4ytt\u00e4\u00e4 iholle ja hiuksille niiden kosteuttamiseksi ja uudistamiseksi.<\/p>\n","protected":false},"featured_media":8994,"template":"","meta":{"_acf_changed":false},"product_brand":[],"product_cat":[531],"product_tag":[2255],"class_list":{"0":"post-8992","1":"product","2":"type-product","3":"status-publish","4":"has-post-thumbnail","6":"product_cat-ruokaoljyt-ja-kosmeettiset-oljyt","7":"product_tag-afrikkalainen-tuote","9":"first","10":"instock","11":"shipping-taxable","12":"product-type-simple"},"acf":[],"yoast_head":"<!-- This site is optimized with the Yoast SEO plugin v27.4 - https:\/\/yoast.com\/product\/yoast-seo-wordpress\/ -->\n<title>Moringa -siemen\u00f6ljy - Tukkudistribuutio<\/title>\n<meta name=\"robots\" content=\"index, follow, max-snippet:-1, max-image-preview:large, max-video-preview:-1\" \/>\n<link rel=\"canonical\" href=\"https:\/\/naturalpoland.com\/fi\/tuotteet\/ruokaoljyt-ja-kosmeettiset-oljyt\/moringa-siemenoljy\/\" \/>\n<meta property=\"og:locale\" content=\"fi_FI\" \/>\n<meta property=\"og:type\" content=\"article\" \/>\n<meta property=\"og:title\" content=\"Moringa -siemen\u00f6ljy - Tukkudistribuutio\" \/>\n<meta property=\"og:description\" content=\"Moringa -siemen\u00f6ljy sis\u00e4lt\u00e4\u00e4 \u00f6ljyhappoa, omega -happoja - 3, 6, 9 sek\u00e4 vitamiineja E ja A. Moringa on Intiassa kasvava puu, ja Eurooppa ei ole viel\u00e4 kovin kuuluisa. Sit\u00e4 voidaan k\u00e4ytt\u00e4\u00e4 iholle ja hiuksille niiden kosteuttamiseksi ja uudistamiseksi.\" \/>\n<meta property=\"og:url\" content=\"https:\/\/naturalpoland.com\/fi\/tuotteet\/ruokaoljyt-ja-kosmeettiset-oljyt\/moringa-siemenoljy\/\" \/>\n<meta property=\"og:site_name\" content=\"NATURAL POLAND - RAAKA-AINEIDEN TUKKUJAKELIJA\" \/>\n<meta property=\"article:publisher\" content=\"https:\/\/www.facebook.com\/naturalpoland.b2b\" \/>\n<meta property=\"og:image\" content=\"https:\/\/naturalpoland.com\/wp-content\/uploads\/2021\/05\/moringa-seed-oil.jpg\" \/>\n\t<meta property=\"og:image:width\" content=\"550\" \/>\n\t<meta property=\"og:image:height\" content=\"368\" \/>\n\t<meta property=\"og:image:type\" content=\"image\/jpeg\" \/>\n<script type=\"application\/ld+json\" class=\"yoast-schema-graph\">{\"@context\":\"https:\\\/\\\/schema.org\",\"@graph\":[{\"@type\":\"WebPage\",\"@id\":\"https:\\\/\\\/naturalpoland.com\\\/fi\\\/tuotteet\\\/ruokaoljyt-ja-kosmeettiset-oljyt\\\/moringa-siemenoljy\\\/\",\"url\":\"https:\\\/\\\/naturalpoland.com\\\/fi\\\/tuotteet\\\/ruokaoljyt-ja-kosmeettiset-oljyt\\\/moringa-siemenoljy\\\/\",\"name\":\"Moringa -siemen\u00f6ljy - Tukkudistribuutio\",\"isPartOf\":{\"@id\":\"https:\\\/\\\/naturalpoland.com\\\/fi\\\/#website\"},\"primaryImageOfPage\":{\"@id\":\"https:\\\/\\\/naturalpoland.com\\\/fi\\\/tuotteet\\\/ruokaoljyt-ja-kosmeettiset-oljyt\\\/moringa-siemenoljy\\\/#primaryimage\"},\"image\":{\"@id\":\"https:\\\/\\\/naturalpoland.com\\\/fi\\\/tuotteet\\\/ruokaoljyt-ja-kosmeettiset-oljyt\\\/moringa-siemenoljy\\\/#primaryimage\"},\"thumbnailUrl\":\"https:\\\/\\\/naturalpoland.com\\\/wp-content\\\/uploads\\\/2021\\\/05\\\/moringa-seed-oil.jpg\",\"datePublished\":\"2021-09-10T13:27:01+00:00\",\"breadcrumb\":{\"@id\":\"https:\\\/\\\/naturalpoland.com\\\/fi\\\/tuotteet\\\/ruokaoljyt-ja-kosmeettiset-oljyt\\\/moringa-siemenoljy\\\/#breadcrumb\"},\"inLanguage\":\"fi\",\"potentialAction\":[{\"@type\":\"ReadAction\",\"target\":[\"https:\\\/\\\/naturalpoland.com\\\/fi\\\/tuotteet\\\/ruokaoljyt-ja-kosmeettiset-oljyt\\\/moringa-siemenoljy\\\/\"]}]},{\"@type\":\"ImageObject\",\"inLanguage\":\"fi\",\"@id\":\"https:\\\/\\\/naturalpoland.com\\\/fi\\\/tuotteet\\\/ruokaoljyt-ja-kosmeettiset-oljyt\\\/moringa-siemenoljy\\\/#primaryimage\",\"url\":\"https:\\\/\\\/naturalpoland.com\\\/wp-content\\\/uploads\\\/2021\\\/05\\\/moringa-seed-oil.jpg\",\"contentUrl\":\"https:\\\/\\\/naturalpoland.com\\\/wp-content\\\/uploads\\\/2021\\\/05\\\/moringa-seed-oil.jpg\",\"width\":550,\"height\":368},{\"@type\":\"BreadcrumbList\",\"@id\":\"https:\\\/\\\/naturalpoland.com\\\/fi\\\/tuotteet\\\/ruokaoljyt-ja-kosmeettiset-oljyt\\\/moringa-siemenoljy\\\/#breadcrumb\",\"itemListElement\":[{\"@type\":\"ListItem\",\"position\":1,\"name\":\"Etusivu\",\"item\":\"https:\\\/\\\/naturalpoland.com\\\/fi\\\/\"},{\"@type\":\"ListItem\",\"position\":2,\"name\":\"Tuotteet\",\"item\":\"https:\\\/\\\/naturalpoland.com\\\/fi\\\/tuotteet\\\/\"},{\"@type\":\"ListItem\",\"position\":3,\"name\":\"Moringa -siemen\u00f6ljy\"}]},{\"@type\":\"WebSite\",\"@id\":\"https:\\\/\\\/naturalpoland.com\\\/fi\\\/#website\",\"url\":\"https:\\\/\\\/naturalpoland.com\\\/fi\\\/\",\"name\":\"NATURAL POLAND - RAAKA-AINEIDEN TUKKUJAKELIJA\",\"description\":\"Surowce dla przemys\u0142u spo\u017cywczego, kosmetycznego i farmaceutycznego\",\"publisher\":{\"@id\":\"https:\\\/\\\/naturalpoland.com\\\/fi\\\/#organization\"},\"potentialAction\":[{\"@type\":\"SearchAction\",\"target\":{\"@type\":\"EntryPoint\",\"urlTemplate\":\"https:\\\/\\\/naturalpoland.com\\\/fi\\\/?s={search_term_string}\"},\"query-input\":{\"@type\":\"PropertyValueSpecification\",\"valueRequired\":true,\"valueName\":\"search_term_string\"}}],\"inLanguage\":\"fi\"},{\"@type\":\"Organization\",\"@id\":\"https:\\\/\\\/naturalpoland.com\\\/fi\\\/#organization\",\"name\":\"Natural Poland\",\"url\":\"https:\\\/\\\/naturalpoland.com\\\/fi\\\/\",\"logo\":{\"@type\":\"ImageObject\",\"inLanguage\":\"fi\",\"@id\":\"https:\\\/\\\/naturalpoland.com\\\/fi\\\/#\\\/schema\\\/logo\\\/image\\\/\",\"url\":\"https:\\\/\\\/naturalpoland.com\\\/wp-content\\\/uploads\\\/2021\\\/05\\\/natural-poland-icon.png\",\"contentUrl\":\"https:\\\/\\\/naturalpoland.com\\\/wp-content\\\/uploads\\\/2021\\\/05\\\/natural-poland-icon.png\",\"width\":512,\"height\":512,\"caption\":\"Natural Poland\"},\"image\":{\"@id\":\"https:\\\/\\\/naturalpoland.com\\\/fi\\\/#\\\/schema\\\/logo\\\/image\\\/\"},\"sameAs\":[\"https:\\\/\\\/www.facebook.com\\\/naturalpoland.b2b\",\"https:\\\/\\\/pl.linkedin.com\\\/company\\\/natural-poland\",\"https:\\\/\\\/www.youtube.com\\\/channel\\\/UCgeGGkvOMahZo-xu_MSEWxg\"]}]}<\/script>\n<!-- \/ Yoast SEO plugin. -->","yoast_head_json":{"title":"Moringa -siemen\u00f6ljy - Tukkudistribuutio","robots":{"index":"index","follow":"follow","max-snippet":"max-snippet:-1","max-image-preview":"max-image-preview:large","max-video-preview":"max-video-preview:-1"},"canonical":"https:\/\/naturalpoland.com\/fi\/tuotteet\/ruokaoljyt-ja-kosmeettiset-oljyt\/moringa-siemenoljy\/","og_locale":"fi_FI","og_type":"article","og_title":"Moringa -siemen\u00f6ljy - Tukkudistribuutio","og_description":"Moringa -siemen\u00f6ljy sis\u00e4lt\u00e4\u00e4 \u00f6ljyhappoa, omega -happoja - 3, 6, 9 sek\u00e4 vitamiineja E ja A. Moringa on Intiassa kasvava puu, ja Eurooppa ei ole viel\u00e4 kovin kuuluisa. Sit\u00e4 voidaan k\u00e4ytt\u00e4\u00e4 iholle ja hiuksille niiden kosteuttamiseksi ja uudistamiseksi.","og_url":"https:\/\/naturalpoland.com\/fi\/tuotteet\/ruokaoljyt-ja-kosmeettiset-oljyt\/moringa-siemenoljy\/","og_site_name":"NATURAL POLAND - RAAKA-AINEIDEN TUKKUJAKELIJA","article_publisher":"https:\/\/www.facebook.com\/naturalpoland.b2b","og_image":[{"width":550,"height":368,"url":"https:\/\/naturalpoland.com\/wp-content\/uploads\/2021\/05\/moringa-seed-oil.jpg","type":"image\/jpeg"}],"schema":{"@context":"https:\/\/schema.org","@graph":[{"@type":"WebPage","@id":"https:\/\/naturalpoland.com\/fi\/tuotteet\/ruokaoljyt-ja-kosmeettiset-oljyt\/moringa-siemenoljy\/","url":"https:\/\/naturalpoland.com\/fi\/tuotteet\/ruokaoljyt-ja-kosmeettiset-oljyt\/moringa-siemenoljy\/","name":"Moringa -siemen\u00f6ljy - Tukkudistribuutio","isPartOf":{"@id":"https:\/\/naturalpoland.com\/fi\/#website"},"primaryImageOfPage":{"@id":"https:\/\/naturalpoland.com\/fi\/tuotteet\/ruokaoljyt-ja-kosmeettiset-oljyt\/moringa-siemenoljy\/#primaryimage"},"image":{"@id":"https:\/\/naturalpoland.com\/fi\/tuotteet\/ruokaoljyt-ja-kosmeettiset-oljyt\/moringa-siemenoljy\/#primaryimage"},"thumbnailUrl":"https:\/\/naturalpoland.com\/wp-content\/uploads\/2021\/05\/moringa-seed-oil.jpg","datePublished":"2021-09-10T13:27:01+00:00","breadcrumb":{"@id":"https:\/\/naturalpoland.com\/fi\/tuotteet\/ruokaoljyt-ja-kosmeettiset-oljyt\/moringa-siemenoljy\/#breadcrumb"},"inLanguage":"fi","potentialAction":[{"@type":"ReadAction","target":["https:\/\/naturalpoland.com\/fi\/tuotteet\/ruokaoljyt-ja-kosmeettiset-oljyt\/moringa-siemenoljy\/"]}]},{"@type":"ImageObject","inLanguage":"fi","@id":"https:\/\/naturalpoland.com\/fi\/tuotteet\/ruokaoljyt-ja-kosmeettiset-oljyt\/moringa-siemenoljy\/#primaryimage","url":"https:\/\/naturalpoland.com\/wp-content\/uploads\/2021\/05\/moringa-seed-oil.jpg","contentUrl":"https:\/\/naturalpoland.com\/wp-content\/uploads\/2021\/05\/moringa-seed-oil.jpg","width":550,"height":368},{"@type":"BreadcrumbList","@id":"https:\/\/naturalpoland.com\/fi\/tuotteet\/ruokaoljyt-ja-kosmeettiset-oljyt\/moringa-siemenoljy\/#breadcrumb","itemListElement":[{"@type":"ListItem","position":1,"name":"Etusivu","item":"https:\/\/naturalpoland.com\/fi\/"},{"@type":"ListItem","position":2,"name":"Tuotteet","item":"https:\/\/naturalpoland.com\/fi\/tuotteet\/"},{"@type":"ListItem","position":3,"name":"Moringa -siemen\u00f6ljy"}]},{"@type":"WebSite","@id":"https:\/\/naturalpoland.com\/fi\/#website","url":"https:\/\/naturalpoland.com\/fi\/","name":"NATURAL POLAND - RAAKA-AINEIDEN TUKKUJAKELIJA","description":"Surowce dla przemys\u0142u spo\u017cywczego, kosmetycznego i farmaceutycznego","publisher":{"@id":"https:\/\/naturalpoland.com\/fi\/#organization"},"potentialAction":[{"@type":"SearchAction","target":{"@type":"EntryPoint","urlTemplate":"https:\/\/naturalpoland.com\/fi\/?s={search_term_string}"},"query-input":{"@type":"PropertyValueSpecification","valueRequired":true,"valueName":"search_term_string"}}],"inLanguage":"fi"},{"@type":"Organization","@id":"https:\/\/naturalpoland.com\/fi\/#organization","name":"Natural Poland","url":"https:\/\/naturalpoland.com\/fi\/","logo":{"@type":"ImageObject","inLanguage":"fi","@id":"https:\/\/naturalpoland.com\/fi\/#\/schema\/logo\/image\/","url":"https:\/\/naturalpoland.com\/wp-content\/uploads\/2021\/05\/natural-poland-icon.png","contentUrl":"https:\/\/naturalpoland.com\/wp-content\/uploads\/2021\/05\/natural-poland-icon.png","width":512,"height":512,"caption":"Natural Poland"},"image":{"@id":"https:\/\/naturalpoland.com\/fi\/#\/schema\/logo\/image\/"},"sameAs":["https:\/\/www.facebook.com\/naturalpoland.b2b","https:\/\/pl.linkedin.com\/company\/natural-poland","https:\/\/www.youtube.com\/channel\/UCgeGGkvOMahZo-xu_MSEWxg"]}]}},"_links":{"self":[{"href":"https:\/\/naturalpoland.com\/fi\/wp-json\/wp\/v2\/product\/8992","targetHints":{"allow":["GET"]}}],"collection":[{"href":"https:\/\/naturalpoland.com\/fi\/wp-json\/wp\/v2\/product"}],"about":[{"href":"https:\/\/naturalpoland.com\/fi\/wp-json\/wp\/v2\/types\/product"}],"wp:featuredmedia":[{"embeddable":true,"href":"https:\/\/naturalpoland.com\/fi\/wp-json\/wp\/v2\/media\/8994"}],"wp:attachment":[{"href":"https:\/\/naturalpoland.com\/fi\/wp-json\/wp\/v2\/media?parent=8992"}],"wp:term":[{"taxonomy":"product_brand","embeddable":true,"href":"https:\/\/naturalpoland.com\/fi\/wp-json\/wp\/v2\/product_brand?post=8992"},{"taxonomy":"product_cat","embeddable":true,"href":"https:\/\/naturalpoland.com\/fi\/wp-json\/wp\/v2\/product_cat?post=8992"},{"taxonomy":"product_tag","embeddable":true,"href":"https:\/\/naturalpoland.com\/fi\/wp-json\/wp\/v2\/product_tag?post=8992"}],"curies":[{"name":"wp","href":"https:\/\/api.w.org\/{rel}","templated":true}]}}