{"id":9008,"date":"2021-05-11T13:51:21","date_gmt":"2021-09-10T13:27:08","guid":{"rendered":"https:\/\/naturalpoland.pl\/produkty\/Ei-luokiteltu\/persiljasiemenoljy\/"},"modified":"2024-11-13T13:45:44","modified_gmt":"2024-11-13T12:45:44","slug":"persiljasiemenoljy","status":"publish","type":"product","link":"https:\/\/naturalpoland.com\/fi\/tuotteet\/elintarviketeollisuuden-tuotteet\/elintarvikeoljyt\/persiljasiemenoljy\/","title":{"rendered":"Persiljasiemen\u00f6ljy"},"content":{"rendered":"<h2>Persilja\u00f6ljyn ominaisuudet<\/h2>\n<p>Persiljasiemen\u00f6ljy sis\u00e4lt\u00e4\u00e4 monia ravintoaineita, kuten monityydyttym\u00e4tt\u00f6mi\u00e4 rasvahappoja, erityisesti \u00f6ljyhappoa (45,8 %) ja linolihappoa (44,6 %), sek\u00e4 arvokkaita eteerisi\u00e4 \u00f6ljyj\u00e4, kuten apiolia, myristisiini\u00e4 ja limoneenia. <strong>Elintarvikek\u00e4yt\u00f6ss\u00e4<\/strong> \u00f6ljy parantaa ruoansulatusta ja ruoan imeytymist\u00e4. Sill\u00e4 on <strong>sappihappoa edist\u00e4v\u00e4<\/strong> vaikutus ja se stimuloi ruoansulatuskanavan mehujen erityst\u00e4. Lis\u00e4ksi se voi lievitt\u00e4\u00e4 refluksia, ummetusta ja ilmavaivoja edist\u00e4m\u00e4ll\u00e4 suoliston peristalttista liikett\u00e4. \u00d6ljyll\u00e4 on my\u00f6s <strong>diureettinen<\/strong> vaikutus, joten se edist\u00e4\u00e4 virtsateiden puhdistumista ja lis\u00e4\u00e4 veren virtausta munuaisten kautta. Se suojaa infektioilta, v\u00e4hent\u00e4\u00e4 turvotusta ja tukee elimist\u00f6n vieroitusprosesseja. Persiljasiemen\u00f6ljy\u00e4 ei suositella raskaana oleville ja imett\u00e4ville naisille, sill\u00e4 se voi stimuloida kohdun supistuksia. Sit\u00e4 ei my\u00f6sk\u00e4\u00e4n tulisi k\u00e4ytt\u00e4\u00e4 liiallisia m\u00e4\u00e4ri\u00e4 l\u00e4\u00e4kkeiden kanssa ilmenevien yhteisvaikutusten vuoksi. <strong>Kosmeettisessa<\/strong> k\u00e4yt\u00f6ss\u00e4 persilja\u00f6ljyll\u00e4 on <strong>anti-inflammatorisia<\/strong> ja <strong>antibakteerisia<\/strong> ominaisuuksia. Sit\u00e4 voidaan levitt\u00e4\u00e4 paikallisesti vaurioituneille alueille parantamaan haavoja ja naarmuja ja v\u00e4hent\u00e4m\u00e4\u00e4n tulehdusta. \u00d6ljy\u00e4 voidaan k\u00e4ytt\u00e4\u00e4 my\u00f6s kosmetiikassa kyps\u00e4lle, verisuoniper\u00e4iselle ja rasvoittuvalle iholle tasoittamaan ihon s\u00e4vy\u00e4, kosteuttamaan ja kirkastamaan ihoa. C-vitamiinipitoisuutensa ansiosta \u00f6ljyll\u00e4 on <strong>depigmentoiva<\/strong> vaikutus ja se v\u00e4hent\u00e4\u00e4 my\u00f6s silmien alla olevia tummia silm\u00e4nalusia ja v\u00e4rimuutoksia. Lis\u00e4ksi petroseliinihappopitoisuutensa ansiosta t\u00e4m\u00e4 \u00f6ljy edist\u00e4\u00e4 kollageenin ja elastiinin tuotantoa. Vartalokosmetiikassa k\u00e4ytettyn\u00e4 persiljasiemen\u00f6ljy parantaa verenkiertoa ja vahvistaa verisuonten sein\u00e4mi\u00e4, mik\u00e4 v\u00e4hent\u00e4\u00e4 &#8221;h\u00e4m\u00e4h\u00e4kkisuonten&#8221; ulkon\u00e4k\u00f6\u00e4. Lis\u00e4ksi t\u00e4m\u00e4 tuote stimuloi hiusten kasvua, v\u00e4hent\u00e4\u00e4 hiustenl\u00e4ht\u00f6\u00e4, vahvistaa hiusjuuria ja parantaa hiusten kuntoa.<\/p>\n","protected":false},"excerpt":{"rendered":"<p><strong>Persiljasiemen\u00f6ljy<\/strong> on jalostamaton kylm\u00e4puristettu \u00f6ljy, jota voidaan k\u00e4ytt\u00e4\u00e4 elintarvikkeissa, kosmetiikassa ja aromaterapiassa.<\/p>\n","protected":false},"featured_media":37735,"template":"","meta":{"_acf_changed":false},"product_brand":[],"product_cat":[542,531,546],"product_tag":[],"class_list":{"0":"post-9008","1":"product","2":"type-product","3":"status-publish","4":"has-post-thumbnail","6":"product_cat-kosmeettiset-oljyt","7":"product_cat-ruokaoljyt-ja-kosmeettiset-oljyt","8":"product_cat-elintarvikeoljyt","9":"pa_czesc-rosliny-siemenet","10":"pa_metoda-pozyskiwania-kylmapuristus","12":"first","13":"instock","14":"shipping-taxable","15":"product-type-simple"},"acf":[],"yoast_head":"<!-- This site is optimized with the Yoast SEO plugin v27.4 - https:\/\/yoast.com\/product\/yoast-seo-wordpress\/ -->\n<title>Persiljasiemen\u00f6ljy - Raaka-aineiden tukkukauppias NATURAL POLAND - RAAKA-AINEIDEN TUKKUJAKELIJA<\/title>\n<meta name=\"description\" content=\"Persiljasiemen\u00f6ljy on jalostamaton kylm\u00e4puristettu \u00f6ljy, joka sopii hyvin sek\u00e4 elintarvike- ett\u00e4 kosmetiikkasovelluksiin.\" \/>\n<meta name=\"robots\" content=\"index, follow, max-snippet:-1, max-image-preview:large, max-video-preview:-1\" \/>\n<link rel=\"canonical\" href=\"https:\/\/naturalpoland.com\/fi\/tuotteet\/elintarviketeollisuuden-tuotteet\/elintarvikeoljyt\/persiljasiemenoljy\/\" \/>\n<meta property=\"og:locale\" content=\"fi_FI\" \/>\n<meta property=\"og:type\" content=\"article\" \/>\n<meta property=\"og:title\" content=\"Persiljasiemen\u00f6ljy - Raaka-aineiden tukkukauppias NATURAL POLAND - RAAKA-AINEIDEN TUKKUJAKELIJA\" \/>\n<meta property=\"og:description\" content=\"Persiljasiemen\u00f6ljy on jalostamaton kylm\u00e4puristettu \u00f6ljy, joka sopii hyvin sek\u00e4 elintarvike- ett\u00e4 kosmetiikkasovelluksiin.\" \/>\n<meta property=\"og:url\" content=\"https:\/\/naturalpoland.com\/fi\/tuotteet\/elintarviketeollisuuden-tuotteet\/elintarvikeoljyt\/persiljasiemenoljy\/\" \/>\n<meta property=\"og:site_name\" content=\"NATURAL POLAND - RAAKA-AINEIDEN TUKKUJAKELIJA\" \/>\n<meta property=\"article:publisher\" content=\"https:\/\/www.facebook.com\/naturalpoland.b2b\" \/>\n<meta property=\"article:modified_time\" content=\"2024-11-13T12:45:44+00:00\" \/>\n<meta property=\"og:image\" content=\"https:\/\/naturalpoland.com\/wp-content\/uploads\/olej-z-nasion-pietruszki.webp\" \/>\n\t<meta property=\"og:image:width\" content=\"700\" \/>\n\t<meta property=\"og:image:height\" content=\"700\" \/>\n\t<meta property=\"og:image:type\" content=\"image\/webp\" \/>\n<script type=\"application\/ld+json\" class=\"yoast-schema-graph\">{\"@context\":\"https:\\\/\\\/schema.org\",\"@graph\":[{\"@type\":\"WebPage\",\"@id\":\"https:\\\/\\\/naturalpoland.com\\\/fi\\\/tuotteet\\\/elintarviketeollisuuden-tuotteet\\\/elintarvikeoljyt\\\/persiljasiemenoljy\\\/\",\"url\":\"https:\\\/\\\/naturalpoland.com\\\/fi\\\/tuotteet\\\/elintarviketeollisuuden-tuotteet\\\/elintarvikeoljyt\\\/persiljasiemenoljy\\\/\",\"name\":\"Persiljasiemen\u00f6ljy - Raaka-aineiden tukkukauppias NATURAL POLAND - RAAKA-AINEIDEN TUKKUJAKELIJA\",\"isPartOf\":{\"@id\":\"https:\\\/\\\/naturalpoland.com\\\/fi\\\/#website\"},\"primaryImageOfPage\":{\"@id\":\"https:\\\/\\\/naturalpoland.com\\\/fi\\\/tuotteet\\\/elintarviketeollisuuden-tuotteet\\\/elintarvikeoljyt\\\/persiljasiemenoljy\\\/#primaryimage\"},\"image\":{\"@id\":\"https:\\\/\\\/naturalpoland.com\\\/fi\\\/tuotteet\\\/elintarviketeollisuuden-tuotteet\\\/elintarvikeoljyt\\\/persiljasiemenoljy\\\/#primaryimage\"},\"thumbnailUrl\":\"https:\\\/\\\/naturalpoland.com\\\/wp-content\\\/uploads\\\/olej-z-nasion-pietruszki.webp\",\"datePublished\":\"2021-09-10T13:27:08+00:00\",\"dateModified\":\"2024-11-13T12:45:44+00:00\",\"description\":\"Persiljasiemen\u00f6ljy on jalostamaton kylm\u00e4puristettu \u00f6ljy, joka sopii hyvin sek\u00e4 elintarvike- ett\u00e4 kosmetiikkasovelluksiin.\",\"breadcrumb\":{\"@id\":\"https:\\\/\\\/naturalpoland.com\\\/fi\\\/tuotteet\\\/elintarviketeollisuuden-tuotteet\\\/elintarvikeoljyt\\\/persiljasiemenoljy\\\/#breadcrumb\"},\"inLanguage\":\"fi\",\"potentialAction\":[{\"@type\":\"ReadAction\",\"target\":[\"https:\\\/\\\/naturalpoland.com\\\/fi\\\/tuotteet\\\/elintarviketeollisuuden-tuotteet\\\/elintarvikeoljyt\\\/persiljasiemenoljy\\\/\"]}]},{\"@type\":\"ImageObject\",\"inLanguage\":\"fi\",\"@id\":\"https:\\\/\\\/naturalpoland.com\\\/fi\\\/tuotteet\\\/elintarviketeollisuuden-tuotteet\\\/elintarvikeoljyt\\\/persiljasiemenoljy\\\/#primaryimage\",\"url\":\"https:\\\/\\\/naturalpoland.com\\\/wp-content\\\/uploads\\\/olej-z-nasion-pietruszki.webp\",\"contentUrl\":\"https:\\\/\\\/naturalpoland.com\\\/wp-content\\\/uploads\\\/olej-z-nasion-pietruszki.webp\",\"width\":700,\"height\":700,\"caption\":\"Olej z nasion pietruszki\"},{\"@type\":\"BreadcrumbList\",\"@id\":\"https:\\\/\\\/naturalpoland.com\\\/fi\\\/tuotteet\\\/elintarviketeollisuuden-tuotteet\\\/elintarvikeoljyt\\\/persiljasiemenoljy\\\/#breadcrumb\",\"itemListElement\":[{\"@type\":\"ListItem\",\"position\":1,\"name\":\"Etusivu\",\"item\":\"https:\\\/\\\/naturalpoland.com\\\/fi\\\/\"},{\"@type\":\"ListItem\",\"position\":2,\"name\":\"Tuotteet\",\"item\":\"https:\\\/\\\/naturalpoland.com\\\/fi\\\/tuotteet\\\/\"},{\"@type\":\"ListItem\",\"position\":3,\"name\":\"Persiljasiemen\u00f6ljy\"}]},{\"@type\":\"WebSite\",\"@id\":\"https:\\\/\\\/naturalpoland.com\\\/fi\\\/#website\",\"url\":\"https:\\\/\\\/naturalpoland.com\\\/fi\\\/\",\"name\":\"NATURAL POLAND - RAAKA-AINEIDEN TUKKUJAKELIJA\",\"description\":\"Surowce dla przemys\u0142u spo\u017cywczego, kosmetycznego i farmaceutycznego\",\"publisher\":{\"@id\":\"https:\\\/\\\/naturalpoland.com\\\/fi\\\/#organization\"},\"potentialAction\":[{\"@type\":\"SearchAction\",\"target\":{\"@type\":\"EntryPoint\",\"urlTemplate\":\"https:\\\/\\\/naturalpoland.com\\\/fi\\\/?s={search_term_string}\"},\"query-input\":{\"@type\":\"PropertyValueSpecification\",\"valueRequired\":true,\"valueName\":\"search_term_string\"}}],\"inLanguage\":\"fi\"},{\"@type\":\"Organization\",\"@id\":\"https:\\\/\\\/naturalpoland.com\\\/fi\\\/#organization\",\"name\":\"Natural Poland\",\"url\":\"https:\\\/\\\/naturalpoland.com\\\/fi\\\/\",\"logo\":{\"@type\":\"ImageObject\",\"inLanguage\":\"fi\",\"@id\":\"https:\\\/\\\/naturalpoland.com\\\/fi\\\/#\\\/schema\\\/logo\\\/image\\\/\",\"url\":\"https:\\\/\\\/naturalpoland.com\\\/wp-content\\\/uploads\\\/2021\\\/05\\\/natural-poland-icon.png\",\"contentUrl\":\"https:\\\/\\\/naturalpoland.com\\\/wp-content\\\/uploads\\\/2021\\\/05\\\/natural-poland-icon.png\",\"width\":512,\"height\":512,\"caption\":\"Natural Poland\"},\"image\":{\"@id\":\"https:\\\/\\\/naturalpoland.com\\\/fi\\\/#\\\/schema\\\/logo\\\/image\\\/\"},\"sameAs\":[\"https:\\\/\\\/www.facebook.com\\\/naturalpoland.b2b\",\"https:\\\/\\\/pl.linkedin.com\\\/company\\\/natural-poland\",\"https:\\\/\\\/www.youtube.com\\\/channel\\\/UCgeGGkvOMahZo-xu_MSEWxg\"]}]}<\/script>\n<!-- \/ Yoast SEO plugin. -->","yoast_head_json":{"title":"Persiljasiemen\u00f6ljy - Raaka-aineiden tukkukauppias NATURAL POLAND - RAAKA-AINEIDEN TUKKUJAKELIJA","description":"Persiljasiemen\u00f6ljy on jalostamaton kylm\u00e4puristettu \u00f6ljy, joka sopii hyvin sek\u00e4 elintarvike- ett\u00e4 kosmetiikkasovelluksiin.","robots":{"index":"index","follow":"follow","max-snippet":"max-snippet:-1","max-image-preview":"max-image-preview:large","max-video-preview":"max-video-preview:-1"},"canonical":"https:\/\/naturalpoland.com\/fi\/tuotteet\/elintarviketeollisuuden-tuotteet\/elintarvikeoljyt\/persiljasiemenoljy\/","og_locale":"fi_FI","og_type":"article","og_title":"Persiljasiemen\u00f6ljy - Raaka-aineiden tukkukauppias NATURAL POLAND - RAAKA-AINEIDEN TUKKUJAKELIJA","og_description":"Persiljasiemen\u00f6ljy on jalostamaton kylm\u00e4puristettu \u00f6ljy, joka sopii hyvin sek\u00e4 elintarvike- ett\u00e4 kosmetiikkasovelluksiin.","og_url":"https:\/\/naturalpoland.com\/fi\/tuotteet\/elintarviketeollisuuden-tuotteet\/elintarvikeoljyt\/persiljasiemenoljy\/","og_site_name":"NATURAL POLAND - RAAKA-AINEIDEN TUKKUJAKELIJA","article_publisher":"https:\/\/www.facebook.com\/naturalpoland.b2b","article_modified_time":"2024-11-13T12:45:44+00:00","og_image":[{"width":700,"height":700,"url":"https:\/\/naturalpoland.com\/wp-content\/uploads\/olej-z-nasion-pietruszki.webp","type":"image\/webp"}],"schema":{"@context":"https:\/\/schema.org","@graph":[{"@type":"WebPage","@id":"https:\/\/naturalpoland.com\/fi\/tuotteet\/elintarviketeollisuuden-tuotteet\/elintarvikeoljyt\/persiljasiemenoljy\/","url":"https:\/\/naturalpoland.com\/fi\/tuotteet\/elintarviketeollisuuden-tuotteet\/elintarvikeoljyt\/persiljasiemenoljy\/","name":"Persiljasiemen\u00f6ljy - Raaka-aineiden tukkukauppias NATURAL POLAND - RAAKA-AINEIDEN TUKKUJAKELIJA","isPartOf":{"@id":"https:\/\/naturalpoland.com\/fi\/#website"},"primaryImageOfPage":{"@id":"https:\/\/naturalpoland.com\/fi\/tuotteet\/elintarviketeollisuuden-tuotteet\/elintarvikeoljyt\/persiljasiemenoljy\/#primaryimage"},"image":{"@id":"https:\/\/naturalpoland.com\/fi\/tuotteet\/elintarviketeollisuuden-tuotteet\/elintarvikeoljyt\/persiljasiemenoljy\/#primaryimage"},"thumbnailUrl":"https:\/\/naturalpoland.com\/wp-content\/uploads\/olej-z-nasion-pietruszki.webp","datePublished":"2021-09-10T13:27:08+00:00","dateModified":"2024-11-13T12:45:44+00:00","description":"Persiljasiemen\u00f6ljy on jalostamaton kylm\u00e4puristettu \u00f6ljy, joka sopii hyvin sek\u00e4 elintarvike- ett\u00e4 kosmetiikkasovelluksiin.","breadcrumb":{"@id":"https:\/\/naturalpoland.com\/fi\/tuotteet\/elintarviketeollisuuden-tuotteet\/elintarvikeoljyt\/persiljasiemenoljy\/#breadcrumb"},"inLanguage":"fi","potentialAction":[{"@type":"ReadAction","target":["https:\/\/naturalpoland.com\/fi\/tuotteet\/elintarviketeollisuuden-tuotteet\/elintarvikeoljyt\/persiljasiemenoljy\/"]}]},{"@type":"ImageObject","inLanguage":"fi","@id":"https:\/\/naturalpoland.com\/fi\/tuotteet\/elintarviketeollisuuden-tuotteet\/elintarvikeoljyt\/persiljasiemenoljy\/#primaryimage","url":"https:\/\/naturalpoland.com\/wp-content\/uploads\/olej-z-nasion-pietruszki.webp","contentUrl":"https:\/\/naturalpoland.com\/wp-content\/uploads\/olej-z-nasion-pietruszki.webp","width":700,"height":700,"caption":"Olej z nasion pietruszki"},{"@type":"BreadcrumbList","@id":"https:\/\/naturalpoland.com\/fi\/tuotteet\/elintarviketeollisuuden-tuotteet\/elintarvikeoljyt\/persiljasiemenoljy\/#breadcrumb","itemListElement":[{"@type":"ListItem","position":1,"name":"Etusivu","item":"https:\/\/naturalpoland.com\/fi\/"},{"@type":"ListItem","position":2,"name":"Tuotteet","item":"https:\/\/naturalpoland.com\/fi\/tuotteet\/"},{"@type":"ListItem","position":3,"name":"Persiljasiemen\u00f6ljy"}]},{"@type":"WebSite","@id":"https:\/\/naturalpoland.com\/fi\/#website","url":"https:\/\/naturalpoland.com\/fi\/","name":"NATURAL POLAND - RAAKA-AINEIDEN TUKKUJAKELIJA","description":"Surowce dla przemys\u0142u spo\u017cywczego, kosmetycznego i farmaceutycznego","publisher":{"@id":"https:\/\/naturalpoland.com\/fi\/#organization"},"potentialAction":[{"@type":"SearchAction","target":{"@type":"EntryPoint","urlTemplate":"https:\/\/naturalpoland.com\/fi\/?s={search_term_string}"},"query-input":{"@type":"PropertyValueSpecification","valueRequired":true,"valueName":"search_term_string"}}],"inLanguage":"fi"},{"@type":"Organization","@id":"https:\/\/naturalpoland.com\/fi\/#organization","name":"Natural Poland","url":"https:\/\/naturalpoland.com\/fi\/","logo":{"@type":"ImageObject","inLanguage":"fi","@id":"https:\/\/naturalpoland.com\/fi\/#\/schema\/logo\/image\/","url":"https:\/\/naturalpoland.com\/wp-content\/uploads\/2021\/05\/natural-poland-icon.png","contentUrl":"https:\/\/naturalpoland.com\/wp-content\/uploads\/2021\/05\/natural-poland-icon.png","width":512,"height":512,"caption":"Natural Poland"},"image":{"@id":"https:\/\/naturalpoland.com\/fi\/#\/schema\/logo\/image\/"},"sameAs":["https:\/\/www.facebook.com\/naturalpoland.b2b","https:\/\/pl.linkedin.com\/company\/natural-poland","https:\/\/www.youtube.com\/channel\/UCgeGGkvOMahZo-xu_MSEWxg"]}]}},"_links":{"self":[{"href":"https:\/\/naturalpoland.com\/fi\/wp-json\/wp\/v2\/product\/9008","targetHints":{"allow":["GET"]}}],"collection":[{"href":"https:\/\/naturalpoland.com\/fi\/wp-json\/wp\/v2\/product"}],"about":[{"href":"https:\/\/naturalpoland.com\/fi\/wp-json\/wp\/v2\/types\/product"}],"wp:featuredmedia":[{"embeddable":true,"href":"https:\/\/naturalpoland.com\/fi\/wp-json\/wp\/v2\/media\/37735"}],"wp:attachment":[{"href":"https:\/\/naturalpoland.com\/fi\/wp-json\/wp\/v2\/media?parent=9008"}],"wp:term":[{"taxonomy":"product_brand","embeddable":true,"href":"https:\/\/naturalpoland.com\/fi\/wp-json\/wp\/v2\/product_brand?post=9008"},{"taxonomy":"product_cat","embeddable":true,"href":"https:\/\/naturalpoland.com\/fi\/wp-json\/wp\/v2\/product_cat?post=9008"},{"taxonomy":"product_tag","embeddable":true,"href":"https:\/\/naturalpoland.com\/fi\/wp-json\/wp\/v2\/product_tag?post=9008"}],"curies":[{"name":"wp","href":"https:\/\/api.w.org\/{rel}","templated":true}]}}