{"id":9037,"date":"2021-05-11T13:51:44","date_gmt":"2021-09-10T13:27:16","guid":{"rendered":"https:\/\/naturalpoland.pl\/produkty\/Ei-luokiteltu\/pahkinaoljy\/"},"modified":"2025-04-16T15:25:04","modified_gmt":"2025-04-16T13:25:04","slug":"pahkinaoljy","status":"publish","type":"product","link":"https:\/\/naturalpoland.com\/fi\/tuotteet\/elintarviketeollisuuden-tuotteet\/elintarvikeoljyt\/pahkinaoljy\/","title":{"rendered":"P\u00e4hkin\u00e4\u00f6ljy"},"content":{"rendered":"<p>P\u00e4hkin\u00e4\u00f6ljy uutetaan puristamalla p\u00e4hkin\u00e4puusta. Se on kirkasta, vaaleankeltaista \u00f6ljyist\u00e4 nestett\u00e4. Kun \u00f6ljy jalostetaan, siit\u00e4 puuttuu sille ominainen haju. \u00d6ljyn rasvahappoprofiilia hallitsevat v\u00e4ltt\u00e4m\u00e4tt\u00f6m\u00e4t rasvahapot, p\u00e4\u00e4asiassa linolihappo (54-65 %) ja \u00f6ljyhappo (14-21 %). Se sis\u00e4lt\u00e4\u00e4 my\u00f6s pienempi\u00e4 m\u00e4\u00e4ri\u00e4 linolihappoa, palmitiinihappoa ja steariinihappoa.    <\/p>\n<h2>Saksanp\u00e4hkin\u00e4\u00f6ljyn k\u00e4ytt\u00f6<\/h2>\n<p>Runsaan rasvahappoprofiilinsa ja hell\u00e4varaisen luonteensa ansiosta saksanp\u00e4hkin\u00e4\u00f6ljy\u00e4 k\u00e4ytet\u00e4\u00e4n<strong> kosmetiikassa<\/strong> laajalti<strong> ravitsevana ja kosteuttavana ainesosana<\/strong> ihon- ja hiustenhoitovalmisteissa.<\/p>\n<p>Sit\u00e4 arvostetaan my\u00f6s <strong>elintarviketeollisuudessa<\/strong>, erityisesti funktionaalisissa ja <strong>terveysvaikutteisissa<\/strong> elintarvikkeissa.<\/p>\n<p><strong>Ravintolisiss\u00e4<\/strong> sit\u00e4 voidaan k\u00e4ytt\u00e4\u00e4 <strong>vaikuttavien aineiden kantaja-aineena<\/strong> tai <strong>syd\u00e4n- ja verisuoniterveytt\u00e4<\/strong> tukevana ainesosana, koska se sis\u00e4lt\u00e4\u00e4 runsaasti tyydyttym\u00e4tt\u00f6mi\u00e4 rasvahappoja.<\/p>\n<p>Neutraalin hajunsa ja stabiilisuutensa ansiosta sit\u00e4 voidaan k\u00e4ytt\u00e4\u00e4 my\u00f6s <strong>eteeristen \u00f6ljyjen, aromien<\/strong> ja teknisten tuotteiden <strong>valmistuksen pohjana<\/strong>.<\/p>\n","protected":false},"excerpt":{"rendered":"<p>Ruoka- ja kosmetiikkalaatuinen p\u00e4hkin\u00e4\u00f6ljy on runsaasti Omega-3-rasvoja, proteiineja, antioksidantteja, kasvisteroleja, magnesiumia, kuparia sek\u00e4 A- ja D-vitamiineja.<\/p>\n","protected":false},"featured_media":40722,"template":"","meta":[],"product_brand":[],"product_cat":[542,531,546],"product_tag":[],"class_list":{"0":"post-9037","1":"product","2":"type-product","3":"status-publish","4":"has-post-thumbnail","6":"product_cat-kosmeettiset-oljyt","7":"product_cat-ruokaoljyt-ja-kosmeettiset-oljyt","8":"product_cat-elintarvikeoljyt","10":"first","11":"instock","12":"shipping-taxable","13":"product-type-simple"},"yoast_head":"<!-- This site is optimized with the Yoast SEO plugin v27.3 - https:\/\/yoast.com\/product\/yoast-seo-wordpress\/ -->\n<title>P\u00e4hkin\u00e4\u00f6ljy - Tukkudistribuutio<\/title>\n<meta name=\"description\" content=\"Saksanp\u00e4hkin\u00e4\u00f6ljy on korkealaatuinen kasvi\u00f6ljy, joka uutetaan puristamalla ja jalostamalla saksanp\u00e4hkin\u00e4n siemenist\u00e4.\" \/>\n<meta name=\"robots\" content=\"index, follow, max-snippet:-1, max-image-preview:large, max-video-preview:-1\" \/>\n<link rel=\"canonical\" href=\"https:\/\/naturalpoland.com\/fi\/tuotteet\/elintarviketeollisuuden-tuotteet\/elintarvikeoljyt\/pahkinaoljy\/\" \/>\n<meta property=\"og:locale\" content=\"fi_FI\" \/>\n<meta property=\"og:type\" content=\"article\" \/>\n<meta property=\"og:title\" content=\"P\u00e4hkin\u00e4\u00f6ljy - Tukkudistribuutio\" \/>\n<meta property=\"og:description\" content=\"Saksanp\u00e4hkin\u00e4\u00f6ljy on korkealaatuinen kasvi\u00f6ljy, joka uutetaan puristamalla ja jalostamalla saksanp\u00e4hkin\u00e4n siemenist\u00e4.\" \/>\n<meta property=\"og:url\" content=\"https:\/\/naturalpoland.com\/fi\/tuotteet\/elintarviketeollisuuden-tuotteet\/elintarvikeoljyt\/pahkinaoljy\/\" \/>\n<meta property=\"og:site_name\" content=\"NATURAL POLAND - RAAKA-AINEIDEN TUKKUJAKELIJA\" \/>\n<meta property=\"article:publisher\" content=\"https:\/\/www.facebook.com\/naturalpoland.b2b\" \/>\n<meta property=\"article:modified_time\" content=\"2025-04-16T13:25:04+00:00\" \/>\n<meta property=\"og:image\" content=\"https:\/\/naturalpoland.com\/wp-content\/uploads\/olej-z-orzechow-wloskich.webp\" \/>\n\t<meta property=\"og:image:width\" content=\"1024\" \/>\n\t<meta property=\"og:image:height\" content=\"1024\" \/>\n\t<meta property=\"og:image:type\" content=\"image\/webp\" \/>\n<script type=\"application\/ld+json\" class=\"yoast-schema-graph\">{\"@context\":\"https:\\\/\\\/schema.org\",\"@graph\":[{\"@type\":\"WebPage\",\"@id\":\"https:\\\/\\\/naturalpoland.com\\\/fi\\\/tuotteet\\\/elintarviketeollisuuden-tuotteet\\\/elintarvikeoljyt\\\/pahkinaoljy\\\/\",\"url\":\"https:\\\/\\\/naturalpoland.com\\\/fi\\\/tuotteet\\\/elintarviketeollisuuden-tuotteet\\\/elintarvikeoljyt\\\/pahkinaoljy\\\/\",\"name\":\"P\u00e4hkin\u00e4\u00f6ljy - Tukkudistribuutio\",\"isPartOf\":{\"@id\":\"https:\\\/\\\/naturalpoland.com\\\/fi\\\/#website\"},\"primaryImageOfPage\":{\"@id\":\"https:\\\/\\\/naturalpoland.com\\\/fi\\\/tuotteet\\\/elintarviketeollisuuden-tuotteet\\\/elintarvikeoljyt\\\/pahkinaoljy\\\/#primaryimage\"},\"image\":{\"@id\":\"https:\\\/\\\/naturalpoland.com\\\/fi\\\/tuotteet\\\/elintarviketeollisuuden-tuotteet\\\/elintarvikeoljyt\\\/pahkinaoljy\\\/#primaryimage\"},\"thumbnailUrl\":\"https:\\\/\\\/naturalpoland.com\\\/wp-content\\\/uploads\\\/olej-z-orzechow-wloskich.webp\",\"datePublished\":\"2021-09-10T13:27:16+00:00\",\"dateModified\":\"2025-04-16T13:25:04+00:00\",\"description\":\"Saksanp\u00e4hkin\u00e4\u00f6ljy on korkealaatuinen kasvi\u00f6ljy, joka uutetaan puristamalla ja jalostamalla saksanp\u00e4hkin\u00e4n siemenist\u00e4.\",\"breadcrumb\":{\"@id\":\"https:\\\/\\\/naturalpoland.com\\\/fi\\\/tuotteet\\\/elintarviketeollisuuden-tuotteet\\\/elintarvikeoljyt\\\/pahkinaoljy\\\/#breadcrumb\"},\"inLanguage\":\"fi\",\"potentialAction\":[{\"@type\":\"ReadAction\",\"target\":[\"https:\\\/\\\/naturalpoland.com\\\/fi\\\/tuotteet\\\/elintarviketeollisuuden-tuotteet\\\/elintarvikeoljyt\\\/pahkinaoljy\\\/\"]}]},{\"@type\":\"ImageObject\",\"inLanguage\":\"fi\",\"@id\":\"https:\\\/\\\/naturalpoland.com\\\/fi\\\/tuotteet\\\/elintarviketeollisuuden-tuotteet\\\/elintarvikeoljyt\\\/pahkinaoljy\\\/#primaryimage\",\"url\":\"https:\\\/\\\/naturalpoland.com\\\/wp-content\\\/uploads\\\/olej-z-orzechow-wloskich.webp\",\"contentUrl\":\"https:\\\/\\\/naturalpoland.com\\\/wp-content\\\/uploads\\\/olej-z-orzechow-wloskich.webp\",\"width\":1024,\"height\":1024,\"caption\":\"Olej z orzech\u00f3w w\u0142oskich\"},{\"@type\":\"BreadcrumbList\",\"@id\":\"https:\\\/\\\/naturalpoland.com\\\/fi\\\/tuotteet\\\/elintarviketeollisuuden-tuotteet\\\/elintarvikeoljyt\\\/pahkinaoljy\\\/#breadcrumb\",\"itemListElement\":[{\"@type\":\"ListItem\",\"position\":1,\"name\":\"Etusivu\",\"item\":\"https:\\\/\\\/naturalpoland.com\\\/fi\\\/\"},{\"@type\":\"ListItem\",\"position\":2,\"name\":\"Tuotteet\",\"item\":\"https:\\\/\\\/naturalpoland.com\\\/fi\\\/tuotteet\\\/\"},{\"@type\":\"ListItem\",\"position\":3,\"name\":\"P\u00e4hkin\u00e4\u00f6ljy\"}]},{\"@type\":\"WebSite\",\"@id\":\"https:\\\/\\\/naturalpoland.com\\\/fi\\\/#website\",\"url\":\"https:\\\/\\\/naturalpoland.com\\\/fi\\\/\",\"name\":\"NATURAL POLAND - RAAKA-AINEIDEN TUKKUJAKELIJA\",\"description\":\"Surowce dla przemys\u0142u spo\u017cywczego, kosmetycznego i farmaceutycznego\",\"publisher\":{\"@id\":\"https:\\\/\\\/naturalpoland.com\\\/fi\\\/#organization\"},\"potentialAction\":[{\"@type\":\"SearchAction\",\"target\":{\"@type\":\"EntryPoint\",\"urlTemplate\":\"https:\\\/\\\/naturalpoland.com\\\/fi\\\/?s={search_term_string}\"},\"query-input\":{\"@type\":\"PropertyValueSpecification\",\"valueRequired\":true,\"valueName\":\"search_term_string\"}}],\"inLanguage\":\"fi\"},{\"@type\":\"Organization\",\"@id\":\"https:\\\/\\\/naturalpoland.com\\\/fi\\\/#organization\",\"name\":\"Natural Poland\",\"url\":\"https:\\\/\\\/naturalpoland.com\\\/fi\\\/\",\"logo\":{\"@type\":\"ImageObject\",\"inLanguage\":\"fi\",\"@id\":\"https:\\\/\\\/naturalpoland.com\\\/fi\\\/#\\\/schema\\\/logo\\\/image\\\/\",\"url\":\"https:\\\/\\\/naturalpoland.com\\\/wp-content\\\/uploads\\\/2021\\\/05\\\/natural-poland-icon.png\",\"contentUrl\":\"https:\\\/\\\/naturalpoland.com\\\/wp-content\\\/uploads\\\/2021\\\/05\\\/natural-poland-icon.png\",\"width\":512,\"height\":512,\"caption\":\"Natural Poland\"},\"image\":{\"@id\":\"https:\\\/\\\/naturalpoland.com\\\/fi\\\/#\\\/schema\\\/logo\\\/image\\\/\"},\"sameAs\":[\"https:\\\/\\\/www.facebook.com\\\/naturalpoland.b2b\",\"https:\\\/\\\/pl.linkedin.com\\\/company\\\/natural-poland\",\"https:\\\/\\\/www.youtube.com\\\/channel\\\/UCgeGGkvOMahZo-xu_MSEWxg\"]}]}<\/script>\n<!-- \/ Yoast SEO plugin. -->","yoast_head_json":{"title":"P\u00e4hkin\u00e4\u00f6ljy - Tukkudistribuutio","description":"Saksanp\u00e4hkin\u00e4\u00f6ljy on korkealaatuinen kasvi\u00f6ljy, joka uutetaan puristamalla ja jalostamalla saksanp\u00e4hkin\u00e4n siemenist\u00e4.","robots":{"index":"index","follow":"follow","max-snippet":"max-snippet:-1","max-image-preview":"max-image-preview:large","max-video-preview":"max-video-preview:-1"},"canonical":"https:\/\/naturalpoland.com\/fi\/tuotteet\/elintarviketeollisuuden-tuotteet\/elintarvikeoljyt\/pahkinaoljy\/","og_locale":"fi_FI","og_type":"article","og_title":"P\u00e4hkin\u00e4\u00f6ljy - Tukkudistribuutio","og_description":"Saksanp\u00e4hkin\u00e4\u00f6ljy on korkealaatuinen kasvi\u00f6ljy, joka uutetaan puristamalla ja jalostamalla saksanp\u00e4hkin\u00e4n siemenist\u00e4.","og_url":"https:\/\/naturalpoland.com\/fi\/tuotteet\/elintarviketeollisuuden-tuotteet\/elintarvikeoljyt\/pahkinaoljy\/","og_site_name":"NATURAL POLAND - RAAKA-AINEIDEN TUKKUJAKELIJA","article_publisher":"https:\/\/www.facebook.com\/naturalpoland.b2b","article_modified_time":"2025-04-16T13:25:04+00:00","og_image":[{"width":1024,"height":1024,"url":"https:\/\/naturalpoland.com\/wp-content\/uploads\/olej-z-orzechow-wloskich.webp","type":"image\/webp"}],"schema":{"@context":"https:\/\/schema.org","@graph":[{"@type":"WebPage","@id":"https:\/\/naturalpoland.com\/fi\/tuotteet\/elintarviketeollisuuden-tuotteet\/elintarvikeoljyt\/pahkinaoljy\/","url":"https:\/\/naturalpoland.com\/fi\/tuotteet\/elintarviketeollisuuden-tuotteet\/elintarvikeoljyt\/pahkinaoljy\/","name":"P\u00e4hkin\u00e4\u00f6ljy - Tukkudistribuutio","isPartOf":{"@id":"https:\/\/naturalpoland.com\/fi\/#website"},"primaryImageOfPage":{"@id":"https:\/\/naturalpoland.com\/fi\/tuotteet\/elintarviketeollisuuden-tuotteet\/elintarvikeoljyt\/pahkinaoljy\/#primaryimage"},"image":{"@id":"https:\/\/naturalpoland.com\/fi\/tuotteet\/elintarviketeollisuuden-tuotteet\/elintarvikeoljyt\/pahkinaoljy\/#primaryimage"},"thumbnailUrl":"https:\/\/naturalpoland.com\/wp-content\/uploads\/olej-z-orzechow-wloskich.webp","datePublished":"2021-09-10T13:27:16+00:00","dateModified":"2025-04-16T13:25:04+00:00","description":"Saksanp\u00e4hkin\u00e4\u00f6ljy on korkealaatuinen kasvi\u00f6ljy, joka uutetaan puristamalla ja jalostamalla saksanp\u00e4hkin\u00e4n siemenist\u00e4.","breadcrumb":{"@id":"https:\/\/naturalpoland.com\/fi\/tuotteet\/elintarviketeollisuuden-tuotteet\/elintarvikeoljyt\/pahkinaoljy\/#breadcrumb"},"inLanguage":"fi","potentialAction":[{"@type":"ReadAction","target":["https:\/\/naturalpoland.com\/fi\/tuotteet\/elintarviketeollisuuden-tuotteet\/elintarvikeoljyt\/pahkinaoljy\/"]}]},{"@type":"ImageObject","inLanguage":"fi","@id":"https:\/\/naturalpoland.com\/fi\/tuotteet\/elintarviketeollisuuden-tuotteet\/elintarvikeoljyt\/pahkinaoljy\/#primaryimage","url":"https:\/\/naturalpoland.com\/wp-content\/uploads\/olej-z-orzechow-wloskich.webp","contentUrl":"https:\/\/naturalpoland.com\/wp-content\/uploads\/olej-z-orzechow-wloskich.webp","width":1024,"height":1024,"caption":"Olej z orzech\u00f3w w\u0142oskich"},{"@type":"BreadcrumbList","@id":"https:\/\/naturalpoland.com\/fi\/tuotteet\/elintarviketeollisuuden-tuotteet\/elintarvikeoljyt\/pahkinaoljy\/#breadcrumb","itemListElement":[{"@type":"ListItem","position":1,"name":"Etusivu","item":"https:\/\/naturalpoland.com\/fi\/"},{"@type":"ListItem","position":2,"name":"Tuotteet","item":"https:\/\/naturalpoland.com\/fi\/tuotteet\/"},{"@type":"ListItem","position":3,"name":"P\u00e4hkin\u00e4\u00f6ljy"}]},{"@type":"WebSite","@id":"https:\/\/naturalpoland.com\/fi\/#website","url":"https:\/\/naturalpoland.com\/fi\/","name":"NATURAL POLAND - RAAKA-AINEIDEN TUKKUJAKELIJA","description":"Surowce dla przemys\u0142u spo\u017cywczego, kosmetycznego i farmaceutycznego","publisher":{"@id":"https:\/\/naturalpoland.com\/fi\/#organization"},"potentialAction":[{"@type":"SearchAction","target":{"@type":"EntryPoint","urlTemplate":"https:\/\/naturalpoland.com\/fi\/?s={search_term_string}"},"query-input":{"@type":"PropertyValueSpecification","valueRequired":true,"valueName":"search_term_string"}}],"inLanguage":"fi"},{"@type":"Organization","@id":"https:\/\/naturalpoland.com\/fi\/#organization","name":"Natural Poland","url":"https:\/\/naturalpoland.com\/fi\/","logo":{"@type":"ImageObject","inLanguage":"fi","@id":"https:\/\/naturalpoland.com\/fi\/#\/schema\/logo\/image\/","url":"https:\/\/naturalpoland.com\/wp-content\/uploads\/2021\/05\/natural-poland-icon.png","contentUrl":"https:\/\/naturalpoland.com\/wp-content\/uploads\/2021\/05\/natural-poland-icon.png","width":512,"height":512,"caption":"Natural Poland"},"image":{"@id":"https:\/\/naturalpoland.com\/fi\/#\/schema\/logo\/image\/"},"sameAs":["https:\/\/www.facebook.com\/naturalpoland.b2b","https:\/\/pl.linkedin.com\/company\/natural-poland","https:\/\/www.youtube.com\/channel\/UCgeGGkvOMahZo-xu_MSEWxg"]}]}},"_links":{"self":[{"href":"https:\/\/naturalpoland.com\/fi\/wp-json\/wp\/v2\/product\/9037","targetHints":{"allow":["GET"]}}],"collection":[{"href":"https:\/\/naturalpoland.com\/fi\/wp-json\/wp\/v2\/product"}],"about":[{"href":"https:\/\/naturalpoland.com\/fi\/wp-json\/wp\/v2\/types\/product"}],"wp:featuredmedia":[{"embeddable":true,"href":"https:\/\/naturalpoland.com\/fi\/wp-json\/wp\/v2\/media\/40722"}],"wp:attachment":[{"href":"https:\/\/naturalpoland.com\/fi\/wp-json\/wp\/v2\/media?parent=9037"}],"wp:term":[{"taxonomy":"product_brand","embeddable":true,"href":"https:\/\/naturalpoland.com\/fi\/wp-json\/wp\/v2\/product_brand?post=9037"},{"taxonomy":"product_cat","embeddable":true,"href":"https:\/\/naturalpoland.com\/fi\/wp-json\/wp\/v2\/product_cat?post=9037"},{"taxonomy":"product_tag","embeddable":true,"href":"https:\/\/naturalpoland.com\/fi\/wp-json\/wp\/v2\/product_tag?post=9037"}],"curies":[{"name":"wp","href":"https:\/\/api.w.org\/{rel}","templated":true}]}}