{"id":9058,"date":"2021-05-11T13:52:08","date_gmt":"2021-05-11T11:52:08","guid":{"rendered":"https:\/\/naturalpoland.pl\/produkty\/Ei-luokiteltu\/ruusunmarjan-oljy\/"},"modified":"2026-02-19T13:43:39","modified_gmt":"2026-02-19T12:43:39","slug":"villiruusu-sellusta-hedelmaoljy","status":"publish","type":"product","link":"https:\/\/naturalpoland.com\/fi\/tuotteet\/elintarviketeollisuuden-tuotteet\/elintarvikeoljyt\/villiruusu-sellusta-hedelmaoljy\/","title":{"rendered":"Ruusunmarjan \u00f6ljy"},"content":{"rendered":"<h2>Ruusunmarja\u00f6ljyn koostumus<\/h2>\n<p>T\u00e4m\u00e4 \u00f6ljy on runsaasti luonnollisia ainesosia sis\u00e4lt\u00e4v\u00e4, kuten v\u00e4ltt\u00e4m\u00e4tt\u00f6mi\u00e4 tyydyttym\u00e4tt\u00f6mi\u00e4 rasvahappoja (NNKT), C-, A- ja E-vitamiineja, flavonoideja ja retinoidihappoa. Rasvahappojen suhteellinen massaosuus on seuraava: <\/p>\n<table>\n<tbody>\n<tr>\n<td>Palmitic Acid (C 16:0)<\/td>\n<td>6,9 %<\/td>\n<\/tr>\n<tr>\n<td>Palmitoleic (C 16:1)<\/td>\n<td>0,12 %<\/td>\n<\/tr>\n<tr>\n<td>Stearic Acid (C 18:0)<\/td>\n<td>4,5 %<\/td>\n<\/tr>\n<tr>\n<td>Oleic Acid (C 18:1)<\/td>\n<td>22,3 %<\/td>\n<\/tr>\n<tr>\n<td>Linoleic Acid (C 18:2)<\/td>\n<td>47,1 %<\/td>\n<\/tr>\n<tr>\n<td>Linolenic Acid (C 18:3)<\/td>\n<td>17,0 %<\/td>\n<\/tr>\n<tr>\n<td>Arachidic acid (C 20:0)<\/td>\n<td>0,22 %<\/td>\n<\/tr>\n<tr>\n<td>Eicosenoic acid (C 20:1)<\/td>\n<td>0,12 %<\/td>\n<\/tr>\n<tr>\n<td>Behenic acid (C 22:0)<\/td>\n<td>0,4 %<\/td>\n<\/tr>\n<tr>\n<td>Lignoceric acid (C 24:0)<\/td>\n<td>0,3 %<\/td>\n<\/tr>\n<\/tbody>\n<\/table>\n<p>&nbsp;<\/p>\n<h2>Ominaisuudet:<\/h2>\n<p>Ruusunmarja\u00f6ljyll\u00e4 on <strong>uudistavia<\/strong>, <strong>kosteuttavia<\/strong> ja <strong>ik\u00e4\u00e4ntymist\u00e4 ehk\u00e4isevi\u00e4<\/strong> ominaisuuksia. Linoli- ja linoleenihappojen korkea pitoisuus tukee ihon suojakerroksen uudelleenrakentamista, nopeuttaa arpien paranemista, v\u00e4hent\u00e4\u00e4 raskausarpia ja pienent\u00e4\u00e4 ryppyjen n\u00e4kyvyytt\u00e4. Antioksidanttirikas C-vitamiini ehk\u00e4isee ihon ik\u00e4\u00e4ntymist\u00e4, ja sen luonnollinen, raudan kanssa reagoimaton muoto suojaa myrkyllisilt\u00e4 vapailta radikaaleilta. T\u00e4m\u00e4n ansiosta \u00f6ljy on eritt\u00e4in turvallinen iholle eik\u00e4 aiheuta \u00e4rsytyst\u00e4.   <\/p>\n<p>&nbsp;<\/p>\n<h2>K\u00e4ytt\u00f6kohteet:<\/h2>\n<p>Tuote sopii erinomaisesti <strong>kaikille ihotyypeille<\/strong>, erityisesti kuivalle, ik\u00e4\u00e4ntyv\u00e4lle ja herk\u00e4lle iholle. Se ei tuki ihohuokosia, joten se sopii my\u00f6s rasvaiselle ja akneiholle. S\u00e4\u00e4nn\u00f6llinen k\u00e4ytt\u00f6 parantaa ihon kimmoisuutta, tasoittaa sen s\u00e4vy\u00e4 sek\u00e4 v\u00e4hent\u00e4\u00e4 pigmenttimuutoksia ja arpia.  <\/p>\n<p>T\u00e4m\u00e4 \u00f6ljy sopii my\u00f6s erinomaisesti <strong>hiustenhoitoon<\/strong> \u2013 se kosteuttaa, vahvistaa ja parantaa kimmoisuutta. Sit\u00e4 voidaan k\u00e4ytt\u00e4\u00e4 suoraan iholle, hiuksiin tai lis\u00e4t\u00e4 hoitotuotteisiin, kuten voiteisiin, balsameihin ja naamioihin. Se on hell\u00e4varainen ja sit\u00e4 voidaan k\u00e4ytt\u00e4\u00e4 jopa herkille alueille, kuten silm\u00e4nymp\u00e4ryksille.  <\/p>\n<p>Ruusunmarja\u00f6ljy\u00e4 kutsutaan usein \u201dnuoruuden \u00f6ljyksi\u201d, koska se auttaa tehokkaasti s\u00e4ilytt\u00e4m\u00e4\u00e4n s\u00e4teilev\u00e4n, terveen ja nuorekkaan ihon.<\/p>\n","protected":false},"excerpt":{"rendered":"<p><strong>Rosa Canina -ruusunmarja\u00f6ljy<\/strong> on kylm\u00e4puristettu luonnonvaraisten ruusupensaiden kokonaisista hedelmist\u00e4. Sille on ominaista vaalean oranssi v\u00e4ri ja hienovarainen, hedelm\u00e4inen tuoksu. <\/p>\n","protected":false},"featured_media":36034,"template":"","meta":{"_acf_changed":false},"product_brand":[],"product_cat":[542,531,546],"product_tag":[],"class_list":{"0":"post-9058","1":"product","2":"type-product","3":"status-publish","4":"has-post-thumbnail","6":"product_cat-kosmeettiset-oljyt","7":"product_cat-ruokaoljyt-ja-kosmeettiset-oljyt","8":"product_cat-elintarvikeoljyt","10":"first","11":"instock","12":"shipping-taxable","13":"product-type-simple"},"acf":[],"yoast_head":"<!-- This site is optimized with the Yoast SEO plugin v27.5 - https:\/\/yoast.com\/product\/yoast-seo-wordpress\/ -->\n<title>Ruusunmarjan \u00f6ljy - NATURAL POLAND - RAAKA-AINEIDEN TUKKUJAKELIJA<\/title>\n<meta name=\"description\" content=\"Rosa Canina -ruusunmarja\u00f6ljy on korkealaatuinen tuote, joka on kylm\u00e4puristettu luonnonvaraisten ruusupensaiden kokonaisista hedelmist\u00e4.\" \/>\n<meta name=\"robots\" content=\"index, follow, max-snippet:-1, max-image-preview:large, max-video-preview:-1\" \/>\n<link rel=\"canonical\" href=\"https:\/\/naturalpoland.com\/fi\/tuotteet\/elintarviketeollisuuden-tuotteet\/elintarvikeoljyt\/villiruusu-sellusta-hedelmaoljy\/\" \/>\n<meta property=\"og:locale\" content=\"fi_FI\" \/>\n<meta property=\"og:type\" content=\"article\" \/>\n<meta property=\"og:title\" content=\"Ruusunmarjan \u00f6ljy - NATURAL POLAND - RAAKA-AINEIDEN TUKKUJAKELIJA\" \/>\n<meta property=\"og:description\" content=\"Rosa Canina -ruusunmarja\u00f6ljy on korkealaatuinen tuote, joka on kylm\u00e4puristettu luonnonvaraisten ruusupensaiden kokonaisista hedelmist\u00e4.\" \/>\n<meta property=\"og:url\" content=\"https:\/\/naturalpoland.com\/fi\/tuotteet\/elintarviketeollisuuden-tuotteet\/elintarvikeoljyt\/villiruusu-sellusta-hedelmaoljy\/\" \/>\n<meta property=\"og:site_name\" content=\"NATURAL POLAND - RAAKA-AINEIDEN TUKKUJAKELIJA\" \/>\n<meta property=\"article:publisher\" content=\"https:\/\/www.facebook.com\/naturalpoland.b2b\" \/>\n<meta property=\"article:modified_time\" content=\"2026-02-19T12:43:39+00:00\" \/>\n<meta property=\"og:image\" content=\"https:\/\/naturalpoland.com\/wp-content\/uploads\/olej-z-owocow-dzikiej-rozy.webp\" \/>\n\t<meta property=\"og:image:width\" content=\"619\" \/>\n\t<meta property=\"og:image:height\" content=\"619\" \/>\n\t<meta property=\"og:image:type\" content=\"image\/webp\" \/>\n<script type=\"application\/ld+json\" class=\"yoast-schema-graph\">{\"@context\":\"https:\\\/\\\/schema.org\",\"@graph\":[{\"@type\":\"WebPage\",\"@id\":\"https:\\\/\\\/naturalpoland.com\\\/fi\\\/tuotteet\\\/elintarviketeollisuuden-tuotteet\\\/elintarvikeoljyt\\\/villiruusu-sellusta-hedelmaoljy\\\/\",\"url\":\"https:\\\/\\\/naturalpoland.com\\\/fi\\\/tuotteet\\\/elintarviketeollisuuden-tuotteet\\\/elintarvikeoljyt\\\/villiruusu-sellusta-hedelmaoljy\\\/\",\"name\":\"Ruusunmarjan \u00f6ljy - NATURAL POLAND - RAAKA-AINEIDEN TUKKUJAKELIJA\",\"isPartOf\":{\"@id\":\"https:\\\/\\\/naturalpoland.com\\\/fi\\\/#website\"},\"primaryImageOfPage\":{\"@id\":\"https:\\\/\\\/naturalpoland.com\\\/fi\\\/tuotteet\\\/elintarviketeollisuuden-tuotteet\\\/elintarvikeoljyt\\\/villiruusu-sellusta-hedelmaoljy\\\/#primaryimage\"},\"image\":{\"@id\":\"https:\\\/\\\/naturalpoland.com\\\/fi\\\/tuotteet\\\/elintarviketeollisuuden-tuotteet\\\/elintarvikeoljyt\\\/villiruusu-sellusta-hedelmaoljy\\\/#primaryimage\"},\"thumbnailUrl\":\"https:\\\/\\\/naturalpoland.com\\\/wp-content\\\/uploads\\\/olej-z-owocow-dzikiej-rozy.webp\",\"datePublished\":\"2021-05-11T11:52:08+00:00\",\"dateModified\":\"2026-02-19T12:43:39+00:00\",\"description\":\"Rosa Canina -ruusunmarja\u00f6ljy on korkealaatuinen tuote, joka on kylm\u00e4puristettu luonnonvaraisten ruusupensaiden kokonaisista hedelmist\u00e4.\",\"breadcrumb\":{\"@id\":\"https:\\\/\\\/naturalpoland.com\\\/fi\\\/tuotteet\\\/elintarviketeollisuuden-tuotteet\\\/elintarvikeoljyt\\\/villiruusu-sellusta-hedelmaoljy\\\/#breadcrumb\"},\"inLanguage\":\"fi\",\"potentialAction\":[{\"@type\":\"ReadAction\",\"target\":[\"https:\\\/\\\/naturalpoland.com\\\/fi\\\/tuotteet\\\/elintarviketeollisuuden-tuotteet\\\/elintarvikeoljyt\\\/villiruusu-sellusta-hedelmaoljy\\\/\"]}]},{\"@type\":\"ImageObject\",\"inLanguage\":\"fi\",\"@id\":\"https:\\\/\\\/naturalpoland.com\\\/fi\\\/tuotteet\\\/elintarviketeollisuuden-tuotteet\\\/elintarvikeoljyt\\\/villiruusu-sellusta-hedelmaoljy\\\/#primaryimage\",\"url\":\"https:\\\/\\\/naturalpoland.com\\\/wp-content\\\/uploads\\\/olej-z-owocow-dzikiej-rozy.webp\",\"contentUrl\":\"https:\\\/\\\/naturalpoland.com\\\/wp-content\\\/uploads\\\/olej-z-owocow-dzikiej-rozy.webp\",\"width\":619,\"height\":619,\"caption\":\"Rosa Canina -ruusunmarja\u00f6ljy\"},{\"@type\":\"BreadcrumbList\",\"@id\":\"https:\\\/\\\/naturalpoland.com\\\/fi\\\/tuotteet\\\/elintarviketeollisuuden-tuotteet\\\/elintarvikeoljyt\\\/villiruusu-sellusta-hedelmaoljy\\\/#breadcrumb\",\"itemListElement\":[{\"@type\":\"ListItem\",\"position\":1,\"name\":\"Etusivu\",\"item\":\"https:\\\/\\\/naturalpoland.com\\\/fi\\\/\"},{\"@type\":\"ListItem\",\"position\":2,\"name\":\"Tuotteet\",\"item\":\"https:\\\/\\\/naturalpoland.com\\\/fi\\\/tuotteet\\\/\"},{\"@type\":\"ListItem\",\"position\":3,\"name\":\"Ruusunmarjan \u00f6ljy\"}]},{\"@type\":\"WebSite\",\"@id\":\"https:\\\/\\\/naturalpoland.com\\\/fi\\\/#website\",\"url\":\"https:\\\/\\\/naturalpoland.com\\\/fi\\\/\",\"name\":\"NATURAL POLAND - RAAKA-AINEIDEN TUKKUJAKELIJA\",\"description\":\"Surowce dla przemys\u0142u spo\u017cywczego, kosmetycznego i farmaceutycznego\",\"publisher\":{\"@id\":\"https:\\\/\\\/naturalpoland.com\\\/fi\\\/#organization\"},\"potentialAction\":[{\"@type\":\"SearchAction\",\"target\":{\"@type\":\"EntryPoint\",\"urlTemplate\":\"https:\\\/\\\/naturalpoland.com\\\/fi\\\/?s={search_term_string}\"},\"query-input\":{\"@type\":\"PropertyValueSpecification\",\"valueRequired\":true,\"valueName\":\"search_term_string\"}}],\"inLanguage\":\"fi\"},{\"@type\":\"Organization\",\"@id\":\"https:\\\/\\\/naturalpoland.com\\\/fi\\\/#organization\",\"name\":\"Natural Poland\",\"url\":\"https:\\\/\\\/naturalpoland.com\\\/fi\\\/\",\"logo\":{\"@type\":\"ImageObject\",\"inLanguage\":\"fi\",\"@id\":\"https:\\\/\\\/naturalpoland.com\\\/fi\\\/#\\\/schema\\\/logo\\\/image\\\/\",\"url\":\"https:\\\/\\\/naturalpoland.com\\\/wp-content\\\/uploads\\\/2021\\\/05\\\/natural-poland-icon.png\",\"contentUrl\":\"https:\\\/\\\/naturalpoland.com\\\/wp-content\\\/uploads\\\/2021\\\/05\\\/natural-poland-icon.png\",\"width\":512,\"height\":512,\"caption\":\"Natural Poland\"},\"image\":{\"@id\":\"https:\\\/\\\/naturalpoland.com\\\/fi\\\/#\\\/schema\\\/logo\\\/image\\\/\"},\"sameAs\":[\"https:\\\/\\\/www.facebook.com\\\/naturalpoland.b2b\",\"https:\\\/\\\/pl.linkedin.com\\\/company\\\/natural-poland\",\"https:\\\/\\\/www.youtube.com\\\/channel\\\/UCgeGGkvOMahZo-xu_MSEWxg\"]}]}<\/script>\n<!-- \/ Yoast SEO plugin. -->","yoast_head_json":{"title":"Ruusunmarjan \u00f6ljy - NATURAL POLAND - RAAKA-AINEIDEN TUKKUJAKELIJA","description":"Rosa Canina -ruusunmarja\u00f6ljy on korkealaatuinen tuote, joka on kylm\u00e4puristettu luonnonvaraisten ruusupensaiden kokonaisista hedelmist\u00e4.","robots":{"index":"index","follow":"follow","max-snippet":"max-snippet:-1","max-image-preview":"max-image-preview:large","max-video-preview":"max-video-preview:-1"},"canonical":"https:\/\/naturalpoland.com\/fi\/tuotteet\/elintarviketeollisuuden-tuotteet\/elintarvikeoljyt\/villiruusu-sellusta-hedelmaoljy\/","og_locale":"fi_FI","og_type":"article","og_title":"Ruusunmarjan \u00f6ljy - NATURAL POLAND - RAAKA-AINEIDEN TUKKUJAKELIJA","og_description":"Rosa Canina -ruusunmarja\u00f6ljy on korkealaatuinen tuote, joka on kylm\u00e4puristettu luonnonvaraisten ruusupensaiden kokonaisista hedelmist\u00e4.","og_url":"https:\/\/naturalpoland.com\/fi\/tuotteet\/elintarviketeollisuuden-tuotteet\/elintarvikeoljyt\/villiruusu-sellusta-hedelmaoljy\/","og_site_name":"NATURAL POLAND - RAAKA-AINEIDEN TUKKUJAKELIJA","article_publisher":"https:\/\/www.facebook.com\/naturalpoland.b2b","article_modified_time":"2026-02-19T12:43:39+00:00","og_image":[{"width":619,"height":619,"url":"https:\/\/naturalpoland.com\/wp-content\/uploads\/olej-z-owocow-dzikiej-rozy.webp","type":"image\/webp"}],"schema":{"@context":"https:\/\/schema.org","@graph":[{"@type":"WebPage","@id":"https:\/\/naturalpoland.com\/fi\/tuotteet\/elintarviketeollisuuden-tuotteet\/elintarvikeoljyt\/villiruusu-sellusta-hedelmaoljy\/","url":"https:\/\/naturalpoland.com\/fi\/tuotteet\/elintarviketeollisuuden-tuotteet\/elintarvikeoljyt\/villiruusu-sellusta-hedelmaoljy\/","name":"Ruusunmarjan \u00f6ljy - NATURAL POLAND - RAAKA-AINEIDEN TUKKUJAKELIJA","isPartOf":{"@id":"https:\/\/naturalpoland.com\/fi\/#website"},"primaryImageOfPage":{"@id":"https:\/\/naturalpoland.com\/fi\/tuotteet\/elintarviketeollisuuden-tuotteet\/elintarvikeoljyt\/villiruusu-sellusta-hedelmaoljy\/#primaryimage"},"image":{"@id":"https:\/\/naturalpoland.com\/fi\/tuotteet\/elintarviketeollisuuden-tuotteet\/elintarvikeoljyt\/villiruusu-sellusta-hedelmaoljy\/#primaryimage"},"thumbnailUrl":"https:\/\/naturalpoland.com\/wp-content\/uploads\/olej-z-owocow-dzikiej-rozy.webp","datePublished":"2021-05-11T11:52:08+00:00","dateModified":"2026-02-19T12:43:39+00:00","description":"Rosa Canina -ruusunmarja\u00f6ljy on korkealaatuinen tuote, joka on kylm\u00e4puristettu luonnonvaraisten ruusupensaiden kokonaisista hedelmist\u00e4.","breadcrumb":{"@id":"https:\/\/naturalpoland.com\/fi\/tuotteet\/elintarviketeollisuuden-tuotteet\/elintarvikeoljyt\/villiruusu-sellusta-hedelmaoljy\/#breadcrumb"},"inLanguage":"fi","potentialAction":[{"@type":"ReadAction","target":["https:\/\/naturalpoland.com\/fi\/tuotteet\/elintarviketeollisuuden-tuotteet\/elintarvikeoljyt\/villiruusu-sellusta-hedelmaoljy\/"]}]},{"@type":"ImageObject","inLanguage":"fi","@id":"https:\/\/naturalpoland.com\/fi\/tuotteet\/elintarviketeollisuuden-tuotteet\/elintarvikeoljyt\/villiruusu-sellusta-hedelmaoljy\/#primaryimage","url":"https:\/\/naturalpoland.com\/wp-content\/uploads\/olej-z-owocow-dzikiej-rozy.webp","contentUrl":"https:\/\/naturalpoland.com\/wp-content\/uploads\/olej-z-owocow-dzikiej-rozy.webp","width":619,"height":619,"caption":"Rosa Canina -ruusunmarja\u00f6ljy"},{"@type":"BreadcrumbList","@id":"https:\/\/naturalpoland.com\/fi\/tuotteet\/elintarviketeollisuuden-tuotteet\/elintarvikeoljyt\/villiruusu-sellusta-hedelmaoljy\/#breadcrumb","itemListElement":[{"@type":"ListItem","position":1,"name":"Etusivu","item":"https:\/\/naturalpoland.com\/fi\/"},{"@type":"ListItem","position":2,"name":"Tuotteet","item":"https:\/\/naturalpoland.com\/fi\/tuotteet\/"},{"@type":"ListItem","position":3,"name":"Ruusunmarjan \u00f6ljy"}]},{"@type":"WebSite","@id":"https:\/\/naturalpoland.com\/fi\/#website","url":"https:\/\/naturalpoland.com\/fi\/","name":"NATURAL POLAND - RAAKA-AINEIDEN TUKKUJAKELIJA","description":"Surowce dla przemys\u0142u spo\u017cywczego, kosmetycznego i farmaceutycznego","publisher":{"@id":"https:\/\/naturalpoland.com\/fi\/#organization"},"potentialAction":[{"@type":"SearchAction","target":{"@type":"EntryPoint","urlTemplate":"https:\/\/naturalpoland.com\/fi\/?s={search_term_string}"},"query-input":{"@type":"PropertyValueSpecification","valueRequired":true,"valueName":"search_term_string"}}],"inLanguage":"fi"},{"@type":"Organization","@id":"https:\/\/naturalpoland.com\/fi\/#organization","name":"Natural Poland","url":"https:\/\/naturalpoland.com\/fi\/","logo":{"@type":"ImageObject","inLanguage":"fi","@id":"https:\/\/naturalpoland.com\/fi\/#\/schema\/logo\/image\/","url":"https:\/\/naturalpoland.com\/wp-content\/uploads\/2021\/05\/natural-poland-icon.png","contentUrl":"https:\/\/naturalpoland.com\/wp-content\/uploads\/2021\/05\/natural-poland-icon.png","width":512,"height":512,"caption":"Natural Poland"},"image":{"@id":"https:\/\/naturalpoland.com\/fi\/#\/schema\/logo\/image\/"},"sameAs":["https:\/\/www.facebook.com\/naturalpoland.b2b","https:\/\/pl.linkedin.com\/company\/natural-poland","https:\/\/www.youtube.com\/channel\/UCgeGGkvOMahZo-xu_MSEWxg"]}]}},"_links":{"self":[{"href":"https:\/\/naturalpoland.com\/fi\/wp-json\/wp\/v2\/product\/9058","targetHints":{"allow":["GET"]}}],"collection":[{"href":"https:\/\/naturalpoland.com\/fi\/wp-json\/wp\/v2\/product"}],"about":[{"href":"https:\/\/naturalpoland.com\/fi\/wp-json\/wp\/v2\/types\/product"}],"wp:featuredmedia":[{"embeddable":true,"href":"https:\/\/naturalpoland.com\/fi\/wp-json\/wp\/v2\/media\/36034"}],"wp:attachment":[{"href":"https:\/\/naturalpoland.com\/fi\/wp-json\/wp\/v2\/media?parent=9058"}],"wp:term":[{"taxonomy":"product_brand","embeddable":true,"href":"https:\/\/naturalpoland.com\/fi\/wp-json\/wp\/v2\/product_brand?post=9058"},{"taxonomy":"product_cat","embeddable":true,"href":"https:\/\/naturalpoland.com\/fi\/wp-json\/wp\/v2\/product_cat?post=9058"},{"taxonomy":"product_tag","embeddable":true,"href":"https:\/\/naturalpoland.com\/fi\/wp-json\/wp\/v2\/product_tag?post=9058"}],"curies":[{"name":"wp","href":"https:\/\/api.w.org\/{rel}","templated":true}]}}