{"id":9062,"date":"2021-05-11T13:52:09","date_gmt":"2021-05-11T11:52:09","guid":{"rendered":"https:\/\/naturalpoland.pl\/produkty\/Ei-luokiteltu\/perilla-oljy\/"},"modified":"2025-09-09T10:55:23","modified_gmt":"2025-09-09T08:55:23","slug":"perilla-oljy","status":"publish","type":"product","link":"https:\/\/naturalpoland.com\/fi\/tuotteet\/elintarviketeollisuuden-tuotteet\/elintarvikeoljyt\/perilla-oljy\/","title":{"rendered":"Perilla \u00f6ljy"},"content":{"rendered":"<h2>Perillakasvin \u00f6ljyn ominaisuudet<\/h2>\n<ol>\n<li><strong>Tulehdusta ja sieni\u00e4 ehk\u00e4isev\u00e4 vaikutus<\/strong> &#8211; t\u00e4m\u00e4n ansiosta se on erinomainen kosmeettinen tuote atooppisen, \u00e4rtymisherkk\u00e4n ja akneen taipuvaisen ihon hoitoon. Sen antibakteeriset ominaisuudet ehk\u00e4isev\u00e4t aknen aiheuttavien bakteerien, kuten <em>Propionibacterium acnes<\/em> ja <em>Staphylococcus aureus<\/em>, kasvua. <\/li>\n<li><strong>Nopeuttaa haavojen, palovammojen ja paleltumien paranemista.<\/strong><\/li>\n<li><strong>Ihon kosteuttaminen ja ravitseminen<\/strong> &#8211; pehment\u00e4\u00e4, silottaa ja tekee ihosta joustavamman. Sit\u00e4 suositellaan erityisesti kyps\u00e4n, kuivan ja \u00e4rtyneen ihon hoitoon, sill\u00e4 se auttaa v\u00e4hent\u00e4m\u00e4\u00e4n ryppyj\u00e4, juonteita ja ehk\u00e4isee ihon ik\u00e4\u00e4ntymist\u00e4. <\/li>\n<li><strong>Hiusten ja kynsien hoito<\/strong> &#8211; vahvistaa hiuksia ja auttaa v\u00e4hent\u00e4m\u00e4\u00e4n hilsett\u00e4 sek\u00e4 vahvistaa kynsi\u00e4 ja ehk\u00e4isee niiden halkeilua.<\/li>\n<li><strong>Talirauhasten toiminnan s\u00e4\u00e4tely<\/strong> &#8211; v\u00e4hent\u00e4\u00e4 talin erityst\u00e4 ja ehk\u00e4isee talirauhasten tukkeutumista.<\/li>\n<\/ol>\n<h2>Edut<\/h2>\n<p>Perillakasvin siemen\u00f6ljy on rikas v\u00e4ltt\u00e4m\u00e4tt\u00f6mist\u00e4 tyydyttym\u00e4tt\u00f6mist\u00e4 rasvahapoista, kuten alfalinoleenihaposta (ALA), linolihaposta (LA) ja \u00f6ljyhaposta. N\u00e4m\u00e4 rasvahapot ovat keskeisi\u00e4 syd\u00e4n- ja verisuoniterveyden kannalta, tukevat aivojen toimintaa ja edist\u00e4v\u00e4t ihon ja hiusten terveytt\u00e4. <\/p>\n<p>Korkea alfalinoleenihappopitoisuus (ALA) antaa perilla\u00f6ljylle vahvat <strong>tulehdusta ehk\u00e4isev\u00e4t ominaisuudet<\/strong>, jotka voivat auttaa v\u00e4hent\u00e4m\u00e4\u00e4n tulehdusta elimist\u00f6ss\u00e4, lievitt\u00e4m\u00e4\u00e4n allergian oireita ja tukemaan nivelten terveytt\u00e4.<\/p>\n<p>Kosmetiikassa t\u00e4m\u00e4 \u00f6ljy tunnetaan kosteuttavista, uudistavista ja ik\u00e4\u00e4ntymist\u00e4 ehk\u00e4isevist\u00e4 ominaisuuksistaan. Sill\u00e4 on kevyt koostumus ja se imeytyy nopeasti. Se sopii erinomaisesti kuivan, herk\u00e4n ja kyps\u00e4n ihon hoitoon sek\u00e4 hiusten hoitoon.  <\/p>\n<h2>K\u00e4ytt\u00f6kohteet<\/h2>\n<p>Elintarviketeollisuudessa sit\u00e4 voidaan k\u00e4ytt\u00e4\u00e4 terveellisten salaatti\u00f6ljyjen, kastikkeiden ja muiden ruokien ainesosana, ja sen rikas rasvahappoprofiili tukee terveellist\u00e4 ruokavaliota.<\/p>\n<p>Kosmetiikkateollisuudessa sit\u00e4 k\u00e4ytet\u00e4\u00e4n voiteiden, balsamien, seerumien sek\u00e4 kasvo- ja hiusnaamioiden ainesosana.<\/p>\n<p>Perillakasvin siemen\u00f6ljy\u00e4 k\u00e4ytet\u00e4\u00e4n my\u00f6s ravintolis\u00e4n\u00e4, joka tarjoaa v\u00e4ltt\u00e4m\u00e4tt\u00f6mi\u00e4 rasvahappoja, jotka tukevat syd\u00e4men, aivojen ja ihon terveytt\u00e4.<\/p>\n","protected":false},"excerpt":{"rendered":"<p>Perilla\u00f6ljy saadaan kylm\u00e4puristamalla tavallisen perillakasvin (<em>Perilla Ocymoides<\/em>) siemeni\u00e4. T\u00e4m\u00e4 \u00f6ljy on erinomainen omega-3-rasvahappojen l\u00e4hde.<\/p>\n","protected":false},"featured_media":8379,"template":"","meta":{"_acf_changed":false},"product_brand":[],"product_cat":[542,531,546],"product_tag":[],"class_list":{"0":"post-9062","1":"product","2":"type-product","3":"status-publish","4":"has-post-thumbnail","6":"product_cat-kosmeettiset-oljyt","7":"product_cat-ruokaoljyt-ja-kosmeettiset-oljyt","8":"product_cat-elintarvikeoljyt","10":"first","11":"instock","12":"shipping-taxable","13":"product-type-simple"},"acf":[],"yoast_head":"<!-- This site is optimized with the Yoast SEO plugin v27.6 - https:\/\/yoast.com\/product\/yoast-seo-wordpress\/ -->\n<title>Perilla \u00f6ljy - NATURAL POLAND - RAAKA-AINEIDEN TUKKUJAKELIJA<\/title>\n<meta name=\"description\" content=\"Kylm\u00e4puristettu ja puhdistamaton perillakasvin siemen\u00f6ljy on korkealaatuinen luonnollinen kasvi\u00f6ljy, joka saadaan tavallisen perillakasvin siemenist\u00e4\" \/>\n<meta name=\"robots\" content=\"index, follow, max-snippet:-1, max-image-preview:large, max-video-preview:-1\" \/>\n<link rel=\"canonical\" href=\"https:\/\/naturalpoland.com\/fi\/tuotteet\/elintarviketeollisuuden-tuotteet\/elintarvikeoljyt\/perilla-oljy\/\" \/>\n<meta property=\"og:locale\" content=\"fi_FI\" \/>\n<meta property=\"og:type\" content=\"article\" \/>\n<meta property=\"og:title\" content=\"Perilla \u00f6ljy - NATURAL POLAND - RAAKA-AINEIDEN TUKKUJAKELIJA\" \/>\n<meta property=\"og:description\" content=\"Kylm\u00e4puristettu ja puhdistamaton perillakasvin siemen\u00f6ljy on korkealaatuinen luonnollinen kasvi\u00f6ljy, joka saadaan tavallisen perillakasvin siemenist\u00e4\" \/>\n<meta property=\"og:url\" content=\"https:\/\/naturalpoland.com\/fi\/tuotteet\/elintarviketeollisuuden-tuotteet\/elintarvikeoljyt\/perilla-oljy\/\" \/>\n<meta property=\"og:site_name\" content=\"NATURAL POLAND - RAAKA-AINEIDEN TUKKUJAKELIJA\" \/>\n<meta property=\"article:publisher\" content=\"https:\/\/www.facebook.com\/naturalpoland.b2b\" \/>\n<meta property=\"article:modified_time\" content=\"2025-09-09T08:55:23+00:00\" \/>\n<meta property=\"og:image\" content=\"https:\/\/naturalpoland.com\/wp-content\/uploads\/Olej-z-pachnotki.jpg\" \/>\n\t<meta property=\"og:image:width\" content=\"650\" \/>\n\t<meta property=\"og:image:height\" content=\"650\" \/>\n\t<meta property=\"og:image:type\" content=\"image\/jpeg\" \/>\n<script type=\"application\/ld+json\" class=\"yoast-schema-graph\">{\"@context\":\"https:\\\/\\\/schema.org\",\"@graph\":[{\"@type\":\"WebPage\",\"@id\":\"https:\\\/\\\/naturalpoland.com\\\/fi\\\/tuotteet\\\/elintarviketeollisuuden-tuotteet\\\/elintarvikeoljyt\\\/perilla-oljy\\\/\",\"url\":\"https:\\\/\\\/naturalpoland.com\\\/fi\\\/tuotteet\\\/elintarviketeollisuuden-tuotteet\\\/elintarvikeoljyt\\\/perilla-oljy\\\/\",\"name\":\"Perilla \u00f6ljy - NATURAL POLAND - RAAKA-AINEIDEN TUKKUJAKELIJA\",\"isPartOf\":{\"@id\":\"https:\\\/\\\/naturalpoland.com\\\/fi\\\/#website\"},\"primaryImageOfPage\":{\"@id\":\"https:\\\/\\\/naturalpoland.com\\\/fi\\\/tuotteet\\\/elintarviketeollisuuden-tuotteet\\\/elintarvikeoljyt\\\/perilla-oljy\\\/#primaryimage\"},\"image\":{\"@id\":\"https:\\\/\\\/naturalpoland.com\\\/fi\\\/tuotteet\\\/elintarviketeollisuuden-tuotteet\\\/elintarvikeoljyt\\\/perilla-oljy\\\/#primaryimage\"},\"thumbnailUrl\":\"https:\\\/\\\/naturalpoland.com\\\/wp-content\\\/uploads\\\/Olej-z-pachnotki.jpg\",\"datePublished\":\"2021-05-11T11:52:09+00:00\",\"dateModified\":\"2025-09-09T08:55:23+00:00\",\"description\":\"Kylm\u00e4puristettu ja puhdistamaton perillakasvin siemen\u00f6ljy on korkealaatuinen luonnollinen kasvi\u00f6ljy, joka saadaan tavallisen perillakasvin siemenist\u00e4\",\"breadcrumb\":{\"@id\":\"https:\\\/\\\/naturalpoland.com\\\/fi\\\/tuotteet\\\/elintarviketeollisuuden-tuotteet\\\/elintarvikeoljyt\\\/perilla-oljy\\\/#breadcrumb\"},\"inLanguage\":\"fi\",\"potentialAction\":[{\"@type\":\"ReadAction\",\"target\":[\"https:\\\/\\\/naturalpoland.com\\\/fi\\\/tuotteet\\\/elintarviketeollisuuden-tuotteet\\\/elintarvikeoljyt\\\/perilla-oljy\\\/\"]}]},{\"@type\":\"ImageObject\",\"inLanguage\":\"fi\",\"@id\":\"https:\\\/\\\/naturalpoland.com\\\/fi\\\/tuotteet\\\/elintarviketeollisuuden-tuotteet\\\/elintarvikeoljyt\\\/perilla-oljy\\\/#primaryimage\",\"url\":\"https:\\\/\\\/naturalpoland.com\\\/wp-content\\\/uploads\\\/Olej-z-pachnotki.jpg\",\"contentUrl\":\"https:\\\/\\\/naturalpoland.com\\\/wp-content\\\/uploads\\\/Olej-z-pachnotki.jpg\",\"width\":650,\"height\":650,\"caption\":\"Perilla \u00f6ljy\"},{\"@type\":\"BreadcrumbList\",\"@id\":\"https:\\\/\\\/naturalpoland.com\\\/fi\\\/tuotteet\\\/elintarviketeollisuuden-tuotteet\\\/elintarvikeoljyt\\\/perilla-oljy\\\/#breadcrumb\",\"itemListElement\":[{\"@type\":\"ListItem\",\"position\":1,\"name\":\"Etusivu\",\"item\":\"https:\\\/\\\/naturalpoland.com\\\/fi\\\/\"},{\"@type\":\"ListItem\",\"position\":2,\"name\":\"Tuotteet\",\"item\":\"https:\\\/\\\/naturalpoland.com\\\/fi\\\/tuotteet\\\/\"},{\"@type\":\"ListItem\",\"position\":3,\"name\":\"Perilla \u00f6ljy\"}]},{\"@type\":\"WebSite\",\"@id\":\"https:\\\/\\\/naturalpoland.com\\\/fi\\\/#website\",\"url\":\"https:\\\/\\\/naturalpoland.com\\\/fi\\\/\",\"name\":\"NATURAL POLAND - RAAKA-AINEIDEN TUKKUJAKELIJA\",\"description\":\"Surowce dla przemys\u0142u spo\u017cywczego, kosmetycznego i farmaceutycznego\",\"publisher\":{\"@id\":\"https:\\\/\\\/naturalpoland.com\\\/fi\\\/#organization\"},\"potentialAction\":[{\"@type\":\"SearchAction\",\"target\":{\"@type\":\"EntryPoint\",\"urlTemplate\":\"https:\\\/\\\/naturalpoland.com\\\/fi\\\/?s={search_term_string}\"},\"query-input\":{\"@type\":\"PropertyValueSpecification\",\"valueRequired\":true,\"valueName\":\"search_term_string\"}}],\"inLanguage\":\"fi\"},{\"@type\":\"Organization\",\"@id\":\"https:\\\/\\\/naturalpoland.com\\\/fi\\\/#organization\",\"name\":\"Natural Poland\",\"url\":\"https:\\\/\\\/naturalpoland.com\\\/fi\\\/\",\"logo\":{\"@type\":\"ImageObject\",\"inLanguage\":\"fi\",\"@id\":\"https:\\\/\\\/naturalpoland.com\\\/fi\\\/#\\\/schema\\\/logo\\\/image\\\/\",\"url\":\"https:\\\/\\\/naturalpoland.com\\\/wp-content\\\/uploads\\\/2021\\\/05\\\/natural-poland-icon.png\",\"contentUrl\":\"https:\\\/\\\/naturalpoland.com\\\/wp-content\\\/uploads\\\/2021\\\/05\\\/natural-poland-icon.png\",\"width\":512,\"height\":512,\"caption\":\"Natural Poland\"},\"image\":{\"@id\":\"https:\\\/\\\/naturalpoland.com\\\/fi\\\/#\\\/schema\\\/logo\\\/image\\\/\"},\"sameAs\":[\"https:\\\/\\\/www.facebook.com\\\/naturalpoland.b2b\",\"https:\\\/\\\/pl.linkedin.com\\\/company\\\/natural-poland\",\"https:\\\/\\\/www.youtube.com\\\/channel\\\/UCgeGGkvOMahZo-xu_MSEWxg\"]}]}<\/script>\n<!-- \/ Yoast SEO plugin. -->","yoast_head_json":{"title":"Perilla \u00f6ljy - NATURAL POLAND - RAAKA-AINEIDEN TUKKUJAKELIJA","description":"Kylm\u00e4puristettu ja puhdistamaton perillakasvin siemen\u00f6ljy on korkealaatuinen luonnollinen kasvi\u00f6ljy, joka saadaan tavallisen perillakasvin siemenist\u00e4","robots":{"index":"index","follow":"follow","max-snippet":"max-snippet:-1","max-image-preview":"max-image-preview:large","max-video-preview":"max-video-preview:-1"},"canonical":"https:\/\/naturalpoland.com\/fi\/tuotteet\/elintarviketeollisuuden-tuotteet\/elintarvikeoljyt\/perilla-oljy\/","og_locale":"fi_FI","og_type":"article","og_title":"Perilla \u00f6ljy - NATURAL POLAND - RAAKA-AINEIDEN TUKKUJAKELIJA","og_description":"Kylm\u00e4puristettu ja puhdistamaton perillakasvin siemen\u00f6ljy on korkealaatuinen luonnollinen kasvi\u00f6ljy, joka saadaan tavallisen perillakasvin siemenist\u00e4","og_url":"https:\/\/naturalpoland.com\/fi\/tuotteet\/elintarviketeollisuuden-tuotteet\/elintarvikeoljyt\/perilla-oljy\/","og_site_name":"NATURAL POLAND - RAAKA-AINEIDEN TUKKUJAKELIJA","article_publisher":"https:\/\/www.facebook.com\/naturalpoland.b2b","article_modified_time":"2025-09-09T08:55:23+00:00","og_image":[{"width":650,"height":650,"url":"https:\/\/naturalpoland.com\/wp-content\/uploads\/Olej-z-pachnotki.jpg","type":"image\/jpeg"}],"schema":{"@context":"https:\/\/schema.org","@graph":[{"@type":"WebPage","@id":"https:\/\/naturalpoland.com\/fi\/tuotteet\/elintarviketeollisuuden-tuotteet\/elintarvikeoljyt\/perilla-oljy\/","url":"https:\/\/naturalpoland.com\/fi\/tuotteet\/elintarviketeollisuuden-tuotteet\/elintarvikeoljyt\/perilla-oljy\/","name":"Perilla \u00f6ljy - NATURAL POLAND - RAAKA-AINEIDEN TUKKUJAKELIJA","isPartOf":{"@id":"https:\/\/naturalpoland.com\/fi\/#website"},"primaryImageOfPage":{"@id":"https:\/\/naturalpoland.com\/fi\/tuotteet\/elintarviketeollisuuden-tuotteet\/elintarvikeoljyt\/perilla-oljy\/#primaryimage"},"image":{"@id":"https:\/\/naturalpoland.com\/fi\/tuotteet\/elintarviketeollisuuden-tuotteet\/elintarvikeoljyt\/perilla-oljy\/#primaryimage"},"thumbnailUrl":"https:\/\/naturalpoland.com\/wp-content\/uploads\/Olej-z-pachnotki.jpg","datePublished":"2021-05-11T11:52:09+00:00","dateModified":"2025-09-09T08:55:23+00:00","description":"Kylm\u00e4puristettu ja puhdistamaton perillakasvin siemen\u00f6ljy on korkealaatuinen luonnollinen kasvi\u00f6ljy, joka saadaan tavallisen perillakasvin siemenist\u00e4","breadcrumb":{"@id":"https:\/\/naturalpoland.com\/fi\/tuotteet\/elintarviketeollisuuden-tuotteet\/elintarvikeoljyt\/perilla-oljy\/#breadcrumb"},"inLanguage":"fi","potentialAction":[{"@type":"ReadAction","target":["https:\/\/naturalpoland.com\/fi\/tuotteet\/elintarviketeollisuuden-tuotteet\/elintarvikeoljyt\/perilla-oljy\/"]}]},{"@type":"ImageObject","inLanguage":"fi","@id":"https:\/\/naturalpoland.com\/fi\/tuotteet\/elintarviketeollisuuden-tuotteet\/elintarvikeoljyt\/perilla-oljy\/#primaryimage","url":"https:\/\/naturalpoland.com\/wp-content\/uploads\/Olej-z-pachnotki.jpg","contentUrl":"https:\/\/naturalpoland.com\/wp-content\/uploads\/Olej-z-pachnotki.jpg","width":650,"height":650,"caption":"Perilla \u00f6ljy"},{"@type":"BreadcrumbList","@id":"https:\/\/naturalpoland.com\/fi\/tuotteet\/elintarviketeollisuuden-tuotteet\/elintarvikeoljyt\/perilla-oljy\/#breadcrumb","itemListElement":[{"@type":"ListItem","position":1,"name":"Etusivu","item":"https:\/\/naturalpoland.com\/fi\/"},{"@type":"ListItem","position":2,"name":"Tuotteet","item":"https:\/\/naturalpoland.com\/fi\/tuotteet\/"},{"@type":"ListItem","position":3,"name":"Perilla \u00f6ljy"}]},{"@type":"WebSite","@id":"https:\/\/naturalpoland.com\/fi\/#website","url":"https:\/\/naturalpoland.com\/fi\/","name":"NATURAL POLAND - RAAKA-AINEIDEN TUKKUJAKELIJA","description":"Surowce dla przemys\u0142u spo\u017cywczego, kosmetycznego i farmaceutycznego","publisher":{"@id":"https:\/\/naturalpoland.com\/fi\/#organization"},"potentialAction":[{"@type":"SearchAction","target":{"@type":"EntryPoint","urlTemplate":"https:\/\/naturalpoland.com\/fi\/?s={search_term_string}"},"query-input":{"@type":"PropertyValueSpecification","valueRequired":true,"valueName":"search_term_string"}}],"inLanguage":"fi"},{"@type":"Organization","@id":"https:\/\/naturalpoland.com\/fi\/#organization","name":"Natural Poland","url":"https:\/\/naturalpoland.com\/fi\/","logo":{"@type":"ImageObject","inLanguage":"fi","@id":"https:\/\/naturalpoland.com\/fi\/#\/schema\/logo\/image\/","url":"https:\/\/naturalpoland.com\/wp-content\/uploads\/2021\/05\/natural-poland-icon.png","contentUrl":"https:\/\/naturalpoland.com\/wp-content\/uploads\/2021\/05\/natural-poland-icon.png","width":512,"height":512,"caption":"Natural Poland"},"image":{"@id":"https:\/\/naturalpoland.com\/fi\/#\/schema\/logo\/image\/"},"sameAs":["https:\/\/www.facebook.com\/naturalpoland.b2b","https:\/\/pl.linkedin.com\/company\/natural-poland","https:\/\/www.youtube.com\/channel\/UCgeGGkvOMahZo-xu_MSEWxg"]}]}},"_links":{"self":[{"href":"https:\/\/naturalpoland.com\/fi\/wp-json\/wp\/v2\/product\/9062","targetHints":{"allow":["GET"]}}],"collection":[{"href":"https:\/\/naturalpoland.com\/fi\/wp-json\/wp\/v2\/product"}],"about":[{"href":"https:\/\/naturalpoland.com\/fi\/wp-json\/wp\/v2\/types\/product"}],"wp:featuredmedia":[{"embeddable":true,"href":"https:\/\/naturalpoland.com\/fi\/wp-json\/wp\/v2\/media\/8379"}],"wp:attachment":[{"href":"https:\/\/naturalpoland.com\/fi\/wp-json\/wp\/v2\/media?parent=9062"}],"wp:term":[{"taxonomy":"product_brand","embeddable":true,"href":"https:\/\/naturalpoland.com\/fi\/wp-json\/wp\/v2\/product_brand?post=9062"},{"taxonomy":"product_cat","embeddable":true,"href":"https:\/\/naturalpoland.com\/fi\/wp-json\/wp\/v2\/product_cat?post=9062"},{"taxonomy":"product_tag","embeddable":true,"href":"https:\/\/naturalpoland.com\/fi\/wp-json\/wp\/v2\/product_tag?post=9062"}],"curies":[{"name":"wp","href":"https:\/\/api.w.org\/{rel}","templated":true}]}}