{"id":9075,"date":"2021-05-11T13:52:10","date_gmt":"2021-05-11T11:52:10","guid":{"rendered":"https:\/\/naturalpoland.pl\/produkty\/Ei-luokiteltu\/aprikoosinsiemenoljy\/"},"modified":"2026-01-07T11:58:52","modified_gmt":"2026-01-07T10:58:52","slug":"aprikoosin-siemenoljy","status":"publish","type":"product","link":"https:\/\/naturalpoland.com\/fi\/tuotteet\/elintarviketeollisuuden-tuotteet\/elintarvikeoljyt\/aprikoosin-siemenoljy\/","title":{"rendered":"Aprikoosinsiemen\u00f6ljy"},"content":{"rendered":"<p>Suurimmat aprikoosin viljelyalueet sijaitsevat Turkissa, Italiassa, Iranissa ja Algeriassa. Aprikoosin hedelmist\u00e4 voidaan valmistaa hilloja ja mehuja. Jotta siemeni\u00e4 ei tuhlata, niist\u00e4 alettiin valmistaa \u00f6ljyj\u00e4.  <\/p>\n<p>Aprikoosinsiemen\u00f6ljyll\u00e4 on kullanv\u00e4rinen s\u00e4vy, ja sen maku on manteli-marsipaaninen. Aprikoosin siemeni\u00e4 pidettiin alun perin j\u00e4tteen\u00e4, mutta hedelm\u00e4n ominaisuuksien t\u00e4ysim\u00e4\u00e4r\u00e4iseksi hy\u00f6dynt\u00e4miseksi tutkittiin, ett\u00e4 my\u00f6s siemen sis\u00e4lt\u00e4\u00e4 ainesosia, jotka mahdollistavat siit\u00e4 hy\u00f6dyllisi\u00e4 tuotteita. <\/p>\n<p>&nbsp;<\/p>\n<h2>Aprikoosinsiemen\u00f6ljyn ominaisuudet<\/h2>\n<p>Aprikoosinsiemen\u00f6ljy ennen kaikkea silottaa ja kosteuttaa kuivaa ihoa sek\u00e4 ravitsee hiusten kuivia latvoja. Se on kevyt ja herkk\u00e4. Imeytyy nopeasti eik\u00e4 j\u00e4t\u00e4 rasvaisia tahroja. \u00d6ljy on turvallinen allergikoille ja herk\u00e4lle iholle.<\/p>\n<p>Kun sit\u00e4 levitet\u00e4\u00e4n kasvoille, se lis\u00e4\u00e4 ihon s\u00e4teily\u00e4 ja v\u00e4hent\u00e4\u00e4 matkivien ryppyjen n\u00e4kyvyytt\u00e4 ja tasoittaa niit\u00e4. T\u00e4m\u00e4 \u00f6ljy kuuluu antioksidanttien ryhm\u00e4\u00e4n \u2013 se auttaa sitomaan vapaita radikaaleja, jotka voivat aiheuttaa ryppyjen muodostumista. Aprikoosinsiemen\u00f6ljy auttaa my\u00f6s v\u00e4hent\u00e4m\u00e4\u00e4n tulehduksia. <\/p>\n<p>Aprikoosinsiemen\u00f6ljyn perusvaikutuksiin kuuluvat: ihon vahvistaminen, silottaminen, joustavuuden lis\u00e4\u00e4minen, ryppyjen v\u00e4hent\u00e4minen, tulehdusten lievitt\u00e4minen ja paranemisen nopeuttaminen. Se auttaa my\u00f6s tasoittamaan ihon s\u00e4vy\u00e4.<\/p>\n<p>&nbsp;<\/p>\n<h2>Aprikoosinsiemen\u00f6ljyn koostumus:<\/h2>\n<ul class=\"wp-block-list\">\n<li>kertatyydyttym\u00e4tt\u00f6m\u00e4t rasvahapot,<\/li>\n<li>E-vitamiini,<\/li>\n<li>monityydyttym\u00e4tt\u00f6m\u00e4t rasvahapot,<\/li>\n<li>fytosterolit,<\/li>\n<li>omega-3- ja omega-6-rasvahapot,<\/li>\n<li>fenoliset yhdisteet,<\/li>\n<li>mineraalisuolat.<\/li>\n<\/ul>\n<h3><strong>T\u00e4rkeimm\u00e4t rasvahapot:<\/strong><\/h3>\n<ul>\n<li>\u00d6ljyhappo (54-74 %)<\/li>\n<li>Linolihappo (12-35 %)<\/li>\n<li>Palmitiinihappo (3-10 %)<\/li>\n<li>Steariinihappo (maks. 5 %)<\/li>\n<li>Palmitiinihappo (maks. 2 %)<\/li>\n<li>Linoleenihappo (maks. 1 %)<\/li>\n<\/ul>\n<h2><\/h2>\n<p>&nbsp;<\/p>\n<h2 class=\"wp-block-heading\">Aprikoosinsiemen\u00f6ljyn k\u00e4ytt\u00f6:<\/h2>\n<p>&nbsp;<\/p>\n<p><strong>Elintarviketeollisuus:<\/strong><\/p>\n<p>Keitti\u00f6ss\u00e4 aprikoosinsiemen\u00f6ljy\u00e4 voidaan k\u00e4ytt\u00e4\u00e4 lis\u00e4n\u00e4 puuroihin, salaatteihin, raasteisiin, kastikkeisiin ja j\u00e4lkiruokiin. On t\u00e4rke\u00e4\u00e4 muistaa, ettei \u00f6ljy\u00e4 saa kuumentaa, sill\u00e4 korkeassa l\u00e4mp\u00f6tilassa se menett\u00e4\u00e4 arvokkaat ominaisuutensa. <\/p>\n<p>&nbsp;<\/p>\n<p class=\"wp-block-heading\"><strong>Kosmetiikkateollisuus:<\/strong><\/p>\n<p>Aprikoosinsiemen\u00f6ljy kosteuttaa kuivaa ihoa ja vaurioituneita hiusten latvoja. Se voi auttaa hilseen hoidossa. Hiusten osalta se auttaa palauttamaan niiden entisen kiillon ja vahvistaa latvoja.  <\/p>\n<p>Se on my\u00f6s erinomainen lis\u00e4 valmiisiin voiteisiin; lis\u00e4\u00e4 vain muutama tippa p\u00e4ivitt\u00e4in k\u00e4ytt\u00e4m\u00e4\u00e4si voiteeseen ja nauti aprikoosinsiemen\u00f6ljyn hy\u00f6dyist\u00e4.<\/p>\n<p>T\u00e4m\u00e4 \u00f6ljy ehk\u00e4isee ihon \u00e4rsytyst\u00e4, punoitusta ja kuivumista. Se ravitsee, rauhoittaa ja hoitaa ihoa. Se rauhoittaa, elvytt\u00e4\u00e4, ravitsee ja uudistaa ihoa sek\u00e4 hiuksia. Se s\u00e4\u00e4telee talin tuotantoa, poistaa silm\u00e4nalusten turvotusta ja voi edist\u00e4\u00e4 hiusten kasvua. Se palauttaa kiillon ja kosteuden huokoisille hiuksille.    <\/p>\n<p>Kosmeettiset tuotteet, jotka voivat sis\u00e4lt\u00e4\u00e4 aprikoosinsiemen\u00f6ljy\u00e4:<\/p>\n<ul class=\"wp-block-list\">\n<li>Voiteet<\/li>\n<li>Hiusnaamiot<\/li>\n<li>Kasvonaamiot,<\/li>\n<li>Kynsinauha- ja kynsihoitoseerumi,<\/li>\n<li>Kylpy\u00f6ljy,<\/li>\n<li>Balsami,<\/li>\n<li>Lis\u00e4 kuorinta-aineisiin,<\/li>\n<li>Hiuspohjan hoitoaine,<\/li>\n<li>Latva\u00f6ljy,<\/li>\n<li>Hiero\u00f6ljy.<\/li>\n<\/ul>\n<p>&nbsp;<\/p>\n<p class=\"wp-block-heading\"><strong>Farmaseuttinen teollisuus:<\/strong><\/p>\n<p>Aprikoosinsiemen\u00f6ljy\u00e4 voidaan k\u00e4ytt\u00e4\u00e4 aknen, hilseen, ysk\u00e4n, astman ja ummetuksen hoidossa. Sit\u00e4 k\u00e4ytet\u00e4\u00e4n my\u00f6s syd\u00e4n- ja verisuonitautien hoidossa. \u00d6ljyss\u00e4 olevat rasvahapot voivat hidastaa ateroskleroosin kehittymist\u00e4 ja vaikuttaa positiivisesti LDL-tasoon.  <\/p>\n<p>Kylm\u00e4puristettu ja elintarvikek\u00e4ytt\u00f6\u00f6n tarkoitettu \u00f6ljy ei sis\u00e4ll\u00e4 merkitt\u00e4vi\u00e4 m\u00e4\u00e4ri\u00e4 amygdaliinia, jota esiintyy p\u00e4\u00e4asiassa kokonaisissa aprikoosin siemeniss\u00e4. Siksi elintarvike\u00f6ljy\u00e4 k\u00e4ytett\u00e4ess\u00e4 valmistajan ohjeiden mukaisesti ei ole riski\u00e4 syanogeenisten yhdisteiden vapautumisesta. Aprikoosinsiemen\u00f6ljy\u00e4 suositellaan nautittavaksi kylm\u00e4n\u00e4, 1\u20132 ruokalusikallista p\u00e4iv\u00e4ss\u00e4, lis\u00e4n\u00e4 salaatteihin tai valmiisiin ruokiin.  <\/p>\n<p>&nbsp;<\/p>\n<h2 class=\"wp-block-heading\">Miten aprikoosinsiemen\u00f6ljy\u00e4 k\u00e4ytet\u00e4\u00e4n?<\/h2>\n<p>On muistettava p\u00e4ivitt\u00e4inen suositeltu annos 1-2 ruokalusikallista; alle 12-vuotiaiden ei tule k\u00e4ytt\u00e4\u00e4 t\u00e4t\u00e4 \u00f6ljy\u00e4. Kosmetiikassa sit\u00e4 voidaan k\u00e4ytt\u00e4\u00e4 itsen\u00e4isen\u00e4 tuotteena tai lis\u00e4n\u00e4 valmiisiin kosmetiikkatuotteisiin. <\/p>\n<p>&nbsp;<\/p>\n<h2 class=\"wp-block-heading\">Miten aprikoosinsiemen\u00f6ljy\u00e4 s\u00e4ilytet\u00e4\u00e4n?<\/h2>\n<p>T\u00e4m\u00e4 \u00f6ljy tulee s\u00e4ilytt\u00e4\u00e4 tiiviisti suljettuna, poissa l\u00e4mm\u00f6n ja valon l\u00e4hteist\u00e4, ja avattuna se tulee s\u00e4ilytt\u00e4\u00e4 j\u00e4\u00e4kaapissa. S\u00e4ilytett\u00e4v\u00e4 lasten ulottumattomissa. <\/p>\n<hr>\n<p><small><strong>Kirjallisuus<\/strong>:<\/small><\/p>\n<p><small>Aprikoosinsiemen\u00f6ljy \u2013 l\u00e4\u00e4kinn\u00e4lliset ominaisuudet ja vinkit | PSNT (poznajsienatluszczach.pl)<br \/>\nAprikoosinsiemen\u00f6ljy \u2013 ominaisuudet ja vaikutus. Miten aprikoosinsiemen\u00f6ljy\u00e4 k\u00e4ytet\u00e4\u00e4n? (ekologia.pl)<br \/>\nAprikoosi\u00f6ljy \u2013 iholle, hiuksille vai juotavaksi? Mihin tarkoitukseen aprikoosinsiemen\u00f6ljy\u00e4 k\u00e4ytet\u00e4\u00e4n? (wapteka.pl)<br \/>\nValikoitujen yrttisiementen ja hedelm\u00e4nsiementen kylm\u00e4puristettujen \u00f6ljyjen ominaisuudet,<br \/>\nGo\u017adzik Patrycja, Wroniak Ma\u0142gorzata, Florowska Anna, 202    <\/small><\/p>\n","protected":false},"excerpt":{"rendered":"<p><strong>Aprikoosinsiemen\u00f6ljy<\/strong> on luonnollinen raaka-aine, jota saadaan kylm\u00e4puristamalla <em>Prunus armeniaca<\/em> -hedelm\u00e4n, eli aprikoosin, siemeni\u00e4. Sille on ominaista kevyt koostumus, vaalea, keltainen v\u00e4ri ja mieto, luonteenomainen tuoksu. <\/p>\n","protected":false},"featured_media":36007,"template":"","meta":{"_acf_changed":false},"product_brand":[],"product_cat":[542,531,546],"product_tag":[],"class_list":{"0":"post-9075","1":"product","2":"type-product","3":"status-publish","4":"has-post-thumbnail","6":"product_cat-kosmeettiset-oljyt","7":"product_cat-ruokaoljyt-ja-kosmeettiset-oljyt","8":"product_cat-elintarvikeoljyt","10":"first","11":"instock","12":"shipping-taxable","13":"product-type-simple"},"acf":[],"yoast_head":"<!-- This site is optimized with the Yoast SEO plugin v27.5 - https:\/\/yoast.com\/product\/yoast-seo-wordpress\/ -->\n<title>Aprikoosinsiemen\u00f6ljy - NATURAL POLAND - RAAKA-AINEIDEN TUKKUJAKELIJA<\/title>\n<meta name=\"description\" content=\"Aprikoosinsiemen\u00f6ljy, jolla on kosmeettisia, elintarvike- ja farmaseuttisia ominaisuuksia, sopii p\u00e4ivitt\u00e4iseen k\u00e4ytt\u00f6\u00f6n ja hoitaa ihoa, hiuksia sek\u00e4 kynsi\u00e4.\" \/>\n<meta name=\"robots\" content=\"index, follow, max-snippet:-1, max-image-preview:large, max-video-preview:-1\" \/>\n<link rel=\"canonical\" href=\"https:\/\/naturalpoland.com\/fi\/tuotteet\/elintarviketeollisuuden-tuotteet\/elintarvikeoljyt\/aprikoosin-siemenoljy\/\" \/>\n<meta property=\"og:locale\" content=\"fi_FI\" \/>\n<meta property=\"og:type\" content=\"article\" \/>\n<meta property=\"og:title\" content=\"Aprikoosinsiemen\u00f6ljy - NATURAL POLAND - RAAKA-AINEIDEN TUKKUJAKELIJA\" \/>\n<meta property=\"og:description\" content=\"Aprikoosinsiemen\u00f6ljy, jolla on kosmeettisia, elintarvike- ja farmaseuttisia ominaisuuksia, sopii p\u00e4ivitt\u00e4iseen k\u00e4ytt\u00f6\u00f6n ja hoitaa ihoa, hiuksia sek\u00e4 kynsi\u00e4.\" \/>\n<meta property=\"og:url\" content=\"https:\/\/naturalpoland.com\/fi\/tuotteet\/elintarviketeollisuuden-tuotteet\/elintarvikeoljyt\/aprikoosin-siemenoljy\/\" \/>\n<meta property=\"og:site_name\" content=\"NATURAL POLAND - RAAKA-AINEIDEN TUKKUJAKELIJA\" \/>\n<meta property=\"article:publisher\" content=\"https:\/\/www.facebook.com\/naturalpoland.b2b\" \/>\n<meta property=\"article:modified_time\" content=\"2026-01-07T10:58:52+00:00\" \/>\n<meta property=\"og:image\" content=\"https:\/\/naturalpoland.com\/wp-content\/uploads\/olej-z-pestek-moreli.webp\" \/>\n\t<meta property=\"og:image:width\" content=\"619\" \/>\n\t<meta property=\"og:image:height\" content=\"619\" \/>\n\t<meta property=\"og:image:type\" content=\"image\/webp\" \/>\n<script type=\"application\/ld+json\" class=\"yoast-schema-graph\">{\"@context\":\"https:\\\/\\\/schema.org\",\"@graph\":[{\"@type\":\"WebPage\",\"@id\":\"https:\\\/\\\/naturalpoland.com\\\/fi\\\/tuotteet\\\/elintarviketeollisuuden-tuotteet\\\/elintarvikeoljyt\\\/aprikoosin-siemenoljy\\\/\",\"url\":\"https:\\\/\\\/naturalpoland.com\\\/fi\\\/tuotteet\\\/elintarviketeollisuuden-tuotteet\\\/elintarvikeoljyt\\\/aprikoosin-siemenoljy\\\/\",\"name\":\"Aprikoosinsiemen\u00f6ljy - NATURAL POLAND - RAAKA-AINEIDEN TUKKUJAKELIJA\",\"isPartOf\":{\"@id\":\"https:\\\/\\\/naturalpoland.com\\\/fi\\\/#website\"},\"primaryImageOfPage\":{\"@id\":\"https:\\\/\\\/naturalpoland.com\\\/fi\\\/tuotteet\\\/elintarviketeollisuuden-tuotteet\\\/elintarvikeoljyt\\\/aprikoosin-siemenoljy\\\/#primaryimage\"},\"image\":{\"@id\":\"https:\\\/\\\/naturalpoland.com\\\/fi\\\/tuotteet\\\/elintarviketeollisuuden-tuotteet\\\/elintarvikeoljyt\\\/aprikoosin-siemenoljy\\\/#primaryimage\"},\"thumbnailUrl\":\"https:\\\/\\\/naturalpoland.com\\\/wp-content\\\/uploads\\\/olej-z-pestek-moreli.webp\",\"datePublished\":\"2021-05-11T11:52:10+00:00\",\"dateModified\":\"2026-01-07T10:58:52+00:00\",\"description\":\"Aprikoosinsiemen\u00f6ljy, jolla on kosmeettisia, elintarvike- ja farmaseuttisia ominaisuuksia, sopii p\u00e4ivitt\u00e4iseen k\u00e4ytt\u00f6\u00f6n ja hoitaa ihoa, hiuksia sek\u00e4 kynsi\u00e4.\",\"breadcrumb\":{\"@id\":\"https:\\\/\\\/naturalpoland.com\\\/fi\\\/tuotteet\\\/elintarviketeollisuuden-tuotteet\\\/elintarvikeoljyt\\\/aprikoosin-siemenoljy\\\/#breadcrumb\"},\"inLanguage\":\"fi\",\"potentialAction\":[{\"@type\":\"ReadAction\",\"target\":[\"https:\\\/\\\/naturalpoland.com\\\/fi\\\/tuotteet\\\/elintarviketeollisuuden-tuotteet\\\/elintarvikeoljyt\\\/aprikoosin-siemenoljy\\\/\"]}]},{\"@type\":\"ImageObject\",\"inLanguage\":\"fi\",\"@id\":\"https:\\\/\\\/naturalpoland.com\\\/fi\\\/tuotteet\\\/elintarviketeollisuuden-tuotteet\\\/elintarvikeoljyt\\\/aprikoosin-siemenoljy\\\/#primaryimage\",\"url\":\"https:\\\/\\\/naturalpoland.com\\\/wp-content\\\/uploads\\\/olej-z-pestek-moreli.webp\",\"contentUrl\":\"https:\\\/\\\/naturalpoland.com\\\/wp-content\\\/uploads\\\/olej-z-pestek-moreli.webp\",\"width\":619,\"height\":619,\"caption\":\"aprikoosinsiemen\u00f6ljy\"},{\"@type\":\"BreadcrumbList\",\"@id\":\"https:\\\/\\\/naturalpoland.com\\\/fi\\\/tuotteet\\\/elintarviketeollisuuden-tuotteet\\\/elintarvikeoljyt\\\/aprikoosin-siemenoljy\\\/#breadcrumb\",\"itemListElement\":[{\"@type\":\"ListItem\",\"position\":1,\"name\":\"Etusivu\",\"item\":\"https:\\\/\\\/naturalpoland.com\\\/fi\\\/\"},{\"@type\":\"ListItem\",\"position\":2,\"name\":\"Tuotteet\",\"item\":\"https:\\\/\\\/naturalpoland.com\\\/fi\\\/tuotteet\\\/\"},{\"@type\":\"ListItem\",\"position\":3,\"name\":\"Aprikoosinsiemen\u00f6ljy\"}]},{\"@type\":\"WebSite\",\"@id\":\"https:\\\/\\\/naturalpoland.com\\\/fi\\\/#website\",\"url\":\"https:\\\/\\\/naturalpoland.com\\\/fi\\\/\",\"name\":\"NATURAL POLAND - RAAKA-AINEIDEN TUKKUJAKELIJA\",\"description\":\"Surowce dla przemys\u0142u spo\u017cywczego, kosmetycznego i farmaceutycznego\",\"publisher\":{\"@id\":\"https:\\\/\\\/naturalpoland.com\\\/fi\\\/#organization\"},\"potentialAction\":[{\"@type\":\"SearchAction\",\"target\":{\"@type\":\"EntryPoint\",\"urlTemplate\":\"https:\\\/\\\/naturalpoland.com\\\/fi\\\/?s={search_term_string}\"},\"query-input\":{\"@type\":\"PropertyValueSpecification\",\"valueRequired\":true,\"valueName\":\"search_term_string\"}}],\"inLanguage\":\"fi\"},{\"@type\":\"Organization\",\"@id\":\"https:\\\/\\\/naturalpoland.com\\\/fi\\\/#organization\",\"name\":\"Natural Poland\",\"url\":\"https:\\\/\\\/naturalpoland.com\\\/fi\\\/\",\"logo\":{\"@type\":\"ImageObject\",\"inLanguage\":\"fi\",\"@id\":\"https:\\\/\\\/naturalpoland.com\\\/fi\\\/#\\\/schema\\\/logo\\\/image\\\/\",\"url\":\"https:\\\/\\\/naturalpoland.com\\\/wp-content\\\/uploads\\\/2021\\\/05\\\/natural-poland-icon.png\",\"contentUrl\":\"https:\\\/\\\/naturalpoland.com\\\/wp-content\\\/uploads\\\/2021\\\/05\\\/natural-poland-icon.png\",\"width\":512,\"height\":512,\"caption\":\"Natural Poland\"},\"image\":{\"@id\":\"https:\\\/\\\/naturalpoland.com\\\/fi\\\/#\\\/schema\\\/logo\\\/image\\\/\"},\"sameAs\":[\"https:\\\/\\\/www.facebook.com\\\/naturalpoland.b2b\",\"https:\\\/\\\/pl.linkedin.com\\\/company\\\/natural-poland\",\"https:\\\/\\\/www.youtube.com\\\/channel\\\/UCgeGGkvOMahZo-xu_MSEWxg\"]}]}<\/script>\n<!-- \/ Yoast SEO plugin. -->","yoast_head_json":{"title":"Aprikoosinsiemen\u00f6ljy - NATURAL POLAND - RAAKA-AINEIDEN TUKKUJAKELIJA","description":"Aprikoosinsiemen\u00f6ljy, jolla on kosmeettisia, elintarvike- ja farmaseuttisia ominaisuuksia, sopii p\u00e4ivitt\u00e4iseen k\u00e4ytt\u00f6\u00f6n ja hoitaa ihoa, hiuksia sek\u00e4 kynsi\u00e4.","robots":{"index":"index","follow":"follow","max-snippet":"max-snippet:-1","max-image-preview":"max-image-preview:large","max-video-preview":"max-video-preview:-1"},"canonical":"https:\/\/naturalpoland.com\/fi\/tuotteet\/elintarviketeollisuuden-tuotteet\/elintarvikeoljyt\/aprikoosin-siemenoljy\/","og_locale":"fi_FI","og_type":"article","og_title":"Aprikoosinsiemen\u00f6ljy - NATURAL POLAND - RAAKA-AINEIDEN TUKKUJAKELIJA","og_description":"Aprikoosinsiemen\u00f6ljy, jolla on kosmeettisia, elintarvike- ja farmaseuttisia ominaisuuksia, sopii p\u00e4ivitt\u00e4iseen k\u00e4ytt\u00f6\u00f6n ja hoitaa ihoa, hiuksia sek\u00e4 kynsi\u00e4.","og_url":"https:\/\/naturalpoland.com\/fi\/tuotteet\/elintarviketeollisuuden-tuotteet\/elintarvikeoljyt\/aprikoosin-siemenoljy\/","og_site_name":"NATURAL POLAND - RAAKA-AINEIDEN TUKKUJAKELIJA","article_publisher":"https:\/\/www.facebook.com\/naturalpoland.b2b","article_modified_time":"2026-01-07T10:58:52+00:00","og_image":[{"width":619,"height":619,"url":"https:\/\/naturalpoland.com\/wp-content\/uploads\/olej-z-pestek-moreli.webp","type":"image\/webp"}],"schema":{"@context":"https:\/\/schema.org","@graph":[{"@type":"WebPage","@id":"https:\/\/naturalpoland.com\/fi\/tuotteet\/elintarviketeollisuuden-tuotteet\/elintarvikeoljyt\/aprikoosin-siemenoljy\/","url":"https:\/\/naturalpoland.com\/fi\/tuotteet\/elintarviketeollisuuden-tuotteet\/elintarvikeoljyt\/aprikoosin-siemenoljy\/","name":"Aprikoosinsiemen\u00f6ljy - NATURAL POLAND - RAAKA-AINEIDEN TUKKUJAKELIJA","isPartOf":{"@id":"https:\/\/naturalpoland.com\/fi\/#website"},"primaryImageOfPage":{"@id":"https:\/\/naturalpoland.com\/fi\/tuotteet\/elintarviketeollisuuden-tuotteet\/elintarvikeoljyt\/aprikoosin-siemenoljy\/#primaryimage"},"image":{"@id":"https:\/\/naturalpoland.com\/fi\/tuotteet\/elintarviketeollisuuden-tuotteet\/elintarvikeoljyt\/aprikoosin-siemenoljy\/#primaryimage"},"thumbnailUrl":"https:\/\/naturalpoland.com\/wp-content\/uploads\/olej-z-pestek-moreli.webp","datePublished":"2021-05-11T11:52:10+00:00","dateModified":"2026-01-07T10:58:52+00:00","description":"Aprikoosinsiemen\u00f6ljy, jolla on kosmeettisia, elintarvike- ja farmaseuttisia ominaisuuksia, sopii p\u00e4ivitt\u00e4iseen k\u00e4ytt\u00f6\u00f6n ja hoitaa ihoa, hiuksia sek\u00e4 kynsi\u00e4.","breadcrumb":{"@id":"https:\/\/naturalpoland.com\/fi\/tuotteet\/elintarviketeollisuuden-tuotteet\/elintarvikeoljyt\/aprikoosin-siemenoljy\/#breadcrumb"},"inLanguage":"fi","potentialAction":[{"@type":"ReadAction","target":["https:\/\/naturalpoland.com\/fi\/tuotteet\/elintarviketeollisuuden-tuotteet\/elintarvikeoljyt\/aprikoosin-siemenoljy\/"]}]},{"@type":"ImageObject","inLanguage":"fi","@id":"https:\/\/naturalpoland.com\/fi\/tuotteet\/elintarviketeollisuuden-tuotteet\/elintarvikeoljyt\/aprikoosin-siemenoljy\/#primaryimage","url":"https:\/\/naturalpoland.com\/wp-content\/uploads\/olej-z-pestek-moreli.webp","contentUrl":"https:\/\/naturalpoland.com\/wp-content\/uploads\/olej-z-pestek-moreli.webp","width":619,"height":619,"caption":"aprikoosinsiemen\u00f6ljy"},{"@type":"BreadcrumbList","@id":"https:\/\/naturalpoland.com\/fi\/tuotteet\/elintarviketeollisuuden-tuotteet\/elintarvikeoljyt\/aprikoosin-siemenoljy\/#breadcrumb","itemListElement":[{"@type":"ListItem","position":1,"name":"Etusivu","item":"https:\/\/naturalpoland.com\/fi\/"},{"@type":"ListItem","position":2,"name":"Tuotteet","item":"https:\/\/naturalpoland.com\/fi\/tuotteet\/"},{"@type":"ListItem","position":3,"name":"Aprikoosinsiemen\u00f6ljy"}]},{"@type":"WebSite","@id":"https:\/\/naturalpoland.com\/fi\/#website","url":"https:\/\/naturalpoland.com\/fi\/","name":"NATURAL POLAND - RAAKA-AINEIDEN TUKKUJAKELIJA","description":"Surowce dla przemys\u0142u spo\u017cywczego, kosmetycznego i farmaceutycznego","publisher":{"@id":"https:\/\/naturalpoland.com\/fi\/#organization"},"potentialAction":[{"@type":"SearchAction","target":{"@type":"EntryPoint","urlTemplate":"https:\/\/naturalpoland.com\/fi\/?s={search_term_string}"},"query-input":{"@type":"PropertyValueSpecification","valueRequired":true,"valueName":"search_term_string"}}],"inLanguage":"fi"},{"@type":"Organization","@id":"https:\/\/naturalpoland.com\/fi\/#organization","name":"Natural Poland","url":"https:\/\/naturalpoland.com\/fi\/","logo":{"@type":"ImageObject","inLanguage":"fi","@id":"https:\/\/naturalpoland.com\/fi\/#\/schema\/logo\/image\/","url":"https:\/\/naturalpoland.com\/wp-content\/uploads\/2021\/05\/natural-poland-icon.png","contentUrl":"https:\/\/naturalpoland.com\/wp-content\/uploads\/2021\/05\/natural-poland-icon.png","width":512,"height":512,"caption":"Natural Poland"},"image":{"@id":"https:\/\/naturalpoland.com\/fi\/#\/schema\/logo\/image\/"},"sameAs":["https:\/\/www.facebook.com\/naturalpoland.b2b","https:\/\/pl.linkedin.com\/company\/natural-poland","https:\/\/www.youtube.com\/channel\/UCgeGGkvOMahZo-xu_MSEWxg"]}]}},"_links":{"self":[{"href":"https:\/\/naturalpoland.com\/fi\/wp-json\/wp\/v2\/product\/9075","targetHints":{"allow":["GET"]}}],"collection":[{"href":"https:\/\/naturalpoland.com\/fi\/wp-json\/wp\/v2\/product"}],"about":[{"href":"https:\/\/naturalpoland.com\/fi\/wp-json\/wp\/v2\/types\/product"}],"wp:featuredmedia":[{"embeddable":true,"href":"https:\/\/naturalpoland.com\/fi\/wp-json\/wp\/v2\/media\/36007"}],"wp:attachment":[{"href":"https:\/\/naturalpoland.com\/fi\/wp-json\/wp\/v2\/media?parent=9075"}],"wp:term":[{"taxonomy":"product_brand","embeddable":true,"href":"https:\/\/naturalpoland.com\/fi\/wp-json\/wp\/v2\/product_brand?post=9075"},{"taxonomy":"product_cat","embeddable":true,"href":"https:\/\/naturalpoland.com\/fi\/wp-json\/wp\/v2\/product_cat?post=9075"},{"taxonomy":"product_tag","embeddable":true,"href":"https:\/\/naturalpoland.com\/fi\/wp-json\/wp\/v2\/product_tag?post=9075"}],"curies":[{"name":"wp","href":"https:\/\/api.w.org\/{rel}","templated":true}]}}