{"id":9085,"date":"2021-05-11T13:52:32","date_gmt":"2021-09-10T13:27:50","guid":{"rendered":"https:\/\/naturalpoland.pl\/produkty\/Ei-luokiteltu\/mono-tiare-oljy\/"},"modified":"2025-04-24T16:49:23","modified_gmt":"2025-04-24T14:49:23","slug":"oljy-monoi-tiare","status":"publish","type":"product","link":"https:\/\/naturalpoland.com\/fi\/tuotteet\/kosmetiikkateollisuuden-tuotteet\/kosmeettiset-oljyt\/oljy-monoi-tiare\/","title":{"rendered":"Monoi-\u00f6ljy Tahitilta"},"content":{"rendered":"<p>Tarjoamamme Monoi from Tahiti -\u00f6ljy on lis\u00e4ksi rikastettu luonnollisella tokoferolilla (<strong><a href=\"https:\/\/naturalpoland.com\/fi\/tuotteet\/laaketeollisuuden-tuotteet\/vitamiinit\/e-vitamiini\/\">E-vitamiini<\/a><\/strong>) ja tuoksukoostumuksella, joka antaa sille pitk\u00e4kestoisen, eksoottisen ja aistikkaan tuoksun. Se on l\u00e4pikuultavaa, \u00f6ljym\u00e4ist\u00e4 nestett\u00e4, jonka v\u00e4ri vaihtelee vaaleankeltaisesta meripihkanv\u00e4riseen, ja siin\u00e4 on selke\u00e4, ominainen aromi. Se erottuu korkealla saippuoitumisindeksill\u00e4 (252 mg KOH\/g), alhaisella hapettumisasteella (0,2 meq O\u2082\/kg) ja liev\u00e4ll\u00e4 happamuudella (1,5 mg KOH\/g).  <\/p>\n<h2 data-start=\"910\" data-end=\"940\">Ominaisuudet ja sovellukset<\/h2>\n<p class=\"\" data-start=\"942\" data-end=\"1793\">Monoi de Tahiti on tunnettu ravitsevista, suojaavista ja uudistavista ominaisuuksistaan. Se toimii intensiivisen\u00e4 <strong>pehment\u00e4v\u00e4n\u00e4 aineena<\/strong>, joka pehment\u00e4\u00e4 ja silottaa ihoa ja hiuksia ja muodostaa niiden pinnalle herk\u00e4n peitt\u00e4v\u00e4n kerroksen, joka suojaa kosteuden menetykselt\u00e4. E-vitamiinipitoisuutensa ansiosta sill\u00e4 on antioksidanttisia ominaisuuksia, se tukee ihon luonnollista hydrolipidibarrieria ja hidastaa ik\u00e4\u00e4ntymisen merkkej\u00e4. <strong>Gardeniauute<\/strong> lis\u00e4\u00e4 rauhoittavia ominaisuuksia, joten se on ihanteellinen kuivalle, herk\u00e4lle ja \u00e4rtyneelle iholle.  <\/p>\n<p class=\"\" data-start=\"942\" data-end=\"1793\">Tuotetta k\u00e4ytet\u00e4\u00e4n ylellisten voiteiden, hieronta\u00f6ljyjen, hiusnaamioiden, vartalovoiteiden sek\u00e4 aurinkovoiteiden ja after sun -kosmetiikan valmistukseen. Se antaa koostumuksille ainutlaatuisen, eksoottisen luonteen. Tuote on tarkoitettu vain kosmeettiseen k\u00e4ytt\u00f6\u00f6n.  <\/p>\n<p>&nbsp;<\/p>\n","protected":false},"excerpt":{"rendered":"<p><strong>Mono-tiare \u00f6ljy<\/strong> on saatu Tahitian gardeniasta. T\u00e4t\u00e4 \u00f6ljy\u00e4 kutsutaan usein polynesialaiseksi ja se tulee Tahitin saarelta. T\u00e4m\u00e4 \u00f6ljy on usein lis\u00e4tty kylpy\u00f6ljyihin, auringon j\u00e4lkeisiin valmisteisiin sek\u00e4 hiusnaamioihin ja hoitoaineisiin.<\/p>\n","protected":false},"featured_media":40939,"template":"","meta":{"_acf_changed":false},"product_brand":[],"product_cat":[542],"product_tag":[],"class_list":{"0":"post-9085","1":"product","2":"type-product","3":"status-publish","4":"has-post-thumbnail","6":"product_cat-kosmeettiset-oljyt","7":"pa_grupa-substancji-pehmentavat-aineet","9":"first","10":"instock","11":"shipping-taxable","12":"product-type-simple"},"acf":[],"yoast_head":"<!-- This site is optimized with the Yoast SEO plugin v27.6 - https:\/\/yoast.com\/product\/yoast-seo-wordpress\/ -->\n<title>Monoi-\u00f6ljy Tahitilta - Tukkudistribuutio<\/title>\n<meta name=\"description\" content=\"Tahitilta per\u00e4isin oleva monoi-\u00f6ljy on tunnettu poikkeuksellisen ravitsevista, suojaavista ja uudistavista ominaisuuksistaan. Se toimii intensiivisen\u00e4 pehment\u00e4j\u00e4n\u00e4 - pehment\u00e4\u00e4 ja silottaa.\" \/>\n<meta name=\"robots\" content=\"index, follow, max-snippet:-1, max-image-preview:large, max-video-preview:-1\" \/>\n<link rel=\"canonical\" href=\"https:\/\/naturalpoland.com\/fi\/tuotteet\/kosmetiikkateollisuuden-tuotteet\/kosmeettiset-oljyt\/oljy-monoi-tiare\/\" \/>\n<meta property=\"og:locale\" content=\"fi_FI\" \/>\n<meta property=\"og:type\" content=\"article\" \/>\n<meta property=\"og:title\" content=\"Monoi-\u00f6ljy Tahitilta - Tukkudistribuutio\" \/>\n<meta property=\"og:description\" content=\"Tahitilta per\u00e4isin oleva monoi-\u00f6ljy on tunnettu poikkeuksellisen ravitsevista, suojaavista ja uudistavista ominaisuuksistaan. Se toimii intensiivisen\u00e4 pehment\u00e4j\u00e4n\u00e4 - pehment\u00e4\u00e4 ja silottaa.\" \/>\n<meta property=\"og:url\" content=\"https:\/\/naturalpoland.com\/fi\/tuotteet\/kosmetiikkateollisuuden-tuotteet\/kosmeettiset-oljyt\/oljy-monoi-tiare\/\" \/>\n<meta property=\"og:site_name\" content=\"NATURAL POLAND - RAAKA-AINEIDEN TUKKUJAKELIJA\" \/>\n<meta property=\"article:publisher\" content=\"https:\/\/www.facebook.com\/naturalpoland.b2b\" \/>\n<meta property=\"article:modified_time\" content=\"2025-04-24T14:49:23+00:00\" \/>\n<meta property=\"og:image\" content=\"https:\/\/naturalpoland.com\/wp-content\/uploads\/olejek-monoi-z-tahiti.webp\" \/>\n\t<meta property=\"og:image:width\" content=\"1024\" \/>\n\t<meta property=\"og:image:height\" content=\"1024\" \/>\n\t<meta property=\"og:image:type\" content=\"image\/webp\" \/>\n<script type=\"application\/ld+json\" class=\"yoast-schema-graph\">{\"@context\":\"https:\\\/\\\/schema.org\",\"@graph\":[{\"@type\":\"WebPage\",\"@id\":\"https:\\\/\\\/naturalpoland.com\\\/fi\\\/tuotteet\\\/kosmetiikkateollisuuden-tuotteet\\\/kosmeettiset-oljyt\\\/oljy-monoi-tiare\\\/\",\"url\":\"https:\\\/\\\/naturalpoland.com\\\/fi\\\/tuotteet\\\/kosmetiikkateollisuuden-tuotteet\\\/kosmeettiset-oljyt\\\/oljy-monoi-tiare\\\/\",\"name\":\"Monoi-\u00f6ljy Tahitilta - Tukkudistribuutio\",\"isPartOf\":{\"@id\":\"https:\\\/\\\/naturalpoland.com\\\/fi\\\/#website\"},\"primaryImageOfPage\":{\"@id\":\"https:\\\/\\\/naturalpoland.com\\\/fi\\\/tuotteet\\\/kosmetiikkateollisuuden-tuotteet\\\/kosmeettiset-oljyt\\\/oljy-monoi-tiare\\\/#primaryimage\"},\"image\":{\"@id\":\"https:\\\/\\\/naturalpoland.com\\\/fi\\\/tuotteet\\\/kosmetiikkateollisuuden-tuotteet\\\/kosmeettiset-oljyt\\\/oljy-monoi-tiare\\\/#primaryimage\"},\"thumbnailUrl\":\"https:\\\/\\\/naturalpoland.com\\\/wp-content\\\/uploads\\\/olejek-monoi-z-tahiti.webp\",\"datePublished\":\"2021-09-10T13:27:50+00:00\",\"dateModified\":\"2025-04-24T14:49:23+00:00\",\"description\":\"Tahitilta per\u00e4isin oleva monoi-\u00f6ljy on tunnettu poikkeuksellisen ravitsevista, suojaavista ja uudistavista ominaisuuksistaan. Se toimii intensiivisen\u00e4 pehment\u00e4j\u00e4n\u00e4 - pehment\u00e4\u00e4 ja silottaa.\",\"breadcrumb\":{\"@id\":\"https:\\\/\\\/naturalpoland.com\\\/fi\\\/tuotteet\\\/kosmetiikkateollisuuden-tuotteet\\\/kosmeettiset-oljyt\\\/oljy-monoi-tiare\\\/#breadcrumb\"},\"inLanguage\":\"fi\",\"potentialAction\":[{\"@type\":\"ReadAction\",\"target\":[\"https:\\\/\\\/naturalpoland.com\\\/fi\\\/tuotteet\\\/kosmetiikkateollisuuden-tuotteet\\\/kosmeettiset-oljyt\\\/oljy-monoi-tiare\\\/\"]}]},{\"@type\":\"ImageObject\",\"inLanguage\":\"fi\",\"@id\":\"https:\\\/\\\/naturalpoland.com\\\/fi\\\/tuotteet\\\/kosmetiikkateollisuuden-tuotteet\\\/kosmeettiset-oljyt\\\/oljy-monoi-tiare\\\/#primaryimage\",\"url\":\"https:\\\/\\\/naturalpoland.com\\\/wp-content\\\/uploads\\\/olejek-monoi-z-tahiti.webp\",\"contentUrl\":\"https:\\\/\\\/naturalpoland.com\\\/wp-content\\\/uploads\\\/olejek-monoi-z-tahiti.webp\",\"width\":1024,\"height\":1024,\"caption\":\"Olejek Monoi z Tahiti\"},{\"@type\":\"BreadcrumbList\",\"@id\":\"https:\\\/\\\/naturalpoland.com\\\/fi\\\/tuotteet\\\/kosmetiikkateollisuuden-tuotteet\\\/kosmeettiset-oljyt\\\/oljy-monoi-tiare\\\/#breadcrumb\",\"itemListElement\":[{\"@type\":\"ListItem\",\"position\":1,\"name\":\"Etusivu\",\"item\":\"https:\\\/\\\/naturalpoland.com\\\/fi\\\/\"},{\"@type\":\"ListItem\",\"position\":2,\"name\":\"Tuotteet\",\"item\":\"https:\\\/\\\/naturalpoland.com\\\/fi\\\/tuotteet\\\/\"},{\"@type\":\"ListItem\",\"position\":3,\"name\":\"Monoi-\u00f6ljy Tahitilta\"}]},{\"@type\":\"WebSite\",\"@id\":\"https:\\\/\\\/naturalpoland.com\\\/fi\\\/#website\",\"url\":\"https:\\\/\\\/naturalpoland.com\\\/fi\\\/\",\"name\":\"NATURAL POLAND - RAAKA-AINEIDEN TUKKUJAKELIJA\",\"description\":\"Surowce dla przemys\u0142u spo\u017cywczego, kosmetycznego i farmaceutycznego\",\"publisher\":{\"@id\":\"https:\\\/\\\/naturalpoland.com\\\/fi\\\/#organization\"},\"potentialAction\":[{\"@type\":\"SearchAction\",\"target\":{\"@type\":\"EntryPoint\",\"urlTemplate\":\"https:\\\/\\\/naturalpoland.com\\\/fi\\\/?s={search_term_string}\"},\"query-input\":{\"@type\":\"PropertyValueSpecification\",\"valueRequired\":true,\"valueName\":\"search_term_string\"}}],\"inLanguage\":\"fi\"},{\"@type\":\"Organization\",\"@id\":\"https:\\\/\\\/naturalpoland.com\\\/fi\\\/#organization\",\"name\":\"Natural Poland\",\"url\":\"https:\\\/\\\/naturalpoland.com\\\/fi\\\/\",\"logo\":{\"@type\":\"ImageObject\",\"inLanguage\":\"fi\",\"@id\":\"https:\\\/\\\/naturalpoland.com\\\/fi\\\/#\\\/schema\\\/logo\\\/image\\\/\",\"url\":\"https:\\\/\\\/naturalpoland.com\\\/wp-content\\\/uploads\\\/2021\\\/05\\\/natural-poland-icon.png\",\"contentUrl\":\"https:\\\/\\\/naturalpoland.com\\\/wp-content\\\/uploads\\\/2021\\\/05\\\/natural-poland-icon.png\",\"width\":512,\"height\":512,\"caption\":\"Natural Poland\"},\"image\":{\"@id\":\"https:\\\/\\\/naturalpoland.com\\\/fi\\\/#\\\/schema\\\/logo\\\/image\\\/\"},\"sameAs\":[\"https:\\\/\\\/www.facebook.com\\\/naturalpoland.b2b\",\"https:\\\/\\\/pl.linkedin.com\\\/company\\\/natural-poland\",\"https:\\\/\\\/www.youtube.com\\\/channel\\\/UCgeGGkvOMahZo-xu_MSEWxg\"]}]}<\/script>\n<!-- \/ Yoast SEO plugin. -->","yoast_head_json":{"title":"Monoi-\u00f6ljy Tahitilta - Tukkudistribuutio","description":"Tahitilta per\u00e4isin oleva monoi-\u00f6ljy on tunnettu poikkeuksellisen ravitsevista, suojaavista ja uudistavista ominaisuuksistaan. Se toimii intensiivisen\u00e4 pehment\u00e4j\u00e4n\u00e4 - pehment\u00e4\u00e4 ja silottaa.","robots":{"index":"index","follow":"follow","max-snippet":"max-snippet:-1","max-image-preview":"max-image-preview:large","max-video-preview":"max-video-preview:-1"},"canonical":"https:\/\/naturalpoland.com\/fi\/tuotteet\/kosmetiikkateollisuuden-tuotteet\/kosmeettiset-oljyt\/oljy-monoi-tiare\/","og_locale":"fi_FI","og_type":"article","og_title":"Monoi-\u00f6ljy Tahitilta - Tukkudistribuutio","og_description":"Tahitilta per\u00e4isin oleva monoi-\u00f6ljy on tunnettu poikkeuksellisen ravitsevista, suojaavista ja uudistavista ominaisuuksistaan. Se toimii intensiivisen\u00e4 pehment\u00e4j\u00e4n\u00e4 - pehment\u00e4\u00e4 ja silottaa.","og_url":"https:\/\/naturalpoland.com\/fi\/tuotteet\/kosmetiikkateollisuuden-tuotteet\/kosmeettiset-oljyt\/oljy-monoi-tiare\/","og_site_name":"NATURAL POLAND - RAAKA-AINEIDEN TUKKUJAKELIJA","article_publisher":"https:\/\/www.facebook.com\/naturalpoland.b2b","article_modified_time":"2025-04-24T14:49:23+00:00","og_image":[{"width":1024,"height":1024,"url":"https:\/\/naturalpoland.com\/wp-content\/uploads\/olejek-monoi-z-tahiti.webp","type":"image\/webp"}],"schema":{"@context":"https:\/\/schema.org","@graph":[{"@type":"WebPage","@id":"https:\/\/naturalpoland.com\/fi\/tuotteet\/kosmetiikkateollisuuden-tuotteet\/kosmeettiset-oljyt\/oljy-monoi-tiare\/","url":"https:\/\/naturalpoland.com\/fi\/tuotteet\/kosmetiikkateollisuuden-tuotteet\/kosmeettiset-oljyt\/oljy-monoi-tiare\/","name":"Monoi-\u00f6ljy Tahitilta - Tukkudistribuutio","isPartOf":{"@id":"https:\/\/naturalpoland.com\/fi\/#website"},"primaryImageOfPage":{"@id":"https:\/\/naturalpoland.com\/fi\/tuotteet\/kosmetiikkateollisuuden-tuotteet\/kosmeettiset-oljyt\/oljy-monoi-tiare\/#primaryimage"},"image":{"@id":"https:\/\/naturalpoland.com\/fi\/tuotteet\/kosmetiikkateollisuuden-tuotteet\/kosmeettiset-oljyt\/oljy-monoi-tiare\/#primaryimage"},"thumbnailUrl":"https:\/\/naturalpoland.com\/wp-content\/uploads\/olejek-monoi-z-tahiti.webp","datePublished":"2021-09-10T13:27:50+00:00","dateModified":"2025-04-24T14:49:23+00:00","description":"Tahitilta per\u00e4isin oleva monoi-\u00f6ljy on tunnettu poikkeuksellisen ravitsevista, suojaavista ja uudistavista ominaisuuksistaan. Se toimii intensiivisen\u00e4 pehment\u00e4j\u00e4n\u00e4 - pehment\u00e4\u00e4 ja silottaa.","breadcrumb":{"@id":"https:\/\/naturalpoland.com\/fi\/tuotteet\/kosmetiikkateollisuuden-tuotteet\/kosmeettiset-oljyt\/oljy-monoi-tiare\/#breadcrumb"},"inLanguage":"fi","potentialAction":[{"@type":"ReadAction","target":["https:\/\/naturalpoland.com\/fi\/tuotteet\/kosmetiikkateollisuuden-tuotteet\/kosmeettiset-oljyt\/oljy-monoi-tiare\/"]}]},{"@type":"ImageObject","inLanguage":"fi","@id":"https:\/\/naturalpoland.com\/fi\/tuotteet\/kosmetiikkateollisuuden-tuotteet\/kosmeettiset-oljyt\/oljy-monoi-tiare\/#primaryimage","url":"https:\/\/naturalpoland.com\/wp-content\/uploads\/olejek-monoi-z-tahiti.webp","contentUrl":"https:\/\/naturalpoland.com\/wp-content\/uploads\/olejek-monoi-z-tahiti.webp","width":1024,"height":1024,"caption":"Olejek Monoi z Tahiti"},{"@type":"BreadcrumbList","@id":"https:\/\/naturalpoland.com\/fi\/tuotteet\/kosmetiikkateollisuuden-tuotteet\/kosmeettiset-oljyt\/oljy-monoi-tiare\/#breadcrumb","itemListElement":[{"@type":"ListItem","position":1,"name":"Etusivu","item":"https:\/\/naturalpoland.com\/fi\/"},{"@type":"ListItem","position":2,"name":"Tuotteet","item":"https:\/\/naturalpoland.com\/fi\/tuotteet\/"},{"@type":"ListItem","position":3,"name":"Monoi-\u00f6ljy Tahitilta"}]},{"@type":"WebSite","@id":"https:\/\/naturalpoland.com\/fi\/#website","url":"https:\/\/naturalpoland.com\/fi\/","name":"NATURAL POLAND - RAAKA-AINEIDEN TUKKUJAKELIJA","description":"Surowce dla przemys\u0142u spo\u017cywczego, kosmetycznego i farmaceutycznego","publisher":{"@id":"https:\/\/naturalpoland.com\/fi\/#organization"},"potentialAction":[{"@type":"SearchAction","target":{"@type":"EntryPoint","urlTemplate":"https:\/\/naturalpoland.com\/fi\/?s={search_term_string}"},"query-input":{"@type":"PropertyValueSpecification","valueRequired":true,"valueName":"search_term_string"}}],"inLanguage":"fi"},{"@type":"Organization","@id":"https:\/\/naturalpoland.com\/fi\/#organization","name":"Natural Poland","url":"https:\/\/naturalpoland.com\/fi\/","logo":{"@type":"ImageObject","inLanguage":"fi","@id":"https:\/\/naturalpoland.com\/fi\/#\/schema\/logo\/image\/","url":"https:\/\/naturalpoland.com\/wp-content\/uploads\/2021\/05\/natural-poland-icon.png","contentUrl":"https:\/\/naturalpoland.com\/wp-content\/uploads\/2021\/05\/natural-poland-icon.png","width":512,"height":512,"caption":"Natural Poland"},"image":{"@id":"https:\/\/naturalpoland.com\/fi\/#\/schema\/logo\/image\/"},"sameAs":["https:\/\/www.facebook.com\/naturalpoland.b2b","https:\/\/pl.linkedin.com\/company\/natural-poland","https:\/\/www.youtube.com\/channel\/UCgeGGkvOMahZo-xu_MSEWxg"]}]}},"_links":{"self":[{"href":"https:\/\/naturalpoland.com\/fi\/wp-json\/wp\/v2\/product\/9085","targetHints":{"allow":["GET"]}}],"collection":[{"href":"https:\/\/naturalpoland.com\/fi\/wp-json\/wp\/v2\/product"}],"about":[{"href":"https:\/\/naturalpoland.com\/fi\/wp-json\/wp\/v2\/types\/product"}],"wp:featuredmedia":[{"embeddable":true,"href":"https:\/\/naturalpoland.com\/fi\/wp-json\/wp\/v2\/media\/40939"}],"wp:attachment":[{"href":"https:\/\/naturalpoland.com\/fi\/wp-json\/wp\/v2\/media?parent=9085"}],"wp:term":[{"taxonomy":"product_brand","embeddable":true,"href":"https:\/\/naturalpoland.com\/fi\/wp-json\/wp\/v2\/product_brand?post=9085"},{"taxonomy":"product_cat","embeddable":true,"href":"https:\/\/naturalpoland.com\/fi\/wp-json\/wp\/v2\/product_cat?post=9085"},{"taxonomy":"product_tag","embeddable":true,"href":"https:\/\/naturalpoland.com\/fi\/wp-json\/wp\/v2\/product_tag?post=9085"}],"curies":[{"name":"wp","href":"https:\/\/api.w.org\/{rel}","templated":true}]}}