{"id":9107,"date":"2021-05-11T13:56:37","date_gmt":"2021-09-10T13:28:08","guid":{"rendered":"https:\/\/naturalpoland.pl\/produkty\/Ei-luokiteltu\/kuivattuja-punaisia-ruusun-teralehtia\/"},"modified":"2021-09-10T15:28:08","modified_gmt":"2021-09-10T13:28:08","slug":"kuivatut-punaiset-ruusun-teralehdet","status":"publish","type":"product","link":"https:\/\/naturalpoland.com\/fi\/tuotteet\/elintarviketeollisuuden-tuotteet\/raaka-aineet-tuotantoon\/kuivatut-punaiset-ruusun-teralehdet\/","title":{"rendered":"Kuivattuja punaisia ruusun ter\u00e4lehti\u00e4"},"content":{"rendered":"<p>Hoitoty\u00f6:<br \/>\nKuivatuilla ruusun ter\u00e4lehdill\u00e4 on my\u00f6s hoitava vaikutus. Ensinn\u00e4kin ne palauttavat ihon oikean pH: n ja normalisoivat sen. Ne stimuloivat kollageenin tuotantoa ja niill\u00e4 on rentouttava vaikutus. Ne t\u00e4ydent\u00e4v\u00e4t t\u00e4ydellisesti rentouttavia kylpyj\u00e4 poikkeuksellisen raskaan p\u00e4iv\u00e4n j\u00e4lkeen. Ruusun ter\u00e4lehdet voivat my\u00f6s kosteuttaa ja tasoittaa ihoa.<\/p>\n","protected":false},"excerpt":{"rendered":"<p><strong>Kuivattuja punaisia ruusun ter\u00e4lehti\u00e4<\/strong> on p\u00e4\u00e4asiassa koristeellisia toimintoja. Niit\u00e4 k\u00e4ytet\u00e4\u00e4n esteettisen\u00e4 lis\u00e4yksen\u00e4 glyseriinisaippuoille, kylpypalloille ja jauheille ja harvemmin huuhteluille ja infuusioille. Ruusun ter\u00e4lehdill\u00e4 on selke\u00e4 tuoksu ja voimakas v\u00e4ri. Ruusun tuoksu rauhoittaa, rauhoittaa ja tuo romanttisen ilmapiirin kaikkiin tilanteisiin.<\/p>\n","protected":false},"featured_media":9110,"template":"","meta":{"_acf_changed":false},"product_brand":[],"product_cat":[547],"product_tag":[],"class_list":{"0":"post-9107","1":"product","2":"type-product","3":"status-publish","4":"has-post-thumbnail","6":"product_cat-raaka-aineet-tuotantoon","8":"first","9":"instock","10":"shipping-taxable","11":"product-type-simple"},"acf":[],"yoast_head":"<!-- This site is optimized with the Yoast SEO plugin v27.4 - https:\/\/yoast.com\/product\/yoast-seo-wordpress\/ -->\n<title>Kuivattuja punaisia ruusun ter\u00e4lehti\u00e4 - Tukkudistribuutio<\/title>\n<meta name=\"robots\" content=\"index, follow, max-snippet:-1, max-image-preview:large, max-video-preview:-1\" \/>\n<link rel=\"canonical\" href=\"https:\/\/naturalpoland.com\/fi\/tuotteet\/elintarviketeollisuuden-tuotteet\/raaka-aineet-tuotantoon\/kuivatut-punaiset-ruusun-teralehdet\/\" \/>\n<meta property=\"og:locale\" content=\"fi_FI\" \/>\n<meta property=\"og:type\" content=\"article\" \/>\n<meta property=\"og:title\" content=\"Kuivattuja punaisia ruusun ter\u00e4lehti\u00e4 - Tukkudistribuutio\" \/>\n<meta property=\"og:description\" content=\"Kuivattuja punaisia ruusun ter\u00e4lehti\u00e4 on p\u00e4\u00e4asiassa koristeellisia toimintoja. Niit\u00e4 k\u00e4ytet\u00e4\u00e4n esteettisen\u00e4 lis\u00e4yksen\u00e4 glyseriinisaippuoille, kylpypalloille ja jauheille ja harvemmin huuhteluille ja infuusioille. Ruusun ter\u00e4lehdill\u00e4 on selke\u00e4 tuoksu ja voimakas v\u00e4ri. Ruusun tuoksu rauhoittaa, rauhoittaa ja tuo romanttisen ilmapiirin kaikkiin tilanteisiin.\" \/>\n<meta property=\"og:url\" content=\"https:\/\/naturalpoland.com\/fi\/tuotteet\/elintarviketeollisuuden-tuotteet\/raaka-aineet-tuotantoon\/kuivatut-punaiset-ruusun-teralehdet\/\" \/>\n<meta property=\"og:site_name\" content=\"NATURAL POLAND - RAAKA-AINEIDEN TUKKUJAKELIJA\" \/>\n<meta property=\"article:publisher\" content=\"https:\/\/www.facebook.com\/naturalpoland.b2b\" \/>\n<meta property=\"og:image\" content=\"https:\/\/naturalpoland.com\/wp-content\/uploads\/2021\/05\/dried-red-rose-petals.jpg\" \/>\n\t<meta property=\"og:image:width\" content=\"1023\" \/>\n\t<meta property=\"og:image:height\" content=\"1041\" \/>\n\t<meta property=\"og:image:type\" content=\"image\/jpeg\" \/>\n<script type=\"application\/ld+json\" class=\"yoast-schema-graph\">{\"@context\":\"https:\\\/\\\/schema.org\",\"@graph\":[{\"@type\":\"WebPage\",\"@id\":\"https:\\\/\\\/naturalpoland.com\\\/fi\\\/tuotteet\\\/elintarviketeollisuuden-tuotteet\\\/raaka-aineet-tuotantoon\\\/kuivatut-punaiset-ruusun-teralehdet\\\/\",\"url\":\"https:\\\/\\\/naturalpoland.com\\\/fi\\\/tuotteet\\\/elintarviketeollisuuden-tuotteet\\\/raaka-aineet-tuotantoon\\\/kuivatut-punaiset-ruusun-teralehdet\\\/\",\"name\":\"Kuivattuja punaisia ruusun ter\u00e4lehti\u00e4 - Tukkudistribuutio\",\"isPartOf\":{\"@id\":\"https:\\\/\\\/naturalpoland.com\\\/fi\\\/#website\"},\"primaryImageOfPage\":{\"@id\":\"https:\\\/\\\/naturalpoland.com\\\/fi\\\/tuotteet\\\/elintarviketeollisuuden-tuotteet\\\/raaka-aineet-tuotantoon\\\/kuivatut-punaiset-ruusun-teralehdet\\\/#primaryimage\"},\"image\":{\"@id\":\"https:\\\/\\\/naturalpoland.com\\\/fi\\\/tuotteet\\\/elintarviketeollisuuden-tuotteet\\\/raaka-aineet-tuotantoon\\\/kuivatut-punaiset-ruusun-teralehdet\\\/#primaryimage\"},\"thumbnailUrl\":\"https:\\\/\\\/naturalpoland.com\\\/wp-content\\\/uploads\\\/2021\\\/05\\\/dried-red-rose-petals.jpg\",\"datePublished\":\"2021-09-10T13:28:08+00:00\",\"breadcrumb\":{\"@id\":\"https:\\\/\\\/naturalpoland.com\\\/fi\\\/tuotteet\\\/elintarviketeollisuuden-tuotteet\\\/raaka-aineet-tuotantoon\\\/kuivatut-punaiset-ruusun-teralehdet\\\/#breadcrumb\"},\"inLanguage\":\"fi\",\"potentialAction\":[{\"@type\":\"ReadAction\",\"target\":[\"https:\\\/\\\/naturalpoland.com\\\/fi\\\/tuotteet\\\/elintarviketeollisuuden-tuotteet\\\/raaka-aineet-tuotantoon\\\/kuivatut-punaiset-ruusun-teralehdet\\\/\"]}]},{\"@type\":\"ImageObject\",\"inLanguage\":\"fi\",\"@id\":\"https:\\\/\\\/naturalpoland.com\\\/fi\\\/tuotteet\\\/elintarviketeollisuuden-tuotteet\\\/raaka-aineet-tuotantoon\\\/kuivatut-punaiset-ruusun-teralehdet\\\/#primaryimage\",\"url\":\"https:\\\/\\\/naturalpoland.com\\\/wp-content\\\/uploads\\\/2021\\\/05\\\/dried-red-rose-petals.jpg\",\"contentUrl\":\"https:\\\/\\\/naturalpoland.com\\\/wp-content\\\/uploads\\\/2021\\\/05\\\/dried-red-rose-petals.jpg\",\"width\":1023,\"height\":1041},{\"@type\":\"BreadcrumbList\",\"@id\":\"https:\\\/\\\/naturalpoland.com\\\/fi\\\/tuotteet\\\/elintarviketeollisuuden-tuotteet\\\/raaka-aineet-tuotantoon\\\/kuivatut-punaiset-ruusun-teralehdet\\\/#breadcrumb\",\"itemListElement\":[{\"@type\":\"ListItem\",\"position\":1,\"name\":\"Etusivu\",\"item\":\"https:\\\/\\\/naturalpoland.com\\\/fi\\\/\"},{\"@type\":\"ListItem\",\"position\":2,\"name\":\"Tuotteet\",\"item\":\"https:\\\/\\\/naturalpoland.com\\\/fi\\\/tuotteet\\\/\"},{\"@type\":\"ListItem\",\"position\":3,\"name\":\"Kuivattuja punaisia ruusun ter\u00e4lehti\u00e4\"}]},{\"@type\":\"WebSite\",\"@id\":\"https:\\\/\\\/naturalpoland.com\\\/fi\\\/#website\",\"url\":\"https:\\\/\\\/naturalpoland.com\\\/fi\\\/\",\"name\":\"NATURAL POLAND - RAAKA-AINEIDEN TUKKUJAKELIJA\",\"description\":\"Surowce dla przemys\u0142u spo\u017cywczego, kosmetycznego i farmaceutycznego\",\"publisher\":{\"@id\":\"https:\\\/\\\/naturalpoland.com\\\/fi\\\/#organization\"},\"potentialAction\":[{\"@type\":\"SearchAction\",\"target\":{\"@type\":\"EntryPoint\",\"urlTemplate\":\"https:\\\/\\\/naturalpoland.com\\\/fi\\\/?s={search_term_string}\"},\"query-input\":{\"@type\":\"PropertyValueSpecification\",\"valueRequired\":true,\"valueName\":\"search_term_string\"}}],\"inLanguage\":\"fi\"},{\"@type\":\"Organization\",\"@id\":\"https:\\\/\\\/naturalpoland.com\\\/fi\\\/#organization\",\"name\":\"Natural Poland\",\"url\":\"https:\\\/\\\/naturalpoland.com\\\/fi\\\/\",\"logo\":{\"@type\":\"ImageObject\",\"inLanguage\":\"fi\",\"@id\":\"https:\\\/\\\/naturalpoland.com\\\/fi\\\/#\\\/schema\\\/logo\\\/image\\\/\",\"url\":\"https:\\\/\\\/naturalpoland.com\\\/wp-content\\\/uploads\\\/2021\\\/05\\\/natural-poland-icon.png\",\"contentUrl\":\"https:\\\/\\\/naturalpoland.com\\\/wp-content\\\/uploads\\\/2021\\\/05\\\/natural-poland-icon.png\",\"width\":512,\"height\":512,\"caption\":\"Natural Poland\"},\"image\":{\"@id\":\"https:\\\/\\\/naturalpoland.com\\\/fi\\\/#\\\/schema\\\/logo\\\/image\\\/\"},\"sameAs\":[\"https:\\\/\\\/www.facebook.com\\\/naturalpoland.b2b\",\"https:\\\/\\\/pl.linkedin.com\\\/company\\\/natural-poland\",\"https:\\\/\\\/www.youtube.com\\\/channel\\\/UCgeGGkvOMahZo-xu_MSEWxg\"]}]}<\/script>\n<!-- \/ Yoast SEO plugin. -->","yoast_head_json":{"title":"Kuivattuja punaisia ruusun ter\u00e4lehti\u00e4 - Tukkudistribuutio","robots":{"index":"index","follow":"follow","max-snippet":"max-snippet:-1","max-image-preview":"max-image-preview:large","max-video-preview":"max-video-preview:-1"},"canonical":"https:\/\/naturalpoland.com\/fi\/tuotteet\/elintarviketeollisuuden-tuotteet\/raaka-aineet-tuotantoon\/kuivatut-punaiset-ruusun-teralehdet\/","og_locale":"fi_FI","og_type":"article","og_title":"Kuivattuja punaisia ruusun ter\u00e4lehti\u00e4 - Tukkudistribuutio","og_description":"Kuivattuja punaisia ruusun ter\u00e4lehti\u00e4 on p\u00e4\u00e4asiassa koristeellisia toimintoja. Niit\u00e4 k\u00e4ytet\u00e4\u00e4n esteettisen\u00e4 lis\u00e4yksen\u00e4 glyseriinisaippuoille, kylpypalloille ja jauheille ja harvemmin huuhteluille ja infuusioille. Ruusun ter\u00e4lehdill\u00e4 on selke\u00e4 tuoksu ja voimakas v\u00e4ri. Ruusun tuoksu rauhoittaa, rauhoittaa ja tuo romanttisen ilmapiirin kaikkiin tilanteisiin.","og_url":"https:\/\/naturalpoland.com\/fi\/tuotteet\/elintarviketeollisuuden-tuotteet\/raaka-aineet-tuotantoon\/kuivatut-punaiset-ruusun-teralehdet\/","og_site_name":"NATURAL POLAND - RAAKA-AINEIDEN TUKKUJAKELIJA","article_publisher":"https:\/\/www.facebook.com\/naturalpoland.b2b","og_image":[{"width":1023,"height":1041,"url":"https:\/\/naturalpoland.com\/wp-content\/uploads\/2021\/05\/dried-red-rose-petals.jpg","type":"image\/jpeg"}],"schema":{"@context":"https:\/\/schema.org","@graph":[{"@type":"WebPage","@id":"https:\/\/naturalpoland.com\/fi\/tuotteet\/elintarviketeollisuuden-tuotteet\/raaka-aineet-tuotantoon\/kuivatut-punaiset-ruusun-teralehdet\/","url":"https:\/\/naturalpoland.com\/fi\/tuotteet\/elintarviketeollisuuden-tuotteet\/raaka-aineet-tuotantoon\/kuivatut-punaiset-ruusun-teralehdet\/","name":"Kuivattuja punaisia ruusun ter\u00e4lehti\u00e4 - Tukkudistribuutio","isPartOf":{"@id":"https:\/\/naturalpoland.com\/fi\/#website"},"primaryImageOfPage":{"@id":"https:\/\/naturalpoland.com\/fi\/tuotteet\/elintarviketeollisuuden-tuotteet\/raaka-aineet-tuotantoon\/kuivatut-punaiset-ruusun-teralehdet\/#primaryimage"},"image":{"@id":"https:\/\/naturalpoland.com\/fi\/tuotteet\/elintarviketeollisuuden-tuotteet\/raaka-aineet-tuotantoon\/kuivatut-punaiset-ruusun-teralehdet\/#primaryimage"},"thumbnailUrl":"https:\/\/naturalpoland.com\/wp-content\/uploads\/2021\/05\/dried-red-rose-petals.jpg","datePublished":"2021-09-10T13:28:08+00:00","breadcrumb":{"@id":"https:\/\/naturalpoland.com\/fi\/tuotteet\/elintarviketeollisuuden-tuotteet\/raaka-aineet-tuotantoon\/kuivatut-punaiset-ruusun-teralehdet\/#breadcrumb"},"inLanguage":"fi","potentialAction":[{"@type":"ReadAction","target":["https:\/\/naturalpoland.com\/fi\/tuotteet\/elintarviketeollisuuden-tuotteet\/raaka-aineet-tuotantoon\/kuivatut-punaiset-ruusun-teralehdet\/"]}]},{"@type":"ImageObject","inLanguage":"fi","@id":"https:\/\/naturalpoland.com\/fi\/tuotteet\/elintarviketeollisuuden-tuotteet\/raaka-aineet-tuotantoon\/kuivatut-punaiset-ruusun-teralehdet\/#primaryimage","url":"https:\/\/naturalpoland.com\/wp-content\/uploads\/2021\/05\/dried-red-rose-petals.jpg","contentUrl":"https:\/\/naturalpoland.com\/wp-content\/uploads\/2021\/05\/dried-red-rose-petals.jpg","width":1023,"height":1041},{"@type":"BreadcrumbList","@id":"https:\/\/naturalpoland.com\/fi\/tuotteet\/elintarviketeollisuuden-tuotteet\/raaka-aineet-tuotantoon\/kuivatut-punaiset-ruusun-teralehdet\/#breadcrumb","itemListElement":[{"@type":"ListItem","position":1,"name":"Etusivu","item":"https:\/\/naturalpoland.com\/fi\/"},{"@type":"ListItem","position":2,"name":"Tuotteet","item":"https:\/\/naturalpoland.com\/fi\/tuotteet\/"},{"@type":"ListItem","position":3,"name":"Kuivattuja punaisia ruusun ter\u00e4lehti\u00e4"}]},{"@type":"WebSite","@id":"https:\/\/naturalpoland.com\/fi\/#website","url":"https:\/\/naturalpoland.com\/fi\/","name":"NATURAL POLAND - RAAKA-AINEIDEN TUKKUJAKELIJA","description":"Surowce dla przemys\u0142u spo\u017cywczego, kosmetycznego i farmaceutycznego","publisher":{"@id":"https:\/\/naturalpoland.com\/fi\/#organization"},"potentialAction":[{"@type":"SearchAction","target":{"@type":"EntryPoint","urlTemplate":"https:\/\/naturalpoland.com\/fi\/?s={search_term_string}"},"query-input":{"@type":"PropertyValueSpecification","valueRequired":true,"valueName":"search_term_string"}}],"inLanguage":"fi"},{"@type":"Organization","@id":"https:\/\/naturalpoland.com\/fi\/#organization","name":"Natural Poland","url":"https:\/\/naturalpoland.com\/fi\/","logo":{"@type":"ImageObject","inLanguage":"fi","@id":"https:\/\/naturalpoland.com\/fi\/#\/schema\/logo\/image\/","url":"https:\/\/naturalpoland.com\/wp-content\/uploads\/2021\/05\/natural-poland-icon.png","contentUrl":"https:\/\/naturalpoland.com\/wp-content\/uploads\/2021\/05\/natural-poland-icon.png","width":512,"height":512,"caption":"Natural Poland"},"image":{"@id":"https:\/\/naturalpoland.com\/fi\/#\/schema\/logo\/image\/"},"sameAs":["https:\/\/www.facebook.com\/naturalpoland.b2b","https:\/\/pl.linkedin.com\/company\/natural-poland","https:\/\/www.youtube.com\/channel\/UCgeGGkvOMahZo-xu_MSEWxg"]}]}},"_links":{"self":[{"href":"https:\/\/naturalpoland.com\/fi\/wp-json\/wp\/v2\/product\/9107","targetHints":{"allow":["GET"]}}],"collection":[{"href":"https:\/\/naturalpoland.com\/fi\/wp-json\/wp\/v2\/product"}],"about":[{"href":"https:\/\/naturalpoland.com\/fi\/wp-json\/wp\/v2\/types\/product"}],"wp:featuredmedia":[{"embeddable":true,"href":"https:\/\/naturalpoland.com\/fi\/wp-json\/wp\/v2\/media\/9110"}],"wp:attachment":[{"href":"https:\/\/naturalpoland.com\/fi\/wp-json\/wp\/v2\/media?parent=9107"}],"wp:term":[{"taxonomy":"product_brand","embeddable":true,"href":"https:\/\/naturalpoland.com\/fi\/wp-json\/wp\/v2\/product_brand?post=9107"},{"taxonomy":"product_cat","embeddable":true,"href":"https:\/\/naturalpoland.com\/fi\/wp-json\/wp\/v2\/product_cat?post=9107"},{"taxonomy":"product_tag","embeddable":true,"href":"https:\/\/naturalpoland.com\/fi\/wp-json\/wp\/v2\/product_tag?post=9107"}],"curies":[{"name":"wp","href":"https:\/\/api.w.org\/{rel}","templated":true}]}}