{"id":9126,"date":"2021-05-11T13:56:59","date_gmt":"2021-09-10T13:28:17","guid":{"rendered":"https:\/\/naturalpoland.pl\/produkty\/Ei-luokiteltu\/kuivattu-lehmukukka\/"},"modified":"2025-06-26T10:54:17","modified_gmt":"2025-06-26T08:54:17","slug":"kuivattu-lehmus-kukka","status":"publish","type":"product","link":"https:\/\/naturalpoland.com\/fi\/tuotteet\/elintarviketeollisuuden-tuotteet\/raaka-aineet-tuotantoon\/kuivattu-lehmus-kukka\/","title":{"rendered":"Kuivattu lehmukukka"},"content":{"rendered":"<p>Kuivatut limenkukat saadaan luonnonvaraisista, <strong>pienilehtisist\u00e4 limenpuista<\/strong><em>(Tilia cordata<\/em>), joiden kukinnot poimitaan k\u00e4sin, kun ne ovat t\u00e4ydess\u00e4 kukassa &#8211; kes\u00e4-hein\u00e4kuussa. Sen j\u00e4lkeen ne kuivataan luonnollisesti ja murskataan varovasti, jotta bioaktiiviset ainesosat s\u00e4ilyv\u00e4t mahdollisimman hyvin. Limettikukalle on ominaista hennon makea maku ja erityinen, mieto tuoksu, ja se on v\u00e4rilt\u00e4\u00e4n vaalean kellanvihre\u00e4.  <\/p>\n<p data-start=\"762\" data-end=\"1304\">Flavonoidien (v\u00e4hint\u00e4\u00e4n 0,7 prosenttia kversetiinin\u00e4 ilmaistuna), kasvin lima-aineiden, eteeristen \u00f6ljyjen ja kversetiinin runsauden ansiosta lehmuksen kukkaa k\u00e4ytet\u00e4\u00e4n laajalti sek\u00e4 kotiteoksissa ett\u00e4 yrtti- ja kosmetiikkateollisuudessa. Lehmuksen infuusio vaikuttaa tulehdusta lievent\u00e4v\u00e4sti, rauhoittaa kurkun ja suun tulehduksia, edist\u00e4\u00e4 vastustuskyky\u00e4 ja helpottaa nukahtamista. Lehmuskylvyt tuovat rentoutumista ja rauhoittumista stressaavan p\u00e4iv\u00e4n j\u00e4lkeen. Kversetiinin antiallergiset ominaisuudet auttavat lis\u00e4ksi lievitt\u00e4m\u00e4\u00e4n allergiaoireita ja iho\u00e4rsytyst\u00e4.   <\/p>\n<p data-start=\"1306\" data-end=\"1779\">Tarkan valinnan ja laadunvalvonnan ansiosta kuivattu kalkkikukka t\u00e4ytt\u00e4\u00e4 tiukat turvallisuusvaatimukset: ei orgaanisia tai mineraalisia ep\u00e4puhtauksia (alle 0,5 % ja 0,3 %), kosteuspitoisuus alle 11 % ja tuhkapitoisuus alle 9 %. Tuote ei sis\u00e4ll\u00e4 mikrobiologisia ep\u00e4puhtauksia, alkaloideja, tuholaisia eik\u00e4 punkkeja. Se on pakattu paperipusseihin, varastoitu kuivassa tilassa 5-25 \u00b0C:n l\u00e4mp\u00f6tilassa, suojattu valolta ja vieraalta hajulta.  <\/p>\n","protected":false},"excerpt":{"rendered":"<p><strong data-start=\"251\" data-end=\"273\">Kuivattu limenkukka<\/strong> on huolellisesti uutettu kasviper\u00e4inen raaka-aine, joka on tunnettu sukupolvien ajan rauhoittavista ominaisuuksistaan.<\/p>\n","protected":false},"featured_media":41650,"template":"","meta":[],"product_brand":[],"product_cat":[547],"product_tag":[],"class_list":{"0":"post-9126","1":"product","2":"type-product","3":"status-publish","4":"has-post-thumbnail","6":"product_cat-raaka-aineet-tuotantoon","8":"first","9":"instock","10":"shipping-taxable","11":"product-type-simple"},"yoast_head":"<!-- This site is optimized with the Yoast SEO plugin v27.3 - https:\/\/yoast.com\/product\/yoast-seo-wordpress\/ -->\n<title>Kuivattu lehmukukka - Tukkudistribuutio<\/title>\n<meta name=\"description\" content=\"Kuivatulle lehmuskukalle on ominaista yksitt\u00e4iset syd\u00e4menmuotoiset lehdet. Siit\u00e4 voidaan tehd\u00e4 infuusio, joka auttaa suun tulehdukseen.\" \/>\n<meta name=\"robots\" content=\"index, follow, max-snippet:-1, max-image-preview:large, max-video-preview:-1\" \/>\n<link rel=\"canonical\" href=\"https:\/\/naturalpoland.com\/fi\/tuotteet\/elintarviketeollisuuden-tuotteet\/raaka-aineet-tuotantoon\/kuivattu-lehmus-kukka\/\" \/>\n<meta property=\"og:locale\" content=\"fi_FI\" \/>\n<meta property=\"og:type\" content=\"article\" \/>\n<meta property=\"og:title\" content=\"Kuivattu lehmukukka - Tukkudistribuutio\" \/>\n<meta property=\"og:description\" content=\"Kuivatulle lehmuskukalle on ominaista yksitt\u00e4iset syd\u00e4menmuotoiset lehdet. Siit\u00e4 voidaan tehd\u00e4 infuusio, joka auttaa suun tulehdukseen.\" \/>\n<meta property=\"og:url\" content=\"https:\/\/naturalpoland.com\/fi\/tuotteet\/elintarviketeollisuuden-tuotteet\/raaka-aineet-tuotantoon\/kuivattu-lehmus-kukka\/\" \/>\n<meta property=\"og:site_name\" content=\"NATURAL POLAND - RAAKA-AINEIDEN TUKKUJAKELIJA\" \/>\n<meta property=\"article:publisher\" content=\"https:\/\/www.facebook.com\/naturalpoland.b2b\" \/>\n<meta property=\"article:modified_time\" content=\"2025-06-26T08:54:17+00:00\" \/>\n<meta property=\"og:image\" content=\"https:\/\/naturalpoland.com\/wp-content\/uploads\/suszony-kwiat-lipy.webp\" \/>\n\t<meta property=\"og:image:width\" content=\"1024\" \/>\n\t<meta property=\"og:image:height\" content=\"1024\" \/>\n\t<meta property=\"og:image:type\" content=\"image\/webp\" \/>\n<script type=\"application\/ld+json\" class=\"yoast-schema-graph\">{\"@context\":\"https:\\\/\\\/schema.org\",\"@graph\":[{\"@type\":\"WebPage\",\"@id\":\"https:\\\/\\\/naturalpoland.com\\\/fi\\\/tuotteet\\\/elintarviketeollisuuden-tuotteet\\\/raaka-aineet-tuotantoon\\\/kuivattu-lehmus-kukka\\\/\",\"url\":\"https:\\\/\\\/naturalpoland.com\\\/fi\\\/tuotteet\\\/elintarviketeollisuuden-tuotteet\\\/raaka-aineet-tuotantoon\\\/kuivattu-lehmus-kukka\\\/\",\"name\":\"Kuivattu lehmukukka - Tukkudistribuutio\",\"isPartOf\":{\"@id\":\"https:\\\/\\\/naturalpoland.com\\\/fi\\\/#website\"},\"primaryImageOfPage\":{\"@id\":\"https:\\\/\\\/naturalpoland.com\\\/fi\\\/tuotteet\\\/elintarviketeollisuuden-tuotteet\\\/raaka-aineet-tuotantoon\\\/kuivattu-lehmus-kukka\\\/#primaryimage\"},\"image\":{\"@id\":\"https:\\\/\\\/naturalpoland.com\\\/fi\\\/tuotteet\\\/elintarviketeollisuuden-tuotteet\\\/raaka-aineet-tuotantoon\\\/kuivattu-lehmus-kukka\\\/#primaryimage\"},\"thumbnailUrl\":\"https:\\\/\\\/naturalpoland.com\\\/wp-content\\\/uploads\\\/suszony-kwiat-lipy.webp\",\"datePublished\":\"2021-09-10T13:28:17+00:00\",\"dateModified\":\"2025-06-26T08:54:17+00:00\",\"description\":\"Kuivatulle lehmuskukalle on ominaista yksitt\u00e4iset syd\u00e4menmuotoiset lehdet. Siit\u00e4 voidaan tehd\u00e4 infuusio, joka auttaa suun tulehdukseen.\",\"breadcrumb\":{\"@id\":\"https:\\\/\\\/naturalpoland.com\\\/fi\\\/tuotteet\\\/elintarviketeollisuuden-tuotteet\\\/raaka-aineet-tuotantoon\\\/kuivattu-lehmus-kukka\\\/#breadcrumb\"},\"inLanguage\":\"fi\",\"potentialAction\":[{\"@type\":\"ReadAction\",\"target\":[\"https:\\\/\\\/naturalpoland.com\\\/fi\\\/tuotteet\\\/elintarviketeollisuuden-tuotteet\\\/raaka-aineet-tuotantoon\\\/kuivattu-lehmus-kukka\\\/\"]}]},{\"@type\":\"ImageObject\",\"inLanguage\":\"fi\",\"@id\":\"https:\\\/\\\/naturalpoland.com\\\/fi\\\/tuotteet\\\/elintarviketeollisuuden-tuotteet\\\/raaka-aineet-tuotantoon\\\/kuivattu-lehmus-kukka\\\/#primaryimage\",\"url\":\"https:\\\/\\\/naturalpoland.com\\\/wp-content\\\/uploads\\\/suszony-kwiat-lipy.webp\",\"contentUrl\":\"https:\\\/\\\/naturalpoland.com\\\/wp-content\\\/uploads\\\/suszony-kwiat-lipy.webp\",\"width\":1024,\"height\":1024,\"caption\":\"suszony kwiat lipy\"},{\"@type\":\"BreadcrumbList\",\"@id\":\"https:\\\/\\\/naturalpoland.com\\\/fi\\\/tuotteet\\\/elintarviketeollisuuden-tuotteet\\\/raaka-aineet-tuotantoon\\\/kuivattu-lehmus-kukka\\\/#breadcrumb\",\"itemListElement\":[{\"@type\":\"ListItem\",\"position\":1,\"name\":\"Etusivu\",\"item\":\"https:\\\/\\\/naturalpoland.com\\\/fi\\\/\"},{\"@type\":\"ListItem\",\"position\":2,\"name\":\"Tuotteet\",\"item\":\"https:\\\/\\\/naturalpoland.com\\\/fi\\\/tuotteet\\\/\"},{\"@type\":\"ListItem\",\"position\":3,\"name\":\"Kuivattu lehmukukka\"}]},{\"@type\":\"WebSite\",\"@id\":\"https:\\\/\\\/naturalpoland.com\\\/fi\\\/#website\",\"url\":\"https:\\\/\\\/naturalpoland.com\\\/fi\\\/\",\"name\":\"NATURAL POLAND - RAAKA-AINEIDEN TUKKUJAKELIJA\",\"description\":\"Surowce dla przemys\u0142u spo\u017cywczego, kosmetycznego i farmaceutycznego\",\"publisher\":{\"@id\":\"https:\\\/\\\/naturalpoland.com\\\/fi\\\/#organization\"},\"potentialAction\":[{\"@type\":\"SearchAction\",\"target\":{\"@type\":\"EntryPoint\",\"urlTemplate\":\"https:\\\/\\\/naturalpoland.com\\\/fi\\\/?s={search_term_string}\"},\"query-input\":{\"@type\":\"PropertyValueSpecification\",\"valueRequired\":true,\"valueName\":\"search_term_string\"}}],\"inLanguage\":\"fi\"},{\"@type\":\"Organization\",\"@id\":\"https:\\\/\\\/naturalpoland.com\\\/fi\\\/#organization\",\"name\":\"Natural Poland\",\"url\":\"https:\\\/\\\/naturalpoland.com\\\/fi\\\/\",\"logo\":{\"@type\":\"ImageObject\",\"inLanguage\":\"fi\",\"@id\":\"https:\\\/\\\/naturalpoland.com\\\/fi\\\/#\\\/schema\\\/logo\\\/image\\\/\",\"url\":\"https:\\\/\\\/naturalpoland.com\\\/wp-content\\\/uploads\\\/2021\\\/05\\\/natural-poland-icon.png\",\"contentUrl\":\"https:\\\/\\\/naturalpoland.com\\\/wp-content\\\/uploads\\\/2021\\\/05\\\/natural-poland-icon.png\",\"width\":512,\"height\":512,\"caption\":\"Natural Poland\"},\"image\":{\"@id\":\"https:\\\/\\\/naturalpoland.com\\\/fi\\\/#\\\/schema\\\/logo\\\/image\\\/\"},\"sameAs\":[\"https:\\\/\\\/www.facebook.com\\\/naturalpoland.b2b\",\"https:\\\/\\\/pl.linkedin.com\\\/company\\\/natural-poland\",\"https:\\\/\\\/www.youtube.com\\\/channel\\\/UCgeGGkvOMahZo-xu_MSEWxg\"]}]}<\/script>\n<!-- \/ Yoast SEO plugin. -->","yoast_head_json":{"title":"Kuivattu lehmukukka - Tukkudistribuutio","description":"Kuivatulle lehmuskukalle on ominaista yksitt\u00e4iset syd\u00e4menmuotoiset lehdet. Siit\u00e4 voidaan tehd\u00e4 infuusio, joka auttaa suun tulehdukseen.","robots":{"index":"index","follow":"follow","max-snippet":"max-snippet:-1","max-image-preview":"max-image-preview:large","max-video-preview":"max-video-preview:-1"},"canonical":"https:\/\/naturalpoland.com\/fi\/tuotteet\/elintarviketeollisuuden-tuotteet\/raaka-aineet-tuotantoon\/kuivattu-lehmus-kukka\/","og_locale":"fi_FI","og_type":"article","og_title":"Kuivattu lehmukukka - Tukkudistribuutio","og_description":"Kuivatulle lehmuskukalle on ominaista yksitt\u00e4iset syd\u00e4menmuotoiset lehdet. Siit\u00e4 voidaan tehd\u00e4 infuusio, joka auttaa suun tulehdukseen.","og_url":"https:\/\/naturalpoland.com\/fi\/tuotteet\/elintarviketeollisuuden-tuotteet\/raaka-aineet-tuotantoon\/kuivattu-lehmus-kukka\/","og_site_name":"NATURAL POLAND - RAAKA-AINEIDEN TUKKUJAKELIJA","article_publisher":"https:\/\/www.facebook.com\/naturalpoland.b2b","article_modified_time":"2025-06-26T08:54:17+00:00","og_image":[{"width":1024,"height":1024,"url":"https:\/\/naturalpoland.com\/wp-content\/uploads\/suszony-kwiat-lipy.webp","type":"image\/webp"}],"schema":{"@context":"https:\/\/schema.org","@graph":[{"@type":"WebPage","@id":"https:\/\/naturalpoland.com\/fi\/tuotteet\/elintarviketeollisuuden-tuotteet\/raaka-aineet-tuotantoon\/kuivattu-lehmus-kukka\/","url":"https:\/\/naturalpoland.com\/fi\/tuotteet\/elintarviketeollisuuden-tuotteet\/raaka-aineet-tuotantoon\/kuivattu-lehmus-kukka\/","name":"Kuivattu lehmukukka - Tukkudistribuutio","isPartOf":{"@id":"https:\/\/naturalpoland.com\/fi\/#website"},"primaryImageOfPage":{"@id":"https:\/\/naturalpoland.com\/fi\/tuotteet\/elintarviketeollisuuden-tuotteet\/raaka-aineet-tuotantoon\/kuivattu-lehmus-kukka\/#primaryimage"},"image":{"@id":"https:\/\/naturalpoland.com\/fi\/tuotteet\/elintarviketeollisuuden-tuotteet\/raaka-aineet-tuotantoon\/kuivattu-lehmus-kukka\/#primaryimage"},"thumbnailUrl":"https:\/\/naturalpoland.com\/wp-content\/uploads\/suszony-kwiat-lipy.webp","datePublished":"2021-09-10T13:28:17+00:00","dateModified":"2025-06-26T08:54:17+00:00","description":"Kuivatulle lehmuskukalle on ominaista yksitt\u00e4iset syd\u00e4menmuotoiset lehdet. Siit\u00e4 voidaan tehd\u00e4 infuusio, joka auttaa suun tulehdukseen.","breadcrumb":{"@id":"https:\/\/naturalpoland.com\/fi\/tuotteet\/elintarviketeollisuuden-tuotteet\/raaka-aineet-tuotantoon\/kuivattu-lehmus-kukka\/#breadcrumb"},"inLanguage":"fi","potentialAction":[{"@type":"ReadAction","target":["https:\/\/naturalpoland.com\/fi\/tuotteet\/elintarviketeollisuuden-tuotteet\/raaka-aineet-tuotantoon\/kuivattu-lehmus-kukka\/"]}]},{"@type":"ImageObject","inLanguage":"fi","@id":"https:\/\/naturalpoland.com\/fi\/tuotteet\/elintarviketeollisuuden-tuotteet\/raaka-aineet-tuotantoon\/kuivattu-lehmus-kukka\/#primaryimage","url":"https:\/\/naturalpoland.com\/wp-content\/uploads\/suszony-kwiat-lipy.webp","contentUrl":"https:\/\/naturalpoland.com\/wp-content\/uploads\/suszony-kwiat-lipy.webp","width":1024,"height":1024,"caption":"suszony kwiat lipy"},{"@type":"BreadcrumbList","@id":"https:\/\/naturalpoland.com\/fi\/tuotteet\/elintarviketeollisuuden-tuotteet\/raaka-aineet-tuotantoon\/kuivattu-lehmus-kukka\/#breadcrumb","itemListElement":[{"@type":"ListItem","position":1,"name":"Etusivu","item":"https:\/\/naturalpoland.com\/fi\/"},{"@type":"ListItem","position":2,"name":"Tuotteet","item":"https:\/\/naturalpoland.com\/fi\/tuotteet\/"},{"@type":"ListItem","position":3,"name":"Kuivattu lehmukukka"}]},{"@type":"WebSite","@id":"https:\/\/naturalpoland.com\/fi\/#website","url":"https:\/\/naturalpoland.com\/fi\/","name":"NATURAL POLAND - RAAKA-AINEIDEN TUKKUJAKELIJA","description":"Surowce dla przemys\u0142u spo\u017cywczego, kosmetycznego i farmaceutycznego","publisher":{"@id":"https:\/\/naturalpoland.com\/fi\/#organization"},"potentialAction":[{"@type":"SearchAction","target":{"@type":"EntryPoint","urlTemplate":"https:\/\/naturalpoland.com\/fi\/?s={search_term_string}"},"query-input":{"@type":"PropertyValueSpecification","valueRequired":true,"valueName":"search_term_string"}}],"inLanguage":"fi"},{"@type":"Organization","@id":"https:\/\/naturalpoland.com\/fi\/#organization","name":"Natural Poland","url":"https:\/\/naturalpoland.com\/fi\/","logo":{"@type":"ImageObject","inLanguage":"fi","@id":"https:\/\/naturalpoland.com\/fi\/#\/schema\/logo\/image\/","url":"https:\/\/naturalpoland.com\/wp-content\/uploads\/2021\/05\/natural-poland-icon.png","contentUrl":"https:\/\/naturalpoland.com\/wp-content\/uploads\/2021\/05\/natural-poland-icon.png","width":512,"height":512,"caption":"Natural Poland"},"image":{"@id":"https:\/\/naturalpoland.com\/fi\/#\/schema\/logo\/image\/"},"sameAs":["https:\/\/www.facebook.com\/naturalpoland.b2b","https:\/\/pl.linkedin.com\/company\/natural-poland","https:\/\/www.youtube.com\/channel\/UCgeGGkvOMahZo-xu_MSEWxg"]}]}},"_links":{"self":[{"href":"https:\/\/naturalpoland.com\/fi\/wp-json\/wp\/v2\/product\/9126","targetHints":{"allow":["GET"]}}],"collection":[{"href":"https:\/\/naturalpoland.com\/fi\/wp-json\/wp\/v2\/product"}],"about":[{"href":"https:\/\/naturalpoland.com\/fi\/wp-json\/wp\/v2\/types\/product"}],"wp:featuredmedia":[{"embeddable":true,"href":"https:\/\/naturalpoland.com\/fi\/wp-json\/wp\/v2\/media\/41650"}],"wp:attachment":[{"href":"https:\/\/naturalpoland.com\/fi\/wp-json\/wp\/v2\/media?parent=9126"}],"wp:term":[{"taxonomy":"product_brand","embeddable":true,"href":"https:\/\/naturalpoland.com\/fi\/wp-json\/wp\/v2\/product_brand?post=9126"},{"taxonomy":"product_cat","embeddable":true,"href":"https:\/\/naturalpoland.com\/fi\/wp-json\/wp\/v2\/product_cat?post=9126"},{"taxonomy":"product_tag","embeddable":true,"href":"https:\/\/naturalpoland.com\/fi\/wp-json\/wp\/v2\/product_tag?post=9126"}],"curies":[{"name":"wp","href":"https:\/\/api.w.org\/{rel}","templated":true}]}}