{"id":9147,"date":"2021-05-11T13:58:32","date_gmt":"2021-09-10T13:28:33","guid":{"rendered":"https:\/\/naturalpoland.pl\/produkty\/Ei-luokiteltu\/mustikkauute-kiinalainen\/"},"modified":"2021-09-10T15:28:33","modified_gmt":"2021-09-10T13:28:33","slug":"musta-mustikka-uute-kiinalainen-alkupera","status":"publish","type":"product","link":"https:\/\/naturalpoland.com\/fi\/tuotteet\/kasviuutteet\/musta-mustikka-uute-kiinalainen-alkupera\/","title":{"rendered":"Mustikkauute (kiinalainen)"},"content":{"rendered":"<p>Mustikkauutetta k\u00e4ytet\u00e4\u00e4n kosmetiikassa ja ravintolisiss\u00e4, jotka on tarkoitettu aikuisille. Antosyaanit hidastavat ik\u00e4\u00e4ntymisprosessia, tekev\u00e4t ihosta joustavamman ja parantavat sen ulkon\u00e4k\u00f6\u00e4. Ne voivat edist\u00e4\u00e4 olemassa olevien ryppyjen muodostumista ja v\u00e4hent\u00e4\u00e4 uusien ryppyjen muodostumista.<\/p>\n<p>Mustikka sis\u00e4lt\u00e4\u00e4 my\u00f6s runsaasti C -vitamiinia, jolla on positiivinen vaikutus kehon vastustuskykyyn. Mustikkauutetta voidaan k\u00e4ytt\u00e4\u00e4 my\u00f6s ehk\u00e4isem\u00e4\u00e4n diabetekseen liittyvi\u00e4 komplikaatioita.<\/p>\n","protected":false},"excerpt":{"rendered":"<p>Mustikkauute (kiinalainen) on eritt\u00e4in voimakas antioksidantti. Se on ilmeist\u00e4 &#8211; koska tummat mustikat sis\u00e4lt\u00e4v\u00e4t eritt\u00e4in paljon antosyaaneja, jotka eiv\u00e4t ole vain v\u00e4riaineita vaan my\u00f6s kykenev\u00e4t taistelemaan vapaita radikaaleja vastaan.<\/p>\n","protected":false},"featured_media":9150,"template":"","meta":[],"product_brand":[],"product_cat":[528],"product_tag":[],"class_list":{"0":"post-9147","1":"product","2":"type-product","3":"status-publish","4":"has-post-thumbnail","6":"product_cat-kasviuutteet","7":"pa_certyfikaty-halal-fi","8":"pa_certyfikaty-kosher-sertifikaatti","10":"first","11":"instock","12":"shipping-taxable","13":"product-type-simple"},"yoast_head":"<!-- This site is optimized with the Yoast SEO plugin v27.4 - https:\/\/yoast.com\/product\/yoast-seo-wordpress\/ -->\n<title>Mustikkauute (kiinalainen) - Tukkudistribuutio<\/title>\n<meta name=\"robots\" content=\"index, follow, max-snippet:-1, max-image-preview:large, max-video-preview:-1\" \/>\n<link rel=\"canonical\" href=\"https:\/\/naturalpoland.com\/fi\/tuotteet\/kasviuutteet\/musta-mustikka-uute-kiinalainen-alkupera\/\" \/>\n<meta property=\"og:locale\" content=\"fi_FI\" \/>\n<meta property=\"og:type\" content=\"article\" \/>\n<meta property=\"og:title\" content=\"Mustikkauute (kiinalainen) - Tukkudistribuutio\" \/>\n<meta property=\"og:description\" content=\"Mustikkauute (kiinalainen) on eritt\u00e4in voimakas antioksidantti. Se on ilmeist\u00e4 - koska tummat mustikat sis\u00e4lt\u00e4v\u00e4t eritt\u00e4in paljon antosyaaneja, jotka eiv\u00e4t ole vain v\u00e4riaineita vaan my\u00f6s kykenev\u00e4t taistelemaan vapaita radikaaleja vastaan.\" \/>\n<meta property=\"og:url\" content=\"https:\/\/naturalpoland.com\/fi\/tuotteet\/kasviuutteet\/musta-mustikka-uute-kiinalainen-alkupera\/\" \/>\n<meta property=\"og:site_name\" content=\"NATURAL POLAND - RAAKA-AINEIDEN TUKKUJAKELIJA\" \/>\n<meta property=\"article:publisher\" content=\"https:\/\/www.facebook.com\/naturalpoland.b2b\" \/>\n<meta property=\"og:image\" content=\"https:\/\/naturalpoland.com\/wp-content\/uploads\/2021\/05\/bilberry-extract-of-chinese-origin.jpg\" \/>\n\t<meta property=\"og:image:width\" content=\"600\" \/>\n\t<meta property=\"og:image:height\" content=\"400\" \/>\n\t<meta property=\"og:image:type\" content=\"image\/jpeg\" \/>\n<script type=\"application\/ld+json\" class=\"yoast-schema-graph\">{\"@context\":\"https:\\\/\\\/schema.org\",\"@graph\":[{\"@type\":\"WebPage\",\"@id\":\"https:\\\/\\\/naturalpoland.com\\\/fi\\\/tuotteet\\\/kasviuutteet\\\/musta-mustikka-uute-kiinalainen-alkupera\\\/\",\"url\":\"https:\\\/\\\/naturalpoland.com\\\/fi\\\/tuotteet\\\/kasviuutteet\\\/musta-mustikka-uute-kiinalainen-alkupera\\\/\",\"name\":\"Mustikkauute (kiinalainen) - Tukkudistribuutio\",\"isPartOf\":{\"@id\":\"https:\\\/\\\/naturalpoland.com\\\/fi\\\/#website\"},\"primaryImageOfPage\":{\"@id\":\"https:\\\/\\\/naturalpoland.com\\\/fi\\\/tuotteet\\\/kasviuutteet\\\/musta-mustikka-uute-kiinalainen-alkupera\\\/#primaryimage\"},\"image\":{\"@id\":\"https:\\\/\\\/naturalpoland.com\\\/fi\\\/tuotteet\\\/kasviuutteet\\\/musta-mustikka-uute-kiinalainen-alkupera\\\/#primaryimage\"},\"thumbnailUrl\":\"https:\\\/\\\/naturalpoland.com\\\/wp-content\\\/uploads\\\/2021\\\/05\\\/bilberry-extract-of-chinese-origin.jpg\",\"datePublished\":\"2021-09-10T13:28:33+00:00\",\"breadcrumb\":{\"@id\":\"https:\\\/\\\/naturalpoland.com\\\/fi\\\/tuotteet\\\/kasviuutteet\\\/musta-mustikka-uute-kiinalainen-alkupera\\\/#breadcrumb\"},\"inLanguage\":\"fi\",\"potentialAction\":[{\"@type\":\"ReadAction\",\"target\":[\"https:\\\/\\\/naturalpoland.com\\\/fi\\\/tuotteet\\\/kasviuutteet\\\/musta-mustikka-uute-kiinalainen-alkupera\\\/\"]}]},{\"@type\":\"ImageObject\",\"inLanguage\":\"fi\",\"@id\":\"https:\\\/\\\/naturalpoland.com\\\/fi\\\/tuotteet\\\/kasviuutteet\\\/musta-mustikka-uute-kiinalainen-alkupera\\\/#primaryimage\",\"url\":\"https:\\\/\\\/naturalpoland.com\\\/wp-content\\\/uploads\\\/2021\\\/05\\\/bilberry-extract-of-chinese-origin.jpg\",\"contentUrl\":\"https:\\\/\\\/naturalpoland.com\\\/wp-content\\\/uploads\\\/2021\\\/05\\\/bilberry-extract-of-chinese-origin.jpg\",\"width\":600,\"height\":400},{\"@type\":\"BreadcrumbList\",\"@id\":\"https:\\\/\\\/naturalpoland.com\\\/fi\\\/tuotteet\\\/kasviuutteet\\\/musta-mustikka-uute-kiinalainen-alkupera\\\/#breadcrumb\",\"itemListElement\":[{\"@type\":\"ListItem\",\"position\":1,\"name\":\"Etusivu\",\"item\":\"https:\\\/\\\/naturalpoland.com\\\/fi\\\/\"},{\"@type\":\"ListItem\",\"position\":2,\"name\":\"Tuotteet\",\"item\":\"https:\\\/\\\/naturalpoland.com\\\/fi\\\/tuotteet\\\/\"},{\"@type\":\"ListItem\",\"position\":3,\"name\":\"Mustikkauute (kiinalainen)\"}]},{\"@type\":\"WebSite\",\"@id\":\"https:\\\/\\\/naturalpoland.com\\\/fi\\\/#website\",\"url\":\"https:\\\/\\\/naturalpoland.com\\\/fi\\\/\",\"name\":\"NATURAL POLAND - RAAKA-AINEIDEN TUKKUJAKELIJA\",\"description\":\"Surowce dla przemys\u0142u spo\u017cywczego, kosmetycznego i farmaceutycznego\",\"publisher\":{\"@id\":\"https:\\\/\\\/naturalpoland.com\\\/fi\\\/#organization\"},\"potentialAction\":[{\"@type\":\"SearchAction\",\"target\":{\"@type\":\"EntryPoint\",\"urlTemplate\":\"https:\\\/\\\/naturalpoland.com\\\/fi\\\/?s={search_term_string}\"},\"query-input\":{\"@type\":\"PropertyValueSpecification\",\"valueRequired\":true,\"valueName\":\"search_term_string\"}}],\"inLanguage\":\"fi\"},{\"@type\":\"Organization\",\"@id\":\"https:\\\/\\\/naturalpoland.com\\\/fi\\\/#organization\",\"name\":\"Natural Poland\",\"url\":\"https:\\\/\\\/naturalpoland.com\\\/fi\\\/\",\"logo\":{\"@type\":\"ImageObject\",\"inLanguage\":\"fi\",\"@id\":\"https:\\\/\\\/naturalpoland.com\\\/fi\\\/#\\\/schema\\\/logo\\\/image\\\/\",\"url\":\"https:\\\/\\\/naturalpoland.com\\\/wp-content\\\/uploads\\\/2021\\\/05\\\/natural-poland-icon.png\",\"contentUrl\":\"https:\\\/\\\/naturalpoland.com\\\/wp-content\\\/uploads\\\/2021\\\/05\\\/natural-poland-icon.png\",\"width\":512,\"height\":512,\"caption\":\"Natural Poland\"},\"image\":{\"@id\":\"https:\\\/\\\/naturalpoland.com\\\/fi\\\/#\\\/schema\\\/logo\\\/image\\\/\"},\"sameAs\":[\"https:\\\/\\\/www.facebook.com\\\/naturalpoland.b2b\",\"https:\\\/\\\/pl.linkedin.com\\\/company\\\/natural-poland\",\"https:\\\/\\\/www.youtube.com\\\/channel\\\/UCgeGGkvOMahZo-xu_MSEWxg\"]}]}<\/script>\n<!-- \/ Yoast SEO plugin. -->","yoast_head_json":{"title":"Mustikkauute (kiinalainen) - Tukkudistribuutio","robots":{"index":"index","follow":"follow","max-snippet":"max-snippet:-1","max-image-preview":"max-image-preview:large","max-video-preview":"max-video-preview:-1"},"canonical":"https:\/\/naturalpoland.com\/fi\/tuotteet\/kasviuutteet\/musta-mustikka-uute-kiinalainen-alkupera\/","og_locale":"fi_FI","og_type":"article","og_title":"Mustikkauute (kiinalainen) - Tukkudistribuutio","og_description":"Mustikkauute (kiinalainen) on eritt\u00e4in voimakas antioksidantti. Se on ilmeist\u00e4 - koska tummat mustikat sis\u00e4lt\u00e4v\u00e4t eritt\u00e4in paljon antosyaaneja, jotka eiv\u00e4t ole vain v\u00e4riaineita vaan my\u00f6s kykenev\u00e4t taistelemaan vapaita radikaaleja vastaan.","og_url":"https:\/\/naturalpoland.com\/fi\/tuotteet\/kasviuutteet\/musta-mustikka-uute-kiinalainen-alkupera\/","og_site_name":"NATURAL POLAND - RAAKA-AINEIDEN TUKKUJAKELIJA","article_publisher":"https:\/\/www.facebook.com\/naturalpoland.b2b","og_image":[{"width":600,"height":400,"url":"https:\/\/naturalpoland.com\/wp-content\/uploads\/2021\/05\/bilberry-extract-of-chinese-origin.jpg","type":"image\/jpeg"}],"schema":{"@context":"https:\/\/schema.org","@graph":[{"@type":"WebPage","@id":"https:\/\/naturalpoland.com\/fi\/tuotteet\/kasviuutteet\/musta-mustikka-uute-kiinalainen-alkupera\/","url":"https:\/\/naturalpoland.com\/fi\/tuotteet\/kasviuutteet\/musta-mustikka-uute-kiinalainen-alkupera\/","name":"Mustikkauute (kiinalainen) - Tukkudistribuutio","isPartOf":{"@id":"https:\/\/naturalpoland.com\/fi\/#website"},"primaryImageOfPage":{"@id":"https:\/\/naturalpoland.com\/fi\/tuotteet\/kasviuutteet\/musta-mustikka-uute-kiinalainen-alkupera\/#primaryimage"},"image":{"@id":"https:\/\/naturalpoland.com\/fi\/tuotteet\/kasviuutteet\/musta-mustikka-uute-kiinalainen-alkupera\/#primaryimage"},"thumbnailUrl":"https:\/\/naturalpoland.com\/wp-content\/uploads\/2021\/05\/bilberry-extract-of-chinese-origin.jpg","datePublished":"2021-09-10T13:28:33+00:00","breadcrumb":{"@id":"https:\/\/naturalpoland.com\/fi\/tuotteet\/kasviuutteet\/musta-mustikka-uute-kiinalainen-alkupera\/#breadcrumb"},"inLanguage":"fi","potentialAction":[{"@type":"ReadAction","target":["https:\/\/naturalpoland.com\/fi\/tuotteet\/kasviuutteet\/musta-mustikka-uute-kiinalainen-alkupera\/"]}]},{"@type":"ImageObject","inLanguage":"fi","@id":"https:\/\/naturalpoland.com\/fi\/tuotteet\/kasviuutteet\/musta-mustikka-uute-kiinalainen-alkupera\/#primaryimage","url":"https:\/\/naturalpoland.com\/wp-content\/uploads\/2021\/05\/bilberry-extract-of-chinese-origin.jpg","contentUrl":"https:\/\/naturalpoland.com\/wp-content\/uploads\/2021\/05\/bilberry-extract-of-chinese-origin.jpg","width":600,"height":400},{"@type":"BreadcrumbList","@id":"https:\/\/naturalpoland.com\/fi\/tuotteet\/kasviuutteet\/musta-mustikka-uute-kiinalainen-alkupera\/#breadcrumb","itemListElement":[{"@type":"ListItem","position":1,"name":"Etusivu","item":"https:\/\/naturalpoland.com\/fi\/"},{"@type":"ListItem","position":2,"name":"Tuotteet","item":"https:\/\/naturalpoland.com\/fi\/tuotteet\/"},{"@type":"ListItem","position":3,"name":"Mustikkauute (kiinalainen)"}]},{"@type":"WebSite","@id":"https:\/\/naturalpoland.com\/fi\/#website","url":"https:\/\/naturalpoland.com\/fi\/","name":"NATURAL POLAND - RAAKA-AINEIDEN TUKKUJAKELIJA","description":"Surowce dla przemys\u0142u spo\u017cywczego, kosmetycznego i farmaceutycznego","publisher":{"@id":"https:\/\/naturalpoland.com\/fi\/#organization"},"potentialAction":[{"@type":"SearchAction","target":{"@type":"EntryPoint","urlTemplate":"https:\/\/naturalpoland.com\/fi\/?s={search_term_string}"},"query-input":{"@type":"PropertyValueSpecification","valueRequired":true,"valueName":"search_term_string"}}],"inLanguage":"fi"},{"@type":"Organization","@id":"https:\/\/naturalpoland.com\/fi\/#organization","name":"Natural Poland","url":"https:\/\/naturalpoland.com\/fi\/","logo":{"@type":"ImageObject","inLanguage":"fi","@id":"https:\/\/naturalpoland.com\/fi\/#\/schema\/logo\/image\/","url":"https:\/\/naturalpoland.com\/wp-content\/uploads\/2021\/05\/natural-poland-icon.png","contentUrl":"https:\/\/naturalpoland.com\/wp-content\/uploads\/2021\/05\/natural-poland-icon.png","width":512,"height":512,"caption":"Natural Poland"},"image":{"@id":"https:\/\/naturalpoland.com\/fi\/#\/schema\/logo\/image\/"},"sameAs":["https:\/\/www.facebook.com\/naturalpoland.b2b","https:\/\/pl.linkedin.com\/company\/natural-poland","https:\/\/www.youtube.com\/channel\/UCgeGGkvOMahZo-xu_MSEWxg"]}]}},"_links":{"self":[{"href":"https:\/\/naturalpoland.com\/fi\/wp-json\/wp\/v2\/product\/9147","targetHints":{"allow":["GET"]}}],"collection":[{"href":"https:\/\/naturalpoland.com\/fi\/wp-json\/wp\/v2\/product"}],"about":[{"href":"https:\/\/naturalpoland.com\/fi\/wp-json\/wp\/v2\/types\/product"}],"wp:featuredmedia":[{"embeddable":true,"href":"https:\/\/naturalpoland.com\/fi\/wp-json\/wp\/v2\/media\/9150"}],"wp:attachment":[{"href":"https:\/\/naturalpoland.com\/fi\/wp-json\/wp\/v2\/media?parent=9147"}],"wp:term":[{"taxonomy":"product_brand","embeddable":true,"href":"https:\/\/naturalpoland.com\/fi\/wp-json\/wp\/v2\/product_brand?post=9147"},{"taxonomy":"product_cat","embeddable":true,"href":"https:\/\/naturalpoland.com\/fi\/wp-json\/wp\/v2\/product_cat?post=9147"},{"taxonomy":"product_tag","embeddable":true,"href":"https:\/\/naturalpoland.com\/fi\/wp-json\/wp\/v2\/product_tag?post=9147"}],"curies":[{"name":"wp","href":"https:\/\/api.w.org\/{rel}","templated":true}]}}