{"id":9180,"date":"2021-05-21T10:52:44","date_gmt":"2021-09-10T13:28:56","guid":{"rendered":"https:\/\/naturalpoland.pl\/produkty\/Ei-luokiteltu\/atselaiinihappo\/"},"modified":"2024-09-10T14:09:28","modified_gmt":"2024-09-10T12:09:28","slug":"atselaiinihappo","status":"publish","type":"product","link":"https:\/\/naturalpoland.com\/fi\/tuotteet\/kosmetiikkateollisuuden-tuotteet\/hapet\/atselaiinihappo\/","title":{"rendered":"Atselaiinihappo"},"content":{"rendered":"<p>Atselaiinihappo on rakenteeltaan yksinkertainen ja koostuu vain hiili-, vety- ja happiatomeista.<br \/>\nSit\u00e4 esiintyy luonnossa luonnostaan esimerkiksi viljoissa, kuten vehn\u00e4ss\u00e4, rukiissa ja ohrassa.<br \/>\nSit\u00e4 esiintyy luonnossa muun muassa viljoissa, kuten vehn\u00e4ss\u00e4, rukiissa ja ohrassa, ja sit\u00e4 tuottaa my\u00f6s hiiva Malassezia furfur, joka on osa ihmisen ihon luonnollista mikroflooraa.    <\/p>\n<h2>Atselaiinihapon ominaisuudet ja vaikutukset<\/h2>\n<p>  Atselaiinihappo on laajavaikutteinen ainesosa dermatologiassa ja kosmetiikassa:  <\/p>\n<ul>\n<li><strong>Anti-inflammatorinen vaikutus<\/strong> &#8211; rauhoittaa <strong>tulehtunutta<\/strong> ihoa, v\u00e4hent\u00e4\u00e4 punoitusta ja turvotusta, mik\u00e4 tekee siit\u00e4 tehokkaan ainesosan rosacean ja muiden tulehduksellisten ihosairauksien hoidossa.<br \/>\nSill\u00e4 on my\u00f6s rauhoittava vaikutus ihoon, jolla on merkkej\u00e4 hormonaalisesta aknesta, ja se v\u00e4hent\u00e4\u00e4 ep\u00e4miellytt\u00e4vi\u00e4 oireita, kuten kutinaa ja kirvely\u00e4. <\/li>\n<li><strong>Antibakteerinen vaikutus<\/strong> &#8211; est\u00e4\u00e4 anaerobisten bakteerien, kuten <em>Propionibacterium acnes<\/em>, ja aerobisten bakteerien, kuten <em>Staphylococcus epidermidis<\/em>, kasvua, jotka aiheuttavat ihotulehduksia ja akne <em>vulgaris<\/em>.<br \/>\nT\u00e4m\u00e4 v\u00e4hent\u00e4\u00e4 tehokkaasti n\u00e4ppyl\u00f6iden ja mustap\u00e4iden muodostumista. <\/li>\n<li><strong>Keratolyyttinen ja komedolyyttinen vaikutus<\/strong> &#8211; sill\u00e4 on kuorivia ominaisuuksia, jotka kuorivat kuolleita ihosoluja hell\u00e4varaisesti ja kiihdytt\u00e4v\u00e4t solujen uusiutumisprosessia.<br \/>\nSen keratolyyttinen vaikutus auttaa ehk\u00e4isem\u00e4\u00e4n huokosten tukkeutumista ja mustap\u00e4iden muodostumista sek\u00e4 normalisoi ihon keratinisaatioprosessia, mik\u00e4 v\u00e4hent\u00e4\u00e4 mustap\u00e4iden ja n\u00e4ppyl\u00f6iden m\u00e4\u00e4r\u00e4\u00e4. <\/li>\n<li><strong>Kirkastava vaikutus<\/strong> &#8211; v\u00e4hent\u00e4\u00e4 melanosyyttien aktiivisuutta est\u00e4m\u00e4ll\u00e4 tyrosinaasientsyymi\u00e4, joka on vastuussa melaniinin tuotannosta.<br \/>\nT\u00e4m\u00e4 vaalentaa tehokkaasti auringon tai hormonaalisten muutosten aiheuttamaa tulehduksen j\u00e4lkeist\u00e4 hyperpigmentaatiota ja v\u00e4hent\u00e4\u00e4 olemassa olevien pigmenttil\u00e4iskien n\u00e4kyvyytt\u00e4. <\/li>\n<li><strong>Antioksidanttivaikutus<\/strong> &#8211; Se on voimakas antioksidantti, mik\u00e4 tarkoittaa, ett\u00e4 se neutraloi vapaita radikaaleja, jotka aiheuttavat ihon ennenaikaista vanhenemista ja tulehduksia.<br \/>\nSe my\u00f6s vahvistaa ihon suojamuuria, mik\u00e4 torjuu ulkoisten tekij\u00f6iden haitallisia vaikutuksia. <\/li>\n<li><strong>Seboregulatorinen vaikutus<\/strong> &#8211; S\u00e4\u00e4telee talirauhasten talintuotantoa, ehk\u00e4isee liiallista talinerityst\u00e4 ja v\u00e4hent\u00e4\u00e4 mustap\u00e4iden riski\u00e4.<\/li>\n<\/ul>\n<h2>Atselaiinihapon k\u00e4ytt\u00f6<\/h2>\n<p>  Azelaiinihappoa k\u00e4ytet\u00e4\u00e4n laajalti dermatologiassa ja kosmetiikassa.<br \/>\nSe soveltuu monille ihotyypeille, kuten rasvaiselle iholle, akneiholle, herk\u00e4lle iholle, verisuoniper\u00e4iselle iholle ja iholle, jolla on ensimm\u00e4isi\u00e4 ik\u00e4\u00e4ntymisen merkkej\u00e4.<br \/>\nSit\u00e4 voidaan k\u00e4ytt\u00e4\u00e4 ymp\u00e4ri vuoden, koska sill\u00e4 ei ole valoherkist\u00e4vi\u00e4 ominaisuuksia.<br \/>\nSit\u00e4 k\u00e4ytet\u00e4\u00e4n aknea ehk\u00e4iseviss\u00e4, kirkastavissa ja talinerityst\u00e4 s\u00e4\u00e4televiss\u00e4 valmisteissa sek\u00e4 antioksidanttina ja tulehdusta ehk\u00e4isev\u00e4n\u00e4 aineena.<br \/>\nAzelaiinihappoa pidet\u00e4\u00e4n turvallisena ainesosana, mutta sen k\u00e4ytt\u00f6 voi aiheuttaa haittavaikutuksia, kuten kirvely\u00e4, punoitusta, kuivumista, \u00e4rsytyst\u00e4, hilseily\u00e4 tai kutinaa levityskohdassa.<br \/>\nSen k\u00e4ytt\u00f6\u00e4 ei suositella aktiivisten ihoinfektioiden yhteydess\u00e4, yliherkkyydess\u00e4 ainesosalle tai hoidon aikana A-vitamiinijohdannaisilla.     <\/p>\n","protected":false},"excerpt":{"rendered":"<p><strong>Atselaiinihappo (atselaiinihappo)<\/strong> on tyydyttyneiden dikarboksyylihappojen ryhm\u00e4\u00e4n kuuluva orgaaninen kemiallinen yhdiste, joka on tarkoitettu k\u00e4ytett\u00e4v\u00e4ksi kaikille ihotyypeille.<br \/>\nSit\u00e4 suositellaan erityisesti rosacean, eryteeman tai hyperpigmentaation hoitoon. <\/p>\n","protected":false},"featured_media":13102,"template":"","meta":{"_acf_changed":false},"product_brand":[],"product_cat":[5450],"product_tag":[],"class_list":{"0":"post-9180","1":"product","2":"type-product","3":"status-publish","4":"has-post-thumbnail","6":"product_cat-hapet","7":"pa_grupa-substancji-antioksidantit","9":"first","10":"instock","11":"shipping-taxable","12":"product-type-simple"},"acf":[],"yoast_head":"<!-- This site is optimized with the Yoast SEO plugin v27.4 - https:\/\/yoast.com\/product\/yoast-seo-wordpress\/ -->\n<title>Atselaiinihappo - NATURAL POLAND - RAAKA-AINEIDEN TUKKUJAKELIJA<\/title>\n<meta name=\"description\" content=\"Azelaiinihappo on monipuolinen ainesosa, jota k\u00e4ytet\u00e4\u00e4n monissa kosmeettisissa ja dermatologisissa valmisteissa.\" \/>\n<meta name=\"robots\" content=\"index, follow, max-snippet:-1, max-image-preview:large, max-video-preview:-1\" \/>\n<link rel=\"canonical\" href=\"https:\/\/naturalpoland.com\/fi\/tuotteet\/kosmetiikkateollisuuden-tuotteet\/hapet\/atselaiinihappo\/\" \/>\n<meta property=\"og:locale\" content=\"fi_FI\" \/>\n<meta property=\"og:type\" content=\"article\" \/>\n<meta property=\"og:title\" content=\"Atselaiinihappo - NATURAL POLAND - RAAKA-AINEIDEN TUKKUJAKELIJA\" \/>\n<meta property=\"og:description\" content=\"Azelaiinihappo on monipuolinen ainesosa, jota k\u00e4ytet\u00e4\u00e4n monissa kosmeettisissa ja dermatologisissa valmisteissa.\" \/>\n<meta property=\"og:url\" content=\"https:\/\/naturalpoland.com\/fi\/tuotteet\/kosmetiikkateollisuuden-tuotteet\/hapet\/atselaiinihappo\/\" \/>\n<meta property=\"og:site_name\" content=\"NATURAL POLAND - RAAKA-AINEIDEN TUKKUJAKELIJA\" \/>\n<meta property=\"article:publisher\" content=\"https:\/\/www.facebook.com\/naturalpoland.b2b\" \/>\n<meta property=\"article:modified_time\" content=\"2024-09-10T12:09:28+00:00\" \/>\n<meta property=\"og:image\" content=\"https:\/\/naturalpoland.com\/wp-content\/uploads\/Kwas-azelainowy.jpg\" \/>\n\t<meta property=\"og:image:width\" content=\"650\" \/>\n\t<meta property=\"og:image:height\" content=\"650\" \/>\n\t<meta property=\"og:image:type\" content=\"image\/jpeg\" \/>\n<script type=\"application\/ld+json\" class=\"yoast-schema-graph\">{\"@context\":\"https:\\\/\\\/schema.org\",\"@graph\":[{\"@type\":\"WebPage\",\"@id\":\"https:\\\/\\\/naturalpoland.com\\\/fi\\\/tuotteet\\\/kosmetiikkateollisuuden-tuotteet\\\/hapet\\\/atselaiinihappo\\\/\",\"url\":\"https:\\\/\\\/naturalpoland.com\\\/fi\\\/tuotteet\\\/kosmetiikkateollisuuden-tuotteet\\\/hapet\\\/atselaiinihappo\\\/\",\"name\":\"Atselaiinihappo - NATURAL POLAND - RAAKA-AINEIDEN TUKKUJAKELIJA\",\"isPartOf\":{\"@id\":\"https:\\\/\\\/naturalpoland.com\\\/fi\\\/#website\"},\"primaryImageOfPage\":{\"@id\":\"https:\\\/\\\/naturalpoland.com\\\/fi\\\/tuotteet\\\/kosmetiikkateollisuuden-tuotteet\\\/hapet\\\/atselaiinihappo\\\/#primaryimage\"},\"image\":{\"@id\":\"https:\\\/\\\/naturalpoland.com\\\/fi\\\/tuotteet\\\/kosmetiikkateollisuuden-tuotteet\\\/hapet\\\/atselaiinihappo\\\/#primaryimage\"},\"thumbnailUrl\":\"https:\\\/\\\/naturalpoland.com\\\/wp-content\\\/uploads\\\/Kwas-azelainowy.jpg\",\"datePublished\":\"2021-09-10T13:28:56+00:00\",\"dateModified\":\"2024-09-10T12:09:28+00:00\",\"description\":\"Azelaiinihappo on monipuolinen ainesosa, jota k\u00e4ytet\u00e4\u00e4n monissa kosmeettisissa ja dermatologisissa valmisteissa.\",\"breadcrumb\":{\"@id\":\"https:\\\/\\\/naturalpoland.com\\\/fi\\\/tuotteet\\\/kosmetiikkateollisuuden-tuotteet\\\/hapet\\\/atselaiinihappo\\\/#breadcrumb\"},\"inLanguage\":\"fi\",\"potentialAction\":[{\"@type\":\"ReadAction\",\"target\":[\"https:\\\/\\\/naturalpoland.com\\\/fi\\\/tuotteet\\\/kosmetiikkateollisuuden-tuotteet\\\/hapet\\\/atselaiinihappo\\\/\"]}]},{\"@type\":\"ImageObject\",\"inLanguage\":\"fi\",\"@id\":\"https:\\\/\\\/naturalpoland.com\\\/fi\\\/tuotteet\\\/kosmetiikkateollisuuden-tuotteet\\\/hapet\\\/atselaiinihappo\\\/#primaryimage\",\"url\":\"https:\\\/\\\/naturalpoland.com\\\/wp-content\\\/uploads\\\/Kwas-azelainowy.jpg\",\"contentUrl\":\"https:\\\/\\\/naturalpoland.com\\\/wp-content\\\/uploads\\\/Kwas-azelainowy.jpg\",\"width\":650,\"height\":650,\"caption\":\"kwas azelainowy\"},{\"@type\":\"BreadcrumbList\",\"@id\":\"https:\\\/\\\/naturalpoland.com\\\/fi\\\/tuotteet\\\/kosmetiikkateollisuuden-tuotteet\\\/hapet\\\/atselaiinihappo\\\/#breadcrumb\",\"itemListElement\":[{\"@type\":\"ListItem\",\"position\":1,\"name\":\"Etusivu\",\"item\":\"https:\\\/\\\/naturalpoland.com\\\/fi\\\/\"},{\"@type\":\"ListItem\",\"position\":2,\"name\":\"Tuotteet\",\"item\":\"https:\\\/\\\/naturalpoland.com\\\/fi\\\/tuotteet\\\/\"},{\"@type\":\"ListItem\",\"position\":3,\"name\":\"Atselaiinihappo\"}]},{\"@type\":\"WebSite\",\"@id\":\"https:\\\/\\\/naturalpoland.com\\\/fi\\\/#website\",\"url\":\"https:\\\/\\\/naturalpoland.com\\\/fi\\\/\",\"name\":\"NATURAL POLAND - RAAKA-AINEIDEN TUKKUJAKELIJA\",\"description\":\"Surowce dla przemys\u0142u spo\u017cywczego, kosmetycznego i farmaceutycznego\",\"publisher\":{\"@id\":\"https:\\\/\\\/naturalpoland.com\\\/fi\\\/#organization\"},\"potentialAction\":[{\"@type\":\"SearchAction\",\"target\":{\"@type\":\"EntryPoint\",\"urlTemplate\":\"https:\\\/\\\/naturalpoland.com\\\/fi\\\/?s={search_term_string}\"},\"query-input\":{\"@type\":\"PropertyValueSpecification\",\"valueRequired\":true,\"valueName\":\"search_term_string\"}}],\"inLanguage\":\"fi\"},{\"@type\":\"Organization\",\"@id\":\"https:\\\/\\\/naturalpoland.com\\\/fi\\\/#organization\",\"name\":\"Natural Poland\",\"url\":\"https:\\\/\\\/naturalpoland.com\\\/fi\\\/\",\"logo\":{\"@type\":\"ImageObject\",\"inLanguage\":\"fi\",\"@id\":\"https:\\\/\\\/naturalpoland.com\\\/fi\\\/#\\\/schema\\\/logo\\\/image\\\/\",\"url\":\"https:\\\/\\\/naturalpoland.com\\\/wp-content\\\/uploads\\\/2021\\\/05\\\/natural-poland-icon.png\",\"contentUrl\":\"https:\\\/\\\/naturalpoland.com\\\/wp-content\\\/uploads\\\/2021\\\/05\\\/natural-poland-icon.png\",\"width\":512,\"height\":512,\"caption\":\"Natural Poland\"},\"image\":{\"@id\":\"https:\\\/\\\/naturalpoland.com\\\/fi\\\/#\\\/schema\\\/logo\\\/image\\\/\"},\"sameAs\":[\"https:\\\/\\\/www.facebook.com\\\/naturalpoland.b2b\",\"https:\\\/\\\/pl.linkedin.com\\\/company\\\/natural-poland\",\"https:\\\/\\\/www.youtube.com\\\/channel\\\/UCgeGGkvOMahZo-xu_MSEWxg\"]}]}<\/script>\n<!-- \/ Yoast SEO plugin. -->","yoast_head_json":{"title":"Atselaiinihappo - NATURAL POLAND - RAAKA-AINEIDEN TUKKUJAKELIJA","description":"Azelaiinihappo on monipuolinen ainesosa, jota k\u00e4ytet\u00e4\u00e4n monissa kosmeettisissa ja dermatologisissa valmisteissa.","robots":{"index":"index","follow":"follow","max-snippet":"max-snippet:-1","max-image-preview":"max-image-preview:large","max-video-preview":"max-video-preview:-1"},"canonical":"https:\/\/naturalpoland.com\/fi\/tuotteet\/kosmetiikkateollisuuden-tuotteet\/hapet\/atselaiinihappo\/","og_locale":"fi_FI","og_type":"article","og_title":"Atselaiinihappo - NATURAL POLAND - RAAKA-AINEIDEN TUKKUJAKELIJA","og_description":"Azelaiinihappo on monipuolinen ainesosa, jota k\u00e4ytet\u00e4\u00e4n monissa kosmeettisissa ja dermatologisissa valmisteissa.","og_url":"https:\/\/naturalpoland.com\/fi\/tuotteet\/kosmetiikkateollisuuden-tuotteet\/hapet\/atselaiinihappo\/","og_site_name":"NATURAL POLAND - RAAKA-AINEIDEN TUKKUJAKELIJA","article_publisher":"https:\/\/www.facebook.com\/naturalpoland.b2b","article_modified_time":"2024-09-10T12:09:28+00:00","og_image":[{"width":650,"height":650,"url":"https:\/\/naturalpoland.com\/wp-content\/uploads\/Kwas-azelainowy.jpg","type":"image\/jpeg"}],"schema":{"@context":"https:\/\/schema.org","@graph":[{"@type":"WebPage","@id":"https:\/\/naturalpoland.com\/fi\/tuotteet\/kosmetiikkateollisuuden-tuotteet\/hapet\/atselaiinihappo\/","url":"https:\/\/naturalpoland.com\/fi\/tuotteet\/kosmetiikkateollisuuden-tuotteet\/hapet\/atselaiinihappo\/","name":"Atselaiinihappo - NATURAL POLAND - RAAKA-AINEIDEN TUKKUJAKELIJA","isPartOf":{"@id":"https:\/\/naturalpoland.com\/fi\/#website"},"primaryImageOfPage":{"@id":"https:\/\/naturalpoland.com\/fi\/tuotteet\/kosmetiikkateollisuuden-tuotteet\/hapet\/atselaiinihappo\/#primaryimage"},"image":{"@id":"https:\/\/naturalpoland.com\/fi\/tuotteet\/kosmetiikkateollisuuden-tuotteet\/hapet\/atselaiinihappo\/#primaryimage"},"thumbnailUrl":"https:\/\/naturalpoland.com\/wp-content\/uploads\/Kwas-azelainowy.jpg","datePublished":"2021-09-10T13:28:56+00:00","dateModified":"2024-09-10T12:09:28+00:00","description":"Azelaiinihappo on monipuolinen ainesosa, jota k\u00e4ytet\u00e4\u00e4n monissa kosmeettisissa ja dermatologisissa valmisteissa.","breadcrumb":{"@id":"https:\/\/naturalpoland.com\/fi\/tuotteet\/kosmetiikkateollisuuden-tuotteet\/hapet\/atselaiinihappo\/#breadcrumb"},"inLanguage":"fi","potentialAction":[{"@type":"ReadAction","target":["https:\/\/naturalpoland.com\/fi\/tuotteet\/kosmetiikkateollisuuden-tuotteet\/hapet\/atselaiinihappo\/"]}]},{"@type":"ImageObject","inLanguage":"fi","@id":"https:\/\/naturalpoland.com\/fi\/tuotteet\/kosmetiikkateollisuuden-tuotteet\/hapet\/atselaiinihappo\/#primaryimage","url":"https:\/\/naturalpoland.com\/wp-content\/uploads\/Kwas-azelainowy.jpg","contentUrl":"https:\/\/naturalpoland.com\/wp-content\/uploads\/Kwas-azelainowy.jpg","width":650,"height":650,"caption":"kwas azelainowy"},{"@type":"BreadcrumbList","@id":"https:\/\/naturalpoland.com\/fi\/tuotteet\/kosmetiikkateollisuuden-tuotteet\/hapet\/atselaiinihappo\/#breadcrumb","itemListElement":[{"@type":"ListItem","position":1,"name":"Etusivu","item":"https:\/\/naturalpoland.com\/fi\/"},{"@type":"ListItem","position":2,"name":"Tuotteet","item":"https:\/\/naturalpoland.com\/fi\/tuotteet\/"},{"@type":"ListItem","position":3,"name":"Atselaiinihappo"}]},{"@type":"WebSite","@id":"https:\/\/naturalpoland.com\/fi\/#website","url":"https:\/\/naturalpoland.com\/fi\/","name":"NATURAL POLAND - RAAKA-AINEIDEN TUKKUJAKELIJA","description":"Surowce dla przemys\u0142u spo\u017cywczego, kosmetycznego i farmaceutycznego","publisher":{"@id":"https:\/\/naturalpoland.com\/fi\/#organization"},"potentialAction":[{"@type":"SearchAction","target":{"@type":"EntryPoint","urlTemplate":"https:\/\/naturalpoland.com\/fi\/?s={search_term_string}"},"query-input":{"@type":"PropertyValueSpecification","valueRequired":true,"valueName":"search_term_string"}}],"inLanguage":"fi"},{"@type":"Organization","@id":"https:\/\/naturalpoland.com\/fi\/#organization","name":"Natural Poland","url":"https:\/\/naturalpoland.com\/fi\/","logo":{"@type":"ImageObject","inLanguage":"fi","@id":"https:\/\/naturalpoland.com\/fi\/#\/schema\/logo\/image\/","url":"https:\/\/naturalpoland.com\/wp-content\/uploads\/2021\/05\/natural-poland-icon.png","contentUrl":"https:\/\/naturalpoland.com\/wp-content\/uploads\/2021\/05\/natural-poland-icon.png","width":512,"height":512,"caption":"Natural Poland"},"image":{"@id":"https:\/\/naturalpoland.com\/fi\/#\/schema\/logo\/image\/"},"sameAs":["https:\/\/www.facebook.com\/naturalpoland.b2b","https:\/\/pl.linkedin.com\/company\/natural-poland","https:\/\/www.youtube.com\/channel\/UCgeGGkvOMahZo-xu_MSEWxg"]}]}},"_links":{"self":[{"href":"https:\/\/naturalpoland.com\/fi\/wp-json\/wp\/v2\/product\/9180","targetHints":{"allow":["GET"]}}],"collection":[{"href":"https:\/\/naturalpoland.com\/fi\/wp-json\/wp\/v2\/product"}],"about":[{"href":"https:\/\/naturalpoland.com\/fi\/wp-json\/wp\/v2\/types\/product"}],"wp:featuredmedia":[{"embeddable":true,"href":"https:\/\/naturalpoland.com\/fi\/wp-json\/wp\/v2\/media\/13102"}],"wp:attachment":[{"href":"https:\/\/naturalpoland.com\/fi\/wp-json\/wp\/v2\/media?parent=9180"}],"wp:term":[{"taxonomy":"product_brand","embeddable":true,"href":"https:\/\/naturalpoland.com\/fi\/wp-json\/wp\/v2\/product_brand?post=9180"},{"taxonomy":"product_cat","embeddable":true,"href":"https:\/\/naturalpoland.com\/fi\/wp-json\/wp\/v2\/product_cat?post=9180"},{"taxonomy":"product_tag","embeddable":true,"href":"https:\/\/naturalpoland.com\/fi\/wp-json\/wp\/v2\/product_tag?post=9180"}],"curies":[{"name":"wp","href":"https:\/\/api.w.org\/{rel}","templated":true}]}}