{"id":9184,"date":"2021-05-21T10:54:11","date_gmt":"2021-05-21T08:54:11","guid":{"rendered":"https:\/\/naturalpoland.pl\/produkty\/Ei-luokiteltu\/askorbyylitetraisopalmitaatti\/"},"modified":"2024-08-08T15:04:11","modified_gmt":"2024-08-08T13:04:11","slug":"askorbyylitetraisopalmitaatti","status":"publish","type":"product","link":"https:\/\/naturalpoland.com\/fi\/tuotteet\/kosmetiikkateollisuuden-tuotteet\/kosmetiikan-raaka-aineet\/askorbyylitetraisopalmitaatti\/","title":{"rendered":"Askorbyylitetraisopalmitaatti"},"content":{"rendered":"<p>T\u00e4m\u00e4 C-vitamiinivalmiste on eritt\u00e4in vakaa ja ihanteellinen herk\u00e4lle iholle &#8211; se sopii erinomaisesti hyperpigmentaation hoitoon.<br \/>\nAskorbyylitetraisopalmitaatti on keltaisen \u00f6ljyn muodossa, joka tunkeutuu syv\u00e4lle ihon syviin kerroksiin.<br \/>\n\u00d6ljy on eritt\u00e4in tehokas, ja vain muutama tippa lis\u00e4ttyn\u00e4 p\u00e4ivitt\u00e4iseen kosmetiikkaan, voiteisiin tai naamioihin voi lis\u00e4t\u00e4 niiden tehokkuutta n\u00e4kyv\u00e4sti.    <\/p>\n<h2><span class=\"ui-provider vk b c d e f g h i j k l m n o p q r s t u v w x y z ab ac ae af ag ah ai aj ak\" dir=\"ltr\">Askorbyylitetraisopalmitaatti &#8211; ominaisuudet<\/span><\/h2>\n<p><span class=\"ui-provider vk b c d e f g h i j k l m n o p q r s t u v w x y z ab ac ae af ag ah ai aj ak\" dir=\"ltr\">Askorbyylitetraisopalmitaatti<\/span> on eritt\u00e4in stabiili C-vitamiinin muoto, ja sit\u00e4 pidet\u00e4\u00e4n L-askorbiinihapon analogina.<br \/>\nIhon entsyymit muuttavat t\u00e4m\u00e4n C-vitamiinin muodon puhtaaksi C-vitamiiniksi, joka tunnetaan askorbiinihappona.<br \/>\nToisin kuin puhdas C-vitamiini (askorbiinihappo), <span class=\"ui-provider vk b c d e f g h i j k l m n o p q r s t u v w x y z ab ac ae af ag ah ai aj ak\" dir=\"ltr\">askorbyylitetraisopalmitaatti<\/span> on rasvaliukoinen.<br \/>\nSellaisena se tunkeutuu syv\u00e4lle ihoon ja toimii yhdess\u00e4 seuraavien aineiden kanssa. <strong><a href=\"https:\/\/naturalpoland.pl\/produkty\/produkty-dla-przemyslu-kosmetycznego\/surowce-kosmetyczne\/witamina-e\/\">E-vitamiinin kanssa<\/a><\/strong> (tokoferoli) kanssa, jota on luonnostaan ihossa tai ihonhoitotuotteissa, ja kohdistuu ihon t\u00e4rke\u00e4\u00e4n tukij\u00e4rjestelm\u00e4\u00e4n eri reitti\u00e4 kuin vesiliukoinen askorbiinihappo.<br \/>\nJotkut tutkijat v\u00e4itt\u00e4v\u00e4t, ett\u00e4 <span class=\"ui-provider vk b c d e f g h i j k l m n o p q r s t u v w x y z ab ac ae af ag ah ai aj ak\" dir=\"ltr\">askorbyylitetraisopalmitaatilla<\/span> on suurempi affiniteetti ihoon, koska sen sis\u00e4lt\u00e4m\u00e4t rasvahapot helpottavat tunkeutumista.<br \/>\nSe yhdistyy hyvin muiden C-vitamiinimuotojen kanssa, <strong><a href=\"https:\/\/naturalpoland.pl\/produkty\/produkty-dla-przemyslu-kosmetycznego\/surowce-kosmetyczne\/witamina-e\/\">E-vitamiini<\/a><\/strong> i <strong><a href=\"https:\/\/naturalpoland.pl\/produkty\/produkty-dla-przemyslu-kosmetycznego\/surowce-kosmetyczne\/retinol\/\">retinoli<\/a> <\/strong>tehon ja ik\u00e4\u00e4ntymist\u00e4 ehk\u00e4isevien vaikutusten lis\u00e4\u00e4miseksi.       <\/p>\n<h2><span class=\"ui-provider vk b c d e f g h i j k l m n o p q r s t u v w x y z ab ac ae af ag ah ai aj ak\" dir=\"ltr\">Askorbyylitetraisopalmitaatti &#8211; k\u00e4ytt\u00f6tarkoitukset<\/span><\/h2>\n<p>  Jos tavoitteena on <strong>torjua hyperpigmentaatiota<\/strong>, tutkimukset osoittavat, ett\u00e4 optimaalisten tulosten saavuttamiseksi tarvitaan v\u00e4hint\u00e4\u00e4n 5 %.<br \/>\nSe on tehokkainta, kun sen pH-arvo on 6 tai alhaisempi, ja sit\u00e4 voidaan k\u00e4ytt\u00e4\u00e4 yhdess\u00e4 muiden ep\u00e4puhtauksia v\u00e4hent\u00e4vien ainesosien, kuten niasiiniamidin ja lakritsijuuren kanssa, joiden on osoitettu tuottavan synergistisi\u00e4 tuloksia.<br \/>\nItse asiassa 30 %:n askorbyylitetraisopalmitaattipitoisuuden, jota k\u00e4ytet\u00e4\u00e4n yhdess\u00e4 muiden virheit\u00e4 v\u00e4hent\u00e4vien ainesosien kanssa, on osoitettu parantavan itsep\u00e4isi\u00e4 luomeja jopa melasma-alttiilla iholla. &nbsp;<span class=\"ui-provider vk b c d e f g h i j k l m n o p q r s t u v w x y z ab ac ae af ag ah ai aj ak\" dir=\"ltr\">Askorbyylitetraisopalmitaatti<\/span> on koostumukseltaan hieman \u00f6ljyinen, ja se voi olla v\u00e4rit\u00f6n tai vaaleankeltainen.<br \/>\nSit\u00e4 voidaan k\u00e4ytt\u00e4\u00e4 vesipohjaisissa formulaatioissa, mutta se on yhdistett\u00e4v\u00e4 silikonien tai \u00f6ljyjen kanssa ihanteellisen biologisen hy\u00f6tyosuuden saavuttamiseksi.   <\/p>\n","protected":false},"excerpt":{"rendered":"<p>Askorbyylitetraisopalmitaatti on C -vitamiinijohdannainen, joka on nyt saatavana \u00f6ljyn\u00e4. C -vitamiini on eritt\u00e4in t\u00e4rke\u00e4 kehon toiminnalle. Sen johdannaiselle on ominaista tehokkain vaikutus ja suurin imeytyminen ihon l\u00e4pi.   Aine, joka on tarkoitettu k\u00e4ytett\u00e4v\u00e4ksi l\u00e4\u00e4ke-, kosmetiikka- ja laboratorioteollisuudessa.<\/p>\n","protected":false},"featured_media":6414,"template":"","meta":{"_acf_changed":false},"product_brand":[],"product_cat":[544,537],"product_tag":[],"class_list":{"0":"post-9184","1":"product","2":"type-product","3":"status-publish","4":"has-post-thumbnail","6":"product_cat-kosmetiikan-raaka-aineet","7":"product_cat-vitamiinit","9":"first","10":"instock","11":"shipping-taxable","12":"product-type-simple"},"acf":[],"yoast_head":"<!-- This site is optimized with the Yoast SEO plugin v27.5 - https:\/\/yoast.com\/product\/yoast-seo-wordpress\/ -->\n<title>Askorbyylitetraisopalmitaatti - Tukkudistribuutio<\/title>\n<meta name=\"description\" content=\"Askorbyylitetraisopalmitaatti on C -vitamiinijohdannainen, joka on saatavana \u00f6ljyn\u00e4. C -vitamiini on eritt\u00e4in t\u00e4rke\u00e4 kehon toiminnalle.\" \/>\n<meta name=\"robots\" content=\"index, follow, max-snippet:-1, max-image-preview:large, max-video-preview:-1\" \/>\n<link rel=\"canonical\" href=\"https:\/\/naturalpoland.com\/fi\/tuotteet\/kosmetiikkateollisuuden-tuotteet\/kosmetiikan-raaka-aineet\/askorbyylitetraisopalmitaatti\/\" \/>\n<meta property=\"og:locale\" content=\"fi_FI\" \/>\n<meta property=\"og:type\" content=\"article\" \/>\n<meta property=\"og:title\" content=\"Askorbyylitetraisopalmitaatti - Tukkudistribuutio\" \/>\n<meta property=\"og:description\" content=\"Askorbyylitetraisopalmitaatti on C -vitamiinijohdannainen, joka on saatavana \u00f6ljyn\u00e4. C -vitamiini on eritt\u00e4in t\u00e4rke\u00e4 kehon toiminnalle.\" \/>\n<meta property=\"og:url\" content=\"https:\/\/naturalpoland.com\/fi\/tuotteet\/kosmetiikkateollisuuden-tuotteet\/kosmetiikan-raaka-aineet\/askorbyylitetraisopalmitaatti\/\" \/>\n<meta property=\"og:site_name\" content=\"NATURAL POLAND - RAAKA-AINEIDEN TUKKUJAKELIJA\" \/>\n<meta property=\"article:publisher\" content=\"https:\/\/www.facebook.com\/naturalpoland.b2b\" \/>\n<meta property=\"article:modified_time\" content=\"2024-08-08T13:04:11+00:00\" \/>\n<meta property=\"og:image\" content=\"https:\/\/naturalpoland.com\/wp-content\/uploads\/tetraizopalmitynian-askorbylu.jpg\" \/>\n\t<meta property=\"og:image:width\" content=\"650\" \/>\n\t<meta property=\"og:image:height\" content=\"650\" \/>\n\t<meta property=\"og:image:type\" content=\"image\/jpeg\" \/>\n<script type=\"application\/ld+json\" class=\"yoast-schema-graph\">{\"@context\":\"https:\\\/\\\/schema.org\",\"@graph\":[{\"@type\":\"WebPage\",\"@id\":\"https:\\\/\\\/naturalpoland.com\\\/fi\\\/tuotteet\\\/kosmetiikkateollisuuden-tuotteet\\\/kosmetiikan-raaka-aineet\\\/askorbyylitetraisopalmitaatti\\\/\",\"url\":\"https:\\\/\\\/naturalpoland.com\\\/fi\\\/tuotteet\\\/kosmetiikkateollisuuden-tuotteet\\\/kosmetiikan-raaka-aineet\\\/askorbyylitetraisopalmitaatti\\\/\",\"name\":\"Askorbyylitetraisopalmitaatti - Tukkudistribuutio\",\"isPartOf\":{\"@id\":\"https:\\\/\\\/naturalpoland.com\\\/fi\\\/#website\"},\"primaryImageOfPage\":{\"@id\":\"https:\\\/\\\/naturalpoland.com\\\/fi\\\/tuotteet\\\/kosmetiikkateollisuuden-tuotteet\\\/kosmetiikan-raaka-aineet\\\/askorbyylitetraisopalmitaatti\\\/#primaryimage\"},\"image\":{\"@id\":\"https:\\\/\\\/naturalpoland.com\\\/fi\\\/tuotteet\\\/kosmetiikkateollisuuden-tuotteet\\\/kosmetiikan-raaka-aineet\\\/askorbyylitetraisopalmitaatti\\\/#primaryimage\"},\"thumbnailUrl\":\"https:\\\/\\\/naturalpoland.com\\\/wp-content\\\/uploads\\\/tetraizopalmitynian-askorbylu.jpg\",\"datePublished\":\"2021-05-21T08:54:11+00:00\",\"dateModified\":\"2024-08-08T13:04:11+00:00\",\"description\":\"Askorbyylitetraisopalmitaatti on C -vitamiinijohdannainen, joka on saatavana \u00f6ljyn\u00e4. C -vitamiini on eritt\u00e4in t\u00e4rke\u00e4 kehon toiminnalle.\",\"breadcrumb\":{\"@id\":\"https:\\\/\\\/naturalpoland.com\\\/fi\\\/tuotteet\\\/kosmetiikkateollisuuden-tuotteet\\\/kosmetiikan-raaka-aineet\\\/askorbyylitetraisopalmitaatti\\\/#breadcrumb\"},\"inLanguage\":\"fi\",\"potentialAction\":[{\"@type\":\"ReadAction\",\"target\":[\"https:\\\/\\\/naturalpoland.com\\\/fi\\\/tuotteet\\\/kosmetiikkateollisuuden-tuotteet\\\/kosmetiikan-raaka-aineet\\\/askorbyylitetraisopalmitaatti\\\/\"]}]},{\"@type\":\"ImageObject\",\"inLanguage\":\"fi\",\"@id\":\"https:\\\/\\\/naturalpoland.com\\\/fi\\\/tuotteet\\\/kosmetiikkateollisuuden-tuotteet\\\/kosmetiikan-raaka-aineet\\\/askorbyylitetraisopalmitaatti\\\/#primaryimage\",\"url\":\"https:\\\/\\\/naturalpoland.com\\\/wp-content\\\/uploads\\\/tetraizopalmitynian-askorbylu.jpg\",\"contentUrl\":\"https:\\\/\\\/naturalpoland.com\\\/wp-content\\\/uploads\\\/tetraizopalmitynian-askorbylu.jpg\",\"width\":650,\"height\":650,\"caption\":\"askorbyylitetraisopalmitaatti\"},{\"@type\":\"BreadcrumbList\",\"@id\":\"https:\\\/\\\/naturalpoland.com\\\/fi\\\/tuotteet\\\/kosmetiikkateollisuuden-tuotteet\\\/kosmetiikan-raaka-aineet\\\/askorbyylitetraisopalmitaatti\\\/#breadcrumb\",\"itemListElement\":[{\"@type\":\"ListItem\",\"position\":1,\"name\":\"Etusivu\",\"item\":\"https:\\\/\\\/naturalpoland.com\\\/fi\\\/\"},{\"@type\":\"ListItem\",\"position\":2,\"name\":\"Tuotteet\",\"item\":\"https:\\\/\\\/naturalpoland.com\\\/fi\\\/tuotteet\\\/\"},{\"@type\":\"ListItem\",\"position\":3,\"name\":\"Askorbyylitetraisopalmitaatti\"}]},{\"@type\":\"WebSite\",\"@id\":\"https:\\\/\\\/naturalpoland.com\\\/fi\\\/#website\",\"url\":\"https:\\\/\\\/naturalpoland.com\\\/fi\\\/\",\"name\":\"NATURAL POLAND - RAAKA-AINEIDEN TUKKUJAKELIJA\",\"description\":\"Surowce dla przemys\u0142u spo\u017cywczego, kosmetycznego i farmaceutycznego\",\"publisher\":{\"@id\":\"https:\\\/\\\/naturalpoland.com\\\/fi\\\/#organization\"},\"potentialAction\":[{\"@type\":\"SearchAction\",\"target\":{\"@type\":\"EntryPoint\",\"urlTemplate\":\"https:\\\/\\\/naturalpoland.com\\\/fi\\\/?s={search_term_string}\"},\"query-input\":{\"@type\":\"PropertyValueSpecification\",\"valueRequired\":true,\"valueName\":\"search_term_string\"}}],\"inLanguage\":\"fi\"},{\"@type\":\"Organization\",\"@id\":\"https:\\\/\\\/naturalpoland.com\\\/fi\\\/#organization\",\"name\":\"Natural Poland\",\"url\":\"https:\\\/\\\/naturalpoland.com\\\/fi\\\/\",\"logo\":{\"@type\":\"ImageObject\",\"inLanguage\":\"fi\",\"@id\":\"https:\\\/\\\/naturalpoland.com\\\/fi\\\/#\\\/schema\\\/logo\\\/image\\\/\",\"url\":\"https:\\\/\\\/naturalpoland.com\\\/wp-content\\\/uploads\\\/2021\\\/05\\\/natural-poland-icon.png\",\"contentUrl\":\"https:\\\/\\\/naturalpoland.com\\\/wp-content\\\/uploads\\\/2021\\\/05\\\/natural-poland-icon.png\",\"width\":512,\"height\":512,\"caption\":\"Natural Poland\"},\"image\":{\"@id\":\"https:\\\/\\\/naturalpoland.com\\\/fi\\\/#\\\/schema\\\/logo\\\/image\\\/\"},\"sameAs\":[\"https:\\\/\\\/www.facebook.com\\\/naturalpoland.b2b\",\"https:\\\/\\\/pl.linkedin.com\\\/company\\\/natural-poland\",\"https:\\\/\\\/www.youtube.com\\\/channel\\\/UCgeGGkvOMahZo-xu_MSEWxg\"]}]}<\/script>\n<!-- \/ Yoast SEO plugin. -->","yoast_head_json":{"title":"Askorbyylitetraisopalmitaatti - Tukkudistribuutio","description":"Askorbyylitetraisopalmitaatti on C -vitamiinijohdannainen, joka on saatavana \u00f6ljyn\u00e4. C -vitamiini on eritt\u00e4in t\u00e4rke\u00e4 kehon toiminnalle.","robots":{"index":"index","follow":"follow","max-snippet":"max-snippet:-1","max-image-preview":"max-image-preview:large","max-video-preview":"max-video-preview:-1"},"canonical":"https:\/\/naturalpoland.com\/fi\/tuotteet\/kosmetiikkateollisuuden-tuotteet\/kosmetiikan-raaka-aineet\/askorbyylitetraisopalmitaatti\/","og_locale":"fi_FI","og_type":"article","og_title":"Askorbyylitetraisopalmitaatti - Tukkudistribuutio","og_description":"Askorbyylitetraisopalmitaatti on C -vitamiinijohdannainen, joka on saatavana \u00f6ljyn\u00e4. C -vitamiini on eritt\u00e4in t\u00e4rke\u00e4 kehon toiminnalle.","og_url":"https:\/\/naturalpoland.com\/fi\/tuotteet\/kosmetiikkateollisuuden-tuotteet\/kosmetiikan-raaka-aineet\/askorbyylitetraisopalmitaatti\/","og_site_name":"NATURAL POLAND - RAAKA-AINEIDEN TUKKUJAKELIJA","article_publisher":"https:\/\/www.facebook.com\/naturalpoland.b2b","article_modified_time":"2024-08-08T13:04:11+00:00","og_image":[{"width":650,"height":650,"url":"https:\/\/naturalpoland.com\/wp-content\/uploads\/tetraizopalmitynian-askorbylu.jpg","type":"image\/jpeg"}],"schema":{"@context":"https:\/\/schema.org","@graph":[{"@type":"WebPage","@id":"https:\/\/naturalpoland.com\/fi\/tuotteet\/kosmetiikkateollisuuden-tuotteet\/kosmetiikan-raaka-aineet\/askorbyylitetraisopalmitaatti\/","url":"https:\/\/naturalpoland.com\/fi\/tuotteet\/kosmetiikkateollisuuden-tuotteet\/kosmetiikan-raaka-aineet\/askorbyylitetraisopalmitaatti\/","name":"Askorbyylitetraisopalmitaatti - Tukkudistribuutio","isPartOf":{"@id":"https:\/\/naturalpoland.com\/fi\/#website"},"primaryImageOfPage":{"@id":"https:\/\/naturalpoland.com\/fi\/tuotteet\/kosmetiikkateollisuuden-tuotteet\/kosmetiikan-raaka-aineet\/askorbyylitetraisopalmitaatti\/#primaryimage"},"image":{"@id":"https:\/\/naturalpoland.com\/fi\/tuotteet\/kosmetiikkateollisuuden-tuotteet\/kosmetiikan-raaka-aineet\/askorbyylitetraisopalmitaatti\/#primaryimage"},"thumbnailUrl":"https:\/\/naturalpoland.com\/wp-content\/uploads\/tetraizopalmitynian-askorbylu.jpg","datePublished":"2021-05-21T08:54:11+00:00","dateModified":"2024-08-08T13:04:11+00:00","description":"Askorbyylitetraisopalmitaatti on C -vitamiinijohdannainen, joka on saatavana \u00f6ljyn\u00e4. C -vitamiini on eritt\u00e4in t\u00e4rke\u00e4 kehon toiminnalle.","breadcrumb":{"@id":"https:\/\/naturalpoland.com\/fi\/tuotteet\/kosmetiikkateollisuuden-tuotteet\/kosmetiikan-raaka-aineet\/askorbyylitetraisopalmitaatti\/#breadcrumb"},"inLanguage":"fi","potentialAction":[{"@type":"ReadAction","target":["https:\/\/naturalpoland.com\/fi\/tuotteet\/kosmetiikkateollisuuden-tuotteet\/kosmetiikan-raaka-aineet\/askorbyylitetraisopalmitaatti\/"]}]},{"@type":"ImageObject","inLanguage":"fi","@id":"https:\/\/naturalpoland.com\/fi\/tuotteet\/kosmetiikkateollisuuden-tuotteet\/kosmetiikan-raaka-aineet\/askorbyylitetraisopalmitaatti\/#primaryimage","url":"https:\/\/naturalpoland.com\/wp-content\/uploads\/tetraizopalmitynian-askorbylu.jpg","contentUrl":"https:\/\/naturalpoland.com\/wp-content\/uploads\/tetraizopalmitynian-askorbylu.jpg","width":650,"height":650,"caption":"askorbyylitetraisopalmitaatti"},{"@type":"BreadcrumbList","@id":"https:\/\/naturalpoland.com\/fi\/tuotteet\/kosmetiikkateollisuuden-tuotteet\/kosmetiikan-raaka-aineet\/askorbyylitetraisopalmitaatti\/#breadcrumb","itemListElement":[{"@type":"ListItem","position":1,"name":"Etusivu","item":"https:\/\/naturalpoland.com\/fi\/"},{"@type":"ListItem","position":2,"name":"Tuotteet","item":"https:\/\/naturalpoland.com\/fi\/tuotteet\/"},{"@type":"ListItem","position":3,"name":"Askorbyylitetraisopalmitaatti"}]},{"@type":"WebSite","@id":"https:\/\/naturalpoland.com\/fi\/#website","url":"https:\/\/naturalpoland.com\/fi\/","name":"NATURAL POLAND - RAAKA-AINEIDEN TUKKUJAKELIJA","description":"Surowce dla przemys\u0142u spo\u017cywczego, kosmetycznego i farmaceutycznego","publisher":{"@id":"https:\/\/naturalpoland.com\/fi\/#organization"},"potentialAction":[{"@type":"SearchAction","target":{"@type":"EntryPoint","urlTemplate":"https:\/\/naturalpoland.com\/fi\/?s={search_term_string}"},"query-input":{"@type":"PropertyValueSpecification","valueRequired":true,"valueName":"search_term_string"}}],"inLanguage":"fi"},{"@type":"Organization","@id":"https:\/\/naturalpoland.com\/fi\/#organization","name":"Natural Poland","url":"https:\/\/naturalpoland.com\/fi\/","logo":{"@type":"ImageObject","inLanguage":"fi","@id":"https:\/\/naturalpoland.com\/fi\/#\/schema\/logo\/image\/","url":"https:\/\/naturalpoland.com\/wp-content\/uploads\/2021\/05\/natural-poland-icon.png","contentUrl":"https:\/\/naturalpoland.com\/wp-content\/uploads\/2021\/05\/natural-poland-icon.png","width":512,"height":512,"caption":"Natural Poland"},"image":{"@id":"https:\/\/naturalpoland.com\/fi\/#\/schema\/logo\/image\/"},"sameAs":["https:\/\/www.facebook.com\/naturalpoland.b2b","https:\/\/pl.linkedin.com\/company\/natural-poland","https:\/\/www.youtube.com\/channel\/UCgeGGkvOMahZo-xu_MSEWxg"]}]}},"_links":{"self":[{"href":"https:\/\/naturalpoland.com\/fi\/wp-json\/wp\/v2\/product\/9184","targetHints":{"allow":["GET"]}}],"collection":[{"href":"https:\/\/naturalpoland.com\/fi\/wp-json\/wp\/v2\/product"}],"about":[{"href":"https:\/\/naturalpoland.com\/fi\/wp-json\/wp\/v2\/types\/product"}],"wp:featuredmedia":[{"embeddable":true,"href":"https:\/\/naturalpoland.com\/fi\/wp-json\/wp\/v2\/media\/6414"}],"wp:attachment":[{"href":"https:\/\/naturalpoland.com\/fi\/wp-json\/wp\/v2\/media?parent=9184"}],"wp:term":[{"taxonomy":"product_brand","embeddable":true,"href":"https:\/\/naturalpoland.com\/fi\/wp-json\/wp\/v2\/product_brand?post=9184"},{"taxonomy":"product_cat","embeddable":true,"href":"https:\/\/naturalpoland.com\/fi\/wp-json\/wp\/v2\/product_cat?post=9184"},{"taxonomy":"product_tag","embeddable":true,"href":"https:\/\/naturalpoland.com\/fi\/wp-json\/wp\/v2\/product_tag?post=9184"}],"curies":[{"name":"wp","href":"https:\/\/api.w.org\/{rel}","templated":true}]}}