{"id":9186,"date":"2021-05-21T13:04:11","date_gmt":"2021-09-10T13:29:06","guid":{"rendered":"https:\/\/naturalpoland.pl\/produkty\/Ei-luokiteltu\/sacha-inchi-oljy\/"},"modified":"2021-09-10T15:29:06","modified_gmt":"2021-09-10T13:29:06","slug":"oljy-sacha-inchi","status":"publish","type":"product","link":"https:\/\/naturalpoland.com\/fi\/tuotteet\/kosmetiikkateollisuuden-tuotteet\/kosmeettiset-oljyt\/oljy-sacha-inchi\/","title":{"rendered":"Sacha Inchi \u00f6ljy"},"content":{"rendered":"<p>Sacha inchi -\u00f6ljyn positiiviset ominaisuudet ovat olleet tiedossa sukupolvien ajan. Se on tarkoitettu kaikille ihotyypeille. Sill\u00e4 on erinomaiset uudistavat ja ravitsevat ominaisuudet &#8211; se est\u00e4\u00e4 ryppyj\u00e4. Se kest\u00e4\u00e4 hyvin kuivaa ja vaurioitunutta ihoa. Tarkoitettu paitsi ihonhoitoon my\u00f6s hiuksiin ja kynsiin. S\u00e4\u00e4nn\u00f6llisesti k\u00e4ytettyn\u00e4 vaikutus n\u00e4kyy paljaalla silm\u00e4ll\u00e4 jo muutaman viikon kuluttua.<\/p>\n<h3>Rasvahappoprofiili:<\/h3>\n<table>\n<tbody>\n<tr>\n<td><strong>RASVAHAPPO<\/strong><\/td>\n<td><strong>SOLMIO<\/strong><\/td>\n<td><strong>NORMAALI (%)<\/strong><\/td>\n<\/tr>\n<tr>\n<td>Palmitiinihappo<\/td>\n<td>C16: 0<\/td>\n<td>3,00-8,00<\/td>\n<\/tr>\n<tr>\n<td>Steariinihappo<\/td>\n<td>C18: 0<\/td>\n<td>2,00-4,00<\/td>\n<\/tr>\n<tr>\n<td>\u00d6ljyhappo<\/td>\n<td>C18: 1 (n-9)<\/td>\n<td>6,00-12,00<\/td>\n<\/tr>\n<tr>\n<td>Linolihappo<\/td>\n<td>C18: 2 (n-6)<\/td>\n<td>31,00-40,00<\/td>\n<\/tr>\n<tr>\n<td>Alfa-linolihappo<\/td>\n<td>C18: 3 (n-3)<\/td>\n<td>42,00-58,00<\/td>\n<\/tr>\n<\/tbody>\n<\/table>\n","protected":false},"excerpt":{"rendered":"<p>Luonnollinen Sacha Inchi -\u00f6ljy on t\u00e4ysin luonnollinen, kylm\u00e4puristettu, puhdistamaton tuote. P\u00e4hkin\u00e4t, joista se saadaan, kasvavat luonnollisesti Perun ja Bolivian metsiss\u00e4 Etel\u00e4 -Amerikassa. T\u00e4m\u00e4 kasvi\u00f6ljy on tarkoitettu k\u00e4ytett\u00e4v\u00e4ksi l\u00e4\u00e4ke- ja kosmetiikkateollisuudessa.<\/p>\n<p>Jos haluat saada t\u00e4ydellisen tuotteen k\u00e4ytt\u00f6turvallisuustiedotteen ja tekniset tiedot, ota yhteytt\u00e4:<\/p>\n","protected":false},"featured_media":5074,"template":"","meta":[],"product_brand":[],"product_cat":[542,531],"product_tag":[],"class_list":{"0":"post-9186","1":"product","2":"type-product","3":"status-publish","4":"has-post-thumbnail","6":"product_cat-kosmeettiset-oljyt","7":"product_cat-ruokaoljyt-ja-kosmeettiset-oljyt","8":"pa_czesc-rosliny-siemenet","9":"pa_metoda-pozyskiwania-kylmapuristus","11":"first","12":"instock","13":"shipping-taxable","14":"product-type-simple"},"yoast_head":"<!-- This site is optimized with the Yoast SEO plugin v27.3 - https:\/\/yoast.com\/product\/yoast-seo-wordpress\/ -->\n<title>Sacha Inchi \u00f6ljy - Tukkudistribuutio<\/title>\n<meta name=\"robots\" content=\"index, follow, max-snippet:-1, max-image-preview:large, max-video-preview:-1\" \/>\n<link rel=\"canonical\" href=\"https:\/\/naturalpoland.com\/fi\/tuotteet\/kosmetiikkateollisuuden-tuotteet\/kosmeettiset-oljyt\/oljy-sacha-inchi\/\" \/>\n<meta property=\"og:locale\" content=\"fi_FI\" \/>\n<meta property=\"og:type\" content=\"article\" \/>\n<meta property=\"og:title\" content=\"Sacha Inchi \u00f6ljy - Tukkudistribuutio\" \/>\n<meta property=\"og:description\" content=\"Luonnollinen Sacha Inchi -\u00f6ljy on t\u00e4ysin luonnollinen, kylm\u00e4puristettu, puhdistamaton tuote. P\u00e4hkin\u00e4t, joista se saadaan, kasvavat luonnollisesti Perun ja Bolivian metsiss\u00e4 Etel\u00e4 -Amerikassa. T\u00e4m\u00e4 kasvi\u00f6ljy on tarkoitettu k\u00e4ytett\u00e4v\u00e4ksi l\u00e4\u00e4ke- ja kosmetiikkateollisuudessa. Jos haluat saada t\u00e4ydellisen tuotteen k\u00e4ytt\u00f6turvallisuustiedotteen ja tekniset tiedot, ota yhteytt\u00e4:\" \/>\n<meta property=\"og:url\" content=\"https:\/\/naturalpoland.com\/fi\/tuotteet\/kosmetiikkateollisuuden-tuotteet\/kosmeettiset-oljyt\/oljy-sacha-inchi\/\" \/>\n<meta property=\"og:site_name\" content=\"NATURAL POLAND - RAAKA-AINEIDEN TUKKUJAKELIJA\" \/>\n<meta property=\"article:publisher\" content=\"https:\/\/www.facebook.com\/naturalpoland.b2b\" \/>\n<meta property=\"og:image\" content=\"https:\/\/naturalpoland.com\/wp-content\/uploads\/olej-sacha-inchi.jpg\" \/>\n\t<meta property=\"og:image:width\" content=\"600\" \/>\n\t<meta property=\"og:image:height\" content=\"600\" \/>\n\t<meta property=\"og:image:type\" content=\"image\/jpeg\" \/>\n<script type=\"application\/ld+json\" class=\"yoast-schema-graph\">{\"@context\":\"https:\\\/\\\/schema.org\",\"@graph\":[{\"@type\":\"WebPage\",\"@id\":\"https:\\\/\\\/naturalpoland.com\\\/fi\\\/tuotteet\\\/kosmetiikkateollisuuden-tuotteet\\\/kosmeettiset-oljyt\\\/oljy-sacha-inchi\\\/\",\"url\":\"https:\\\/\\\/naturalpoland.com\\\/fi\\\/tuotteet\\\/kosmetiikkateollisuuden-tuotteet\\\/kosmeettiset-oljyt\\\/oljy-sacha-inchi\\\/\",\"name\":\"Sacha Inchi \u00f6ljy - Tukkudistribuutio\",\"isPartOf\":{\"@id\":\"https:\\\/\\\/naturalpoland.com\\\/fi\\\/#website\"},\"primaryImageOfPage\":{\"@id\":\"https:\\\/\\\/naturalpoland.com\\\/fi\\\/tuotteet\\\/kosmetiikkateollisuuden-tuotteet\\\/kosmeettiset-oljyt\\\/oljy-sacha-inchi\\\/#primaryimage\"},\"image\":{\"@id\":\"https:\\\/\\\/naturalpoland.com\\\/fi\\\/tuotteet\\\/kosmetiikkateollisuuden-tuotteet\\\/kosmeettiset-oljyt\\\/oljy-sacha-inchi\\\/#primaryimage\"},\"thumbnailUrl\":\"https:\\\/\\\/naturalpoland.com\\\/wp-content\\\/uploads\\\/olej-sacha-inchi.jpg\",\"datePublished\":\"2021-09-10T13:29:06+00:00\",\"breadcrumb\":{\"@id\":\"https:\\\/\\\/naturalpoland.com\\\/fi\\\/tuotteet\\\/kosmetiikkateollisuuden-tuotteet\\\/kosmeettiset-oljyt\\\/oljy-sacha-inchi\\\/#breadcrumb\"},\"inLanguage\":\"fi\",\"potentialAction\":[{\"@type\":\"ReadAction\",\"target\":[\"https:\\\/\\\/naturalpoland.com\\\/fi\\\/tuotteet\\\/kosmetiikkateollisuuden-tuotteet\\\/kosmeettiset-oljyt\\\/oljy-sacha-inchi\\\/\"]}]},{\"@type\":\"ImageObject\",\"inLanguage\":\"fi\",\"@id\":\"https:\\\/\\\/naturalpoland.com\\\/fi\\\/tuotteet\\\/kosmetiikkateollisuuden-tuotteet\\\/kosmeettiset-oljyt\\\/oljy-sacha-inchi\\\/#primaryimage\",\"url\":\"https:\\\/\\\/naturalpoland.com\\\/wp-content\\\/uploads\\\/olej-sacha-inchi.jpg\",\"contentUrl\":\"https:\\\/\\\/naturalpoland.com\\\/wp-content\\\/uploads\\\/olej-sacha-inchi.jpg\",\"width\":600,\"height\":600,\"caption\":\"Image of sacha inchi peanut seed on white background\"},{\"@type\":\"BreadcrumbList\",\"@id\":\"https:\\\/\\\/naturalpoland.com\\\/fi\\\/tuotteet\\\/kosmetiikkateollisuuden-tuotteet\\\/kosmeettiset-oljyt\\\/oljy-sacha-inchi\\\/#breadcrumb\",\"itemListElement\":[{\"@type\":\"ListItem\",\"position\":1,\"name\":\"Etusivu\",\"item\":\"https:\\\/\\\/naturalpoland.com\\\/fi\\\/\"},{\"@type\":\"ListItem\",\"position\":2,\"name\":\"Tuotteet\",\"item\":\"https:\\\/\\\/naturalpoland.com\\\/fi\\\/tuotteet\\\/\"},{\"@type\":\"ListItem\",\"position\":3,\"name\":\"Sacha Inchi \u00f6ljy\"}]},{\"@type\":\"WebSite\",\"@id\":\"https:\\\/\\\/naturalpoland.com\\\/fi\\\/#website\",\"url\":\"https:\\\/\\\/naturalpoland.com\\\/fi\\\/\",\"name\":\"NATURAL POLAND - RAAKA-AINEIDEN TUKKUJAKELIJA\",\"description\":\"Surowce dla przemys\u0142u spo\u017cywczego, kosmetycznego i farmaceutycznego\",\"publisher\":{\"@id\":\"https:\\\/\\\/naturalpoland.com\\\/fi\\\/#organization\"},\"potentialAction\":[{\"@type\":\"SearchAction\",\"target\":{\"@type\":\"EntryPoint\",\"urlTemplate\":\"https:\\\/\\\/naturalpoland.com\\\/fi\\\/?s={search_term_string}\"},\"query-input\":{\"@type\":\"PropertyValueSpecification\",\"valueRequired\":true,\"valueName\":\"search_term_string\"}}],\"inLanguage\":\"fi\"},{\"@type\":\"Organization\",\"@id\":\"https:\\\/\\\/naturalpoland.com\\\/fi\\\/#organization\",\"name\":\"Natural Poland\",\"url\":\"https:\\\/\\\/naturalpoland.com\\\/fi\\\/\",\"logo\":{\"@type\":\"ImageObject\",\"inLanguage\":\"fi\",\"@id\":\"https:\\\/\\\/naturalpoland.com\\\/fi\\\/#\\\/schema\\\/logo\\\/image\\\/\",\"url\":\"https:\\\/\\\/naturalpoland.com\\\/wp-content\\\/uploads\\\/2021\\\/05\\\/natural-poland-icon.png\",\"contentUrl\":\"https:\\\/\\\/naturalpoland.com\\\/wp-content\\\/uploads\\\/2021\\\/05\\\/natural-poland-icon.png\",\"width\":512,\"height\":512,\"caption\":\"Natural Poland\"},\"image\":{\"@id\":\"https:\\\/\\\/naturalpoland.com\\\/fi\\\/#\\\/schema\\\/logo\\\/image\\\/\"},\"sameAs\":[\"https:\\\/\\\/www.facebook.com\\\/naturalpoland.b2b\",\"https:\\\/\\\/pl.linkedin.com\\\/company\\\/natural-poland\",\"https:\\\/\\\/www.youtube.com\\\/channel\\\/UCgeGGkvOMahZo-xu_MSEWxg\"]}]}<\/script>\n<!-- \/ Yoast SEO plugin. -->","yoast_head_json":{"title":"Sacha Inchi \u00f6ljy - Tukkudistribuutio","robots":{"index":"index","follow":"follow","max-snippet":"max-snippet:-1","max-image-preview":"max-image-preview:large","max-video-preview":"max-video-preview:-1"},"canonical":"https:\/\/naturalpoland.com\/fi\/tuotteet\/kosmetiikkateollisuuden-tuotteet\/kosmeettiset-oljyt\/oljy-sacha-inchi\/","og_locale":"fi_FI","og_type":"article","og_title":"Sacha Inchi \u00f6ljy - Tukkudistribuutio","og_description":"Luonnollinen Sacha Inchi -\u00f6ljy on t\u00e4ysin luonnollinen, kylm\u00e4puristettu, puhdistamaton tuote. P\u00e4hkin\u00e4t, joista se saadaan, kasvavat luonnollisesti Perun ja Bolivian metsiss\u00e4 Etel\u00e4 -Amerikassa. T\u00e4m\u00e4 kasvi\u00f6ljy on tarkoitettu k\u00e4ytett\u00e4v\u00e4ksi l\u00e4\u00e4ke- ja kosmetiikkateollisuudessa. Jos haluat saada t\u00e4ydellisen tuotteen k\u00e4ytt\u00f6turvallisuustiedotteen ja tekniset tiedot, ota yhteytt\u00e4:","og_url":"https:\/\/naturalpoland.com\/fi\/tuotteet\/kosmetiikkateollisuuden-tuotteet\/kosmeettiset-oljyt\/oljy-sacha-inchi\/","og_site_name":"NATURAL POLAND - RAAKA-AINEIDEN TUKKUJAKELIJA","article_publisher":"https:\/\/www.facebook.com\/naturalpoland.b2b","og_image":[{"width":600,"height":600,"url":"https:\/\/naturalpoland.com\/wp-content\/uploads\/olej-sacha-inchi.jpg","type":"image\/jpeg"}],"schema":{"@context":"https:\/\/schema.org","@graph":[{"@type":"WebPage","@id":"https:\/\/naturalpoland.com\/fi\/tuotteet\/kosmetiikkateollisuuden-tuotteet\/kosmeettiset-oljyt\/oljy-sacha-inchi\/","url":"https:\/\/naturalpoland.com\/fi\/tuotteet\/kosmetiikkateollisuuden-tuotteet\/kosmeettiset-oljyt\/oljy-sacha-inchi\/","name":"Sacha Inchi \u00f6ljy - Tukkudistribuutio","isPartOf":{"@id":"https:\/\/naturalpoland.com\/fi\/#website"},"primaryImageOfPage":{"@id":"https:\/\/naturalpoland.com\/fi\/tuotteet\/kosmetiikkateollisuuden-tuotteet\/kosmeettiset-oljyt\/oljy-sacha-inchi\/#primaryimage"},"image":{"@id":"https:\/\/naturalpoland.com\/fi\/tuotteet\/kosmetiikkateollisuuden-tuotteet\/kosmeettiset-oljyt\/oljy-sacha-inchi\/#primaryimage"},"thumbnailUrl":"https:\/\/naturalpoland.com\/wp-content\/uploads\/olej-sacha-inchi.jpg","datePublished":"2021-09-10T13:29:06+00:00","breadcrumb":{"@id":"https:\/\/naturalpoland.com\/fi\/tuotteet\/kosmetiikkateollisuuden-tuotteet\/kosmeettiset-oljyt\/oljy-sacha-inchi\/#breadcrumb"},"inLanguage":"fi","potentialAction":[{"@type":"ReadAction","target":["https:\/\/naturalpoland.com\/fi\/tuotteet\/kosmetiikkateollisuuden-tuotteet\/kosmeettiset-oljyt\/oljy-sacha-inchi\/"]}]},{"@type":"ImageObject","inLanguage":"fi","@id":"https:\/\/naturalpoland.com\/fi\/tuotteet\/kosmetiikkateollisuuden-tuotteet\/kosmeettiset-oljyt\/oljy-sacha-inchi\/#primaryimage","url":"https:\/\/naturalpoland.com\/wp-content\/uploads\/olej-sacha-inchi.jpg","contentUrl":"https:\/\/naturalpoland.com\/wp-content\/uploads\/olej-sacha-inchi.jpg","width":600,"height":600,"caption":"Image of sacha inchi peanut seed on white background"},{"@type":"BreadcrumbList","@id":"https:\/\/naturalpoland.com\/fi\/tuotteet\/kosmetiikkateollisuuden-tuotteet\/kosmeettiset-oljyt\/oljy-sacha-inchi\/#breadcrumb","itemListElement":[{"@type":"ListItem","position":1,"name":"Etusivu","item":"https:\/\/naturalpoland.com\/fi\/"},{"@type":"ListItem","position":2,"name":"Tuotteet","item":"https:\/\/naturalpoland.com\/fi\/tuotteet\/"},{"@type":"ListItem","position":3,"name":"Sacha Inchi \u00f6ljy"}]},{"@type":"WebSite","@id":"https:\/\/naturalpoland.com\/fi\/#website","url":"https:\/\/naturalpoland.com\/fi\/","name":"NATURAL POLAND - RAAKA-AINEIDEN TUKKUJAKELIJA","description":"Surowce dla przemys\u0142u spo\u017cywczego, kosmetycznego i farmaceutycznego","publisher":{"@id":"https:\/\/naturalpoland.com\/fi\/#organization"},"potentialAction":[{"@type":"SearchAction","target":{"@type":"EntryPoint","urlTemplate":"https:\/\/naturalpoland.com\/fi\/?s={search_term_string}"},"query-input":{"@type":"PropertyValueSpecification","valueRequired":true,"valueName":"search_term_string"}}],"inLanguage":"fi"},{"@type":"Organization","@id":"https:\/\/naturalpoland.com\/fi\/#organization","name":"Natural Poland","url":"https:\/\/naturalpoland.com\/fi\/","logo":{"@type":"ImageObject","inLanguage":"fi","@id":"https:\/\/naturalpoland.com\/fi\/#\/schema\/logo\/image\/","url":"https:\/\/naturalpoland.com\/wp-content\/uploads\/2021\/05\/natural-poland-icon.png","contentUrl":"https:\/\/naturalpoland.com\/wp-content\/uploads\/2021\/05\/natural-poland-icon.png","width":512,"height":512,"caption":"Natural Poland"},"image":{"@id":"https:\/\/naturalpoland.com\/fi\/#\/schema\/logo\/image\/"},"sameAs":["https:\/\/www.facebook.com\/naturalpoland.b2b","https:\/\/pl.linkedin.com\/company\/natural-poland","https:\/\/www.youtube.com\/channel\/UCgeGGkvOMahZo-xu_MSEWxg"]}]}},"_links":{"self":[{"href":"https:\/\/naturalpoland.com\/fi\/wp-json\/wp\/v2\/product\/9186","targetHints":{"allow":["GET"]}}],"collection":[{"href":"https:\/\/naturalpoland.com\/fi\/wp-json\/wp\/v2\/product"}],"about":[{"href":"https:\/\/naturalpoland.com\/fi\/wp-json\/wp\/v2\/types\/product"}],"wp:featuredmedia":[{"embeddable":true,"href":"https:\/\/naturalpoland.com\/fi\/wp-json\/wp\/v2\/media\/5074"}],"wp:attachment":[{"href":"https:\/\/naturalpoland.com\/fi\/wp-json\/wp\/v2\/media?parent=9186"}],"wp:term":[{"taxonomy":"product_brand","embeddable":true,"href":"https:\/\/naturalpoland.com\/fi\/wp-json\/wp\/v2\/product_brand?post=9186"},{"taxonomy":"product_cat","embeddable":true,"href":"https:\/\/naturalpoland.com\/fi\/wp-json\/wp\/v2\/product_cat?post=9186"},{"taxonomy":"product_tag","embeddable":true,"href":"https:\/\/naturalpoland.com\/fi\/wp-json\/wp\/v2\/product_tag?post=9186"}],"curies":[{"name":"wp","href":"https:\/\/api.w.org\/{rel}","templated":true}]}}