{"id":9220,"date":"2021-06-09T14:36:17","date_gmt":"2021-09-10T13:29:38","guid":{"rendered":"https:\/\/naturalpoland.pl\/produkty\/Ei-luokiteltu\/boswellia-serrata-uute\/"},"modified":"2024-08-23T15:04:05","modified_gmt":"2024-08-23T13:04:05","slug":"boswellia-serrata-uute","status":"publish","type":"product","link":"https:\/\/naturalpoland.com\/fi\/tuotteet\/kasviuutteet\/boswellia-serrata-uute\/","title":{"rendered":"Boswellia Serrata -uute"},"content":{"rendered":"<p>Boswellia Serrata -uute toimii p\u00e4\u00e4asiassa est\u00e4m\u00e4ll\u00e4 5-lipoksygenaasi (5-LOX) -entsyymi\u00e4, mik\u00e4 johtaa leukotrieenien &#8211; elimist\u00f6n tulehdusprosesseista vastaavien yhdisteiden &#8211; tuotannon v\u00e4henemiseen.<br \/>\nT\u00e4m\u00e4n seurauksena Boswellia voi v\u00e4hent\u00e4\u00e4 tehokkaasti tulehdusta, kipua ja turvotusta erityisesti<strong> niveltulehduksen, reumasairauksien<\/strong> ja <strong>hengitystieongelmien<\/strong>, kuten <strong>astman<\/strong>, yhteydess\u00e4.<br \/>\nLis\u00e4ksi boswelliinihapot osoittavat potentiaalia rustokudoksen suojaamisessa ja voivat tukea nivelten terveytt\u00e4.<br \/>\nTuote on hienojakoista jauhetta, jonka v\u00e4ri vaihtelee valkoisesta kermanv\u00e4riseen.<br \/>\nTuotteelle on ominaista raaka-aineelle ominainen, hienostunut tuoksu.      <\/p>\n<h2>Boswellia Serrata -uutteen k\u00e4ytt\u00f6:<\/h2>\n<p>  Boswellia Serrata -uutetta k\u00e4ytet\u00e4\u00e4n usein ravintolisiss\u00e4 kapseleina, tabletteina tai jauheena nivel- ja hengityselinsairauksien sek\u00e4 kroonisten tulehdusten hoitoon.<br \/>\nTulehdusta ehk\u00e4isevien ominaisuuksiensa vuoksi Boswelliaa k\u00e4ytet\u00e4\u00e4n usein valmisteissa, jotka v\u00e4hent\u00e4v\u00e4t kipua ja parantavat nivelten liikkuvuutta niveltulehduksesta tai muista reumasairauksista k\u00e4rsivill\u00e4 ihmisill\u00e4.<br \/>\nBoswelliaa voidaan k\u00e4ytt\u00e4\u00e4 luonnollisena ainesosana valmisteissa fyysisesti aktiivisille ihmisille, joilla on<strong> lihas- ja nivelkipuja<\/strong>.  <\/p>\n","protected":false},"excerpt":{"rendered":"<p><strong>Boswellia serrata -uute<\/strong>, joka tunnetaan my\u00f6s nimell\u00e4 <strong>intialainen suitsukkeena<\/strong>, on luonnontuote, joka on per\u00e4isin <em>Boswellia serrata<\/em>-puun pihkasta.<br \/>\nUute on vakioitu sis\u00e4lt\u00e4m\u00e4\u00e4n<strong> boswelliinihappoja<\/strong>, jotka ovat sen terveysvaikutuksista vastuussa olevia t\u00e4rkeimpi\u00e4 aktiivisia yhdisteit\u00e4. <\/p>\n","protected":false},"featured_media":34852,"template":"","meta":[],"product_brand":[],"product_cat":[528],"product_tag":[],"class_list":{"0":"post-9220","1":"product","2":"type-product","3":"status-publish","4":"has-post-thumbnail","6":"product_cat-kasviuutteet","7":"pa_certyfikaty-halal-fi","8":"pa_certyfikaty-kosher-sertifikaatti","9":"pa_czesc-rosliny-hartsi","10":"pa_skladnik-aktywny-boswelliinihappo","12":"first","13":"instock","14":"shipping-taxable","15":"product-type-simple"},"yoast_head":"<!-- This site is optimized with the Yoast SEO plugin v27.4 - https:\/\/yoast.com\/product\/yoast-seo-wordpress\/ -->\n<title>Boswellia Serrata -uute - NATURAL POLAND - RAAKA-AINEIDEN TUKKUJAKELIJA<\/title>\n<meta name=\"description\" content=\"Boswellia Serrata -uutetta k\u00e4ytet\u00e4\u00e4n ravintolisiss\u00e4 ja tuotteissa tukemaan nivelten ja hengitysteiden terveytt\u00e4.\" \/>\n<meta name=\"robots\" content=\"index, follow, max-snippet:-1, max-image-preview:large, max-video-preview:-1\" \/>\n<link rel=\"canonical\" href=\"https:\/\/naturalpoland.com\/fi\/tuotteet\/kasviuutteet\/boswellia-serrata-uute\/\" \/>\n<meta property=\"og:locale\" content=\"fi_FI\" \/>\n<meta property=\"og:type\" content=\"article\" \/>\n<meta property=\"og:title\" content=\"Boswellia Serrata -uute - NATURAL POLAND - RAAKA-AINEIDEN TUKKUJAKELIJA\" \/>\n<meta property=\"og:description\" content=\"Boswellia Serrata -uutetta k\u00e4ytet\u00e4\u00e4n ravintolisiss\u00e4 ja tuotteissa tukemaan nivelten ja hengitysteiden terveytt\u00e4.\" \/>\n<meta property=\"og:url\" content=\"https:\/\/naturalpoland.com\/fi\/tuotteet\/kasviuutteet\/boswellia-serrata-uute\/\" \/>\n<meta property=\"og:site_name\" content=\"NATURAL POLAND - RAAKA-AINEIDEN TUKKUJAKELIJA\" \/>\n<meta property=\"article:publisher\" content=\"https:\/\/www.facebook.com\/naturalpoland.b2b\" \/>\n<meta property=\"article:modified_time\" content=\"2024-08-23T13:04:05+00:00\" \/>\n<meta property=\"og:image\" content=\"https:\/\/naturalpoland.com\/wp-content\/uploads\/boswellia_serrata_extract.webp\" \/>\n\t<meta property=\"og:image:width\" content=\"619\" \/>\n\t<meta property=\"og:image:height\" content=\"619\" \/>\n\t<meta property=\"og:image:type\" content=\"image\/webp\" \/>\n<script type=\"application\/ld+json\" class=\"yoast-schema-graph\">{\"@context\":\"https:\\\/\\\/schema.org\",\"@graph\":[{\"@type\":\"WebPage\",\"@id\":\"https:\\\/\\\/naturalpoland.com\\\/fi\\\/tuotteet\\\/kasviuutteet\\\/boswellia-serrata-uute\\\/\",\"url\":\"https:\\\/\\\/naturalpoland.com\\\/fi\\\/tuotteet\\\/kasviuutteet\\\/boswellia-serrata-uute\\\/\",\"name\":\"Boswellia Serrata -uute - NATURAL POLAND - RAAKA-AINEIDEN TUKKUJAKELIJA\",\"isPartOf\":{\"@id\":\"https:\\\/\\\/naturalpoland.com\\\/fi\\\/#website\"},\"primaryImageOfPage\":{\"@id\":\"https:\\\/\\\/naturalpoland.com\\\/fi\\\/tuotteet\\\/kasviuutteet\\\/boswellia-serrata-uute\\\/#primaryimage\"},\"image\":{\"@id\":\"https:\\\/\\\/naturalpoland.com\\\/fi\\\/tuotteet\\\/kasviuutteet\\\/boswellia-serrata-uute\\\/#primaryimage\"},\"thumbnailUrl\":\"https:\\\/\\\/naturalpoland.com\\\/wp-content\\\/uploads\\\/boswellia_serrata_extract.webp\",\"datePublished\":\"2021-09-10T13:29:38+00:00\",\"dateModified\":\"2024-08-23T13:04:05+00:00\",\"description\":\"Boswellia Serrata -uutetta k\u00e4ytet\u00e4\u00e4n ravintolisiss\u00e4 ja tuotteissa tukemaan nivelten ja hengitysteiden terveytt\u00e4.\",\"breadcrumb\":{\"@id\":\"https:\\\/\\\/naturalpoland.com\\\/fi\\\/tuotteet\\\/kasviuutteet\\\/boswellia-serrata-uute\\\/#breadcrumb\"},\"inLanguage\":\"fi\",\"potentialAction\":[{\"@type\":\"ReadAction\",\"target\":[\"https:\\\/\\\/naturalpoland.com\\\/fi\\\/tuotteet\\\/kasviuutteet\\\/boswellia-serrata-uute\\\/\"]}]},{\"@type\":\"ImageObject\",\"inLanguage\":\"fi\",\"@id\":\"https:\\\/\\\/naturalpoland.com\\\/fi\\\/tuotteet\\\/kasviuutteet\\\/boswellia-serrata-uute\\\/#primaryimage\",\"url\":\"https:\\\/\\\/naturalpoland.com\\\/wp-content\\\/uploads\\\/boswellia_serrata_extract.webp\",\"contentUrl\":\"https:\\\/\\\/naturalpoland.com\\\/wp-content\\\/uploads\\\/boswellia_serrata_extract.webp\",\"width\":619,\"height\":619,\"caption\":\"Ekstrakt z boswellia serrata pochodz\u0105cy z \u017cywicy drzewa Boswellia serrata ma posta\u0107 drobnego proszku o kolorze od bia\u0142ego do kremowego.\"},{\"@type\":\"BreadcrumbList\",\"@id\":\"https:\\\/\\\/naturalpoland.com\\\/fi\\\/tuotteet\\\/kasviuutteet\\\/boswellia-serrata-uute\\\/#breadcrumb\",\"itemListElement\":[{\"@type\":\"ListItem\",\"position\":1,\"name\":\"Etusivu\",\"item\":\"https:\\\/\\\/naturalpoland.com\\\/fi\\\/\"},{\"@type\":\"ListItem\",\"position\":2,\"name\":\"Tuotteet\",\"item\":\"https:\\\/\\\/naturalpoland.com\\\/fi\\\/tuotteet\\\/\"},{\"@type\":\"ListItem\",\"position\":3,\"name\":\"Boswellia Serrata -uute\"}]},{\"@type\":\"WebSite\",\"@id\":\"https:\\\/\\\/naturalpoland.com\\\/fi\\\/#website\",\"url\":\"https:\\\/\\\/naturalpoland.com\\\/fi\\\/\",\"name\":\"NATURAL POLAND - RAAKA-AINEIDEN TUKKUJAKELIJA\",\"description\":\"Surowce dla przemys\u0142u spo\u017cywczego, kosmetycznego i farmaceutycznego\",\"publisher\":{\"@id\":\"https:\\\/\\\/naturalpoland.com\\\/fi\\\/#organization\"},\"potentialAction\":[{\"@type\":\"SearchAction\",\"target\":{\"@type\":\"EntryPoint\",\"urlTemplate\":\"https:\\\/\\\/naturalpoland.com\\\/fi\\\/?s={search_term_string}\"},\"query-input\":{\"@type\":\"PropertyValueSpecification\",\"valueRequired\":true,\"valueName\":\"search_term_string\"}}],\"inLanguage\":\"fi\"},{\"@type\":\"Organization\",\"@id\":\"https:\\\/\\\/naturalpoland.com\\\/fi\\\/#organization\",\"name\":\"Natural Poland\",\"url\":\"https:\\\/\\\/naturalpoland.com\\\/fi\\\/\",\"logo\":{\"@type\":\"ImageObject\",\"inLanguage\":\"fi\",\"@id\":\"https:\\\/\\\/naturalpoland.com\\\/fi\\\/#\\\/schema\\\/logo\\\/image\\\/\",\"url\":\"https:\\\/\\\/naturalpoland.com\\\/wp-content\\\/uploads\\\/2021\\\/05\\\/natural-poland-icon.png\",\"contentUrl\":\"https:\\\/\\\/naturalpoland.com\\\/wp-content\\\/uploads\\\/2021\\\/05\\\/natural-poland-icon.png\",\"width\":512,\"height\":512,\"caption\":\"Natural Poland\"},\"image\":{\"@id\":\"https:\\\/\\\/naturalpoland.com\\\/fi\\\/#\\\/schema\\\/logo\\\/image\\\/\"},\"sameAs\":[\"https:\\\/\\\/www.facebook.com\\\/naturalpoland.b2b\",\"https:\\\/\\\/pl.linkedin.com\\\/company\\\/natural-poland\",\"https:\\\/\\\/www.youtube.com\\\/channel\\\/UCgeGGkvOMahZo-xu_MSEWxg\"]}]}<\/script>\n<!-- \/ Yoast SEO plugin. -->","yoast_head_json":{"title":"Boswellia Serrata -uute - NATURAL POLAND - RAAKA-AINEIDEN TUKKUJAKELIJA","description":"Boswellia Serrata -uutetta k\u00e4ytet\u00e4\u00e4n ravintolisiss\u00e4 ja tuotteissa tukemaan nivelten ja hengitysteiden terveytt\u00e4.","robots":{"index":"index","follow":"follow","max-snippet":"max-snippet:-1","max-image-preview":"max-image-preview:large","max-video-preview":"max-video-preview:-1"},"canonical":"https:\/\/naturalpoland.com\/fi\/tuotteet\/kasviuutteet\/boswellia-serrata-uute\/","og_locale":"fi_FI","og_type":"article","og_title":"Boswellia Serrata -uute - NATURAL POLAND - RAAKA-AINEIDEN TUKKUJAKELIJA","og_description":"Boswellia Serrata -uutetta k\u00e4ytet\u00e4\u00e4n ravintolisiss\u00e4 ja tuotteissa tukemaan nivelten ja hengitysteiden terveytt\u00e4.","og_url":"https:\/\/naturalpoland.com\/fi\/tuotteet\/kasviuutteet\/boswellia-serrata-uute\/","og_site_name":"NATURAL POLAND - RAAKA-AINEIDEN TUKKUJAKELIJA","article_publisher":"https:\/\/www.facebook.com\/naturalpoland.b2b","article_modified_time":"2024-08-23T13:04:05+00:00","og_image":[{"width":619,"height":619,"url":"https:\/\/naturalpoland.com\/wp-content\/uploads\/boswellia_serrata_extract.webp","type":"image\/webp"}],"schema":{"@context":"https:\/\/schema.org","@graph":[{"@type":"WebPage","@id":"https:\/\/naturalpoland.com\/fi\/tuotteet\/kasviuutteet\/boswellia-serrata-uute\/","url":"https:\/\/naturalpoland.com\/fi\/tuotteet\/kasviuutteet\/boswellia-serrata-uute\/","name":"Boswellia Serrata -uute - NATURAL POLAND - RAAKA-AINEIDEN TUKKUJAKELIJA","isPartOf":{"@id":"https:\/\/naturalpoland.com\/fi\/#website"},"primaryImageOfPage":{"@id":"https:\/\/naturalpoland.com\/fi\/tuotteet\/kasviuutteet\/boswellia-serrata-uute\/#primaryimage"},"image":{"@id":"https:\/\/naturalpoland.com\/fi\/tuotteet\/kasviuutteet\/boswellia-serrata-uute\/#primaryimage"},"thumbnailUrl":"https:\/\/naturalpoland.com\/wp-content\/uploads\/boswellia_serrata_extract.webp","datePublished":"2021-09-10T13:29:38+00:00","dateModified":"2024-08-23T13:04:05+00:00","description":"Boswellia Serrata -uutetta k\u00e4ytet\u00e4\u00e4n ravintolisiss\u00e4 ja tuotteissa tukemaan nivelten ja hengitysteiden terveytt\u00e4.","breadcrumb":{"@id":"https:\/\/naturalpoland.com\/fi\/tuotteet\/kasviuutteet\/boswellia-serrata-uute\/#breadcrumb"},"inLanguage":"fi","potentialAction":[{"@type":"ReadAction","target":["https:\/\/naturalpoland.com\/fi\/tuotteet\/kasviuutteet\/boswellia-serrata-uute\/"]}]},{"@type":"ImageObject","inLanguage":"fi","@id":"https:\/\/naturalpoland.com\/fi\/tuotteet\/kasviuutteet\/boswellia-serrata-uute\/#primaryimage","url":"https:\/\/naturalpoland.com\/wp-content\/uploads\/boswellia_serrata_extract.webp","contentUrl":"https:\/\/naturalpoland.com\/wp-content\/uploads\/boswellia_serrata_extract.webp","width":619,"height":619,"caption":"Ekstrakt z boswellia serrata pochodz\u0105cy z \u017cywicy drzewa Boswellia serrata ma posta\u0107 drobnego proszku o kolorze od bia\u0142ego do kremowego."},{"@type":"BreadcrumbList","@id":"https:\/\/naturalpoland.com\/fi\/tuotteet\/kasviuutteet\/boswellia-serrata-uute\/#breadcrumb","itemListElement":[{"@type":"ListItem","position":1,"name":"Etusivu","item":"https:\/\/naturalpoland.com\/fi\/"},{"@type":"ListItem","position":2,"name":"Tuotteet","item":"https:\/\/naturalpoland.com\/fi\/tuotteet\/"},{"@type":"ListItem","position":3,"name":"Boswellia Serrata -uute"}]},{"@type":"WebSite","@id":"https:\/\/naturalpoland.com\/fi\/#website","url":"https:\/\/naturalpoland.com\/fi\/","name":"NATURAL POLAND - RAAKA-AINEIDEN TUKKUJAKELIJA","description":"Surowce dla przemys\u0142u spo\u017cywczego, kosmetycznego i farmaceutycznego","publisher":{"@id":"https:\/\/naturalpoland.com\/fi\/#organization"},"potentialAction":[{"@type":"SearchAction","target":{"@type":"EntryPoint","urlTemplate":"https:\/\/naturalpoland.com\/fi\/?s={search_term_string}"},"query-input":{"@type":"PropertyValueSpecification","valueRequired":true,"valueName":"search_term_string"}}],"inLanguage":"fi"},{"@type":"Organization","@id":"https:\/\/naturalpoland.com\/fi\/#organization","name":"Natural Poland","url":"https:\/\/naturalpoland.com\/fi\/","logo":{"@type":"ImageObject","inLanguage":"fi","@id":"https:\/\/naturalpoland.com\/fi\/#\/schema\/logo\/image\/","url":"https:\/\/naturalpoland.com\/wp-content\/uploads\/2021\/05\/natural-poland-icon.png","contentUrl":"https:\/\/naturalpoland.com\/wp-content\/uploads\/2021\/05\/natural-poland-icon.png","width":512,"height":512,"caption":"Natural Poland"},"image":{"@id":"https:\/\/naturalpoland.com\/fi\/#\/schema\/logo\/image\/"},"sameAs":["https:\/\/www.facebook.com\/naturalpoland.b2b","https:\/\/pl.linkedin.com\/company\/natural-poland","https:\/\/www.youtube.com\/channel\/UCgeGGkvOMahZo-xu_MSEWxg"]}]}},"_links":{"self":[{"href":"https:\/\/naturalpoland.com\/fi\/wp-json\/wp\/v2\/product\/9220","targetHints":{"allow":["GET"]}}],"collection":[{"href":"https:\/\/naturalpoland.com\/fi\/wp-json\/wp\/v2\/product"}],"about":[{"href":"https:\/\/naturalpoland.com\/fi\/wp-json\/wp\/v2\/types\/product"}],"wp:featuredmedia":[{"embeddable":true,"href":"https:\/\/naturalpoland.com\/fi\/wp-json\/wp\/v2\/media\/34852"}],"wp:attachment":[{"href":"https:\/\/naturalpoland.com\/fi\/wp-json\/wp\/v2\/media?parent=9220"}],"wp:term":[{"taxonomy":"product_brand","embeddable":true,"href":"https:\/\/naturalpoland.com\/fi\/wp-json\/wp\/v2\/product_brand?post=9220"},{"taxonomy":"product_cat","embeddable":true,"href":"https:\/\/naturalpoland.com\/fi\/wp-json\/wp\/v2\/product_cat?post=9220"},{"taxonomy":"product_tag","embeddable":true,"href":"https:\/\/naturalpoland.com\/fi\/wp-json\/wp\/v2\/product_tag?post=9220"}],"curies":[{"name":"wp","href":"https:\/\/api.w.org\/{rel}","templated":true}]}}