{"id":9233,"date":"2021-06-14T16:56:14","date_gmt":"2021-09-10T13:29:46","guid":{"rendered":"https:\/\/naturalpoland.pl\/produkty\/Ei-luokiteltu\/graviola-uute\/"},"modified":"2024-10-07T12:01:38","modified_gmt":"2024-10-07T10:01:38","slug":"graviola-uute","status":"publish","type":"product","link":"https:\/\/naturalpoland.com\/fi\/tuotteet\/kasviuutteet\/graviola-uute\/","title":{"rendered":"Graviola -uute"},"content":{"rendered":"<h2>Graviola-uutteen ominaisuudet<\/h2>\n<p>  Graviola-uute sis\u00e4lt\u00e4\u00e4 biologisesti aktiivisia yhdisteit\u00e4, kuten <strong>annonaceous acetogenineja<\/strong> ja vitamiineja, kuten.<br \/>\nC-, B-, E- ja K-vitamiinia sek\u00e4 kivenn\u00e4isaineita, kuten magnesiumia, fosforia, kaliumia, rautaa ja sinkki\u00e4.<br \/>\nN\u00e4m\u00e4 yhdisteet tukevat elimist\u00f6n toimintaa monilla tasoilla, immuniteetin vahvistamisesta infektioilta suojaamiseen.    <\/p>\n<h2>Graviola-uutteen vaikutus<\/h2>\n<p>  Graviolauutteen merkitt\u00e4vin ominaisuus on sen <strong>sy\u00f6v\u00e4nvastaiset ominaisuudet<\/strong>.<br \/>\nAsetogeniinit, joita uutteessa on suuria m\u00e4\u00e4ri\u00e4, osoittavat kyky\u00e4 tuhota valikoivasti sy\u00f6p\u00e4soluja vahingoittamatta terveit\u00e4 soluja.<br \/>\nGraviola on osoittanut suurta tehoa esimerkiksi rinta-, eturauhas-, haima-, keuhko- ja paksusuolen sy\u00f6piin.<br \/>\nVaikutusmekanismi on sy\u00f6p\u00e4solujen kalvoissa olevien entsyymien est\u00e4minen, mik\u00e4 est\u00e4\u00e4 niiden kehittymisen edelleen.<br \/>\nTutkimus graviolan k\u00e4yt\u00f6st\u00e4 tehokkaan uuden sy\u00f6p\u00e4l\u00e4\u00e4kkeen kehitt\u00e4miseksi on kuitenkin viel\u00e4 kesken.<br \/>\nGraviolauutteella on my\u00f6s vahvoja <strong>antibakteerisia ja loisl\u00e4\u00e4kkeit\u00e4 ehk\u00e4isevi\u00e4 ominaisuuksia<\/strong>.<br \/>\nGraviolan siemeni\u00e4 on perinteisesti k\u00e4ytetty loisten torjuntaan, kun taas hedelmist\u00e4 ja lehdist\u00e4 saatavia uutteita on k\u00e4ytetty bakteeri- ja sieni-infektioiden torjuntaan sek\u00e4 ihosairauksien, kuten psoriaasin ja ekseeman, hoitoon.<br \/>\nUutteen k\u00e4ytt\u00f6 auttaa poistamaan sis\u00e4isi\u00e4 ja ulkoisia infektioita ja vahvistaa immuunij\u00e4rjestelm\u00e4\u00e4.<br \/>\nGraviolalla on my\u00f6s suotuisa vaikutus <strong>syd\u00e4n- ja verisuonij\u00e4rjestelm\u00e4\u00e4n<\/strong>, se alentaa verenpainetta ja tukee syd\u00e4men toimintaa.<br \/>\nKasvin sis\u00e4lt\u00e4m\u00e4t yhdisteet laajentavat verisuonia ja alentavat sykett\u00e4.<br \/>\nUutteella on my\u00f6s <strong>diabeteksen vastaisia vaikutuksia<\/strong>, jotka tukevat veren glukoosipitoisuuden s\u00e4\u00e4tely\u00e4.<br \/>\nGraviola-yrtin <strong>rauhoittavien ja ahdistusta lievitt\u00e4vien<\/strong> ominaisuuksien ansiosta uutetta voidaan k\u00e4ytt\u00e4\u00e4 luonnollisena tukena stressi\u00e4, hermostuneisuutta ja unettomuutta vastaan.<br \/>\nS\u00e4\u00e4nn\u00f6llinen k\u00e4ytt\u00f6 auttaa parantamaan unen laatua, lievitt\u00e4\u00e4 hermostuneisuutta ja rauhoittaa.<br \/>\nSit\u00e4 voidaan k\u00e4ytt\u00e4\u00e4 luonnollisena vaihtoehtona tulehduskipul\u00e4\u00e4kkeille, sill\u00e4 se tarjoaa helpotusta ilman sivuvaikutuksia, koska sill\u00e4 on <strong>tulehdusta ja kipua lievitt\u00e4vi\u00e4<\/strong> vaikutuksia.               &nbsp;<\/p>\n","protected":false},"excerpt":{"rendered":"<p><strong>Graviolauute<\/strong> uutetaan graviolan<em>(Annona muricata<\/em>), joka tunnetaan my\u00f6s nimell\u00e4 pehmytpuu cherimoya, hedelmist\u00e4.<br \/>\nSe on trooppinen puu, jolla on poikkeuksellisia terveysominaisuuksia ja joka on kotoisin Keski- ja Etel\u00e4-Amerikasta. <\/p>\n","protected":false},"featured_media":35832,"template":"","meta":[],"product_brand":[],"product_cat":[528],"product_tag":[],"class_list":{"0":"post-9233","1":"product","2":"type-product","3":"status-publish","4":"has-post-thumbnail","6":"product_cat-kasviuutteet","7":"pa_czesc-rosliny-hedelmat","9":"first","10":"instock","11":"shipping-taxable","12":"product-type-simple"},"yoast_head":"<!-- This site is optimized with the Yoast SEO plugin v27.4 - https:\/\/yoast.com\/product\/yoast-seo-wordpress\/ -->\n<title>Graviola -uute - NATURAL POLAND - RAAKA-AINEIDEN TUKKUJAKELIJA<\/title>\n<meta name=\"description\" content=\"Graviolauute on ainutlaatuinen tuote, jolla on laaja vaikutusspektri - sill\u00e4 on sy\u00f6v\u00e4nvastaisia, antibakteerisia, rauhoittavia ja vahvistavia ominaisuuksia.\" \/>\n<meta name=\"robots\" content=\"index, follow, max-snippet:-1, max-image-preview:large, max-video-preview:-1\" \/>\n<link rel=\"canonical\" href=\"https:\/\/naturalpoland.com\/fi\/tuotteet\/kasviuutteet\/graviola-uute\/\" \/>\n<meta property=\"og:locale\" content=\"fi_FI\" \/>\n<meta property=\"og:type\" content=\"article\" \/>\n<meta property=\"og:title\" content=\"Graviola -uute - NATURAL POLAND - RAAKA-AINEIDEN TUKKUJAKELIJA\" \/>\n<meta property=\"og:description\" content=\"Graviolauute on ainutlaatuinen tuote, jolla on laaja vaikutusspektri - sill\u00e4 on sy\u00f6v\u00e4nvastaisia, antibakteerisia, rauhoittavia ja vahvistavia ominaisuuksia.\" \/>\n<meta property=\"og:url\" content=\"https:\/\/naturalpoland.com\/fi\/tuotteet\/kasviuutteet\/graviola-uute\/\" \/>\n<meta property=\"og:site_name\" content=\"NATURAL POLAND - RAAKA-AINEIDEN TUKKUJAKELIJA\" \/>\n<meta property=\"article:publisher\" content=\"https:\/\/www.facebook.com\/naturalpoland.b2b\" \/>\n<meta property=\"article:modified_time\" content=\"2024-10-07T10:01:38+00:00\" \/>\n<meta property=\"og:image\" content=\"https:\/\/naturalpoland.com\/wp-content\/uploads\/ekstrakt-z-gravioli.webp\" \/>\n\t<meta property=\"og:image:width\" content=\"619\" \/>\n\t<meta property=\"og:image:height\" content=\"619\" \/>\n\t<meta property=\"og:image:type\" content=\"image\/webp\" \/>\n<script type=\"application\/ld+json\" class=\"yoast-schema-graph\">{\"@context\":\"https:\\\/\\\/schema.org\",\"@graph\":[{\"@type\":\"WebPage\",\"@id\":\"https:\\\/\\\/naturalpoland.com\\\/fi\\\/tuotteet\\\/kasviuutteet\\\/graviola-uute\\\/\",\"url\":\"https:\\\/\\\/naturalpoland.com\\\/fi\\\/tuotteet\\\/kasviuutteet\\\/graviola-uute\\\/\",\"name\":\"Graviola -uute - NATURAL POLAND - RAAKA-AINEIDEN TUKKUJAKELIJA\",\"isPartOf\":{\"@id\":\"https:\\\/\\\/naturalpoland.com\\\/fi\\\/#website\"},\"primaryImageOfPage\":{\"@id\":\"https:\\\/\\\/naturalpoland.com\\\/fi\\\/tuotteet\\\/kasviuutteet\\\/graviola-uute\\\/#primaryimage\"},\"image\":{\"@id\":\"https:\\\/\\\/naturalpoland.com\\\/fi\\\/tuotteet\\\/kasviuutteet\\\/graviola-uute\\\/#primaryimage\"},\"thumbnailUrl\":\"https:\\\/\\\/naturalpoland.com\\\/wp-content\\\/uploads\\\/ekstrakt-z-gravioli.webp\",\"datePublished\":\"2021-09-10T13:29:46+00:00\",\"dateModified\":\"2024-10-07T10:01:38+00:00\",\"description\":\"Graviolauute on ainutlaatuinen tuote, jolla on laaja vaikutusspektri - sill\u00e4 on sy\u00f6v\u00e4nvastaisia, antibakteerisia, rauhoittavia ja vahvistavia ominaisuuksia.\",\"breadcrumb\":{\"@id\":\"https:\\\/\\\/naturalpoland.com\\\/fi\\\/tuotteet\\\/kasviuutteet\\\/graviola-uute\\\/#breadcrumb\"},\"inLanguage\":\"fi\",\"potentialAction\":[{\"@type\":\"ReadAction\",\"target\":[\"https:\\\/\\\/naturalpoland.com\\\/fi\\\/tuotteet\\\/kasviuutteet\\\/graviola-uute\\\/\"]}]},{\"@type\":\"ImageObject\",\"inLanguage\":\"fi\",\"@id\":\"https:\\\/\\\/naturalpoland.com\\\/fi\\\/tuotteet\\\/kasviuutteet\\\/graviola-uute\\\/#primaryimage\",\"url\":\"https:\\\/\\\/naturalpoland.com\\\/wp-content\\\/uploads\\\/ekstrakt-z-gravioli.webp\",\"contentUrl\":\"https:\\\/\\\/naturalpoland.com\\\/wp-content\\\/uploads\\\/ekstrakt-z-gravioli.webp\",\"width\":619,\"height\":619,\"caption\":\"ekstrakt z owocu gravioli w postaci \u017c\u00f3\u0142to-br\u0105zowego proszku\"},{\"@type\":\"BreadcrumbList\",\"@id\":\"https:\\\/\\\/naturalpoland.com\\\/fi\\\/tuotteet\\\/kasviuutteet\\\/graviola-uute\\\/#breadcrumb\",\"itemListElement\":[{\"@type\":\"ListItem\",\"position\":1,\"name\":\"Etusivu\",\"item\":\"https:\\\/\\\/naturalpoland.com\\\/fi\\\/\"},{\"@type\":\"ListItem\",\"position\":2,\"name\":\"Tuotteet\",\"item\":\"https:\\\/\\\/naturalpoland.com\\\/fi\\\/tuotteet\\\/\"},{\"@type\":\"ListItem\",\"position\":3,\"name\":\"Graviola -uute\"}]},{\"@type\":\"WebSite\",\"@id\":\"https:\\\/\\\/naturalpoland.com\\\/fi\\\/#website\",\"url\":\"https:\\\/\\\/naturalpoland.com\\\/fi\\\/\",\"name\":\"NATURAL POLAND - RAAKA-AINEIDEN TUKKUJAKELIJA\",\"description\":\"Surowce dla przemys\u0142u spo\u017cywczego, kosmetycznego i farmaceutycznego\",\"publisher\":{\"@id\":\"https:\\\/\\\/naturalpoland.com\\\/fi\\\/#organization\"},\"potentialAction\":[{\"@type\":\"SearchAction\",\"target\":{\"@type\":\"EntryPoint\",\"urlTemplate\":\"https:\\\/\\\/naturalpoland.com\\\/fi\\\/?s={search_term_string}\"},\"query-input\":{\"@type\":\"PropertyValueSpecification\",\"valueRequired\":true,\"valueName\":\"search_term_string\"}}],\"inLanguage\":\"fi\"},{\"@type\":\"Organization\",\"@id\":\"https:\\\/\\\/naturalpoland.com\\\/fi\\\/#organization\",\"name\":\"Natural Poland\",\"url\":\"https:\\\/\\\/naturalpoland.com\\\/fi\\\/\",\"logo\":{\"@type\":\"ImageObject\",\"inLanguage\":\"fi\",\"@id\":\"https:\\\/\\\/naturalpoland.com\\\/fi\\\/#\\\/schema\\\/logo\\\/image\\\/\",\"url\":\"https:\\\/\\\/naturalpoland.com\\\/wp-content\\\/uploads\\\/2021\\\/05\\\/natural-poland-icon.png\",\"contentUrl\":\"https:\\\/\\\/naturalpoland.com\\\/wp-content\\\/uploads\\\/2021\\\/05\\\/natural-poland-icon.png\",\"width\":512,\"height\":512,\"caption\":\"Natural Poland\"},\"image\":{\"@id\":\"https:\\\/\\\/naturalpoland.com\\\/fi\\\/#\\\/schema\\\/logo\\\/image\\\/\"},\"sameAs\":[\"https:\\\/\\\/www.facebook.com\\\/naturalpoland.b2b\",\"https:\\\/\\\/pl.linkedin.com\\\/company\\\/natural-poland\",\"https:\\\/\\\/www.youtube.com\\\/channel\\\/UCgeGGkvOMahZo-xu_MSEWxg\"]}]}<\/script>\n<!-- \/ Yoast SEO plugin. -->","yoast_head_json":{"title":"Graviola -uute - NATURAL POLAND - RAAKA-AINEIDEN TUKKUJAKELIJA","description":"Graviolauute on ainutlaatuinen tuote, jolla on laaja vaikutusspektri - sill\u00e4 on sy\u00f6v\u00e4nvastaisia, antibakteerisia, rauhoittavia ja vahvistavia ominaisuuksia.","robots":{"index":"index","follow":"follow","max-snippet":"max-snippet:-1","max-image-preview":"max-image-preview:large","max-video-preview":"max-video-preview:-1"},"canonical":"https:\/\/naturalpoland.com\/fi\/tuotteet\/kasviuutteet\/graviola-uute\/","og_locale":"fi_FI","og_type":"article","og_title":"Graviola -uute - NATURAL POLAND - RAAKA-AINEIDEN TUKKUJAKELIJA","og_description":"Graviolauute on ainutlaatuinen tuote, jolla on laaja vaikutusspektri - sill\u00e4 on sy\u00f6v\u00e4nvastaisia, antibakteerisia, rauhoittavia ja vahvistavia ominaisuuksia.","og_url":"https:\/\/naturalpoland.com\/fi\/tuotteet\/kasviuutteet\/graviola-uute\/","og_site_name":"NATURAL POLAND - RAAKA-AINEIDEN TUKKUJAKELIJA","article_publisher":"https:\/\/www.facebook.com\/naturalpoland.b2b","article_modified_time":"2024-10-07T10:01:38+00:00","og_image":[{"width":619,"height":619,"url":"https:\/\/naturalpoland.com\/wp-content\/uploads\/ekstrakt-z-gravioli.webp","type":"image\/webp"}],"schema":{"@context":"https:\/\/schema.org","@graph":[{"@type":"WebPage","@id":"https:\/\/naturalpoland.com\/fi\/tuotteet\/kasviuutteet\/graviola-uute\/","url":"https:\/\/naturalpoland.com\/fi\/tuotteet\/kasviuutteet\/graviola-uute\/","name":"Graviola -uute - NATURAL POLAND - RAAKA-AINEIDEN TUKKUJAKELIJA","isPartOf":{"@id":"https:\/\/naturalpoland.com\/fi\/#website"},"primaryImageOfPage":{"@id":"https:\/\/naturalpoland.com\/fi\/tuotteet\/kasviuutteet\/graviola-uute\/#primaryimage"},"image":{"@id":"https:\/\/naturalpoland.com\/fi\/tuotteet\/kasviuutteet\/graviola-uute\/#primaryimage"},"thumbnailUrl":"https:\/\/naturalpoland.com\/wp-content\/uploads\/ekstrakt-z-gravioli.webp","datePublished":"2021-09-10T13:29:46+00:00","dateModified":"2024-10-07T10:01:38+00:00","description":"Graviolauute on ainutlaatuinen tuote, jolla on laaja vaikutusspektri - sill\u00e4 on sy\u00f6v\u00e4nvastaisia, antibakteerisia, rauhoittavia ja vahvistavia ominaisuuksia.","breadcrumb":{"@id":"https:\/\/naturalpoland.com\/fi\/tuotteet\/kasviuutteet\/graviola-uute\/#breadcrumb"},"inLanguage":"fi","potentialAction":[{"@type":"ReadAction","target":["https:\/\/naturalpoland.com\/fi\/tuotteet\/kasviuutteet\/graviola-uute\/"]}]},{"@type":"ImageObject","inLanguage":"fi","@id":"https:\/\/naturalpoland.com\/fi\/tuotteet\/kasviuutteet\/graviola-uute\/#primaryimage","url":"https:\/\/naturalpoland.com\/wp-content\/uploads\/ekstrakt-z-gravioli.webp","contentUrl":"https:\/\/naturalpoland.com\/wp-content\/uploads\/ekstrakt-z-gravioli.webp","width":619,"height":619,"caption":"ekstrakt z owocu gravioli w postaci \u017c\u00f3\u0142to-br\u0105zowego proszku"},{"@type":"BreadcrumbList","@id":"https:\/\/naturalpoland.com\/fi\/tuotteet\/kasviuutteet\/graviola-uute\/#breadcrumb","itemListElement":[{"@type":"ListItem","position":1,"name":"Etusivu","item":"https:\/\/naturalpoland.com\/fi\/"},{"@type":"ListItem","position":2,"name":"Tuotteet","item":"https:\/\/naturalpoland.com\/fi\/tuotteet\/"},{"@type":"ListItem","position":3,"name":"Graviola -uute"}]},{"@type":"WebSite","@id":"https:\/\/naturalpoland.com\/fi\/#website","url":"https:\/\/naturalpoland.com\/fi\/","name":"NATURAL POLAND - RAAKA-AINEIDEN TUKKUJAKELIJA","description":"Surowce dla przemys\u0142u spo\u017cywczego, kosmetycznego i farmaceutycznego","publisher":{"@id":"https:\/\/naturalpoland.com\/fi\/#organization"},"potentialAction":[{"@type":"SearchAction","target":{"@type":"EntryPoint","urlTemplate":"https:\/\/naturalpoland.com\/fi\/?s={search_term_string}"},"query-input":{"@type":"PropertyValueSpecification","valueRequired":true,"valueName":"search_term_string"}}],"inLanguage":"fi"},{"@type":"Organization","@id":"https:\/\/naturalpoland.com\/fi\/#organization","name":"Natural Poland","url":"https:\/\/naturalpoland.com\/fi\/","logo":{"@type":"ImageObject","inLanguage":"fi","@id":"https:\/\/naturalpoland.com\/fi\/#\/schema\/logo\/image\/","url":"https:\/\/naturalpoland.com\/wp-content\/uploads\/2021\/05\/natural-poland-icon.png","contentUrl":"https:\/\/naturalpoland.com\/wp-content\/uploads\/2021\/05\/natural-poland-icon.png","width":512,"height":512,"caption":"Natural Poland"},"image":{"@id":"https:\/\/naturalpoland.com\/fi\/#\/schema\/logo\/image\/"},"sameAs":["https:\/\/www.facebook.com\/naturalpoland.b2b","https:\/\/pl.linkedin.com\/company\/natural-poland","https:\/\/www.youtube.com\/channel\/UCgeGGkvOMahZo-xu_MSEWxg"]}]}},"_links":{"self":[{"href":"https:\/\/naturalpoland.com\/fi\/wp-json\/wp\/v2\/product\/9233","targetHints":{"allow":["GET"]}}],"collection":[{"href":"https:\/\/naturalpoland.com\/fi\/wp-json\/wp\/v2\/product"}],"about":[{"href":"https:\/\/naturalpoland.com\/fi\/wp-json\/wp\/v2\/types\/product"}],"wp:featuredmedia":[{"embeddable":true,"href":"https:\/\/naturalpoland.com\/fi\/wp-json\/wp\/v2\/media\/35832"}],"wp:attachment":[{"href":"https:\/\/naturalpoland.com\/fi\/wp-json\/wp\/v2\/media?parent=9233"}],"wp:term":[{"taxonomy":"product_brand","embeddable":true,"href":"https:\/\/naturalpoland.com\/fi\/wp-json\/wp\/v2\/product_brand?post=9233"},{"taxonomy":"product_cat","embeddable":true,"href":"https:\/\/naturalpoland.com\/fi\/wp-json\/wp\/v2\/product_cat?post=9233"},{"taxonomy":"product_tag","embeddable":true,"href":"https:\/\/naturalpoland.com\/fi\/wp-json\/wp\/v2\/product_tag?post=9233"}],"curies":[{"name":"wp","href":"https:\/\/api.w.org\/{rel}","templated":true}]}}