{"id":9248,"date":"2021-06-17T12:12:42","date_gmt":"2021-09-10T13:30:00","guid":{"rendered":"https:\/\/naturalpoland.pl\/produkty\/Ei-luokiteltu\/kaakaouute\/"},"modified":"2024-08-08T14:59:51","modified_gmt":"2024-08-08T12:59:51","slug":"kaakaouute","status":"publish","type":"product","link":"https:\/\/naturalpoland.com\/fi\/tuotteet\/kasviuutteet\/kaakaouute\/","title":{"rendered":"Kaakaouute"},"content":{"rendered":"<p>Kaakaouute on saatavilla hienojakoisena, kellanruskeana jauheena, jolla on ominainen tuoksu ja maku.<br \/>\nSen t\u00e4rkeimm\u00e4t aktiiviset ainesosat ovat <a href=\"https:\/\/naturalpoland.com\/artykuly\/surowce-kosmetyczne\/jakie-role-odgrywaja-polifenole-w-ochronie-skory\/\">polyfenolit<\/a>, <a href=\"https:\/\/naturalpoland.com\/artykuly\/produkty-naturalne\/czym-sa-i-jak-dzialaja-flawonoidy\/\">flavonoidit<\/a>, kofeiini, teobromiini sek\u00e4 vitamiinit (A-, E- ja B-ryhm\u00e4n vitamiinit) ja kivenn\u00e4isaineet (kalsium, rauta, magnesium, fosfori).   <\/p>\n<h2>Kaakaouutteen ominaisuudet ja vaikutukset:<\/h2>\n<p><strong>Kosteuttava ja ravitseva<\/strong> Kaakaouute kosteuttaa ja ravitsee ihoa intensiivisesti ja antaa sille t\u00e4rkeit\u00e4 ravintoaineita.<br \/>\nS\u00e4\u00e4nn\u00f6llinen k\u00e4ytt\u00f6 auttaa yll\u00e4pit\u00e4m\u00e4\u00e4n ihon kosteustasoa. <strong>V\u00e4hent\u00e4\u00e4 turvotusta ja tummia<\/strong> silm\u00e4nalusia Kykyns\u00e4 ansiosta parantaa mikroverenkiertoa, kaakaouute v\u00e4hent\u00e4\u00e4 verisuonten l\u00e4p\u00e4isevyytt\u00e4 ja kosteuden menetyst\u00e4, mik\u00e4 v\u00e4hent\u00e4\u00e4 tehokkaasti turvotusta ja tummia silm\u00e4nalusia. <strong>Lipolyyttinen vaikutus<\/strong> Kaakaouute stimuloi rasvakudoksen aineenvaihduntaa ja edist\u00e4\u00e4 siten selluliitin v\u00e4hent\u00e4mist\u00e4 ja vartalon muotoilua.<br \/>\nSen lipolyyttinen vaikutus tukee rasvan hajoamisprosesseja, mik\u00e4 tekee siit\u00e4 ihanteellisen ainesosan laihdutus- ja selluliittia ehk\u00e4iseviss\u00e4 tuotteissa. <strong>Puhdistus ja vieroitus<\/strong> Kaakaouutteen sis\u00e4lt\u00e4m\u00e4t yhdisteet edist\u00e4v\u00e4t veren- ja imunesteen kiertoa, mik\u00e4 helpottaa myrkkyjen poistumista kehosta.<br \/>\nT\u00e4m\u00e4n seurauksena ihosta tulee kirkkaampi, s\u00e4teilev\u00e4mpi ja terveempi. <strong>UV-suojaus<\/strong> Kaakaouutteella on valolta suojaava vaikutus, joten se suojaa ihoa ja hiuksia haitallisilta UV-s\u00e4teilt\u00e4.<br \/>\nT\u00e4m\u00e4 on erityisen t\u00e4rke\u00e4\u00e4 v\u00e4rj\u00e4ttyjen hiusten v\u00e4rin s\u00e4ilytt\u00e4miseksi ja ihon valon aiheuttaman ik\u00e4\u00e4ntymisen est\u00e4miseksi.      &nbsp;<\/p>\n<h2>Kosmeettiset sovellukset<\/h2>\n<p>  Kaakaouute liukenee vesifaasiin, joten sit\u00e4 on helppo k\u00e4ytt\u00e4\u00e4 erilaisissa kosmeettisissa valmisteissa.<br \/>\nSit\u00e4 voidaan k\u00e4ytt\u00e4\u00e4 aktiivisena ainesosana voiteissa, seerumeissa, kasvovoiteissa, shampoissa ja hoitoaineissa sek\u00e4 kasvonaamioissa. <\/p>\n","protected":false},"excerpt":{"rendered":"<p>Tarjoamme korkealaatuista kaakaopapuuutetta (Theobroma cacao L.).<br \/>\nTuote on per\u00e4isin Kiinasta, ja se uutetaan vesipohjaisella uuttoprosessilla. <\/p>\n","protected":false},"featured_media":9252,"template":"","meta":[],"product_brand":[],"product_cat":[528],"product_tag":[],"class_list":{"0":"post-9248","1":"product","2":"type-product","3":"status-publish","4":"has-post-thumbnail","6":"product_cat-kasviuutteet","7":"pa_certyfikaty-halal-fi","8":"pa_certyfikaty-kosher-sertifikaatti","9":"pa_czesc-rosliny-pavut","11":"first","12":"instock","13":"shipping-taxable","14":"product-type-simple"},"yoast_head":"<!-- This site is optimized with the Yoast SEO plugin v27.4 - https:\/\/yoast.com\/product\/yoast-seo-wordpress\/ -->\n<title>Kaakaouute - NATURAL POLAND - RAAKA-AINEIDEN TUKKUJAKELIJA<\/title>\n<meta name=\"description\" content=\"Kaakaopapuuute sis\u00e4lt\u00e4\u00e4 suuria m\u00e4\u00e4ri\u00e4 flavonoleja, jotka v\u00e4hent\u00e4v\u00e4t syd\u00e4n- ja Alzheimerin taudin riski\u00e4.\" \/>\n<meta name=\"robots\" content=\"index, follow, max-snippet:-1, max-image-preview:large, max-video-preview:-1\" \/>\n<link rel=\"canonical\" href=\"https:\/\/naturalpoland.com\/fi\/tuotteet\/kasviuutteet\/kaakaouute\/\" \/>\n<meta property=\"og:locale\" content=\"fi_FI\" \/>\n<meta property=\"og:type\" content=\"article\" \/>\n<meta property=\"og:title\" content=\"Kaakaouute - NATURAL POLAND - RAAKA-AINEIDEN TUKKUJAKELIJA\" \/>\n<meta property=\"og:description\" content=\"Kaakaopapuuute sis\u00e4lt\u00e4\u00e4 suuria m\u00e4\u00e4ri\u00e4 flavonoleja, jotka v\u00e4hent\u00e4v\u00e4t syd\u00e4n- ja Alzheimerin taudin riski\u00e4.\" \/>\n<meta property=\"og:url\" content=\"https:\/\/naturalpoland.com\/fi\/tuotteet\/kasviuutteet\/kaakaouute\/\" \/>\n<meta property=\"og:site_name\" content=\"NATURAL POLAND - RAAKA-AINEIDEN TUKKUJAKELIJA\" \/>\n<meta property=\"article:publisher\" content=\"https:\/\/www.facebook.com\/naturalpoland.b2b\" \/>\n<meta property=\"article:modified_time\" content=\"2024-08-08T12:59:51+00:00\" \/>\n<meta property=\"og:image\" content=\"https:\/\/naturalpoland.com\/wp-content\/uploads\/ekstrakt-z-kakao.jpg\" \/>\n\t<meta property=\"og:image:width\" content=\"650\" \/>\n\t<meta property=\"og:image:height\" content=\"572\" \/>\n\t<meta property=\"og:image:type\" content=\"image\/jpeg\" \/>\n<script type=\"application\/ld+json\" class=\"yoast-schema-graph\">{\"@context\":\"https:\\\/\\\/schema.org\",\"@graph\":[{\"@type\":\"WebPage\",\"@id\":\"https:\\\/\\\/naturalpoland.com\\\/fi\\\/tuotteet\\\/kasviuutteet\\\/kaakaouute\\\/\",\"url\":\"https:\\\/\\\/naturalpoland.com\\\/fi\\\/tuotteet\\\/kasviuutteet\\\/kaakaouute\\\/\",\"name\":\"Kaakaouute - NATURAL POLAND - RAAKA-AINEIDEN TUKKUJAKELIJA\",\"isPartOf\":{\"@id\":\"https:\\\/\\\/naturalpoland.com\\\/fi\\\/#website\"},\"primaryImageOfPage\":{\"@id\":\"https:\\\/\\\/naturalpoland.com\\\/fi\\\/tuotteet\\\/kasviuutteet\\\/kaakaouute\\\/#primaryimage\"},\"image\":{\"@id\":\"https:\\\/\\\/naturalpoland.com\\\/fi\\\/tuotteet\\\/kasviuutteet\\\/kaakaouute\\\/#primaryimage\"},\"thumbnailUrl\":\"https:\\\/\\\/naturalpoland.com\\\/wp-content\\\/uploads\\\/ekstrakt-z-kakao.jpg\",\"datePublished\":\"2021-09-10T13:30:00+00:00\",\"dateModified\":\"2024-08-08T12:59:51+00:00\",\"description\":\"Kaakaopapuuute sis\u00e4lt\u00e4\u00e4 suuria m\u00e4\u00e4ri\u00e4 flavonoleja, jotka v\u00e4hent\u00e4v\u00e4t syd\u00e4n- ja Alzheimerin taudin riski\u00e4.\",\"breadcrumb\":{\"@id\":\"https:\\\/\\\/naturalpoland.com\\\/fi\\\/tuotteet\\\/kasviuutteet\\\/kaakaouute\\\/#breadcrumb\"},\"inLanguage\":\"fi\",\"potentialAction\":[{\"@type\":\"ReadAction\",\"target\":[\"https:\\\/\\\/naturalpoland.com\\\/fi\\\/tuotteet\\\/kasviuutteet\\\/kaakaouute\\\/\"]}]},{\"@type\":\"ImageObject\",\"inLanguage\":\"fi\",\"@id\":\"https:\\\/\\\/naturalpoland.com\\\/fi\\\/tuotteet\\\/kasviuutteet\\\/kaakaouute\\\/#primaryimage\",\"url\":\"https:\\\/\\\/naturalpoland.com\\\/wp-content\\\/uploads\\\/ekstrakt-z-kakao.jpg\",\"contentUrl\":\"https:\\\/\\\/naturalpoland.com\\\/wp-content\\\/uploads\\\/ekstrakt-z-kakao.jpg\",\"width\":650,\"height\":572},{\"@type\":\"BreadcrumbList\",\"@id\":\"https:\\\/\\\/naturalpoland.com\\\/fi\\\/tuotteet\\\/kasviuutteet\\\/kaakaouute\\\/#breadcrumb\",\"itemListElement\":[{\"@type\":\"ListItem\",\"position\":1,\"name\":\"Etusivu\",\"item\":\"https:\\\/\\\/naturalpoland.com\\\/fi\\\/\"},{\"@type\":\"ListItem\",\"position\":2,\"name\":\"Tuotteet\",\"item\":\"https:\\\/\\\/naturalpoland.com\\\/fi\\\/tuotteet\\\/\"},{\"@type\":\"ListItem\",\"position\":3,\"name\":\"Kaakaouute\"}]},{\"@type\":\"WebSite\",\"@id\":\"https:\\\/\\\/naturalpoland.com\\\/fi\\\/#website\",\"url\":\"https:\\\/\\\/naturalpoland.com\\\/fi\\\/\",\"name\":\"NATURAL POLAND - RAAKA-AINEIDEN TUKKUJAKELIJA\",\"description\":\"Surowce dla przemys\u0142u spo\u017cywczego, kosmetycznego i farmaceutycznego\",\"publisher\":{\"@id\":\"https:\\\/\\\/naturalpoland.com\\\/fi\\\/#organization\"},\"potentialAction\":[{\"@type\":\"SearchAction\",\"target\":{\"@type\":\"EntryPoint\",\"urlTemplate\":\"https:\\\/\\\/naturalpoland.com\\\/fi\\\/?s={search_term_string}\"},\"query-input\":{\"@type\":\"PropertyValueSpecification\",\"valueRequired\":true,\"valueName\":\"search_term_string\"}}],\"inLanguage\":\"fi\"},{\"@type\":\"Organization\",\"@id\":\"https:\\\/\\\/naturalpoland.com\\\/fi\\\/#organization\",\"name\":\"Natural Poland\",\"url\":\"https:\\\/\\\/naturalpoland.com\\\/fi\\\/\",\"logo\":{\"@type\":\"ImageObject\",\"inLanguage\":\"fi\",\"@id\":\"https:\\\/\\\/naturalpoland.com\\\/fi\\\/#\\\/schema\\\/logo\\\/image\\\/\",\"url\":\"https:\\\/\\\/naturalpoland.com\\\/wp-content\\\/uploads\\\/2021\\\/05\\\/natural-poland-icon.png\",\"contentUrl\":\"https:\\\/\\\/naturalpoland.com\\\/wp-content\\\/uploads\\\/2021\\\/05\\\/natural-poland-icon.png\",\"width\":512,\"height\":512,\"caption\":\"Natural Poland\"},\"image\":{\"@id\":\"https:\\\/\\\/naturalpoland.com\\\/fi\\\/#\\\/schema\\\/logo\\\/image\\\/\"},\"sameAs\":[\"https:\\\/\\\/www.facebook.com\\\/naturalpoland.b2b\",\"https:\\\/\\\/pl.linkedin.com\\\/company\\\/natural-poland\",\"https:\\\/\\\/www.youtube.com\\\/channel\\\/UCgeGGkvOMahZo-xu_MSEWxg\"]}]}<\/script>\n<!-- \/ Yoast SEO plugin. -->","yoast_head_json":{"title":"Kaakaouute - NATURAL POLAND - RAAKA-AINEIDEN TUKKUJAKELIJA","description":"Kaakaopapuuute sis\u00e4lt\u00e4\u00e4 suuria m\u00e4\u00e4ri\u00e4 flavonoleja, jotka v\u00e4hent\u00e4v\u00e4t syd\u00e4n- ja Alzheimerin taudin riski\u00e4.","robots":{"index":"index","follow":"follow","max-snippet":"max-snippet:-1","max-image-preview":"max-image-preview:large","max-video-preview":"max-video-preview:-1"},"canonical":"https:\/\/naturalpoland.com\/fi\/tuotteet\/kasviuutteet\/kaakaouute\/","og_locale":"fi_FI","og_type":"article","og_title":"Kaakaouute - NATURAL POLAND - RAAKA-AINEIDEN TUKKUJAKELIJA","og_description":"Kaakaopapuuute sis\u00e4lt\u00e4\u00e4 suuria m\u00e4\u00e4ri\u00e4 flavonoleja, jotka v\u00e4hent\u00e4v\u00e4t syd\u00e4n- ja Alzheimerin taudin riski\u00e4.","og_url":"https:\/\/naturalpoland.com\/fi\/tuotteet\/kasviuutteet\/kaakaouute\/","og_site_name":"NATURAL POLAND - RAAKA-AINEIDEN TUKKUJAKELIJA","article_publisher":"https:\/\/www.facebook.com\/naturalpoland.b2b","article_modified_time":"2024-08-08T12:59:51+00:00","og_image":[{"width":650,"height":572,"url":"https:\/\/naturalpoland.com\/wp-content\/uploads\/ekstrakt-z-kakao.jpg","type":"image\/jpeg"}],"schema":{"@context":"https:\/\/schema.org","@graph":[{"@type":"WebPage","@id":"https:\/\/naturalpoland.com\/fi\/tuotteet\/kasviuutteet\/kaakaouute\/","url":"https:\/\/naturalpoland.com\/fi\/tuotteet\/kasviuutteet\/kaakaouute\/","name":"Kaakaouute - NATURAL POLAND - RAAKA-AINEIDEN TUKKUJAKELIJA","isPartOf":{"@id":"https:\/\/naturalpoland.com\/fi\/#website"},"primaryImageOfPage":{"@id":"https:\/\/naturalpoland.com\/fi\/tuotteet\/kasviuutteet\/kaakaouute\/#primaryimage"},"image":{"@id":"https:\/\/naturalpoland.com\/fi\/tuotteet\/kasviuutteet\/kaakaouute\/#primaryimage"},"thumbnailUrl":"https:\/\/naturalpoland.com\/wp-content\/uploads\/ekstrakt-z-kakao.jpg","datePublished":"2021-09-10T13:30:00+00:00","dateModified":"2024-08-08T12:59:51+00:00","description":"Kaakaopapuuute sis\u00e4lt\u00e4\u00e4 suuria m\u00e4\u00e4ri\u00e4 flavonoleja, jotka v\u00e4hent\u00e4v\u00e4t syd\u00e4n- ja Alzheimerin taudin riski\u00e4.","breadcrumb":{"@id":"https:\/\/naturalpoland.com\/fi\/tuotteet\/kasviuutteet\/kaakaouute\/#breadcrumb"},"inLanguage":"fi","potentialAction":[{"@type":"ReadAction","target":["https:\/\/naturalpoland.com\/fi\/tuotteet\/kasviuutteet\/kaakaouute\/"]}]},{"@type":"ImageObject","inLanguage":"fi","@id":"https:\/\/naturalpoland.com\/fi\/tuotteet\/kasviuutteet\/kaakaouute\/#primaryimage","url":"https:\/\/naturalpoland.com\/wp-content\/uploads\/ekstrakt-z-kakao.jpg","contentUrl":"https:\/\/naturalpoland.com\/wp-content\/uploads\/ekstrakt-z-kakao.jpg","width":650,"height":572},{"@type":"BreadcrumbList","@id":"https:\/\/naturalpoland.com\/fi\/tuotteet\/kasviuutteet\/kaakaouute\/#breadcrumb","itemListElement":[{"@type":"ListItem","position":1,"name":"Etusivu","item":"https:\/\/naturalpoland.com\/fi\/"},{"@type":"ListItem","position":2,"name":"Tuotteet","item":"https:\/\/naturalpoland.com\/fi\/tuotteet\/"},{"@type":"ListItem","position":3,"name":"Kaakaouute"}]},{"@type":"WebSite","@id":"https:\/\/naturalpoland.com\/fi\/#website","url":"https:\/\/naturalpoland.com\/fi\/","name":"NATURAL POLAND - RAAKA-AINEIDEN TUKKUJAKELIJA","description":"Surowce dla przemys\u0142u spo\u017cywczego, kosmetycznego i farmaceutycznego","publisher":{"@id":"https:\/\/naturalpoland.com\/fi\/#organization"},"potentialAction":[{"@type":"SearchAction","target":{"@type":"EntryPoint","urlTemplate":"https:\/\/naturalpoland.com\/fi\/?s={search_term_string}"},"query-input":{"@type":"PropertyValueSpecification","valueRequired":true,"valueName":"search_term_string"}}],"inLanguage":"fi"},{"@type":"Organization","@id":"https:\/\/naturalpoland.com\/fi\/#organization","name":"Natural Poland","url":"https:\/\/naturalpoland.com\/fi\/","logo":{"@type":"ImageObject","inLanguage":"fi","@id":"https:\/\/naturalpoland.com\/fi\/#\/schema\/logo\/image\/","url":"https:\/\/naturalpoland.com\/wp-content\/uploads\/2021\/05\/natural-poland-icon.png","contentUrl":"https:\/\/naturalpoland.com\/wp-content\/uploads\/2021\/05\/natural-poland-icon.png","width":512,"height":512,"caption":"Natural Poland"},"image":{"@id":"https:\/\/naturalpoland.com\/fi\/#\/schema\/logo\/image\/"},"sameAs":["https:\/\/www.facebook.com\/naturalpoland.b2b","https:\/\/pl.linkedin.com\/company\/natural-poland","https:\/\/www.youtube.com\/channel\/UCgeGGkvOMahZo-xu_MSEWxg"]}]}},"_links":{"self":[{"href":"https:\/\/naturalpoland.com\/fi\/wp-json\/wp\/v2\/product\/9248","targetHints":{"allow":["GET"]}}],"collection":[{"href":"https:\/\/naturalpoland.com\/fi\/wp-json\/wp\/v2\/product"}],"about":[{"href":"https:\/\/naturalpoland.com\/fi\/wp-json\/wp\/v2\/types\/product"}],"wp:featuredmedia":[{"embeddable":true,"href":"https:\/\/naturalpoland.com\/fi\/wp-json\/wp\/v2\/media\/9252"}],"wp:attachment":[{"href":"https:\/\/naturalpoland.com\/fi\/wp-json\/wp\/v2\/media?parent=9248"}],"wp:term":[{"taxonomy":"product_brand","embeddable":true,"href":"https:\/\/naturalpoland.com\/fi\/wp-json\/wp\/v2\/product_brand?post=9248"},{"taxonomy":"product_cat","embeddable":true,"href":"https:\/\/naturalpoland.com\/fi\/wp-json\/wp\/v2\/product_cat?post=9248"},{"taxonomy":"product_tag","embeddable":true,"href":"https:\/\/naturalpoland.com\/fi\/wp-json\/wp\/v2\/product_tag?post=9248"}],"curies":[{"name":"wp","href":"https:\/\/api.w.org\/{rel}","templated":true}]}}