{"id":9370,"date":"2021-07-06T12:04:39","date_gmt":"2021-09-10T13:31:19","guid":{"rendered":"https:\/\/naturalpoland.pl\/produkty\/Ei-luokiteltu\/e-vitamiini\/"},"modified":"2021-09-10T15:31:19","modified_gmt":"2021-09-10T13:31:19","slug":"e-vitamiini","status":"publish","type":"product","link":"https:\/\/naturalpoland.com\/fi\/tuotteet\/laaketeollisuuden-tuotteet\/vitamiinit\/e-vitamiini\/","title":{"rendered":"E -vitamiini"},"content":{"rendered":"<p>Jos haluat saada tuotteen t\u00e4ydellisen k\u00e4ytt\u00f6turvallisuustiedotteen, ota meihin yhteytt\u00e4.<\/p>\n<p>E-vitamiini on kasvovoiteiden, suojavoiteiden, hilseenshampojen ja hiusseerumien ainesosa. Se on my\u00f6s voiteissa makuulle. Sill\u00e4 on erinomaiset antioksidanttiset ominaisuudet, se suojaa vapailta radikaaleilta ja parantaa ihon kimmoisuutta. Se my\u00f6s hidastaa ik\u00e4\u00e4ntymisprosesseja.<\/p>\n<p>E -vitamiinilis\u00e4\u00e4 suositellaan erityisesti ihmisille, jotka kokevat stressi\u00e4, suurta fyysist\u00e4 rasitusta ja tupakointia. Suurten E -vitamiiniannosten antaminen tukee kystisen fibroosin hoitoa.<\/p>\n","protected":false},"excerpt":{"rendered":"<p>Olemme tukkumyyj\u00e4<strong> E -vitamiinit (<em> Tokoferyyliasetaatti<\/em> )<\/strong> kosmetiikan, elintarvikkeiden ja l\u00e4\u00e4kkeiden tuotantoon.<\/p>\n<p>E-vitamiini on viskoosi, kirkas neste, jossa ei ole sedimenttej\u00e4, v\u00e4rilt\u00e4\u00e4n vaaleankeltainen tai vihert\u00e4v\u00e4nkeltainen, ja sen haju on neutraali.<\/p>\n","protected":false},"featured_media":13042,"template":"","meta":{"_acf_changed":false},"product_brand":[],"product_cat":[537],"product_tag":[],"class_list":{"0":"post-9370","1":"product","2":"type-product","3":"status-publish","4":"has-post-thumbnail","6":"product_cat-vitamiinit","7":"pa_grupa-substancji-antioksidantit","9":"first","10":"instock","11":"shipping-taxable","12":"product-type-simple"},"acf":[],"yoast_head":"<!-- This site is optimized with the Yoast SEO plugin v27.5 - https:\/\/yoast.com\/product\/yoast-seo-wordpress\/ -->\n<title>E -vitamiini - Tukkudistribuutio<\/title>\n<meta name=\"robots\" content=\"index, follow, max-snippet:-1, max-image-preview:large, max-video-preview:-1\" \/>\n<link rel=\"canonical\" href=\"https:\/\/naturalpoland.com\/fi\/tuotteet\/laaketeollisuuden-tuotteet\/vitamiinit\/e-vitamiini\/\" \/>\n<meta property=\"og:locale\" content=\"fi_FI\" \/>\n<meta property=\"og:type\" content=\"article\" \/>\n<meta property=\"og:title\" content=\"E -vitamiini - Tukkudistribuutio\" \/>\n<meta property=\"og:description\" content=\"Olemme tukkumyyj\u00e4 E -vitamiinit ( Tokoferyyliasetaatti ) kosmetiikan, elintarvikkeiden ja l\u00e4\u00e4kkeiden tuotantoon. E-vitamiini on viskoosi, kirkas neste, jossa ei ole sedimenttej\u00e4, v\u00e4rilt\u00e4\u00e4n vaaleankeltainen tai vihert\u00e4v\u00e4nkeltainen, ja sen haju on neutraali.\" \/>\n<meta property=\"og:url\" content=\"https:\/\/naturalpoland.com\/fi\/tuotteet\/laaketeollisuuden-tuotteet\/vitamiinit\/e-vitamiini\/\" \/>\n<meta property=\"og:site_name\" content=\"NATURAL POLAND - RAAKA-AINEIDEN TUKKUJAKELIJA\" \/>\n<meta property=\"article:publisher\" content=\"https:\/\/www.facebook.com\/naturalpoland.b2b\" \/>\n<meta property=\"og:image\" content=\"https:\/\/naturalpoland.com\/wp-content\/uploads\/AdobeStock_151865696-scaled.jpeg\" \/>\n\t<meta property=\"og:image:width\" content=\"2560\" \/>\n\t<meta property=\"og:image:height\" content=\"1696\" \/>\n\t<meta property=\"og:image:type\" content=\"image\/jpeg\" \/>\n<script type=\"application\/ld+json\" class=\"yoast-schema-graph\">{\"@context\":\"https:\\\/\\\/schema.org\",\"@graph\":[{\"@type\":\"WebPage\",\"@id\":\"https:\\\/\\\/naturalpoland.com\\\/fi\\\/tuotteet\\\/laaketeollisuuden-tuotteet\\\/vitamiinit\\\/e-vitamiini\\\/\",\"url\":\"https:\\\/\\\/naturalpoland.com\\\/fi\\\/tuotteet\\\/laaketeollisuuden-tuotteet\\\/vitamiinit\\\/e-vitamiini\\\/\",\"name\":\"E -vitamiini - Tukkudistribuutio\",\"isPartOf\":{\"@id\":\"https:\\\/\\\/naturalpoland.com\\\/fi\\\/#website\"},\"primaryImageOfPage\":{\"@id\":\"https:\\\/\\\/naturalpoland.com\\\/fi\\\/tuotteet\\\/laaketeollisuuden-tuotteet\\\/vitamiinit\\\/e-vitamiini\\\/#primaryimage\"},\"image\":{\"@id\":\"https:\\\/\\\/naturalpoland.com\\\/fi\\\/tuotteet\\\/laaketeollisuuden-tuotteet\\\/vitamiinit\\\/e-vitamiini\\\/#primaryimage\"},\"thumbnailUrl\":\"https:\\\/\\\/naturalpoland.com\\\/wp-content\\\/uploads\\\/AdobeStock_151865696-scaled.jpeg\",\"datePublished\":\"2021-09-10T13:31:19+00:00\",\"breadcrumb\":{\"@id\":\"https:\\\/\\\/naturalpoland.com\\\/fi\\\/tuotteet\\\/laaketeollisuuden-tuotteet\\\/vitamiinit\\\/e-vitamiini\\\/#breadcrumb\"},\"inLanguage\":\"fi\",\"potentialAction\":[{\"@type\":\"ReadAction\",\"target\":[\"https:\\\/\\\/naturalpoland.com\\\/fi\\\/tuotteet\\\/laaketeollisuuden-tuotteet\\\/vitamiinit\\\/e-vitamiini\\\/\"]}]},{\"@type\":\"ImageObject\",\"inLanguage\":\"fi\",\"@id\":\"https:\\\/\\\/naturalpoland.com\\\/fi\\\/tuotteet\\\/laaketeollisuuden-tuotteet\\\/vitamiinit\\\/e-vitamiini\\\/#primaryimage\",\"url\":\"https:\\\/\\\/naturalpoland.com\\\/wp-content\\\/uploads\\\/AdobeStock_151865696-scaled.jpeg\",\"contentUrl\":\"https:\\\/\\\/naturalpoland.com\\\/wp-content\\\/uploads\\\/AdobeStock_151865696-scaled.jpeg\",\"width\":2560,\"height\":1696,\"caption\":\"Dropper Bottle Mock-Up - Blank Label\"},{\"@type\":\"BreadcrumbList\",\"@id\":\"https:\\\/\\\/naturalpoland.com\\\/fi\\\/tuotteet\\\/laaketeollisuuden-tuotteet\\\/vitamiinit\\\/e-vitamiini\\\/#breadcrumb\",\"itemListElement\":[{\"@type\":\"ListItem\",\"position\":1,\"name\":\"Etusivu\",\"item\":\"https:\\\/\\\/naturalpoland.com\\\/fi\\\/\"},{\"@type\":\"ListItem\",\"position\":2,\"name\":\"Tuotteet\",\"item\":\"https:\\\/\\\/naturalpoland.com\\\/fi\\\/tuotteet\\\/\"},{\"@type\":\"ListItem\",\"position\":3,\"name\":\"E -vitamiini\"}]},{\"@type\":\"WebSite\",\"@id\":\"https:\\\/\\\/naturalpoland.com\\\/fi\\\/#website\",\"url\":\"https:\\\/\\\/naturalpoland.com\\\/fi\\\/\",\"name\":\"NATURAL POLAND - RAAKA-AINEIDEN TUKKUJAKELIJA\",\"description\":\"Surowce dla przemys\u0142u spo\u017cywczego, kosmetycznego i farmaceutycznego\",\"publisher\":{\"@id\":\"https:\\\/\\\/naturalpoland.com\\\/fi\\\/#organization\"},\"potentialAction\":[{\"@type\":\"SearchAction\",\"target\":{\"@type\":\"EntryPoint\",\"urlTemplate\":\"https:\\\/\\\/naturalpoland.com\\\/fi\\\/?s={search_term_string}\"},\"query-input\":{\"@type\":\"PropertyValueSpecification\",\"valueRequired\":true,\"valueName\":\"search_term_string\"}}],\"inLanguage\":\"fi\"},{\"@type\":\"Organization\",\"@id\":\"https:\\\/\\\/naturalpoland.com\\\/fi\\\/#organization\",\"name\":\"Natural Poland\",\"url\":\"https:\\\/\\\/naturalpoland.com\\\/fi\\\/\",\"logo\":{\"@type\":\"ImageObject\",\"inLanguage\":\"fi\",\"@id\":\"https:\\\/\\\/naturalpoland.com\\\/fi\\\/#\\\/schema\\\/logo\\\/image\\\/\",\"url\":\"https:\\\/\\\/naturalpoland.com\\\/wp-content\\\/uploads\\\/2021\\\/05\\\/natural-poland-icon.png\",\"contentUrl\":\"https:\\\/\\\/naturalpoland.com\\\/wp-content\\\/uploads\\\/2021\\\/05\\\/natural-poland-icon.png\",\"width\":512,\"height\":512,\"caption\":\"Natural Poland\"},\"image\":{\"@id\":\"https:\\\/\\\/naturalpoland.com\\\/fi\\\/#\\\/schema\\\/logo\\\/image\\\/\"},\"sameAs\":[\"https:\\\/\\\/www.facebook.com\\\/naturalpoland.b2b\",\"https:\\\/\\\/pl.linkedin.com\\\/company\\\/natural-poland\",\"https:\\\/\\\/www.youtube.com\\\/channel\\\/UCgeGGkvOMahZo-xu_MSEWxg\"]}]}<\/script>\n<!-- \/ Yoast SEO plugin. -->","yoast_head_json":{"title":"E -vitamiini - Tukkudistribuutio","robots":{"index":"index","follow":"follow","max-snippet":"max-snippet:-1","max-image-preview":"max-image-preview:large","max-video-preview":"max-video-preview:-1"},"canonical":"https:\/\/naturalpoland.com\/fi\/tuotteet\/laaketeollisuuden-tuotteet\/vitamiinit\/e-vitamiini\/","og_locale":"fi_FI","og_type":"article","og_title":"E -vitamiini - Tukkudistribuutio","og_description":"Olemme tukkumyyj\u00e4 E -vitamiinit ( Tokoferyyliasetaatti ) kosmetiikan, elintarvikkeiden ja l\u00e4\u00e4kkeiden tuotantoon. E-vitamiini on viskoosi, kirkas neste, jossa ei ole sedimenttej\u00e4, v\u00e4rilt\u00e4\u00e4n vaaleankeltainen tai vihert\u00e4v\u00e4nkeltainen, ja sen haju on neutraali.","og_url":"https:\/\/naturalpoland.com\/fi\/tuotteet\/laaketeollisuuden-tuotteet\/vitamiinit\/e-vitamiini\/","og_site_name":"NATURAL POLAND - RAAKA-AINEIDEN TUKKUJAKELIJA","article_publisher":"https:\/\/www.facebook.com\/naturalpoland.b2b","og_image":[{"width":2560,"height":1696,"url":"https:\/\/naturalpoland.com\/wp-content\/uploads\/AdobeStock_151865696-scaled.jpeg","type":"image\/jpeg"}],"schema":{"@context":"https:\/\/schema.org","@graph":[{"@type":"WebPage","@id":"https:\/\/naturalpoland.com\/fi\/tuotteet\/laaketeollisuuden-tuotteet\/vitamiinit\/e-vitamiini\/","url":"https:\/\/naturalpoland.com\/fi\/tuotteet\/laaketeollisuuden-tuotteet\/vitamiinit\/e-vitamiini\/","name":"E -vitamiini - Tukkudistribuutio","isPartOf":{"@id":"https:\/\/naturalpoland.com\/fi\/#website"},"primaryImageOfPage":{"@id":"https:\/\/naturalpoland.com\/fi\/tuotteet\/laaketeollisuuden-tuotteet\/vitamiinit\/e-vitamiini\/#primaryimage"},"image":{"@id":"https:\/\/naturalpoland.com\/fi\/tuotteet\/laaketeollisuuden-tuotteet\/vitamiinit\/e-vitamiini\/#primaryimage"},"thumbnailUrl":"https:\/\/naturalpoland.com\/wp-content\/uploads\/AdobeStock_151865696-scaled.jpeg","datePublished":"2021-09-10T13:31:19+00:00","breadcrumb":{"@id":"https:\/\/naturalpoland.com\/fi\/tuotteet\/laaketeollisuuden-tuotteet\/vitamiinit\/e-vitamiini\/#breadcrumb"},"inLanguage":"fi","potentialAction":[{"@type":"ReadAction","target":["https:\/\/naturalpoland.com\/fi\/tuotteet\/laaketeollisuuden-tuotteet\/vitamiinit\/e-vitamiini\/"]}]},{"@type":"ImageObject","inLanguage":"fi","@id":"https:\/\/naturalpoland.com\/fi\/tuotteet\/laaketeollisuuden-tuotteet\/vitamiinit\/e-vitamiini\/#primaryimage","url":"https:\/\/naturalpoland.com\/wp-content\/uploads\/AdobeStock_151865696-scaled.jpeg","contentUrl":"https:\/\/naturalpoland.com\/wp-content\/uploads\/AdobeStock_151865696-scaled.jpeg","width":2560,"height":1696,"caption":"Dropper Bottle Mock-Up - Blank Label"},{"@type":"BreadcrumbList","@id":"https:\/\/naturalpoland.com\/fi\/tuotteet\/laaketeollisuuden-tuotteet\/vitamiinit\/e-vitamiini\/#breadcrumb","itemListElement":[{"@type":"ListItem","position":1,"name":"Etusivu","item":"https:\/\/naturalpoland.com\/fi\/"},{"@type":"ListItem","position":2,"name":"Tuotteet","item":"https:\/\/naturalpoland.com\/fi\/tuotteet\/"},{"@type":"ListItem","position":3,"name":"E -vitamiini"}]},{"@type":"WebSite","@id":"https:\/\/naturalpoland.com\/fi\/#website","url":"https:\/\/naturalpoland.com\/fi\/","name":"NATURAL POLAND - RAAKA-AINEIDEN TUKKUJAKELIJA","description":"Surowce dla przemys\u0142u spo\u017cywczego, kosmetycznego i farmaceutycznego","publisher":{"@id":"https:\/\/naturalpoland.com\/fi\/#organization"},"potentialAction":[{"@type":"SearchAction","target":{"@type":"EntryPoint","urlTemplate":"https:\/\/naturalpoland.com\/fi\/?s={search_term_string}"},"query-input":{"@type":"PropertyValueSpecification","valueRequired":true,"valueName":"search_term_string"}}],"inLanguage":"fi"},{"@type":"Organization","@id":"https:\/\/naturalpoland.com\/fi\/#organization","name":"Natural Poland","url":"https:\/\/naturalpoland.com\/fi\/","logo":{"@type":"ImageObject","inLanguage":"fi","@id":"https:\/\/naturalpoland.com\/fi\/#\/schema\/logo\/image\/","url":"https:\/\/naturalpoland.com\/wp-content\/uploads\/2021\/05\/natural-poland-icon.png","contentUrl":"https:\/\/naturalpoland.com\/wp-content\/uploads\/2021\/05\/natural-poland-icon.png","width":512,"height":512,"caption":"Natural Poland"},"image":{"@id":"https:\/\/naturalpoland.com\/fi\/#\/schema\/logo\/image\/"},"sameAs":["https:\/\/www.facebook.com\/naturalpoland.b2b","https:\/\/pl.linkedin.com\/company\/natural-poland","https:\/\/www.youtube.com\/channel\/UCgeGGkvOMahZo-xu_MSEWxg"]}]}},"_links":{"self":[{"href":"https:\/\/naturalpoland.com\/fi\/wp-json\/wp\/v2\/product\/9370","targetHints":{"allow":["GET"]}}],"collection":[{"href":"https:\/\/naturalpoland.com\/fi\/wp-json\/wp\/v2\/product"}],"about":[{"href":"https:\/\/naturalpoland.com\/fi\/wp-json\/wp\/v2\/types\/product"}],"wp:featuredmedia":[{"embeddable":true,"href":"https:\/\/naturalpoland.com\/fi\/wp-json\/wp\/v2\/media\/13042"}],"wp:attachment":[{"href":"https:\/\/naturalpoland.com\/fi\/wp-json\/wp\/v2\/media?parent=9370"}],"wp:term":[{"taxonomy":"product_brand","embeddable":true,"href":"https:\/\/naturalpoland.com\/fi\/wp-json\/wp\/v2\/product_brand?post=9370"},{"taxonomy":"product_cat","embeddable":true,"href":"https:\/\/naturalpoland.com\/fi\/wp-json\/wp\/v2\/product_cat?post=9370"},{"taxonomy":"product_tag","embeddable":true,"href":"https:\/\/naturalpoland.com\/fi\/wp-json\/wp\/v2\/product_tag?post=9370"}],"curies":[{"name":"wp","href":"https:\/\/api.w.org\/{rel}","templated":true}]}}