{"id":9374,"date":"2021-07-06T17:06:40","date_gmt":"2021-07-06T15:06:40","guid":{"rendered":"https:\/\/naturalpoland.pl\/produkty\/Ei-luokiteltu\/kultaista-jojobaoljya\/"},"modified":"2021-09-10T15:31:24","modified_gmt":"2021-09-10T13:31:24","slug":"oljy-jojoba-kultainen","status":"publish","type":"product","link":"https:\/\/naturalpoland.com\/fi\/tuotteet\/kosmetiikkateollisuuden-tuotteet\/kosmeettiset-oljyt\/oljy-jojoba-kultainen\/","title":{"rendered":"Kultaista jojoba\u00f6ljy\u00e4"},"content":{"rendered":"<p>Jojoba\u00f6ljy on er\u00e4\u00e4nlainen vaha, joka on saatu Simmondsia Chinensis -pensaasta, joka kasvaa Etel\u00e4 -Amerikassa, Afrikassa ja Aasiassa. Se on v\u00e4rilt\u00e4\u00e4n keltainen eik\u00e4 sill\u00e4 ole hajua tai makua, joten se on erinomainen perusta monille ihonhoitotuotteille. <\/p>\n<h3>Rasvahappoprofiili:<\/h3>\n<table>\n<tbody>\n<tr>\n<td><strong>RASVAHAPPO<\/strong><\/td>\n<td><strong>SOLMIO<\/strong><\/td>\n<td><strong>NORMAALI (%)<\/strong><\/td>\n<\/tr>\n<tr>\n<td>Palmitiinihappo<\/td>\n<td>C16: 0<\/td>\n<td>0,0-3,0<\/td>\n<\/tr>\n<tr>\n<td>Palimtoleiinihappo<\/td>\n<td>C16: 1<\/td>\n<td>0,0-3,0<\/td>\n<\/tr>\n<tr>\n<td>\u00d6ljyhappo<\/td>\n<td>C18: 1<\/td>\n<td>5,0-15,0<\/td>\n<\/tr>\n<tr>\n<td>Gadoleiinihappo<\/td>\n<td>C20: 1<\/td>\n<td>65,0-80,0<\/td>\n<\/tr>\n<tr>\n<td>Erukahappo<\/td>\n<td>C22: 1<\/td>\n<td>10,0-20,0<\/td>\n<\/tr>\n<\/tbody>\n<\/table>\n","protected":false},"excerpt":{"rendered":"<p>Golden jojoba\u00f6ljy on korkealaatuinen kasvi\u00f6ljy, jota k\u00e4ytet\u00e4\u00e4n l\u00e4\u00e4ke- ja kosmetiikkateollisuudessa. Se on runsaasti fytosteroleja, vitamiineja (A, E ja F) ja kivenn\u00e4isaineita (seleeni, sinkki, kupari, kromi, jodi). T\u00e4m\u00e4n ansiosta se muistuttaa ihmisen talia, joka takaa ihon uudistumisen, kiinteyden ja suojan.  <\/p>\n<p>Lis\u00e4ksi se kosteuttaa ja ravitsee t\u00e4ydellisesti kuivia ja vaurioituneita hiuksia. Tulehdusta ehk\u00e4isevien ja \u00f6ljyttyjen ominaisuuksiensa ansiosta se on ihanteellinen ihmisille, joilla on dermatologisia ongelmia, kuten psoriaasi tai akne. <\/p>\n","protected":false},"featured_media":9376,"template":"","meta":{"_acf_changed":false},"product_brand":[],"product_cat":[542,531],"product_tag":[],"class_list":{"0":"post-9374","1":"product","2":"type-product","3":"status-publish","4":"has-post-thumbnail","6":"product_cat-kosmeettiset-oljyt","7":"product_cat-ruokaoljyt-ja-kosmeettiset-oljyt","8":"pa_czesc-rosliny-siemenet","9":"pa_grupa-substancji-pehmentavat-aineet","10":"pa_metoda-pozyskiwania-kylmapuristus","12":"first","13":"instock","14":"shipping-taxable","15":"product-type-simple"},"acf":[],"yoast_head":"<!-- This site is optimized with the Yoast SEO plugin v27.5 - https:\/\/yoast.com\/product\/yoast-seo-wordpress\/ -->\n<title>Kultaista jojoba\u00f6ljy\u00e4 - Tukkudistribuutio<\/title>\n<meta name=\"robots\" content=\"index, follow, max-snippet:-1, max-image-preview:large, max-video-preview:-1\" \/>\n<link rel=\"canonical\" href=\"https:\/\/naturalpoland.com\/fi\/tuotteet\/kosmetiikkateollisuuden-tuotteet\/kosmeettiset-oljyt\/oljy-jojoba-kultainen\/\" \/>\n<meta property=\"og:locale\" content=\"fi_FI\" \/>\n<meta property=\"og:type\" content=\"article\" \/>\n<meta property=\"og:title\" content=\"Kultaista jojoba\u00f6ljy\u00e4 - Tukkudistribuutio\" \/>\n<meta property=\"og:description\" content=\"Golden jojoba\u00f6ljy on korkealaatuinen kasvi\u00f6ljy, jota k\u00e4ytet\u00e4\u00e4n l\u00e4\u00e4ke- ja kosmetiikkateollisuudessa. Se on runsaasti fytosteroleja, vitamiineja (A, E ja F) ja kivenn\u00e4isaineita (seleeni, sinkki, kupari, kromi, jodi). T\u00e4m\u00e4n ansiosta se muistuttaa ihmisen talia, joka takaa ihon uudistumisen, kiinteyden ja suojan.  Lis\u00e4ksi se kosteuttaa ja ravitsee t\u00e4ydellisesti kuivia ja vaurioituneita hiuksia. Tulehdusta ehk\u00e4isevien ja \u00f6ljyttyjen ominaisuuksiensa ansiosta se on ihanteellinen ihmisille, joilla on dermatologisia ongelmia, kuten psoriaasi tai akne.\" \/>\n<meta property=\"og:url\" content=\"https:\/\/naturalpoland.com\/fi\/tuotteet\/kosmetiikkateollisuuden-tuotteet\/kosmeettiset-oljyt\/oljy-jojoba-kultainen\/\" \/>\n<meta property=\"og:site_name\" content=\"NATURAL POLAND - RAAKA-AINEIDEN TUKKUJAKELIJA\" \/>\n<meta property=\"article:publisher\" content=\"https:\/\/www.facebook.com\/naturalpoland.b2b\" \/>\n<meta property=\"article:modified_time\" content=\"2021-09-10T13:31:24+00:00\" \/>\n<meta property=\"og:image\" content=\"https:\/\/naturalpoland.com\/wp-content\/uploads\/olej-jojoba.jpg\" \/>\n\t<meta property=\"og:image:width\" content=\"600\" \/>\n\t<meta property=\"og:image:height\" content=\"600\" \/>\n\t<meta property=\"og:image:type\" content=\"image\/jpeg\" \/>\n<script type=\"application\/ld+json\" class=\"yoast-schema-graph\">{\"@context\":\"https:\\\/\\\/schema.org\",\"@graph\":[{\"@type\":\"WebPage\",\"@id\":\"https:\\\/\\\/naturalpoland.com\\\/fi\\\/tuotteet\\\/kosmetiikkateollisuuden-tuotteet\\\/kosmeettiset-oljyt\\\/oljy-jojoba-kultainen\\\/\",\"url\":\"https:\\\/\\\/naturalpoland.com\\\/fi\\\/tuotteet\\\/kosmetiikkateollisuuden-tuotteet\\\/kosmeettiset-oljyt\\\/oljy-jojoba-kultainen\\\/\",\"name\":\"Kultaista jojoba\u00f6ljy\u00e4 - Tukkudistribuutio\",\"isPartOf\":{\"@id\":\"https:\\\/\\\/naturalpoland.com\\\/fi\\\/#website\"},\"primaryImageOfPage\":{\"@id\":\"https:\\\/\\\/naturalpoland.com\\\/fi\\\/tuotteet\\\/kosmetiikkateollisuuden-tuotteet\\\/kosmeettiset-oljyt\\\/oljy-jojoba-kultainen\\\/#primaryimage\"},\"image\":{\"@id\":\"https:\\\/\\\/naturalpoland.com\\\/fi\\\/tuotteet\\\/kosmetiikkateollisuuden-tuotteet\\\/kosmeettiset-oljyt\\\/oljy-jojoba-kultainen\\\/#primaryimage\"},\"thumbnailUrl\":\"https:\\\/\\\/naturalpoland.com\\\/wp-content\\\/uploads\\\/olej-jojoba.jpg\",\"datePublished\":\"2021-07-06T15:06:40+00:00\",\"dateModified\":\"2021-09-10T13:31:24+00:00\",\"breadcrumb\":{\"@id\":\"https:\\\/\\\/naturalpoland.com\\\/fi\\\/tuotteet\\\/kosmetiikkateollisuuden-tuotteet\\\/kosmeettiset-oljyt\\\/oljy-jojoba-kultainen\\\/#breadcrumb\"},\"inLanguage\":\"fi\",\"potentialAction\":[{\"@type\":\"ReadAction\",\"target\":[\"https:\\\/\\\/naturalpoland.com\\\/fi\\\/tuotteet\\\/kosmetiikkateollisuuden-tuotteet\\\/kosmeettiset-oljyt\\\/oljy-jojoba-kultainen\\\/\"]}]},{\"@type\":\"ImageObject\",\"inLanguage\":\"fi\",\"@id\":\"https:\\\/\\\/naturalpoland.com\\\/fi\\\/tuotteet\\\/kosmetiikkateollisuuden-tuotteet\\\/kosmeettiset-oljyt\\\/oljy-jojoba-kultainen\\\/#primaryimage\",\"url\":\"https:\\\/\\\/naturalpoland.com\\\/wp-content\\\/uploads\\\/olej-jojoba.jpg\",\"contentUrl\":\"https:\\\/\\\/naturalpoland.com\\\/wp-content\\\/uploads\\\/olej-jojoba.jpg\",\"width\":600,\"height\":600},{\"@type\":\"BreadcrumbList\",\"@id\":\"https:\\\/\\\/naturalpoland.com\\\/fi\\\/tuotteet\\\/kosmetiikkateollisuuden-tuotteet\\\/kosmeettiset-oljyt\\\/oljy-jojoba-kultainen\\\/#breadcrumb\",\"itemListElement\":[{\"@type\":\"ListItem\",\"position\":1,\"name\":\"Etusivu\",\"item\":\"https:\\\/\\\/naturalpoland.com\\\/fi\\\/\"},{\"@type\":\"ListItem\",\"position\":2,\"name\":\"Tuotteet\",\"item\":\"https:\\\/\\\/naturalpoland.com\\\/fi\\\/tuotteet\\\/\"},{\"@type\":\"ListItem\",\"position\":3,\"name\":\"Kultaista jojoba\u00f6ljy\u00e4\"}]},{\"@type\":\"WebSite\",\"@id\":\"https:\\\/\\\/naturalpoland.com\\\/fi\\\/#website\",\"url\":\"https:\\\/\\\/naturalpoland.com\\\/fi\\\/\",\"name\":\"NATURAL POLAND - RAAKA-AINEIDEN TUKKUJAKELIJA\",\"description\":\"Surowce dla przemys\u0142u spo\u017cywczego, kosmetycznego i farmaceutycznego\",\"publisher\":{\"@id\":\"https:\\\/\\\/naturalpoland.com\\\/fi\\\/#organization\"},\"potentialAction\":[{\"@type\":\"SearchAction\",\"target\":{\"@type\":\"EntryPoint\",\"urlTemplate\":\"https:\\\/\\\/naturalpoland.com\\\/fi\\\/?s={search_term_string}\"},\"query-input\":{\"@type\":\"PropertyValueSpecification\",\"valueRequired\":true,\"valueName\":\"search_term_string\"}}],\"inLanguage\":\"fi\"},{\"@type\":\"Organization\",\"@id\":\"https:\\\/\\\/naturalpoland.com\\\/fi\\\/#organization\",\"name\":\"Natural Poland\",\"url\":\"https:\\\/\\\/naturalpoland.com\\\/fi\\\/\",\"logo\":{\"@type\":\"ImageObject\",\"inLanguage\":\"fi\",\"@id\":\"https:\\\/\\\/naturalpoland.com\\\/fi\\\/#\\\/schema\\\/logo\\\/image\\\/\",\"url\":\"https:\\\/\\\/naturalpoland.com\\\/wp-content\\\/uploads\\\/2021\\\/05\\\/natural-poland-icon.png\",\"contentUrl\":\"https:\\\/\\\/naturalpoland.com\\\/wp-content\\\/uploads\\\/2021\\\/05\\\/natural-poland-icon.png\",\"width\":512,\"height\":512,\"caption\":\"Natural Poland\"},\"image\":{\"@id\":\"https:\\\/\\\/naturalpoland.com\\\/fi\\\/#\\\/schema\\\/logo\\\/image\\\/\"},\"sameAs\":[\"https:\\\/\\\/www.facebook.com\\\/naturalpoland.b2b\",\"https:\\\/\\\/pl.linkedin.com\\\/company\\\/natural-poland\",\"https:\\\/\\\/www.youtube.com\\\/channel\\\/UCgeGGkvOMahZo-xu_MSEWxg\"]}]}<\/script>\n<!-- \/ Yoast SEO plugin. -->","yoast_head_json":{"title":"Kultaista jojoba\u00f6ljy\u00e4 - Tukkudistribuutio","robots":{"index":"index","follow":"follow","max-snippet":"max-snippet:-1","max-image-preview":"max-image-preview:large","max-video-preview":"max-video-preview:-1"},"canonical":"https:\/\/naturalpoland.com\/fi\/tuotteet\/kosmetiikkateollisuuden-tuotteet\/kosmeettiset-oljyt\/oljy-jojoba-kultainen\/","og_locale":"fi_FI","og_type":"article","og_title":"Kultaista jojoba\u00f6ljy\u00e4 - Tukkudistribuutio","og_description":"Golden jojoba\u00f6ljy on korkealaatuinen kasvi\u00f6ljy, jota k\u00e4ytet\u00e4\u00e4n l\u00e4\u00e4ke- ja kosmetiikkateollisuudessa. Se on runsaasti fytosteroleja, vitamiineja (A, E ja F) ja kivenn\u00e4isaineita (seleeni, sinkki, kupari, kromi, jodi). T\u00e4m\u00e4n ansiosta se muistuttaa ihmisen talia, joka takaa ihon uudistumisen, kiinteyden ja suojan.  Lis\u00e4ksi se kosteuttaa ja ravitsee t\u00e4ydellisesti kuivia ja vaurioituneita hiuksia. Tulehdusta ehk\u00e4isevien ja \u00f6ljyttyjen ominaisuuksiensa ansiosta se on ihanteellinen ihmisille, joilla on dermatologisia ongelmia, kuten psoriaasi tai akne.","og_url":"https:\/\/naturalpoland.com\/fi\/tuotteet\/kosmetiikkateollisuuden-tuotteet\/kosmeettiset-oljyt\/oljy-jojoba-kultainen\/","og_site_name":"NATURAL POLAND - RAAKA-AINEIDEN TUKKUJAKELIJA","article_publisher":"https:\/\/www.facebook.com\/naturalpoland.b2b","article_modified_time":"2021-09-10T13:31:24+00:00","og_image":[{"width":600,"height":600,"url":"https:\/\/naturalpoland.com\/wp-content\/uploads\/olej-jojoba.jpg","type":"image\/jpeg"}],"schema":{"@context":"https:\/\/schema.org","@graph":[{"@type":"WebPage","@id":"https:\/\/naturalpoland.com\/fi\/tuotteet\/kosmetiikkateollisuuden-tuotteet\/kosmeettiset-oljyt\/oljy-jojoba-kultainen\/","url":"https:\/\/naturalpoland.com\/fi\/tuotteet\/kosmetiikkateollisuuden-tuotteet\/kosmeettiset-oljyt\/oljy-jojoba-kultainen\/","name":"Kultaista jojoba\u00f6ljy\u00e4 - Tukkudistribuutio","isPartOf":{"@id":"https:\/\/naturalpoland.com\/fi\/#website"},"primaryImageOfPage":{"@id":"https:\/\/naturalpoland.com\/fi\/tuotteet\/kosmetiikkateollisuuden-tuotteet\/kosmeettiset-oljyt\/oljy-jojoba-kultainen\/#primaryimage"},"image":{"@id":"https:\/\/naturalpoland.com\/fi\/tuotteet\/kosmetiikkateollisuuden-tuotteet\/kosmeettiset-oljyt\/oljy-jojoba-kultainen\/#primaryimage"},"thumbnailUrl":"https:\/\/naturalpoland.com\/wp-content\/uploads\/olej-jojoba.jpg","datePublished":"2021-07-06T15:06:40+00:00","dateModified":"2021-09-10T13:31:24+00:00","breadcrumb":{"@id":"https:\/\/naturalpoland.com\/fi\/tuotteet\/kosmetiikkateollisuuden-tuotteet\/kosmeettiset-oljyt\/oljy-jojoba-kultainen\/#breadcrumb"},"inLanguage":"fi","potentialAction":[{"@type":"ReadAction","target":["https:\/\/naturalpoland.com\/fi\/tuotteet\/kosmetiikkateollisuuden-tuotteet\/kosmeettiset-oljyt\/oljy-jojoba-kultainen\/"]}]},{"@type":"ImageObject","inLanguage":"fi","@id":"https:\/\/naturalpoland.com\/fi\/tuotteet\/kosmetiikkateollisuuden-tuotteet\/kosmeettiset-oljyt\/oljy-jojoba-kultainen\/#primaryimage","url":"https:\/\/naturalpoland.com\/wp-content\/uploads\/olej-jojoba.jpg","contentUrl":"https:\/\/naturalpoland.com\/wp-content\/uploads\/olej-jojoba.jpg","width":600,"height":600},{"@type":"BreadcrumbList","@id":"https:\/\/naturalpoland.com\/fi\/tuotteet\/kosmetiikkateollisuuden-tuotteet\/kosmeettiset-oljyt\/oljy-jojoba-kultainen\/#breadcrumb","itemListElement":[{"@type":"ListItem","position":1,"name":"Etusivu","item":"https:\/\/naturalpoland.com\/fi\/"},{"@type":"ListItem","position":2,"name":"Tuotteet","item":"https:\/\/naturalpoland.com\/fi\/tuotteet\/"},{"@type":"ListItem","position":3,"name":"Kultaista jojoba\u00f6ljy\u00e4"}]},{"@type":"WebSite","@id":"https:\/\/naturalpoland.com\/fi\/#website","url":"https:\/\/naturalpoland.com\/fi\/","name":"NATURAL POLAND - RAAKA-AINEIDEN TUKKUJAKELIJA","description":"Surowce dla przemys\u0142u spo\u017cywczego, kosmetycznego i farmaceutycznego","publisher":{"@id":"https:\/\/naturalpoland.com\/fi\/#organization"},"potentialAction":[{"@type":"SearchAction","target":{"@type":"EntryPoint","urlTemplate":"https:\/\/naturalpoland.com\/fi\/?s={search_term_string}"},"query-input":{"@type":"PropertyValueSpecification","valueRequired":true,"valueName":"search_term_string"}}],"inLanguage":"fi"},{"@type":"Organization","@id":"https:\/\/naturalpoland.com\/fi\/#organization","name":"Natural Poland","url":"https:\/\/naturalpoland.com\/fi\/","logo":{"@type":"ImageObject","inLanguage":"fi","@id":"https:\/\/naturalpoland.com\/fi\/#\/schema\/logo\/image\/","url":"https:\/\/naturalpoland.com\/wp-content\/uploads\/2021\/05\/natural-poland-icon.png","contentUrl":"https:\/\/naturalpoland.com\/wp-content\/uploads\/2021\/05\/natural-poland-icon.png","width":512,"height":512,"caption":"Natural Poland"},"image":{"@id":"https:\/\/naturalpoland.com\/fi\/#\/schema\/logo\/image\/"},"sameAs":["https:\/\/www.facebook.com\/naturalpoland.b2b","https:\/\/pl.linkedin.com\/company\/natural-poland","https:\/\/www.youtube.com\/channel\/UCgeGGkvOMahZo-xu_MSEWxg"]}]}},"_links":{"self":[{"href":"https:\/\/naturalpoland.com\/fi\/wp-json\/wp\/v2\/product\/9374","targetHints":{"allow":["GET"]}}],"collection":[{"href":"https:\/\/naturalpoland.com\/fi\/wp-json\/wp\/v2\/product"}],"about":[{"href":"https:\/\/naturalpoland.com\/fi\/wp-json\/wp\/v2\/types\/product"}],"wp:featuredmedia":[{"embeddable":true,"href":"https:\/\/naturalpoland.com\/fi\/wp-json\/wp\/v2\/media\/9376"}],"wp:attachment":[{"href":"https:\/\/naturalpoland.com\/fi\/wp-json\/wp\/v2\/media?parent=9374"}],"wp:term":[{"taxonomy":"product_brand","embeddable":true,"href":"https:\/\/naturalpoland.com\/fi\/wp-json\/wp\/v2\/product_brand?post=9374"},{"taxonomy":"product_cat","embeddable":true,"href":"https:\/\/naturalpoland.com\/fi\/wp-json\/wp\/v2\/product_cat?post=9374"},{"taxonomy":"product_tag","embeddable":true,"href":"https:\/\/naturalpoland.com\/fi\/wp-json\/wp\/v2\/product_tag?post=9374"}],"curies":[{"name":"wp","href":"https:\/\/api.w.org\/{rel}","templated":true}]}}